{"id":154542,"date":"2026-04-08T18:31:55","date_gmt":"2026-04-08T16:31:55","guid":{"rendered":"https:\/\/www.snek.se\/vilkar\/"},"modified":"2026-04-08T18:31:55","modified_gmt":"2026-04-08T16:31:55","slug":"vilkar","status":"publish","type":"page","link":"https:\/\/www.snek.se\/no\/vilkar\/","title":{"rendered":"Vilk\u00e5r"},"content":{"rendered":"\t\t<div data-elementor-type=\"wp-page\" data-elementor-id=\"154542\" class=\"elementor elementor-154542 elementor-145561\" data-elementor-post-type=\"page\">\n\t\t\t\t<div class=\"elementor-element elementor-element-e127307 e-flex e-con-boxed e-con e-parent\" data-id=\"e127307\" data-element_type=\"container\" data-e-type=\"container\">\n\t\t\t\t\t<div class=\"e-con-inner\">\n\t\t\t\t<div class=\"elementor-element elementor-element-8a45e5e elementor-widget elementor-widget-heading\" data-id=\"8a45e5e\" data-element_type=\"widget\" data-e-type=\"widget\" data-widget_type=\"heading.default\">\n\t\t\t\t<div class=\"elementor-widget-container\">\n\t\t\t\t\t<h2 class=\"elementor-heading-title elementor-size-default\">Kj\u00f8ps- og leveringsvilk\u00e5r<\/h2>\t\t\t\t<\/div>\n\t\t\t\t<\/div>\n\t\t\t\t<div class=\"elementor-element elementor-element-fe49e29 elementor-widget elementor-widget-heading\" data-id=\"fe49e29\" data-element_type=\"widget\" data-e-type=\"widget\" data-widget_type=\"heading.default\">\n\t\t\t\t<div class=\"elementor-widget-container\">\n\t\t\t\t\t<h2 class=\"elementor-heading-title elementor-size-default\">Minste ordrebel\u00f8p<\/h2>\t\t\t\t<\/div>\n\t\t\t\t<\/div>\n\t\t\t\t<div class=\"elementor-element elementor-element-d7315c9 elementor-widget elementor-widget-text-editor\" data-id=\"d7315c9\" data-element_type=\"widget\" data-e-type=\"widget\" data-widget_type=\"text-editor.default\">\n\t\t\t\t<div class=\"elementor-widget-container\">\n\t\t\t\t\t\t\t\t\t<p><span style=\"font-weight: 400;\">P\u00e5 grunn av h\u00f8ye oppsettkostnader tar vi ikke imot bestillinger under 10 000 kr (inkludert mva. &amp; frakt) da alle bestillinger produseres p\u00e5 ordre. Det er imidlertid mulig \u00e5 supplere en allerede gjort bestilling.<\/span><\/p>\t\t\t\t\t\t\t\t<\/div>\n\t\t\t\t<\/div>\n\t\t\t\t<div class=\"elementor-element elementor-element-93a1787 elementor-widget elementor-widget-heading\" data-id=\"93a1787\" data-element_type=\"widget\" data-e-type=\"widget\" data-widget_type=\"heading.default\">\n\t\t\t\t<div class=\"elementor-widget-container\">\n\t\t\t\t\t<h2 class=\"elementor-heading-title elementor-size-default\">Bestillinger<\/h2>\t\t\t\t<\/div>\n\t\t\t\t<\/div>\n\t\t\t\t<div class=\"elementor-element elementor-element-def1b1c elementor-widget elementor-widget-text-editor\" data-id=\"def1b1c\" data-element_type=\"widget\" data-e-type=\"widget\" data-widget_type=\"text-editor.default\">\n\t\t\t\t<div class=\"elementor-widget-container\">\n\t\t\t\t\t\t\t\t\t<p><span style=\"font-weight: 400;\">Du m\u00e5ste ha fyllt 18 \u00e5r for \u00e5 handla hos oss. Kunduppgifterna ska vara korrekta og alle obligatoriska f\u00e4lt ifyllda. Ni handlar enbart i ert eget namn. Sn\u00eak forbeh\u00e5ller sig for publiceringsfel, informationsfel og fel i specifikation for samtliga v\u00e5ra produkter og tj\u00e4nster. Sn\u00eak kan inte garantera att varans utseende och beskaffenhet st\u00e4mmer \u00f6verens med bilderna p\u00e5 hemsidan, d\u00e5 bilderna skall ses som illustrationer.\u00a0<\/span><\/p>\t\t\t\t\t\t\t\t<\/div>\n\t\t\t\t<\/div>\n\t\t\t\t<div class=\"elementor-element elementor-element-7f2461b elementor-widget elementor-widget-heading\" data-id=\"7f2461b\" data-element_type=\"widget\" data-e-type=\"widget\" data-widget_type=\"heading.default\">\n\t\t\t\t<div class=\"elementor-widget-container\">\n\t\t\t\t\t<h2 class=\"elementor-heading-title elementor-size-default\">Benkeplater<\/h2>\t\t\t\t<\/div>\n\t\t\t\t<\/div>\n\t\t\t\t<div class=\"elementor-element elementor-element-a3ebb6e elementor-widget elementor-widget-text-editor\" data-id=\"a3ebb6e\" data-element_type=\"widget\" data-e-type=\"widget\" data-widget_type=\"text-editor.default\">\n\t\t\t\t<div class=\"elementor-widget-container\">\n\t\t\t\t\t\t\t\t\t<p><span style=\"font-weight: 400;\">Det er kundens ansvar \u00e5 oppgi n\u00f8yaktige m\u00e5l p\u00e5 benkeplater. Ved bestilling av naturstein kan den leverte benkeplaten avvike fra eksemplene som finnes p\u00e5 nettsiden.<\/span><\/p><p><span style=\"font-weight: 400;\">Vi anvender ikke ROT ved montering av benkeplater.<\/span><\/p>\t\t\t\t\t\t\t\t<\/div>\n\t\t\t\t<\/div>\n\t\t\t\t<div class=\"elementor-element elementor-element-49e1e1e elementor-widget elementor-widget-heading\" data-id=\"49e1e1e\" data-element_type=\"widget\" data-e-type=\"widget\" data-widget_type=\"heading.default\">\n\t\t\t\t<div class=\"elementor-widget-container\">\n\t\t\t\t\t<h2 class=\"elementor-heading-title elementor-size-default\">Leveringstider og transport<\/h2>\t\t\t\t<\/div>\n\t\t\t\t<\/div>\n\t\t\t\t<div class=\"elementor-element elementor-element-5adac79 elementor-widget elementor-widget-text-editor\" data-id=\"5adac79\" data-element_type=\"widget\" data-e-type=\"widget\" data-widget_type=\"text-editor.default\">\n\t\t\t\t<div class=\"elementor-widget-container\">\n\t\t\t\t\t\t\t\t\t<p><span style=\"font-weight: 400;\">V\u00e5r leveringstid ligger normalt p\u00e5 cirka 8\u201310 arbeidsuker p\u00e5 v\u00e5re kj\u00f8kken, avhengig av om kj\u00f8kkenet skal males og stammer monteres av oss. Den regnes fra mottatt betaling og etter avstemming med kunden. Den kan ogs\u00e5 p\u00e5virkes av helligdager, ferietider samt om bestilt ordre endres. Fra slutten av november og ut \u00e5ret kan driftsforstyrrelser i leveranser oppst\u00e5. Vi kan ikke gi noen eksakt dato for levering. N\u00e5r dere blir kontaktet av transportselskapet, bestiller dere dato for utkj\u00f8ring av deres bestilling.<\/span><\/p><p><span style=\"font-weight: 400;\">Varorna levereras till angiven adress eller s\u00e5 n\u00e4ra den adressen som transport\u00f6ren kan komma eller, i forekommande fall, till postutl\u00e4mningsst\u00e4lle. Transport\u00f6ren b\u00e4r ikke in varorna. Leveringen<\/span> <span style=\"font-weight: 400;\">kvitteras av mottagaren eller dennes ombud enligt transport\u00f6rens anvisningar. Vi debiterar extra vid sv\u00e5rtillg\u00e4ngliga adresser, som t.ex. \u00f6ar og tr\u00e5nga passager.<\/span><\/p><p><span style=\"font-weight: 400;\">Boka ej in hantverkare innan leveransen mottagits och avsynats, d\u00e5 vi endast kan ge en uppskattad leveranstid. Vi ers\u00e4tter ikke stillast\u00e5ende mont\u00f6rer.<\/span><\/p><p><span style=\"font-weight: 400;\">Vid leverans, kontrollera om forpackningen \u00e4r skadad. Eventuella skador skall noteras p\u00e5 transportsedeln\/avin som chauff\u00f6ren\/utl\u00e4mningsst\u00e4llet har. ATTENTION ! Utan noterad skada kan ikke en reklamation g\u00f6ras. Dokumentera skadorna med foton, b\u00e5de med og utan emballege. Maila dessa till info@snek.se. Reklamasjoner ej gjorda inom 10 dagar efter leverans godk\u00e4nnes ej. Monterade d\u00f8rer kan ikke reklameras.<\/span><\/p><p><span style=\"font-weight: 400;\">V\u00e5ra produkter kommer p\u00e5 tr\u00e4pallar som kan vara upp till 3 meter l\u00e5nga. Vi tar tyv\u00e4rr ikke tillbaks dessa vid leverans.<\/span><\/p>\t\t\t\t\t\t\t\t<\/div>\n\t\t\t\t<\/div>\n\t\t\t\t<div class=\"elementor-element elementor-element-c7ffa20 elementor-widget elementor-widget-heading\" data-id=\"c7ffa20\" data-element_type=\"widget\" data-e-type=\"widget\" data-widget_type=\"heading.default\">\n\t\t\t\t<div class=\"elementor-widget-container\">\n\t\t\t\t\t<h2 class=\"elementor-heading-title elementor-size-default\">Retur<\/h2>\t\t\t\t<\/div>\n\t\t\t\t<\/div>\n\t\t\t\t<div class=\"elementor-element elementor-element-c04728c elementor-widget elementor-widget-text-editor\" data-id=\"c04728c\" data-element_type=\"widget\" data-e-type=\"widget\" data-widget_type=\"text-editor.default\">\n\t\t\t\t<div class=\"elementor-widget-container\">\n\t\t\t\t\t\t\t\t\t<p><span style=\"font-weight: 400;\">V\u00e5re stammer, d\u00f8rer og benkeplater kan ikke returneres da de er produsert spesifikt for kunden. Andre produkter kan returneres innen 14 dager etter at dere har mottatt leveransen, forutsatt at produktens n\u00e6rmeste beskyttelsesemballasje ikke er brutt.<\/span><\/p><p><span style=\"font-weight: 400;\">Reklamasjoner g\u00e4llande tillverkningsfel eller att varor inte st\u00e4mmer med best\u00e4llningen, g\u00f6rs till Sn\u00eaks reklamationsavdelning via e-post <\/span><span style=\"font-weight: 400;\">info@snek.se<\/span><span style=\"font-weight: 400;\">.\u00a0<\/span><\/p><p><span style=\"font-weight: 400;\">Leveringmottagaren f\u00e5r ikke returnera, s\u00e4lja eller reparera skadat gods innan detta \u00e4r godk\u00e4nt av Sn\u00eak.\u00a0<\/span><\/p>\t\t\t\t\t\t\t\t<\/div>\n\t\t\t\t<\/div>\n\t\t\t\t<div class=\"elementor-element elementor-element-8b1ae54 elementor-widget elementor-widget-heading\" data-id=\"8b1ae54\" data-element_type=\"widget\" data-e-type=\"widget\" data-widget_type=\"heading.default\">\n\t\t\t\t<div class=\"elementor-widget-container\">\n\t\t\t\t\t<h2 class=\"elementor-heading-title elementor-size-default\">\u00d8vrig<\/h2>\t\t\t\t<\/div>\n\t\t\t\t<\/div>\n\t\t\t\t<div class=\"elementor-element elementor-element-67b5f43 elementor-widget elementor-widget-text-editor\" data-id=\"67b5f43\" data-element_type=\"widget\" data-e-type=\"widget\" data-widget_type=\"text-editor.default\">\n\t\t\t\t<div class=\"elementor-widget-container\">\n\t\t\t\t\t\t\t\t\t<p><span style=\"font-weight: 400;\">Sn\u00eak kan utan foreg\u00e5ende avisering \u00e4ndra information, produkter og priser, dock ej p\u00e5 redan best\u00e4llda varor. Fakta- og prisuppgifter l\u00e4mnas med reservation for tryckfel, leverant\u00f6rers prish\u00f6jningar, ev. oriktigt angivna tekniska specifikationer m.m. samt f\u00f6r slutf\u00f6rs\u00e4ljning.\u00a0<\/span><\/p>\t\t\t\t\t\t\t\t<\/div>\n\t\t\t\t<\/div>\n\t\t\t\t<div class=\"elementor-element elementor-element-7c5ce80 elementor-widget elementor-widget-heading\" data-id=\"7c5ce80\" data-element_type=\"widget\" data-e-type=\"widget\" data-widget_type=\"heading.default\">\n\t\t\t\t<div class=\"elementor-widget-container\">\n\t\t\t\t\t<h2 class=\"elementor-heading-title elementor-size-default\">Ansvar<\/h2>\t\t\t\t<\/div>\n\t\t\t\t<\/div>\n\t\t\t\t<div class=\"elementor-element elementor-element-d9d3515 elementor-widget elementor-widget-text-editor\" data-id=\"d9d3515\" data-element_type=\"widget\" data-e-type=\"widget\" data-widget_type=\"text-editor.default\">\n\t\t\t\t<div class=\"elementor-widget-container\">\n\t\t\t\t\t\t\t\t\t<p><span style=\"font-weight: 400;\">Kunden er ansvarlig for at bestillingsopplysningene til Sn\u00eak (f.eks. antall, m\u00e5l, farger og andre valg) er korrekte. Dersom kunden oppdager at oppgitte opplysninger er feilaktige, eller \u00f8nsker \u00e5 endre bestillingen sin, m\u00e5 kunden umiddelbart kontakte Sn\u00eak. Sn\u00eak fors\u00f8ker alltid \u00e5 im\u00f8tekomme kundens endringer, men kan ikke garantere dette.<\/span><\/p><p><span style=\"font-weight: 400;\">Kunden er ansvarlig for sine valg i bestillingen selv om kunden har r\u00e5df\u00f8rt seg med Sn\u00eak.<\/span><\/p>\t\t\t\t\t\t\t\t<\/div>\n\t\t\t\t<\/div>\n\t\t\t\t<div class=\"elementor-element elementor-element-ef3d1be elementor-widget elementor-widget-heading\" data-id=\"ef3d1be\" data-element_type=\"widget\" data-e-type=\"widget\" data-widget_type=\"heading.default\">\n\t\t\t\t<div class=\"elementor-widget-container\">\n\t\t\t\t\t<h2 class=\"elementor-heading-title elementor-size-default\">Force majeure<\/h2>\t\t\t\t<\/div>\n\t\t\t\t<\/div>\n\t\t\t\t<div class=\"elementor-element elementor-element-f50cc86 elementor-widget elementor-widget-text-editor\" data-id=\"f50cc86\" data-element_type=\"widget\" data-e-type=\"widget\" data-widget_type=\"text-editor.default\">\n\t\t\t\t<div class=\"elementor-widget-container\">\n\t\t\t\t\t\t\t\t\t<p><span style=\"font-weight: 400;\">Sn\u00eak er ikke ansvarlig for forsinket produkt (inkludert levering og garantitiltak) dersom forsinkelsen er for\u00e5rsaket av omstendigheter utenfor Sn\u00eaks rimelige kontroll. Eksempler p\u00e5 slike omstendigheter er \u2013 uten \u00e5 utgj\u00f8re en utt\u00f8mmende liste \u2013 streik, terrorhandlinger, <\/span><span style=\"font-weight: 400;\">krig, <\/span><span style=\"font-weight: 400;\">leverand\u00f8r-, transport- eller produksjonsforstyrrelser, valutakursendringer, myndighetstiltak, lovgivning eller naturkatastrofer.<\/span><\/p>\t\t\t\t\t\t\t\t<\/div>\n\t\t\t\t<\/div>\n\t\t\t\t<div class=\"elementor-element elementor-element-ae055bd elementor-widget elementor-widget-heading\" data-id=\"ae055bd\" data-element_type=\"widget\" data-e-type=\"widget\" data-widget_type=\"heading.default\">\n\t\t\t\t<div class=\"elementor-widget-container\">\n\t\t\t\t\t<h2 class=\"elementor-heading-title elementor-size-default\">Priser og betaling<\/h2>\t\t\t\t<\/div>\n\t\t\t\t<\/div>\n\t\t\t\t<div class=\"elementor-element elementor-element-264e17b elementor-widget elementor-widget-text-editor\" data-id=\"264e17b\" data-element_type=\"widget\" data-e-type=\"widget\" data-widget_type=\"text-editor.default\">\n\t\t\t\t<div class=\"elementor-widget-container\">\n\t\t\t\t\t\t\t\t\t<p><span style=\"font-weight: 400;\">Prisene er oppgitt i svenske kroner. Samtlige priser er inklusive 25 % moms. Prisene inkluderer ikke frakt og eventuelle betalingsavgifter.<\/span><\/p><p><span style=\"font-weight: 400;\">Sn\u00eak reserverar sig for eventuella pris\u00e4ndringar og felaktiga priser og har r\u00e4tt \u00e5 h\u00e4va k\u00f6pet og \u00e5terbetala kunden for erlagd betalning innan produktion p\u00e5b\u00f6rjats.\u00a0<\/span><\/p><p><span style=\"font-weight: 400;\">F\u00f6r best\u00e4llningar p\u00e5 kj\u00f8kken sker betalning via faktura; 50% i forskott vid orderl\u00e4ggandet og resterande 50% mot 10 dagar netto vid leverans.<\/span><\/p><p><span style=\"font-weight: 400;\">Vid order i web shoppen g\u00e4ller f\u00f6rskottsbetalning p\u00e5 100% av beloppet.<\/span><\/p><p><span style=\"font-weight: 400;\">Betalning g\u00f6rs p\u00e5 de s\u00e4tt som anges p\u00e5 Sn\u00eaks hemsida. F\u00f6r tillf\u00e4llet via Plusgiro.<\/span><\/p>\t\t\t\t\t\t\t\t<\/div>\n\t\t\t\t<\/div>\n\t\t\t\t<div class=\"elementor-element elementor-element-acef99b elementor-widget elementor-widget-heading\" data-id=\"acef99b\" data-element_type=\"widget\" data-e-type=\"widget\" data-widget_type=\"heading.default\">\n\t\t\t\t<div class=\"elementor-widget-container\">\n\t\t\t\t\t<h2 class=\"elementor-heading-title elementor-size-default\">Generelle vilk\u00e5r for Sn\u00eak<\/h2>\t\t\t\t<\/div>\n\t\t\t\t<\/div>\n\t\t\t\t<div class=\"elementor-element elementor-element-64a282fd elementor-widget elementor-widget-text-editor\" data-id=\"64a282fd\" data-element_type=\"widget\" data-e-type=\"widget\" data-widget_type=\"text-editor.default\">\n\t\t\t\t<div class=\"elementor-widget-container\">\n\t\t\t\t\t\t\t\t\t<p><span style=\"font-weight: 400;\">Kj\u00f8psvilk\u00e5rene gjelder n\u00e5r svensk eller annen gjeldende lov ikke foreskriver vilk\u00e5r som er i konflikt med disse. For privatpersoner gjelder den svenske forbrukerkj\u00f8psloven og angrerettloven i tilfeller som ikke dekkes av disse kj\u00f8psvilk\u00e5rene.<\/span><\/p>\t\t\t\t\t\t\t\t<\/div>\n\t\t\t\t<\/div>\n\t\t\t\t\t<\/div>\n\t\t\t\t<\/div>\n\t\t\t\t<\/div>\n\t\t","protected":false},"excerpt":{"rendered":"<p>K\u00f6p &#8211; &amp; leveransvillkor Minste ordrebel\u00f8p P\u00e5 grund av h\u00f6ga st\u00e4llkostnader tar vi inte emot ordrar under 10 000 kr (inklusive moms &amp; frakt) d\u00e5 alla ordrar tillverkas p\u00e5 best\u00e4llning. Det g\u00e5r dock bra att komplettera en redan gjord best\u00e4llning. Bestillinger Du m\u00e5ste ha fyllt 18 \u00e5r f\u00f6r att handla hos oss. Kunduppgifterna ska vara [&hellip;]<\/p>\n","protected":false},"author":0,"featured_media":0,"parent":0,"menu_order":0,"comment_status":"closed","ping_status":"closed","template":"elementor_canvas","meta":{"_acf_changed":false,"footnotes":""},"class_list":["post-154542","page","type-page","status-publish","hentry"],"acf":[],"yoast_head":"<!-- This site is optimized with the Yoast SEO plugin v27.2 - https:\/\/yoast.com\/product\/yoast-seo-wordpress\/ -->\n<title>Vilk\u00e5r | Sn\u00eak<\/title>\n<meta name=\"description\" content=\"Villkor f\u00f6r k\u00f6p och leverans av k\u00f6k fr\u00e5n Sn\u00eak. Best\u00e4llningar, leverans, retur och garantier.\" \/>\n<meta name=\"robots\" content=\"index, follow, max-snippet:-1, max-image-preview:large, max-video-preview:-1\" \/>\n<link rel=\"canonical\" href=\"https:\/\/www.snek.se\/no\/vilkar\/\" \/>\n<meta property=\"og:locale\" content=\"nb_NO\" \/>\n<meta property=\"og:type\" content=\"article\" \/>\n<meta property=\"og:title\" content=\"Vilk\u00e5r | Sn\u00eak\" \/>\n<meta property=\"og:description\" content=\"Villkor f\u00f6r k\u00f6p och leverans av k\u00f6k fr\u00e5n Sn\u00eak. Best\u00e4llningar, leverans, retur och garantier.\" \/>\n<meta property=\"og:url\" content=\"https:\/\/www.snek.se\/no\/vilkar\/\" \/>\n<meta property=\"og:site_name\" content=\"Sn\u00eak\" \/>\n<meta property=\"article:publisher\" content=\"https:\/\/www.facebook.com\/snekkitchens\/\" \/>\n<meta name=\"twitter:card\" content=\"summary_large_image\" \/>\n<meta name=\"twitter:label1\" content=\"Est. reading time\" \/>\n\t<meta name=\"twitter:data1\" content=\"4 minutes\" \/>\n<script type=\"application\/ld+json\" class=\"yoast-schema-graph\">{\"@context\":\"https:\/\/schema.org\",\"@graph\":[{\"@type\":\"WebPage\",\"@id\":\"https:\/\/www.snek.se\/no\/vilkar\/\",\"url\":\"https:\/\/www.snek.se\/no\/vilkar\/\",\"name\":\"Vilk\u00e5r | Sn\u00eak\",\"isPartOf\":{\"@id\":\"https:\/\/www.snek.se\/no\/#website\"},\"datePublished\":\"2026-04-08T16:31:55+00:00\",\"description\":\"Villkor f\u00f6r k\u00f6p och leverans av k\u00f6k fr\u00e5n Sn\u00eak. Best\u00e4llningar, leverans, retur och garantier.\",\"breadcrumb\":{\"@id\":\"https:\/\/www.snek.se\/no\/vilkar\/#breadcrumb\"},\"inLanguage\":\"nb-NO\",\"potentialAction\":[{\"@type\":\"ReadAction\",\"target\":[\"https:\/\/www.snek.se\/no\/vilkar\/\"]}]},{\"@type\":\"BreadcrumbList\",\"@id\":\"https:\/\/www.snek.se\/no\/vilkar\/#breadcrumb\",\"itemListElement\":[{\"@type\":\"ListItem\",\"position\":1,\"name\":\"Hem\",\"item\":\"https:\/\/www.snek.se\/no\/\"},{\"@type\":\"ListItem\",\"position\":2,\"name\":\"Vilk\u00e5r\"}]},{\"@type\":\"WebSite\",\"@id\":\"https:\/\/www.snek.se\/no\/#website\",\"url\":\"https:\/\/www.snek.se\/no\/\",\"name\":\"Sn\u00eak\",\"description\":\"H\u00e5ndlagde kj\u00f8kken fra Norrbotten\",\"publisher\":{\"@id\":\"https:\/\/www.snek.se\/no\/#organization\"},\"potentialAction\":[{\"@type\":\"SearchAction\",\"target\":{\"@type\":\"EntryPoint\",\"urlTemplate\":\"https:\/\/www.snek.se\/no\/?s={search_term_string}\"},\"query-input\":{\"@type\":\"PropertyValueSpecification\",\"valueRequired\":true,\"valueName\":\"search_term_string\"}}],\"inLanguage\":\"nb-NO\"},{\"@type\":\"Organization\",\"@id\":\"https:\/\/www.snek.se\/no\/#organization\",\"name\":\"Sn\u00eak\",\"url\":\"https:\/\/www.snek.se\/no\/\",\"logo\":{\"@type\":\"ImageObject\",\"inLanguage\":\"nb-NO\",\"@id\":\"https:\/\/www.snek.se\/no\/#\/schema\/logo\/image\/\",\"url\":\"https:\/\/www.snek.se\/wp-content\/uploads\/2026\/01\/snek-logotyp-insta-scaled.jpg\",\"contentUrl\":\"https:\/\/www.snek.se\/wp-content\/uploads\/2026\/01\/snek-logotyp-insta-scaled.jpg\",\"width\":2560,\"height\":2560,\"caption\":\"Sn\u00eak\"},\"image\":{\"@id\":\"https:\/\/www.snek.se\/no\/#\/schema\/logo\/image\/\"},\"sameAs\":[\"https:\/\/www.facebook.com\/snekkitchens\/\",\"https:\/\/www.instagram.com\/snek.kok\/\",\"https:\/\/www.linkedin.com\/company\/snek-kok\/\",\"https:\/\/se.pinterest.com\/SnekKitchens\/\",\"https:\/\/www.youtube.com\/channel\/UCT9DWn-4DMpKHHqbRXV4bZQ\/\"]}]}<\/script>\n<!-- \/ Yoast SEO plugin. -->","yoast_head_json":{"title":"Vilk\u00e5r | Sn\u00eak","description":"Villkor f\u00f6r k\u00f6p och leverans av k\u00f6k fr\u00e5n Sn\u00eak. Best\u00e4llningar, leverans, retur och garantier.","robots":{"index":"index","follow":"follow","max-snippet":"max-snippet:-1","max-image-preview":"max-image-preview:large","max-video-preview":"max-video-preview:-1"},"canonical":"https:\/\/www.snek.se\/no\/vilkar\/","og_locale":"nb_NO","og_type":"article","og_title":"Vilk\u00e5r | Sn\u00eak","og_description":"Villkor f\u00f6r k\u00f6p och leverans av k\u00f6k fr\u00e5n Sn\u00eak. Best\u00e4llningar, leverans, retur och garantier.","og_url":"https:\/\/www.snek.se\/no\/vilkar\/","og_site_name":"Sn\u00eak","article_publisher":"https:\/\/www.facebook.com\/snekkitchens\/","twitter_card":"summary_large_image","twitter_misc":{"Est. reading time":"4 minutes"},"schema":{"@context":"https:\/\/schema.org","@graph":[{"@type":"WebPage","@id":"https:\/\/www.snek.se\/no\/vilkar\/","url":"https:\/\/www.snek.se\/no\/vilkar\/","name":"Vilk\u00e5r | Sn\u00eak","isPartOf":{"@id":"https:\/\/www.snek.se\/no\/#website"},"datePublished":"2026-04-08T16:31:55+00:00","description":"Villkor f\u00f6r k\u00f6p och leverans av k\u00f6k fr\u00e5n Sn\u00eak. Best\u00e4llningar, leverans, retur och garantier.","breadcrumb":{"@id":"https:\/\/www.snek.se\/no\/vilkar\/#breadcrumb"},"inLanguage":"nb-NO","potentialAction":[{"@type":"ReadAction","target":["https:\/\/www.snek.se\/no\/vilkar\/"]}]},{"@type":"BreadcrumbList","@id":"https:\/\/www.snek.se\/no\/vilkar\/#breadcrumb","itemListElement":[{"@type":"ListItem","position":1,"name":"Hem","item":"https:\/\/www.snek.se\/no\/"},{"@type":"ListItem","position":2,"name":"Vilk\u00e5r"}]},{"@type":"WebSite","@id":"https:\/\/www.snek.se\/no\/#website","url":"https:\/\/www.snek.se\/no\/","name":"Sn\u00eak","description":"H\u00e5ndlagde kj\u00f8kken fra Norrbotten","publisher":{"@id":"https:\/\/www.snek.se\/no\/#organization"},"potentialAction":[{"@type":"SearchAction","target":{"@type":"EntryPoint","urlTemplate":"https:\/\/www.snek.se\/no\/?s={search_term_string}"},"query-input":{"@type":"PropertyValueSpecification","valueRequired":true,"valueName":"search_term_string"}}],"inLanguage":"nb-NO"},{"@type":"Organization","@id":"https:\/\/www.snek.se\/no\/#organization","name":"Sn\u00eak","url":"https:\/\/www.snek.se\/no\/","logo":{"@type":"ImageObject","inLanguage":"nb-NO","@id":"https:\/\/www.snek.se\/no\/#\/schema\/logo\/image\/","url":"https:\/\/www.snek.se\/wp-content\/uploads\/2026\/01\/snek-logotyp-insta-scaled.jpg","contentUrl":"https:\/\/www.snek.se\/wp-content\/uploads\/2026\/01\/snek-logotyp-insta-scaled.jpg","width":2560,"height":2560,"caption":"Sn\u00eak"},"image":{"@id":"https:\/\/www.snek.se\/no\/#\/schema\/logo\/image\/"},"sameAs":["https:\/\/www.facebook.com\/snekkitchens\/","https:\/\/www.instagram.com\/snek.kok\/","https:\/\/www.linkedin.com\/company\/snek-kok\/","https:\/\/se.pinterest.com\/SnekKitchens\/","https:\/\/www.youtube.com\/channel\/UCT9DWn-4DMpKHHqbRXV4bZQ\/"]}]}},"_links":{"self":[{"href":"https:\/\/www.snek.se\/no\/wp-json\/wp\/v2\/pages\/154542","targetHints":{"allow":["GET"]}}],"collection":[{"href":"https:\/\/www.snek.se\/no\/wp-json\/wp\/v2\/pages"}],"about":[{"href":"https:\/\/www.snek.se\/no\/wp-json\/wp\/v2\/types\/page"}],"replies":[{"embeddable":true,"href":"https:\/\/www.snek.se\/no\/wp-json\/wp\/v2\/comments?post=154542"}],"version-history":[{"count":1,"href":"https:\/\/www.snek.se\/no\/wp-json\/wp\/v2\/pages\/154542\/revisions"}],"predecessor-version":[{"id":154543,"href":"https:\/\/www.snek.se\/no\/wp-json\/wp\/v2\/pages\/154542\/revisions\/154543"}],"wp:attachment":[{"href":"https:\/\/www.snek.se\/no\/wp-json\/wp\/v2\/media?parent=154542"}],"curies":[{"name":"wp","href":"https:\/\/api.w.org\/{rel}","templated":true}]}}