{"id":154420,"date":"2026-04-08T18:31:24","date_gmt":"2026-04-08T16:31:24","guid":{"rendered":"https:\/\/www.snek.se\/plockhugget-2\/"},"modified":"2026-04-08T18:31:24","modified_gmt":"2026-04-08T16:31:24","slug":"plockhugget-2","status":"publish","type":"page","link":"https:\/\/www.snek.se\/no\/plockhugget-2\/","title":{"rendered":"Plockhugget"},"content":{"rendered":"<h2>Sn\u00eak + Plockhugget<\/h2>\n<p style=\"text-align: center;\">B\u00e6rekraftig tre fra skoger som fortsetter \u00e5 vokse<\/p>\n<p style=\"text-align: center;\">Vi erbjuder k\u00f6k med tr\u00e4r\u00e5vara som har certifikat f\u00f6r hyggesfritt skogsbruk, vilket betyder att v\u00e5ra produkter kommer fr\u00e5n skogsbruk som \u00e4r b\u00e5de h\u00e5llbart och fr\u00e4mjar biologiskt m\u00e5ngfaldigt.<\/p>\n<h2>H\u00e5llbarhet &amp; ansvar<\/h2>\n<p data-start=\"682\" data-end=\"862\"><strong data-start=\"682\" data-end=\"709\">K\u00f6k med h\u00e5llbar tr\u00e4vara<\/strong>: Alla v\u00e5ra k\u00f6k och inredningar \u00e4r tillverkade med massivt tr\u00e4 som kommer fr\u00e5n skogsbruk som fr\u00e4mjar biologisk m\u00e5ngfald och minimerar koldioxidutsl\u00e4pp.<\/p>\n<p data-start=\"865\" data-end=\"1076\"><strong data-start=\"865\" data-end=\"881\">Certifiering<\/strong>: Genom v\u00e5rt samarbete med Plockhugget garanterar vi att varje k\u00f6k har tr\u00e4r\u00e5vara med hyggesfritt certifikat enligt Plockhuggets Skogsbruksstandard. Det inneb\u00e4r att tr\u00e4d v\u00e4ljs ut ur skogen med j\u00e4mna mellanrum, ett och ett eller i sm\u00e5 grupper, s\u00e5 att skogen som helhet kontinuerligt st\u00e5r kvar och f\u00e5r utvecklas.<\/p>\n<p><img fetchpriority=\"high\" decoding=\"async\" src=\"https:\/\/www.snek.se\/wp-content\/uploads\/2025\/07\/Plockhugget-logga-vit-1024x494-1.png\" sizes=\"(max-width: 800px) 100vw, 800px\" srcset=\"https:\/\/www.snek.se\/wp-content\/uploads\/2025\/07\/Plockhugget-logga-vit-1024x494-1.png 1024w, https:\/\/www.snek.se\/wp-content\/uploads\/2025\/07\/Plockhugget-logga-vit-1024x494-1-500x241.png 500w, https:\/\/www.snek.se\/wp-content\/uploads\/2025\/07\/Plockhugget-logga-vit-1024x494-1-768x371.png 768w\" alt=\"\" width=\"800\" height=\"386\" \/><\/p>\n<h2>Plockhuggets arbeid<\/h2>\n<p data-start=\"1640\" data-end=\"1886\"><strong data-start=\"1640\" data-end=\"1663\">Vad Plockhugget g\u00f6r<\/strong>: Plockhugget verkar f\u00f6r att stimulera och uppmuntra naturn\u00e4ra skogsbruk. Deras metod inneb\u00e4r att f\u00e4rre tr\u00e4d avverkas, vilket skapar b\u00e4ttre f\u00f6ruts\u00e4ttningar f\u00f6r naturens egen \u00e5terv\u00e4xt och st\u00e4rker den biologiska m\u00e5ngfalden.<\/p>\n<p data-start=\"1889\" data-end=\"2076\"><strong data-start=\"1889\" data-end=\"1908\">Viktiga siffror<\/strong>: Visste du att 97% av Sveriges brukade skogar anv\u00e4nder kalhyggen som sk\u00f6rdemetod. Med v\u00e5rt samarbete hoppas vi p\u00e5 att \u00f6ka andelen hyggesfritt och naturn\u00e4ra,\u00a0och skapa en h\u00e5llbarare framtid f\u00f6r v\u00e5ra skogar.<\/p>\n<p><a style=\"text-decoration: none;\" href=\"https:\/\/www.plockhugget.se\/\"><br \/>\n<button><br \/>\nG\u00e5 till plockhugget.se<br \/>\n<\/button><br \/>\n<\/a><\/p>\n<h2>N\u00e5r du velger Sn\u00eak, f\u00e5r du mer enn bare et kj\u00f8kken<\/h2>\n<p style=\"text-align: center;\">N\u00e4r du k\u00f6per ett k\u00f6k fr\u00e5n Sn\u00eak f\u00e5r du ett\u00a0<strong>certifikat fr\u00e5n Plockhugget<\/strong>\u00a0som motsvarar den volym tr\u00e4r\u00e5vara som din produkt inneh\u00e5ller.<\/p>\n<p style=\"text-align: center;\">Detta certifikat s\u00e4kerst\u00e4ller att samma m\u00e4ngd virke har avverkats p\u00e5 ett naturn\u00e4ra och hyggesfritt s\u00e4tt.<\/p>\n<p style=\"text-align: center;\">V\u00e4lj ett<strong>\u00a0Sn\u00eak-k\u00f6k<\/strong>\u00a0och g\u00f6r ett ansvarsfullt val f\u00f6r b\u00e5de ditt hem och v\u00e5r planet.\u00a0<strong>Tillsammans bygger vi en mer h\u00e5llbar framtid<\/strong><\/p>\n","protected":false},"excerpt":{"rendered":"<p>Sn\u00eak + Plockhugget B\u00e6rekraftig tre fra skoger som fortsetter \u00e5 vokse Vi erbjuder k\u00f6k med tr\u00e4r\u00e5vara som har certifikat f\u00f6r hyggesfritt skogsbruk, vilket betyder att v\u00e5ra produkter kommer fr\u00e5n skogsbruk som \u00e4r b\u00e5de h\u00e5llbart och fr\u00e4mjar biologiskt m\u00e5ngfaldigt. H\u00e5llbarhet &amp; ansvar K\u00f6k med h\u00e5llbar tr\u00e4vara: Alla v\u00e5ra k\u00f6k och inredningar \u00e4r tillverkade med massivt tr\u00e4 [&hellip;]<\/p>\n","protected":false},"author":0,"featured_media":144713,"parent":0,"menu_order":0,"comment_status":"closed","ping_status":"closed","template":"elementor_canvas","meta":{"_acf_changed":false,"footnotes":""},"class_list":["post-154420","page","type-page","status-publish","has-post-thumbnail","hentry"],"acf":[],"yoast_head":"<!-- This site is optimized with the Yoast SEO plugin v27.2 - https:\/\/yoast.com\/product\/yoast-seo-wordpress\/ -->\n<title>Plockhugget | Sn\u00eak<\/title>\n<meta name=\"description\" content=\"V\u00e5rt samarbete med Plockhugget inneb\u00e4r certifierad tr\u00e4vara fr\u00e5n hyggesfritt skogsbruk. H\u00e5llbart tr\u00e4 i varje k\u00f6k.\" \/>\n<meta name=\"robots\" content=\"index, follow, max-snippet:-1, max-image-preview:large, max-video-preview:-1\" \/>\n<link rel=\"canonical\" href=\"https:\/\/www.snek.se\/no\/plockhugget-2\/\" \/>\n<meta property=\"og:locale\" content=\"nb_NO\" \/>\n<meta property=\"og:type\" content=\"article\" \/>\n<meta property=\"og:title\" content=\"Plockhugget | Sn\u00eak\" \/>\n<meta property=\"og:description\" content=\"V\u00e5rt samarbete med Plockhugget inneb\u00e4r certifierad tr\u00e4vara fr\u00e5n hyggesfritt skogsbruk. H\u00e5llbart tr\u00e4 i varje k\u00f6k.\" \/>\n<meta property=\"og:url\" content=\"https:\/\/www.snek.se\/no\/plockhugget-2\/\" \/>\n<meta property=\"og:site_name\" content=\"Sn\u00eak\" \/>\n<meta property=\"article:publisher\" content=\"https:\/\/www.facebook.com\/snekkitchens\/\" \/>\n<meta property=\"og:image\" content=\"https:\/\/www.snek.se\/wp-content\/uploads\/2025\/07\/01-1-scaled.jpg\" \/>\n\t<meta property=\"og:image:width\" content=\"2560\" \/>\n\t<meta property=\"og:image:height\" content=\"1707\" \/>\n\t<meta property=\"og:image:type\" content=\"image\/jpeg\" \/>\n<meta name=\"twitter:card\" content=\"summary_large_image\" \/>\n<meta name=\"twitter:label1\" content=\"Est. reading time\" \/>\n\t<meta name=\"twitter:data1\" content=\"2 minutes\" \/>\n<script type=\"application\/ld+json\" class=\"yoast-schema-graph\">{\"@context\":\"https:\/\/schema.org\",\"@graph\":[{\"@type\":\"WebPage\",\"@id\":\"https:\/\/www.snek.se\/no\/plockhugget-2\/\",\"url\":\"https:\/\/www.snek.se\/no\/plockhugget-2\/\",\"name\":\"Plockhugget | Sn\u00eak\",\"isPartOf\":{\"@id\":\"https:\/\/www.snek.se\/no\/#website\"},\"primaryImageOfPage\":{\"@id\":\"https:\/\/www.snek.se\/no\/plockhugget-2\/#primaryimage\"},\"image\":{\"@id\":\"https:\/\/www.snek.se\/no\/plockhugget-2\/#primaryimage\"},\"thumbnailUrl\":\"https:\/\/www.snek.se\/wp-content\/uploads\/2025\/07\/01-1-scaled.jpg\",\"datePublished\":\"2026-04-08T16:31:24+00:00\",\"description\":\"V\u00e5rt samarbete med Plockhugget inneb\u00e4r certifierad tr\u00e4vara fr\u00e5n hyggesfritt skogsbruk. H\u00e5llbart tr\u00e4 i varje k\u00f6k.\",\"breadcrumb\":{\"@id\":\"https:\/\/www.snek.se\/no\/plockhugget-2\/#breadcrumb\"},\"inLanguage\":\"nb-NO\",\"potentialAction\":[{\"@type\":\"ReadAction\",\"target\":[\"https:\/\/www.snek.se\/no\/plockhugget-2\/\"]}]},{\"@type\":\"ImageObject\",\"inLanguage\":\"nb-NO\",\"@id\":\"https:\/\/www.snek.se\/no\/plockhugget-2\/#primaryimage\",\"url\":\"https:\/\/www.snek.se\/wp-content\/uploads\/2025\/07\/01-1-scaled.jpg\",\"contentUrl\":\"https:\/\/www.snek.se\/wp-content\/uploads\/2025\/07\/01-1-scaled.jpg\",\"width\":2560,\"height\":1707},{\"@type\":\"BreadcrumbList\",\"@id\":\"https:\/\/www.snek.se\/no\/plockhugget-2\/#breadcrumb\",\"itemListElement\":[{\"@type\":\"ListItem\",\"position\":1,\"name\":\"Hem\",\"item\":\"https:\/\/www.snek.se\/no\/\"},{\"@type\":\"ListItem\",\"position\":2,\"name\":\"Plockhugget\"}]},{\"@type\":\"WebSite\",\"@id\":\"https:\/\/www.snek.se\/no\/#website\",\"url\":\"https:\/\/www.snek.se\/no\/\",\"name\":\"Sn\u00eak\",\"description\":\"Snickrade k\u00f6k fr\u00e5n Norrbotten\",\"publisher\":{\"@id\":\"https:\/\/www.snek.se\/no\/#organization\"},\"potentialAction\":[{\"@type\":\"SearchAction\",\"target\":{\"@type\":\"EntryPoint\",\"urlTemplate\":\"https:\/\/www.snek.se\/no\/?s={search_term_string}\"},\"query-input\":{\"@type\":\"PropertyValueSpecification\",\"valueRequired\":true,\"valueName\":\"search_term_string\"}}],\"inLanguage\":\"nb-NO\"},{\"@type\":\"Organization\",\"@id\":\"https:\/\/www.snek.se\/no\/#organization\",\"name\":\"Sn\u00eak\",\"url\":\"https:\/\/www.snek.se\/no\/\",\"logo\":{\"@type\":\"ImageObject\",\"inLanguage\":\"nb-NO\",\"@id\":\"https:\/\/www.snek.se\/no\/#\/schema\/logo\/image\/\",\"url\":\"https:\/\/www.snek.se\/wp-content\/uploads\/2026\/01\/snek-logotyp-insta-scaled.jpg\",\"contentUrl\":\"https:\/\/www.snek.se\/wp-content\/uploads\/2026\/01\/snek-logotyp-insta-scaled.jpg\",\"width\":2560,\"height\":2560,\"caption\":\"Sn\u00eak\"},\"image\":{\"@id\":\"https:\/\/www.snek.se\/no\/#\/schema\/logo\/image\/\"},\"sameAs\":[\"https:\/\/www.facebook.com\/snekkitchens\/\",\"https:\/\/www.instagram.com\/snek.kok\/\",\"https:\/\/www.linkedin.com\/company\/snek-kok\/\",\"https:\/\/se.pinterest.com\/SnekKitchens\/\",\"https:\/\/www.youtube.com\/channel\/UCT9DWn-4DMpKHHqbRXV4bZQ\/\"]}]}<\/script>\n<!-- \/ Yoast SEO plugin. -->","yoast_head_json":{"title":"Plockhugget | Sn\u00eak","description":"V\u00e5rt samarbete med Plockhugget inneb\u00e4r certifierad tr\u00e4vara fr\u00e5n hyggesfritt skogsbruk. H\u00e5llbart tr\u00e4 i varje k\u00f6k.","robots":{"index":"index","follow":"follow","max-snippet":"max-snippet:-1","max-image-preview":"max-image-preview:large","max-video-preview":"max-video-preview:-1"},"canonical":"https:\/\/www.snek.se\/no\/plockhugget-2\/","og_locale":"nb_NO","og_type":"article","og_title":"Plockhugget | Sn\u00eak","og_description":"V\u00e5rt samarbete med Plockhugget inneb\u00e4r certifierad tr\u00e4vara fr\u00e5n hyggesfritt skogsbruk. H\u00e5llbart tr\u00e4 i varje k\u00f6k.","og_url":"https:\/\/www.snek.se\/no\/plockhugget-2\/","og_site_name":"Sn\u00eak","article_publisher":"https:\/\/www.facebook.com\/snekkitchens\/","og_image":[{"width":2560,"height":1707,"url":"https:\/\/www.snek.se\/wp-content\/uploads\/2025\/07\/01-1-scaled.jpg","type":"image\/jpeg"}],"twitter_card":"summary_large_image","twitter_misc":{"Est. reading time":"2 minutes"},"schema":{"@context":"https:\/\/schema.org","@graph":[{"@type":"WebPage","@id":"https:\/\/www.snek.se\/no\/plockhugget-2\/","url":"https:\/\/www.snek.se\/no\/plockhugget-2\/","name":"Plockhugget | Sn\u00eak","isPartOf":{"@id":"https:\/\/www.snek.se\/no\/#website"},"primaryImageOfPage":{"@id":"https:\/\/www.snek.se\/no\/plockhugget-2\/#primaryimage"},"image":{"@id":"https:\/\/www.snek.se\/no\/plockhugget-2\/#primaryimage"},"thumbnailUrl":"https:\/\/www.snek.se\/wp-content\/uploads\/2025\/07\/01-1-scaled.jpg","datePublished":"2026-04-08T16:31:24+00:00","description":"V\u00e5rt samarbete med Plockhugget inneb\u00e4r certifierad tr\u00e4vara fr\u00e5n hyggesfritt skogsbruk. H\u00e5llbart tr\u00e4 i varje k\u00f6k.","breadcrumb":{"@id":"https:\/\/www.snek.se\/no\/plockhugget-2\/#breadcrumb"},"inLanguage":"nb-NO","potentialAction":[{"@type":"ReadAction","target":["https:\/\/www.snek.se\/no\/plockhugget-2\/"]}]},{"@type":"ImageObject","inLanguage":"nb-NO","@id":"https:\/\/www.snek.se\/no\/plockhugget-2\/#primaryimage","url":"https:\/\/www.snek.se\/wp-content\/uploads\/2025\/07\/01-1-scaled.jpg","contentUrl":"https:\/\/www.snek.se\/wp-content\/uploads\/2025\/07\/01-1-scaled.jpg","width":2560,"height":1707},{"@type":"BreadcrumbList","@id":"https:\/\/www.snek.se\/no\/plockhugget-2\/#breadcrumb","itemListElement":[{"@type":"ListItem","position":1,"name":"Hem","item":"https:\/\/www.snek.se\/no\/"},{"@type":"ListItem","position":2,"name":"Plockhugget"}]},{"@type":"WebSite","@id":"https:\/\/www.snek.se\/no\/#website","url":"https:\/\/www.snek.se\/no\/","name":"Sn\u00eak","description":"Snickrade k\u00f6k fr\u00e5n Norrbotten","publisher":{"@id":"https:\/\/www.snek.se\/no\/#organization"},"potentialAction":[{"@type":"SearchAction","target":{"@type":"EntryPoint","urlTemplate":"https:\/\/www.snek.se\/no\/?s={search_term_string}"},"query-input":{"@type":"PropertyValueSpecification","valueRequired":true,"valueName":"search_term_string"}}],"inLanguage":"nb-NO"},{"@type":"Organization","@id":"https:\/\/www.snek.se\/no\/#organization","name":"Sn\u00eak","url":"https:\/\/www.snek.se\/no\/","logo":{"@type":"ImageObject","inLanguage":"nb-NO","@id":"https:\/\/www.snek.se\/no\/#\/schema\/logo\/image\/","url":"https:\/\/www.snek.se\/wp-content\/uploads\/2026\/01\/snek-logotyp-insta-scaled.jpg","contentUrl":"https:\/\/www.snek.se\/wp-content\/uploads\/2026\/01\/snek-logotyp-insta-scaled.jpg","width":2560,"height":2560,"caption":"Sn\u00eak"},"image":{"@id":"https:\/\/www.snek.se\/no\/#\/schema\/logo\/image\/"},"sameAs":["https:\/\/www.facebook.com\/snekkitchens\/","https:\/\/www.instagram.com\/snek.kok\/","https:\/\/www.linkedin.com\/company\/snek-kok\/","https:\/\/se.pinterest.com\/SnekKitchens\/","https:\/\/www.youtube.com\/channel\/UCT9DWn-4DMpKHHqbRXV4bZQ\/"]}]}},"_links":{"self":[{"href":"https:\/\/www.snek.se\/no\/wp-json\/wp\/v2\/pages\/154420","targetHints":{"allow":["GET"]}}],"collection":[{"href":"https:\/\/www.snek.se\/no\/wp-json\/wp\/v2\/pages"}],"about":[{"href":"https:\/\/www.snek.se\/no\/wp-json\/wp\/v2\/types\/page"}],"replies":[{"embeddable":true,"href":"https:\/\/www.snek.se\/no\/wp-json\/wp\/v2\/comments?post=154420"}],"version-history":[{"count":1,"href":"https:\/\/www.snek.se\/no\/wp-json\/wp\/v2\/pages\/154420\/revisions"}],"predecessor-version":[{"id":154421,"href":"https:\/\/www.snek.se\/no\/wp-json\/wp\/v2\/pages\/154420\/revisions\/154421"}],"wp:featuredmedia":[{"embeddable":true,"href":"https:\/\/www.snek.se\/no\/wp-json\/wp\/v2\/media\/144713"}],"wp:attachment":[{"href":"https:\/\/www.snek.se\/no\/wp-json\/wp\/v2\/media?parent=154420"}],"curies":[{"name":"wp","href":"https:\/\/api.w.org\/{rel}","templated":true}]}}