{"id":154384,"date":"2026-04-08T18:31:22","date_gmt":"2026-04-08T16:31:22","guid":{"rendered":"https:\/\/www.snek.se\/kjokkenplanlegging-avstemming\/"},"modified":"2026-04-08T18:31:22","modified_gmt":"2026-04-08T16:31:22","slug":"kjokkenplanlegging-avstemming","status":"publish","type":"page","link":"https:\/\/www.snek.se\/no\/kjokkenplanlegging-avstemming\/","title":{"rendered":"Kj\u00f8kkenplanlegging og avstemming"},"content":{"rendered":"<h2>Avst\u00e4mning med k\u00f6ksplanerare<\/h2>\n<p>\t\tF\u00f6r dig som vill boka m\u00f6te med en k\u00f6ksplanerare.<\/p>\n<iframe src=\"https:\/\/www.snek.se\/no\/wp-json\/ssa\/v1\/embed-inner?integration&type=avstamning&label&types=8&edit&view&payment_provider&ssa_locale=nb_NO&ssa_is_rtl&sid=8ccf630a1c4487add841ca7e9372a8d39a31a1f0&availability_start_date&availability_end_date&suggest_first_available&suggest_first_available_within_minutes&flow&fallback_flow&time_view&date_view&appointment_types_view&version&accent_color&background&padding&font&booking_url=https%3A%2F%2Fwww.snek.se%2Fno%2Fkjokkenplanlegging-avstemming%2F&booking_post_id=154384&booking_title=Kj%C3%B8kkenplanlegging+og+avstemming&_wpnonce=0a81498dc6&redirect_post_id&mepr_membership_id#\/\" height=\"400px\" width=\"100%\" name=\"ssa_booking\" loading=\"eager\" frameborder=\"0\" data-skip-lazy=\"1\" class=\"ssa_booking_iframe skip-lazy\" title=\"Book a time\"><\/iframe>\n","protected":false},"excerpt":{"rendered":"<p>Avst\u00e4mning med k\u00f6ksplanerare F\u00f6r dig som vill boka m\u00f6te med en k\u00f6ksplanerare.<\/p>\n","protected":false},"author":0,"featured_media":145691,"parent":0,"menu_order":0,"comment_status":"closed","ping_status":"closed","template":"elementor_canvas","meta":{"_acf_changed":false,"footnotes":""},"class_list":["post-154384","page","type-page","status-publish","has-post-thumbnail","hentry"],"acf":[],"yoast_head":"<!-- This site is optimized with the Yoast SEO plugin v27.2 - https:\/\/yoast.com\/product\/yoast-seo-wordpress\/ -->\n<title>Kj\u00f8kkenplanlegging og avstemming | Sn\u00eak<\/title>\n<meta name=\"description\" content=\"Boka tid f\u00f6r k\u00f6ksplanering och avst\u00e4mning med Sn\u00eak. Vi erbjuder personliga m\u00f6ten digitalt och p\u00e5 plats.\" \/>\n<meta name=\"robots\" content=\"index, follow, max-snippet:-1, max-image-preview:large, max-video-preview:-1\" \/>\n<link rel=\"canonical\" href=\"https:\/\/www.snek.se\/no\/kjokkenplanlegging-avstemming\/\" \/>\n<meta property=\"og:locale\" content=\"nb_NO\" \/>\n<meta property=\"og:type\" content=\"article\" \/>\n<meta property=\"og:title\" content=\"Kj\u00f8kkenplanlegging og avstemming | Sn\u00eak\" \/>\n<meta property=\"og:description\" content=\"Boka tid f\u00f6r k\u00f6ksplanering och avst\u00e4mning med Sn\u00eak. Vi erbjuder personliga m\u00f6ten digitalt och p\u00e5 plats.\" \/>\n<meta property=\"og:url\" content=\"https:\/\/www.snek.se\/no\/kjokkenplanlegging-avstemming\/\" \/>\n<meta property=\"og:site_name\" content=\"Sn\u00eak\" \/>\n<meta property=\"article:publisher\" content=\"https:\/\/www.facebook.com\/snekkitchens\/\" \/>\n<meta property=\"og:image\" content=\"https:\/\/www.snek.se\/wp-content\/uploads\/2025\/07\/IMG_0967.jpg\" \/>\n\t<meta property=\"og:image:width\" content=\"1320\" \/>\n\t<meta property=\"og:image:height\" content=\"1638\" \/>\n\t<meta property=\"og:image:type\" content=\"image\/jpeg\" \/>\n<meta name=\"twitter:card\" content=\"summary_large_image\" \/>\n<meta name=\"twitter:label1\" content=\"Est. reading time\" \/>\n\t<meta name=\"twitter:data1\" content=\"1 minute\" \/>\n<script type=\"application\/ld+json\" class=\"yoast-schema-graph\">{\"@context\":\"https:\/\/schema.org\",\"@graph\":[{\"@type\":\"WebPage\",\"@id\":\"https:\/\/www.snek.se\/no\/kjokkenplanlegging-avstemming\/\",\"url\":\"https:\/\/www.snek.se\/no\/kjokkenplanlegging-avstemming\/\",\"name\":\"Kj\u00f8kkenplanlegging og avstemming | Sn\u00eak\",\"isPartOf\":{\"@id\":\"https:\/\/www.snek.se\/no\/#website\"},\"primaryImageOfPage\":{\"@id\":\"https:\/\/www.snek.se\/no\/kjokkenplanlegging-avstemming\/#primaryimage\"},\"image\":{\"@id\":\"https:\/\/www.snek.se\/no\/kjokkenplanlegging-avstemming\/#primaryimage\"},\"thumbnailUrl\":\"https:\/\/www.snek.se\/wp-content\/uploads\/2025\/07\/IMG_0967.jpg\",\"datePublished\":\"2026-04-08T16:31:22+00:00\",\"description\":\"Boka tid f\u00f6r k\u00f6ksplanering och avst\u00e4mning med Sn\u00eak. Vi erbjuder personliga m\u00f6ten digitalt och p\u00e5 plats.\",\"breadcrumb\":{\"@id\":\"https:\/\/www.snek.se\/no\/kjokkenplanlegging-avstemming\/#breadcrumb\"},\"inLanguage\":\"nb-NO\",\"potentialAction\":[{\"@type\":\"ReadAction\",\"target\":[\"https:\/\/www.snek.se\/no\/kjokkenplanlegging-avstemming\/\"]}]},{\"@type\":\"ImageObject\",\"inLanguage\":\"nb-NO\",\"@id\":\"https:\/\/www.snek.se\/no\/kjokkenplanlegging-avstemming\/#primaryimage\",\"url\":\"https:\/\/www.snek.se\/wp-content\/uploads\/2025\/07\/IMG_0967.jpg\",\"contentUrl\":\"https:\/\/www.snek.se\/wp-content\/uploads\/2025\/07\/IMG_0967.jpg\",\"width\":1320,\"height\":1638},{\"@type\":\"BreadcrumbList\",\"@id\":\"https:\/\/www.snek.se\/no\/kjokkenplanlegging-avstemming\/#breadcrumb\",\"itemListElement\":[{\"@type\":\"ListItem\",\"position\":1,\"name\":\"Hem\",\"item\":\"https:\/\/www.snek.se\/no\/\"},{\"@type\":\"ListItem\",\"position\":2,\"name\":\"Kj\u00f8kkenplanlegging og avstemming\"}]},{\"@type\":\"WebSite\",\"@id\":\"https:\/\/www.snek.se\/no\/#website\",\"url\":\"https:\/\/www.snek.se\/no\/\",\"name\":\"Sn\u00eak\",\"description\":\"Snickrade k\u00f6k fr\u00e5n Norrbotten\",\"publisher\":{\"@id\":\"https:\/\/www.snek.se\/no\/#organization\"},\"potentialAction\":[{\"@type\":\"SearchAction\",\"target\":{\"@type\":\"EntryPoint\",\"urlTemplate\":\"https:\/\/www.snek.se\/no\/?s={search_term_string}\"},\"query-input\":{\"@type\":\"PropertyValueSpecification\",\"valueRequired\":true,\"valueName\":\"search_term_string\"}}],\"inLanguage\":\"nb-NO\"},{\"@type\":\"Organization\",\"@id\":\"https:\/\/www.snek.se\/no\/#organization\",\"name\":\"Sn\u00eak\",\"url\":\"https:\/\/www.snek.se\/no\/\",\"logo\":{\"@type\":\"ImageObject\",\"inLanguage\":\"nb-NO\",\"@id\":\"https:\/\/www.snek.se\/no\/#\/schema\/logo\/image\/\",\"url\":\"https:\/\/www.snek.se\/wp-content\/uploads\/2026\/01\/snek-logotyp-insta-scaled.jpg\",\"contentUrl\":\"https:\/\/www.snek.se\/wp-content\/uploads\/2026\/01\/snek-logotyp-insta-scaled.jpg\",\"width\":2560,\"height\":2560,\"caption\":\"Sn\u00eak\"},\"image\":{\"@id\":\"https:\/\/www.snek.se\/no\/#\/schema\/logo\/image\/\"},\"sameAs\":[\"https:\/\/www.facebook.com\/snekkitchens\/\",\"https:\/\/www.instagram.com\/snek.kok\/\",\"https:\/\/www.linkedin.com\/company\/snek-kok\/\",\"https:\/\/se.pinterest.com\/SnekKitchens\/\",\"https:\/\/www.youtube.com\/channel\/UCT9DWn-4DMpKHHqbRXV4bZQ\/\"]}]}<\/script>\n<!-- \/ Yoast SEO plugin. -->","yoast_head_json":{"title":"Kj\u00f8kkenplanlegging og avstemming | Sn\u00eak","description":"Boka tid f\u00f6r k\u00f6ksplanering och avst\u00e4mning med Sn\u00eak. Vi erbjuder personliga m\u00f6ten digitalt och p\u00e5 plats.","robots":{"index":"index","follow":"follow","max-snippet":"max-snippet:-1","max-image-preview":"max-image-preview:large","max-video-preview":"max-video-preview:-1"},"canonical":"https:\/\/www.snek.se\/no\/kjokkenplanlegging-avstemming\/","og_locale":"nb_NO","og_type":"article","og_title":"Kj\u00f8kkenplanlegging og avstemming | Sn\u00eak","og_description":"Boka tid f\u00f6r k\u00f6ksplanering och avst\u00e4mning med Sn\u00eak. Vi erbjuder personliga m\u00f6ten digitalt och p\u00e5 plats.","og_url":"https:\/\/www.snek.se\/no\/kjokkenplanlegging-avstemming\/","og_site_name":"Sn\u00eak","article_publisher":"https:\/\/www.facebook.com\/snekkitchens\/","og_image":[{"width":1320,"height":1638,"url":"https:\/\/www.snek.se\/wp-content\/uploads\/2025\/07\/IMG_0967.jpg","type":"image\/jpeg"}],"twitter_card":"summary_large_image","twitter_misc":{"Est. reading time":"1 minute"},"schema":{"@context":"https:\/\/schema.org","@graph":[{"@type":"WebPage","@id":"https:\/\/www.snek.se\/no\/kjokkenplanlegging-avstemming\/","url":"https:\/\/www.snek.se\/no\/kjokkenplanlegging-avstemming\/","name":"Kj\u00f8kkenplanlegging og avstemming | Sn\u00eak","isPartOf":{"@id":"https:\/\/www.snek.se\/no\/#website"},"primaryImageOfPage":{"@id":"https:\/\/www.snek.se\/no\/kjokkenplanlegging-avstemming\/#primaryimage"},"image":{"@id":"https:\/\/www.snek.se\/no\/kjokkenplanlegging-avstemming\/#primaryimage"},"thumbnailUrl":"https:\/\/www.snek.se\/wp-content\/uploads\/2025\/07\/IMG_0967.jpg","datePublished":"2026-04-08T16:31:22+00:00","description":"Boka tid f\u00f6r k\u00f6ksplanering och avst\u00e4mning med Sn\u00eak. Vi erbjuder personliga m\u00f6ten digitalt och p\u00e5 plats.","breadcrumb":{"@id":"https:\/\/www.snek.se\/no\/kjokkenplanlegging-avstemming\/#breadcrumb"},"inLanguage":"nb-NO","potentialAction":[{"@type":"ReadAction","target":["https:\/\/www.snek.se\/no\/kjokkenplanlegging-avstemming\/"]}]},{"@type":"ImageObject","inLanguage":"nb-NO","@id":"https:\/\/www.snek.se\/no\/kjokkenplanlegging-avstemming\/#primaryimage","url":"https:\/\/www.snek.se\/wp-content\/uploads\/2025\/07\/IMG_0967.jpg","contentUrl":"https:\/\/www.snek.se\/wp-content\/uploads\/2025\/07\/IMG_0967.jpg","width":1320,"height":1638},{"@type":"BreadcrumbList","@id":"https:\/\/www.snek.se\/no\/kjokkenplanlegging-avstemming\/#breadcrumb","itemListElement":[{"@type":"ListItem","position":1,"name":"Hem","item":"https:\/\/www.snek.se\/no\/"},{"@type":"ListItem","position":2,"name":"Kj\u00f8kkenplanlegging og avstemming"}]},{"@type":"WebSite","@id":"https:\/\/www.snek.se\/no\/#website","url":"https:\/\/www.snek.se\/no\/","name":"Sn\u00eak","description":"Snickrade k\u00f6k fr\u00e5n Norrbotten","publisher":{"@id":"https:\/\/www.snek.se\/no\/#organization"},"potentialAction":[{"@type":"SearchAction","target":{"@type":"EntryPoint","urlTemplate":"https:\/\/www.snek.se\/no\/?s={search_term_string}"},"query-input":{"@type":"PropertyValueSpecification","valueRequired":true,"valueName":"search_term_string"}}],"inLanguage":"nb-NO"},{"@type":"Organization","@id":"https:\/\/www.snek.se\/no\/#organization","name":"Sn\u00eak","url":"https:\/\/www.snek.se\/no\/","logo":{"@type":"ImageObject","inLanguage":"nb-NO","@id":"https:\/\/www.snek.se\/no\/#\/schema\/logo\/image\/","url":"https:\/\/www.snek.se\/wp-content\/uploads\/2026\/01\/snek-logotyp-insta-scaled.jpg","contentUrl":"https:\/\/www.snek.se\/wp-content\/uploads\/2026\/01\/snek-logotyp-insta-scaled.jpg","width":2560,"height":2560,"caption":"Sn\u00eak"},"image":{"@id":"https:\/\/www.snek.se\/no\/#\/schema\/logo\/image\/"},"sameAs":["https:\/\/www.facebook.com\/snekkitchens\/","https:\/\/www.instagram.com\/snek.kok\/","https:\/\/www.linkedin.com\/company\/snek-kok\/","https:\/\/se.pinterest.com\/SnekKitchens\/","https:\/\/www.youtube.com\/channel\/UCT9DWn-4DMpKHHqbRXV4bZQ\/"]}]}},"_links":{"self":[{"href":"https:\/\/www.snek.se\/no\/wp-json\/wp\/v2\/pages\/154384","targetHints":{"allow":["GET"]}}],"collection":[{"href":"https:\/\/www.snek.se\/no\/wp-json\/wp\/v2\/pages"}],"about":[{"href":"https:\/\/www.snek.se\/no\/wp-json\/wp\/v2\/types\/page"}],"replies":[{"embeddable":true,"href":"https:\/\/www.snek.se\/no\/wp-json\/wp\/v2\/comments?post=154384"}],"version-history":[{"count":1,"href":"https:\/\/www.snek.se\/no\/wp-json\/wp\/v2\/pages\/154384\/revisions"}],"predecessor-version":[{"id":154385,"href":"https:\/\/www.snek.se\/no\/wp-json\/wp\/v2\/pages\/154384\/revisions\/154385"}],"wp:featuredmedia":[{"embeddable":true,"href":"https:\/\/www.snek.se\/no\/wp-json\/wp\/v2\/media\/145691"}],"wp:attachment":[{"href":"https:\/\/www.snek.se\/no\/wp-json\/wp\/v2\/media?parent=154384"}],"curies":[{"name":"wp","href":"https:\/\/api.w.org\/{rel}","templated":true}]}}