{"id":154372,"date":"2026-04-08T18:29:19","date_gmt":"2026-04-08T16:29:19","guid":{"rendered":"https:\/\/www.snek.se\/personvernerklaering\/"},"modified":"2026-04-08T19:15:53","modified_gmt":"2026-04-08T17:15:53","slug":"personvernerklaering","status":"publish","type":"page","link":"https:\/\/www.snek.se\/no\/personvernerklaering\/","title":{"rendered":"Personvernerkl\u00e6ring"},"content":{"rendered":"\t\t<div data-elementor-type=\"wp-page\" data-elementor-id=\"154372\" class=\"elementor elementor-154372 elementor-936\" data-elementor-post-type=\"page\">\n\t\t\t\t<div class=\"elementor-element elementor-element-26a33bf e-con-full e-flex e-con e-parent\" data-id=\"26a33bf\" data-element_type=\"container\" data-e-type=\"container\">\n\t\t<div class=\"elementor-element elementor-element-1459d9a e-con-full e-flex e-con e-child\" data-id=\"1459d9a\" data-element_type=\"container\" data-e-type=\"container\">\n\t\t\t\t<div class=\"elementor-element elementor-element-dbc599d elementor-widget elementor-widget-heading\" data-id=\"dbc599d\" data-element_type=\"widget\" data-e-type=\"widget\" data-widget_type=\"heading.default\">\n\t\t\t\t<div class=\"elementor-widget-container\">\n\t\t\t\t\t<h1 class=\"elementor-heading-title elementor-size-default\">Personvernerkl\u00e6ring<\/h1>\t\t\t\t<\/div>\n\t\t\t\t<\/div>\n\t\t\t\t<div class=\"elementor-element elementor-element-aa3e62c elementor-widget__width-initial elementor-widget elementor-widget-text-editor\" data-id=\"aa3e62c\" data-element_type=\"widget\" data-e-type=\"widget\" data-widget_type=\"text-editor.default\">\n\t\t\t\t<div class=\"elementor-widget-container\">\n\t\t\t\t\t\t\t\t\t<p>Chez Sn\u00eak Aktiebolag, nous attachons une grande importance \u00e0 votre vie priv\u00e9e. Vi behandlar dina personuppgifter i enlighet med g\u00e4llande dataskyddslagstiftning (GDPR) og samlar endast in den information som \u00e4r n\u00f6dv\u00e4ndig for \u00e5 kunna erbjuda v\u00e5ra tj\u00e4nster, fullg\u00f6ra v\u00e5ra avtal og skapa en b\u00e4ttre kundupplevelse.<\/p><p>Denna policy beskriver vilken information vi samlar in, varf\u00f6r vi g\u00f6r det, hur den anv\u00e4nds, samt vilka r\u00e4ttigheter du har. Om du har n\u00e5gra fr\u00e5gor \u00e4r du alltid v\u00e4lkommen \u00e5 kontakta oss.<\/p><p><strong>Personuppgiftsansvarig:<\/strong><br class=\"soft-break\" \/>Sn\u00eak Aktiebolag (org.nr 559206-5055)<br class=\"soft-break\" \/>info@snek.se<\/p>\t\t\t\t\t\t\t\t<\/div>\n\t\t\t\t<\/div>\n\t\t\t\t<\/div>\n\t\t\t\t<\/div>\n\t\t<div class=\"elementor-element elementor-element-209ccf3 e-flex e-con-boxed e-con e-parent\" data-id=\"209ccf3\" data-element_type=\"container\" data-e-type=\"container\">\n\t\t\t\t\t<div class=\"e-con-inner\">\n\t\t<div class=\"elementor-element elementor-element-b25ecc7 e-con-full e-flex e-con e-child\" data-id=\"b25ecc7\" data-element_type=\"container\" data-e-type=\"container\">\n\t\t\t\t<div class=\"elementor-element elementor-element-634bbbe elementor-widget elementor-widget-heading\" data-id=\"634bbbe\" data-element_type=\"widget\" data-e-type=\"widget\" data-widget_type=\"heading.default\">\n\t\t\t\t<div class=\"elementor-widget-container\">\n\t\t\t\t\t<h2 class=\"elementor-heading-title elementor-size-default\">Tilbudsforesp\u00f8rsler<\/h2>\t\t\t\t<\/div>\n\t\t\t\t<\/div>\n\t\t\t\t<div class=\"elementor-element elementor-element-79007b5 elementor-widget elementor-widget-text-editor\" data-id=\"79007b5\" data-element_type=\"widget\" data-e-type=\"widget\" data-widget_type=\"text-editor.default\">\n\t\t\t\t<div class=\"elementor-widget-container\">\n\t\t\t\t\t\t\t\t\t<p>Ved tilbudsforesp\u00f8rsler behandler vi:<\/p>\n<ul>\n<li>Namn<\/li>\n<li>Adress, telefonnummer, e-post<\/li>\n<li>Personnummer<\/li>\n<li>Leveringinformation<\/li>\n<\/ul>\n<p><strong>Syfte:<\/strong>&nbsp;F\u00f6r att kunna ge offert och fullf\u00f6lja v\u00e5ra \u00e5taganden.<\/p>\n<p data-start=\"1879\" data-end=\"1998\"><strong data-start=\"1879\" data-end=\"1924\">F\u00f6rfr\u00e5gningar\/lead &amp; ej antagna offerter:<\/strong> upp till <strong data-start=\"1934\" data-end=\"1948\">12 m\u00e5nader<\/strong> efter senaste kontakt om inget uppdrag uppst\u00e5r.<\/p>\t\t\t\t\t\t\t\t<\/div>\n\t\t\t\t<\/div>\n\t\t\t\t<\/div>\n\t\t<div class=\"elementor-element elementor-element-a203b57 e-con-full e-flex e-con e-child\" data-id=\"a203b57\" data-element_type=\"container\" data-e-type=\"container\" data-settings=\"{&quot;background_background&quot;:&quot;classic&quot;}\">\n\t\t\t\t<div class=\"elementor-element elementor-element-24846bf elementor-widget elementor-widget-heading\" data-id=\"24846bf\" data-element_type=\"widget\" data-e-type=\"widget\" data-widget_type=\"heading.default\">\n\t\t\t\t<div class=\"elementor-widget-container\">\n\t\t\t\t\t<h2 class=\"elementor-heading-title elementor-size-default\">Bestillinger og kj\u00f8p<\/h2>\t\t\t\t<\/div>\n\t\t\t\t<\/div>\n\t\t\t\t<div class=\"elementor-element elementor-element-32a9d16 elementor-widget elementor-widget-text-editor\" data-id=\"32a9d16\" data-element_type=\"widget\" data-e-type=\"widget\" data-widget_type=\"text-editor.default\">\n\t\t\t\t<div class=\"elementor-widget-container\">\n\t\t\t\t\t\t\t\t\t<p>Vid best\u00e4llning hanterar vi:<\/p><ul><li>Namn<\/li><li>Adress, telefonnummer, e-post<\/li><li>Personnummer<\/li><li>Betalningsinformation<\/li><li>Information om best\u00e4llningen<\/li><\/ul><p><strong>Syfte:<\/strong>\u00a0F\u00f6r att kunna fullf\u00f6lja k\u00f6peavtal, leverans och garanti.<br class=\"soft-break\" \/><strong>Lagringstid:<\/strong>\u00a0Uppgifterna sparas i 7 \u00e5r enligt bokf\u00f6ringslagen. Efter det raderas personuppgifterna, men viss orderinformation kan sparas l\u00e4ngre for garanti- og reklamations\u00e4ndam\u00e5l.<\/p>\t\t\t\t\t\t\t\t<\/div>\n\t\t\t\t<\/div>\n\t\t\t\t<\/div>\n\t\t\t\t\t<\/div>\n\t\t\t\t<\/div>\n\t\t<div class=\"elementor-element elementor-element-a841392 e-flex e-con-boxed e-con e-parent\" data-id=\"a841392\" data-element_type=\"container\" data-e-type=\"container\">\n\t\t\t\t\t<div class=\"e-con-inner\">\n\t\t<div class=\"elementor-element elementor-element-2f985f1 e-con-full e-flex e-con e-child\" data-id=\"2f985f1\" data-element_type=\"container\" data-e-type=\"container\">\n\t\t\t\t<div class=\"elementor-element elementor-element-a87bda5 elementor-widget elementor-widget-heading\" data-id=\"a87bda5\" data-element_type=\"widget\" data-e-type=\"widget\" data-widget_type=\"heading.default\">\n\t\t\t\t<div class=\"elementor-widget-container\">\n\t\t\t\t\t<h2 class=\"elementor-heading-title elementor-size-default\">Kundeopplevelse og personalisering<\/h2>\t\t\t\t<\/div>\n\t\t\t\t<\/div>\n\t\t\t\t<div class=\"elementor-element elementor-element-c9b03e9 elementor-widget elementor-widget-text-editor\" data-id=\"c9b03e9\" data-element_type=\"widget\" data-e-type=\"widget\" data-widget_type=\"text-editor.default\">\n\t\t\t\t<div class=\"elementor-widget-container\">\n\t\t\t\t\t\t\t\t\t<p>F\u00f6r \u00e5 ge en anpassad upplevelse p\u00e5 v\u00e5r webbplats behandlar vi:<\/p><ul><li>IP-adress<\/li><li>Cookies og klickhistorik<\/li><\/ul><p><strong>Syfte:<\/strong>\u00a0Att ge dig relevanta produktrekommendationer och en smidigare upplevelse p\u00e5 sajten.<br class=\"soft-break\" \/><strong>Lagringstid:<\/strong>\u00a0Uppgifterna sparas i max 12 m\u00e5nader fr\u00e5n senaste aktivitet. Du kan n\u00e4r som helst beg\u00e4ra \u00e5 uppgifterna raderas.<\/p><p>Mer information finns i v\u00e5r\u00a0<a href=\"https:\/\/www.snek.se\/integritetspolicy\/#\" target=\"_blank\" rel=\"noopener noreferrer\">cookiepolicy<\/a>.<\/p>\t\t\t\t\t\t\t\t<\/div>\n\t\t\t\t<\/div>\n\t\t\t\t<\/div>\n\t\t<div class=\"elementor-element elementor-element-cba6d15 e-con-full e-flex e-con e-child\" data-id=\"cba6d15\" data-element_type=\"container\" data-e-type=\"container\">\n\t\t\t\t<div class=\"elementor-element elementor-element-386f944 elementor-widget elementor-widget-spacer\" data-id=\"386f944\" data-element_type=\"widget\" data-e-type=\"widget\" data-widget_type=\"spacer.default\">\n\t\t\t\t<div class=\"elementor-widget-container\">\n\t\t\t\t\t\t\t<div class=\"elementor-spacer\">\n\t\t\t<div class=\"elementor-spacer-inner\"><\/div>\n\t\t<\/div>\n\t\t\t\t\t\t<\/div>\n\t\t\t\t<\/div>\n\t\t\t\t<\/div>\n\t\t\t\t\t<\/div>\n\t\t\t\t<\/div>\n\t\t<div class=\"elementor-element elementor-element-e3e0da7 e-flex e-con-boxed e-con e-parent\" data-id=\"e3e0da7\" data-element_type=\"container\" data-e-type=\"container\">\n\t\t\t\t\t<div class=\"e-con-inner\">\n\t\t<div class=\"elementor-element elementor-element-e8134ff e-con-full e-flex e-con e-child\" data-id=\"e8134ff\" data-element_type=\"container\" data-e-type=\"container\">\n\t\t\t\t<div class=\"elementor-element elementor-element-20f8885 elementor-widget elementor-widget-heading\" data-id=\"20f8885\" data-element_type=\"widget\" data-e-type=\"widget\" data-widget_type=\"heading.default\">\n\t\t\t\t<div class=\"elementor-widget-container\">\n\t\t\t\t\t<h2 class=\"elementor-heading-title elementor-size-default\">Markedsf\u00f8ring<\/h2>\t\t\t\t<\/div>\n\t\t\t\t<\/div>\n\t\t\t\t<div class=\"elementor-element elementor-element-fe13506 elementor-widget elementor-widget-text-editor\" data-id=\"fe13506\" data-element_type=\"widget\" data-e-type=\"widget\" data-widget_type=\"text-editor.default\">\n\t\t\t\t<div class=\"elementor-widget-container\">\n\t\t\t\t\t\t\t\t\t<p>F\u00f6r \u00e5 marknadsfora v\u00e5ra produkter hanterar vi:<\/p><ul><li>IP-adress<\/li><li>Cookies, klick- og bes\u00f6kshistorik<\/li><li>Ordernummer<\/li><\/ul><p><strong>Syfte:<\/strong>\u00a0Att visa relevanta annonser och erbjudanden, b\u00e5de p\u00e5 v\u00e5r sajt och genom externa partners.<br class=\"soft-break\" \/><strong>Lagringstid:<\/strong>\u00a0Uppgifterna sparas i upp till 12 m\u00e5nader efter senaste aktivitet.<br class=\"soft-break\" \/><strong>Laglig grund:<\/strong>\u00a0Ber\u00e4ttigat intresse. Vid nyhetsbrev og kundunders\u00f6kningar kr\u00e4vs uttryckligt samtycke.<\/p>\t\t\t\t\t\t\t\t<\/div>\n\t\t\t\t<\/div>\n\t\t\t\t<\/div>\n\t\t<div class=\"elementor-element elementor-element-812faab e-con-full e-flex e-con e-child\" data-id=\"812faab\" data-element_type=\"container\" data-e-type=\"container\">\n\t\t\t\t<div class=\"elementor-element elementor-element-d407855 elementor-widget elementor-widget-heading\" data-id=\"d407855\" data-element_type=\"widget\" data-e-type=\"widget\" data-widget_type=\"heading.default\">\n\t\t\t\t<div class=\"elementor-widget-container\">\n\t\t\t\t\t<h2 class=\"elementor-heading-title elementor-size-default\">Nyhetsbrev og kundeunders\u00f8kelser<\/h2>\t\t\t\t<\/div>\n\t\t\t\t<\/div>\n\t\t\t\t<div class=\"elementor-element elementor-element-41853a2 elementor-widget elementor-widget-text-editor\" data-id=\"41853a2\" data-element_type=\"widget\" data-e-type=\"widget\" data-widget_type=\"text-editor.default\">\n\t\t\t\t<div class=\"elementor-widget-container\">\n\t\t\t\t\t\t\t\t\t<p>Om du samtycker till \u00e5 ta emot nyhetsbrev hanterar vi:<\/p><ul><li>Namn<\/li><li>Adress, telefonnummer, e-post<\/li><li>Frivilligt inl\u00e4mnade uppgifter s\u00e5som feedback eller \u00e5sikter<\/li><\/ul><p><strong>Lagringstid:<\/strong>\u00a0S\u00e5 l\u00e4nge samtycket \u00e4r giltigt eller tills du \u00e5terkallar det.<\/p>\t\t\t\t\t\t\t\t<\/div>\n\t\t\t\t<\/div>\n\t\t\t\t<\/div>\n\t\t\t\t\t<\/div>\n\t\t\t\t<\/div>\n\t\t<div class=\"elementor-element elementor-element-f5b5991 e-flex e-con-boxed e-con e-parent\" data-id=\"f5b5991\" data-element_type=\"container\" data-e-type=\"container\">\n\t\t\t\t\t<div class=\"e-con-inner\">\n\t\t<div class=\"elementor-element elementor-element-db3aaef e-con-full e-flex e-con e-child\" data-id=\"db3aaef\" data-element_type=\"container\" data-e-type=\"container\">\n\t\t\t\t<div class=\"elementor-element elementor-element-bdcfa81 elementor-widget elementor-widget-heading\" data-id=\"bdcfa81\" data-element_type=\"widget\" data-e-type=\"widget\" data-widget_type=\"heading.default\">\n\t\t\t\t<div class=\"elementor-widget-container\">\n\t\t\t\t\t<h2 class=\"elementor-heading-title elementor-size-default\">Produktutvikling og <br>forbedring av tjeneste<\/h2>\t\t\t\t<\/div>\n\t\t\t\t<\/div>\n\t\t\t\t<div class=\"elementor-element elementor-element-d6a8a3e elementor-widget elementor-widget-text-editor\" data-id=\"d6a8a3e\" data-element_type=\"widget\" data-e-type=\"widget\" data-widget_type=\"text-editor.default\">\n\t\t\t\t<div class=\"elementor-widget-container\">\n\t\t\t\t\t\t\t\t\t<p><strong>Vi behandlar:<\/strong><\/p><ul><li>K\u00f6phistorik og anv\u00e4ndarbeteende<\/li><li>Teknisk data (enhet, webbl\u00e4sare, operativsystem, spr\u00e5k, IP-adress)<\/li><li>Interaktion med v\u00e5r sajt (bes\u00f6kstid, klick, felmeddelanden m.m.)<\/li><\/ul><p><strong>Syfte:<\/strong>\u00a0Att f\u00f6rb\u00e4ttra och utveckla v\u00e5ra tj\u00e4nster, erbjudanden och funktioner.<br class=\"soft-break\" \/><strong>Behandling:<\/strong>\u00a0All analys sker p\u00e5 aggregerad niv\u00e5 eller avidentifieras inom 12 m\u00e5nader.<br class=\"soft-break\" \/>Om du \u00e5terkommer inom 24 m\u00e5nader kan vi koppla dina data till tidigare bes\u00f6k \u2013 d\u00e4retter raderas kopplingen.<\/p>\t\t\t\t\t\t\t\t<\/div>\n\t\t\t\t<\/div>\n\t\t\t\t<\/div>\n\t\t<div class=\"elementor-element elementor-element-54b641a e-con-full e-flex e-con e-child\" data-id=\"54b641a\" data-element_type=\"container\" data-e-type=\"container\">\n\t\t\t\t<div class=\"elementor-element elementor-element-f0a75ff elementor-widget elementor-widget-spacer\" data-id=\"f0a75ff\" data-element_type=\"widget\" data-e-type=\"widget\" data-widget_type=\"spacer.default\">\n\t\t\t\t<div class=\"elementor-widget-container\">\n\t\t\t\t\t\t\t<div class=\"elementor-spacer\">\n\t\t\t<div class=\"elementor-spacer-inner\"><\/div>\n\t\t<\/div>\n\t\t\t\t\t\t<\/div>\n\t\t\t\t<\/div>\n\t\t\t\t<\/div>\n\t\t\t\t\t<\/div>\n\t\t\t\t<\/div>\n\t\t<div class=\"elementor-element elementor-element-d87aff7 e-flex e-con-boxed e-con e-parent\" data-id=\"d87aff7\" data-element_type=\"container\" data-e-type=\"container\">\n\t\t\t\t\t<div class=\"e-con-inner\">\n\t\t<div class=\"elementor-element elementor-element-2e13b36 e-con-full e-flex e-con e-child\" data-id=\"2e13b36\" data-element_type=\"container\" data-e-type=\"container\" data-settings=\"{&quot;background_background&quot;:&quot;classic&quot;}\">\n\t\t\t\t<div class=\"elementor-element elementor-element-0f1505f elementor-widget elementor-widget-heading\" data-id=\"0f1505f\" data-element_type=\"widget\" data-e-type=\"widget\" data-widget_type=\"heading.default\">\n\t\t\t\t<div class=\"elementor-widget-container\">\n\t\t\t\t\t<h2 class=\"elementor-heading-title elementor-size-default\">Quincaillerie et produits externes<\/h2>\t\t\t\t<\/div>\n\t\t\t\t<\/div>\n\t\t\t\t<div class=\"elementor-element elementor-element-4f3c773 elementor-widget elementor-widget-text-editor\" data-id=\"4f3c773\" data-element_type=\"widget\" data-e-type=\"widget\" data-widget_type=\"text-editor.default\">\n\t\t\t\t<div class=\"elementor-widget-container\">\n\t\t\t\t\t\t\t\t\t<p><span id=\"miro-copy-source--doc\"><\/span>V\u00e5ra knoppar, handtag og beslag levereras av\u00a0Beslag Online, d\u00e4r du hittar detaljerade\u00a0sk\u00f6tselr\u00e5d og ikkegritetsinformation.<\/p>\t\t\t\t\t\t\t\t<\/div>\n\t\t\t\t<\/div>\n\t\t\t\t<div class=\"elementor-element elementor-element-d5dfd41 elementor-widget elementor-widget-html\" data-id=\"d5dfd41\" data-element_type=\"widget\" data-e-type=\"widget\" data-widget_type=\"html.default\">\n\t\t\t\t<div class=\"elementor-widget-container\">\n\t\t\t\t\t<a href=\"https:\/\/www.snek.se\/samtal-med-koksplanerare\/\" style=\"text-decoration: none;\">\n    <button class=\"bracket-button-w\">\n        Beslag online\n    <\/button>\n<\/a>\t\t\t\t<\/div>\n\t\t\t\t<\/div>\n\t\t\t\t<\/div>\n\t\t<div class=\"elementor-element elementor-element-dda509b e-con-full e-flex e-con e-child\" data-id=\"dda509b\" data-element_type=\"container\" data-e-type=\"container\" data-settings=\"{&quot;background_background&quot;:&quot;classic&quot;}\">\n\t\t\t\t<div class=\"elementor-element elementor-element-3dd7726 elementor-widget elementor-widget-spacer\" data-id=\"3dd7726\" data-element_type=\"widget\" data-e-type=\"widget\" data-widget_type=\"spacer.default\">\n\t\t\t\t<div class=\"elementor-widget-container\">\n\t\t\t\t\t\t\t<div class=\"elementor-spacer\">\n\t\t\t<div class=\"elementor-spacer-inner\"><\/div>\n\t\t<\/div>\n\t\t\t\t\t\t<\/div>\n\t\t\t\t<\/div>\n\t\t\t\t<\/div>\n\t\t\t\t\t<\/div>\n\t\t\t\t<\/div>\n\t\t\t\t<\/div>\n\t\t","protected":false},"excerpt":{"rendered":"<p>Integritetspolicy Hos Sn\u00eak Aktiebolag v\u00e4rnar vi om din personliga integritet. Vi behandlar dina personuppgifter i enlighet med g\u00e4llande dataskyddslagstiftning (GDPR) och samlar endast in den information som \u00e4r n\u00f6dv\u00e4ndig f\u00f6r att kunna erbjuda v\u00e5ra tj\u00e4nster, fullg\u00f6ra v\u00e5ra avtal och skapa en b\u00e4ttre kundupplevelse. Denna policy beskriver vilken information vi samlar in, varf\u00f6r vi g\u00f6r det, [&hellip;]<\/p>\n","protected":false},"author":0,"featured_media":23926,"parent":0,"menu_order":0,"comment_status":"closed","ping_status":"closed","template":"elementor_canvas","meta":{"_acf_changed":false,"footnotes":""},"class_list":["post-154372","page","type-page","status-publish","has-post-thumbnail","hentry"],"acf":[],"yoast_head":"<!-- This site is optimized with the Yoast SEO plugin v27.2 - https:\/\/yoast.com\/product\/yoast-seo-wordpress\/ -->\n<title>Personvernerkl\u00e6ring | Sn\u00eak<\/title>\n<meta name=\"description\" content=\"Slik behandler Sn\u00eak personopplysningene dine. Information enligt GDPR om datainsamling och dina r\u00e4ttigheter.\" \/>\n<meta name=\"robots\" content=\"index, follow, max-snippet:-1, max-image-preview:large, max-video-preview:-1\" \/>\n<link rel=\"canonical\" href=\"https:\/\/www.snek.se\/no\/personvernerklaering\/\" \/>\n<meta property=\"og:locale\" content=\"nb_NO\" \/>\n<meta property=\"og:type\" content=\"article\" \/>\n<meta property=\"og:title\" content=\"Personvernerkl\u00e6ring | Sn\u00eak\" \/>\n<meta property=\"og:description\" content=\"Slik behandler Sn\u00eak personopplysningene dine. Information enligt GDPR om datainsamling och dina r\u00e4ttigheter.\" \/>\n<meta property=\"og:url\" content=\"https:\/\/www.snek.se\/no\/personvernerklaering\/\" \/>\n<meta property=\"og:site_name\" content=\"Sn\u00eak\" \/>\n<meta property=\"article:publisher\" content=\"https:\/\/www.facebook.com\/snekkitchens\/\" \/>\n<meta property=\"article:modified_time\" content=\"2026-04-08T17:15:53+00:00\" \/>\n<meta property=\"og:image\" content=\"https:\/\/www.snek.se\/wp-content\/uploads\/2021\/09\/DSC02514-1-scaled.jpg\" \/>\n\t<meta property=\"og:image:width\" content=\"2560\" \/>\n\t<meta property=\"og:image:height\" content=\"1708\" \/>\n\t<meta property=\"og:image:type\" content=\"image\/jpeg\" \/>\n<meta name=\"twitter:card\" content=\"summary_large_image\" \/>\n<meta name=\"twitter:label1\" content=\"Est. reading time\" \/>\n\t<meta name=\"twitter:data1\" content=\"2 minutes\" \/>\n<script type=\"application\/ld+json\" class=\"yoast-schema-graph\">{\"@context\":\"https:\/\/schema.org\",\"@graph\":[{\"@type\":\"WebPage\",\"@id\":\"https:\/\/www.snek.se\/no\/personvernerklaering\/\",\"url\":\"https:\/\/www.snek.se\/no\/personvernerklaering\/\",\"name\":\"Personvernerkl\u00e6ring | Sn\u00eak\",\"isPartOf\":{\"@id\":\"https:\/\/www.snek.se\/no\/#website\"},\"primaryImageOfPage\":{\"@id\":\"https:\/\/www.snek.se\/no\/personvernerklaering\/#primaryimage\"},\"image\":{\"@id\":\"https:\/\/www.snek.se\/no\/personvernerklaering\/#primaryimage\"},\"thumbnailUrl\":\"https:\/\/www.snek.se\/wp-content\/uploads\/2021\/09\/DSC02514-1-scaled.jpg\",\"datePublished\":\"2026-04-08T16:29:19+00:00\",\"dateModified\":\"2026-04-08T17:15:53+00:00\",\"description\":\"Slik behandler Sn\u00eak personopplysningene dine. Information enligt GDPR om datainsamling och dina r\u00e4ttigheter.\",\"breadcrumb\":{\"@id\":\"https:\/\/www.snek.se\/no\/personvernerklaering\/#breadcrumb\"},\"inLanguage\":\"nb-NO\",\"potentialAction\":[{\"@type\":\"ReadAction\",\"target\":[\"https:\/\/www.snek.se\/no\/personvernerklaering\/\"]}]},{\"@type\":\"ImageObject\",\"inLanguage\":\"nb-NO\",\"@id\":\"https:\/\/www.snek.se\/no\/personvernerklaering\/#primaryimage\",\"url\":\"https:\/\/www.snek.se\/wp-content\/uploads\/2021\/09\/DSC02514-1-scaled.jpg\",\"contentUrl\":\"https:\/\/www.snek.se\/wp-content\/uploads\/2021\/09\/DSC02514-1-scaled.jpg\",\"width\":2560,\"height\":1708},{\"@type\":\"BreadcrumbList\",\"@id\":\"https:\/\/www.snek.se\/no\/personvernerklaering\/#breadcrumb\",\"itemListElement\":[{\"@type\":\"ListItem\",\"position\":1,\"name\":\"Hem\",\"item\":\"https:\/\/www.snek.se\/no\/\"},{\"@type\":\"ListItem\",\"position\":2,\"name\":\"Personvernerkl\u00e6ring\"}]},{\"@type\":\"WebSite\",\"@id\":\"https:\/\/www.snek.se\/no\/#website\",\"url\":\"https:\/\/www.snek.se\/no\/\",\"name\":\"Sn\u00eak\",\"description\":\"H\u00e5ndlagde kj\u00f8kken fra Norrbotten\",\"publisher\":{\"@id\":\"https:\/\/www.snek.se\/no\/#organization\"},\"potentialAction\":[{\"@type\":\"SearchAction\",\"target\":{\"@type\":\"EntryPoint\",\"urlTemplate\":\"https:\/\/www.snek.se\/no\/?s={search_term_string}\"},\"query-input\":{\"@type\":\"PropertyValueSpecification\",\"valueRequired\":true,\"valueName\":\"search_term_string\"}}],\"inLanguage\":\"nb-NO\"},{\"@type\":\"Organization\",\"@id\":\"https:\/\/www.snek.se\/no\/#organization\",\"name\":\"Sn\u00eak\",\"url\":\"https:\/\/www.snek.se\/no\/\",\"logo\":{\"@type\":\"ImageObject\",\"inLanguage\":\"nb-NO\",\"@id\":\"https:\/\/www.snek.se\/no\/#\/schema\/logo\/image\/\",\"url\":\"https:\/\/www.snek.se\/wp-content\/uploads\/2026\/01\/snek-logotyp-insta-scaled.jpg\",\"contentUrl\":\"https:\/\/www.snek.se\/wp-content\/uploads\/2026\/01\/snek-logotyp-insta-scaled.jpg\",\"width\":2560,\"height\":2560,\"caption\":\"Sn\u00eak\"},\"image\":{\"@id\":\"https:\/\/www.snek.se\/no\/#\/schema\/logo\/image\/\"},\"sameAs\":[\"https:\/\/www.facebook.com\/snekkitchens\/\",\"https:\/\/www.instagram.com\/snek.kok\/\",\"https:\/\/www.linkedin.com\/company\/snek-kok\/\",\"https:\/\/se.pinterest.com\/SnekKitchens\/\",\"https:\/\/www.youtube.com\/channel\/UCT9DWn-4DMpKHHqbRXV4bZQ\/\"]}]}<\/script>\n<!-- \/ Yoast SEO plugin. -->","yoast_head_json":{"title":"Personvernerkl\u00e6ring | Sn\u00eak","description":"Slik behandler Sn\u00eak personopplysningene dine. Information enligt GDPR om datainsamling och dina r\u00e4ttigheter.","robots":{"index":"index","follow":"follow","max-snippet":"max-snippet:-1","max-image-preview":"max-image-preview:large","max-video-preview":"max-video-preview:-1"},"canonical":"https:\/\/www.snek.se\/no\/personvernerklaering\/","og_locale":"nb_NO","og_type":"article","og_title":"Personvernerkl\u00e6ring | Sn\u00eak","og_description":"Slik behandler Sn\u00eak personopplysningene dine. Information enligt GDPR om datainsamling och dina r\u00e4ttigheter.","og_url":"https:\/\/www.snek.se\/no\/personvernerklaering\/","og_site_name":"Sn\u00eak","article_publisher":"https:\/\/www.facebook.com\/snekkitchens\/","article_modified_time":"2026-04-08T17:15:53+00:00","og_image":[{"width":2560,"height":1708,"url":"https:\/\/www.snek.se\/wp-content\/uploads\/2021\/09\/DSC02514-1-scaled.jpg","type":"image\/jpeg"}],"twitter_card":"summary_large_image","twitter_misc":{"Est. reading time":"2 minutes"},"schema":{"@context":"https:\/\/schema.org","@graph":[{"@type":"WebPage","@id":"https:\/\/www.snek.se\/no\/personvernerklaering\/","url":"https:\/\/www.snek.se\/no\/personvernerklaering\/","name":"Personvernerkl\u00e6ring | Sn\u00eak","isPartOf":{"@id":"https:\/\/www.snek.se\/no\/#website"},"primaryImageOfPage":{"@id":"https:\/\/www.snek.se\/no\/personvernerklaering\/#primaryimage"},"image":{"@id":"https:\/\/www.snek.se\/no\/personvernerklaering\/#primaryimage"},"thumbnailUrl":"https:\/\/www.snek.se\/wp-content\/uploads\/2021\/09\/DSC02514-1-scaled.jpg","datePublished":"2026-04-08T16:29:19+00:00","dateModified":"2026-04-08T17:15:53+00:00","description":"Slik behandler Sn\u00eak personopplysningene dine. Information enligt GDPR om datainsamling och dina r\u00e4ttigheter.","breadcrumb":{"@id":"https:\/\/www.snek.se\/no\/personvernerklaering\/#breadcrumb"},"inLanguage":"nb-NO","potentialAction":[{"@type":"ReadAction","target":["https:\/\/www.snek.se\/no\/personvernerklaering\/"]}]},{"@type":"ImageObject","inLanguage":"nb-NO","@id":"https:\/\/www.snek.se\/no\/personvernerklaering\/#primaryimage","url":"https:\/\/www.snek.se\/wp-content\/uploads\/2021\/09\/DSC02514-1-scaled.jpg","contentUrl":"https:\/\/www.snek.se\/wp-content\/uploads\/2021\/09\/DSC02514-1-scaled.jpg","width":2560,"height":1708},{"@type":"BreadcrumbList","@id":"https:\/\/www.snek.se\/no\/personvernerklaering\/#breadcrumb","itemListElement":[{"@type":"ListItem","position":1,"name":"Hem","item":"https:\/\/www.snek.se\/no\/"},{"@type":"ListItem","position":2,"name":"Personvernerkl\u00e6ring"}]},{"@type":"WebSite","@id":"https:\/\/www.snek.se\/no\/#website","url":"https:\/\/www.snek.se\/no\/","name":"Sn\u00eak","description":"H\u00e5ndlagde kj\u00f8kken fra Norrbotten","publisher":{"@id":"https:\/\/www.snek.se\/no\/#organization"},"potentialAction":[{"@type":"SearchAction","target":{"@type":"EntryPoint","urlTemplate":"https:\/\/www.snek.se\/no\/?s={search_term_string}"},"query-input":{"@type":"PropertyValueSpecification","valueRequired":true,"valueName":"search_term_string"}}],"inLanguage":"nb-NO"},{"@type":"Organization","@id":"https:\/\/www.snek.se\/no\/#organization","name":"Sn\u00eak","url":"https:\/\/www.snek.se\/no\/","logo":{"@type":"ImageObject","inLanguage":"nb-NO","@id":"https:\/\/www.snek.se\/no\/#\/schema\/logo\/image\/","url":"https:\/\/www.snek.se\/wp-content\/uploads\/2026\/01\/snek-logotyp-insta-scaled.jpg","contentUrl":"https:\/\/www.snek.se\/wp-content\/uploads\/2026\/01\/snek-logotyp-insta-scaled.jpg","width":2560,"height":2560,"caption":"Sn\u00eak"},"image":{"@id":"https:\/\/www.snek.se\/no\/#\/schema\/logo\/image\/"},"sameAs":["https:\/\/www.facebook.com\/snekkitchens\/","https:\/\/www.instagram.com\/snek.kok\/","https:\/\/www.linkedin.com\/company\/snek-kok\/","https:\/\/se.pinterest.com\/SnekKitchens\/","https:\/\/www.youtube.com\/channel\/UCT9DWn-4DMpKHHqbRXV4bZQ\/"]}]}},"_links":{"self":[{"href":"https:\/\/www.snek.se\/no\/wp-json\/wp\/v2\/pages\/154372","targetHints":{"allow":["GET"]}}],"collection":[{"href":"https:\/\/www.snek.se\/no\/wp-json\/wp\/v2\/pages"}],"about":[{"href":"https:\/\/www.snek.se\/no\/wp-json\/wp\/v2\/types\/page"}],"replies":[{"embeddable":true,"href":"https:\/\/www.snek.se\/no\/wp-json\/wp\/v2\/comments?post=154372"}],"version-history":[{"count":2,"href":"https:\/\/www.snek.se\/no\/wp-json\/wp\/v2\/pages\/154372\/revisions"}],"predecessor-version":[{"id":154562,"href":"https:\/\/www.snek.se\/no\/wp-json\/wp\/v2\/pages\/154372\/revisions\/154562"}],"wp:featuredmedia":[{"embeddable":true,"href":"https:\/\/www.snek.se\/no\/wp-json\/wp\/v2\/media\/23926"}],"wp:attachment":[{"href":"https:\/\/www.snek.se\/no\/wp-json\/wp\/v2\/media?parent=154372"}],"curies":[{"name":"wp","href":"https:\/\/api.w.org\/{rel}","templated":true}]}}