{"id":154360,"date":"2026-04-08T18:29:18","date_gmt":"2026-04-08T16:29:18","guid":{"rendered":"https:\/\/www.snek.se\/handverk\/"},"modified":"2026-04-08T18:29:18","modified_gmt":"2026-04-08T16:29:18","slug":"handverk","status":"publish","type":"page","link":"https:\/\/www.snek.se\/no\/handverk\/","title":{"rendered":"H\u00e5ndverk"},"content":{"rendered":"\t\t<div data-elementor-type=\"wp-page\" data-elementor-id=\"154360\" class=\"elementor elementor-154360 elementor-912\" data-elementor-post-type=\"page\">\n\t\t\t\t<div class=\"elementor-element elementor-element-19947a0c e-flex e-con-boxed e-con e-parent\" data-id=\"19947a0c\" data-element_type=\"container\" data-e-type=\"container\">\n\t\t\t\t\t<div class=\"e-con-inner\">\n\t\t\t\t<div class=\"elementor-element elementor-element-562d727 elementor-widget elementor-widget-heading\" data-id=\"562d727\" data-element_type=\"widget\" data-e-type=\"widget\" data-widget_type=\"heading.default\">\n\t\t\t\t<div class=\"elementor-widget-container\">\n\t\t\t\t\t<h2 class=\"elementor-heading-title elementor-size-default\">H\u00e5ndverket<\/h2>\t\t\t\t<\/div>\n\t\t\t\t<\/div>\n\t\t\t\t<div class=\"elementor-element elementor-element-3157b3e5 elementor-widget__width-initial elementor-widget elementor-widget-text-editor\" data-id=\"3157b3e5\" data-element_type=\"widget\" data-e-type=\"widget\" data-widget_type=\"text-editor.default\">\n\t\t\t\t<div class=\"elementor-widget-container\">\n\t\t\t\t\t\t\t\t\t<p style=\"text-align: center;\">I v\u00e5re kj\u00f8kken kombineres innovasjon med klassisk estetikk og eldgamle teknikker. Takket v\u00e6re automatisert produksjon er det \u00f8konomisk mulig \u00e5 produsere produktene v\u00e5re p\u00e5 tradisjonelt vis.<\/p>\t\t\t\t\t\t\t\t<\/div>\n\t\t\t\t<\/div>\n\t\t\t\t\t<\/div>\n\t\t\t\t<\/div>\n\t\t<div class=\"elementor-element elementor-element-5e2a5a59 e-con-full e-flex e-con e-parent\" data-id=\"5e2a5a59\" data-element_type=\"container\" data-e-type=\"container\">\n\t\t<div class=\"elementor-element elementor-element-356c2dda e-con-full e-flex e-con e-child\" data-id=\"356c2dda\" data-element_type=\"container\" data-e-type=\"container\" data-settings=\"{&quot;background_background&quot;:&quot;classic&quot;}\">\n\t\t\t\t<div class=\"elementor-element elementor-element-5d971a82 elementor-widget elementor-widget-heading\" data-id=\"5d971a82\" data-element_type=\"widget\" data-e-type=\"widget\" data-widget_type=\"heading.default\">\n\t\t\t\t<div class=\"elementor-widget-container\">\n\t\t\t\t\t<h2 class=\"elementor-heading-title elementor-size-default\">Massivt tre<\/h2>\t\t\t\t<\/div>\n\t\t\t\t<\/div>\n\t\t\t\t<div class=\"elementor-element elementor-element-68d22568 elementor-widget elementor-widget-text-editor\" data-id=\"68d22568\" data-element_type=\"widget\" data-e-type=\"widget\" data-widget_type=\"text-editor.default\">\n\t\t\t\t<div class=\"elementor-widget-container\">\n\t\t\t\t\t\t\t\t\t<p>Skrogene er laget av massivt stavlimt tre, noe som resulterer i en sv\u00e6rt formstabil konstruksjon.<\/p><p>Massivt tre gir et formstabilt materiale som muliggj\u00f8r sammenf\u00f8yninger helt i tre.<\/p>\t\t\t\t\t\t\t\t<\/div>\n\t\t\t\t<\/div>\n\t\t\t\t<\/div>\n\t\t<div class=\"elementor-element elementor-element-540b37ed e-con-full e-flex e-con e-child\" data-id=\"540b37ed\" data-element_type=\"container\" data-e-type=\"container\" data-settings=\"{&quot;background_background&quot;:&quot;classic&quot;}\">\n\t\t\t\t<div class=\"elementor-element elementor-element-5cd22915 elementor-widget elementor-widget-spacer\" data-id=\"5cd22915\" data-element_type=\"widget\" data-e-type=\"widget\" data-widget_type=\"spacer.default\">\n\t\t\t\t<div class=\"elementor-widget-container\">\n\t\t\t\t\t\t\t<div class=\"elementor-spacer\">\n\t\t\t<div class=\"elementor-spacer-inner\"><\/div>\n\t\t<\/div>\n\t\t\t\t\t\t<\/div>\n\t\t\t\t<\/div>\n\t\t\t\t<\/div>\n\t\t\t\t<\/div>\n\t\t<div class=\"elementor-element elementor-element-5a709d4 e-flex e-con-boxed e-con e-parent\" data-id=\"5a709d4\" data-element_type=\"container\" data-e-type=\"container\">\n\t\t\t\t\t<div class=\"e-con-inner\">\n\t\t\t\t<div class=\"elementor-element elementor-element-56cdf97 elementor-widget elementor-widget-heading\" data-id=\"56cdf97\" data-element_type=\"widget\" data-e-type=\"widget\" data-widget_type=\"heading.default\">\n\t\t\t\t<div class=\"elementor-widget-container\">\n\t\t\t\t\t<h2 class=\"elementor-heading-title elementor-size-default\">Stammer<\/h2>\t\t\t\t<\/div>\n\t\t\t\t<\/div>\n\t\t\t\t<div class=\"elementor-element elementor-element-25d6c65 elementor-widget__width-initial elementor-widget elementor-widget-text-editor\" data-id=\"25d6c65\" data-element_type=\"widget\" data-e-type=\"widget\" data-widget_type=\"text-editor.default\">\n\t\t\t\t<div class=\"elementor-widget-container\">\n\t\t\t\t\t\t\t\t\t<p style=\"text-align: center;\">Nous avons d\u00e9velopp\u00e9 un syst\u00e8me modulaire unique en bois massif. Ce syst\u00e8me unique rend le montage des caissons tr\u00e8s simple.<\/p>\t\t\t\t\t\t\t\t<\/div>\n\t\t\t\t<\/div>\n\t\t\t\t\t<\/div>\n\t\t\t\t<\/div>\n\t\t<div class=\"elementor-element elementor-element-07e09bb e-con-full e-flex e-con e-parent\" data-id=\"07e09bb\" data-element_type=\"container\" data-e-type=\"container\">\n\t\t<div class=\"elementor-element elementor-element-5f28617 e-con-full e-flex e-con e-child\" data-id=\"5f28617\" data-element_type=\"container\" data-e-type=\"container\" data-settings=\"{&quot;background_background&quot;:&quot;classic&quot;}\">\n\t\t\t\t<div class=\"elementor-element elementor-element-bc09f3c elementor-widget elementor-widget-heading\" data-id=\"bc09f3c\" data-element_type=\"widget\" data-e-type=\"widget\" data-widget_type=\"heading.default\">\n\t\t\t\t<div class=\"elementor-widget-container\">\n\t\t\t\t\t<h2 class=\"elementor-heading-title elementor-size-default\">Fugeteknikk<\/h2>\t\t\t\t<\/div>\n\t\t\t\t<\/div>\n\t\t\t\t<div class=\"elementor-element elementor-element-b3d5a8a elementor-widget elementor-widget-text-editor\" data-id=\"b3d5a8a\" data-element_type=\"widget\" data-e-type=\"widget\" data-widget_type=\"text-editor.default\">\n\t\t\t\t<div class=\"elementor-widget-container\">\n\t\t\t\t\t\t\t\t\t<div><p>Svalehalesammenf\u00f8yningen er sentral i v\u00e5rt system, en fugeteknikk som er flere tusen \u00e5r gammel.<\/p><\/div>\t\t\t\t\t\t\t\t<\/div>\n\t\t\t\t<\/div>\n\t\t\t\t<\/div>\n\t\t<div class=\"elementor-element elementor-element-e9852dc e-con-full e-flex e-con e-child\" data-id=\"e9852dc\" data-element_type=\"container\" data-e-type=\"container\" data-settings=\"{&quot;background_background&quot;:&quot;classic&quot;}\">\n\t\t\t\t<div class=\"elementor-element elementor-element-30d3e8d elementor-widget elementor-widget-spacer\" data-id=\"30d3e8d\" data-element_type=\"widget\" data-e-type=\"widget\" data-widget_type=\"spacer.default\">\n\t\t\t\t<div class=\"elementor-widget-container\">\n\t\t\t\t\t\t\t<div class=\"elementor-spacer\">\n\t\t\t<div class=\"elementor-spacer-inner\"><\/div>\n\t\t<\/div>\n\t\t\t\t\t\t<\/div>\n\t\t\t\t<\/div>\n\t\t\t\t<\/div>\n\t\t\t\t<\/div>\n\t\t\t\t<\/div>\n\t\t","protected":false},"excerpt":{"rendered":"<p>H\u00e5ndverket I v\u00e5ra k\u00f6k kombineras nyt\u00e4nkande med klassisk estetik och gamla tekniker. Tack vare en automatiserad produktion blir det ekonomiskt h\u00e5llbart att g\u00f6ra v\u00e5ra produkter i ett traditionellt utf\u00f6rande. Massivt tre Stamm\u00e9rna \u00e4r gjorda av massivt stavlimmat tr\u00e4, vilket resulterar i en mycket formstabil konstruktion. Massivt tre ger ett formstabilt material, som m\u00f6jligg\u00f6r sammanfogningar helt [&hellip;]<\/p>\n","protected":false},"author":0,"featured_media":24399,"parent":0,"menu_order":0,"comment_status":"closed","ping_status":"closed","template":"elementor_canvas","meta":{"_acf_changed":false,"footnotes":""},"class_list":["post-154360","page","type-page","status-publish","has-post-thumbnail","hentry"],"acf":[],"yoast_head":"<!-- This site is optimized with the Yoast SEO plugin v27.3 - https:\/\/yoast.com\/product\/yoast-seo-wordpress\/ -->\n<title>H\u00e5ndverk | Sn\u00eak<\/title>\n<meta name=\"description\" content=\"Vi kombinerer nytenkende med klassisk estetikk og tradisjonelle teknikker. Uppt\u00e4ck hur vi bygger k\u00f6k i massivt tr\u00e4 med laxstj\u00e4rtsfogar och tidl\u00f6s kvalitet.\" \/>\n<meta name=\"robots\" content=\"index, follow, max-snippet:-1, max-image-preview:large, max-video-preview:-1\" \/>\n<link rel=\"canonical\" href=\"https:\/\/www.snek.se\/no\/handverk\/\" \/>\n<meta property=\"og:locale\" content=\"nb_NO\" \/>\n<meta property=\"og:type\" content=\"article\" \/>\n<meta property=\"og:title\" content=\"H\u00e5ndverk | Sn\u00eak\" \/>\n<meta property=\"og:description\" content=\"Vi kombinerer nytenkende med klassisk estetikk og tradisjonelle teknikker. Uppt\u00e4ck hur vi bygger k\u00f6k i massivt tr\u00e4 med laxstj\u00e4rtsfogar och tidl\u00f6s kvalitet.\" \/>\n<meta property=\"og:url\" content=\"https:\/\/www.snek.se\/no\/handverk\/\" \/>\n<meta property=\"og:site_name\" content=\"Sn\u00eak\" \/>\n<meta property=\"article:publisher\" content=\"https:\/\/www.facebook.com\/snekkitchens\/\" \/>\n<meta property=\"og:image\" content=\"https:\/\/www.snek.se\/wp-content\/uploads\/2022\/02\/DSC03371-scaled.jpg\" \/>\n\t<meta property=\"og:image:width\" content=\"2048\" \/>\n\t<meta property=\"og:image:height\" content=\"2560\" \/>\n\t<meta property=\"og:image:type\" content=\"image\/jpeg\" \/>\n<meta name=\"twitter:card\" content=\"summary_large_image\" \/>\n<meta name=\"twitter:label1\" content=\"Est. reading time\" \/>\n\t<meta name=\"twitter:data1\" content=\"1 minute\" \/>\n<script type=\"application\/ld+json\" class=\"yoast-schema-graph\">{\"@context\":\"https:\\\/\\\/schema.org\",\"@graph\":[{\"@type\":\"WebPage\",\"@id\":\"https:\\\/\\\/www.snek.se\\\/no\\\/handverk\\\/\",\"url\":\"https:\\\/\\\/www.snek.se\\\/no\\\/handverk\\\/\",\"name\":\"H\u00e5ndverk | Sn\u00eak\",\"isPartOf\":{\"@id\":\"https:\\\/\\\/www.snek.se\\\/no\\\/#website\"},\"primaryImageOfPage\":{\"@id\":\"https:\\\/\\\/www.snek.se\\\/no\\\/handverk\\\/#primaryimage\"},\"image\":{\"@id\":\"https:\\\/\\\/www.snek.se\\\/no\\\/handverk\\\/#primaryimage\"},\"thumbnailUrl\":\"https:\\\/\\\/www.snek.se\\\/wp-content\\\/uploads\\\/2022\\\/02\\\/DSC03371-scaled.jpg\",\"datePublished\":\"2026-04-08T16:29:18+00:00\",\"description\":\"Vi kombinerer nytenkende med klassisk estetikk og tradisjonelle teknikker. Uppt\u00e4ck hur vi bygger k\u00f6k i massivt tr\u00e4 med laxstj\u00e4rtsfogar och tidl\u00f6s kvalitet.\",\"breadcrumb\":{\"@id\":\"https:\\\/\\\/www.snek.se\\\/no\\\/handverk\\\/#breadcrumb\"},\"inLanguage\":\"nb-NO\",\"potentialAction\":[{\"@type\":\"ReadAction\",\"target\":[\"https:\\\/\\\/www.snek.se\\\/no\\\/handverk\\\/\"]}]},{\"@type\":\"ImageObject\",\"inLanguage\":\"nb-NO\",\"@id\":\"https:\\\/\\\/www.snek.se\\\/no\\\/handverk\\\/#primaryimage\",\"url\":\"https:\\\/\\\/www.snek.se\\\/wp-content\\\/uploads\\\/2022\\\/02\\\/DSC03371-scaled.jpg\",\"contentUrl\":\"https:\\\/\\\/www.snek.se\\\/wp-content\\\/uploads\\\/2022\\\/02\\\/DSC03371-scaled.jpg\",\"width\":2048,\"height\":2560},{\"@type\":\"BreadcrumbList\",\"@id\":\"https:\\\/\\\/www.snek.se\\\/no\\\/handverk\\\/#breadcrumb\",\"itemListElement\":[{\"@type\":\"ListItem\",\"position\":1,\"name\":\"Hem\",\"item\":\"https:\\\/\\\/www.snek.se\\\/no\\\/\"},{\"@type\":\"ListItem\",\"position\":2,\"name\":\"H\u00e5ndverk\"}]},{\"@type\":\"WebSite\",\"@id\":\"https:\\\/\\\/www.snek.se\\\/no\\\/#website\",\"url\":\"https:\\\/\\\/www.snek.se\\\/no\\\/\",\"name\":\"Sn\u00eak\",\"description\":\"H\u00e5ndlagde kj\u00f8kken fra Norrbotten\",\"publisher\":{\"@id\":\"https:\\\/\\\/www.snek.se\\\/no\\\/#organization\"},\"potentialAction\":[{\"@type\":\"SearchAction\",\"target\":{\"@type\":\"EntryPoint\",\"urlTemplate\":\"https:\\\/\\\/www.snek.se\\\/no\\\/?s={search_term_string}\"},\"query-input\":{\"@type\":\"PropertyValueSpecification\",\"valueRequired\":true,\"valueName\":\"search_term_string\"}}],\"inLanguage\":\"nb-NO\"},{\"@type\":\"Organization\",\"@id\":\"https:\\\/\\\/www.snek.se\\\/no\\\/#organization\",\"name\":\"Sn\u00eak\",\"url\":\"https:\\\/\\\/www.snek.se\\\/no\\\/\",\"logo\":{\"@type\":\"ImageObject\",\"inLanguage\":\"nb-NO\",\"@id\":\"https:\\\/\\\/www.snek.se\\\/no\\\/#\\\/schema\\\/logo\\\/image\\\/\",\"url\":\"https:\\\/\\\/www.snek.se\\\/wp-content\\\/uploads\\\/2026\\\/01\\\/snek-logotyp-insta-scaled.jpg\",\"contentUrl\":\"https:\\\/\\\/www.snek.se\\\/wp-content\\\/uploads\\\/2026\\\/01\\\/snek-logotyp-insta-scaled.jpg\",\"width\":2560,\"height\":2560,\"caption\":\"Sn\u00eak\"},\"image\":{\"@id\":\"https:\\\/\\\/www.snek.se\\\/no\\\/#\\\/schema\\\/logo\\\/image\\\/\"},\"sameAs\":[\"https:\\\/\\\/www.facebook.com\\\/snekkitchens\\\/\",\"https:\\\/\\\/www.instagram.com\\\/snek.kok\\\/\",\"https:\\\/\\\/www.linkedin.com\\\/company\\\/snek-kok\\\/\",\"https:\\\/\\\/se.pinterest.com\\\/SnekKitchens\\\/\",\"https:\\\/\\\/www.youtube.com\\\/channel\\\/UCT9DWn-4DMpKHHqbRXV4bZQ\\\/\"]}]}<\/script>\n<!-- \/ Yoast SEO plugin. -->","yoast_head_json":{"title":"H\u00e5ndverk | Sn\u00eak","description":"Vi kombinerer nytenkende med klassisk estetikk og tradisjonelle teknikker. Uppt\u00e4ck hur vi bygger k\u00f6k i massivt tr\u00e4 med laxstj\u00e4rtsfogar och tidl\u00f6s kvalitet.","robots":{"index":"index","follow":"follow","max-snippet":"max-snippet:-1","max-image-preview":"max-image-preview:large","max-video-preview":"max-video-preview:-1"},"canonical":"https:\/\/www.snek.se\/no\/handverk\/","og_locale":"nb_NO","og_type":"article","og_title":"H\u00e5ndverk | Sn\u00eak","og_description":"Vi kombinerer nytenkende med klassisk estetikk og tradisjonelle teknikker. Uppt\u00e4ck hur vi bygger k\u00f6k i massivt tr\u00e4 med laxstj\u00e4rtsfogar och tidl\u00f6s kvalitet.","og_url":"https:\/\/www.snek.se\/no\/handverk\/","og_site_name":"Sn\u00eak","article_publisher":"https:\/\/www.facebook.com\/snekkitchens\/","og_image":[{"width":2048,"height":2560,"url":"https:\/\/www.snek.se\/wp-content\/uploads\/2022\/02\/DSC03371-scaled.jpg","type":"image\/jpeg"}],"twitter_card":"summary_large_image","twitter_misc":{"Est. reading time":"1 minute"},"schema":{"@context":"https:\/\/schema.org","@graph":[{"@type":"WebPage","@id":"https:\/\/www.snek.se\/no\/handverk\/","url":"https:\/\/www.snek.se\/no\/handverk\/","name":"H\u00e5ndverk | Sn\u00eak","isPartOf":{"@id":"https:\/\/www.snek.se\/no\/#website"},"primaryImageOfPage":{"@id":"https:\/\/www.snek.se\/no\/handverk\/#primaryimage"},"image":{"@id":"https:\/\/www.snek.se\/no\/handverk\/#primaryimage"},"thumbnailUrl":"https:\/\/www.snek.se\/wp-content\/uploads\/2022\/02\/DSC03371-scaled.jpg","datePublished":"2026-04-08T16:29:18+00:00","description":"Vi kombinerer nytenkende med klassisk estetikk og tradisjonelle teknikker. Uppt\u00e4ck hur vi bygger k\u00f6k i massivt tr\u00e4 med laxstj\u00e4rtsfogar och tidl\u00f6s kvalitet.","breadcrumb":{"@id":"https:\/\/www.snek.se\/no\/handverk\/#breadcrumb"},"inLanguage":"nb-NO","potentialAction":[{"@type":"ReadAction","target":["https:\/\/www.snek.se\/no\/handverk\/"]}]},{"@type":"ImageObject","inLanguage":"nb-NO","@id":"https:\/\/www.snek.se\/no\/handverk\/#primaryimage","url":"https:\/\/www.snek.se\/wp-content\/uploads\/2022\/02\/DSC03371-scaled.jpg","contentUrl":"https:\/\/www.snek.se\/wp-content\/uploads\/2022\/02\/DSC03371-scaled.jpg","width":2048,"height":2560},{"@type":"BreadcrumbList","@id":"https:\/\/www.snek.se\/no\/handverk\/#breadcrumb","itemListElement":[{"@type":"ListItem","position":1,"name":"Hem","item":"https:\/\/www.snek.se\/no\/"},{"@type":"ListItem","position":2,"name":"H\u00e5ndverk"}]},{"@type":"WebSite","@id":"https:\/\/www.snek.se\/no\/#website","url":"https:\/\/www.snek.se\/no\/","name":"Sn\u00eak","description":"H\u00e5ndlagde kj\u00f8kken fra Norrbotten","publisher":{"@id":"https:\/\/www.snek.se\/no\/#organization"},"potentialAction":[{"@type":"SearchAction","target":{"@type":"EntryPoint","urlTemplate":"https:\/\/www.snek.se\/no\/?s={search_term_string}"},"query-input":{"@type":"PropertyValueSpecification","valueRequired":true,"valueName":"search_term_string"}}],"inLanguage":"nb-NO"},{"@type":"Organization","@id":"https:\/\/www.snek.se\/no\/#organization","name":"Sn\u00eak","url":"https:\/\/www.snek.se\/no\/","logo":{"@type":"ImageObject","inLanguage":"nb-NO","@id":"https:\/\/www.snek.se\/no\/#\/schema\/logo\/image\/","url":"https:\/\/www.snek.se\/wp-content\/uploads\/2026\/01\/snek-logotyp-insta-scaled.jpg","contentUrl":"https:\/\/www.snek.se\/wp-content\/uploads\/2026\/01\/snek-logotyp-insta-scaled.jpg","width":2560,"height":2560,"caption":"Sn\u00eak"},"image":{"@id":"https:\/\/www.snek.se\/no\/#\/schema\/logo\/image\/"},"sameAs":["https:\/\/www.facebook.com\/snekkitchens\/","https:\/\/www.instagram.com\/snek.kok\/","https:\/\/www.linkedin.com\/company\/snek-kok\/","https:\/\/se.pinterest.com\/SnekKitchens\/","https:\/\/www.youtube.com\/channel\/UCT9DWn-4DMpKHHqbRXV4bZQ\/"]}]}},"_links":{"self":[{"href":"https:\/\/www.snek.se\/no\/wp-json\/wp\/v2\/pages\/154360","targetHints":{"allow":["GET"]}}],"collection":[{"href":"https:\/\/www.snek.se\/no\/wp-json\/wp\/v2\/pages"}],"about":[{"href":"https:\/\/www.snek.se\/no\/wp-json\/wp\/v2\/types\/page"}],"replies":[{"embeddable":true,"href":"https:\/\/www.snek.se\/no\/wp-json\/wp\/v2\/comments?post=154360"}],"version-history":[{"count":1,"href":"https:\/\/www.snek.se\/no\/wp-json\/wp\/v2\/pages\/154360\/revisions"}],"predecessor-version":[{"id":154361,"href":"https:\/\/www.snek.se\/no\/wp-json\/wp\/v2\/pages\/154360\/revisions\/154361"}],"wp:featuredmedia":[{"embeddable":true,"href":"https:\/\/www.snek.se\/no\/wp-json\/wp\/v2\/media\/24399"}],"wp:attachment":[{"href":"https:\/\/www.snek.se\/no\/wp-json\/wp\/v2\/media?parent=154360"}],"curies":[{"name":"wp","href":"https:\/\/api.w.org\/{rel}","templated":true}]}}