{"id":154350,"date":"2026-04-08T18:29:17","date_gmt":"2026-04-08T16:29:17","guid":{"rendered":"https:\/\/www.snek.se\/finansiering-2\/"},"modified":"2026-04-08T18:29:17","modified_gmt":"2026-04-08T16:29:17","slug":"finansiering-2","status":"publish","type":"page","link":"https:\/\/www.snek.se\/no\/finansiering-2\/","title":{"rendered":"Finansiering"},"content":{"rendered":"\t\t<div data-elementor-type=\"wp-page\" data-elementor-id=\"154350\" class=\"elementor elementor-154350 elementor-142577\" data-elementor-post-type=\"page\">\n\t\t\t\t<div class=\"elementor-element elementor-element-57631f6 e-flex e-con-boxed e-con e-parent\" data-id=\"57631f6\" data-element_type=\"container\" data-e-type=\"container\">\n\t\t\t\t\t<div class=\"e-con-inner\">\n\t\t\t\t<div class=\"elementor-element elementor-element-c036d7a elementor-widget elementor-widget-heading\" data-id=\"c036d7a\" data-element_type=\"widget\" data-e-type=\"widget\" data-widget_type=\"heading.default\">\n\t\t\t\t<div class=\"elementor-widget-container\">\n\t\t\t\t\t<h2 class=\"elementor-heading-title elementor-size-default\">Finansier kj\u00f8kkenet ditt med LF Finans<\/h2>\t\t\t\t<\/div>\n\t\t\t\t<\/div>\n\t\t\t\t<div class=\"elementor-element elementor-element-4892557 elementor-widget__width-initial elementor-widget elementor-widget-text-editor\" data-id=\"4892557\" data-element_type=\"widget\" data-e-type=\"widget\" data-widget_type=\"text-editor.default\">\n\t\t\t\t<div class=\"elementor-widget-container\">\n\t\t\t\t\t\t\t\t\tDr\u00f8mmer du om et nytt kj\u00f8kken, men \u00f8nsker \u00e5 dele opp betalingen?\t\t\t\t\t\t\t\t<\/div>\n\t\t\t\t<\/div>\n\t\t\t\t\t<\/div>\n\t\t\t\t<\/div>\n\t\t<div class=\"elementor-element elementor-element-16b0dfc e-con-full e-flex e-con e-parent\" data-id=\"16b0dfc\" data-element_type=\"container\" data-e-type=\"container\">\n\t\t<div class=\"elementor-element elementor-element-89517d6 e-con-full e-flex e-con e-child\" data-id=\"89517d6\" data-element_type=\"container\" data-e-type=\"container\" data-settings=\"{&quot;background_background&quot;:&quot;classic&quot;}\">\n\t\t\t\t<div class=\"elementor-element elementor-element-e57cd4f elementor-widget elementor-widget-heading\" data-id=\"e57cd4f\" data-element_type=\"widget\" data-e-type=\"widget\" data-widget_type=\"heading.default\">\n\t\t\t\t<div class=\"elementor-widget-container\">\n\t\t\t\t\t<h2 class=\"elementor-heading-title elementor-size-default\">Finansiering<\/h2>\t\t\t\t<\/div>\n\t\t\t\t<\/div>\n\t\t\t\t<div class=\"elementor-element elementor-element-ec63990 elementor-widget elementor-widget-text-editor\" data-id=\"ec63990\" data-element_type=\"widget\" data-e-type=\"widget\" data-widget_type=\"text-editor.default\">\n\t\t\t\t<div class=\"elementor-widget-container\">\n\t\t\t\t\t\t\t\t\t<p>Nous offrons un\u00a0<strong data-start=\"230\" data-end=\"262\">financement simple et flexible via LF Finans<\/strong>, s\u00e5 att du kan f\u00f6rverkliga ditt k\u00f6k utan att betala allt p\u00e5 en g\u00e5ng.<\/p><p class=\"\" data-start=\"436\" data-end=\"666\">F\u00f6r \u00e5 ans\u00f6ka om finansiering bokar du ett planeringsm\u00f6te med oss. Under m\u00f6tet g\u00e5r vi igenom ditt kj\u00f8kkensprojekt og hj\u00e4lper dig med ans\u00f6kan. N\u00e4r finansieringen \u00e4r godk\u00e4nd kan du best\u00e4lla ditt kj\u00f8kken.<\/p><p class=\"\" data-start=\"668\" data-end=\"814\">Med finansiering via oss og LF Finans kan du delbetala p\u00e5 dina villkor, utan r\u00e4nta eller dolda avgifter, s\u00e5 l\u00e4nge du f\u00f6ljer betalningsplanen.<\/p>\t\t\t\t\t\t\t\t<\/div>\n\t\t\t\t<\/div>\n\t\t\t\t<div class=\"elementor-element elementor-element-8368d51 elementor-widget elementor-widget-html\" data-id=\"8368d51\" data-element_type=\"widget\" data-e-type=\"widget\" data-widget_type=\"html.default\">\n\t\t\t\t<div class=\"elementor-widget-container\">\n\t\t\t\t\t<a href=\"https:\/\/www.lffinans.se\/\" style=\"text-decoration: none\">    <button class=\"bracket-button-w\">        Till LF finans\n    <\/button><\/a>\t\t\t\t<\/div>\n\t\t\t\t<\/div>\n\t\t\t\t<\/div>\n\t\t<div class=\"elementor-element elementor-element-b53ad7b e-con-full e-flex e-con e-child\" data-id=\"b53ad7b\" data-element_type=\"container\" data-e-type=\"container\" data-settings=\"{&quot;background_background&quot;:&quot;classic&quot;}\">\n\t\t\t\t<div class=\"elementor-element elementor-element-0f20808 elementor-widget elementor-widget-heading\" data-id=\"0f20808\" data-element_type=\"widget\" data-e-type=\"widget\" data-widget_type=\"heading.default\">\n\t\t\t\t<div class=\"elementor-widget-container\">\n\t\t\t\t\t<h2 class=\"elementor-heading-title elementor-size-default\">Har du sp\u00f8rsm\u00e5l?<\/h2>\t\t\t\t<\/div>\n\t\t\t\t<\/div>\n\t\t\t\t<div class=\"elementor-element elementor-element-2525aa6 elementor-widget elementor-widget-text-editor\" data-id=\"2525aa6\" data-element_type=\"widget\" data-e-type=\"widget\" data-widget_type=\"text-editor.default\">\n\t\t\t\t<div class=\"elementor-widget-container\">\n\t\t\t\t\t\t\t\t\t<p>Kontakt oss, s\u00e5 forteller vi mer.<\/p>\t\t\t\t\t\t\t\t<\/div>\n\t\t\t\t<\/div>\n\t\t\t\t<div class=\"elementor-element elementor-element-292add5 elementor-button-align-end elementor-widget elementor-widget-form\" data-id=\"292add5\" data-element_type=\"widget\" data-e-type=\"widget\" data-settings=\"{&quot;step_next_label&quot;:&quot;Next&quot;,&quot;step_previous_label&quot;:&quot;Previous&quot;,&quot;button_width&quot;:&quot;100&quot;,&quot;step_type&quot;:&quot;number_text&quot;,&quot;step_icon_shape&quot;:&quot;circle&quot;}\" data-widget_type=\"form.default\">\n\t\t\t\t<div class=\"elementor-widget-container\">\n\t\t\t\t\t\t\t<form class=\"elementor-form\" method=\"post\" name=\"New Form\" aria-label=\"New Form\">\n\t\t\t<input type=\"hidden\" name=\"post_id\" value=\"154350\"\/>\n\t\t\t<input type=\"hidden\" name=\"form_id\" value=\"292add5\"\/>\n\t\t\t<input type=\"hidden\" name=\"referer_title\" value=\"Finansiering | Sn\u00eak\" \/>\n\n\t\t\t\t\t\t\t<input type=\"hidden\" name=\"queried_id\" value=\"154350\"\/>\n\t\t\t\n\t\t\t<div class=\"elementor-form-fields-wrapper elementor-labels-above\">\n\t\t\t\t\t\t\t\t<div class=\"elementor-field-type-text elementor-field-group elementor-column elementor-field-group-name elementor-col-100\">\n\t\t\t\t\t\t\t\t\t\t\t\t<label for=\"form-field-name\" class=\"elementor-field-label\">\n\t\t\t\t\t\t\t\tNamn\t\t\t\t\t\t\t<\/label>\n\t\t\t\t\t\t\t\t\t\t\t\t\t\t<input size=\"1\" type=\"text\" name=\"form_fields[name]\" id=\"form-field-name\" class=\"elementor-field elementor-size-sm  elementor-field-textual\" placeholder=\"Ditt namn\">\n\t\t\t\t\t\t\t\t\t\t\t<\/div>\n\t\t\t\t\t\t\t\t<div class=\"elementor-field-type-email elementor-field-group elementor-column elementor-field-group-email elementor-col-100 elementor-field-required\">\n\t\t\t\t\t\t\t\t\t\t\t\t<label for=\"form-field-email\" class=\"elementor-field-label\">\n\t\t\t\t\t\t\t\tEpost\t\t\t\t\t\t\t<\/label>\n\t\t\t\t\t\t\t\t\t\t\t\t\t\t<input size=\"1\" type=\"email\" name=\"form_fields[email]\" id=\"form-field-email\" class=\"elementor-field elementor-size-sm  elementor-field-textual\" placeholder=\"Din epost\" required=\"required\">\n\t\t\t\t\t\t\t\t\t\t\t<\/div>\n\t\t\t\t\t\t\t\t<div class=\"elementor-field-type-tel elementor-field-group elementor-column elementor-field-group-field_e164605 elementor-col-100\">\n\t\t\t\t\t\t\t\t\t\t\t\t<label for=\"form-field-field_e164605\" class=\"elementor-field-label\">\n\t\t\t\t\t\t\t\tTelefon\t\t\t\t\t\t\t<\/label>\n\t\t\t\t\t\t\t\t<input size=\"1\" type=\"tel\" name=\"form_fields[field_e164605]\" id=\"form-field-field_e164605\" class=\"elementor-field elementor-size-sm  elementor-field-textual\" placeholder=\"Ditt telefonnummer\" pattern=\"[0-9()#&amp;+*-=.]+\" title=\"Only numbers and phone characters (#, -, *, etc) are accepted.\">\n\n\t\t\t\t\t\t<\/div>\n\t\t\t\t\t\t\t\t<div class=\"elementor-field-type-textarea elementor-field-group elementor-column elementor-field-group-message elementor-col-100\">\n\t\t\t\t\t\t\t\t\t\t\t\t<label for=\"form-field-message\" class=\"elementor-field-label\">\n\t\t\t\t\t\t\t\tMeddelande\t\t\t\t\t\t\t<\/label>\n\t\t\t\t\t\t<textarea class=\"elementor-field-textual elementor-field  elementor-size-sm\" name=\"form_fields[message]\" id=\"form-field-message\" rows=\"4\" placeholder=\"Vad vill du ha hj\u00e4lp med?\"><\/textarea>\t\t\t\t<\/div>\n\t\t\t\t\t\t\t\t<div class=\"elementor-field-group elementor-column elementor-field-type-submit elementor-col-100 e-form__buttons\">\n\t\t\t\t\t<button class=\"elementor-button elementor-size-sm\" type=\"submit\">\n\t\t\t\t\t\t<span class=\"elementor-button-content-wrapper\">\n\t\t\t\t\t\t\t\t\t\t\t\t\t\t\t\t\t\t\t\t\t\t<span class=\"elementor-button-text\">Skicka meddelande<\/span>\n\t\t\t\t\t\t\t\t\t\t\t\t\t<\/span>\n\t\t\t\t\t<\/button>\n\t\t\t\t<\/div>\n\t\t\t<\/div>\n\t\t<\/form>\n\t\t\t\t\t\t<\/div>\n\t\t\t\t<\/div>\n\t\t\t\t<div class=\"elementor-element elementor-element-074cdb9 elementor-widget elementor-widget-html\" data-id=\"074cdb9\" data-element_type=\"widget\" data-e-type=\"widget\" data-widget_type=\"html.default\">\n\t\t\t\t<div class=\"elementor-widget-container\">\n\t\t\t\t\t<button type=\"button\" style=\"font-size:16px;\"class=\"bracket-button\">Skicka meddelande<\/button>\n\n<script>\n  document.addEventListener('DOMContentLoaded', function () {\n    const customBtn = document.querySelector('.bracket-button');\n    const realBtn = document.querySelector('.elementor-field-type-submit button');\n\n    if (customBtn && realBtn) {\n      customBtn.addEventListener('click', function () {\n        realBtn.click();\n      });\n    }\n  });<\/script>\t\t\t\t<\/div>\n\t\t\t\t<\/div>\n\t\t\t\t<\/div>\n\t\t\t\t<\/div>\n\t\t<div class=\"elementor-element elementor-element-c20bb3a e-con-full e-flex e-con e-parent\" data-id=\"c20bb3a\" data-element_type=\"container\" data-e-type=\"container\" data-settings=\"{&quot;background_background&quot;:&quot;classic&quot;}\">\n\t\t\t\t<div class=\"elementor-element elementor-element-f53b032 elementor-widget elementor-widget-html\" data-id=\"f53b032\" data-element_type=\"widget\" data-e-type=\"widget\" data-widget_type=\"html.default\">\n\t\t\t\t<div class=\"elementor-widget-container\">\n\t\t\t\t\t<div style=\"padding: 1em;\">\n\t<div style=\"float: left; width: 3.5em; margin-right: 1em; margin-bottom: 1em;\">\n\t\t<svg role=\"img\" aria-label=\"Observera!\" focusable=\"false\" version=\"1.1\" id=\"Lager_1\" xmlns=\"http:\/\/www.w3.org\/2000\/svg\" xmlns:xlink=\"http:\/\/www.w3.org\/1999\/xlink\" x=\"0px\" y=\"0px\" viewBox=\"0 0 1200 1200\" style=\"enable-background:new 0 0 1200 1200;\" xml:space=\"preserve\">\n\t\t\t<style type=\"text\/css\">\n\t\t\t\t.st0{fill:#AA1E1E;}\n\t\t\t<\/style>\n\t\t\t<g>\n\t\t\t\t<path class=\"st0\" d=\"M1176.1,1022.2L652.2,114.7c-10.8-18.7-30.8-30.2-52.4-30.2s-41.6,11.5-52.4,30.2L23.5,1022.2\n\t\t\t\t\tc-10.8,18.7-10.8,41.8,0,60.5c10.8,18.7,30.8,30.2,52.4,30.2h1047.9c21.6,0,41.6-11.5,52.4-30.2\n\t\t\t\t\tC1186.9,1063.9,1186.9,1040.9,1176.1,1022.2z M180.7,991.9l419.1-726l419.1,726H180.7z\"><\/path>\n\t\t\t\t<path class=\"st0\" d=\"M642.7,836.1c-11.5-10.2-25.7-15.3-42.9-15.3c-17.1,0-31.4,5.1-42.9,15.3c-11.5,10.2-17.2,23.2-17.2,39\n\t\t\t\t\tc0,15.8,5.7,28.8,17.2,39c11.4,10.2,25.7,15.3,42.9,15.3c17.1,0,31.4-5.1,42.9-15.3c11.4-10.2,17.2-23.2,17.2-39\n\t\t\t\t\tC659.8,859.2,654.1,846.2,642.7,836.1z\"><\/path>\n\t\t\t\t<polygon class=\"st0\" points=\"556.8,775.6 644.4,775.6 658.2,456.1 543,456.1 \t\"><\/polygon>\n\t\t\t<\/g>\n\t\t<\/svg>\n\t<\/div>\n\t<div style=\"display: flex;\">\n\t<p style=\"margin: 0px; text-align: left;\"><strong>Att l\u00e5na kostar pengar!<\/strong><br>Om du inte kan betala tillbaka skulden i tid riskerar du en betalningsanm\u00e4rkning. Det kan leda till sv\u00e5righeter att f\u00e5 hyra bostad, teckna abonnemang och f\u00e5 nya l\u00e5n. F\u00f6r st\u00f6d, v\u00e4nd dig till budget- och skuldr\u00e5dgivningen i din kommun. Kontaktuppgifter finns p\u00e5 <a href=\"https:\/\/www.konsumentverket.se\/\" title=\"L\u00e4nk till extern webbplats, \u00f6ppnas i ett nytt f\u00f6nster.\" target=\"_blank\">konsumentverket.se<\/a>.<\/p>\n\t<\/div><div><\/div><\/div>\t\t\t\t<\/div>\n\t\t\t\t<\/div>\n\t\t\t\t<\/div>\n\t\t\t\t<\/div>\n\t\t","protected":false},"excerpt":{"rendered":"<p>Finansier kj\u00f8kkenet ditt med LF Finans Dr\u00f6mmer du om ett nytt k\u00f6k men vill dela upp betalningen? Finansiering Vi erbjuder smidig och flexibel\u00a0finansiering via LF Finans, s\u00e5 att du kan f\u00f6rverkliga ditt k\u00f6k utan att betala allt p\u00e5 en g\u00e5ng. F\u00f6r att ans\u00f6ka om finansiering bokar du ett planeringsm\u00f6te med oss. Under m\u00f6tet g\u00e5r vi [&hellip;]<\/p>\n","protected":false},"author":0,"featured_media":0,"parent":0,"menu_order":0,"comment_status":"closed","ping_status":"closed","template":"elementor_canvas","meta":{"_acf_changed":false,"footnotes":""},"class_list":["post-154350","page","type-page","status-publish","hentry"],"acf":[],"yoast_head":"<!-- This site is optimized with the Yoast SEO plugin v27.3 - https:\/\/yoast.com\/product\/yoast-seo-wordpress\/ -->\n<title>Finansiering | Sn\u00eak<\/title>\n<meta name=\"description\" content=\"Finansier kj\u00f8kkenet ditt med LF Finans. Smidig och flexibel delbetalning s\u00e5 du kan f\u00f6rverkliga ditt dr\u00f6mk\u00f6k.\" \/>\n<meta name=\"robots\" content=\"index, follow, max-snippet:-1, max-image-preview:large, max-video-preview:-1\" \/>\n<link rel=\"canonical\" href=\"https:\/\/www.snek.se\/no\/finansiering-2\/\" \/>\n<meta property=\"og:locale\" content=\"nb_NO\" \/>\n<meta property=\"og:type\" content=\"article\" \/>\n<meta property=\"og:title\" content=\"Finansiering | Sn\u00eak\" \/>\n<meta property=\"og:description\" content=\"Finansier kj\u00f8kkenet ditt med LF Finans. Smidig och flexibel delbetalning s\u00e5 du kan f\u00f6rverkliga ditt dr\u00f6mk\u00f6k.\" \/>\n<meta property=\"og:url\" content=\"https:\/\/www.snek.se\/no\/finansiering-2\/\" \/>\n<meta property=\"og:site_name\" content=\"Sn\u00eak\" \/>\n<meta property=\"article:publisher\" content=\"https:\/\/www.facebook.com\/snekkitchens\/\" \/>\n<meta name=\"twitter:card\" content=\"summary_large_image\" \/>\n<meta name=\"twitter:label1\" content=\"Est. reading time\" \/>\n\t<meta name=\"twitter:data1\" content=\"1 minute\" \/>\n<script type=\"application\/ld+json\" class=\"yoast-schema-graph\">{\"@context\":\"https:\\\/\\\/schema.org\",\"@graph\":[{\"@type\":\"WebPage\",\"@id\":\"https:\\\/\\\/www.snek.se\\\/no\\\/finansiering-2\\\/\",\"url\":\"https:\\\/\\\/www.snek.se\\\/no\\\/finansiering-2\\\/\",\"name\":\"Finansiering | Sn\u00eak\",\"isPartOf\":{\"@id\":\"https:\\\/\\\/www.snek.se\\\/no\\\/#website\"},\"datePublished\":\"2026-04-08T16:29:17+00:00\",\"description\":\"Finansier kj\u00f8kkenet ditt med LF Finans. Smidig och flexibel delbetalning s\u00e5 du kan f\u00f6rverkliga ditt dr\u00f6mk\u00f6k.\",\"breadcrumb\":{\"@id\":\"https:\\\/\\\/www.snek.se\\\/no\\\/finansiering-2\\\/#breadcrumb\"},\"inLanguage\":\"nb-NO\",\"potentialAction\":[{\"@type\":\"ReadAction\",\"target\":[\"https:\\\/\\\/www.snek.se\\\/no\\\/finansiering-2\\\/\"]}]},{\"@type\":\"BreadcrumbList\",\"@id\":\"https:\\\/\\\/www.snek.se\\\/no\\\/finansiering-2\\\/#breadcrumb\",\"itemListElement\":[{\"@type\":\"ListItem\",\"position\":1,\"name\":\"Hem\",\"item\":\"https:\\\/\\\/www.snek.se\\\/no\\\/\"},{\"@type\":\"ListItem\",\"position\":2,\"name\":\"Finansiering\"}]},{\"@type\":\"WebSite\",\"@id\":\"https:\\\/\\\/www.snek.se\\\/no\\\/#website\",\"url\":\"https:\\\/\\\/www.snek.se\\\/no\\\/\",\"name\":\"Sn\u00eak\",\"description\":\"H\u00e5ndlagde kj\u00f8kken fra Norrbotten\",\"publisher\":{\"@id\":\"https:\\\/\\\/www.snek.se\\\/no\\\/#organization\"},\"potentialAction\":[{\"@type\":\"SearchAction\",\"target\":{\"@type\":\"EntryPoint\",\"urlTemplate\":\"https:\\\/\\\/www.snek.se\\\/no\\\/?s={search_term_string}\"},\"query-input\":{\"@type\":\"PropertyValueSpecification\",\"valueRequired\":true,\"valueName\":\"search_term_string\"}}],\"inLanguage\":\"nb-NO\"},{\"@type\":\"Organization\",\"@id\":\"https:\\\/\\\/www.snek.se\\\/no\\\/#organization\",\"name\":\"Sn\u00eak\",\"url\":\"https:\\\/\\\/www.snek.se\\\/no\\\/\",\"logo\":{\"@type\":\"ImageObject\",\"inLanguage\":\"nb-NO\",\"@id\":\"https:\\\/\\\/www.snek.se\\\/no\\\/#\\\/schema\\\/logo\\\/image\\\/\",\"url\":\"https:\\\/\\\/www.snek.se\\\/wp-content\\\/uploads\\\/2026\\\/01\\\/snek-logotyp-insta-scaled.jpg\",\"contentUrl\":\"https:\\\/\\\/www.snek.se\\\/wp-content\\\/uploads\\\/2026\\\/01\\\/snek-logotyp-insta-scaled.jpg\",\"width\":2560,\"height\":2560,\"caption\":\"Sn\u00eak\"},\"image\":{\"@id\":\"https:\\\/\\\/www.snek.se\\\/no\\\/#\\\/schema\\\/logo\\\/image\\\/\"},\"sameAs\":[\"https:\\\/\\\/www.facebook.com\\\/snekkitchens\\\/\",\"https:\\\/\\\/www.instagram.com\\\/snek.kok\\\/\",\"https:\\\/\\\/www.linkedin.com\\\/company\\\/snek-kok\\\/\",\"https:\\\/\\\/se.pinterest.com\\\/SnekKitchens\\\/\",\"https:\\\/\\\/www.youtube.com\\\/channel\\\/UCT9DWn-4DMpKHHqbRXV4bZQ\\\/\"]}]}<\/script>\n<!-- \/ Yoast SEO plugin. -->","yoast_head_json":{"title":"Finansiering | Sn\u00eak","description":"Finansier kj\u00f8kkenet ditt med LF Finans. Smidig och flexibel delbetalning s\u00e5 du kan f\u00f6rverkliga ditt dr\u00f6mk\u00f6k.","robots":{"index":"index","follow":"follow","max-snippet":"max-snippet:-1","max-image-preview":"max-image-preview:large","max-video-preview":"max-video-preview:-1"},"canonical":"https:\/\/www.snek.se\/no\/finansiering-2\/","og_locale":"nb_NO","og_type":"article","og_title":"Finansiering | Sn\u00eak","og_description":"Finansier kj\u00f8kkenet ditt med LF Finans. Smidig och flexibel delbetalning s\u00e5 du kan f\u00f6rverkliga ditt dr\u00f6mk\u00f6k.","og_url":"https:\/\/www.snek.se\/no\/finansiering-2\/","og_site_name":"Sn\u00eak","article_publisher":"https:\/\/www.facebook.com\/snekkitchens\/","twitter_card":"summary_large_image","twitter_misc":{"Est. reading time":"1 minute"},"schema":{"@context":"https:\/\/schema.org","@graph":[{"@type":"WebPage","@id":"https:\/\/www.snek.se\/no\/finansiering-2\/","url":"https:\/\/www.snek.se\/no\/finansiering-2\/","name":"Finansiering | Sn\u00eak","isPartOf":{"@id":"https:\/\/www.snek.se\/no\/#website"},"datePublished":"2026-04-08T16:29:17+00:00","description":"Finansier kj\u00f8kkenet ditt med LF Finans. Smidig och flexibel delbetalning s\u00e5 du kan f\u00f6rverkliga ditt dr\u00f6mk\u00f6k.","breadcrumb":{"@id":"https:\/\/www.snek.se\/no\/finansiering-2\/#breadcrumb"},"inLanguage":"nb-NO","potentialAction":[{"@type":"ReadAction","target":["https:\/\/www.snek.se\/no\/finansiering-2\/"]}]},{"@type":"BreadcrumbList","@id":"https:\/\/www.snek.se\/no\/finansiering-2\/#breadcrumb","itemListElement":[{"@type":"ListItem","position":1,"name":"Hem","item":"https:\/\/www.snek.se\/no\/"},{"@type":"ListItem","position":2,"name":"Finansiering"}]},{"@type":"WebSite","@id":"https:\/\/www.snek.se\/no\/#website","url":"https:\/\/www.snek.se\/no\/","name":"Sn\u00eak","description":"H\u00e5ndlagde kj\u00f8kken fra Norrbotten","publisher":{"@id":"https:\/\/www.snek.se\/no\/#organization"},"potentialAction":[{"@type":"SearchAction","target":{"@type":"EntryPoint","urlTemplate":"https:\/\/www.snek.se\/no\/?s={search_term_string}"},"query-input":{"@type":"PropertyValueSpecification","valueRequired":true,"valueName":"search_term_string"}}],"inLanguage":"nb-NO"},{"@type":"Organization","@id":"https:\/\/www.snek.se\/no\/#organization","name":"Sn\u00eak","url":"https:\/\/www.snek.se\/no\/","logo":{"@type":"ImageObject","inLanguage":"nb-NO","@id":"https:\/\/www.snek.se\/no\/#\/schema\/logo\/image\/","url":"https:\/\/www.snek.se\/wp-content\/uploads\/2026\/01\/snek-logotyp-insta-scaled.jpg","contentUrl":"https:\/\/www.snek.se\/wp-content\/uploads\/2026\/01\/snek-logotyp-insta-scaled.jpg","width":2560,"height":2560,"caption":"Sn\u00eak"},"image":{"@id":"https:\/\/www.snek.se\/no\/#\/schema\/logo\/image\/"},"sameAs":["https:\/\/www.facebook.com\/snekkitchens\/","https:\/\/www.instagram.com\/snek.kok\/","https:\/\/www.linkedin.com\/company\/snek-kok\/","https:\/\/se.pinterest.com\/SnekKitchens\/","https:\/\/www.youtube.com\/channel\/UCT9DWn-4DMpKHHqbRXV4bZQ\/"]}]}},"_links":{"self":[{"href":"https:\/\/www.snek.se\/no\/wp-json\/wp\/v2\/pages\/154350","targetHints":{"allow":["GET"]}}],"collection":[{"href":"https:\/\/www.snek.se\/no\/wp-json\/wp\/v2\/pages"}],"about":[{"href":"https:\/\/www.snek.se\/no\/wp-json\/wp\/v2\/types\/page"}],"replies":[{"embeddable":true,"href":"https:\/\/www.snek.se\/no\/wp-json\/wp\/v2\/comments?post=154350"}],"version-history":[{"count":1,"href":"https:\/\/www.snek.se\/no\/wp-json\/wp\/v2\/pages\/154350\/revisions"}],"predecessor-version":[{"id":154351,"href":"https:\/\/www.snek.se\/no\/wp-json\/wp\/v2\/pages\/154350\/revisions\/154351"}],"wp:attachment":[{"href":"https:\/\/www.snek.se\/no\/wp-json\/wp\/v2\/media?parent=154350"}],"curies":[{"name":"wp","href":"https:\/\/api.w.org\/{rel}","templated":true}]}}