{"id":154338,"date":"2026-04-08T18:29:16","date_gmt":"2026-04-08T16:29:16","guid":{"rendered":"https:\/\/www.snek.se\/informasjonskapsler\/"},"modified":"2026-04-08T19:15:29","modified_gmt":"2026-04-08T17:15:29","slug":"informasjonskapsler","status":"publish","type":"page","link":"https:\/\/www.snek.se\/no\/informasjonskapsler\/","title":{"rendered":"Informasjonskapsler"},"content":{"rendered":"\t\t<div data-elementor-type=\"wp-page\" data-elementor-id=\"154338\" class=\"elementor elementor-154338 elementor-940\" data-elementor-post-type=\"page\">\n\t\t\t\t<div class=\"elementor-element elementor-element-3ae7bb29 e-flex e-con-boxed e-con e-parent\" data-id=\"3ae7bb29\" data-element_type=\"container\" data-e-type=\"container\">\n\t\t\t\t\t<div class=\"e-con-inner\">\n\t\t<div class=\"elementor-element elementor-element-2ba5174 e-con-full e-flex e-con e-child\" data-id=\"2ba5174\" data-element_type=\"container\" data-e-type=\"container\">\n\t\t\t\t<div class=\"elementor-element elementor-element-6e9cad9 elementor-widget elementor-widget-heading\" data-id=\"6e9cad9\" data-element_type=\"widget\" data-e-type=\"widget\" data-widget_type=\"heading.default\">\n\t\t\t\t<div class=\"elementor-widget-container\">\n\t\t\t\t\t<h1 class=\"elementor-heading-title elementor-size-default\">Retningslinjer for informasjonskapsler<\/h1>\t\t\t\t<\/div>\n\t\t\t\t<\/div>\n\t\t\t\t<div class=\"elementor-element elementor-element-a08cb9c elementor-widget__width-initial elementor-widget elementor-widget-text-editor\" data-id=\"a08cb9c\" data-element_type=\"widget\" data-e-type=\"widget\" data-widget_type=\"text-editor.default\">\n\t\t\t\t<div class=\"elementor-widget-container\">\n\t\t\t\t\t\t\t\t\t<h2 style=\"text-align: center;\">Que sont les cookies ?<\/h2><p style=\"text-align: center;\">Les cookies sont de petits fichiers texte enregistr\u00e9s par votre navigateur p\u00e5 din dator, mobiltelefon eller annan enhet n\u00e4r du bes\u00f6ker en webbplats. De anv\u00e4nds for \u00e5 forb\u00e4ttra anv\u00e4ndarupplevelsen, anpassa inneh\u00e5ll og samla in statistik om bes\u00f6ket.<\/p><p style=\"text-align: left;\">\u00a0<\/p>\t\t\t\t\t\t\t\t<\/div>\n\t\t\t\t<\/div>\n\t\t\t\t<\/div>\n\t\t\t\t\t<\/div>\n\t\t\t\t<\/div>\n\t\t<div class=\"elementor-element elementor-element-f79cd59 e-flex e-con-boxed e-con e-parent\" data-id=\"f79cd59\" data-element_type=\"container\" data-e-type=\"container\" data-settings=\"{&quot;background_background&quot;:&quot;classic&quot;}\">\n\t\t\t\t\t<div class=\"e-con-inner\">\n\t\t\t\t<div class=\"elementor-element elementor-element-85613ea elementor-widget__width-initial elementor-widget elementor-widget-text-editor\" data-id=\"85613ea\" data-element_type=\"widget\" data-e-type=\"widget\" data-widget_type=\"text-editor.default\">\n\t\t\t\t<div class=\"elementor-widget-container\">\n\t\t\t\t\t\t\t\t\t<p><span id=\"miro-copy-source--doc\"><\/span>Types de cookies que nous utilisons<\/p>\t\t\t\t\t\t\t\t<\/div>\n\t\t\t\t<\/div>\n\t\t\t\t<div class=\"elementor-element elementor-element-4b1be62 elementor-widget__width-initial elementor-widget elementor-widget-text-editor\" data-id=\"4b1be62\" data-element_type=\"widget\" data-e-type=\"widget\" data-widget_type=\"text-editor.default\">\n\t\t\t\t<div class=\"elementor-widget-container\">\n\t\t\t\t\t\t\t\t\t<p>Hos Sn\u00eak Aktiebolag bruker vi informasjonskapsler for \u00e5 forbedre nettstedets ytelse og brukervennlighet, gj\u00f8re sider raskere \u00e5 laste, vise relevant innhold og markedsf\u00f8ring samt samle inn anonym statistikk om brukeratferd.<br data-start=\"321\" data-end=\"324\" \/>Hvis du ikke \u00f8nsker at informasjonskapsler brukes, kan du deaktivere dem i nettleserens innstillinger og slette allerede lagrede informasjonskapsler.<\/p>\t\t\t\t\t\t\t\t<\/div>\n\t\t\t\t<\/div>\n\t\t\t\t\t<\/div>\n\t\t\t\t<\/div>\n\t\t<div class=\"elementor-element elementor-element-539f60e e-flex e-con-boxed e-con e-parent\" data-id=\"539f60e\" data-element_type=\"container\" data-e-type=\"container\">\n\t\t\t\t\t<div class=\"e-con-inner\">\n\t\t<div class=\"elementor-element elementor-element-ec682a3 e-con-full e-flex e-con e-child\" data-id=\"ec682a3\" data-element_type=\"container\" data-e-type=\"container\">\n\t\t\t\t<div class=\"elementor-element elementor-element-827ff75 elementor-widget elementor-widget-heading\" data-id=\"827ff75\" data-element_type=\"widget\" data-e-type=\"widget\" data-widget_type=\"heading.default\">\n\t\t\t\t<div class=\"elementor-widget-container\">\n\t\t\t\t\t<h2 class=\"elementor-heading-title elementor-size-default\">1. Strengt n\u00f8dvendige informasjonskapsler<\/h2>\t\t\t\t<\/div>\n\t\t\t\t<\/div>\n\t\t\t\t<div class=\"elementor-element elementor-element-0893a58 elementor-widget elementor-widget-text-editor\" data-id=\"0893a58\" data-element_type=\"widget\" data-e-type=\"widget\" data-widget_type=\"text-editor.default\">\n\t\t\t\t<div class=\"elementor-widget-container\">\n\t\t\t\t\t\t\t\t\t<p>Ces cookies sont n\u00e9cessaires au bon fonctionnement du site og kan ikke st\u00e4ngas av i v\u00e5ra system. De anv\u00e4nds t.ex. for \u00e5 spara inst\u00e4llningar og hantera formul\u00e4rinmatning.<\/p><p><strong>Exempel p\u00e5 cookies:<\/strong><br class=\"soft-break\" \/>\u2013 Cloudflare<br class=\"soft-break\" \/>\u2013 WordPressee<\/p><p>Om du blockerar dessa cookies kan vissa delar av webbplatsen sluta fungera.<\/p>\t\t\t\t\t\t\t\t<\/div>\n\t\t\t\t<\/div>\n\t\t\t\t<\/div>\n\t\t<div class=\"elementor-element elementor-element-7911658 e-con-full e-flex e-con e-child\" data-id=\"7911658\" data-element_type=\"container\" data-e-type=\"container\">\n\t\t\t\t<div class=\"elementor-element elementor-element-40e5d3a elementor-widget elementor-widget-heading\" data-id=\"40e5d3a\" data-element_type=\"widget\" data-e-type=\"widget\" data-widget_type=\"heading.default\">\n\t\t\t\t<div class=\"elementor-widget-container\">\n\t\t\t\t\t<h2 class=\"elementor-heading-title elementor-size-default\">2. Analysekapsler<\/h2>\t\t\t\t<\/div>\n\t\t\t\t<\/div>\n\t\t\t\t<div class=\"elementor-element elementor-element-e3ee85b elementor-widget elementor-widget-text-editor\" data-id=\"e3ee85b\" data-element_type=\"widget\" data-e-type=\"widget\" data-widget_type=\"text-editor.default\">\n\t\t\t\t<div class=\"elementor-widget-container\">\n\t\t\t\t\t\t\t\t\t<p>Les cookies analytiques nous aident \u00e0 comprendre comment les visiteurs utilisent le site, s\u00e5 \u00e5 vi kan forb\u00e4ttra struktur og inneh\u00e5ll. All information \u00e4r anonymiserad.<\/p><p><strong>Anv\u00e4nds via:<\/strong><br class=\"soft-break\" \/>\u2013 Google Analytics<\/p>\t\t\t\t\t\t\t\t<\/div>\n\t\t\t\t<\/div>\n\t\t\t\t<\/div>\n\t\t\t\t\t<\/div>\n\t\t\t\t<\/div>\n\t\t<div class=\"elementor-element elementor-element-a9cfff5 e-flex e-con-boxed e-con e-parent\" data-id=\"a9cfff5\" data-element_type=\"container\" data-e-type=\"container\">\n\t\t\t\t\t<div class=\"e-con-inner\">\n\t\t<div class=\"elementor-element elementor-element-fd01e7d e-con-full e-flex e-con e-child\" data-id=\"fd01e7d\" data-element_type=\"container\" data-e-type=\"container\">\n\t\t\t\t<div class=\"elementor-element elementor-element-5416800 elementor-widget elementor-widget-heading\" data-id=\"5416800\" data-element_type=\"widget\" data-e-type=\"widget\" data-widget_type=\"heading.default\">\n\t\t\t\t<div class=\"elementor-widget-container\">\n\t\t\t\t\t<h2 class=\"elementor-heading-title elementor-size-default\">3. Reklamekapsler<\/h2>\t\t\t\t<\/div>\n\t\t\t\t<\/div>\n\t\t\t\t<div class=\"elementor-element elementor-element-b2df223 elementor-widget elementor-widget-text-editor\" data-id=\"b2df223\" data-element_type=\"widget\" data-e-type=\"widget\" data-widget_type=\"text-editor.default\">\n\t\t\t\t<div class=\"elementor-widget-container\">\n\t\t\t\t\t\t\t\t\t<p>Ces cookies sont utilis\u00e9s par nos partenaires pour afficher des publicit\u00e9s pertinentes p\u00e5 andra webbplatser. De bygger en profil utifra din aktivitet, men inneh\u00e5ller ikke identifierande information.<\/p><p><strong>Anv\u00e4nds via:<\/strong><br class=\"soft-break\" \/>\u2013 Meta bussines suit<\/p><p>Du kan n\u00e4r som helst v\u00e4lja \u00e5 blockera dessa cookies via webbl\u00e4sarens inst\u00e4llningar.<\/p>\t\t\t\t\t\t\t\t<\/div>\n\t\t\t\t<\/div>\n\t\t\t\t<\/div>\n\t\t<div class=\"elementor-element elementor-element-67e5490 e-con-full elementor-hidden-mobile elementor-hidden-tablet e-flex e-con e-child\" data-id=\"67e5490\" data-element_type=\"container\" data-e-type=\"container\">\n\t\t\t\t<div class=\"elementor-element elementor-element-f0536a0 elementor-view-default elementor-widget elementor-widget-icon\" data-id=\"f0536a0\" data-element_type=\"widget\" data-e-type=\"widget\" data-widget_type=\"icon.default\">\n\t\t\t\t<div class=\"elementor-widget-container\">\n\t\t\t\t\t\t\t<div class=\"elementor-icon-wrapper\">\n\t\t\t<div class=\"elementor-icon\">\n\t\t\t<svg aria-hidden=\"true\" class=\"e-font-icon-svg e-fas-cookie-bite\" viewBox=\"0 0 512 512\" xmlns=\"http:\/\/www.w3.org\/2000\/svg\"><path d=\"M510.52 255.82c-69.97-.85-126.47-57.69-126.47-127.86-70.17 0-127-56.49-127.86-126.45-27.26-4.14-55.13.3-79.72 12.82l-69.13 35.22a132.221 132.221 0 0 0-57.79 57.81l-35.1 68.88a132.645 132.645 0 0 0-12.82 80.95l12.08 76.27a132.521 132.521 0 0 0 37.16 72.96l54.77 54.76a132.036 132.036 0 0 0 72.71 37.06l76.71 12.15c27.51 4.36 55.7-.11 80.53-12.76l69.13-35.21a132.273 132.273 0 0 0 57.79-57.81l35.1-68.88c12.56-24.64 17.01-52.58 12.91-79.91zM176 368c-17.67 0-32-14.33-32-32s14.33-32 32-32 32 14.33 32 32-14.33 32-32 32zm32-160c-17.67 0-32-14.33-32-32s14.33-32 32-32 32 14.33 32 32-14.33 32-32 32zm160 128c-17.67 0-32-14.33-32-32s14.33-32 32-32 32 14.33 32 32-14.33 32-32 32z\"><\/path><\/svg>\t\t\t<\/div>\n\t\t<\/div>\n\t\t\t\t\t\t<\/div>\n\t\t\t\t<\/div>\n\t\t\t\t<\/div>\n\t\t\t\t\t<\/div>\n\t\t\t\t<\/div>\n\t\t<div class=\"elementor-element elementor-element-3cb326e e-flex e-con-boxed e-con e-parent\" data-id=\"3cb326e\" data-element_type=\"container\" data-e-type=\"container\">\n\t\t\t\t\t<div class=\"e-con-inner\">\n\t\t<div class=\"elementor-element elementor-element-449016a e-con-full e-flex e-con e-child\" data-id=\"449016a\" data-element_type=\"container\" data-e-type=\"container\">\n\t\t\t\t<div class=\"elementor-element elementor-element-b40b0f9 elementor-widget elementor-widget-heading\" data-id=\"b40b0f9\" data-element_type=\"widget\" data-e-type=\"widget\" data-widget_type=\"heading.default\">\n\t\t\t\t<div class=\"elementor-widget-container\">\n\t\t\t\t\t<h2 class=\"elementor-heading-title elementor-size-default\">Teknisk informasjon som samles inn<\/h2>\t\t\t\t<\/div>\n\t\t\t\t<\/div>\n\t\t\t\t<div class=\"elementor-element elementor-element-e59c6c2 elementor-widget elementor-widget-text-editor\" data-id=\"e59c6c2\" data-element_type=\"widget\" data-e-type=\"widget\" data-widget_type=\"text-editor.default\">\n\t\t\t\t<div class=\"elementor-widget-container\">\n\t\t\t\t\t\t\t\t\t<p>N\u00e5r du bes\u00f8ker v\u00e5r nettside, kan vi midlertidig lagre teknisk informasjon som:<\/p><ul><li>IP-adresse<\/li><li>Operativsystem og nettlesertype<\/li><li>Bes\u00f8kets tidspunkt og varighet<\/li><li>Hvilken side du kom fra<\/li><li>Klikk- og bes\u00f8kshistorikk<\/li><\/ul><p>Disse opplysningene brukes utelukkende i anonymisert form for \u00e5 forbedre nettsidens innhold og funksjonalitet. All data sendes og lagres via <strong>krypterte tilkoblinger<\/strong>, og deles ikke med uvedkommende.<\/p>\t\t\t\t\t\t\t\t<\/div>\n\t\t\t\t<\/div>\n\t\t\t\t<\/div>\n\t\t<div class=\"elementor-element elementor-element-77ea984 e-con-full e-flex e-con e-child\" data-id=\"77ea984\" data-element_type=\"container\" data-e-type=\"container\">\n\t\t\t\t<div class=\"elementor-element elementor-element-396531e elementor-widget elementor-widget-heading\" data-id=\"396531e\" data-element_type=\"widget\" data-e-type=\"widget\" data-widget_type=\"heading.default\">\n\t\t\t\t<div class=\"elementor-widget-container\">\n\t\t\t\t\t<h2 class=\"elementor-heading-title elementor-size-default\">Samtykke og innstillinger<\/h2>\t\t\t\t<\/div>\n\t\t\t\t<\/div>\n\t\t\t\t<div class=\"elementor-element elementor-element-50cfb53 elementor-widget elementor-widget-text-editor\" data-id=\"50cfb53\" data-element_type=\"widget\" data-e-type=\"widget\" data-widget_type=\"text-editor.default\">\n\t\t\t\t<div class=\"elementor-widget-container\">\n\t\t\t\t\t\t\t\t\t<p>Ved \u00e5 bruke v\u00e5r nettside og ha cookies aktivert i nettleseren din, samtykker du til at vi bruker cookies i henhold til denne policyen.<\/p><p>Hvis du ikke godtar bruk av cookies, kan du:<\/p><ul><li>Justere innstillingene i nettleseren din for \u00e5 avvise eller begrense cookies<\/li><li>Slette eksisterende cookies fra enheten din<\/li><li>Aktivere advarsler f\u00f8r cookies lagres<\/li><\/ul><p>Se nettleserens hjelpseksjon eller leverand\u00f8rens instruksjoner for mer informasjon om hvordan du h\u00e5ndterer cookies.<\/p>\t\t\t\t\t\t\t\t<\/div>\n\t\t\t\t<\/div>\n\t\t\t\t<\/div>\n\t\t\t\t\t<\/div>\n\t\t\t\t<\/div>\n\t\t<div class=\"elementor-element elementor-element-4554b0e e-flex e-con-boxed e-con e-parent\" data-id=\"4554b0e\" data-element_type=\"container\" data-e-type=\"container\" data-settings=\"{&quot;background_background&quot;:&quot;classic&quot;}\">\n\t\t\t\t\t<div class=\"e-con-inner\">\n\t\t\t\t<div class=\"elementor-element elementor-element-e0abea8 elementor-widget elementor-widget-heading\" data-id=\"e0abea8\" data-element_type=\"widget\" data-e-type=\"widget\" data-widget_type=\"heading.default\">\n\t\t\t\t<div class=\"elementor-widget-container\">\n\t\t\t\t\t<h2 class=\"elementor-heading-title elementor-size-default\">Sp\u00f8rsm\u00e5l og kontakt<\/h2>\t\t\t\t<\/div>\n\t\t\t\t<\/div>\n\t\t\t\t<div class=\"elementor-element elementor-element-78dac5c elementor-widget elementor-widget-text-editor\" data-id=\"78dac5c\" data-element_type=\"widget\" data-e-type=\"widget\" data-widget_type=\"text-editor.default\">\n\t\t\t\t<div class=\"elementor-widget-container\">\n\t\t\t\t\t\t\t\t\t<p>Har du sp\u00f8rsm\u00e5l om hvordan vi bruker informasjonskapsler eller behandler personopplysninger?<\/p>\t\t\t\t\t\t\t\t<\/div>\n\t\t\t\t<\/div>\n\t\t<div class=\"elementor-element elementor-element-6875ebd e-grid e-con-full e-con e-child\" data-id=\"6875ebd\" data-element_type=\"container\" data-e-type=\"container\">\n\t\t\t\t<div class=\"elementor-element elementor-element-a619cd1 elementor-widget elementor-widget-html\" data-id=\"a619cd1\" data-element_type=\"widget\" data-e-type=\"widget\" data-widget_type=\"html.default\">\n\t\t\t\t<div class=\"elementor-widget-container\">\n\t\t\t\t\t<a href=\"https:\/\/www.snek.se\/integritetspolicy\/\" style=\"text-decoration: none;\">\n    <button class=\"bracket-button-w\">\n    Personvernerkl\u00e6ring\n    <\/button>\n<\/a>\t\t\t\t<\/div>\n\t\t\t\t<\/div>\n\t\t\t\t<div class=\"elementor-element elementor-element-cbf9524 elementor-widget elementor-widget-html\" data-id=\"cbf9524\" data-element_type=\"widget\" data-e-type=\"widget\" data-widget_type=\"html.default\">\n\t\t\t\t<div class=\"elementor-widget-container\">\n\t\t\t\t\t<a href=\"https:\/\/www.snek.se\/kontakt\/\" style=\"text-decoration: none;\">\n    <button class=\"bracket-button-w\">\n        Kontakt oss\n    <\/button>\n<\/a>\t\t\t\t<\/div>\n\t\t\t\t<\/div>\n\t\t\t\t<\/div>\n\t\t\t\t\t<\/div>\n\t\t\t\t<\/div>\n\t\t\t\t<\/div>\n\t\t","protected":false},"excerpt":{"rendered":"<p>Cookiepolicy Vad \u00e4r cookies? Cookies \u00e4r sm\u00e5 textfiler som sparas av din webbl\u00e4sare p\u00e5 din dator, mobiltelefon eller annan enhet n\u00e4r du bes\u00f6ker en webbplats. De anv\u00e4nds f\u00f6r att f\u00f6rb\u00e4ttra anv\u00e4ndarupplevelsen, anpassa inneh\u00e5ll och samla in statistik om bes\u00f6ket. \u00a0 Typer av cookies vi anv\u00e4nder Hos Sn\u00eak Aktiebolag anv\u00e4nder vi cookies f\u00f6r att f\u00f6rb\u00e4ttra webbplatsens [&hellip;]<\/p>\n","protected":false},"author":0,"featured_media":141723,"parent":0,"menu_order":0,"comment_status":"closed","ping_status":"closed","template":"elementor_canvas","meta":{"_acf_changed":false,"footnotes":""},"class_list":["post-154338","page","type-page","status-publish","has-post-thumbnail","hentry"],"acf":[],"yoast_head":"<!-- This site is optimized with the Yoast SEO plugin v27.2 - https:\/\/yoast.com\/product\/yoast-seo-wordpress\/ -->\n<title>Informasjonskapsler | Sn\u00eak<\/title>\n<meta name=\"description\" content=\"Informasjon om hvordan Sn\u00eak bruker informasjonskapsler p\u00e5 nettstedet. Typer av cookies och dina valm\u00f6jligheter.\" \/>\n<meta name=\"robots\" content=\"index, follow, max-snippet:-1, max-image-preview:large, max-video-preview:-1\" \/>\n<link rel=\"canonical\" href=\"https:\/\/www.snek.se\/no\/informasjonskapsler\/\" \/>\n<meta property=\"og:locale\" content=\"nb_NO\" \/>\n<meta property=\"og:type\" content=\"article\" \/>\n<meta property=\"og:title\" content=\"Informasjonskapsler | Sn\u00eak\" \/>\n<meta property=\"og:description\" content=\"Informasjon om hvordan Sn\u00eak bruker informasjonskapsler p\u00e5 nettstedet. Typer av cookies och dina valm\u00f6jligheter.\" \/>\n<meta property=\"og:url\" content=\"https:\/\/www.snek.se\/no\/informasjonskapsler\/\" \/>\n<meta property=\"og:site_name\" content=\"Sn\u00eak\" \/>\n<meta property=\"article:publisher\" content=\"https:\/\/www.facebook.com\/snekkitchens\/\" \/>\n<meta property=\"article:modified_time\" content=\"2026-04-08T17:15:29+00:00\" \/>\n<meta property=\"og:image\" content=\"https:\/\/www.snek.se\/wp-content\/uploads\/2024\/12\/Erika_Aberg_web-05.jpg\" \/>\n\t<meta property=\"og:image:width\" content=\"768\" \/>\n\t<meta property=\"og:image:height\" content=\"1024\" \/>\n\t<meta property=\"og:image:type\" content=\"image\/jpeg\" \/>\n<meta name=\"twitter:card\" content=\"summary_large_image\" \/>\n<meta name=\"twitter:label1\" content=\"Est. reading time\" \/>\n\t<meta name=\"twitter:data1\" content=\"2 minutes\" \/>\n<script type=\"application\/ld+json\" class=\"yoast-schema-graph\">{\"@context\":\"https:\/\/schema.org\",\"@graph\":[{\"@type\":\"WebPage\",\"@id\":\"https:\/\/www.snek.se\/no\/informasjonskapsler\/\",\"url\":\"https:\/\/www.snek.se\/no\/informasjonskapsler\/\",\"name\":\"Informasjonskapsler | Sn\u00eak\",\"isPartOf\":{\"@id\":\"https:\/\/www.snek.se\/no\/#website\"},\"primaryImageOfPage\":{\"@id\":\"https:\/\/www.snek.se\/no\/informasjonskapsler\/#primaryimage\"},\"image\":{\"@id\":\"https:\/\/www.snek.se\/no\/informasjonskapsler\/#primaryimage\"},\"thumbnailUrl\":\"https:\/\/www.snek.se\/wp-content\/uploads\/2024\/12\/Erika_Aberg_web-05.jpg\",\"datePublished\":\"2026-04-08T16:29:16+00:00\",\"dateModified\":\"2026-04-08T17:15:29+00:00\",\"description\":\"Informasjon om hvordan Sn\u00eak bruker informasjonskapsler p\u00e5 nettstedet. Typer av cookies och dina valm\u00f6jligheter.\",\"breadcrumb\":{\"@id\":\"https:\/\/www.snek.se\/no\/informasjonskapsler\/#breadcrumb\"},\"inLanguage\":\"nb-NO\",\"potentialAction\":[{\"@type\":\"ReadAction\",\"target\":[\"https:\/\/www.snek.se\/no\/informasjonskapsler\/\"]}]},{\"@type\":\"ImageObject\",\"inLanguage\":\"nb-NO\",\"@id\":\"https:\/\/www.snek.se\/no\/informasjonskapsler\/#primaryimage\",\"url\":\"https:\/\/www.snek.se\/wp-content\/uploads\/2024\/12\/Erika_Aberg_web-05.jpg\",\"contentUrl\":\"https:\/\/www.snek.se\/wp-content\/uploads\/2024\/12\/Erika_Aberg_web-05.jpg\",\"width\":768,\"height\":1024,\"caption\":\"Praktisk f\u00f6rvaring ovanf\u00f6r arbetsytan.\"},{\"@type\":\"BreadcrumbList\",\"@id\":\"https:\/\/www.snek.se\/no\/informasjonskapsler\/#breadcrumb\",\"itemListElement\":[{\"@type\":\"ListItem\",\"position\":1,\"name\":\"Hem\",\"item\":\"https:\/\/www.snek.se\/no\/\"},{\"@type\":\"ListItem\",\"position\":2,\"name\":\"Informasjonskapsler\"}]},{\"@type\":\"WebSite\",\"@id\":\"https:\/\/www.snek.se\/no\/#website\",\"url\":\"https:\/\/www.snek.se\/no\/\",\"name\":\"Sn\u00eak\",\"description\":\"H\u00e5ndlagde kj\u00f8kken fra Norrbotten\",\"publisher\":{\"@id\":\"https:\/\/www.snek.se\/no\/#organization\"},\"potentialAction\":[{\"@type\":\"SearchAction\",\"target\":{\"@type\":\"EntryPoint\",\"urlTemplate\":\"https:\/\/www.snek.se\/no\/?s={search_term_string}\"},\"query-input\":{\"@type\":\"PropertyValueSpecification\",\"valueRequired\":true,\"valueName\":\"search_term_string\"}}],\"inLanguage\":\"nb-NO\"},{\"@type\":\"Organization\",\"@id\":\"https:\/\/www.snek.se\/no\/#organization\",\"name\":\"Sn\u00eak\",\"url\":\"https:\/\/www.snek.se\/no\/\",\"logo\":{\"@type\":\"ImageObject\",\"inLanguage\":\"nb-NO\",\"@id\":\"https:\/\/www.snek.se\/no\/#\/schema\/logo\/image\/\",\"url\":\"https:\/\/www.snek.se\/wp-content\/uploads\/2026\/01\/snek-logotyp-insta-scaled.jpg\",\"contentUrl\":\"https:\/\/www.snek.se\/wp-content\/uploads\/2026\/01\/snek-logotyp-insta-scaled.jpg\",\"width\":2560,\"height\":2560,\"caption\":\"Sn\u00eak\"},\"image\":{\"@id\":\"https:\/\/www.snek.se\/no\/#\/schema\/logo\/image\/\"},\"sameAs\":[\"https:\/\/www.facebook.com\/snekkitchens\/\",\"https:\/\/www.instagram.com\/snek.kok\/\",\"https:\/\/www.linkedin.com\/company\/snek-kok\/\",\"https:\/\/se.pinterest.com\/SnekKitchens\/\",\"https:\/\/www.youtube.com\/channel\/UCT9DWn-4DMpKHHqbRXV4bZQ\/\"]}]}<\/script>\n<!-- \/ Yoast SEO plugin. -->","yoast_head_json":{"title":"Informasjonskapsler | Sn\u00eak","description":"Informasjon om hvordan Sn\u00eak bruker informasjonskapsler p\u00e5 nettstedet. Typer av cookies och dina valm\u00f6jligheter.","robots":{"index":"index","follow":"follow","max-snippet":"max-snippet:-1","max-image-preview":"max-image-preview:large","max-video-preview":"max-video-preview:-1"},"canonical":"https:\/\/www.snek.se\/no\/informasjonskapsler\/","og_locale":"nb_NO","og_type":"article","og_title":"Informasjonskapsler | Sn\u00eak","og_description":"Informasjon om hvordan Sn\u00eak bruker informasjonskapsler p\u00e5 nettstedet. Typer av cookies och dina valm\u00f6jligheter.","og_url":"https:\/\/www.snek.se\/no\/informasjonskapsler\/","og_site_name":"Sn\u00eak","article_publisher":"https:\/\/www.facebook.com\/snekkitchens\/","article_modified_time":"2026-04-08T17:15:29+00:00","og_image":[{"width":768,"height":1024,"url":"https:\/\/www.snek.se\/wp-content\/uploads\/2024\/12\/Erika_Aberg_web-05.jpg","type":"image\/jpeg"}],"twitter_card":"summary_large_image","twitter_misc":{"Est. reading time":"2 minutes"},"schema":{"@context":"https:\/\/schema.org","@graph":[{"@type":"WebPage","@id":"https:\/\/www.snek.se\/no\/informasjonskapsler\/","url":"https:\/\/www.snek.se\/no\/informasjonskapsler\/","name":"Informasjonskapsler | Sn\u00eak","isPartOf":{"@id":"https:\/\/www.snek.se\/no\/#website"},"primaryImageOfPage":{"@id":"https:\/\/www.snek.se\/no\/informasjonskapsler\/#primaryimage"},"image":{"@id":"https:\/\/www.snek.se\/no\/informasjonskapsler\/#primaryimage"},"thumbnailUrl":"https:\/\/www.snek.se\/wp-content\/uploads\/2024\/12\/Erika_Aberg_web-05.jpg","datePublished":"2026-04-08T16:29:16+00:00","dateModified":"2026-04-08T17:15:29+00:00","description":"Informasjon om hvordan Sn\u00eak bruker informasjonskapsler p\u00e5 nettstedet. Typer av cookies och dina valm\u00f6jligheter.","breadcrumb":{"@id":"https:\/\/www.snek.se\/no\/informasjonskapsler\/#breadcrumb"},"inLanguage":"nb-NO","potentialAction":[{"@type":"ReadAction","target":["https:\/\/www.snek.se\/no\/informasjonskapsler\/"]}]},{"@type":"ImageObject","inLanguage":"nb-NO","@id":"https:\/\/www.snek.se\/no\/informasjonskapsler\/#primaryimage","url":"https:\/\/www.snek.se\/wp-content\/uploads\/2024\/12\/Erika_Aberg_web-05.jpg","contentUrl":"https:\/\/www.snek.se\/wp-content\/uploads\/2024\/12\/Erika_Aberg_web-05.jpg","width":768,"height":1024,"caption":"Praktisk f\u00f6rvaring ovanf\u00f6r arbetsytan."},{"@type":"BreadcrumbList","@id":"https:\/\/www.snek.se\/no\/informasjonskapsler\/#breadcrumb","itemListElement":[{"@type":"ListItem","position":1,"name":"Hem","item":"https:\/\/www.snek.se\/no\/"},{"@type":"ListItem","position":2,"name":"Informasjonskapsler"}]},{"@type":"WebSite","@id":"https:\/\/www.snek.se\/no\/#website","url":"https:\/\/www.snek.se\/no\/","name":"Sn\u00eak","description":"H\u00e5ndlagde kj\u00f8kken fra Norrbotten","publisher":{"@id":"https:\/\/www.snek.se\/no\/#organization"},"potentialAction":[{"@type":"SearchAction","target":{"@type":"EntryPoint","urlTemplate":"https:\/\/www.snek.se\/no\/?s={search_term_string}"},"query-input":{"@type":"PropertyValueSpecification","valueRequired":true,"valueName":"search_term_string"}}],"inLanguage":"nb-NO"},{"@type":"Organization","@id":"https:\/\/www.snek.se\/no\/#organization","name":"Sn\u00eak","url":"https:\/\/www.snek.se\/no\/","logo":{"@type":"ImageObject","inLanguage":"nb-NO","@id":"https:\/\/www.snek.se\/no\/#\/schema\/logo\/image\/","url":"https:\/\/www.snek.se\/wp-content\/uploads\/2026\/01\/snek-logotyp-insta-scaled.jpg","contentUrl":"https:\/\/www.snek.se\/wp-content\/uploads\/2026\/01\/snek-logotyp-insta-scaled.jpg","width":2560,"height":2560,"caption":"Sn\u00eak"},"image":{"@id":"https:\/\/www.snek.se\/no\/#\/schema\/logo\/image\/"},"sameAs":["https:\/\/www.facebook.com\/snekkitchens\/","https:\/\/www.instagram.com\/snek.kok\/","https:\/\/www.linkedin.com\/company\/snek-kok\/","https:\/\/se.pinterest.com\/SnekKitchens\/","https:\/\/www.youtube.com\/channel\/UCT9DWn-4DMpKHHqbRXV4bZQ\/"]}]}},"_links":{"self":[{"href":"https:\/\/www.snek.se\/no\/wp-json\/wp\/v2\/pages\/154338","targetHints":{"allow":["GET"]}}],"collection":[{"href":"https:\/\/www.snek.se\/no\/wp-json\/wp\/v2\/pages"}],"about":[{"href":"https:\/\/www.snek.se\/no\/wp-json\/wp\/v2\/types\/page"}],"replies":[{"embeddable":true,"href":"https:\/\/www.snek.se\/no\/wp-json\/wp\/v2\/comments?post=154338"}],"version-history":[{"count":2,"href":"https:\/\/www.snek.se\/no\/wp-json\/wp\/v2\/pages\/154338\/revisions"}],"predecessor-version":[{"id":154437,"href":"https:\/\/www.snek.se\/no\/wp-json\/wp\/v2\/pages\/154338\/revisions\/154437"}],"wp:featuredmedia":[{"embeddable":true,"href":"https:\/\/www.snek.se\/no\/wp-json\/wp\/v2\/media\/141723"}],"wp:attachment":[{"href":"https:\/\/www.snek.se\/no\/wp-json\/wp\/v2\/media?parent=154338"}],"curies":[{"name":"wp","href":"https:\/\/api.w.org\/{rel}","templated":true}]}}