{"id":154192,"date":"2026-04-08T17:52:50","date_gmt":"2026-04-08T15:52:50","guid":{"rendered":"https:\/\/www.snek.se\/showroom\/"},"modified":"2026-04-08T23:26:28","modified_gmt":"2026-04-08T21:26:28","slug":"showroom","status":"publish","type":"page","link":"https:\/\/www.snek.se\/fr\/showroom\/","title":{"rendered":"Showroom"},"content":{"rendered":"\t\t<div data-elementor-type=\"wp-page\" data-elementor-id=\"154192\" class=\"elementor elementor-154192 elementor-142486\" data-elementor-post-type=\"page\">\n\t\t\t\t<div class=\"elementor-element elementor-element-4d1e1c5a e-flex e-con-boxed e-con e-parent\" data-id=\"4d1e1c5a\" data-element_type=\"container\" data-e-type=\"container\">\n\t\t\t\t\t<div class=\"e-con-inner\">\n\t\t\t\t<div class=\"elementor-element elementor-element-589e141b elementor-widget elementor-widget-heading\" data-id=\"589e141b\" data-element_type=\"widget\" data-e-type=\"widget\" data-widget_type=\"heading.default\">\n\t\t\t\t<div class=\"elementor-widget-container\">\n\t\t\t\t\t<h1 class=\"elementor-heading-title elementor-size-default\">Visitez nos showrooms<\/h1>\t\t\t\t<\/div>\n\t\t\t\t<\/div>\n\t\t\t\t<div class=\"elementor-element elementor-element-543cacca elementor-widget__width-initial elementor-widget elementor-widget-text-editor\" data-id=\"543cacca\" data-element_type=\"widget\" data-e-type=\"widget\" data-widget_type=\"text-editor.default\">\n\t\t\t\t<div class=\"elementor-widget-container\">\n\t\t\t\t\t\t\t\t\t<p style=\"text-align: center;\">Vous voulez d\u00e9couvrir nos cuisines en vrai ? Visitez l&rsquo;un de nos deux showrooms et laissez-vous inspirer ! Ici, vous pouvez voir et toucher les mat\u00e9riaux et avoir une meilleure id\u00e9e de ce \u00e0 quoi pourrait ressembler votre cuisine de r\u00eave.<\/p>\n\t\t\t\t\t\t\t\t<\/div>\n\t\t\t\t<\/div>\n\t\t\t\t\t<\/div>\n\t\t\t\t<\/div>\n\t\t<div class=\"elementor-element elementor-element-cc351c6 e-flex e-con-boxed e-con e-parent\" data-id=\"cc351c6\" data-element_type=\"container\" data-e-type=\"container\">\n\t\t\t\t\t<div class=\"e-con-inner\">\n\t\t<div class=\"elementor-element elementor-element-a22de6e e-con-full e-flex e-con e-child\" data-id=\"a22de6e\" data-element_type=\"container\" data-e-type=\"container\" data-settings=\"{&quot;background_background&quot;:&quot;classic&quot;}\">\n\t\t\t\t<div class=\"elementor-element elementor-element-64deb41 elementor-widget elementor-widget-heading\" data-id=\"64deb41\" data-element_type=\"widget\" data-e-type=\"widget\" data-widget_type=\"heading.default\">\n\t\t\t\t<div class=\"elementor-widget-container\">\n\t\t\t\t\t<h2 class=\"elementor-heading-title elementor-size-default\">Sn\u00eak Stockholm<\/h2>\t\t\t\t<\/div>\n\t\t\t\t<\/div>\n\t\t\t\t<div class=\"elementor-element elementor-element-d4cfa62 elementor-widget elementor-widget-text-editor\" data-id=\"d4cfa62\" data-element_type=\"widget\" data-e-type=\"widget\" data-widget_type=\"text-editor.default\">\n\t\t\t\t<div class=\"elementor-widget-container\">\n\t\t\t\t\t\t\t\t\t<p>P\u00e5 Karlav\u00e4gen i Stockholm v\u00e4lkomnar vi er till v\u00e5rt showroom hos Systrarna Axelsson. H\u00e4r i deras inspirerande studio erbjuder de hj\u00e4lp med inredning och projektledning f\u00f6r b\u00e5de f\u00f6retag och privatpersoner.<\/p>\n<p>\u00d6ppettider: De finns vanligtvis p\u00e5 plats <strong>m\u00e5ndag-fredag kl. 11-17<\/strong>. F\u00f6r att f\u00e5 deras fulla uppm\u00e4rksamhet rekommenderar vi att ni bokar en tid i f\u00f6rv\u00e4g.<\/p>\n<p><strong>Adress:<\/strong><\/p>\n<p>Karlav\u00e4gen 46, 114 49 Stockholm<\/p>\n\t\t\t\t\t\t\t\t<\/div>\n\t\t\t\t<\/div>\n\t\t\t\t<div class=\"elementor-element elementor-element-5f00d3d elementor-icon-list--layout-traditional elementor-list-item-link-full_width elementor-widget elementor-widget-icon-list\" data-id=\"5f00d3d\" data-element_type=\"widget\" data-e-type=\"widget\" data-widget_type=\"icon-list.default\">\n\t\t\t\t<div class=\"elementor-widget-container\">\n\t\t\t\t\t\t\t<ul class=\"elementor-icon-list-items\">\n\t\t\t\t\t\t\t<li class=\"elementor-icon-list-item\">\n\t\t\t\t\t\t\t\t\t\t\t<a href=\"mailto:info@systrarna.se\">\n\n\t\t\t\t\t\t\t\t\t\t\t\t<span class=\"elementor-icon-list-icon\">\n\t\t\t\t\t\t\t<svg aria-hidden=\"true\" class=\"e-font-icon-svg e-fas-mail-bulk\" viewBox=\"0 0 576 512\" xmlns=\"http:\/\/www.w3.org\/2000\/svg\"><path d=\"M160 448c-25.6 0-51.2-22.4-64-32-64-44.8-83.2-60.8-96-70.4V480c0 17.67 14.33 32 32 32h256c17.67 0 32-14.33 32-32V345.6c-12.8 9.6-32 25.6-96 70.4-12.8 9.6-38.4 32-64 32zm128-192H32c-17.67 0-32 14.33-32 32v16c25.6 19.2 22.4 19.2 115.2 86.4 9.6 6.4 28.8 25.6 44.8 25.6s35.2-19.2 44.8-22.4c92.8-67.2 89.6-67.2 115.2-86.4V288c0-17.67-14.33-32-32-32zm256-96H224c-17.67 0-32 14.33-32 32v32h96c33.21 0 60.59 25.42 63.71 57.82l.29-.22V416h192c17.67 0 32-14.33 32-32V192c0-17.67-14.33-32-32-32zm-32 128h-64v-64h64v64zm-352-96c0-35.29 28.71-64 64-64h224V32c0-17.67-14.33-32-32-32H96C78.33 0 64 14.33 64 32v192h96v-32z\"><\/path><\/svg>\t\t\t\t\t\t<\/span>\n\t\t\t\t\t\t\t\t\t\t<span class=\"elementor-icon-list-text\">info@systrarna.se<\/span>\n\t\t\t\t\t\t\t\t\t\t\t<\/a>\n\t\t\t\t\t\t\t\t\t<\/li>\n\t\t\t\t\t\t<\/ul>\n\t\t\t\t\t\t<\/div>\n\t\t\t\t<\/div>\n\t\t\t\t<div class=\"elementor-element elementor-element-c465a69 elementor-icon-list--layout-traditional elementor-list-item-link-full_width elementor-widget elementor-widget-icon-list\" data-id=\"c465a69\" data-element_type=\"widget\" data-e-type=\"widget\" data-widget_type=\"icon-list.default\">\n\t\t\t\t<div class=\"elementor-widget-container\">\n\t\t\t\t\t\t\t<ul class=\"elementor-icon-list-items\">\n\t\t\t\t\t\t\t<li class=\"elementor-icon-list-item\">\n\t\t\t\t\t\t\t\t\t\t\t<a href=\"https:\/\/instagram.com\/systrarnaaxelsson\/\">\n\n\t\t\t\t\t\t\t\t\t\t\t\t<span class=\"elementor-icon-list-icon\">\n\t\t\t\t\t\t\t<svg aria-hidden=\"true\" class=\"e-font-icon-svg e-fab-instagram\" viewBox=\"0 0 448 512\" xmlns=\"http:\/\/www.w3.org\/2000\/svg\"><path d=\"M224.1 141c-63.6 0-114.9 51.3-114.9 114.9s51.3 114.9 114.9 114.9S339 319.5 339 255.9 287.7 141 224.1 141zm0 189.6c-41.1 0-74.7-33.5-74.7-74.7s33.5-74.7 74.7-74.7 74.7 33.5 74.7 74.7-33.6 74.7-74.7 74.7zm146.4-194.3c0 14.9-12 26.8-26.8 26.8-14.9 0-26.8-12-26.8-26.8s12-26.8 26.8-26.8 26.8 12 26.8 26.8zm76.1 27.2c-1.7-35.9-9.9-67.7-36.2-93.9-26.2-26.2-58-34.4-93.9-36.2-37-2.1-147.9-2.1-184.9 0-35.8 1.7-67.6 9.9-93.9 36.1s-34.4 58-36.2 93.9c-2.1 37-2.1 147.9 0 184.9 1.7 35.9 9.9 67.7 36.2 93.9s58 34.4 93.9 36.2c37 2.1 147.9 2.1 184.9 0 35.9-1.7 67.7-9.9 93.9-36.2 26.2-26.2 34.4-58 36.2-93.9 2.1-37 2.1-147.8 0-184.8zM398.8 388c-7.8 19.6-22.9 34.7-42.6 42.6-29.5 11.7-99.5 9-132.1 9s-102.7 2.6-132.1-9c-19.6-7.8-34.7-22.9-42.6-42.6-11.7-29.5-9-99.5-9-132.1s-2.6-102.7 9-132.1c7.8-19.6 22.9-34.7 42.6-42.6 29.5-11.7 99.5-9 132.1-9s102.7-2.6 132.1 9c19.6 7.8 34.7 22.9 42.6 42.6 11.7 29.5 9 99.5 9 132.1s2.7 102.7-9 132.1z\"><\/path><\/svg>\t\t\t\t\t\t<\/span>\n\t\t\t\t\t\t\t\t\t\t<span class=\"elementor-icon-list-text\">systrarnaaxelsson<\/span>\n\t\t\t\t\t\t\t\t\t\t\t<\/a>\n\t\t\t\t\t\t\t\t\t<\/li>\n\t\t\t\t\t\t<\/ul>\n\t\t\t\t\t\t<\/div>\n\t\t\t\t<\/div>\n\t\t\t\t<div class=\"elementor-element elementor-element-6e00b3e elementor-widget elementor-widget-html\" data-id=\"6e00b3e\" data-element_type=\"widget\" data-e-type=\"widget\" data-widget_type=\"html.default\">\n\t\t\t\t<div class=\"elementor-widget-container\">\n\t\t\t\t\t<a href=\"https:\/\/www.snek.se\/samtal-med-koksplanerare\/\" style=\"text-decoration: none;\">\n    <button class=\"bracket-button-w\">\n        Till systrarna.se\n    <\/button>\n<\/a>\t\t\t\t<\/div>\n\t\t\t\t<\/div>\n\t\t\t\t<\/div>\n\t\t<div class=\"elementor-element elementor-element-f3e65cb e-con-full e-flex e-con e-child\" data-id=\"f3e65cb\" data-element_type=\"container\" data-e-type=\"container\" data-settings=\"{&quot;background_background&quot;:&quot;classic&quot;}\">\n\t\t\t\t<div class=\"elementor-element elementor-element-b2aa985 elementor-widget elementor-widget-spacer\" data-id=\"b2aa985\" data-element_type=\"widget\" data-e-type=\"widget\" data-widget_type=\"spacer.default\">\n\t\t\t\t<div class=\"elementor-widget-container\">\n\t\t\t\t\t\t\t<div class=\"elementor-spacer\">\n\t\t\t<div class=\"elementor-spacer-inner\"><\/div>\n\t\t<\/div>\n\t\t\t\t\t\t<\/div>\n\t\t\t\t<\/div>\n\t\t\t\t<\/div>\n\t\t\t\t\t<\/div>\n\t\t\t\t<\/div>\n\t\t<div class=\"elementor-element elementor-element-121cd96 e-flex e-con-boxed e-con e-parent\" data-id=\"121cd96\" data-element_type=\"container\" data-e-type=\"container\">\n\t\t\t\t\t<div class=\"e-con-inner\">\n\t\t<div class=\"elementor-element elementor-element-22b143c e-con-full e-flex e-con e-child\" data-id=\"22b143c\" data-element_type=\"container\" data-e-type=\"container\" data-settings=\"{&quot;background_background&quot;:&quot;classic&quot;}\">\n\t\t\t\t<div class=\"elementor-element elementor-element-27fa262 elementor-widget elementor-widget-heading\" data-id=\"27fa262\" data-element_type=\"widget\" data-e-type=\"widget\" data-widget_type=\"heading.default\">\n\t\t\t\t<div class=\"elementor-widget-container\">\n\t\t\t\t\t<h2 class=\"elementor-heading-title elementor-size-default\">Sn\u00eak Holmsund <\/h2>\t\t\t\t<\/div>\n\t\t\t\t<\/div>\n\t\t\t\t<div class=\"elementor-element elementor-element-23f1fa4 elementor-widget elementor-widget-text-editor\" data-id=\"23f1fa4\" data-element_type=\"widget\" data-e-type=\"widget\" data-widget_type=\"text-editor.default\">\n\t\t\t\t<div class=\"elementor-widget-container\">\n\t\t\t\t\t\t\t\t\t<p>Juste \u00e0 l&rsquo;ext\u00e9rieur d&rsquo;Ume\u00e5, i Holmsund, hittar ni v\u00e5rt showroom hos butiken Ett Hur blir ett hem. Butiken \u00e4r bel\u00e4gen i den charmiga tegelbyggnaden i Holmsunds gamla \u00e5ngpannecentral. H\u00e4r s\u00e4ljs inredning med fokus p\u00e5 h\u00e5llbarhet.<\/p>\n<p>\u00d6ppettider:<strong> L\u00f6rdagar kl. 11-16<\/strong><\/p>\n<p><strong>Adress:<\/strong><\/p>\n<p>Stenhuggaregatan 2B, Holmsund<\/p>\n\t\t\t\t\t\t\t\t<\/div>\n\t\t\t\t<\/div>\n\t\t\t\t<div class=\"elementor-element elementor-element-a6d9434 elementor-icon-list--layout-traditional elementor-list-item-link-full_width elementor-widget elementor-widget-icon-list\" data-id=\"a6d9434\" data-element_type=\"widget\" data-e-type=\"widget\" data-widget_type=\"icon-list.default\">\n\t\t\t\t<div class=\"elementor-widget-container\">\n\t\t\t\t\t\t\t<ul class=\"elementor-icon-list-items\">\n\t\t\t\t\t\t\t<li class=\"elementor-icon-list-item\">\n\t\t\t\t\t\t\t\t\t\t\t<a href=\"mailto:info@etthusbliretthem.se\">\n\n\t\t\t\t\t\t\t\t\t\t\t\t<span class=\"elementor-icon-list-icon\">\n\t\t\t\t\t\t\t<svg aria-hidden=\"true\" class=\"e-font-icon-svg e-fas-mail-bulk\" viewBox=\"0 0 576 512\" xmlns=\"http:\/\/www.w3.org\/2000\/svg\"><path d=\"M160 448c-25.6 0-51.2-22.4-64-32-64-44.8-83.2-60.8-96-70.4V480c0 17.67 14.33 32 32 32h256c17.67 0 32-14.33 32-32V345.6c-12.8 9.6-32 25.6-96 70.4-12.8 9.6-38.4 32-64 32zm128-192H32c-17.67 0-32 14.33-32 32v16c25.6 19.2 22.4 19.2 115.2 86.4 9.6 6.4 28.8 25.6 44.8 25.6s35.2-19.2 44.8-22.4c92.8-67.2 89.6-67.2 115.2-86.4V288c0-17.67-14.33-32-32-32zm256-96H224c-17.67 0-32 14.33-32 32v32h96c33.21 0 60.59 25.42 63.71 57.82l.29-.22V416h192c17.67 0 32-14.33 32-32V192c0-17.67-14.33-32-32-32zm-32 128h-64v-64h64v64zm-352-96c0-35.29 28.71-64 64-64h224V32c0-17.67-14.33-32-32-32H96C78.33 0 64 14.33 64 32v192h96v-32z\"><\/path><\/svg>\t\t\t\t\t\t<\/span>\n\t\t\t\t\t\t\t\t\t\t<span class=\"elementor-icon-list-text\">info@etthusbliretthem.se<\/span>\n\t\t\t\t\t\t\t\t\t\t\t<\/a>\n\t\t\t\t\t\t\t\t\t<\/li>\n\t\t\t\t\t\t<\/ul>\n\t\t\t\t\t\t<\/div>\n\t\t\t\t<\/div>\n\t\t\t\t<div class=\"elementor-element elementor-element-dc63feb elementor-icon-list--layout-traditional elementor-list-item-link-full_width elementor-widget elementor-widget-icon-list\" data-id=\"dc63feb\" data-element_type=\"widget\" data-e-type=\"widget\" data-widget_type=\"icon-list.default\">\n\t\t\t\t<div class=\"elementor-widget-container\">\n\t\t\t\t\t\t\t<ul class=\"elementor-icon-list-items\">\n\t\t\t\t\t\t\t<li class=\"elementor-icon-list-item\">\n\t\t\t\t\t\t\t\t\t\t\t<a href=\"https:\/\/www.instagram.com\/etthusbliretthem_butik\/#\">\n\n\t\t\t\t\t\t\t\t\t\t\t\t<span class=\"elementor-icon-list-icon\">\n\t\t\t\t\t\t\t<svg aria-hidden=\"true\" class=\"e-font-icon-svg e-fab-instagram\" viewBox=\"0 0 448 512\" xmlns=\"http:\/\/www.w3.org\/2000\/svg\"><path d=\"M224.1 141c-63.6 0-114.9 51.3-114.9 114.9s51.3 114.9 114.9 114.9S339 319.5 339 255.9 287.7 141 224.1 141zm0 189.6c-41.1 0-74.7-33.5-74.7-74.7s33.5-74.7 74.7-74.7 74.7 33.5 74.7 74.7-33.6 74.7-74.7 74.7zm146.4-194.3c0 14.9-12 26.8-26.8 26.8-14.9 0-26.8-12-26.8-26.8s12-26.8 26.8-26.8 26.8 12 26.8 26.8zm76.1 27.2c-1.7-35.9-9.9-67.7-36.2-93.9-26.2-26.2-58-34.4-93.9-36.2-37-2.1-147.9-2.1-184.9 0-35.8 1.7-67.6 9.9-93.9 36.1s-34.4 58-36.2 93.9c-2.1 37-2.1 147.9 0 184.9 1.7 35.9 9.9 67.7 36.2 93.9s58 34.4 93.9 36.2c37 2.1 147.9 2.1 184.9 0 35.9-1.7 67.7-9.9 93.9-36.2 26.2-26.2 34.4-58 36.2-93.9 2.1-37 2.1-147.8 0-184.8zM398.8 388c-7.8 19.6-22.9 34.7-42.6 42.6-29.5 11.7-99.5 9-132.1 9s-102.7 2.6-132.1-9c-19.6-7.8-34.7-22.9-42.6-42.6-11.7-29.5-9-99.5-9-132.1s-2.6-102.7 9-132.1c7.8-19.6 22.9-34.7 42.6-42.6 29.5-11.7 99.5-9 132.1-9s102.7-2.6 132.1 9c19.6 7.8 34.7 22.9 42.6 42.6 11.7 29.5 9 99.5 9 132.1s2.7 102.7-9 132.1z\"><\/path><\/svg>\t\t\t\t\t\t<\/span>\n\t\t\t\t\t\t\t\t\t\t<span class=\"elementor-icon-list-text\">etthusbliretthem_butik<\/span>\n\t\t\t\t\t\t\t\t\t\t\t<\/a>\n\t\t\t\t\t\t\t\t\t<\/li>\n\t\t\t\t\t\t<\/ul>\n\t\t\t\t\t\t<\/div>\n\t\t\t\t<\/div>\n\t\t\t\t<\/div>\n\t\t<div class=\"elementor-element elementor-element-b0be921 e-con-full e-flex e-con e-child\" data-id=\"b0be921\" data-element_type=\"container\" data-e-type=\"container\" data-settings=\"{&quot;background_background&quot;:&quot;classic&quot;}\">\n\t\t\t\t<div class=\"elementor-element elementor-element-4ebc093 elementor-widget elementor-widget-spacer\" data-id=\"4ebc093\" data-element_type=\"widget\" data-e-type=\"widget\" data-widget_type=\"spacer.default\">\n\t\t\t\t<div class=\"elementor-widget-container\">\n\t\t\t\t\t\t\t<div class=\"elementor-spacer\">\n\t\t\t<div class=\"elementor-spacer-inner\"><\/div>\n\t\t<\/div>\n\t\t\t\t\t\t<\/div>\n\t\t\t\t<\/div>\n\t\t\t\t<\/div>\n\t\t\t\t\t<\/div>\n\t\t\t\t<\/div>\n\t\t\t\t<\/div>\n\t\t","protected":false},"excerpt":{"rendered":"<p>Visitez nos showrooms Vous voulez d\u00e9couvrir nos cuisines en vrai ? Visitez l&rsquo;un de nos deux showrooms et laissez-vous inspirer ! Ici vous pouvez voir et toucher les mat\u00e9riaux et mieux vous rendre compte de ce \u00e0 quoi votre cuisine de r\u00eave pourrait ressembler. Sn\u00eak Stockholm P\u00e5 Karlav\u00e4gen i Stockholm v\u00e4lkomnar vi er till v\u00e5rt [&hellip;]<\/p>\n","protected":false},"author":0,"featured_media":144421,"parent":0,"menu_order":0,"comment_status":"closed","ping_status":"closed","template":"elementor_canvas","meta":{"_acf_changed":false,"footnotes":""},"class_list":["post-154192","page","type-page","status-publish","has-post-thumbnail","hentry"],"acf":[],"yoast_head":"<!-- This site is optimized with the Yoast SEO plugin v27.2 - https:\/\/yoast.com\/product\/yoast-seo-wordpress\/ -->\n<title>Showroom | Sn\u00eak<\/title>\n<meta name=\"description\" content=\"Bes\u00f6k v\u00e5ra visningsrum i Stockholm och Holmsund. Upplev v\u00e5ra k\u00f6k i massivt tr\u00e4, k\u00e4nn p\u00e5 material och bli inspirerad.\" \/>\n<meta name=\"robots\" content=\"index, follow, max-snippet:-1, max-image-preview:large, max-video-preview:-1\" \/>\n<link rel=\"canonical\" href=\"https:\/\/www.snek.se\/fr\/showroom\/\" \/>\n<meta property=\"og:locale\" content=\"fr_FR\" \/>\n<meta property=\"og:type\" content=\"article\" \/>\n<meta property=\"og:title\" content=\"Showroom | Sn\u00eak\" \/>\n<meta property=\"og:description\" content=\"Bes\u00f6k v\u00e5ra visningsrum i Stockholm och Holmsund. Upplev v\u00e5ra k\u00f6k i massivt tr\u00e4, k\u00e4nn p\u00e5 material och bli inspirerad.\" \/>\n<meta property=\"og:url\" content=\"https:\/\/www.snek.se\/fr\/showroom\/\" \/>\n<meta property=\"og:site_name\" content=\"Sn\u00eak\" \/>\n<meta property=\"article:publisher\" content=\"https:\/\/www.facebook.com\/snekkitchens\/\" \/>\n<meta property=\"article:modified_time\" content=\"2026-04-08T21:26:28+00:00\" \/>\n<meta property=\"og:image\" content=\"https:\/\/www.snek.se\/wp-content\/uploads\/2025\/03\/Snek-8-scaled.jpg\" \/>\n\t<meta property=\"og:image:width\" content=\"1707\" \/>\n\t<meta property=\"og:image:height\" content=\"2560\" \/>\n\t<meta property=\"og:image:type\" content=\"image\/jpeg\" \/>\n<meta name=\"twitter:card\" content=\"summary_large_image\" \/>\n<meta name=\"twitter:label1\" content=\"Dur\u00e9e de lecture estim\u00e9e\" \/>\n\t<meta name=\"twitter:data1\" content=\"1 minute\" \/>\n<script type=\"application\/ld+json\" class=\"yoast-schema-graph\">{\"@context\":\"https:\/\/schema.org\",\"@graph\":[{\"@type\":\"WebPage\",\"@id\":\"https:\/\/www.snek.se\/fr\/showroom\/\",\"url\":\"https:\/\/www.snek.se\/fr\/showroom\/\",\"name\":\"Showroom | Sn\u00eak\",\"isPartOf\":{\"@id\":\"https:\/\/www.snek.se\/fr\/#website\"},\"primaryImageOfPage\":{\"@id\":\"https:\/\/www.snek.se\/fr\/showroom\/#primaryimage\"},\"image\":{\"@id\":\"https:\/\/www.snek.se\/fr\/showroom\/#primaryimage\"},\"thumbnailUrl\":\"https:\/\/www.snek.se\/wp-content\/uploads\/2025\/03\/Snek-8-scaled.jpg\",\"datePublished\":\"2026-04-08T15:52:50+00:00\",\"dateModified\":\"2026-04-08T21:26:28+00:00\",\"description\":\"Bes\u00f6k v\u00e5ra visningsrum i Stockholm och Holmsund. Upplev v\u00e5ra k\u00f6k i massivt tr\u00e4, k\u00e4nn p\u00e5 material och bli inspirerad.\",\"breadcrumb\":{\"@id\":\"https:\/\/www.snek.se\/fr\/showroom\/#breadcrumb\"},\"inLanguage\":\"fr-FR\",\"potentialAction\":[{\"@type\":\"ReadAction\",\"target\":[\"https:\/\/www.snek.se\/fr\/showroom\/\"]}]},{\"@type\":\"ImageObject\",\"inLanguage\":\"fr-FR\",\"@id\":\"https:\/\/www.snek.se\/fr\/showroom\/#primaryimage\",\"url\":\"https:\/\/www.snek.se\/wp-content\/uploads\/2025\/03\/Snek-8-scaled.jpg\",\"contentUrl\":\"https:\/\/www.snek.se\/wp-content\/uploads\/2025\/03\/Snek-8-scaled.jpg\",\"width\":1707,\"height\":2560,\"caption\":\"M\u00e5ttanpassad l\u00f6sning med inbyggd ugn.\"},{\"@type\":\"BreadcrumbList\",\"@id\":\"https:\/\/www.snek.se\/fr\/showroom\/#breadcrumb\",\"itemListElement\":[{\"@type\":\"ListItem\",\"position\":1,\"name\":\"Hem\",\"item\":\"https:\/\/www.snek.se\/fr\/\"},{\"@type\":\"ListItem\",\"position\":2,\"name\":\"Showroom\"}]},{\"@type\":\"WebSite\",\"@id\":\"https:\/\/www.snek.se\/fr\/#website\",\"url\":\"https:\/\/www.snek.se\/fr\/\",\"name\":\"Sn\u00eak\",\"description\":\"Snickrade k\u00f6k fr\u00e5n Norrbotten\",\"publisher\":{\"@id\":\"https:\/\/www.snek.se\/fr\/#organization\"},\"potentialAction\":[{\"@type\":\"SearchAction\",\"target\":{\"@type\":\"EntryPoint\",\"urlTemplate\":\"https:\/\/www.snek.se\/fr\/?s={search_term_string}\"},\"query-input\":{\"@type\":\"PropertyValueSpecification\",\"valueRequired\":true,\"valueName\":\"search_term_string\"}}],\"inLanguage\":\"fr-FR\"},{\"@type\":\"Organization\",\"@id\":\"https:\/\/www.snek.se\/fr\/#organization\",\"name\":\"Sn\u00eak\",\"url\":\"https:\/\/www.snek.se\/fr\/\",\"logo\":{\"@type\":\"ImageObject\",\"inLanguage\":\"fr-FR\",\"@id\":\"https:\/\/www.snek.se\/fr\/#\/schema\/logo\/image\/\",\"url\":\"https:\/\/www.snek.se\/wp-content\/uploads\/2026\/01\/snek-logotyp-insta-scaled.jpg\",\"contentUrl\":\"https:\/\/www.snek.se\/wp-content\/uploads\/2026\/01\/snek-logotyp-insta-scaled.jpg\",\"width\":2560,\"height\":2560,\"caption\":\"Sn\u00eak\"},\"image\":{\"@id\":\"https:\/\/www.snek.se\/fr\/#\/schema\/logo\/image\/\"},\"sameAs\":[\"https:\/\/www.facebook.com\/snekkitchens\/\",\"https:\/\/www.instagram.com\/snek.kok\/\",\"https:\/\/www.linkedin.com\/company\/snek-kok\/\",\"https:\/\/se.pinterest.com\/SnekKitchens\/\",\"https:\/\/www.youtube.com\/channel\/UCT9DWn-4DMpKHHqbRXV4bZQ\/\"]}]}<\/script>\n<!-- \/ Yoast SEO plugin. -->","yoast_head_json":{"title":"Showroom | Sn\u00eak","description":"Bes\u00f6k v\u00e5ra visningsrum i Stockholm och Holmsund. Upplev v\u00e5ra k\u00f6k i massivt tr\u00e4, k\u00e4nn p\u00e5 material och bli inspirerad.","robots":{"index":"index","follow":"follow","max-snippet":"max-snippet:-1","max-image-preview":"max-image-preview:large","max-video-preview":"max-video-preview:-1"},"canonical":"https:\/\/www.snek.se\/fr\/showroom\/","og_locale":"fr_FR","og_type":"article","og_title":"Showroom | Sn\u00eak","og_description":"Bes\u00f6k v\u00e5ra visningsrum i Stockholm och Holmsund. Upplev v\u00e5ra k\u00f6k i massivt tr\u00e4, k\u00e4nn p\u00e5 material och bli inspirerad.","og_url":"https:\/\/www.snek.se\/fr\/showroom\/","og_site_name":"Sn\u00eak","article_publisher":"https:\/\/www.facebook.com\/snekkitchens\/","article_modified_time":"2026-04-08T21:26:28+00:00","og_image":[{"width":1707,"height":2560,"url":"https:\/\/www.snek.se\/wp-content\/uploads\/2025\/03\/Snek-8-scaled.jpg","type":"image\/jpeg"}],"twitter_card":"summary_large_image","twitter_misc":{"Dur\u00e9e de lecture estim\u00e9e":"1 minute"},"schema":{"@context":"https:\/\/schema.org","@graph":[{"@type":"WebPage","@id":"https:\/\/www.snek.se\/fr\/showroom\/","url":"https:\/\/www.snek.se\/fr\/showroom\/","name":"Showroom | Sn\u00eak","isPartOf":{"@id":"https:\/\/www.snek.se\/fr\/#website"},"primaryImageOfPage":{"@id":"https:\/\/www.snek.se\/fr\/showroom\/#primaryimage"},"image":{"@id":"https:\/\/www.snek.se\/fr\/showroom\/#primaryimage"},"thumbnailUrl":"https:\/\/www.snek.se\/wp-content\/uploads\/2025\/03\/Snek-8-scaled.jpg","datePublished":"2026-04-08T15:52:50+00:00","dateModified":"2026-04-08T21:26:28+00:00","description":"Bes\u00f6k v\u00e5ra visningsrum i Stockholm och Holmsund. Upplev v\u00e5ra k\u00f6k i massivt tr\u00e4, k\u00e4nn p\u00e5 material och bli inspirerad.","breadcrumb":{"@id":"https:\/\/www.snek.se\/fr\/showroom\/#breadcrumb"},"inLanguage":"fr-FR","potentialAction":[{"@type":"ReadAction","target":["https:\/\/www.snek.se\/fr\/showroom\/"]}]},{"@type":"ImageObject","inLanguage":"fr-FR","@id":"https:\/\/www.snek.se\/fr\/showroom\/#primaryimage","url":"https:\/\/www.snek.se\/wp-content\/uploads\/2025\/03\/Snek-8-scaled.jpg","contentUrl":"https:\/\/www.snek.se\/wp-content\/uploads\/2025\/03\/Snek-8-scaled.jpg","width":1707,"height":2560,"caption":"M\u00e5ttanpassad l\u00f6sning med inbyggd ugn."},{"@type":"BreadcrumbList","@id":"https:\/\/www.snek.se\/fr\/showroom\/#breadcrumb","itemListElement":[{"@type":"ListItem","position":1,"name":"Hem","item":"https:\/\/www.snek.se\/fr\/"},{"@type":"ListItem","position":2,"name":"Showroom"}]},{"@type":"WebSite","@id":"https:\/\/www.snek.se\/fr\/#website","url":"https:\/\/www.snek.se\/fr\/","name":"Sn\u00eak","description":"Snickrade k\u00f6k fr\u00e5n Norrbotten","publisher":{"@id":"https:\/\/www.snek.se\/fr\/#organization"},"potentialAction":[{"@type":"SearchAction","target":{"@type":"EntryPoint","urlTemplate":"https:\/\/www.snek.se\/fr\/?s={search_term_string}"},"query-input":{"@type":"PropertyValueSpecification","valueRequired":true,"valueName":"search_term_string"}}],"inLanguage":"fr-FR"},{"@type":"Organization","@id":"https:\/\/www.snek.se\/fr\/#organization","name":"Sn\u00eak","url":"https:\/\/www.snek.se\/fr\/","logo":{"@type":"ImageObject","inLanguage":"fr-FR","@id":"https:\/\/www.snek.se\/fr\/#\/schema\/logo\/image\/","url":"https:\/\/www.snek.se\/wp-content\/uploads\/2026\/01\/snek-logotyp-insta-scaled.jpg","contentUrl":"https:\/\/www.snek.se\/wp-content\/uploads\/2026\/01\/snek-logotyp-insta-scaled.jpg","width":2560,"height":2560,"caption":"Sn\u00eak"},"image":{"@id":"https:\/\/www.snek.se\/fr\/#\/schema\/logo\/image\/"},"sameAs":["https:\/\/www.facebook.com\/snekkitchens\/","https:\/\/www.instagram.com\/snek.kok\/","https:\/\/www.linkedin.com\/company\/snek-kok\/","https:\/\/se.pinterest.com\/SnekKitchens\/","https:\/\/www.youtube.com\/channel\/UCT9DWn-4DMpKHHqbRXV4bZQ\/"]}]}},"_links":{"self":[{"href":"https:\/\/www.snek.se\/fr\/wp-json\/wp\/v2\/pages\/154192","targetHints":{"allow":["GET"]}}],"collection":[{"href":"https:\/\/www.snek.se\/fr\/wp-json\/wp\/v2\/pages"}],"about":[{"href":"https:\/\/www.snek.se\/fr\/wp-json\/wp\/v2\/types\/page"}],"replies":[{"embeddable":true,"href":"https:\/\/www.snek.se\/fr\/wp-json\/wp\/v2\/comments?post=154192"}],"version-history":[{"count":6,"href":"https:\/\/www.snek.se\/fr\/wp-json\/wp\/v2\/pages\/154192\/revisions"}],"predecessor-version":[{"id":155586,"href":"https:\/\/www.snek.se\/fr\/wp-json\/wp\/v2\/pages\/154192\/revisions\/155586"}],"wp:featuredmedia":[{"embeddable":true,"href":"https:\/\/www.snek.se\/fr\/wp-json\/wp\/v2\/media\/144421"}],"wp:attachment":[{"href":"https:\/\/www.snek.se\/fr\/wp-json\/wp\/v2\/media?parent=154192"}],"curies":[{"name":"wp","href":"https:\/\/api.w.org\/{rel}","templated":true}]}}