{"id":154190,"date":"2026-04-08T17:52:50","date_gmt":"2026-04-08T15:52:50","guid":{"rendered":"https:\/\/www.snek.se\/conditions\/"},"modified":"2026-04-09T06:59:51","modified_gmt":"2026-04-09T04:59:51","slug":"conditions","status":"publish","type":"page","link":"https:\/\/www.snek.se\/fr\/conditions\/","title":{"rendered":"Conditions"},"content":{"rendered":"\t\t<div data-elementor-type=\"wp-page\" data-elementor-id=\"154190\" class=\"elementor elementor-154190 elementor-145561\" data-elementor-post-type=\"page\">\n\t\t\t\t<div class=\"elementor-element elementor-element-e127307 e-flex e-con-boxed e-con e-parent\" data-id=\"e127307\" data-element_type=\"container\" data-e-type=\"container\">\n\t\t\t\t\t<div class=\"e-con-inner\">\n\t\t\t\t<div class=\"elementor-element elementor-element-8a45e5e elementor-widget elementor-widget-heading\" data-id=\"8a45e5e\" data-element_type=\"widget\" data-e-type=\"widget\" data-widget_type=\"heading.default\">\n\t\t\t\t<div class=\"elementor-widget-container\">\n\t\t\t\t\t<h2 class=\"elementor-heading-title elementor-size-default\">Conditions d'achat et de livraison<\/h2>\t\t\t\t<\/div>\n\t\t\t\t<\/div>\n\t\t\t\t<div class=\"elementor-element elementor-element-fe49e29 elementor-widget elementor-widget-heading\" data-id=\"fe49e29\" data-element_type=\"widget\" data-e-type=\"widget\" data-widget_type=\"heading.default\">\n\t\t\t\t<div class=\"elementor-widget-container\">\n\t\t\t\t\t<h2 class=\"elementor-heading-title elementor-size-default\">Montant minimum de commande<\/h2>\t\t\t\t<\/div>\n\t\t\t\t<\/div>\n\t\t\t\t<div class=\"elementor-element elementor-element-d7315c9 elementor-widget elementor-widget-text-editor\" data-id=\"d7315c9\" data-element_type=\"widget\" data-e-type=\"widget\" data-widget_type=\"text-editor.default\">\n\t\t\t\t<div class=\"elementor-widget-container\">\n\t\t\t\t\t\t\t\t\t<p><span style=\"font-weight: 400;\">En raison de co\u00fbts de mise en place \u00e9lev\u00e9s, nous n&rsquo;acceptons pas les commandes inf\u00e9rieures \u00e0 10 000 kr (TVA &amp; livraison incluses) car toutes les commandes sont fabriqu\u00e9es sur mesure. Il est cependant possible de compl\u00e9ter une commande d\u00e9j\u00e0 pass\u00e9e.<\/span><\/p>\t\t\t\t\t\t\t\t<\/div>\n\t\t\t\t<\/div>\n\t\t\t\t<div class=\"elementor-element elementor-element-93a1787 elementor-widget elementor-widget-heading\" data-id=\"93a1787\" data-element_type=\"widget\" data-e-type=\"widget\" data-widget_type=\"heading.default\">\n\t\t\t\t<div class=\"elementor-widget-container\">\n\t\t\t\t\t<h2 class=\"elementor-heading-title elementor-size-default\">Commandes<\/h2>\t\t\t\t<\/div>\n\t\t\t\t<\/div>\n\t\t\t\t<div class=\"elementor-element elementor-element-def1b1c elementor-widget elementor-widget-text-editor\" data-id=\"def1b1c\" data-element_type=\"widget\" data-e-type=\"widget\" data-widget_type=\"text-editor.default\">\n\t\t\t\t<div class=\"elementor-widget-container\">\n\t\t\t\t\t\t\t\t\t<p><span style=\"font-weight: 400;\">Du m\u00e5ste ha fyllt 18 \u00e5r pour de handla hos oss. Kunduppgifterna ska vara korrekta et tous obligatoriska f\u00e4lt ifyllda. Ni handlar enbart i ert eget namn. Sn\u00eak pourbeh\u00e5ller sig pour publiceringsfel, informationsfel et fel i specifikation pour samtliga v\u00e5ra produkter et tj\u00e4nster. Sn\u00eak kan inte garantera att varans utseende och beskaffenhet st\u00e4mmer \u00f6verens med bilderna p\u00e5 hemsidan, d\u00e5 bilderna skall ses som illustrationer.\u00a0<\/span><\/p>\t\t\t\t\t\t\t\t<\/div>\n\t\t\t\t<\/div>\n\t\t\t\t<div class=\"elementor-element elementor-element-7f2461b elementor-widget elementor-widget-heading\" data-id=\"7f2461b\" data-element_type=\"widget\" data-e-type=\"widget\" data-widget_type=\"heading.default\">\n\t\t\t\t<div class=\"elementor-widget-container\">\n\t\t\t\t\t<h2 class=\"elementor-heading-title elementor-size-default\">Plans de travail<\/h2>\t\t\t\t<\/div>\n\t\t\t\t<\/div>\n\t\t\t\t<div class=\"elementor-element elementor-element-a3ebb6e elementor-widget elementor-widget-text-editor\" data-id=\"a3ebb6e\" data-element_type=\"widget\" data-e-type=\"widget\" data-widget_type=\"text-editor.default\">\n\t\t\t\t<div class=\"elementor-widget-container\">\n\t\t\t\t\t\t\t\t\t<p><span style=\"font-weight: 400;\">Il incombe au client de fournir les mesures exactes des plans de travail. Lors de la commande de pierre naturelle, le plan de travail livr\u00e9 peut diff\u00e9rer des exemples pr\u00e9sent\u00e9s sur le site web.<\/span><\/p><p><span style=\"font-weight: 400;\">Nous n&rsquo;appliquons pas la d\u00e9duction ROT lors du montage des plans de travail.<\/span><\/p>\t\t\t\t\t\t\t\t<\/div>\n\t\t\t\t<\/div>\n\t\t\t\t<div class=\"elementor-element elementor-element-49e1e1e elementor-widget elementor-widget-heading\" data-id=\"49e1e1e\" data-element_type=\"widget\" data-e-type=\"widget\" data-widget_type=\"heading.default\">\n\t\t\t\t<div class=\"elementor-widget-container\">\n\t\t\t\t\t<h2 class=\"elementor-heading-title elementor-size-default\">D\u00e9lais de livraison et transport<\/h2>\t\t\t\t<\/div>\n\t\t\t\t<\/div>\n\t\t\t\t<div class=\"elementor-element elementor-element-5adac79 elementor-widget elementor-widget-text-editor\" data-id=\"5adac79\" data-element_type=\"widget\" data-e-type=\"widget\" data-widget_type=\"text-editor.default\">\n\t\t\t\t<div class=\"elementor-widget-container\">\n\t\t\t\t\t\t\t\t\t<p><span style=\"font-weight: 400;\">Notre d\u00e9lai de livraison est normalement d&rsquo;environ 8 \u00e0 10 semaines ouvrables pour nos cuisines, selon que la cuisine doit \u00eatre peinte et les caissons mont\u00e9s par nos soins. Il est compt\u00e9 \u00e0 partir de la r\u00e9ception du paiement et apr\u00e8s concertation avec le client. Il peut \u00e9galement \u00eatre affect\u00e9 par les jours f\u00e9ri\u00e9s, les p\u00e9riodes de vacances ainsi que par les modifications de commande. De fin novembre \u00e0 la fin de l&rsquo;ann\u00e9e, des perturbations de livraison peuvent survenir. Nous ne pouvons pas donner de date exacte de livraison. Lorsque vous serez contact\u00e9 par la soci\u00e9t\u00e9 de transport, vous conviendrez d&rsquo;une date de livraison de votre commande.<\/span><\/p><p><span style=\"font-weight: 400;\">Les marchandises sont livr\u00e9es \u00e0 l&rsquo;adresse indiqu\u00e9e ou aussi pr\u00e8s de cette adresse que le transporteur peut acc\u00e9der, ou le cas \u00e9ch\u00e9ant, au point de retrait postal. Le transporteur ne porte pas les marchandises \u00e0 l&rsquo;int\u00e9rieur. La livraison<\/span> <span style=\"font-weight: 400;\">est sign\u00e9e par le destinataire ou son repr\u00e9sentant selon les instructions du transporteur. Nous facturons un suppl\u00e9ment pour les adresses difficiles d&rsquo;acc\u00e8s, comme par exemple les \u00eeles et les passages \u00e9troits.<\/span><\/p><p><span style=\"font-weight: 400;\">Ne r\u00e9servez pas d&rsquo;artisan avant d&rsquo;avoir re\u00e7u et inspect\u00e9 la livraison, car nous ne pouvons donner qu&rsquo;un d\u00e9lai de livraison estim\u00e9. Nous ne d\u00e9dommageons pas les monteurs en attente.<\/span><\/p><p><span style=\"font-weight: 400;\">\u00c0 la livraison, v\u00e9rifiez si l&#8217;emballage est endommag\u00e9. Tout dommage doit \u00eatre not\u00e9 sur le bordereau de transport\/l&rsquo;avis que le chauffeur\/le point de retrait poss\u00e8de. ATTENTION ! Sans dommage not\u00e9, aucune r\u00e9clamation ne peut \u00eatre faite. Documentez les dommages avec des photos, avec et sans emballage. Envoyez-les par e-mail \u00e0 info@snek.se. Les r\u00e9clamations non effectu\u00e9es dans les 10 jours suivant la livraison ne seront pas accept\u00e9es. Les portes mont\u00e9es ne peuvent pas faire l&rsquo;objet de r\u00e9clamation.<\/span><\/p><p><span style=\"font-weight: 400;\">Nos produits sont livr\u00e9s sur des palettes en bois pouvant mesurer jusqu&rsquo;\u00e0 3 m\u00e8tres de long. Nous ne les reprenons malheureusement pas lors de la livraison.<\/span><\/p>\t\t\t\t\t\t\t\t<\/div>\n\t\t\t\t<\/div>\n\t\t\t\t<div class=\"elementor-element elementor-element-c7ffa20 elementor-widget elementor-widget-heading\" data-id=\"c7ffa20\" data-element_type=\"widget\" data-e-type=\"widget\" data-widget_type=\"heading.default\">\n\t\t\t\t<div class=\"elementor-widget-container\">\n\t\t\t\t\t<h2 class=\"elementor-heading-title elementor-size-default\">Retour<\/h2>\t\t\t\t<\/div>\n\t\t\t\t<\/div>\n\t\t\t\t<div class=\"elementor-element elementor-element-c04728c elementor-widget elementor-widget-text-editor\" data-id=\"c04728c\" data-element_type=\"widget\" data-e-type=\"widget\" data-widget_type=\"text-editor.default\">\n\t\t\t\t<div class=\"elementor-widget-container\">\n\t\t\t\t\t\t\t\t\t<p><span style=\"font-weight: 400;\">V\u00e5ra stommar, luckor och b\u00e4nkskivor kan inte returneras d\u00e5 de \u00e4r tillverkade specifikt f\u00f6r kund. Andra produkter kan returneras inom 14 dagar efter att ni f\u00e5tt er leverans under f\u00f6ruts\u00e4ttning att produktens n\u00e4rmaste skyddsf\u00f6rpackning inte \u00e4r bruten.<\/span><\/p><p><span style=\"font-weight: 400;\">R\u00e9clamationer g\u00e4llande tillverkningsfel eller att varor inte st\u00e4mmer med best\u00e4llningen, g\u00f6rs till Sn\u00eaks reklamationsavdelning via e-post <\/span><span style=\"font-weight: 400;\">info@snek.se<\/span><span style=\"font-weight: 400;\">.\u00a0<\/span><\/p><p><span style=\"font-weight: 400;\">Livraisonmottagaren f\u00e5r pas returnera, s\u00e4lja ou reparera skadat gods innan detta \u00e4r godk\u00e4nt av Sn\u00eak.\u00a0<\/span><\/p>\t\t\t\t\t\t\t\t<\/div>\n\t\t\t\t<\/div>\n\t\t\t\t<div class=\"elementor-element elementor-element-8b1ae54 elementor-widget elementor-widget-heading\" data-id=\"8b1ae54\" data-element_type=\"widget\" data-e-type=\"widget\" data-widget_type=\"heading.default\">\n\t\t\t\t<div class=\"elementor-widget-container\">\n\t\t\t\t\t<h2 class=\"elementor-heading-title elementor-size-default\">Divers<\/h2>\t\t\t\t<\/div>\n\t\t\t\t<\/div>\n\t\t\t\t<div class=\"elementor-element elementor-element-67b5f43 elementor-widget elementor-widget-text-editor\" data-id=\"67b5f43\" data-element_type=\"widget\" data-e-type=\"widget\" data-widget_type=\"text-editor.default\">\n\t\t\t\t<div class=\"elementor-widget-container\">\n\t\t\t\t\t\t\t\t\t<p><span style=\"font-weight: 400;\">Sn\u00eak kan utan poureg\u00e5ende avisering \u00e4ndra information, produkter et priser, dock ej p\u00e5 redan best\u00e4llda varor. Fakta- et prisuppgifter l\u00e4mnas avec reservation pour tryckfel, leverant\u00f6rers prish\u00f6jningar, ev. oriktigt angivna tekniska specifikationer m.m. samt f\u00f6r slutf\u00f6rs\u00e4ljning.\u00a0<\/span><\/p>\t\t\t\t\t\t\t\t<\/div>\n\t\t\t\t<\/div>\n\t\t\t\t<div class=\"elementor-element elementor-element-7c5ce80 elementor-widget elementor-widget-heading\" data-id=\"7c5ce80\" data-element_type=\"widget\" data-e-type=\"widget\" data-widget_type=\"heading.default\">\n\t\t\t\t<div class=\"elementor-widget-container\">\n\t\t\t\t\t<h2 class=\"elementor-heading-title elementor-size-default\">Responsabilit\u00e9<\/h2>\t\t\t\t<\/div>\n\t\t\t\t<\/div>\n\t\t\t\t<div class=\"elementor-element elementor-element-d9d3515 elementor-widget elementor-widget-text-editor\" data-id=\"d9d3515\" data-element_type=\"widget\" data-e-type=\"widget\" data-widget_type=\"text-editor.default\">\n\t\t\t\t<div class=\"elementor-widget-container\">\n\t\t\t\t\t\t\t\t\t<p><span style=\"font-weight: 400;\">Le client est responsable de l&rsquo;exactitude des informations de commande transmises \u00e0 Sn\u00eak (par ex. quantit\u00e9, dimensions, couleurs et autres choix). Si le client constate que les informations fournies sont erron\u00e9es, ou souhaite modifier sa commande, il doit contacter Sn\u00eak imm\u00e9diatement. Sn\u00eak s&rsquo;efforce toujours de satisfaire les modifications du client mais ne peut le garantir.<\/span><\/p><p><span style=\"font-weight: 400;\">Le client est responsable de ses choix de commande m\u00eame s&rsquo;il a consult\u00e9 Sn\u00eak.<\/span><\/p>\t\t\t\t\t\t\t\t<\/div>\n\t\t\t\t<\/div>\n\t\t\t\t<div class=\"elementor-element elementor-element-ef3d1be elementor-widget elementor-widget-heading\" data-id=\"ef3d1be\" data-element_type=\"widget\" data-e-type=\"widget\" data-widget_type=\"heading.default\">\n\t\t\t\t<div class=\"elementor-widget-container\">\n\t\t\t\t\t<h2 class=\"elementor-heading-title elementor-size-default\">Force majeure<\/h2>\t\t\t\t<\/div>\n\t\t\t\t<\/div>\n\t\t\t\t<div class=\"elementor-element elementor-element-f50cc86 elementor-widget elementor-widget-text-editor\" data-id=\"f50cc86\" data-element_type=\"widget\" data-e-type=\"widget\" data-widget_type=\"text-editor.default\">\n\t\t\t\t<div class=\"elementor-widget-container\">\n\t\t\t\t\t\t\t\t\t<p><span style=\"font-weight: 400;\">Sn\u00eak n&rsquo;est pas responsable des retards de produit (y compris la livraison et les mesures de garantie) si le retard est caus\u00e9 par des circonstances hors du contr\u00f4le raisonnable de Sn\u00eak. Des exemples de telles circonstances sont \u2013 sans constituer une liste exhaustive \u2013 gr\u00e8ve, acte terroriste, <\/span><span style=\"font-weight: 400;\">guerre, <\/span><span style=\"font-weight: 400;\">perturbations de fournisseurs, de transport ou de production, fluctuations des taux de change, mesures des autorit\u00e9s, l\u00e9gislation ou catastrophe naturelle.<\/span><\/p>\t\t\t\t\t\t\t\t<\/div>\n\t\t\t\t<\/div>\n\t\t\t\t<div class=\"elementor-element elementor-element-ae055bd elementor-widget elementor-widget-heading\" data-id=\"ae055bd\" data-element_type=\"widget\" data-e-type=\"widget\" data-widget_type=\"heading.default\">\n\t\t\t\t<div class=\"elementor-widget-container\">\n\t\t\t\t\t<h2 class=\"elementor-heading-title elementor-size-default\">Prix et paiement<\/h2>\t\t\t\t<\/div>\n\t\t\t\t<\/div>\n\t\t\t\t<div class=\"elementor-element elementor-element-264e17b elementor-widget elementor-widget-text-editor\" data-id=\"264e17b\" data-element_type=\"widget\" data-e-type=\"widget\" data-widget_type=\"text-editor.default\">\n\t\t\t\t<div class=\"elementor-widget-container\">\n\t\t\t\t\t\t\t\t\t<p><span style=\"font-weight: 400;\">Priserna \u00e4r angivna i svenska kronor. Samtliga priser \u00e4r inklusive 25% moms. Priserna inkluderar inte frakt och eventuella betalningsavgifter.<\/span><\/p><p><span style=\"font-weight: 400;\">Sn\u00eak reserverar sig pour eventuella pris\u00e4ndringar et felaktiga priser et har r\u00e4tt de h\u00e4va k\u00f6pet et \u00e5terbetala kunden pour erlagd betalning innan produktion p\u00e5b\u00f6rjats.\u00a0<\/span><\/p><p><span style=\"font-weight: 400;\">F\u00f6r best\u00e4llningar p\u00e5 cuisine sker betalning via faktura; 50% i pourskott vid orderl\u00e4ggandet et resterande 50% mot 10 dagar netto vid leverans.<\/span><\/p><p><span style=\"font-weight: 400;\">Vid order i web shoppen g\u00e4ller f\u00f6rskottsbetalning p\u00e5 100% av beloppet.<\/span><\/p><p><span style=\"font-weight: 400;\">Betalning g\u00f6rs p\u00e5 de s\u00e4tt som anges p\u00e5 Sn\u00eaks hemsida. F\u00f6r tillf\u00e4llet via Plusgiro.<\/span><\/p>\t\t\t\t\t\t\t\t<\/div>\n\t\t\t\t<\/div>\n\t\t\t\t<div class=\"elementor-element elementor-element-acef99b elementor-widget elementor-widget-heading\" data-id=\"acef99b\" data-element_type=\"widget\" data-e-type=\"widget\" data-widget_type=\"heading.default\">\n\t\t\t\t<div class=\"elementor-widget-container\">\n\t\t\t\t\t<h2 class=\"elementor-heading-title elementor-size-default\">Conditions g\u00e9n\u00e9rales de Sn\u00eak<\/h2>\t\t\t\t<\/div>\n\t\t\t\t<\/div>\n\t\t\t\t<div class=\"elementor-element elementor-element-64a282fd elementor-widget elementor-widget-text-editor\" data-id=\"64a282fd\" data-element_type=\"widget\" data-e-type=\"widget\" data-widget_type=\"text-editor.default\">\n\t\t\t\t<div class=\"elementor-widget-container\">\n\t\t\t\t\t\t\t\t\t<p><span style=\"font-weight: 400;\">Les conditions d&rsquo;achat s&rsquo;appliquent lorsque la loi su\u00e9doise ou toute autre loi applicable ne prescrit pas de conditions en conflit avec celles-ci. Pour les particuliers, la loi sur les achats \u00e0 la consommation ainsi que la loi sur les contrats \u00e0 distance s&rsquo;appliquent dans les cas non couverts par les pr\u00e9sentes conditions d&rsquo;achat.<\/span><\/p>\t\t\t\t\t\t\t\t<\/div>\n\t\t\t\t<\/div>\n\t\t\t\t\t<\/div>\n\t\t\t\t<\/div>\n\t\t\t\t<\/div>\n\t\t","protected":false},"excerpt":{"rendered":"<p>K\u00f6p &#8211; &amp; leveransvillkor Montant minimum de commande P\u00e5 grund av h\u00f6ga st\u00e4llkostnader tar vi inte emot ordrar under 10 000 kr (inklusive moms &amp; frakt) d\u00e5 alla ordrar tillverkas p\u00e5 best\u00e4llning. Det g\u00e5r dock bra att komplettera en redan gjord best\u00e4llning. Commandes Du m\u00e5ste ha fyllt 18 \u00e5r f\u00f6r att handla hos oss. Kunduppgifterna [&hellip;]<\/p>\n","protected":false},"author":0,"featured_media":0,"parent":0,"menu_order":0,"comment_status":"closed","ping_status":"closed","template":"elementor_canvas","meta":{"_acf_changed":false,"footnotes":""},"class_list":["post-154190","page","type-page","status-publish","hentry"],"acf":[],"yoast_head":"<!-- This site is optimized with the Yoast SEO plugin v27.2 - https:\/\/yoast.com\/product\/yoast-seo-wordpress\/ -->\n<title>Conditions | Sn\u00eak<\/title>\n<meta name=\"description\" content=\"Villkor f\u00f6r k\u00f6p och leverans av k\u00f6k fr\u00e5n Sn\u00eak. Best\u00e4llningar, leverans, retur och garantier.\" \/>\n<meta name=\"robots\" content=\"index, follow, max-snippet:-1, max-image-preview:large, max-video-preview:-1\" \/>\n<link rel=\"canonical\" href=\"https:\/\/www.snek.se\/fr\/conditions\/\" \/>\n<meta property=\"og:locale\" content=\"fr_FR\" \/>\n<meta property=\"og:type\" content=\"article\" \/>\n<meta property=\"og:title\" content=\"Conditions | Sn\u00eak\" \/>\n<meta property=\"og:description\" content=\"Villkor f\u00f6r k\u00f6p och leverans av k\u00f6k fr\u00e5n Sn\u00eak. Best\u00e4llningar, leverans, retur och garantier.\" \/>\n<meta property=\"og:url\" content=\"https:\/\/www.snek.se\/fr\/conditions\/\" \/>\n<meta property=\"og:site_name\" content=\"Sn\u00eak\" \/>\n<meta property=\"article:publisher\" content=\"https:\/\/www.facebook.com\/snekkitchens\/\" \/>\n<meta property=\"article:modified_time\" content=\"2026-04-09T04:59:51+00:00\" \/>\n<meta name=\"twitter:card\" content=\"summary_large_image\" \/>\n<meta name=\"twitter:label1\" content=\"Dur\u00e9e de lecture estim\u00e9e\" \/>\n\t<meta name=\"twitter:data1\" content=\"4 minutes\" \/>\n<script type=\"application\/ld+json\" class=\"yoast-schema-graph\">{\"@context\":\"https:\/\/schema.org\",\"@graph\":[{\"@type\":\"WebPage\",\"@id\":\"https:\/\/www.snek.se\/fr\/conditions\/\",\"url\":\"https:\/\/www.snek.se\/fr\/conditions\/\",\"name\":\"Conditions | Sn\u00eak\",\"isPartOf\":{\"@id\":\"https:\/\/www.snek.se\/fr\/#website\"},\"datePublished\":\"2026-04-08T15:52:50+00:00\",\"dateModified\":\"2026-04-09T04:59:51+00:00\",\"description\":\"Villkor f\u00f6r k\u00f6p och leverans av k\u00f6k fr\u00e5n Sn\u00eak. Best\u00e4llningar, leverans, retur och garantier.\",\"breadcrumb\":{\"@id\":\"https:\/\/www.snek.se\/fr\/conditions\/#breadcrumb\"},\"inLanguage\":\"fr-FR\",\"potentialAction\":[{\"@type\":\"ReadAction\",\"target\":[\"https:\/\/www.snek.se\/fr\/conditions\/\"]}]},{\"@type\":\"BreadcrumbList\",\"@id\":\"https:\/\/www.snek.se\/fr\/conditions\/#breadcrumb\",\"itemListElement\":[{\"@type\":\"ListItem\",\"position\":1,\"name\":\"Hem\",\"item\":\"https:\/\/www.snek.se\/fr\/\"},{\"@type\":\"ListItem\",\"position\":2,\"name\":\"Conditions\"}]},{\"@type\":\"WebSite\",\"@id\":\"https:\/\/www.snek.se\/fr\/#website\",\"url\":\"https:\/\/www.snek.se\/fr\/\",\"name\":\"Sn\u00eak\",\"description\":\"Cuisines artisanales du Norrbotten\",\"publisher\":{\"@id\":\"https:\/\/www.snek.se\/fr\/#organization\"},\"potentialAction\":[{\"@type\":\"SearchAction\",\"target\":{\"@type\":\"EntryPoint\",\"urlTemplate\":\"https:\/\/www.snek.se\/fr\/?s={search_term_string}\"},\"query-input\":{\"@type\":\"PropertyValueSpecification\",\"valueRequired\":true,\"valueName\":\"search_term_string\"}}],\"inLanguage\":\"fr-FR\"},{\"@type\":\"Organization\",\"@id\":\"https:\/\/www.snek.se\/fr\/#organization\",\"name\":\"Sn\u00eak\",\"url\":\"https:\/\/www.snek.se\/fr\/\",\"logo\":{\"@type\":\"ImageObject\",\"inLanguage\":\"fr-FR\",\"@id\":\"https:\/\/www.snek.se\/fr\/#\/schema\/logo\/image\/\",\"url\":\"https:\/\/www.snek.se\/wp-content\/uploads\/2026\/01\/snek-logotyp-insta-scaled.jpg\",\"contentUrl\":\"https:\/\/www.snek.se\/wp-content\/uploads\/2026\/01\/snek-logotyp-insta-scaled.jpg\",\"width\":2560,\"height\":2560,\"caption\":\"Sn\u00eak\"},\"image\":{\"@id\":\"https:\/\/www.snek.se\/fr\/#\/schema\/logo\/image\/\"},\"sameAs\":[\"https:\/\/www.facebook.com\/snekkitchens\/\",\"https:\/\/www.instagram.com\/snek.kok\/\",\"https:\/\/www.linkedin.com\/company\/snek-kok\/\",\"https:\/\/se.pinterest.com\/SnekKitchens\/\",\"https:\/\/www.youtube.com\/channel\/UCT9DWn-4DMpKHHqbRXV4bZQ\/\"]}]}<\/script>\n<!-- \/ Yoast SEO plugin. -->","yoast_head_json":{"title":"Conditions | Sn\u00eak","description":"Villkor f\u00f6r k\u00f6p och leverans av k\u00f6k fr\u00e5n Sn\u00eak. Best\u00e4llningar, leverans, retur och garantier.","robots":{"index":"index","follow":"follow","max-snippet":"max-snippet:-1","max-image-preview":"max-image-preview:large","max-video-preview":"max-video-preview:-1"},"canonical":"https:\/\/www.snek.se\/fr\/conditions\/","og_locale":"fr_FR","og_type":"article","og_title":"Conditions | Sn\u00eak","og_description":"Villkor f\u00f6r k\u00f6p och leverans av k\u00f6k fr\u00e5n Sn\u00eak. Best\u00e4llningar, leverans, retur och garantier.","og_url":"https:\/\/www.snek.se\/fr\/conditions\/","og_site_name":"Sn\u00eak","article_publisher":"https:\/\/www.facebook.com\/snekkitchens\/","article_modified_time":"2026-04-09T04:59:51+00:00","twitter_card":"summary_large_image","twitter_misc":{"Dur\u00e9e de lecture estim\u00e9e":"4 minutes"},"schema":{"@context":"https:\/\/schema.org","@graph":[{"@type":"WebPage","@id":"https:\/\/www.snek.se\/fr\/conditions\/","url":"https:\/\/www.snek.se\/fr\/conditions\/","name":"Conditions | Sn\u00eak","isPartOf":{"@id":"https:\/\/www.snek.se\/fr\/#website"},"datePublished":"2026-04-08T15:52:50+00:00","dateModified":"2026-04-09T04:59:51+00:00","description":"Villkor f\u00f6r k\u00f6p och leverans av k\u00f6k fr\u00e5n Sn\u00eak. Best\u00e4llningar, leverans, retur och garantier.","breadcrumb":{"@id":"https:\/\/www.snek.se\/fr\/conditions\/#breadcrumb"},"inLanguage":"fr-FR","potentialAction":[{"@type":"ReadAction","target":["https:\/\/www.snek.se\/fr\/conditions\/"]}]},{"@type":"BreadcrumbList","@id":"https:\/\/www.snek.se\/fr\/conditions\/#breadcrumb","itemListElement":[{"@type":"ListItem","position":1,"name":"Hem","item":"https:\/\/www.snek.se\/fr\/"},{"@type":"ListItem","position":2,"name":"Conditions"}]},{"@type":"WebSite","@id":"https:\/\/www.snek.se\/fr\/#website","url":"https:\/\/www.snek.se\/fr\/","name":"Sn\u00eak","description":"Cuisines artisanales du Norrbotten","publisher":{"@id":"https:\/\/www.snek.se\/fr\/#organization"},"potentialAction":[{"@type":"SearchAction","target":{"@type":"EntryPoint","urlTemplate":"https:\/\/www.snek.se\/fr\/?s={search_term_string}"},"query-input":{"@type":"PropertyValueSpecification","valueRequired":true,"valueName":"search_term_string"}}],"inLanguage":"fr-FR"},{"@type":"Organization","@id":"https:\/\/www.snek.se\/fr\/#organization","name":"Sn\u00eak","url":"https:\/\/www.snek.se\/fr\/","logo":{"@type":"ImageObject","inLanguage":"fr-FR","@id":"https:\/\/www.snek.se\/fr\/#\/schema\/logo\/image\/","url":"https:\/\/www.snek.se\/wp-content\/uploads\/2026\/01\/snek-logotyp-insta-scaled.jpg","contentUrl":"https:\/\/www.snek.se\/wp-content\/uploads\/2026\/01\/snek-logotyp-insta-scaled.jpg","width":2560,"height":2560,"caption":"Sn\u00eak"},"image":{"@id":"https:\/\/www.snek.se\/fr\/#\/schema\/logo\/image\/"},"sameAs":["https:\/\/www.facebook.com\/snekkitchens\/","https:\/\/www.instagram.com\/snek.kok\/","https:\/\/www.linkedin.com\/company\/snek-kok\/","https:\/\/se.pinterest.com\/SnekKitchens\/","https:\/\/www.youtube.com\/channel\/UCT9DWn-4DMpKHHqbRXV4bZQ\/"]}]}},"_links":{"self":[{"href":"https:\/\/www.snek.se\/fr\/wp-json\/wp\/v2\/pages\/154190","targetHints":{"allow":["GET"]}}],"collection":[{"href":"https:\/\/www.snek.se\/fr\/wp-json\/wp\/v2\/pages"}],"about":[{"href":"https:\/\/www.snek.se\/fr\/wp-json\/wp\/v2\/types\/page"}],"replies":[{"embeddable":true,"href":"https:\/\/www.snek.se\/fr\/wp-json\/wp\/v2\/comments?post=154190"}],"version-history":[{"count":5,"href":"https:\/\/www.snek.se\/fr\/wp-json\/wp\/v2\/pages\/154190\/revisions"}],"predecessor-version":[{"id":155585,"href":"https:\/\/www.snek.se\/fr\/wp-json\/wp\/v2\/pages\/154190\/revisions\/155585"}],"wp:attachment":[{"href":"https:\/\/www.snek.se\/fr\/wp-json\/wp\/v2\/media?parent=154190"}],"curies":[{"name":"wp","href":"https:\/\/api.w.org\/{rel}","templated":true}]}}