{"id":154166,"date":"2026-04-08T17:52:48","date_gmt":"2026-04-08T15:52:48","guid":{"rendered":"https:\/\/www.snek.se\/conseils-snek\/"},"modified":"2026-04-09T06:59:48","modified_gmt":"2026-04-09T04:59:48","slug":"conseils-snek","status":"publish","type":"page","link":"https:\/\/www.snek.se\/fr\/conseils-snek\/","title":{"rendered":"Conseils Sn\u00eak"},"content":{"rendered":"\t\t<div data-elementor-type=\"wp-page\" data-elementor-id=\"154166\" class=\"elementor elementor-154166 elementor-143874\" data-elementor-post-type=\"page\">\n\t\t\t\t<div class=\"elementor-element elementor-element-8006172 e-flex e-con-boxed e-con e-parent\" data-id=\"8006172\" data-element_type=\"container\" data-e-type=\"container\">\n\t\t\t\t\t<div class=\"e-con-inner\">\n\t\t\t\t<div class=\"elementor-element elementor-element-1b2e021 elementor-widget elementor-widget-heading\" data-id=\"1b2e021\" data-element_type=\"widget\" data-e-type=\"widget\" data-widget_type=\"heading.default\">\n\t\t\t\t<div class=\"elementor-widget-container\">\n\t\t\t\t\t<h1 class=\"elementor-heading-title elementor-size-default\">Des choix de cuisine plus intelligents commencent ici !<\/h1>\t\t\t\t<\/div>\n\t\t\t\t<\/div>\n\t\t\t\t<div class=\"elementor-element elementor-element-c142a4b elementor-widget__width-initial elementor-widget elementor-widget-text-editor\" data-id=\"c142a4b\" data-element_type=\"widget\" data-e-type=\"widget\" data-widget_type=\"text-editor.default\">\n\t\t\t\t<div class=\"elementor-widget-container\">\n\t\t\t\t\t\t\t\t\t<p style=\"text-align: center;\" data-start=\"143\" data-end=\"468\">Nous rassemblons ici nos meilleurs conseils, astuces et id\u00e9es pour ceux qui planifient une nouvelle cuisine. Des choix de mat\u00e9riaux et des dimensions aux couleurs et \u00e0 la fonctionnalit\u00e9. Tout pour que vous puissiez prendre des d\u00e9cisions en toute confiance et aboutir \u00e0 une cuisine qui vous convienne vraiment.<\/p>\n\t\t\t\t\t\t\t\t<\/div>\n\t\t\t\t<\/div>\n\t\t\t\t\t<\/div>\n\t\t\t\t<\/div>\n\t\t<div class=\"elementor-element elementor-element-dc4d0fd e-flex e-con-boxed e-con e-parent\" data-id=\"dc4d0fd\" data-element_type=\"container\" data-e-type=\"container\">\n\t\t\t\t\t<div class=\"e-con-inner\">\n\t\t\t\t<div class=\"elementor-element elementor-element-f1a1226 elementor-grid-3 elementor-grid-tablet-2 elementor-grid-mobile-1 elementor-widget elementor-widget-loop-grid\" data-id=\"f1a1226\" data-element_type=\"widget\" data-e-type=\"widget\" data-settings=\"{&quot;template_id&quot;:147587,&quot;pagination_type&quot;:&quot;load_more_infinite_scroll&quot;,&quot;_skin&quot;:&quot;post&quot;,&quot;columns&quot;:&quot;3&quot;,&quot;columns_tablet&quot;:&quot;2&quot;,&quot;columns_mobile&quot;:&quot;1&quot;,&quot;edit_handle_selector&quot;:&quot;[data-elementor-type=\\&quot;loop-item\\&quot;]&quot;,&quot;load_more_spinner&quot;:{&quot;value&quot;:&quot;fas fa-spinner&quot;,&quot;library&quot;:&quot;fa-solid&quot;},&quot;row_gap&quot;:{&quot;unit&quot;:&quot;px&quot;,&quot;size&quot;:&quot;&quot;,&quot;sizes&quot;:[]},&quot;row_gap_tablet&quot;:{&quot;unit&quot;:&quot;px&quot;,&quot;size&quot;:&quot;&quot;,&quot;sizes&quot;:[]},&quot;row_gap_mobile&quot;:{&quot;unit&quot;:&quot;px&quot;,&quot;size&quot;:&quot;&quot;,&quot;sizes&quot;:[]}}\" data-widget_type=\"loop-grid.post\">\n\t\t\t\t<div class=\"elementor-widget-container\">\n\t\t\t\t\t\t\t<div class=\"e-loop-nothing-found-message\">\n\t\t<\/div>\n\t\t\t\t\t\t<\/div>\n\t\t\t\t<\/div>\n\t\t\t\t\t<\/div>\n\t\t\t\t<\/div>\n\t\t\t\t<\/div>\n\t\t","protected":false},"excerpt":{"rendered":"<p>Des choix de cuisine plus intelligents commencent ici ! Ici nous rassemblons nos meilleurs conseils, astuces et id\u00e9es pour vous qui planifiez une nouvelle cuisine. Du choix des mat\u00e9riaux et des dimensions \u00e0 la palette de couleurs et \u00e0 la fonctionnalit\u00e9. Le tout pour que vous puissiez prendre des d\u00e9cisions en toute confiance et aboutir [&hellip;]<\/p>\n","protected":false},"author":0,"featured_media":144820,"parent":0,"menu_order":0,"comment_status":"closed","ping_status":"closed","template":"elementor_canvas","meta":{"_acf_changed":false,"footnotes":""},"class_list":["post-154166","page","type-page","status-publish","has-post-thumbnail","hentry"],"acf":[],"yoast_head":"<!-- This site is optimized with the Yoast SEO plugin v27.2 - https:\/\/yoast.com\/product\/yoast-seo-wordpress\/ -->\n<title>Conseils Sn\u00eak | Sn\u00eak<\/title>\n<meta name=\"description\" content=\"V\u00e5ra b\u00e4sta r\u00e5d, tips och id\u00e9er f\u00f6r dig som planerar ett nytt k\u00f6k. Materialval, m\u00e5tt, f\u00e4rgs\u00e4ttning och funktion.\" \/>\n<meta name=\"robots\" content=\"index, follow, max-snippet:-1, max-image-preview:large, max-video-preview:-1\" \/>\n<link rel=\"canonical\" href=\"https:\/\/www.snek.se\/fr\/conseils-snek\/\" \/>\n<meta property=\"og:locale\" content=\"fr_FR\" \/>\n<meta property=\"og:type\" content=\"article\" \/>\n<meta property=\"og:title\" content=\"Conseils Sn\u00eak | Sn\u00eak\" \/>\n<meta property=\"og:description\" content=\"V\u00e5ra b\u00e4sta r\u00e5d, tips och id\u00e9er f\u00f6r dig som planerar ett nytt k\u00f6k. Materialval, m\u00e5tt, f\u00e4rgs\u00e4ttning och funktion.\" \/>\n<meta property=\"og:url\" content=\"https:\/\/www.snek.se\/fr\/conseils-snek\/\" \/>\n<meta property=\"og:site_name\" content=\"Sn\u00eak\" \/>\n<meta property=\"article:publisher\" content=\"https:\/\/www.facebook.com\/snekkitchens\/\" \/>\n<meta property=\"article:modified_time\" content=\"2026-04-09T04:59:48+00:00\" \/>\n<meta property=\"og:image\" content=\"https:\/\/www.snek.se\/wp-content\/uploads\/2025\/07\/unnamed3.jpg\" \/>\n\t<meta property=\"og:image:width\" content=\"1920\" \/>\n\t<meta property=\"og:image:height\" content=\"1280\" \/>\n\t<meta property=\"og:image:type\" content=\"image\/jpeg\" \/>\n<meta name=\"twitter:card\" content=\"summary_large_image\" \/>\n<meta name=\"twitter:label1\" content=\"Dur\u00e9e de lecture estim\u00e9e\" \/>\n\t<meta name=\"twitter:data1\" content=\"3 minutes\" \/>\n<script type=\"application\/ld+json\" class=\"yoast-schema-graph\">{\"@context\":\"https:\/\/schema.org\",\"@graph\":[{\"@type\":\"WebPage\",\"@id\":\"https:\/\/www.snek.se\/fr\/conseils-snek\/\",\"url\":\"https:\/\/www.snek.se\/fr\/conseils-snek\/\",\"name\":\"Conseils Sn\u00eak | Sn\u00eak\",\"isPartOf\":{\"@id\":\"https:\/\/www.snek.se\/fr\/#website\"},\"primaryImageOfPage\":{\"@id\":\"https:\/\/www.snek.se\/fr\/conseils-snek\/#primaryimage\"},\"image\":{\"@id\":\"https:\/\/www.snek.se\/fr\/conseils-snek\/#primaryimage\"},\"thumbnailUrl\":\"https:\/\/www.snek.se\/wp-content\/uploads\/2025\/07\/unnamed3.jpg\",\"datePublished\":\"2026-04-08T15:52:48+00:00\",\"dateModified\":\"2026-04-09T04:59:48+00:00\",\"description\":\"V\u00e5ra b\u00e4sta r\u00e5d, tips och id\u00e9er f\u00f6r dig som planerar ett nytt k\u00f6k. Materialval, m\u00e5tt, f\u00e4rgs\u00e4ttning och funktion.\",\"breadcrumb\":{\"@id\":\"https:\/\/www.snek.se\/fr\/conseils-snek\/#breadcrumb\"},\"inLanguage\":\"fr-FR\",\"potentialAction\":[{\"@type\":\"ReadAction\",\"target\":[\"https:\/\/www.snek.se\/fr\/conseils-snek\/\"]}]},{\"@type\":\"ImageObject\",\"inLanguage\":\"fr-FR\",\"@id\":\"https:\/\/www.snek.se\/fr\/conseils-snek\/#primaryimage\",\"url\":\"https:\/\/www.snek.se\/wp-content\/uploads\/2025\/07\/unnamed3.jpg\",\"contentUrl\":\"https:\/\/www.snek.se\/wp-content\/uploads\/2025\/07\/unnamed3.jpg\",\"width\":1920,\"height\":1280,\"caption\":\"Gener\u00f6s b\u00e4nkyta placerad vid f\u00f6nster.\"},{\"@type\":\"BreadcrumbList\",\"@id\":\"https:\/\/www.snek.se\/fr\/conseils-snek\/#breadcrumb\",\"itemListElement\":[{\"@type\":\"ListItem\",\"position\":1,\"name\":\"Hem\",\"item\":\"https:\/\/www.snek.se\/fr\/\"},{\"@type\":\"ListItem\",\"position\":2,\"name\":\"Conseils Sn\u00eak\"}]},{\"@type\":\"WebSite\",\"@id\":\"https:\/\/www.snek.se\/fr\/#website\",\"url\":\"https:\/\/www.snek.se\/fr\/\",\"name\":\"Sn\u00eak\",\"description\":\"Cuisines artisanales du Norrbotten\",\"publisher\":{\"@id\":\"https:\/\/www.snek.se\/fr\/#organization\"},\"potentialAction\":[{\"@type\":\"SearchAction\",\"target\":{\"@type\":\"EntryPoint\",\"urlTemplate\":\"https:\/\/www.snek.se\/fr\/?s={search_term_string}\"},\"query-input\":{\"@type\":\"PropertyValueSpecification\",\"valueRequired\":true,\"valueName\":\"search_term_string\"}}],\"inLanguage\":\"fr-FR\"},{\"@type\":\"Organization\",\"@id\":\"https:\/\/www.snek.se\/fr\/#organization\",\"name\":\"Sn\u00eak\",\"url\":\"https:\/\/www.snek.se\/fr\/\",\"logo\":{\"@type\":\"ImageObject\",\"inLanguage\":\"fr-FR\",\"@id\":\"https:\/\/www.snek.se\/fr\/#\/schema\/logo\/image\/\",\"url\":\"https:\/\/www.snek.se\/wp-content\/uploads\/2026\/01\/snek-logotyp-insta-scaled.jpg\",\"contentUrl\":\"https:\/\/www.snek.se\/wp-content\/uploads\/2026\/01\/snek-logotyp-insta-scaled.jpg\",\"width\":2560,\"height\":2560,\"caption\":\"Sn\u00eak\"},\"image\":{\"@id\":\"https:\/\/www.snek.se\/fr\/#\/schema\/logo\/image\/\"},\"sameAs\":[\"https:\/\/www.facebook.com\/snekkitchens\/\",\"https:\/\/www.instagram.com\/snek.kok\/\",\"https:\/\/www.linkedin.com\/company\/snek-kok\/\",\"https:\/\/se.pinterest.com\/SnekKitchens\/\",\"https:\/\/www.youtube.com\/channel\/UCT9DWn-4DMpKHHqbRXV4bZQ\/\"]}]}<\/script>\n<!-- \/ Yoast SEO plugin. -->","yoast_head_json":{"title":"Conseils Sn\u00eak | Sn\u00eak","description":"V\u00e5ra b\u00e4sta r\u00e5d, tips och id\u00e9er f\u00f6r dig som planerar ett nytt k\u00f6k. Materialval, m\u00e5tt, f\u00e4rgs\u00e4ttning och funktion.","robots":{"index":"index","follow":"follow","max-snippet":"max-snippet:-1","max-image-preview":"max-image-preview:large","max-video-preview":"max-video-preview:-1"},"canonical":"https:\/\/www.snek.se\/fr\/conseils-snek\/","og_locale":"fr_FR","og_type":"article","og_title":"Conseils Sn\u00eak | Sn\u00eak","og_description":"V\u00e5ra b\u00e4sta r\u00e5d, tips och id\u00e9er f\u00f6r dig som planerar ett nytt k\u00f6k. Materialval, m\u00e5tt, f\u00e4rgs\u00e4ttning och funktion.","og_url":"https:\/\/www.snek.se\/fr\/conseils-snek\/","og_site_name":"Sn\u00eak","article_publisher":"https:\/\/www.facebook.com\/snekkitchens\/","article_modified_time":"2026-04-09T04:59:48+00:00","og_image":[{"width":1920,"height":1280,"url":"https:\/\/www.snek.se\/wp-content\/uploads\/2025\/07\/unnamed3.jpg","type":"image\/jpeg"}],"twitter_card":"summary_large_image","twitter_misc":{"Dur\u00e9e de lecture estim\u00e9e":"3 minutes"},"schema":{"@context":"https:\/\/schema.org","@graph":[{"@type":"WebPage","@id":"https:\/\/www.snek.se\/fr\/conseils-snek\/","url":"https:\/\/www.snek.se\/fr\/conseils-snek\/","name":"Conseils Sn\u00eak | Sn\u00eak","isPartOf":{"@id":"https:\/\/www.snek.se\/fr\/#website"},"primaryImageOfPage":{"@id":"https:\/\/www.snek.se\/fr\/conseils-snek\/#primaryimage"},"image":{"@id":"https:\/\/www.snek.se\/fr\/conseils-snek\/#primaryimage"},"thumbnailUrl":"https:\/\/www.snek.se\/wp-content\/uploads\/2025\/07\/unnamed3.jpg","datePublished":"2026-04-08T15:52:48+00:00","dateModified":"2026-04-09T04:59:48+00:00","description":"V\u00e5ra b\u00e4sta r\u00e5d, tips och id\u00e9er f\u00f6r dig som planerar ett nytt k\u00f6k. Materialval, m\u00e5tt, f\u00e4rgs\u00e4ttning och funktion.","breadcrumb":{"@id":"https:\/\/www.snek.se\/fr\/conseils-snek\/#breadcrumb"},"inLanguage":"fr-FR","potentialAction":[{"@type":"ReadAction","target":["https:\/\/www.snek.se\/fr\/conseils-snek\/"]}]},{"@type":"ImageObject","inLanguage":"fr-FR","@id":"https:\/\/www.snek.se\/fr\/conseils-snek\/#primaryimage","url":"https:\/\/www.snek.se\/wp-content\/uploads\/2025\/07\/unnamed3.jpg","contentUrl":"https:\/\/www.snek.se\/wp-content\/uploads\/2025\/07\/unnamed3.jpg","width":1920,"height":1280,"caption":"Gener\u00f6s b\u00e4nkyta placerad vid f\u00f6nster."},{"@type":"BreadcrumbList","@id":"https:\/\/www.snek.se\/fr\/conseils-snek\/#breadcrumb","itemListElement":[{"@type":"ListItem","position":1,"name":"Hem","item":"https:\/\/www.snek.se\/fr\/"},{"@type":"ListItem","position":2,"name":"Conseils Sn\u00eak"}]},{"@type":"WebSite","@id":"https:\/\/www.snek.se\/fr\/#website","url":"https:\/\/www.snek.se\/fr\/","name":"Sn\u00eak","description":"Cuisines artisanales du Norrbotten","publisher":{"@id":"https:\/\/www.snek.se\/fr\/#organization"},"potentialAction":[{"@type":"SearchAction","target":{"@type":"EntryPoint","urlTemplate":"https:\/\/www.snek.se\/fr\/?s={search_term_string}"},"query-input":{"@type":"PropertyValueSpecification","valueRequired":true,"valueName":"search_term_string"}}],"inLanguage":"fr-FR"},{"@type":"Organization","@id":"https:\/\/www.snek.se\/fr\/#organization","name":"Sn\u00eak","url":"https:\/\/www.snek.se\/fr\/","logo":{"@type":"ImageObject","inLanguage":"fr-FR","@id":"https:\/\/www.snek.se\/fr\/#\/schema\/logo\/image\/","url":"https:\/\/www.snek.se\/wp-content\/uploads\/2026\/01\/snek-logotyp-insta-scaled.jpg","contentUrl":"https:\/\/www.snek.se\/wp-content\/uploads\/2026\/01\/snek-logotyp-insta-scaled.jpg","width":2560,"height":2560,"caption":"Sn\u00eak"},"image":{"@id":"https:\/\/www.snek.se\/fr\/#\/schema\/logo\/image\/"},"sameAs":["https:\/\/www.facebook.com\/snekkitchens\/","https:\/\/www.instagram.com\/snek.kok\/","https:\/\/www.linkedin.com\/company\/snek-kok\/","https:\/\/se.pinterest.com\/SnekKitchens\/","https:\/\/www.youtube.com\/channel\/UCT9DWn-4DMpKHHqbRXV4bZQ\/"]}]}},"_links":{"self":[{"href":"https:\/\/www.snek.se\/fr\/wp-json\/wp\/v2\/pages\/154166","targetHints":{"allow":["GET"]}}],"collection":[{"href":"https:\/\/www.snek.se\/fr\/wp-json\/wp\/v2\/pages"}],"about":[{"href":"https:\/\/www.snek.se\/fr\/wp-json\/wp\/v2\/types\/page"}],"replies":[{"embeddable":true,"href":"https:\/\/www.snek.se\/fr\/wp-json\/wp\/v2\/comments?post=154166"}],"version-history":[{"count":4,"href":"https:\/\/www.snek.se\/fr\/wp-json\/wp\/v2\/pages\/154166\/revisions"}],"predecessor-version":[{"id":155516,"href":"https:\/\/www.snek.se\/fr\/wp-json\/wp\/v2\/pages\/154166\/revisions\/155516"}],"wp:featuredmedia":[{"embeddable":true,"href":"https:\/\/www.snek.se\/fr\/wp-json\/wp\/v2\/media\/144820"}],"wp:attachment":[{"href":"https:\/\/www.snek.se\/fr\/wp-json\/wp\/v2\/media?parent=154166"}],"curies":[{"name":"wp","href":"https:\/\/api.w.org\/{rel}","templated":true}]}}