{"id":154162,"date":"2026-04-08T17:52:48","date_gmt":"2026-04-08T15:52:48","guid":{"rendered":"https:\/\/www.snek.se\/verification-finale\/"},"modified":"2026-04-08T23:05:08","modified_gmt":"2026-04-08T21:05:08","slug":"verification-finale","status":"publish","type":"page","link":"https:\/\/www.snek.se\/fr\/verification-finale\/","title":{"rendered":"V\u00e9rification finale"},"content":{"rendered":"\t\t<div data-elementor-type=\"wp-page\" data-elementor-id=\"154162\" class=\"elementor elementor-154162 elementor-25691\" data-elementor-post-type=\"page\">\n\t\t\t\t<div class=\"elementor-element elementor-element-4ed6cd2 e-flex e-con-boxed e-con e-parent\" data-id=\"4ed6cd2\" data-element_type=\"container\" data-e-type=\"container\">\n\t\t\t\t\t<div class=\"e-con-inner\">\n\t\t\t\t<div class=\"elementor-element elementor-element-df444a8 elementor-widget elementor-widget-heading\" data-id=\"df444a8\" data-element_type=\"widget\" data-e-type=\"widget\" data-widget_type=\"heading.default\">\n\t\t\t\t<div class=\"elementor-widget-container\">\n\t\t\t\t\t<h2 class=\"elementor-heading-title elementor-size-default\">V\u00e9rification finale<\/h2>\t\t\t\t<\/div>\n\t\t\t\t<\/div>\n\t\t\t\t<div class=\"elementor-element elementor-element-692e2ff elementor-widget__width-initial elementor-widget elementor-widget-text-editor\" data-id=\"692e2ff\" data-element_type=\"widget\" data-e-type=\"widget\" data-widget_type=\"text-editor.default\">\n\t\t\t\t<div class=\"elementor-widget-container\">\n\t\t\t\t\t\t\t\t\t<div class=\"vc_custom_heading_wrap \">\n<div class=\"heading-text el-text\">Pour ceux qui ont d\u00e9j\u00e0 pass\u00e9 une commande et re\u00e7u une date de livraison.<\/div>\n<\/div>\n\t\t\t\t\t\t\t\t<\/div>\n\t\t\t\t<\/div>\n\t\t\t\t\t<\/div>\n\t\t\t\t<\/div>\n\t\t<div class=\"elementor-element elementor-element-7f684f2 e-con-full e-flex e-con e-parent\" data-id=\"7f684f2\" data-element_type=\"container\" data-e-type=\"container\">\n\t\t<div class=\"elementor-element elementor-element-340c2158 e-con-full e-flex e-con e-child\" data-id=\"340c2158\" data-element_type=\"container\" data-e-type=\"container\" data-settings=\"{&quot;background_background&quot;:&quot;classic&quot;}\">\n\t\t\t\t<div class=\"elementor-element elementor-element-691f1518 elementor-widget elementor-widget-heading\" data-id=\"691f1518\" data-element_type=\"widget\" data-e-type=\"widget\" data-widget_type=\"heading.default\">\n\t\t\t\t<div class=\"elementor-widget-container\">\n\t\t\t\t\t<h2 class=\"elementor-heading-title elementor-size-default\">R\u00e9union avant le d\u00e9but de la production<\/h2>\t\t\t\t<\/div>\n\t\t\t\t<\/div>\n\t\t\t\t<div class=\"elementor-element elementor-element-dbaba3d elementor-widget elementor-widget-text-editor\" data-id=\"dbaba3d\" data-element_type=\"widget\" data-e-type=\"widget\" data-widget_type=\"text-editor.default\">\n\t\t\t\t<div class=\"elementor-widget-container\">\n\t\t\t\t\t\t\t\t\t<p>Cette v\u00e9rification est toujours effectu\u00e9e avant que nous commencions la production de votre cuisine. Avst\u00e4mningen b\u00f6r g\u00f6ras 6-8 veckor innan leverans av ditt k\u00f6k, s\u00e5 se till att boka in det i god tid s\u00e5 hittar vi en tid som passar dig. P\u00e5 avst\u00e4mningen g\u00e5r vi igenom din k\u00f6ksdesign och kontrollerar s\u00e5 att allt st\u00e4mmer. Ser vi att det kan g\u00f6ras f\u00f6rb\u00e4ttringar s\u00e5 kommer vi att f\u00f6resl\u00e5 det.<\/p>\n<p>F\u00f6r att ta ett slutavst\u00e4mningsm\u00f6te beh\u00f6ver vi slutgiltiga m\u00e5tt p\u00e5 rummet. Vi kommer beh\u00f6va l\u00e4ngd, bredd och h\u00f6jd p\u00e5 rummet. Vi beh\u00f6ver \u00e4ven veta placering av v\u00e4gg\u00f6ppningar, d\u00f6rrar, f\u00f6nster samt innerv\u00e4ggar.<\/p>\n<p>Vi beh\u00f6ver en lista p\u00e5 era tillt\u00e4nkta vitvaror (m\u00e4rke &amp; modell).<\/p>\n<p>Under m\u00f6tet diskutetar vi takanslutningar och ni kan \u00e4ven g\u00f6ra \u00e4ndringar p\u00e5 er design.<\/p>\n<p>Vi beh\u00f6ver en (1) timme avsatt f\u00f6r denna avst\u00e4mning. Avst\u00e4mningen bokar du h\u00e4r och genomf\u00f6rs som ett webbm\u00f6te med hj\u00e4lp av Google m\u00f6ten (meet).<\/p>\n\t\t\t\t\t\t\t\t<\/div>\n\t\t\t\t<\/div>\n\t\t\t\t<\/div>\n\t\t<div class=\"elementor-element elementor-element-55673000 e-con-full elementor-hidden-mobile e-flex e-con e-child\" data-id=\"55673000\" data-element_type=\"container\" data-e-type=\"container\" data-settings=\"{&quot;background_background&quot;:&quot;classic&quot;}\">\n\t\t\t\t<div class=\"elementor-element elementor-element-3ea37515 elementor-widget elementor-widget-spacer\" data-id=\"3ea37515\" data-element_type=\"widget\" data-e-type=\"widget\" data-widget_type=\"spacer.default\">\n\t\t\t\t<div class=\"elementor-widget-container\">\n\t\t\t\t\t\t\t<div class=\"elementor-spacer\">\n\t\t\t<div class=\"elementor-spacer-inner\"><\/div>\n\t\t<\/div>\n\t\t\t\t\t\t<\/div>\n\t\t\t\t<\/div>\n\t\t\t\t<\/div>\n\t\t\t\t<\/div>\n\t\t<div class=\"elementor-element elementor-element-9b077e1 e-con-full e-flex e-con e-parent\" data-id=\"9b077e1\" data-element_type=\"container\" data-e-type=\"container\">\n\t\t<div class=\"elementor-element elementor-element-edbe9f1 e-flex e-con-boxed e-con e-child\" data-id=\"edbe9f1\" data-element_type=\"container\" data-e-type=\"container\">\n\t\t\t\t\t<div class=\"e-con-inner\">\n\t\t\t\t<div class=\"elementor-element elementor-element-913c1bc elementor-widget elementor-widget-heading\" data-id=\"913c1bc\" data-element_type=\"widget\" data-e-type=\"widget\" data-widget_type=\"heading.default\">\n\t\t\t\t<div class=\"elementor-widget-container\">\n\t\t\t\t\t<h2 class=\"elementor-heading-title elementor-size-default\">R\u00e9server la v\u00e9rification finale<\/h2>\t\t\t\t<\/div>\n\t\t\t\t<\/div>\n\t\t\t\t<div class=\"elementor-element elementor-element-2455697 elementor-widget elementor-widget-text-editor\" data-id=\"2455697\" data-element_type=\"widget\" data-e-type=\"widget\" data-widget_type=\"text-editor.default\">\n\t\t\t\t<div class=\"elementor-widget-container\">\n\t\t\t\t\t\t\t\t\t<iframe src=\"https:\/\/www.snek.se\/fr\/wp-json\/ssa\/v1\/embed-inner?integration&#038;type=slutavstamning&#038;label&#038;types=2&#038;edit&#038;view&#038;payment_provider&#038;ssa_locale=fr_FR&#038;ssa_is_rtl&#038;sid=8ccf630a1c4487add841ca7e9372a8d39a31a1f0&#038;availability_start_date&#038;availability_end_date&#038;suggest_first_available&#038;suggest_first_available_within_minutes&#038;flow&#038;fallback_flow&#038;time_view&#038;date_view&#038;appointment_types_view&#038;version&#038;accent_color&#038;background&#038;padding&#038;font&#038;booking_url=https%3A%2F%2Fwww.snek.se%2Ffr%2Fverification-finale%2F&#038;booking_post_id=154162&#038;booking_title=V%C3%A9rification+finale&#038;_wpnonce=0a81498dc6&#038;redirect_post_id&#038;mepr_membership_id#\/\" height=\"400px\" width=\"100%\" name=\"ssa_booking\" loading=\"eager\" frameborder=\"0\" data-skip-lazy=\"1\" class=\"ssa_booking_iframe skip-lazy\" title=\"R\u00e9servez une heure\"><\/iframe>\n\t\t\t\t\t\t\t\t<\/div>\n\t\t\t\t<\/div>\n\t\t\t\t\t<\/div>\n\t\t\t\t<\/div>\n\t\t\t\t<\/div>\n\t\t\t\t<\/div>\n\t\t","protected":false},"excerpt":{"rendered":"<p>V\u00e9rification finale F\u00f6r dig som redan har lagt en order och har f\u00e5tt ett leveransdatum. Rendez-vous avant le d\u00e9but de la production Denna avst\u00e4mning g\u00f6rs alltid innan vi startar produktionen av ditt k\u00f6k. Avst\u00e4mningen b\u00f6r g\u00f6ras 6-8 veckor innan leverans av ditt k\u00f6k, s\u00e5 se till att boka in det i god tid s\u00e5 hittar [&hellip;]<\/p>\n","protected":false},"author":0,"featured_media":0,"parent":0,"menu_order":0,"comment_status":"closed","ping_status":"closed","template":"elementor_canvas","meta":{"_acf_changed":false,"footnotes":""},"class_list":["post-154162","page","type-page","status-publish","hentry"],"acf":[],"yoast_head":"<!-- This site is optimized with the Yoast SEO plugin v27.2 - https:\/\/yoast.com\/product\/yoast-seo-wordpress\/ -->\n<title>V\u00e9rification finale | Sn\u00eak<\/title>\n<meta name=\"description\" content=\"Boka slutavst\u00e4mning inf\u00f6r produktionsstart av ditt k\u00f6k. Sista m\u00f6jligheten att justera detaljer.\" \/>\n<meta name=\"robots\" content=\"index, follow, max-snippet:-1, max-image-preview:large, max-video-preview:-1\" \/>\n<link rel=\"canonical\" href=\"https:\/\/www.snek.se\/fr\/verification-finale\/\" \/>\n<meta property=\"og:locale\" content=\"fr_FR\" \/>\n<meta property=\"og:type\" content=\"article\" \/>\n<meta property=\"og:title\" content=\"V\u00e9rification finale | Sn\u00eak\" \/>\n<meta property=\"og:description\" content=\"Boka slutavst\u00e4mning inf\u00f6r produktionsstart av ditt k\u00f6k. Sista m\u00f6jligheten att justera detaljer.\" \/>\n<meta property=\"og:url\" content=\"https:\/\/www.snek.se\/fr\/verification-finale\/\" \/>\n<meta property=\"og:site_name\" content=\"Sn\u00eak\" \/>\n<meta property=\"article:publisher\" content=\"https:\/\/www.facebook.com\/snekkitchens\/\" \/>\n<meta property=\"article:modified_time\" content=\"2026-04-08T21:05:08+00:00\" \/>\n<meta name=\"twitter:card\" content=\"summary_large_image\" \/>\n<meta name=\"twitter:label1\" content=\"Dur\u00e9e de lecture estim\u00e9e\" \/>\n\t<meta name=\"twitter:data1\" content=\"1 minute\" \/>\n<script type=\"application\/ld+json\" class=\"yoast-schema-graph\">{\"@context\":\"https:\/\/schema.org\",\"@graph\":[{\"@type\":\"WebPage\",\"@id\":\"https:\/\/www.snek.se\/fr\/verification-finale\/\",\"url\":\"https:\/\/www.snek.se\/fr\/verification-finale\/\",\"name\":\"V\u00e9rification finale | Sn\u00eak\",\"isPartOf\":{\"@id\":\"https:\/\/www.snek.se\/fr\/#website\"},\"datePublished\":\"2026-04-08T15:52:48+00:00\",\"dateModified\":\"2026-04-08T21:05:08+00:00\",\"description\":\"Boka slutavst\u00e4mning inf\u00f6r produktionsstart av ditt k\u00f6k. Sista m\u00f6jligheten att justera detaljer.\",\"breadcrumb\":{\"@id\":\"https:\/\/www.snek.se\/fr\/verification-finale\/#breadcrumb\"},\"inLanguage\":\"fr-FR\",\"potentialAction\":[{\"@type\":\"ReadAction\",\"target\":[\"https:\/\/www.snek.se\/fr\/verification-finale\/\"]}]},{\"@type\":\"BreadcrumbList\",\"@id\":\"https:\/\/www.snek.se\/fr\/verification-finale\/#breadcrumb\",\"itemListElement\":[{\"@type\":\"ListItem\",\"position\":1,\"name\":\"Hem\",\"item\":\"https:\/\/www.snek.se\/fr\/\"},{\"@type\":\"ListItem\",\"position\":2,\"name\":\"V\u00e9rification finale\"}]},{\"@type\":\"WebSite\",\"@id\":\"https:\/\/www.snek.se\/fr\/#website\",\"url\":\"https:\/\/www.snek.se\/fr\/\",\"name\":\"Sn\u00eak\",\"description\":\"Snickrade k\u00f6k fr\u00e5n Norrbotten\",\"publisher\":{\"@id\":\"https:\/\/www.snek.se\/fr\/#organization\"},\"potentialAction\":[{\"@type\":\"SearchAction\",\"target\":{\"@type\":\"EntryPoint\",\"urlTemplate\":\"https:\/\/www.snek.se\/fr\/?s={search_term_string}\"},\"query-input\":{\"@type\":\"PropertyValueSpecification\",\"valueRequired\":true,\"valueName\":\"search_term_string\"}}],\"inLanguage\":\"fr-FR\"},{\"@type\":\"Organization\",\"@id\":\"https:\/\/www.snek.se\/fr\/#organization\",\"name\":\"Sn\u00eak\",\"url\":\"https:\/\/www.snek.se\/fr\/\",\"logo\":{\"@type\":\"ImageObject\",\"inLanguage\":\"fr-FR\",\"@id\":\"https:\/\/www.snek.se\/fr\/#\/schema\/logo\/image\/\",\"url\":\"https:\/\/www.snek.se\/wp-content\/uploads\/2026\/01\/snek-logotyp-insta-scaled.jpg\",\"contentUrl\":\"https:\/\/www.snek.se\/wp-content\/uploads\/2026\/01\/snek-logotyp-insta-scaled.jpg\",\"width\":2560,\"height\":2560,\"caption\":\"Sn\u00eak\"},\"image\":{\"@id\":\"https:\/\/www.snek.se\/fr\/#\/schema\/logo\/image\/\"},\"sameAs\":[\"https:\/\/www.facebook.com\/snekkitchens\/\",\"https:\/\/www.instagram.com\/snek.kok\/\",\"https:\/\/www.linkedin.com\/company\/snek-kok\/\",\"https:\/\/se.pinterest.com\/SnekKitchens\/\",\"https:\/\/www.youtube.com\/channel\/UCT9DWn-4DMpKHHqbRXV4bZQ\/\"]}]}<\/script>\n<!-- \/ Yoast SEO plugin. -->","yoast_head_json":{"title":"V\u00e9rification finale | Sn\u00eak","description":"Boka slutavst\u00e4mning inf\u00f6r produktionsstart av ditt k\u00f6k. Sista m\u00f6jligheten att justera detaljer.","robots":{"index":"index","follow":"follow","max-snippet":"max-snippet:-1","max-image-preview":"max-image-preview:large","max-video-preview":"max-video-preview:-1"},"canonical":"https:\/\/www.snek.se\/fr\/verification-finale\/","og_locale":"fr_FR","og_type":"article","og_title":"V\u00e9rification finale | Sn\u00eak","og_description":"Boka slutavst\u00e4mning inf\u00f6r produktionsstart av ditt k\u00f6k. Sista m\u00f6jligheten att justera detaljer.","og_url":"https:\/\/www.snek.se\/fr\/verification-finale\/","og_site_name":"Sn\u00eak","article_publisher":"https:\/\/www.facebook.com\/snekkitchens\/","article_modified_time":"2026-04-08T21:05:08+00:00","twitter_card":"summary_large_image","twitter_misc":{"Dur\u00e9e de lecture estim\u00e9e":"1 minute"},"schema":{"@context":"https:\/\/schema.org","@graph":[{"@type":"WebPage","@id":"https:\/\/www.snek.se\/fr\/verification-finale\/","url":"https:\/\/www.snek.se\/fr\/verification-finale\/","name":"V\u00e9rification finale | Sn\u00eak","isPartOf":{"@id":"https:\/\/www.snek.se\/fr\/#website"},"datePublished":"2026-04-08T15:52:48+00:00","dateModified":"2026-04-08T21:05:08+00:00","description":"Boka slutavst\u00e4mning inf\u00f6r produktionsstart av ditt k\u00f6k. Sista m\u00f6jligheten att justera detaljer.","breadcrumb":{"@id":"https:\/\/www.snek.se\/fr\/verification-finale\/#breadcrumb"},"inLanguage":"fr-FR","potentialAction":[{"@type":"ReadAction","target":["https:\/\/www.snek.se\/fr\/verification-finale\/"]}]},{"@type":"BreadcrumbList","@id":"https:\/\/www.snek.se\/fr\/verification-finale\/#breadcrumb","itemListElement":[{"@type":"ListItem","position":1,"name":"Hem","item":"https:\/\/www.snek.se\/fr\/"},{"@type":"ListItem","position":2,"name":"V\u00e9rification finale"}]},{"@type":"WebSite","@id":"https:\/\/www.snek.se\/fr\/#website","url":"https:\/\/www.snek.se\/fr\/","name":"Sn\u00eak","description":"Snickrade k\u00f6k fr\u00e5n Norrbotten","publisher":{"@id":"https:\/\/www.snek.se\/fr\/#organization"},"potentialAction":[{"@type":"SearchAction","target":{"@type":"EntryPoint","urlTemplate":"https:\/\/www.snek.se\/fr\/?s={search_term_string}"},"query-input":{"@type":"PropertyValueSpecification","valueRequired":true,"valueName":"search_term_string"}}],"inLanguage":"fr-FR"},{"@type":"Organization","@id":"https:\/\/www.snek.se\/fr\/#organization","name":"Sn\u00eak","url":"https:\/\/www.snek.se\/fr\/","logo":{"@type":"ImageObject","inLanguage":"fr-FR","@id":"https:\/\/www.snek.se\/fr\/#\/schema\/logo\/image\/","url":"https:\/\/www.snek.se\/wp-content\/uploads\/2026\/01\/snek-logotyp-insta-scaled.jpg","contentUrl":"https:\/\/www.snek.se\/wp-content\/uploads\/2026\/01\/snek-logotyp-insta-scaled.jpg","width":2560,"height":2560,"caption":"Sn\u00eak"},"image":{"@id":"https:\/\/www.snek.se\/fr\/#\/schema\/logo\/image\/"},"sameAs":["https:\/\/www.facebook.com\/snekkitchens\/","https:\/\/www.instagram.com\/snek.kok\/","https:\/\/www.linkedin.com\/company\/snek-kok\/","https:\/\/se.pinterest.com\/SnekKitchens\/","https:\/\/www.youtube.com\/channel\/UCT9DWn-4DMpKHHqbRXV4bZQ\/"]}]}},"_links":{"self":[{"href":"https:\/\/www.snek.se\/fr\/wp-json\/wp\/v2\/pages\/154162","targetHints":{"allow":["GET"]}}],"collection":[{"href":"https:\/\/www.snek.se\/fr\/wp-json\/wp\/v2\/pages"}],"about":[{"href":"https:\/\/www.snek.se\/fr\/wp-json\/wp\/v2\/types\/page"}],"replies":[{"embeddable":true,"href":"https:\/\/www.snek.se\/fr\/wp-json\/wp\/v2\/comments?post=154162"}],"version-history":[{"count":4,"href":"https:\/\/www.snek.se\/fr\/wp-json\/wp\/v2\/pages\/154162\/revisions"}],"predecessor-version":[{"id":155514,"href":"https:\/\/www.snek.se\/fr\/wp-json\/wp\/v2\/pages\/154162\/revisions\/155514"}],"wp:attachment":[{"href":"https:\/\/www.snek.se\/fr\/wp-json\/wp\/v2\/media?parent=154162"}],"curies":[{"name":"wp","href":"https:\/\/api.w.org\/{rel}","templated":true}]}}