{"id":154148,"date":"2026-04-08T17:50:52","date_gmt":"2026-04-08T15:50:52","guid":{"rendered":"https:\/\/www.snek.se\/plockhugget-2\/"},"modified":"2026-04-08T23:26:24","modified_gmt":"2026-04-08T21:26:24","slug":"plockhugget","status":"publish","type":"page","link":"https:\/\/www.snek.se\/fr\/plockhugget\/","title":{"rendered":"Plockhugget"},"content":{"rendered":"\t\t<div data-elementor-type=\"wp-page\" data-elementor-id=\"154148\" class=\"elementor elementor-154148 elementor-142617\" data-elementor-post-type=\"page\">\n\t\t\t\t<div class=\"elementor-element elementor-element-5218d24f e-flex e-con-boxed e-con e-parent\" data-id=\"5218d24f\" data-element_type=\"container\" data-e-type=\"container\">\n\t\t\t\t\t<div class=\"e-con-inner\">\n\t\t\t\t<div class=\"elementor-element elementor-element-7cba224c elementor-widget elementor-widget-heading\" data-id=\"7cba224c\" data-element_type=\"widget\" data-e-type=\"widget\" data-widget_type=\"heading.default\">\n\t\t\t\t<div class=\"elementor-widget-container\">\n\t\t\t\t\t<h2 class=\"elementor-heading-title elementor-size-default\">\nSn\u00eak + Plockhugget<\/h2>\t\t\t\t<\/div>\n\t\t\t\t<\/div>\n\t\t\t\t<div class=\"elementor-element elementor-element-7da8b68b elementor-widget__width-initial elementor-widget elementor-widget-text-editor\" data-id=\"7da8b68b\" data-element_type=\"widget\" data-e-type=\"widget\" data-widget_type=\"text-editor.default\">\n\t\t\t\t<div class=\"elementor-widget-container\">\n\t\t\t\t\t\t\t\t\t<p style=\"text-align: center;\">Du bois durable provenant de for\u00eats qui continuent de pousser<\/p>\n\t\t\t\t\t\t\t\t<\/div>\n\t\t\t\t<\/div>\n\t\t\t\t<div class=\"elementor-element elementor-element-ff579f0 elementor-widget__width-initial elementor-widget elementor-widget-text-editor\" data-id=\"ff579f0\" data-element_type=\"widget\" data-e-type=\"widget\" data-widget_type=\"text-editor.default\">\n\t\t\t\t<div class=\"elementor-widget-container\">\n\t\t\t\t\t\t\t\t\t<p style=\"text-align: center;\">Nous proposons des cuisines avec des mati\u00e8res premi\u00e8res en bois certifi\u00e9es pour une sylviculture sans coupe rase, ce qui signifie que nos produits proviennent d&rsquo;une sylviculture \u00e0 la fois durable et favorable \u00e0 la biodiversit\u00e9.<\/p>\n\t\t\t\t\t\t\t\t<\/div>\n\t\t\t\t<\/div>\n\t\t\t\t\t<\/div>\n\t\t\t\t<\/div>\n\t\t<div class=\"elementor-element elementor-element-446c1062 e-con-full e-flex e-con e-parent\" data-id=\"446c1062\" data-element_type=\"container\" data-e-type=\"container\">\n\t\t<div class=\"elementor-element elementor-element-287fa4d8 e-con-full e-flex e-con e-child\" data-id=\"287fa4d8\" data-element_type=\"container\" data-e-type=\"container\" data-settings=\"{&quot;background_background&quot;:&quot;classic&quot;}\">\n\t\t\t\t<div class=\"elementor-element elementor-element-743be1a2 elementor-widget elementor-widget-heading\" data-id=\"743be1a2\" data-element_type=\"widget\" data-e-type=\"widget\" data-widget_type=\"heading.default\">\n\t\t\t\t<div class=\"elementor-widget-container\">\n\t\t\t\t\t<h2 class=\"elementor-heading-title elementor-size-default\">Durabilit\u00e9 &amp; ansvar<\/h2>\t\t\t\t<\/div>\n\t\t\t\t<\/div>\n\t\t\t\t<div class=\"elementor-element elementor-element-7c5c161c elementor-widget elementor-widget-text-editor\" data-id=\"7c5c161c\" data-element_type=\"widget\" data-e-type=\"widget\" data-widget_type=\"text-editor.default\">\n\t\t\t\t<div class=\"elementor-widget-container\">\n\t\t\t\t\t\t\t\t\t<p class=\"\" data-start=\"682\" data-end=\"862\"><strong data-start=\"682\" data-end=\"709\">Cuisines en bois durable<\/strong>: Alla v\u00e5ra k\u00f6k och inredningar \u00e4r tillverkade med massivt tr\u00e4 som kommer fr\u00e5n skogsbruk som fr\u00e4mjar biologisk m\u00e5ngfald och minimerar koldioxidutsl\u00e4pp.<\/p>\n<p class=\"\" data-start=\"865\" data-end=\"1076\"><strong data-start=\"865\" data-end=\"881\">Certification<\/strong>: Genom v\u00e5rt samarbete med Plockhugget garanterar vi att varje k\u00f6k har tr\u00e4r\u00e5vara med hyggesfritt certifikat enligt Plockhuggets Skogsbruksstandard. Det inneb\u00e4r att tr\u00e4d v\u00e4ljs ut ur skogen med j\u00e4mna mellanrum, ett och ett eller i sm\u00e5 grupper, s\u00e5 att skogen som helhet kontinuerligt st\u00e5r kvar och f\u00e5r utvecklas.<\/p>\n\t\t\t\t\t\t\t\t<\/div>\n\t\t\t\t<\/div>\n\t\t\t\t<div class=\"elementor-element elementor-element-faee812 elementor-widget elementor-widget-image\" data-id=\"faee812\" data-element_type=\"widget\" data-e-type=\"widget\" data-widget_type=\"image.default\">\n\t\t\t\t<div class=\"elementor-widget-container\">\n\t\t\t\t\t\t\t\t\t\t\t\t\t\t\t<img fetchpriority=\"high\" decoding=\"async\" width=\"800\" height=\"386\" src=\"https:\/\/www.snek.se\/wp-content\/uploads\/2025\/07\/Plockhugget-logga-vit-1024x494-1.png\" class=\"attachment-large size-large wp-image-145934\" alt=\"\" srcset=\"https:\/\/www.snek.se\/wp-content\/uploads\/2025\/07\/Plockhugget-logga-vit-1024x494-1.png 1024w, https:\/\/www.snek.se\/wp-content\/uploads\/2025\/07\/Plockhugget-logga-vit-1024x494-1-500x241.png 500w, https:\/\/www.snek.se\/wp-content\/uploads\/2025\/07\/Plockhugget-logga-vit-1024x494-1-768x371.png 768w\" sizes=\"(max-width: 800px) 100vw, 800px\" \/>\t\t\t\t\t\t\t\t\t\t\t\t\t\t\t<\/div>\n\t\t\t\t<\/div>\n\t\t\t\t<\/div>\n\t\t<div class=\"elementor-element elementor-element-75d5cb79 e-con-full e-flex e-con e-child\" data-id=\"75d5cb79\" data-element_type=\"container\" data-e-type=\"container\" data-settings=\"{&quot;background_background&quot;:&quot;classic&quot;}\">\n\t\t\t\t<div class=\"elementor-element elementor-element-7808ed83 elementor-widget elementor-widget-spacer\" data-id=\"7808ed83\" data-element_type=\"widget\" data-e-type=\"widget\" data-widget_type=\"spacer.default\">\n\t\t\t\t<div class=\"elementor-widget-container\">\n\t\t\t\t\t\t\t<div class=\"elementor-spacer\">\n\t\t\t<div class=\"elementor-spacer-inner\"><\/div>\n\t\t<\/div>\n\t\t\t\t\t\t<\/div>\n\t\t\t\t<\/div>\n\t\t\t\t<\/div>\n\t\t\t\t<\/div>\n\t\t<div class=\"elementor-element elementor-element-3d2d320 e-con-full e-flex e-con e-parent\" data-id=\"3d2d320\" data-element_type=\"container\" data-e-type=\"container\">\n\t\t<div class=\"elementor-element elementor-element-1709f2d e-con-full e-flex e-con e-child\" data-id=\"1709f2d\" data-element_type=\"container\" data-e-type=\"container\" data-settings=\"{&quot;background_background&quot;:&quot;classic&quot;}\">\n\t\t\t\t<div class=\"elementor-element elementor-element-aa9e470 elementor-widget elementor-widget-heading\" data-id=\"aa9e470\" data-element_type=\"widget\" data-e-type=\"widget\" data-widget_type=\"heading.default\">\n\t\t\t\t<div class=\"elementor-widget-container\">\n\t\t\t\t\t<h2 class=\"elementor-heading-title elementor-size-default\">Le travail de Plockhugget<\/h2>\t\t\t\t<\/div>\n\t\t\t\t<\/div>\n\t\t\t\t<div class=\"elementor-element elementor-element-55dbdbd elementor-widget elementor-widget-text-editor\" data-id=\"55dbdbd\" data-element_type=\"widget\" data-e-type=\"widget\" data-widget_type=\"text-editor.default\">\n\t\t\t\t<div class=\"elementor-widget-container\">\n\t\t\t\t\t\t\t\t\t<p class=\"\" data-start=\"1640\" data-end=\"1886\"><strong data-start=\"1640\" data-end=\"1663\">Vad Plockhugget g\u00f6r<\/strong>: Plockhugget verkar f\u00f6r att stimulera och uppmuntra naturn\u00e4ra skogsbruk. Deras metod inneb\u00e4r att f\u00e4rre tr\u00e4d avverkas, vilket skapar b\u00e4ttre f\u00f6ruts\u00e4ttningar f\u00f6r naturens egen \u00e5terv\u00e4xt och st\u00e4rker den biologiska m\u00e5ngfalden.<\/p>\n<p class=\"\" data-start=\"1889\" data-end=\"2076\"><strong data-start=\"1889\" data-end=\"1908\">Viktiga siffror<\/strong>: Visste du att 97% av Sveriges brukade skogar anv\u00e4nder kalhyggen som sk\u00f6rdemetod. Med v\u00e5rt samarbete hoppas vi p\u00e5 att \u00f6ka andelen hyggesfritt och naturn\u00e4ra,\u00a0och skapa en h\u00e5llbarare framtid f\u00f6r v\u00e5ra skogar.<\/p>\n\t\t\t\t\t\t\t\t<\/div>\n\t\t\t\t<\/div>\n\t\t\t\t<div class=\"elementor-element elementor-element-e0a8da5 elementor-widget elementor-widget-html\" data-id=\"e0a8da5\" data-element_type=\"widget\" data-e-type=\"widget\" data-widget_type=\"html.default\">\n\t\t\t\t<div class=\"elementor-widget-container\">\n\t\t\t\t\t<a href=\"https:\/\/www.plockhugget.se\/\" style=\"text-decoration: none\">\n    <button class=\"bracket-button-w\">\n        G\u00e5 till plockhugget.se\n    <\/button>\n<\/a>\t\t\t\t<\/div>\n\t\t\t\t<\/div>\n\t\t\t\t<\/div>\n\t\t<div class=\"elementor-element elementor-element-fbcc4d0 e-con-full e-flex e-con e-child\" data-id=\"fbcc4d0\" data-element_type=\"container\" data-e-type=\"container\" data-settings=\"{&quot;background_background&quot;:&quot;classic&quot;}\">\n\t\t\t\t<div class=\"elementor-element elementor-element-aa1222f elementor-widget elementor-widget-spacer\" data-id=\"aa1222f\" data-element_type=\"widget\" data-e-type=\"widget\" data-widget_type=\"spacer.default\">\n\t\t\t\t<div class=\"elementor-widget-container\">\n\t\t\t\t\t\t\t<div class=\"elementor-spacer\">\n\t\t\t<div class=\"elementor-spacer-inner\"><\/div>\n\t\t<\/div>\n\t\t\t\t\t\t<\/div>\n\t\t\t\t<\/div>\n\t\t\t\t<\/div>\n\t\t\t\t<\/div>\n\t\t<div class=\"elementor-element elementor-element-4e83cdb2 e-flex e-con-boxed e-con e-parent\" data-id=\"4e83cdb2\" data-element_type=\"container\" data-e-type=\"container\" data-settings=\"{&quot;background_background&quot;:&quot;classic&quot;}\">\n\t\t\t\t\t<div class=\"e-con-inner\">\n\t\t\t\t<div class=\"elementor-element elementor-element-912929b elementor-widget elementor-widget-heading\" data-id=\"912929b\" data-element_type=\"widget\" data-e-type=\"widget\" data-widget_type=\"heading.default\">\n\t\t\t\t<div class=\"elementor-widget-container\">\n\t\t\t\t\t<h2 class=\"elementor-heading-title elementor-size-default\">Quand vous choisissez Sn\u00eak, vous obtenez plus qu'une simple cuisine<\/h2>\t\t\t\t<\/div>\n\t\t\t\t<\/div>\n\t\t\t\t<div class=\"elementor-element elementor-element-54493b0d elementor-widget__width-initial elementor-widget elementor-widget-text-editor\" data-id=\"54493b0d\" data-element_type=\"widget\" data-e-type=\"widget\" data-widget_type=\"text-editor.default\">\n\t\t\t\t<div class=\"elementor-widget-container\">\n\t\t\t\t\t\t\t\t\t<p style=\"text-align: center;\">N\u00e4r du k\u00f6per ett k\u00f6k fr\u00e5n Sn\u00eak f\u00e5r du ett\u00a0<strong>certifikat fr\u00e5n Plockhugget<\/strong>\u00a0som motsvarar den volym tr\u00e4r\u00e5vara som din produkt inneh\u00e5ller.<\/p>\n<p style=\"text-align: center;\">Detta certifikat s\u00e4kerst\u00e4ller att samma m\u00e4ngd virke har avverkats p\u00e5 ett naturn\u00e4ra och hyggesfritt s\u00e4tt.<\/p>\n<p style=\"text-align: center;\">V\u00e4lj ett<strong>\u00a0Sn\u00eak-k\u00f6k<\/strong>\u00a0och g\u00f6r ett ansvarsfullt val f\u00f6r b\u00e5de ditt hem och v\u00e5r planet.\u00a0<strong>Tillsammans bygger vi en mer h\u00e5llbar framtid<\/strong><\/p>\n\t\t\t\t\t\t\t\t<\/div>\n\t\t\t\t<\/div>\n\t\t\t\t\t<\/div>\n\t\t\t\t<\/div>\n\t\t\t\t<\/div>\n\t\t","protected":false},"excerpt":{"rendered":"<p>Sn\u00eak + Plockhugget Du bois durable issu de for\u00eats qui continuent de cro\u00eetre Nous proposons des cuisines avec des mati\u00e8res premi\u00e8res en bois certifi\u00e9es pour une sylviculture sans coupe rase, ce qui signifie que nos produits proviennent d&rsquo;une sylviculture \u00e0 la fois durable et favorable \u00e0 la biodiversit\u00e9. Durabilit\u00e9 &amp; ansvar K\u00f6k med h\u00e5llbar tr\u00e4vara: [&hellip;]<\/p>\n","protected":false},"author":0,"featured_media":144713,"parent":0,"menu_order":0,"comment_status":"closed","ping_status":"closed","template":"elementor_canvas","meta":{"_acf_changed":false,"footnotes":""},"class_list":["post-154148","page","type-page","status-publish","has-post-thumbnail","hentry"],"acf":[],"yoast_head":"<!-- This site is optimized with the Yoast SEO plugin v27.2 - https:\/\/yoast.com\/product\/yoast-seo-wordpress\/ -->\n<title>Plockhugget | Sn\u00eak<\/title>\n<meta name=\"description\" content=\"V\u00e5rt samarbete med Plockhugget inneb\u00e4r certifierad tr\u00e4vara fr\u00e5n hyggesfritt skogsbruk. H\u00e5llbart tr\u00e4 i varje k\u00f6k.\" \/>\n<meta name=\"robots\" content=\"index, follow, max-snippet:-1, max-image-preview:large, max-video-preview:-1\" \/>\n<link rel=\"canonical\" href=\"https:\/\/www.snek.se\/fr\/plockhugget\/\" \/>\n<meta property=\"og:locale\" content=\"fr_FR\" \/>\n<meta property=\"og:type\" content=\"article\" \/>\n<meta property=\"og:title\" content=\"Plockhugget | Sn\u00eak\" \/>\n<meta property=\"og:description\" content=\"V\u00e5rt samarbete med Plockhugget inneb\u00e4r certifierad tr\u00e4vara fr\u00e5n hyggesfritt skogsbruk. H\u00e5llbart tr\u00e4 i varje k\u00f6k.\" \/>\n<meta property=\"og:url\" content=\"https:\/\/www.snek.se\/fr\/plockhugget\/\" \/>\n<meta property=\"og:site_name\" content=\"Sn\u00eak\" \/>\n<meta property=\"article:publisher\" content=\"https:\/\/www.facebook.com\/snekkitchens\/\" \/>\n<meta property=\"article:modified_time\" content=\"2026-04-08T21:26:24+00:00\" \/>\n<meta property=\"og:image\" content=\"https:\/\/www.snek.se\/wp-content\/uploads\/2025\/07\/01-1-scaled.jpg\" \/>\n\t<meta property=\"og:image:width\" content=\"2560\" \/>\n\t<meta property=\"og:image:height\" content=\"1707\" \/>\n\t<meta property=\"og:image:type\" content=\"image\/jpeg\" \/>\n<meta name=\"twitter:card\" content=\"summary_large_image\" \/>\n<meta name=\"twitter:label1\" content=\"Dur\u00e9e de lecture estim\u00e9e\" \/>\n\t<meta name=\"twitter:data1\" content=\"2 minutes\" \/>\n<script type=\"application\/ld+json\" class=\"yoast-schema-graph\">{\"@context\":\"https:\/\/schema.org\",\"@graph\":[{\"@type\":\"WebPage\",\"@id\":\"https:\/\/www.snek.se\/fr\/plockhugget\/\",\"url\":\"https:\/\/www.snek.se\/fr\/plockhugget\/\",\"name\":\"Plockhugget | Sn\u00eak\",\"isPartOf\":{\"@id\":\"https:\/\/www.snek.se\/fr\/#website\"},\"primaryImageOfPage\":{\"@id\":\"https:\/\/www.snek.se\/fr\/plockhugget\/#primaryimage\"},\"image\":{\"@id\":\"https:\/\/www.snek.se\/fr\/plockhugget\/#primaryimage\"},\"thumbnailUrl\":\"https:\/\/www.snek.se\/wp-content\/uploads\/2025\/07\/01-1-scaled.jpg\",\"datePublished\":\"2026-04-08T15:50:52+00:00\",\"dateModified\":\"2026-04-08T21:26:24+00:00\",\"description\":\"V\u00e5rt samarbete med Plockhugget inneb\u00e4r certifierad tr\u00e4vara fr\u00e5n hyggesfritt skogsbruk. H\u00e5llbart tr\u00e4 i varje k\u00f6k.\",\"breadcrumb\":{\"@id\":\"https:\/\/www.snek.se\/fr\/plockhugget\/#breadcrumb\"},\"inLanguage\":\"fr-FR\",\"potentialAction\":[{\"@type\":\"ReadAction\",\"target\":[\"https:\/\/www.snek.se\/fr\/plockhugget\/\"]}]},{\"@type\":\"ImageObject\",\"inLanguage\":\"fr-FR\",\"@id\":\"https:\/\/www.snek.se\/fr\/plockhugget\/#primaryimage\",\"url\":\"https:\/\/www.snek.se\/wp-content\/uploads\/2025\/07\/01-1-scaled.jpg\",\"contentUrl\":\"https:\/\/www.snek.se\/wp-content\/uploads\/2025\/07\/01-1-scaled.jpg\",\"width\":2560,\"height\":1707},{\"@type\":\"BreadcrumbList\",\"@id\":\"https:\/\/www.snek.se\/fr\/plockhugget\/#breadcrumb\",\"itemListElement\":[{\"@type\":\"ListItem\",\"position\":1,\"name\":\"Hem\",\"item\":\"https:\/\/www.snek.se\/fr\/\"},{\"@type\":\"ListItem\",\"position\":2,\"name\":\"Plockhugget\"}]},{\"@type\":\"WebSite\",\"@id\":\"https:\/\/www.snek.se\/fr\/#website\",\"url\":\"https:\/\/www.snek.se\/fr\/\",\"name\":\"Sn\u00eak\",\"description\":\"Snickrade k\u00f6k fr\u00e5n Norrbotten\",\"publisher\":{\"@id\":\"https:\/\/www.snek.se\/fr\/#organization\"},\"potentialAction\":[{\"@type\":\"SearchAction\",\"target\":{\"@type\":\"EntryPoint\",\"urlTemplate\":\"https:\/\/www.snek.se\/fr\/?s={search_term_string}\"},\"query-input\":{\"@type\":\"PropertyValueSpecification\",\"valueRequired\":true,\"valueName\":\"search_term_string\"}}],\"inLanguage\":\"fr-FR\"},{\"@type\":\"Organization\",\"@id\":\"https:\/\/www.snek.se\/fr\/#organization\",\"name\":\"Sn\u00eak\",\"url\":\"https:\/\/www.snek.se\/fr\/\",\"logo\":{\"@type\":\"ImageObject\",\"inLanguage\":\"fr-FR\",\"@id\":\"https:\/\/www.snek.se\/fr\/#\/schema\/logo\/image\/\",\"url\":\"https:\/\/www.snek.se\/wp-content\/uploads\/2026\/01\/snek-logotyp-insta-scaled.jpg\",\"contentUrl\":\"https:\/\/www.snek.se\/wp-content\/uploads\/2026\/01\/snek-logotyp-insta-scaled.jpg\",\"width\":2560,\"height\":2560,\"caption\":\"Sn\u00eak\"},\"image\":{\"@id\":\"https:\/\/www.snek.se\/fr\/#\/schema\/logo\/image\/\"},\"sameAs\":[\"https:\/\/www.facebook.com\/snekkitchens\/\",\"https:\/\/www.instagram.com\/snek.kok\/\",\"https:\/\/www.linkedin.com\/company\/snek-kok\/\",\"https:\/\/se.pinterest.com\/SnekKitchens\/\",\"https:\/\/www.youtube.com\/channel\/UCT9DWn-4DMpKHHqbRXV4bZQ\/\"]}]}<\/script>\n<!-- \/ Yoast SEO plugin. -->","yoast_head_json":{"title":"Plockhugget | Sn\u00eak","description":"V\u00e5rt samarbete med Plockhugget inneb\u00e4r certifierad tr\u00e4vara fr\u00e5n hyggesfritt skogsbruk. H\u00e5llbart tr\u00e4 i varje k\u00f6k.","robots":{"index":"index","follow":"follow","max-snippet":"max-snippet:-1","max-image-preview":"max-image-preview:large","max-video-preview":"max-video-preview:-1"},"canonical":"https:\/\/www.snek.se\/fr\/plockhugget\/","og_locale":"fr_FR","og_type":"article","og_title":"Plockhugget | Sn\u00eak","og_description":"V\u00e5rt samarbete med Plockhugget inneb\u00e4r certifierad tr\u00e4vara fr\u00e5n hyggesfritt skogsbruk. H\u00e5llbart tr\u00e4 i varje k\u00f6k.","og_url":"https:\/\/www.snek.se\/fr\/plockhugget\/","og_site_name":"Sn\u00eak","article_publisher":"https:\/\/www.facebook.com\/snekkitchens\/","article_modified_time":"2026-04-08T21:26:24+00:00","og_image":[{"width":2560,"height":1707,"url":"https:\/\/www.snek.se\/wp-content\/uploads\/2025\/07\/01-1-scaled.jpg","type":"image\/jpeg"}],"twitter_card":"summary_large_image","twitter_misc":{"Dur\u00e9e de lecture estim\u00e9e":"2 minutes"},"schema":{"@context":"https:\/\/schema.org","@graph":[{"@type":"WebPage","@id":"https:\/\/www.snek.se\/fr\/plockhugget\/","url":"https:\/\/www.snek.se\/fr\/plockhugget\/","name":"Plockhugget | Sn\u00eak","isPartOf":{"@id":"https:\/\/www.snek.se\/fr\/#website"},"primaryImageOfPage":{"@id":"https:\/\/www.snek.se\/fr\/plockhugget\/#primaryimage"},"image":{"@id":"https:\/\/www.snek.se\/fr\/plockhugget\/#primaryimage"},"thumbnailUrl":"https:\/\/www.snek.se\/wp-content\/uploads\/2025\/07\/01-1-scaled.jpg","datePublished":"2026-04-08T15:50:52+00:00","dateModified":"2026-04-08T21:26:24+00:00","description":"V\u00e5rt samarbete med Plockhugget inneb\u00e4r certifierad tr\u00e4vara fr\u00e5n hyggesfritt skogsbruk. H\u00e5llbart tr\u00e4 i varje k\u00f6k.","breadcrumb":{"@id":"https:\/\/www.snek.se\/fr\/plockhugget\/#breadcrumb"},"inLanguage":"fr-FR","potentialAction":[{"@type":"ReadAction","target":["https:\/\/www.snek.se\/fr\/plockhugget\/"]}]},{"@type":"ImageObject","inLanguage":"fr-FR","@id":"https:\/\/www.snek.se\/fr\/plockhugget\/#primaryimage","url":"https:\/\/www.snek.se\/wp-content\/uploads\/2025\/07\/01-1-scaled.jpg","contentUrl":"https:\/\/www.snek.se\/wp-content\/uploads\/2025\/07\/01-1-scaled.jpg","width":2560,"height":1707},{"@type":"BreadcrumbList","@id":"https:\/\/www.snek.se\/fr\/plockhugget\/#breadcrumb","itemListElement":[{"@type":"ListItem","position":1,"name":"Hem","item":"https:\/\/www.snek.se\/fr\/"},{"@type":"ListItem","position":2,"name":"Plockhugget"}]},{"@type":"WebSite","@id":"https:\/\/www.snek.se\/fr\/#website","url":"https:\/\/www.snek.se\/fr\/","name":"Sn\u00eak","description":"Snickrade k\u00f6k fr\u00e5n Norrbotten","publisher":{"@id":"https:\/\/www.snek.se\/fr\/#organization"},"potentialAction":[{"@type":"SearchAction","target":{"@type":"EntryPoint","urlTemplate":"https:\/\/www.snek.se\/fr\/?s={search_term_string}"},"query-input":{"@type":"PropertyValueSpecification","valueRequired":true,"valueName":"search_term_string"}}],"inLanguage":"fr-FR"},{"@type":"Organization","@id":"https:\/\/www.snek.se\/fr\/#organization","name":"Sn\u00eak","url":"https:\/\/www.snek.se\/fr\/","logo":{"@type":"ImageObject","inLanguage":"fr-FR","@id":"https:\/\/www.snek.se\/fr\/#\/schema\/logo\/image\/","url":"https:\/\/www.snek.se\/wp-content\/uploads\/2026\/01\/snek-logotyp-insta-scaled.jpg","contentUrl":"https:\/\/www.snek.se\/wp-content\/uploads\/2026\/01\/snek-logotyp-insta-scaled.jpg","width":2560,"height":2560,"caption":"Sn\u00eak"},"image":{"@id":"https:\/\/www.snek.se\/fr\/#\/schema\/logo\/image\/"},"sameAs":["https:\/\/www.facebook.com\/snekkitchens\/","https:\/\/www.instagram.com\/snek.kok\/","https:\/\/www.linkedin.com\/company\/snek-kok\/","https:\/\/se.pinterest.com\/SnekKitchens\/","https:\/\/www.youtube.com\/channel\/UCT9DWn-4DMpKHHqbRXV4bZQ\/"]}]}},"_links":{"self":[{"href":"https:\/\/www.snek.se\/fr\/wp-json\/wp\/v2\/pages\/154148","targetHints":{"allow":["GET"]}}],"collection":[{"href":"https:\/\/www.snek.se\/fr\/wp-json\/wp\/v2\/pages"}],"about":[{"href":"https:\/\/www.snek.se\/fr\/wp-json\/wp\/v2\/types\/page"}],"replies":[{"embeddable":true,"href":"https:\/\/www.snek.se\/fr\/wp-json\/wp\/v2\/comments?post=154148"}],"version-history":[{"count":4,"href":"https:\/\/www.snek.se\/fr\/wp-json\/wp\/v2\/pages\/154148\/revisions"}],"predecessor-version":[{"id":155509,"href":"https:\/\/www.snek.se\/fr\/wp-json\/wp\/v2\/pages\/154148\/revisions\/155509"}],"wp:featuredmedia":[{"embeddable":true,"href":"https:\/\/www.snek.se\/fr\/wp-json\/wp\/v2\/media\/144713"}],"wp:attachment":[{"href":"https:\/\/www.snek.se\/fr\/wp-json\/wp\/v2\/media?parent=154148"}],"curies":[{"name":"wp","href":"https:\/\/api.w.org\/{rel}","templated":true}]}}