{"id":154059,"date":"2026-04-08T17:48:53","date_gmt":"2026-04-08T15:48:53","guid":{"rendered":"https:\/\/www.snek.se\/durabilite\/"},"modified":"2026-04-09T06:59:41","modified_gmt":"2026-04-09T04:59:41","slug":"durabilite","status":"publish","type":"page","link":"https:\/\/www.snek.se\/fr\/durabilite\/","title":{"rendered":"Durabilit\u00e9"},"content":{"rendered":"\t\t<div data-elementor-type=\"wp-page\" data-elementor-id=\"154059\" class=\"elementor elementor-154059 elementor-145011\" data-elementor-post-type=\"page\">\n\t\t\t\t<div class=\"elementor-element elementor-element-3d2e43e1 e-flex e-con-boxed e-con e-parent\" data-id=\"3d2e43e1\" data-element_type=\"container\" data-e-type=\"container\">\n\t\t\t\t\t<div class=\"e-con-inner\">\n\t\t\t\t<div class=\"elementor-element elementor-element-5e8f1192 elementor-widget elementor-widget-heading\" data-id=\"5e8f1192\" data-element_type=\"widget\" data-e-type=\"widget\" data-widget_type=\"heading.default\">\n\t\t\t\t<div class=\"elementor-widget-container\">\n\t\t\t\t\t<h1 class=\"elementor-heading-title elementor-size-default\">Durabilit\u00e9<\/h1>\t\t\t\t<\/div>\n\t\t\t\t<\/div>\n\t\t\t\t<div class=\"elementor-element elementor-element-741d373a elementor-widget__width-initial elementor-widget elementor-widget-text-editor\" data-id=\"741d373a\" data-element_type=\"widget\" data-e-type=\"widget\" data-widget_type=\"text-editor.default\">\n\t\t\t\t<div class=\"elementor-widget-container\">\n\t\t\t\t\t\t\t\t\t<p style=\"text-align: center;\"><span id=\"miro-copy-source--doc\"><\/span>Nous disons \u00ab cuisines artisanales du Norrbotten \u00bb, mais qu&rsquo;est-ce que cela signifie du point de vue de la durabilit\u00e9 et vad inneb\u00e4r det pour v\u00e5ra kunder?<\/p>\n\t\t\t\t\t\t\t\t<\/div>\n\t\t\t\t<\/div>\n\t\t\t\t<div class=\"elementor-element elementor-element-b610010 elementor-widget__width-initial elementor-widget elementor-widget-text-editor\" data-id=\"b610010\" data-element_type=\"widget\" data-e-type=\"widget\" data-widget_type=\"text-editor.default\">\n\t\t\t\t<div class=\"elementor-widget-container\">\n\t\t\t\t\t\t\t\t\t<p style=\"text-align: center;\"><span id=\"miro-copy-source--doc\"><\/span>Avec du bois massif, des d\u00e9tails intemporels et des mat\u00e9riaux qui vieillissent avec \u00e9l\u00e9gance, nous construisons des cuisines qui durent. Vraiment.<\/p>\n\t\t\t\t\t\t\t\t<\/div>\n\t\t\t\t<\/div>\n\t\t\t\t\t<\/div>\n\t\t\t\t<\/div>\n\t\t<div class=\"elementor-element elementor-element-3479a6a8 e-flex e-con-boxed e-con e-parent\" data-id=\"3479a6a8\" data-element_type=\"container\" data-e-type=\"container\">\n\t\t\t\t\t<div class=\"e-con-inner\">\n\t\t<div class=\"elementor-element elementor-element-4afafec2 e-con-full e-flex e-con e-child\" data-id=\"4afafec2\" data-element_type=\"container\" data-e-type=\"container\" data-settings=\"{&quot;background_background&quot;:&quot;classic&quot;}\">\n\t\t\t\t<div class=\"elementor-element elementor-element-44f911c9 elementor-widget elementor-widget-heading\" data-id=\"44f911c9\" data-element_type=\"widget\" data-e-type=\"widget\" data-widget_type=\"heading.default\">\n\t\t\t\t<div class=\"elementor-widget-container\">\n\t\t\t\t\t<h2 class=\"elementor-heading-title elementor-size-default\">Durabilit\u00e9 p\u00e5 riktigt<\/h2>\t\t\t\t<\/div>\n\t\t\t\t<\/div>\n\t\t\t\t<div class=\"elementor-element elementor-element-67fe6fd3 elementor-widget elementor-widget-text-editor\" data-id=\"67fe6fd3\" data-element_type=\"widget\" data-e-type=\"widget\" data-widget_type=\"text-editor.default\">\n\t\t\t\t<div class=\"elementor-widget-container\">\n\t\t\t\t\t\t\t\t\t<p>Sn\u00eak livre des cuisines et des am\u00e9nagements personnalis\u00e9s de la plus haute qualit\u00e9 et d&rsquo;une grande durabilit\u00e9, ce qui nous donne bonne conscience, \u00e0 nous comme \u00e0 nos clients.<\/p><p>Sedan starten 2019 anv\u00e4nder vi massivt tr\u00e4 i v\u00e5r produktion i T\u00f6refors.<\/p><p>Sn\u00eaks arbete pour h\u00e5llbarhet innefdear hela v\u00e5r verksamhet, allt de val av samarbetspartners, produktion till leveranser. Fr\u00e5n poursta kundkontakt dokumenteras allt et tous priser visas under designprocessen, helt transparent.<\/p><p>K\u00f6k et inredningar produceras av Sn\u00eak avec hj\u00e4lp av v\u00e5r unika digitala pldeform pour design et dokumentation som s\u00e4tter v\u00e5ra kunders behov et kvalitetss\u00e4kring i fr\u00e4msta rummet. Pldeformen, som vi sj\u00e4lva \u00e4ger, anv\u00e4nds pour kommunikation, design et produktion et skapar o\u00e4ndliga m\u00f6jligheter pour v\u00e5ra kunder samt minimerar spill et utsl\u00e4pp de produktionen.<\/p><p>Allt vi producerar sker i \u00f6verenskommelse i anslutning till leverans avec kundens unika m\u00e5tt et design.<\/p><p>Hos Sn\u00eak produceras allting enligt \u00f6verenskommelse et i anslutning till leverans, avec kundens unika m\u00e5tt et design \u2013 inget prefabriceras!<\/p>\n\t\t\t\t\t\t\t\t<\/div>\n\t\t\t\t<\/div>\n\t\t\t\t<\/div>\n\t\t<div class=\"elementor-element elementor-element-2bb7f3af e-con-full e-flex e-con e-child\" data-id=\"2bb7f3af\" data-element_type=\"container\" data-e-type=\"container\" data-settings=\"{&quot;background_background&quot;:&quot;classic&quot;}\">\n\t\t\t\t<div class=\"elementor-element elementor-element-72ab51ba elementor-widget elementor-widget-spacer\" data-id=\"72ab51ba\" data-element_type=\"widget\" data-e-type=\"widget\" data-widget_type=\"spacer.default\">\n\t\t\t\t<div class=\"elementor-widget-container\">\n\t\t\t\t\t\t\t<div class=\"elementor-spacer\">\n\t\t\t<div class=\"elementor-spacer-inner\"><\/div>\n\t\t<\/div>\n\t\t\t\t\t\t<\/div>\n\t\t\t\t<\/div>\n\t\t\t\t<\/div>\n\t\t\t\t\t<\/div>\n\t\t\t\t<\/div>\n\t\t<div class=\"elementor-element elementor-element-970f55a e-flex e-con-boxed e-con e-parent\" data-id=\"970f55a\" data-element_type=\"container\" data-e-type=\"container\">\n\t\t\t\t\t<div class=\"e-con-inner\">\n\t\t\t\t<div class=\"elementor-element elementor-element-f2d5e48 elementor-widget elementor-widget-heading\" data-id=\"f2d5e48\" data-element_type=\"widget\" data-e-type=\"widget\" data-widget_type=\"heading.default\">\n\t\t\t\t<div class=\"elementor-widget-container\">\n\t\t\t\t\t<h3 class=\"elementor-heading-title elementor-size-default\">Des choix r\u00e9fl\u00e9chis \u2013 tout au long du chemi<\/h3>\t\t\t\t<\/div>\n\t\t\t\t<\/div>\n\t\t\t\t<div class=\"elementor-element elementor-element-e547a73 elementor-widget__width-initial elementor-widget elementor-widget-text-editor\" data-id=\"e547a73\" data-element_type=\"widget\" data-e-type=\"widget\" data-widget_type=\"text-editor.default\">\n\t\t\t\t<div class=\"elementor-widget-container\">\n\t\t\t\t\t\t\t\t\t<p>Sn\u00eak ach\u00e8te des produits aupr\u00e8s de partenaires qui assument une responsabilit\u00e9 active en mati\u00e8re de durabilit\u00e9 et d&rsquo;environnement. Les mati\u00e8res premi\u00e8res en bois que nous achetons sont produites conform\u00e9ment aux directives de l&rsquo;UE pour une sylviculture durable.<\/p><p>Boisspill anv\u00e4nds pour produktion av tr\u00e4pellets som vi sedan k\u00f6per tillbaka pour de tillsammans avec n\u00e4rv\u00e4rme anv\u00e4nds pour de v\u00e4rma v\u00e5r produktionsanl\u00e4ggning.<\/p><p>V\u00e5rt arbetss\u00e4tt minskar behovet av resor drastiskt, d\u00e5 kundm\u00f6ten i stor utstr\u00e4ckning sker digitalt. Resor som beh\u00f6ver g\u00f6ras sker p\u00e5 ett s\u00e4tt som minimerar utsl\u00e4pp. Livraison till kund sker i samarbete avec BDX, som tar ansvar pour de minska klimatavtrycket av sina transporter.<\/p>\n\t\t\t\t\t\t\t\t<\/div>\n\t\t\t\t<\/div>\n\t\t\t\t\t<\/div>\n\t\t\t\t<\/div>\n\t\t<div class=\"elementor-element elementor-element-ddc04ce e-flex e-con-boxed e-con e-parent\" data-id=\"ddc04ce\" data-element_type=\"container\" data-e-type=\"container\">\n\t\t\t\t\t<div class=\"e-con-inner\">\n\t\t<div class=\"elementor-element elementor-element-a163cb0 e-con-full e-flex e-con e-child\" data-id=\"a163cb0\" data-element_type=\"container\" data-e-type=\"container\" data-settings=\"{&quot;background_background&quot;:&quot;classic&quot;}\">\n\t\t\t\t<div class=\"elementor-element elementor-element-8e49bfe elementor-widget elementor-widget-heading\" data-id=\"8e49bfe\" data-element_type=\"widget\" data-e-type=\"widget\" data-widget_type=\"heading.default\">\n\t\t\t\t<div class=\"elementor-widget-container\">\n\t\t\t\t\t<h4 class=\"elementor-heading-title elementor-size-default\">Plockhugget<\/h4>\t\t\t\t<\/div>\n\t\t\t\t<\/div>\n\t\t\t\t<div class=\"elementor-element elementor-element-67e9d09 elementor-widget elementor-widget-text-editor\" data-id=\"67e9d09\" data-element_type=\"widget\" data-e-type=\"widget\" data-widget_type=\"text-editor.default\">\n\t\t\t\t<div class=\"elementor-widget-container\">\n\t\t\t\t\t\t\t\t\t<p>Notre collaboration avec Plockhugget est une fa\u00e7on pour nous de prendre activement soin des for\u00eats su\u00e9doises \u2013 aujourd&rsquo;hui et demain. La collaboration signifie que nous livrons tout avec un certificat de mati\u00e8re premi\u00e8re sans coupe rase.<\/p>\n\t\t\t\t\t\t\t\t<\/div>\n\t\t\t\t<\/div>\n\t\t\t\t<div class=\"elementor-element elementor-element-b6666b6 elementor-widget elementor-widget-html\" data-id=\"b6666b6\" data-element_type=\"widget\" data-e-type=\"widget\" data-widget_type=\"html.default\">\n\t\t\t\t<div class=\"elementor-widget-container\">\n\t\t\t\t\t<a href=\"https:\/\/plockhugget.se\/\">    <button class=\"bracket-button-w\">    Plockhugget.se\n    <\/button><\/a>\t\t\t\t<\/div>\n\t\t\t\t<\/div>\n\t\t\t\t<div class=\"elementor-element elementor-element-a153227 elementor-widget elementor-widget-html\" data-id=\"a153227\" data-element_type=\"widget\" data-e-type=\"widget\" data-widget_type=\"html.default\">\n\t\t\t\t<div class=\"elementor-widget-container\">\n\t\t\t\t\t<a href=\"https:\/\/www.snek.se\/plockhugget\/\">    <button class=\"bracket-button-w\">        En savoir plus\n    <\/button><\/a>\t\t\t\t<\/div>\n\t\t\t\t<\/div>\n\t\t\t\t<\/div>\n\t\t<div class=\"elementor-element elementor-element-55fb7b7 e-con-full e-flex e-con e-child\" data-id=\"55fb7b7\" data-element_type=\"container\" data-e-type=\"container\" data-settings=\"{&quot;background_background&quot;:&quot;classic&quot;}\">\n\t\t\t\t<div class=\"elementor-element elementor-element-db3bb3d elementor-widget elementor-widget-spacer\" data-id=\"db3bb3d\" data-element_type=\"widget\" data-e-type=\"widget\" data-widget_type=\"spacer.default\">\n\t\t\t\t<div class=\"elementor-widget-container\">\n\t\t\t\t\t\t\t<div class=\"elementor-spacer\">\n\t\t\t<div class=\"elementor-spacer-inner\"><\/div>\n\t\t<\/div>\n\t\t\t\t\t\t<\/div>\n\t\t\t\t<\/div>\n\t\t\t\t<\/div>\n\t\t\t\t\t<\/div>\n\t\t\t\t<\/div>\n\t\t\t\t<\/div>\n\t\t","protected":false},"excerpt":{"rendered":"<p>Durabilit\u00e9 Cuisines artisanales du Norrbotten s\u00e4ger vi, men vad inneb\u00e4r d\u00e5 det utifr\u00e5n ett h\u00e5llbarhetsperspektiv och vad inneb\u00e4r det f\u00f6r v\u00e5ra kunder? Med massivt tr\u00e4, tidl\u00f6sa detaljer och material som f\u00e5r \u00e5ldras vackert bygger vi k\u00f6k som h\u00e5ller. P\u00e5 riktigt. Durabilit\u00e9 p\u00e5 riktigt Sn\u00eak levererar kundanpassade k\u00f6k och inredningar av h\u00f6gsta kvalitet och l\u00e5ng h\u00e5llbarhet [&hellip;]<\/p>\n","protected":false},"author":0,"featured_media":145029,"parent":0,"menu_order":0,"comment_status":"closed","ping_status":"closed","template":"elementor_canvas","meta":{"_acf_changed":false,"footnotes":""},"class_list":["post-154059","page","type-page","status-publish","has-post-thumbnail","hentry"],"acf":[],"yoast_head":"<!-- This site is optimized with the Yoast SEO plugin v27.3 - https:\/\/yoast.com\/product\/yoast-seo-wordpress\/ -->\n<title>Durabilit\u00e9 | Sn\u00eak<\/title>\n<meta name=\"description\" content=\"Vi bygger k\u00f6k i massivt tr\u00e4 med h\u00e5llbara material och genomt\u00e4nkta val. Certifierad tr\u00e4vara genom Plockhugget.\" \/>\n<meta name=\"robots\" content=\"index, follow, max-snippet:-1, max-image-preview:large, max-video-preview:-1\" \/>\n<link rel=\"canonical\" href=\"https:\/\/www.snek.se\/fr\/durabilite\/\" \/>\n<meta property=\"og:locale\" content=\"fr_FR\" \/>\n<meta property=\"og:type\" content=\"article\" \/>\n<meta property=\"og:title\" content=\"Durabilit\u00e9 | Sn\u00eak\" \/>\n<meta property=\"og:description\" content=\"Vi bygger k\u00f6k i massivt tr\u00e4 med h\u00e5llbara material och genomt\u00e4nkta val. Certifierad tr\u00e4vara genom Plockhugget.\" \/>\n<meta property=\"og:url\" content=\"https:\/\/www.snek.se\/fr\/durabilite\/\" \/>\n<meta property=\"og:site_name\" content=\"Sn\u00eak\" \/>\n<meta property=\"article:publisher\" content=\"https:\/\/www.facebook.com\/snekkitchens\/\" \/>\n<meta property=\"article:modified_time\" content=\"2026-04-09T04:59:41+00:00\" \/>\n<meta property=\"og:image\" content=\"https:\/\/www.snek.se\/wp-content\/uploads\/2025\/07\/DSC6018.jpg\" \/>\n\t<meta property=\"og:image:width\" content=\"1366\" \/>\n\t<meta property=\"og:image:height\" content=\"2048\" \/>\n\t<meta property=\"og:image:type\" content=\"image\/jpeg\" \/>\n<meta name=\"twitter:card\" content=\"summary_large_image\" \/>\n<meta name=\"twitter:label1\" content=\"Dur\u00e9e de lecture estim\u00e9e\" \/>\n\t<meta name=\"twitter:data1\" content=\"2 minutes\" \/>\n<script type=\"application\/ld+json\" class=\"yoast-schema-graph\">{\"@context\":\"https:\\\/\\\/schema.org\",\"@graph\":[{\"@type\":\"WebPage\",\"@id\":\"https:\\\/\\\/www.snek.se\\\/fr\\\/durabilite\\\/\",\"url\":\"https:\\\/\\\/www.snek.se\\\/fr\\\/durabilite\\\/\",\"name\":\"Durabilit\u00e9 | Sn\u00eak\",\"isPartOf\":{\"@id\":\"https:\\\/\\\/www.snek.se\\\/fr\\\/#website\"},\"primaryImageOfPage\":{\"@id\":\"https:\\\/\\\/www.snek.se\\\/fr\\\/durabilite\\\/#primaryimage\"},\"image\":{\"@id\":\"https:\\\/\\\/www.snek.se\\\/fr\\\/durabilite\\\/#primaryimage\"},\"thumbnailUrl\":\"https:\\\/\\\/www.snek.se\\\/wp-content\\\/uploads\\\/2025\\\/07\\\/DSC6018.jpg\",\"datePublished\":\"2026-04-08T15:48:53+00:00\",\"dateModified\":\"2026-04-09T04:59:41+00:00\",\"description\":\"Vi bygger k\u00f6k i massivt tr\u00e4 med h\u00e5llbara material och genomt\u00e4nkta val. Certifierad tr\u00e4vara genom Plockhugget.\",\"breadcrumb\":{\"@id\":\"https:\\\/\\\/www.snek.se\\\/fr\\\/durabilite\\\/#breadcrumb\"},\"inLanguage\":\"fr-FR\",\"potentialAction\":[{\"@type\":\"ReadAction\",\"target\":[\"https:\\\/\\\/www.snek.se\\\/fr\\\/durabilite\\\/\"]}]},{\"@type\":\"ImageObject\",\"inLanguage\":\"fr-FR\",\"@id\":\"https:\\\/\\\/www.snek.se\\\/fr\\\/durabilite\\\/#primaryimage\",\"url\":\"https:\\\/\\\/www.snek.se\\\/wp-content\\\/uploads\\\/2025\\\/07\\\/DSC6018.jpg\",\"contentUrl\":\"https:\\\/\\\/www.snek.se\\\/wp-content\\\/uploads\\\/2025\\\/07\\\/DSC6018.jpg\",\"width\":1366,\"height\":2048},{\"@type\":\"BreadcrumbList\",\"@id\":\"https:\\\/\\\/www.snek.se\\\/fr\\\/durabilite\\\/#breadcrumb\",\"itemListElement\":[{\"@type\":\"ListItem\",\"position\":1,\"name\":\"Hem\",\"item\":\"https:\\\/\\\/www.snek.se\\\/fr\\\/\"},{\"@type\":\"ListItem\",\"position\":2,\"name\":\"Durabilit\u00e9\"}]},{\"@type\":\"WebSite\",\"@id\":\"https:\\\/\\\/www.snek.se\\\/fr\\\/#website\",\"url\":\"https:\\\/\\\/www.snek.se\\\/fr\\\/\",\"name\":\"Sn\u00eak\",\"description\":\"Cuisines artisanales du Norrbotten\",\"publisher\":{\"@id\":\"https:\\\/\\\/www.snek.se\\\/fr\\\/#organization\"},\"potentialAction\":[{\"@type\":\"SearchAction\",\"target\":{\"@type\":\"EntryPoint\",\"urlTemplate\":\"https:\\\/\\\/www.snek.se\\\/fr\\\/?s={search_term_string}\"},\"query-input\":{\"@type\":\"PropertyValueSpecification\",\"valueRequired\":true,\"valueName\":\"search_term_string\"}}],\"inLanguage\":\"fr-FR\"},{\"@type\":\"Organization\",\"@id\":\"https:\\\/\\\/www.snek.se\\\/fr\\\/#organization\",\"name\":\"Sn\u00eak\",\"url\":\"https:\\\/\\\/www.snek.se\\\/fr\\\/\",\"logo\":{\"@type\":\"ImageObject\",\"inLanguage\":\"fr-FR\",\"@id\":\"https:\\\/\\\/www.snek.se\\\/fr\\\/#\\\/schema\\\/logo\\\/image\\\/\",\"url\":\"https:\\\/\\\/www.snek.se\\\/wp-content\\\/uploads\\\/2026\\\/01\\\/snek-logotyp-insta-scaled.jpg\",\"contentUrl\":\"https:\\\/\\\/www.snek.se\\\/wp-content\\\/uploads\\\/2026\\\/01\\\/snek-logotyp-insta-scaled.jpg\",\"width\":2560,\"height\":2560,\"caption\":\"Sn\u00eak\"},\"image\":{\"@id\":\"https:\\\/\\\/www.snek.se\\\/fr\\\/#\\\/schema\\\/logo\\\/image\\\/\"},\"sameAs\":[\"https:\\\/\\\/www.facebook.com\\\/snekkitchens\\\/\",\"https:\\\/\\\/www.instagram.com\\\/snek.kok\\\/\",\"https:\\\/\\\/www.linkedin.com\\\/company\\\/snek-kok\\\/\",\"https:\\\/\\\/se.pinterest.com\\\/SnekKitchens\\\/\",\"https:\\\/\\\/www.youtube.com\\\/channel\\\/UCT9DWn-4DMpKHHqbRXV4bZQ\\\/\"]}]}<\/script>\n<!-- \/ Yoast SEO plugin. -->","yoast_head_json":{"title":"Durabilit\u00e9 | Sn\u00eak","description":"Vi bygger k\u00f6k i massivt tr\u00e4 med h\u00e5llbara material och genomt\u00e4nkta val. Certifierad tr\u00e4vara genom Plockhugget.","robots":{"index":"index","follow":"follow","max-snippet":"max-snippet:-1","max-image-preview":"max-image-preview:large","max-video-preview":"max-video-preview:-1"},"canonical":"https:\/\/www.snek.se\/fr\/durabilite\/","og_locale":"fr_FR","og_type":"article","og_title":"Durabilit\u00e9 | Sn\u00eak","og_description":"Vi bygger k\u00f6k i massivt tr\u00e4 med h\u00e5llbara material och genomt\u00e4nkta val. Certifierad tr\u00e4vara genom Plockhugget.","og_url":"https:\/\/www.snek.se\/fr\/durabilite\/","og_site_name":"Sn\u00eak","article_publisher":"https:\/\/www.facebook.com\/snekkitchens\/","article_modified_time":"2026-04-09T04:59:41+00:00","og_image":[{"width":1366,"height":2048,"url":"https:\/\/www.snek.se\/wp-content\/uploads\/2025\/07\/DSC6018.jpg","type":"image\/jpeg"}],"twitter_card":"summary_large_image","twitter_misc":{"Dur\u00e9e de lecture estim\u00e9e":"2 minutes"},"schema":{"@context":"https:\/\/schema.org","@graph":[{"@type":"WebPage","@id":"https:\/\/www.snek.se\/fr\/durabilite\/","url":"https:\/\/www.snek.se\/fr\/durabilite\/","name":"Durabilit\u00e9 | Sn\u00eak","isPartOf":{"@id":"https:\/\/www.snek.se\/fr\/#website"},"primaryImageOfPage":{"@id":"https:\/\/www.snek.se\/fr\/durabilite\/#primaryimage"},"image":{"@id":"https:\/\/www.snek.se\/fr\/durabilite\/#primaryimage"},"thumbnailUrl":"https:\/\/www.snek.se\/wp-content\/uploads\/2025\/07\/DSC6018.jpg","datePublished":"2026-04-08T15:48:53+00:00","dateModified":"2026-04-09T04:59:41+00:00","description":"Vi bygger k\u00f6k i massivt tr\u00e4 med h\u00e5llbara material och genomt\u00e4nkta val. Certifierad tr\u00e4vara genom Plockhugget.","breadcrumb":{"@id":"https:\/\/www.snek.se\/fr\/durabilite\/#breadcrumb"},"inLanguage":"fr-FR","potentialAction":[{"@type":"ReadAction","target":["https:\/\/www.snek.se\/fr\/durabilite\/"]}]},{"@type":"ImageObject","inLanguage":"fr-FR","@id":"https:\/\/www.snek.se\/fr\/durabilite\/#primaryimage","url":"https:\/\/www.snek.se\/wp-content\/uploads\/2025\/07\/DSC6018.jpg","contentUrl":"https:\/\/www.snek.se\/wp-content\/uploads\/2025\/07\/DSC6018.jpg","width":1366,"height":2048},{"@type":"BreadcrumbList","@id":"https:\/\/www.snek.se\/fr\/durabilite\/#breadcrumb","itemListElement":[{"@type":"ListItem","position":1,"name":"Hem","item":"https:\/\/www.snek.se\/fr\/"},{"@type":"ListItem","position":2,"name":"Durabilit\u00e9"}]},{"@type":"WebSite","@id":"https:\/\/www.snek.se\/fr\/#website","url":"https:\/\/www.snek.se\/fr\/","name":"Sn\u00eak","description":"Cuisines artisanales du Norrbotten","publisher":{"@id":"https:\/\/www.snek.se\/fr\/#organization"},"potentialAction":[{"@type":"SearchAction","target":{"@type":"EntryPoint","urlTemplate":"https:\/\/www.snek.se\/fr\/?s={search_term_string}"},"query-input":{"@type":"PropertyValueSpecification","valueRequired":true,"valueName":"search_term_string"}}],"inLanguage":"fr-FR"},{"@type":"Organization","@id":"https:\/\/www.snek.se\/fr\/#organization","name":"Sn\u00eak","url":"https:\/\/www.snek.se\/fr\/","logo":{"@type":"ImageObject","inLanguage":"fr-FR","@id":"https:\/\/www.snek.se\/fr\/#\/schema\/logo\/image\/","url":"https:\/\/www.snek.se\/wp-content\/uploads\/2026\/01\/snek-logotyp-insta-scaled.jpg","contentUrl":"https:\/\/www.snek.se\/wp-content\/uploads\/2026\/01\/snek-logotyp-insta-scaled.jpg","width":2560,"height":2560,"caption":"Sn\u00eak"},"image":{"@id":"https:\/\/www.snek.se\/fr\/#\/schema\/logo\/image\/"},"sameAs":["https:\/\/www.facebook.com\/snekkitchens\/","https:\/\/www.instagram.com\/snek.kok\/","https:\/\/www.linkedin.com\/company\/snek-kok\/","https:\/\/se.pinterest.com\/SnekKitchens\/","https:\/\/www.youtube.com\/channel\/UCT9DWn-4DMpKHHqbRXV4bZQ\/"]}]}},"_links":{"self":[{"href":"https:\/\/www.snek.se\/fr\/wp-json\/wp\/v2\/pages\/154059","targetHints":{"allow":["GET"]}}],"collection":[{"href":"https:\/\/www.snek.se\/fr\/wp-json\/wp\/v2\/pages"}],"about":[{"href":"https:\/\/www.snek.se\/fr\/wp-json\/wp\/v2\/types\/page"}],"replies":[{"embeddable":true,"href":"https:\/\/www.snek.se\/fr\/wp-json\/wp\/v2\/comments?post=154059"}],"version-history":[{"count":4,"href":"https:\/\/www.snek.se\/fr\/wp-json\/wp\/v2\/pages\/154059\/revisions"}],"predecessor-version":[{"id":155548,"href":"https:\/\/www.snek.se\/fr\/wp-json\/wp\/v2\/pages\/154059\/revisions\/155548"}],"wp:featuredmedia":[{"embeddable":true,"href":"https:\/\/www.snek.se\/fr\/wp-json\/wp\/v2\/media\/145029"}],"wp:attachment":[{"href":"https:\/\/www.snek.se\/fr\/wp-json\/wp\/v2\/media?parent=154059"}],"curies":[{"name":"wp","href":"https:\/\/api.w.org\/{rel}","templated":true}]}}