{"id":154051,"date":"2026-04-08T17:48:52","date_gmt":"2026-04-08T15:48:52","guid":{"rendered":"https:\/\/www.snek.se\/financement\/"},"modified":"2026-04-08T17:48:52","modified_gmt":"2026-04-08T15:48:52","slug":"financement","status":"publish","type":"page","link":"https:\/\/www.snek.se\/fr\/financement\/","title":{"rendered":"Financement"},"content":{"rendered":"<h2>Financez votre cuisine avec LF Finans<\/h2>\n<p>\t\tVous r\u00eavez d&rsquo;une nouvelle cuisine mais souhaitez \u00e9chelonner le paiement ?\t\t<\/p>\n<h2>Financement<\/h2>\n<p>Nous offrons un\u00a0<strong data-start=\"230\" data-end=\"262\">financement simple et flexible via LF Finans<\/strong>, s\u00e5 att du kan f\u00f6rverkliga ditt k\u00f6k utan att betala allt p\u00e5 en g\u00e5ng.<\/p>\n<p data-start=\"436\" data-end=\"666\">F\u00f6r att ans\u00f6ka om finansiering bokar du ett planeringsm\u00f6te med oss. Under m\u00f6tet g\u00e5r vi igenom ditt k\u00f6ksprojekt och hj\u00e4lper dig med ans\u00f6kan. N\u00e4r finansieringen \u00e4r godk\u00e4nd kan du best\u00e4lla ditt k\u00f6k.<\/p>\n<p data-start=\"668\" data-end=\"814\">Med finansiering via oss och LF Finans kan du delbetala p\u00e5 dina villkor, utan r\u00e4nta eller dolda avgifter, s\u00e5 l\u00e4nge du f\u00f6ljer betalningsplanen.<\/p>\n<p>\t\t\t\t\t<a href=\"https:\/\/www.lffinans.se\/\" style=\"text-decoration: none\"><br \/>\n    <button><br \/>\n        Till LF finans<br \/>\n    <\/button><br \/>\n<\/a>\t\t\t\t<\/p>\n<h2>Vous avez des questions ?<\/h2>\n<p>Contactez-nous pour en savoir plus.<\/p>\n<p>\t\t\t\t\t<button type=\"button\" style=\"font-size:16px;\"class=\"bracket-button\">Skicka meddelande<\/button><br \/>\n\t\t<svg role=\"img\" aria-label=\"Observera!\" focusable=\"false\" version=\"1.1\" id=\"Lager_1\" xmlns=\"http:\/\/www.w3.org\/2000\/svg\" xmlns:xlink=\"http:\/\/www.w3.org\/1999\/xlink\" x=\"0px\" y=\"0px\" viewBox=\"0 0 1200 1200\" style=\"enable-background:new 0 0 1200 1200;\" xml:space=\"preserve\"><\/p>\n<style type=\"text\/css\">\n\t\t\t\t.st0{fill:#AA1E1E;}\n\t\t\t<\/style>\n<p>\t\t\t<g>\n\t\t\t\t<path d=\"M1176.1,1022.2L652.2,114.7c-10.8-18.7-30.8-30.2-52.4-30.2s-41.6,11.5-52.4,30.2L23.5,1022.2\n\t\t\t\t\tc-10.8,18.7-10.8,41.8,0,60.5c10.8,18.7,30.8,30.2,52.4,30.2h1047.9c21.6,0,41.6-11.5,52.4-30.2\n\t\t\t\t\tC1186.9,1063.9,1186.9,1040.9,1176.1,1022.2z M180.7,991.9l419.1-726l419.1,726H180.7z\"><\/path>\n\t\t\t\t<path d=\"M642.7,836.1c-11.5-10.2-25.7-15.3-42.9-15.3c-17.1,0-31.4,5.1-42.9,15.3c-11.5,10.2-17.2,23.2-17.2,39\n\t\t\t\t\tc0,15.8,5.7,28.8,17.2,39c11.4,10.2,25.7,15.3,42.9,15.3c17.1,0,31.4-5.1,42.9-15.3c11.4-10.2,17.2-23.2,17.2-39\n\t\t\t\t\tC659.8,859.2,654.1,846.2,642.7,836.1z\"><\/path>\n\t\t\t\t<polygon points=\"556.8,775.6 644.4,775.6 658.2,456.1 543,456.1 \t\"><\/polygon>\n\t\t\t<\/g>\n\t\t<\/svg><\/p>\n<p style=\"margin: 0px; text-align: left;\"><strong>Att l\u00e5na kostar pengar!<\/strong><br \/>Om du inte kan betala tillbaka skulden i tid riskerar du en betalningsanm\u00e4rkning. Det kan leda till sv\u00e5righeter att f\u00e5 hyra bostad, teckna abonnemang och f\u00e5 nya l\u00e5n. F\u00f6r st\u00f6d, v\u00e4nd dig till budget- och skuldr\u00e5dgivningen i din kommun. Kontaktuppgifter finns p\u00e5 <a href=\"https:\/\/www.konsumentverket.se\/\" title=\"L\u00e4nk till extern webbplats, \u00f6ppnas i ett nytt f\u00f6nster.\" target=\"_blank\">konsumentverket.se<\/a>.<\/p>\n","protected":false},"excerpt":{"rendered":"<p>Financez votre cuisine avec LF Finans Vous r\u00eavez d&rsquo;une nouvelle cuisine mais souhaitez \u00e9chelonner le paiement ? Financement Nous offrons un\u00a0financement simple et flexible via LF Finans, s\u00e5 att du kan f\u00f6rverkliga ditt k\u00f6k utan att betala allt p\u00e5 en g\u00e5ng. F\u00f6r att ans\u00f6ka om finansiering bokar du ett planeringsm\u00f6te med oss. Under m\u00f6tet g\u00e5r [&hellip;]<\/p>\n","protected":false},"author":0,"featured_media":0,"parent":0,"menu_order":0,"comment_status":"closed","ping_status":"closed","template":"elementor_canvas","meta":{"_acf_changed":false,"footnotes":""},"class_list":["post-154051","page","type-page","status-publish","hentry"],"acf":[],"yoast_head":"<!-- This site is optimized with the Yoast SEO plugin v27.3 - https:\/\/yoast.com\/product\/yoast-seo-wordpress\/ -->\n<title>Financement | Sn\u00eak<\/title>\n<meta name=\"description\" content=\"Financez votre cuisine avec LF Finans. Smidig och flexibel delbetalning s\u00e5 du kan f\u00f6rverkliga ditt dr\u00f6mk\u00f6k.\" \/>\n<meta name=\"robots\" content=\"index, follow, max-snippet:-1, max-image-preview:large, max-video-preview:-1\" \/>\n<link rel=\"canonical\" href=\"https:\/\/www.snek.se\/fr\/financement\/\" \/>\n<meta property=\"og:locale\" content=\"fr_FR\" \/>\n<meta property=\"og:type\" content=\"article\" \/>\n<meta property=\"og:title\" content=\"Financement | Sn\u00eak\" \/>\n<meta property=\"og:description\" content=\"Financez votre cuisine avec LF Finans. Smidig och flexibel delbetalning s\u00e5 du kan f\u00f6rverkliga ditt dr\u00f6mk\u00f6k.\" \/>\n<meta property=\"og:url\" content=\"https:\/\/www.snek.se\/fr\/financement\/\" \/>\n<meta property=\"og:site_name\" content=\"Sn\u00eak\" \/>\n<meta property=\"article:publisher\" content=\"https:\/\/www.facebook.com\/snekkitchens\/\" \/>\n<meta name=\"twitter:card\" content=\"summary_large_image\" \/>\n<meta name=\"twitter:label1\" content=\"Dur\u00e9e de lecture estim\u00e9e\" \/>\n\t<meta name=\"twitter:data1\" content=\"1 minute\" \/>\n<script type=\"application\/ld+json\" class=\"yoast-schema-graph\">{\"@context\":\"https:\\\/\\\/schema.org\",\"@graph\":[{\"@type\":\"WebPage\",\"@id\":\"https:\\\/\\\/www.snek.se\\\/fr\\\/financement\\\/\",\"url\":\"https:\\\/\\\/www.snek.se\\\/fr\\\/financement\\\/\",\"name\":\"Financement | Sn\u00eak\",\"isPartOf\":{\"@id\":\"https:\\\/\\\/www.snek.se\\\/fr\\\/#website\"},\"datePublished\":\"2026-04-08T15:48:52+00:00\",\"description\":\"Financez votre cuisine avec LF Finans. Smidig och flexibel delbetalning s\u00e5 du kan f\u00f6rverkliga ditt dr\u00f6mk\u00f6k.\",\"breadcrumb\":{\"@id\":\"https:\\\/\\\/www.snek.se\\\/fr\\\/financement\\\/#breadcrumb\"},\"inLanguage\":\"fr-FR\",\"potentialAction\":[{\"@type\":\"ReadAction\",\"target\":[\"https:\\\/\\\/www.snek.se\\\/fr\\\/financement\\\/\"]}]},{\"@type\":\"BreadcrumbList\",\"@id\":\"https:\\\/\\\/www.snek.se\\\/fr\\\/financement\\\/#breadcrumb\",\"itemListElement\":[{\"@type\":\"ListItem\",\"position\":1,\"name\":\"Hem\",\"item\":\"https:\\\/\\\/www.snek.se\\\/fr\\\/\"},{\"@type\":\"ListItem\",\"position\":2,\"name\":\"Financement\"}]},{\"@type\":\"WebSite\",\"@id\":\"https:\\\/\\\/www.snek.se\\\/fr\\\/#website\",\"url\":\"https:\\\/\\\/www.snek.se\\\/fr\\\/\",\"name\":\"Sn\u00eak\",\"description\":\"Cuisines artisanales du Norrbotten\",\"publisher\":{\"@id\":\"https:\\\/\\\/www.snek.se\\\/fr\\\/#organization\"},\"potentialAction\":[{\"@type\":\"SearchAction\",\"target\":{\"@type\":\"EntryPoint\",\"urlTemplate\":\"https:\\\/\\\/www.snek.se\\\/fr\\\/?s={search_term_string}\"},\"query-input\":{\"@type\":\"PropertyValueSpecification\",\"valueRequired\":true,\"valueName\":\"search_term_string\"}}],\"inLanguage\":\"fr-FR\"},{\"@type\":\"Organization\",\"@id\":\"https:\\\/\\\/www.snek.se\\\/fr\\\/#organization\",\"name\":\"Sn\u00eak\",\"url\":\"https:\\\/\\\/www.snek.se\\\/fr\\\/\",\"logo\":{\"@type\":\"ImageObject\",\"inLanguage\":\"fr-FR\",\"@id\":\"https:\\\/\\\/www.snek.se\\\/fr\\\/#\\\/schema\\\/logo\\\/image\\\/\",\"url\":\"https:\\\/\\\/www.snek.se\\\/wp-content\\\/uploads\\\/2026\\\/01\\\/snek-logotyp-insta-scaled.jpg\",\"contentUrl\":\"https:\\\/\\\/www.snek.se\\\/wp-content\\\/uploads\\\/2026\\\/01\\\/snek-logotyp-insta-scaled.jpg\",\"width\":2560,\"height\":2560,\"caption\":\"Sn\u00eak\"},\"image\":{\"@id\":\"https:\\\/\\\/www.snek.se\\\/fr\\\/#\\\/schema\\\/logo\\\/image\\\/\"},\"sameAs\":[\"https:\\\/\\\/www.facebook.com\\\/snekkitchens\\\/\",\"https:\\\/\\\/www.instagram.com\\\/snek.kok\\\/\",\"https:\\\/\\\/www.linkedin.com\\\/company\\\/snek-kok\\\/\",\"https:\\\/\\\/se.pinterest.com\\\/SnekKitchens\\\/\",\"https:\\\/\\\/www.youtube.com\\\/channel\\\/UCT9DWn-4DMpKHHqbRXV4bZQ\\\/\"]}]}<\/script>\n<!-- \/ Yoast SEO plugin. -->","yoast_head_json":{"title":"Financement | Sn\u00eak","description":"Financez votre cuisine avec LF Finans. Smidig och flexibel delbetalning s\u00e5 du kan f\u00f6rverkliga ditt dr\u00f6mk\u00f6k.","robots":{"index":"index","follow":"follow","max-snippet":"max-snippet:-1","max-image-preview":"max-image-preview:large","max-video-preview":"max-video-preview:-1"},"canonical":"https:\/\/www.snek.se\/fr\/financement\/","og_locale":"fr_FR","og_type":"article","og_title":"Financement | Sn\u00eak","og_description":"Financez votre cuisine avec LF Finans. Smidig och flexibel delbetalning s\u00e5 du kan f\u00f6rverkliga ditt dr\u00f6mk\u00f6k.","og_url":"https:\/\/www.snek.se\/fr\/financement\/","og_site_name":"Sn\u00eak","article_publisher":"https:\/\/www.facebook.com\/snekkitchens\/","twitter_card":"summary_large_image","twitter_misc":{"Dur\u00e9e de lecture estim\u00e9e":"1 minute"},"schema":{"@context":"https:\/\/schema.org","@graph":[{"@type":"WebPage","@id":"https:\/\/www.snek.se\/fr\/financement\/","url":"https:\/\/www.snek.se\/fr\/financement\/","name":"Financement | Sn\u00eak","isPartOf":{"@id":"https:\/\/www.snek.se\/fr\/#website"},"datePublished":"2026-04-08T15:48:52+00:00","description":"Financez votre cuisine avec LF Finans. Smidig och flexibel delbetalning s\u00e5 du kan f\u00f6rverkliga ditt dr\u00f6mk\u00f6k.","breadcrumb":{"@id":"https:\/\/www.snek.se\/fr\/financement\/#breadcrumb"},"inLanguage":"fr-FR","potentialAction":[{"@type":"ReadAction","target":["https:\/\/www.snek.se\/fr\/financement\/"]}]},{"@type":"BreadcrumbList","@id":"https:\/\/www.snek.se\/fr\/financement\/#breadcrumb","itemListElement":[{"@type":"ListItem","position":1,"name":"Hem","item":"https:\/\/www.snek.se\/fr\/"},{"@type":"ListItem","position":2,"name":"Financement"}]},{"@type":"WebSite","@id":"https:\/\/www.snek.se\/fr\/#website","url":"https:\/\/www.snek.se\/fr\/","name":"Sn\u00eak","description":"Cuisines artisanales du Norrbotten","publisher":{"@id":"https:\/\/www.snek.se\/fr\/#organization"},"potentialAction":[{"@type":"SearchAction","target":{"@type":"EntryPoint","urlTemplate":"https:\/\/www.snek.se\/fr\/?s={search_term_string}"},"query-input":{"@type":"PropertyValueSpecification","valueRequired":true,"valueName":"search_term_string"}}],"inLanguage":"fr-FR"},{"@type":"Organization","@id":"https:\/\/www.snek.se\/fr\/#organization","name":"Sn\u00eak","url":"https:\/\/www.snek.se\/fr\/","logo":{"@type":"ImageObject","inLanguage":"fr-FR","@id":"https:\/\/www.snek.se\/fr\/#\/schema\/logo\/image\/","url":"https:\/\/www.snek.se\/wp-content\/uploads\/2026\/01\/snek-logotyp-insta-scaled.jpg","contentUrl":"https:\/\/www.snek.se\/wp-content\/uploads\/2026\/01\/snek-logotyp-insta-scaled.jpg","width":2560,"height":2560,"caption":"Sn\u00eak"},"image":{"@id":"https:\/\/www.snek.se\/fr\/#\/schema\/logo\/image\/"},"sameAs":["https:\/\/www.facebook.com\/snekkitchens\/","https:\/\/www.instagram.com\/snek.kok\/","https:\/\/www.linkedin.com\/company\/snek-kok\/","https:\/\/se.pinterest.com\/SnekKitchens\/","https:\/\/www.youtube.com\/channel\/UCT9DWn-4DMpKHHqbRXV4bZQ\/"]}]}},"_links":{"self":[{"href":"https:\/\/www.snek.se\/fr\/wp-json\/wp\/v2\/pages\/154051","targetHints":{"allow":["GET"]}}],"collection":[{"href":"https:\/\/www.snek.se\/fr\/wp-json\/wp\/v2\/pages"}],"about":[{"href":"https:\/\/www.snek.se\/fr\/wp-json\/wp\/v2\/types\/page"}],"replies":[{"embeddable":true,"href":"https:\/\/www.snek.se\/fr\/wp-json\/wp\/v2\/comments?post=154051"}],"version-history":[{"count":1,"href":"https:\/\/www.snek.se\/fr\/wp-json\/wp\/v2\/pages\/154051\/revisions"}],"predecessor-version":[{"id":154052,"href":"https:\/\/www.snek.se\/fr\/wp-json\/wp\/v2\/pages\/154051\/revisions\/154052"}],"wp:attachment":[{"href":"https:\/\/www.snek.se\/fr\/wp-json\/wp\/v2\/media?parent=154051"}],"curies":[{"name":"wp","href":"https:\/\/api.w.org\/{rel}","templated":true}]}}