{"id":154039,"date":"2026-04-08T17:48:51","date_gmt":"2026-04-08T15:48:51","guid":{"rendered":"https:\/\/www.snek.se\/politique-cookies\/"},"modified":"2026-04-08T17:48:51","modified_gmt":"2026-04-08T15:48:51","slug":"politique-cookies","status":"publish","type":"page","link":"https:\/\/www.snek.se\/fr\/politique-cookies\/","title":{"rendered":"Politique de cookies"},"content":{"rendered":"<h1>Politique de cookies<\/h1>\n<h2 style=\"text-align: center;\">Que sont les cookies ?<\/h2>\n<p style=\"text-align: center;\">Les cookies sont de petits fichiers texte enregistr\u00e9s par votre navigateur p\u00e5 din dator, mobiltelefon eller annan enhet n\u00e4r du bes\u00f6ker en webbplats. De anv\u00e4nds f\u00f6r att f\u00f6rb\u00e4ttra anv\u00e4ndarupplevelsen, anpassa inneh\u00e5ll och samla in statistik om bes\u00f6ket.<\/p>\n<p style=\"text-align: left;\">\u00a0<\/p>\n<p>Types de cookies que nous utilisons<\/p>\n<p>Hos Sn\u00eak Aktiebolag anv\u00e4nder vi cookies f\u00f6r att f\u00f6rb\u00e4ttra webbplatsens prestanda och anv\u00e4ndarv\u00e4nlighet, g\u00f6ra sidor snabbare att ladda, visa relevant inneh\u00e5ll och marknadsf\u00f6ring samt samla in anonym statistik om anv\u00e4ndarbeteende.<br data-start=\"321\" data-end=\"324\" \/>Om du inte vill att cookies anv\u00e4nds kan du inaktivera dem i din webbl\u00e4sares inst\u00e4llningar och radera redan sparade cookies.<\/p>\n<h2>1. Cookies strictement n\u00e9cessaires<\/h2>\n<p>Ces cookies sont n\u00e9cessaires au bon fonctionnement du site och kan inte st\u00e4ngas av i v\u00e5ra system. De anv\u00e4nds t.ex. f\u00f6r att spara inst\u00e4llningar och hantera formul\u00e4rinmatning.<\/p>\n<p><strong>Exempel p\u00e5 cookies:<\/strong><br \/>\u2013 Cloudflare<br \/>\u2013 WordPress<\/p>\n<p>Om du blockerar dessa cookies kan vissa delar av webbplatsen sluta fungera.<\/p>\n<h2>2. Cookies analytiques<\/h2>\n<p>Les cookies analytiques nous aident \u00e0 comprendre comment les visiteurs utilisent le site, s\u00e5 att vi kan f\u00f6rb\u00e4ttra struktur och inneh\u00e5ll. All information \u00e4r anonymiserad.<\/p>\n<p><strong>Anv\u00e4nds via:<\/strong><br \/>\u2013 Google Analytics<\/p>\n<h2>3. Cookies publicitaires<\/h2>\n<p>Ces cookies sont utilis\u00e9s par nos partenaires pour afficher des publicit\u00e9s pertinentes p\u00e5 andra webbplatser. De bygger en profil utifr\u00e5n din aktivitet, men inneh\u00e5ller inte identifierande information.<\/p>\n<p><strong>Anv\u00e4nds via:<\/strong><br \/>\u2013 Meta bussines suit<\/p>\n<p>Du kan n\u00e4r som helst v\u00e4lja att blockera dessa cookies via webbl\u00e4sarens inst\u00e4llningar.<\/p>\n<p>\t\t\t<svg aria-hidden=\"true\" viewBox=\"0 0 512 512\" xmlns=\"http:\/\/www.w3.org\/2000\/svg\"><path d=\"M510.52 255.82c-69.97-.85-126.47-57.69-126.47-127.86-70.17 0-127-56.49-127.86-126.45-27.26-4.14-55.13.3-79.72 12.82l-69.13 35.22a132.221 132.221 0 0 0-57.79 57.81l-35.1 68.88a132.645 132.645 0 0 0-12.82 80.95l12.08 76.27a132.521 132.521 0 0 0 37.16 72.96l54.77 54.76a132.036 132.036 0 0 0 72.71 37.06l76.71 12.15c27.51 4.36 55.7-.11 80.53-12.76l69.13-35.21a132.273 132.273 0 0 0 57.79-57.81l35.1-68.88c12.56-24.64 17.01-52.58 12.91-79.91zM176 368c-17.67 0-32-14.33-32-32s14.33-32 32-32 32 14.33 32 32-14.33 32-32 32zm32-160c-17.67 0-32-14.33-32-32s14.33-32 32-32 32 14.33 32 32-14.33 32-32 32zm160 128c-17.67 0-32-14.33-32-32s14.33-32 32-32 32 14.33 32 32-14.33 32-32 32z\"><\/path><\/svg>\t\t\t<\/p>\n<h2>Informations techniques collect\u00e9es<\/h2>\n<p>N\u00e4r du bes\u00f6ker v\u00e5r webbplats kan vi tillf\u00e4lligt lagra teknisk information som:<\/p>\n<ul>\n<li>IP-adress<\/li>\n<li>Operativsystem och webbl\u00e4sartyp<\/li>\n<li>Bes\u00f6kets tidpunkt och l\u00e4ngd<\/li>\n<li>Vilken sida du kom fr\u00e5n<\/li>\n<li>Klick- och bes\u00f6kshistorik<\/li>\n<\/ul>\n<p>Dessa uppgifter anv\u00e4nds enbart i anonymiserad form f\u00f6r att f\u00f6rb\u00e4ttra webbplatsens inneh\u00e5ll och funktionalitet. All data skickas och lagras via <strong>krypterade anslutningar<\/strong>, och delas inte med obeh\u00f6riga.<\/p>\n<h2>Consentement et param\u00e8tres<\/h2>\n<p>Genom att anv\u00e4nda v\u00e5r webbplats och ha cookies aktiverade i din webbl\u00e4sare samtycker du till att vi anv\u00e4nder cookies enligt denna policy.<\/p>\n<p>Om du inte godk\u00e4nner anv\u00e4ndning av cookies kan du:<\/p>\n<ul>\n<li>Justera inst\u00e4llningarna i din webbl\u00e4sare f\u00f6r att neka eller begr\u00e4nsa cookies<\/li>\n<li>Radera befintliga cookies fr\u00e5n din enhet<\/li>\n<li>Aktivera varningar innan cookies sparas<\/li>\n<\/ul>\n<p>Se din webbl\u00e4sares hj\u00e4lpsektion eller leverant\u00f6rens instruktioner f\u00f6r mer information om hur du hanterar cookies.<\/p>\n<h2>Questions et contact<\/h2>\n<p>Avez-vous des questions sur la fa\u00e7on dont nous utilisons les cookies ou traitons les donn\u00e9es personnelles ?<\/p>\n<p>\t\t\t\t\t<a href=\"https:\/\/www.snek.se\/fr\/politique-confidentialite\/\" style=\"text-decoration: none;\"><br \/>\n    <button><br \/>\n    Integritetspolicy<br \/>\n    <\/button><br \/>\n<\/a><br \/>\n\t\t\t\t\t<a href=\"https:\/\/www.snek.se\/fr\/contact\/\" style=\"text-decoration: none;\"><br \/>\n    <button><br \/>\n        Kontakta oss<br \/>\n    <\/button><br \/>\n<\/a><\/p>\n","protected":false},"excerpt":{"rendered":"<p>Politique de cookies Que sont les cookies ? Les cookies sont de petits fichiers texte enregistr\u00e9s par votre navigateur p\u00e5 din dator, mobiltelefon eller annan enhet n\u00e4r du bes\u00f6ker en webbplats. De anv\u00e4nds f\u00f6r att f\u00f6rb\u00e4ttra anv\u00e4ndarupplevelsen, anpassa inneh\u00e5ll och samla in statistik om bes\u00f6ket. \u00a0 Types de cookies que nous utilisons Hos Sn\u00eak Aktiebolag [&hellip;]<\/p>\n","protected":false},"author":0,"featured_media":141723,"parent":0,"menu_order":0,"comment_status":"closed","ping_status":"closed","template":"elementor_canvas","meta":{"_acf_changed":false,"footnotes":""},"class_list":["post-154039","page","type-page","status-publish","has-post-thumbnail","hentry"],"acf":[],"yoast_head":"<!-- This site is optimized with the Yoast SEO plugin v27.2 - https:\/\/yoast.com\/product\/yoast-seo-wordpress\/ -->\n<title>Politique de cookies | Sn\u00eak<\/title>\n<meta name=\"description\" content=\"Informations sur l&#039;utilisation des cookies par Sn\u00eak sur le site. Typer av cookies och dina valm\u00f6jligheter.\" \/>\n<meta name=\"robots\" content=\"index, follow, max-snippet:-1, max-image-preview:large, max-video-preview:-1\" \/>\n<link rel=\"canonical\" href=\"https:\/\/www.snek.se\/fr\/politique-cookies\/\" \/>\n<meta property=\"og:locale\" content=\"fr_FR\" \/>\n<meta property=\"og:type\" content=\"article\" \/>\n<meta property=\"og:title\" content=\"Politique de cookies | Sn\u00eak\" \/>\n<meta property=\"og:description\" content=\"Informations sur l&#039;utilisation des cookies par Sn\u00eak sur le site. Typer av cookies och dina valm\u00f6jligheter.\" \/>\n<meta property=\"og:url\" content=\"https:\/\/www.snek.se\/fr\/politique-cookies\/\" \/>\n<meta property=\"og:site_name\" content=\"Sn\u00eak\" \/>\n<meta property=\"article:publisher\" content=\"https:\/\/www.facebook.com\/snekkitchens\/\" \/>\n<meta property=\"og:image\" content=\"https:\/\/www.snek.se\/wp-content\/uploads\/2024\/12\/Erika_Aberg_web-05.jpg\" \/>\n\t<meta property=\"og:image:width\" content=\"768\" \/>\n\t<meta property=\"og:image:height\" content=\"1024\" \/>\n\t<meta property=\"og:image:type\" content=\"image\/jpeg\" \/>\n<meta name=\"twitter:card\" content=\"summary_large_image\" \/>\n<meta name=\"twitter:label1\" content=\"Dur\u00e9e de lecture estim\u00e9e\" \/>\n\t<meta name=\"twitter:data1\" content=\"2 minutes\" \/>\n<script type=\"application\/ld+json\" class=\"yoast-schema-graph\">{\"@context\":\"https:\/\/schema.org\",\"@graph\":[{\"@type\":\"WebPage\",\"@id\":\"https:\/\/www.snek.se\/fr\/politique-cookies\/\",\"url\":\"https:\/\/www.snek.se\/fr\/politique-cookies\/\",\"name\":\"Politique de cookies | Sn\u00eak\",\"isPartOf\":{\"@id\":\"https:\/\/www.snek.se\/fr\/#website\"},\"primaryImageOfPage\":{\"@id\":\"https:\/\/www.snek.se\/fr\/politique-cookies\/#primaryimage\"},\"image\":{\"@id\":\"https:\/\/www.snek.se\/fr\/politique-cookies\/#primaryimage\"},\"thumbnailUrl\":\"https:\/\/www.snek.se\/wp-content\/uploads\/2024\/12\/Erika_Aberg_web-05.jpg\",\"datePublished\":\"2026-04-08T15:48:51+00:00\",\"description\":\"Informations sur l'utilisation des cookies par Sn\u00eak sur le site. Typer av cookies och dina valm\u00f6jligheter.\",\"breadcrumb\":{\"@id\":\"https:\/\/www.snek.se\/fr\/politique-cookies\/#breadcrumb\"},\"inLanguage\":\"fr-FR\",\"potentialAction\":[{\"@type\":\"ReadAction\",\"target\":[\"https:\/\/www.snek.se\/fr\/politique-cookies\/\"]}]},{\"@type\":\"ImageObject\",\"inLanguage\":\"fr-FR\",\"@id\":\"https:\/\/www.snek.se\/fr\/politique-cookies\/#primaryimage\",\"url\":\"https:\/\/www.snek.se\/wp-content\/uploads\/2024\/12\/Erika_Aberg_web-05.jpg\",\"contentUrl\":\"https:\/\/www.snek.se\/wp-content\/uploads\/2024\/12\/Erika_Aberg_web-05.jpg\",\"width\":768,\"height\":1024,\"caption\":\"Praktisk f\u00f6rvaring ovanf\u00f6r arbetsytan.\"},{\"@type\":\"BreadcrumbList\",\"@id\":\"https:\/\/www.snek.se\/fr\/politique-cookies\/#breadcrumb\",\"itemListElement\":[{\"@type\":\"ListItem\",\"position\":1,\"name\":\"Hem\",\"item\":\"https:\/\/www.snek.se\/fr\/\"},{\"@type\":\"ListItem\",\"position\":2,\"name\":\"Politique de cookies\"}]},{\"@type\":\"WebSite\",\"@id\":\"https:\/\/www.snek.se\/fr\/#website\",\"url\":\"https:\/\/www.snek.se\/fr\/\",\"name\":\"Sn\u00eak\",\"description\":\"Cuisines artisanales du Norrbotten\",\"publisher\":{\"@id\":\"https:\/\/www.snek.se\/fr\/#organization\"},\"potentialAction\":[{\"@type\":\"SearchAction\",\"target\":{\"@type\":\"EntryPoint\",\"urlTemplate\":\"https:\/\/www.snek.se\/fr\/?s={search_term_string}\"},\"query-input\":{\"@type\":\"PropertyValueSpecification\",\"valueRequired\":true,\"valueName\":\"search_term_string\"}}],\"inLanguage\":\"fr-FR\"},{\"@type\":\"Organization\",\"@id\":\"https:\/\/www.snek.se\/fr\/#organization\",\"name\":\"Sn\u00eak\",\"url\":\"https:\/\/www.snek.se\/fr\/\",\"logo\":{\"@type\":\"ImageObject\",\"inLanguage\":\"fr-FR\",\"@id\":\"https:\/\/www.snek.se\/fr\/#\/schema\/logo\/image\/\",\"url\":\"https:\/\/www.snek.se\/wp-content\/uploads\/2026\/01\/snek-logotyp-insta-scaled.jpg\",\"contentUrl\":\"https:\/\/www.snek.se\/wp-content\/uploads\/2026\/01\/snek-logotyp-insta-scaled.jpg\",\"width\":2560,\"height\":2560,\"caption\":\"Sn\u00eak\"},\"image\":{\"@id\":\"https:\/\/www.snek.se\/fr\/#\/schema\/logo\/image\/\"},\"sameAs\":[\"https:\/\/www.facebook.com\/snekkitchens\/\",\"https:\/\/www.instagram.com\/snek.kok\/\",\"https:\/\/www.linkedin.com\/company\/snek-kok\/\",\"https:\/\/se.pinterest.com\/SnekKitchens\/\",\"https:\/\/www.youtube.com\/channel\/UCT9DWn-4DMpKHHqbRXV4bZQ\/\"]}]}<\/script>\n<!-- \/ Yoast SEO plugin. -->","yoast_head_json":{"title":"Politique de cookies | Sn\u00eak","description":"Informations sur l'utilisation des cookies par Sn\u00eak sur le site. Typer av cookies och dina valm\u00f6jligheter.","robots":{"index":"index","follow":"follow","max-snippet":"max-snippet:-1","max-image-preview":"max-image-preview:large","max-video-preview":"max-video-preview:-1"},"canonical":"https:\/\/www.snek.se\/fr\/politique-cookies\/","og_locale":"fr_FR","og_type":"article","og_title":"Politique de cookies | Sn\u00eak","og_description":"Informations sur l'utilisation des cookies par Sn\u00eak sur le site. Typer av cookies och dina valm\u00f6jligheter.","og_url":"https:\/\/www.snek.se\/fr\/politique-cookies\/","og_site_name":"Sn\u00eak","article_publisher":"https:\/\/www.facebook.com\/snekkitchens\/","og_image":[{"width":768,"height":1024,"url":"https:\/\/www.snek.se\/wp-content\/uploads\/2024\/12\/Erika_Aberg_web-05.jpg","type":"image\/jpeg"}],"twitter_card":"summary_large_image","twitter_misc":{"Dur\u00e9e de lecture estim\u00e9e":"2 minutes"},"schema":{"@context":"https:\/\/schema.org","@graph":[{"@type":"WebPage","@id":"https:\/\/www.snek.se\/fr\/politique-cookies\/","url":"https:\/\/www.snek.se\/fr\/politique-cookies\/","name":"Politique de cookies | Sn\u00eak","isPartOf":{"@id":"https:\/\/www.snek.se\/fr\/#website"},"primaryImageOfPage":{"@id":"https:\/\/www.snek.se\/fr\/politique-cookies\/#primaryimage"},"image":{"@id":"https:\/\/www.snek.se\/fr\/politique-cookies\/#primaryimage"},"thumbnailUrl":"https:\/\/www.snek.se\/wp-content\/uploads\/2024\/12\/Erika_Aberg_web-05.jpg","datePublished":"2026-04-08T15:48:51+00:00","description":"Informations sur l'utilisation des cookies par Sn\u00eak sur le site. Typer av cookies och dina valm\u00f6jligheter.","breadcrumb":{"@id":"https:\/\/www.snek.se\/fr\/politique-cookies\/#breadcrumb"},"inLanguage":"fr-FR","potentialAction":[{"@type":"ReadAction","target":["https:\/\/www.snek.se\/fr\/politique-cookies\/"]}]},{"@type":"ImageObject","inLanguage":"fr-FR","@id":"https:\/\/www.snek.se\/fr\/politique-cookies\/#primaryimage","url":"https:\/\/www.snek.se\/wp-content\/uploads\/2024\/12\/Erika_Aberg_web-05.jpg","contentUrl":"https:\/\/www.snek.se\/wp-content\/uploads\/2024\/12\/Erika_Aberg_web-05.jpg","width":768,"height":1024,"caption":"Praktisk f\u00f6rvaring ovanf\u00f6r arbetsytan."},{"@type":"BreadcrumbList","@id":"https:\/\/www.snek.se\/fr\/politique-cookies\/#breadcrumb","itemListElement":[{"@type":"ListItem","position":1,"name":"Hem","item":"https:\/\/www.snek.se\/fr\/"},{"@type":"ListItem","position":2,"name":"Politique de cookies"}]},{"@type":"WebSite","@id":"https:\/\/www.snek.se\/fr\/#website","url":"https:\/\/www.snek.se\/fr\/","name":"Sn\u00eak","description":"Cuisines artisanales du Norrbotten","publisher":{"@id":"https:\/\/www.snek.se\/fr\/#organization"},"potentialAction":[{"@type":"SearchAction","target":{"@type":"EntryPoint","urlTemplate":"https:\/\/www.snek.se\/fr\/?s={search_term_string}"},"query-input":{"@type":"PropertyValueSpecification","valueRequired":true,"valueName":"search_term_string"}}],"inLanguage":"fr-FR"},{"@type":"Organization","@id":"https:\/\/www.snek.se\/fr\/#organization","name":"Sn\u00eak","url":"https:\/\/www.snek.se\/fr\/","logo":{"@type":"ImageObject","inLanguage":"fr-FR","@id":"https:\/\/www.snek.se\/fr\/#\/schema\/logo\/image\/","url":"https:\/\/www.snek.se\/wp-content\/uploads\/2026\/01\/snek-logotyp-insta-scaled.jpg","contentUrl":"https:\/\/www.snek.se\/wp-content\/uploads\/2026\/01\/snek-logotyp-insta-scaled.jpg","width":2560,"height":2560,"caption":"Sn\u00eak"},"image":{"@id":"https:\/\/www.snek.se\/fr\/#\/schema\/logo\/image\/"},"sameAs":["https:\/\/www.facebook.com\/snekkitchens\/","https:\/\/www.instagram.com\/snek.kok\/","https:\/\/www.linkedin.com\/company\/snek-kok\/","https:\/\/se.pinterest.com\/SnekKitchens\/","https:\/\/www.youtube.com\/channel\/UCT9DWn-4DMpKHHqbRXV4bZQ\/"]}]}},"_links":{"self":[{"href":"https:\/\/www.snek.se\/fr\/wp-json\/wp\/v2\/pages\/154039","targetHints":{"allow":["GET"]}}],"collection":[{"href":"https:\/\/www.snek.se\/fr\/wp-json\/wp\/v2\/pages"}],"about":[{"href":"https:\/\/www.snek.se\/fr\/wp-json\/wp\/v2\/types\/page"}],"replies":[{"embeddable":true,"href":"https:\/\/www.snek.se\/fr\/wp-json\/wp\/v2\/comments?post=154039"}],"version-history":[{"count":1,"href":"https:\/\/www.snek.se\/fr\/wp-json\/wp\/v2\/pages\/154039\/revisions"}],"predecessor-version":[{"id":154040,"href":"https:\/\/www.snek.se\/fr\/wp-json\/wp\/v2\/pages\/154039\/revisions\/154040"}],"wp:featuredmedia":[{"embeddable":true,"href":"https:\/\/www.snek.se\/fr\/wp-json\/wp\/v2\/media\/141723"}],"wp:attachment":[{"href":"https:\/\/www.snek.se\/fr\/wp-json\/wp\/v2\/media?parent=154039"}],"curies":[{"name":"wp","href":"https:\/\/api.w.org\/{rel}","templated":true}]}}