{"id":154025,"date":"2026-04-08T17:48:50","date_gmt":"2026-04-08T15:48:50","guid":{"rendered":"https:\/\/www.snek.se\/articles\/"},"modified":"2026-04-08T17:48:50","modified_gmt":"2026-04-08T15:48:50","slug":"articles","status":"publish","type":"page","link":"https:\/\/www.snek.se\/fr\/articles\/","title":{"rendered":"Articles"},"content":{"rendered":"<h1>Pour ceux qui veulent en savoir plus<\/h1>\n<p>\t\tChoisir une nouvelle cuisine est une grande d\u00e9cision. Nous avons rassembl\u00e9 des articles, guides et inspirations pour vous aider \u00e0 comprendre les diff\u00e9rences de mat\u00e9riaux, de qualit\u00e9 et d&rsquo;artisanat \u2013 et vous aider \u00e0 faire un choix r\u00e9fl\u00e9chial inf\u00f6r ditt k\u00f6k.<\/p>\n","protected":false},"excerpt":{"rendered":"<p>Pour ceux qui veulent en savoir plus Choisir une nouvelle cuisine est une grande d\u00e9cision. Nous avons rassembl\u00e9 des articles, guides et inspirations pour vous aider \u00e0 comprendre les diff\u00e9rences de mat\u00e9riaux, de qualit\u00e9 et d&rsquo;artisanat \u2013 et vous aider \u00e0 faire un choix r\u00e9fl\u00e9chial inf\u00f6r ditt k\u00f6k.<\/p>\n","protected":false},"author":0,"featured_media":142288,"parent":0,"menu_order":0,"comment_status":"closed","ping_status":"closed","template":"elementor_canvas","meta":{"_acf_changed":false,"footnotes":""},"class_list":["post-154025","page","type-page","status-publish","has-post-thumbnail","hentry"],"acf":[],"yoast_head":"<!-- This site is optimized with the Yoast SEO plugin v27.2 - https:\/\/yoast.com\/product\/yoast-seo-wordpress\/ -->\n<title>Articles | Sn\u00eak<\/title>\n<meta name=\"description\" content=\"Artiklar, guider och inspiration f\u00f6r dig som vill f\u00f6rst\u00e5 skillnader i material, kvalitet och hantverk.\" \/>\n<meta name=\"robots\" content=\"index, follow, max-snippet:-1, max-image-preview:large, max-video-preview:-1\" \/>\n<link rel=\"canonical\" href=\"https:\/\/www.snek.se\/fr\/articles\/\" \/>\n<meta property=\"og:locale\" content=\"fr_FR\" \/>\n<meta property=\"og:type\" content=\"article\" \/>\n<meta property=\"og:title\" content=\"Articles | Sn\u00eak\" \/>\n<meta property=\"og:description\" content=\"Artiklar, guider och inspiration f\u00f6r dig som vill f\u00f6rst\u00e5 skillnader i material, kvalitet och hantverk.\" \/>\n<meta property=\"og:url\" content=\"https:\/\/www.snek.se\/fr\/articles\/\" \/>\n<meta property=\"og:site_name\" content=\"Sn\u00eak\" \/>\n<meta property=\"article:publisher\" content=\"https:\/\/www.facebook.com\/snekkitchens\/\" \/>\n<meta property=\"og:image\" content=\"https:\/\/www.snek.se\/wp-content\/uploads\/2025\/03\/Kok-augusti-99-scaled-e1741945105432.jpg\" \/>\n\t<meta property=\"og:image:width\" content=\"1702\" \/>\n\t<meta property=\"og:image:height\" content=\"1506\" \/>\n\t<meta property=\"og:image:type\" content=\"image\/jpeg\" \/>\n<meta name=\"twitter:card\" content=\"summary_large_image\" \/>\n<meta name=\"twitter:label1\" content=\"Dur\u00e9e de lecture estim\u00e9e\" \/>\n\t<meta name=\"twitter:data1\" content=\"13 minutes\" \/>\n<script type=\"application\/ld+json\" class=\"yoast-schema-graph\">{\"@context\":\"https:\/\/schema.org\",\"@graph\":[{\"@type\":\"WebPage\",\"@id\":\"https:\/\/www.snek.se\/fr\/articles\/\",\"url\":\"https:\/\/www.snek.se\/fr\/articles\/\",\"name\":\"Articles | Sn\u00eak\",\"isPartOf\":{\"@id\":\"https:\/\/www.snek.se\/fr\/#website\"},\"primaryImageOfPage\":{\"@id\":\"https:\/\/www.snek.se\/fr\/articles\/#primaryimage\"},\"image\":{\"@id\":\"https:\/\/www.snek.se\/fr\/articles\/#primaryimage\"},\"thumbnailUrl\":\"https:\/\/www.snek.se\/wp-content\/uploads\/2025\/03\/Kok-augusti-99-scaled-e1741945105432.jpg\",\"datePublished\":\"2026-04-08T15:48:50+00:00\",\"description\":\"Artiklar, guider och inspiration f\u00f6r dig som vill f\u00f6rst\u00e5 skillnader i material, kvalitet och hantverk.\",\"breadcrumb\":{\"@id\":\"https:\/\/www.snek.se\/fr\/articles\/#breadcrumb\"},\"inLanguage\":\"fr-FR\",\"potentialAction\":[{\"@type\":\"ReadAction\",\"target\":[\"https:\/\/www.snek.se\/fr\/articles\/\"]}]},{\"@type\":\"ImageObject\",\"inLanguage\":\"fr-FR\",\"@id\":\"https:\/\/www.snek.se\/fr\/articles\/#primaryimage\",\"url\":\"https:\/\/www.snek.se\/wp-content\/uploads\/2025\/03\/Kok-augusti-99-scaled-e1741945105432.jpg\",\"contentUrl\":\"https:\/\/www.snek.se\/wp-content\/uploads\/2025\/03\/Kok-augusti-99-scaled-e1741945105432.jpg\",\"width\":1702,\"height\":1506,\"caption\":\"Platsbyggt f\u00f6r passform och helhet.\"},{\"@type\":\"BreadcrumbList\",\"@id\":\"https:\/\/www.snek.se\/fr\/articles\/#breadcrumb\",\"itemListElement\":[{\"@type\":\"ListItem\",\"position\":1,\"name\":\"Hem\",\"item\":\"https:\/\/www.snek.se\/fr\/\"},{\"@type\":\"ListItem\",\"position\":2,\"name\":\"Articles\"}]},{\"@type\":\"WebSite\",\"@id\":\"https:\/\/www.snek.se\/fr\/#website\",\"url\":\"https:\/\/www.snek.se\/fr\/\",\"name\":\"Sn\u00eak\",\"description\":\"Cuisines artisanales du Norrbotten\",\"publisher\":{\"@id\":\"https:\/\/www.snek.se\/fr\/#organization\"},\"potentialAction\":[{\"@type\":\"SearchAction\",\"target\":{\"@type\":\"EntryPoint\",\"urlTemplate\":\"https:\/\/www.snek.se\/fr\/?s={search_term_string}\"},\"query-input\":{\"@type\":\"PropertyValueSpecification\",\"valueRequired\":true,\"valueName\":\"search_term_string\"}}],\"inLanguage\":\"fr-FR\"},{\"@type\":\"Organization\",\"@id\":\"https:\/\/www.snek.se\/fr\/#organization\",\"name\":\"Sn\u00eak\",\"url\":\"https:\/\/www.snek.se\/fr\/\",\"logo\":{\"@type\":\"ImageObject\",\"inLanguage\":\"fr-FR\",\"@id\":\"https:\/\/www.snek.se\/fr\/#\/schema\/logo\/image\/\",\"url\":\"https:\/\/www.snek.se\/wp-content\/uploads\/2026\/01\/snek-logotyp-insta-scaled.jpg\",\"contentUrl\":\"https:\/\/www.snek.se\/wp-content\/uploads\/2026\/01\/snek-logotyp-insta-scaled.jpg\",\"width\":2560,\"height\":2560,\"caption\":\"Sn\u00eak\"},\"image\":{\"@id\":\"https:\/\/www.snek.se\/fr\/#\/schema\/logo\/image\/\"},\"sameAs\":[\"https:\/\/www.facebook.com\/snekkitchens\/\",\"https:\/\/www.instagram.com\/snek.kok\/\",\"https:\/\/www.linkedin.com\/company\/snek-kok\/\",\"https:\/\/se.pinterest.com\/SnekKitchens\/\",\"https:\/\/www.youtube.com\/channel\/UCT9DWn-4DMpKHHqbRXV4bZQ\/\"]}]}<\/script>\n<!-- \/ Yoast SEO plugin. -->","yoast_head_json":{"title":"Articles | Sn\u00eak","description":"Artiklar, guider och inspiration f\u00f6r dig som vill f\u00f6rst\u00e5 skillnader i material, kvalitet och hantverk.","robots":{"index":"index","follow":"follow","max-snippet":"max-snippet:-1","max-image-preview":"max-image-preview:large","max-video-preview":"max-video-preview:-1"},"canonical":"https:\/\/www.snek.se\/fr\/articles\/","og_locale":"fr_FR","og_type":"article","og_title":"Articles | Sn\u00eak","og_description":"Artiklar, guider och inspiration f\u00f6r dig som vill f\u00f6rst\u00e5 skillnader i material, kvalitet och hantverk.","og_url":"https:\/\/www.snek.se\/fr\/articles\/","og_site_name":"Sn\u00eak","article_publisher":"https:\/\/www.facebook.com\/snekkitchens\/","og_image":[{"width":1702,"height":1506,"url":"https:\/\/www.snek.se\/wp-content\/uploads\/2025\/03\/Kok-augusti-99-scaled-e1741945105432.jpg","type":"image\/jpeg"}],"twitter_card":"summary_large_image","twitter_misc":{"Dur\u00e9e de lecture estim\u00e9e":"13 minutes"},"schema":{"@context":"https:\/\/schema.org","@graph":[{"@type":"WebPage","@id":"https:\/\/www.snek.se\/fr\/articles\/","url":"https:\/\/www.snek.se\/fr\/articles\/","name":"Articles | Sn\u00eak","isPartOf":{"@id":"https:\/\/www.snek.se\/fr\/#website"},"primaryImageOfPage":{"@id":"https:\/\/www.snek.se\/fr\/articles\/#primaryimage"},"image":{"@id":"https:\/\/www.snek.se\/fr\/articles\/#primaryimage"},"thumbnailUrl":"https:\/\/www.snek.se\/wp-content\/uploads\/2025\/03\/Kok-augusti-99-scaled-e1741945105432.jpg","datePublished":"2026-04-08T15:48:50+00:00","description":"Artiklar, guider och inspiration f\u00f6r dig som vill f\u00f6rst\u00e5 skillnader i material, kvalitet och hantverk.","breadcrumb":{"@id":"https:\/\/www.snek.se\/fr\/articles\/#breadcrumb"},"inLanguage":"fr-FR","potentialAction":[{"@type":"ReadAction","target":["https:\/\/www.snek.se\/fr\/articles\/"]}]},{"@type":"ImageObject","inLanguage":"fr-FR","@id":"https:\/\/www.snek.se\/fr\/articles\/#primaryimage","url":"https:\/\/www.snek.se\/wp-content\/uploads\/2025\/03\/Kok-augusti-99-scaled-e1741945105432.jpg","contentUrl":"https:\/\/www.snek.se\/wp-content\/uploads\/2025\/03\/Kok-augusti-99-scaled-e1741945105432.jpg","width":1702,"height":1506,"caption":"Platsbyggt f\u00f6r passform och helhet."},{"@type":"BreadcrumbList","@id":"https:\/\/www.snek.se\/fr\/articles\/#breadcrumb","itemListElement":[{"@type":"ListItem","position":1,"name":"Hem","item":"https:\/\/www.snek.se\/fr\/"},{"@type":"ListItem","position":2,"name":"Articles"}]},{"@type":"WebSite","@id":"https:\/\/www.snek.se\/fr\/#website","url":"https:\/\/www.snek.se\/fr\/","name":"Sn\u00eak","description":"Cuisines artisanales du Norrbotten","publisher":{"@id":"https:\/\/www.snek.se\/fr\/#organization"},"potentialAction":[{"@type":"SearchAction","target":{"@type":"EntryPoint","urlTemplate":"https:\/\/www.snek.se\/fr\/?s={search_term_string}"},"query-input":{"@type":"PropertyValueSpecification","valueRequired":true,"valueName":"search_term_string"}}],"inLanguage":"fr-FR"},{"@type":"Organization","@id":"https:\/\/www.snek.se\/fr\/#organization","name":"Sn\u00eak","url":"https:\/\/www.snek.se\/fr\/","logo":{"@type":"ImageObject","inLanguage":"fr-FR","@id":"https:\/\/www.snek.se\/fr\/#\/schema\/logo\/image\/","url":"https:\/\/www.snek.se\/wp-content\/uploads\/2026\/01\/snek-logotyp-insta-scaled.jpg","contentUrl":"https:\/\/www.snek.se\/wp-content\/uploads\/2026\/01\/snek-logotyp-insta-scaled.jpg","width":2560,"height":2560,"caption":"Sn\u00eak"},"image":{"@id":"https:\/\/www.snek.se\/fr\/#\/schema\/logo\/image\/"},"sameAs":["https:\/\/www.facebook.com\/snekkitchens\/","https:\/\/www.instagram.com\/snek.kok\/","https:\/\/www.linkedin.com\/company\/snek-kok\/","https:\/\/se.pinterest.com\/SnekKitchens\/","https:\/\/www.youtube.com\/channel\/UCT9DWn-4DMpKHHqbRXV4bZQ\/"]}]}},"_links":{"self":[{"href":"https:\/\/www.snek.se\/fr\/wp-json\/wp\/v2\/pages\/154025","targetHints":{"allow":["GET"]}}],"collection":[{"href":"https:\/\/www.snek.se\/fr\/wp-json\/wp\/v2\/pages"}],"about":[{"href":"https:\/\/www.snek.se\/fr\/wp-json\/wp\/v2\/types\/page"}],"replies":[{"embeddable":true,"href":"https:\/\/www.snek.se\/fr\/wp-json\/wp\/v2\/comments?post=154025"}],"version-history":[{"count":1,"href":"https:\/\/www.snek.se\/fr\/wp-json\/wp\/v2\/pages\/154025\/revisions"}],"predecessor-version":[{"id":154027,"href":"https:\/\/www.snek.se\/fr\/wp-json\/wp\/v2\/pages\/154025\/revisions\/154027"}],"wp:featuredmedia":[{"embeddable":true,"href":"https:\/\/www.snek.se\/fr\/wp-json\/wp\/v2\/media\/142288"}],"wp:attachment":[{"href":"https:\/\/www.snek.se\/fr\/wp-json\/wp\/v2\/media?parent=154025"}],"curies":[{"name":"wp","href":"https:\/\/api.w.org\/{rel}","templated":true}]}}