{"id":155134,"date":"2026-04-08T19:10:01","date_gmt":"2026-04-08T17:10:01","guid":{"rendered":"https:\/\/www.snek.se\/ehdot\/"},"modified":"2026-04-08T19:10:01","modified_gmt":"2026-04-08T17:10:01","slug":"ehdot","status":"publish","type":"page","link":"https:\/\/www.snek.se\/fi\/ehdot\/","title":{"rendered":"Ehdot"},"content":{"rendered":"\t\t<div data-elementor-type=\"wp-page\" data-elementor-id=\"155134\" class=\"elementor elementor-155134 elementor-145561\" data-elementor-post-type=\"page\">\n\t\t\t\t<div class=\"elementor-element elementor-element-e127307 e-flex e-con-boxed e-con e-parent\" data-id=\"e127307\" data-element_type=\"container\" data-e-type=\"container\">\n\t\t\t\t\t<div class=\"e-con-inner\">\n\t\t\t\t<div class=\"elementor-element elementor-element-8a45e5e elementor-widget elementor-widget-heading\" data-id=\"8a45e5e\" data-element_type=\"widget\" data-e-type=\"widget\" data-widget_type=\"heading.default\">\n\t\t\t\t<div class=\"elementor-widget-container\">\n\t\t\t\t\t<h2 class=\"elementor-heading-title elementor-size-default\">Osto- ja toimitusehdot<\/h2>\t\t\t\t<\/div>\n\t\t\t\t<\/div>\n\t\t\t\t<div class=\"elementor-element elementor-element-fe49e29 elementor-widget elementor-widget-heading\" data-id=\"fe49e29\" data-element_type=\"widget\" data-e-type=\"widget\" data-widget_type=\"heading.default\">\n\t\t\t\t<div class=\"elementor-widget-container\">\n\t\t\t\t\t<h2 class=\"elementor-heading-title elementor-size-default\">Pienin tilaussumma<\/h2>\t\t\t\t<\/div>\n\t\t\t\t<\/div>\n\t\t\t\t<div class=\"elementor-element elementor-element-d7315c9 elementor-widget elementor-widget-text-editor\" data-id=\"d7315c9\" data-element_type=\"widget\" data-e-type=\"widget\" data-widget_type=\"text-editor.default\">\n\t\t\t\t<div class=\"elementor-widget-container\">\n\t\t\t\t\t\t\t\t\t<p><span style=\"font-weight: 400;\">P\u00e5 grund av h\u00f6ga st\u00e4llkostnader tar vi inte emot ordrar under 10 000 kr (inklusive moms &amp; frakt) d\u00e5 alla ordrar tillverkas p\u00e5 best\u00e4llning. Det g\u00e5r dock bra att komplettera en redan gjord best\u00e4llning.<\/span><\/p>\t\t\t\t\t\t\t\t<\/div>\n\t\t\t\t<\/div>\n\t\t\t\t<div class=\"elementor-element elementor-element-93a1787 elementor-widget elementor-widget-heading\" data-id=\"93a1787\" data-element_type=\"widget\" data-e-type=\"widget\" data-widget_type=\"heading.default\">\n\t\t\t\t<div class=\"elementor-widget-container\">\n\t\t\t\t\t<h2 class=\"elementor-heading-title elementor-size-default\">Tilaukset<\/h2>\t\t\t\t<\/div>\n\t\t\t\t<\/div>\n\t\t\t\t<div class=\"elementor-element elementor-element-def1b1c elementor-widget elementor-widget-text-editor\" data-id=\"def1b1c\" data-element_type=\"widget\" data-e-type=\"widget\" data-widget_type=\"text-editor.default\">\n\t\t\t\t<div class=\"elementor-widget-container\">\n\t\t\t\t\t\t\t\t\t<p><span style=\"font-weight: 400;\">Du m\u00e5ste ha fyllt 18 \u00e5r kohteelle ett\u00e4 handla hos oss. Kunduppgifterna ska vara korrekta ja kaikki obligatoriska f\u00e4lt ifyllda. Ni handlar enbart i ert eget namn. Sn\u00eak kohteellebeh\u00e5ller sig kohteelle publiceringsfel, informationsfel ja fel i specifikation kohteelle samtliga v\u00e5ra produkter ja tj\u00e4nster. Sn\u00eak kan inte garantera att varans utseende och beskaffenhet st\u00e4mmer \u00f6verens med bilderna p\u00e5 hemsidan, d\u00e5 bilderna skall ses som illustrationer.\u00a0<\/span><\/p>\t\t\t\t\t\t\t\t<\/div>\n\t\t\t\t<\/div>\n\t\t\t\t<div class=\"elementor-element elementor-element-7f2461b elementor-widget elementor-widget-heading\" data-id=\"7f2461b\" data-element_type=\"widget\" data-e-type=\"widget\" data-widget_type=\"heading.default\">\n\t\t\t\t<div class=\"elementor-widget-container\">\n\t\t\t\t\t<h2 class=\"elementor-heading-title elementor-size-default\">Ty\u00f6tasot<\/h2>\t\t\t\t<\/div>\n\t\t\t\t<\/div>\n\t\t\t\t<div class=\"elementor-element elementor-element-a3ebb6e elementor-widget elementor-widget-text-editor\" data-id=\"a3ebb6e\" data-element_type=\"widget\" data-e-type=\"widget\" data-widget_type=\"text-editor.default\">\n\t\t\t\t<div class=\"elementor-widget-container\">\n\t\t\t\t\t\t\t\t\t<p><span style=\"font-weight: 400;\">Det \u00e4r kundens ansvar ett\u00e4 inkomma kanssa exakta m\u00e5tt p\u00e5 ty\u00f6tasoja. Vid best\u00e4llning av natursten kan den levererade le plan de travail skilja sig alkaen exemplen som finns p\u00e5 hemsidan.<\/span><\/p><p><span style=\"font-weight: 400;\">Vi till\u00e4mpar ei ROT vid montering av ty\u00f6tasoja.<\/span><\/p>\t\t\t\t\t\t\t\t<\/div>\n\t\t\t\t<\/div>\n\t\t\t\t<div class=\"elementor-element elementor-element-49e1e1e elementor-widget elementor-widget-heading\" data-id=\"49e1e1e\" data-element_type=\"widget\" data-e-type=\"widget\" data-widget_type=\"heading.default\">\n\t\t\t\t<div class=\"elementor-widget-container\">\n\t\t\t\t\t<h2 class=\"elementor-heading-title elementor-size-default\">Toimitusajat ja kuljetus<\/h2>\t\t\t\t<\/div>\n\t\t\t\t<\/div>\n\t\t\t\t<div class=\"elementor-element elementor-element-5adac79 elementor-widget elementor-widget-text-editor\" data-id=\"5adac79\" data-element_type=\"widget\" data-e-type=\"widget\" data-widget_type=\"text-editor.default\">\n\t\t\t\t<div class=\"elementor-widget-container\">\n\t\t\t\t\t\t\t\t\t<p><span style=\"font-weight: 400;\">V\u00e5r leveranstid ligger normalt sett p\u00e5 cirka 8-10 arbetsveckor p\u00e5 v\u00e5ra k\u00f6k, beroende p\u00e5 om k\u00f6ket skall m\u00e5las och stommar monteras av oss. Den r\u00e4knas fr\u00e5n mottagen betalning och efter avst\u00e4mning med kunden. Den kan \u00e4ven p\u00e5verkas av r\u00f6da dagar, semestertider samt om best\u00e4lld order \u00e4ndras. Fr\u00e5n slutet av november och \u00e5ret ut kan driftst\u00f6rningar i leveranser uppst\u00e5. Vi kan inte ge n\u00e5got exakt datum f\u00f6r leverans. N\u00e4r ni blir kontaktade av transportbolaget bokar ni datum f\u00f6r utk\u00f6rning av er best\u00e4llning.<\/span><\/p><p><span style=\"font-weight: 400;\">Varorna levereras till angiven adress tai s\u00e5 n\u00e4ra den adressen som transport\u00f6ren kan komma tai, i kohteelleekommande fall, till postutl\u00e4mningsst\u00e4lle. Transport\u00f6ren b\u00e4r ei in varorna. Toimitusen<\/span> <span style=\"font-weight: 400;\">kvitteras av mottagaren eller dennes ombud enligt transport\u00f6rens anvisningar. Vi debiterar extra vid sv\u00e5rtillg\u00e4ngliga adresser, som t.ex. \u00f6ar ja tr\u00e5nga passager.<\/span><\/p><p><span style=\"font-weight: 400;\">Boka ej in hantverkare innan leveransen mottagits och avsynats, d\u00e5 vi endast kan ge en uppskattad leveranstid. Vi ers\u00e4tter ei stillast\u00e5ende mont\u00f6rer.<\/span><\/p><p><span style=\"font-weight: 400;\">Vid leverans, kontrollera om kohteellepackningen \u00e4r skadad. Eventuella skador skall noteras p\u00e5 transportsedeln\/avin som chauff\u00f6ren\/utl\u00e4mningsst\u00e4llet har. ATTENTION ! Utan noterad skada kan ei en reklamation g\u00f6ras. Dokumentera skadorna kanssa foton, b\u00e5de kanssa ja utan embkaikkige. Maila dessa till info@snek.se. Reklamaatioer ej gjorda inom 10 dagar efter leverans godk\u00e4nnes ej. Monterade ovia kan ei reklameras.<\/span><\/p><p><span style=\"font-weight: 400;\">V\u00e5ra produkter kommer p\u00e5 tr\u00e4pallar som kan vara upp till 3 meter l\u00e5nga. Vi tar tyv\u00e4rr ei tillbaks dessa vid leverans.<\/span><\/p>\t\t\t\t\t\t\t\t<\/div>\n\t\t\t\t<\/div>\n\t\t\t\t<div class=\"elementor-element elementor-element-c7ffa20 elementor-widget elementor-widget-heading\" data-id=\"c7ffa20\" data-element_type=\"widget\" data-e-type=\"widget\" data-widget_type=\"heading.default\">\n\t\t\t\t<div class=\"elementor-widget-container\">\n\t\t\t\t\t<h2 class=\"elementor-heading-title elementor-size-default\">Palautus<\/h2>\t\t\t\t<\/div>\n\t\t\t\t<\/div>\n\t\t\t\t<div class=\"elementor-element elementor-element-c04728c elementor-widget elementor-widget-text-editor\" data-id=\"c04728c\" data-element_type=\"widget\" data-e-type=\"widget\" data-widget_type=\"text-editor.default\">\n\t\t\t\t<div class=\"elementor-widget-container\">\n\t\t\t\t\t\t\t\t\t<p><span style=\"font-weight: 400;\">V\u00e5ra stommar, luckor och b\u00e4nkskivor kan inte returneras d\u00e5 de \u00e4r tillverkade specifikt f\u00f6r kund. Andra produkter kan returneras inom 14 dagar efter att ni f\u00e5tt er leverans under f\u00f6ruts\u00e4ttning att produktens n\u00e4rmaste skyddsf\u00f6rpackning inte \u00e4r bruten.<\/span><\/p><p><span style=\"font-weight: 400;\">Reklamaatioer g\u00e4llande tillverkningsfel eller att varor inte st\u00e4mmer med best\u00e4llningen, g\u00f6rs till Sn\u00eaks reklamationsavdelning via e-post <\/span><span style=\"font-weight: 400;\">info@snek.se<\/span><span style=\"font-weight: 400;\">.\u00a0<\/span><\/p><p><span style=\"font-weight: 400;\">Toimitusmottagaren f\u00e5r ei returnera, s\u00e4lja tai reparera skadat gods innan detta \u00e4r godk\u00e4nt av Sn\u00eak.\u00a0<\/span><\/p>\t\t\t\t\t\t\t\t<\/div>\n\t\t\t\t<\/div>\n\t\t\t\t<div class=\"elementor-element elementor-element-8b1ae54 elementor-widget elementor-widget-heading\" data-id=\"8b1ae54\" data-element_type=\"widget\" data-e-type=\"widget\" data-widget_type=\"heading.default\">\n\t\t\t\t<div class=\"elementor-widget-container\">\n\t\t\t\t\t<h2 class=\"elementor-heading-title elementor-size-default\">Muuta<\/h2>\t\t\t\t<\/div>\n\t\t\t\t<\/div>\n\t\t\t\t<div class=\"elementor-element elementor-element-67b5f43 elementor-widget elementor-widget-text-editor\" data-id=\"67b5f43\" data-element_type=\"widget\" data-e-type=\"widget\" data-widget_type=\"text-editor.default\">\n\t\t\t\t<div class=\"elementor-widget-container\">\n\t\t\t\t\t\t\t\t\t<p><span style=\"font-weight: 400;\">Sn\u00eak kan utan kohteelleeg\u00e5ende avisering \u00e4ndra information, produkter ja priser, dock ej p\u00e5 redan best\u00e4llda varor. Fakta- ja prisuppgifter l\u00e4mnas kanssa reservation kohteelle tryckfel, leverant\u00f6rers prish\u00f6jningar, ev. oriktigt angivna tekniska specifikationer m.m. samt f\u00f6r slutf\u00f6rs\u00e4ljning.\u00a0<\/span><\/p>\t\t\t\t\t\t\t\t<\/div>\n\t\t\t\t<\/div>\n\t\t\t\t<div class=\"elementor-element elementor-element-7c5ce80 elementor-widget elementor-widget-heading\" data-id=\"7c5ce80\" data-element_type=\"widget\" data-e-type=\"widget\" data-widget_type=\"heading.default\">\n\t\t\t\t<div class=\"elementor-widget-container\">\n\t\t\t\t\t<h2 class=\"elementor-heading-title elementor-size-default\">Vastuu<\/h2>\t\t\t\t<\/div>\n\t\t\t\t<\/div>\n\t\t\t\t<div class=\"elementor-element elementor-element-d9d3515 elementor-widget elementor-widget-text-editor\" data-id=\"d9d3515\" data-element_type=\"widget\" data-e-type=\"widget\" data-widget_type=\"text-editor.default\">\n\t\t\t\t<div class=\"elementor-widget-container\">\n\t\t\t\t\t\t\t\t\t<p><span style=\"font-weight: 400;\">Kunden ansvarar f\u00f6r att best\u00e4llningsuppgifterna till Sn\u00eak (t.ex. antal, m\u00e5tt, f\u00e4rger och andra val) \u00e4r korrekta. Om kunden uppt\u00e4cker att l\u00e4mnade uppgifter \u00e4r felaktiga, eller \u00f6nskar \u00e4ndra sin best\u00e4llning, m\u00e5ste kunden omedelbart kontakta Sn\u00eak. Sn\u00eak f\u00f6rs\u00f6ker alltid tillgodose kundens \u00e4ndringar men kan inte garantera detta.<\/span><\/p><p><span style=\"font-weight: 400;\">Kunden ansvarar f\u00f6r sina val i best\u00e4llning \u00e4ven om kunden r\u00e5dfr\u00e5gat Sn\u00eak.<\/span><\/p>\t\t\t\t\t\t\t\t<\/div>\n\t\t\t\t<\/div>\n\t\t\t\t<div class=\"elementor-element elementor-element-ef3d1be elementor-widget elementor-widget-heading\" data-id=\"ef3d1be\" data-element_type=\"widget\" data-e-type=\"widget\" data-widget_type=\"heading.default\">\n\t\t\t\t<div class=\"elementor-widget-container\">\n\t\t\t\t\t<h2 class=\"elementor-heading-title elementor-size-default\">Ylivoimainen este<\/h2>\t\t\t\t<\/div>\n\t\t\t\t<\/div>\n\t\t\t\t<div class=\"elementor-element elementor-element-f50cc86 elementor-widget elementor-widget-text-editor\" data-id=\"f50cc86\" data-element_type=\"widget\" data-e-type=\"widget\" data-widget_type=\"text-editor.default\">\n\t\t\t\t<div class=\"elementor-widget-container\">\n\t\t\t\t\t\t\t\t\t<p><span style=\"font-weight: 400;\">Sn\u00eak \u00e4r inte ansvarig f\u00f6r f\u00f6rsenad produkt (inklusive leverans och garanti\u00e5tg\u00e4rder) om f\u00f6rseningen orsakats av omst\u00e4ndighet utanf\u00f6r Sn\u00eaks rimliga kontroll. Exempel p\u00e5 s\u00e5dan omst\u00e4ndighet \u00e4r \u2013 utan att utg\u00f6ra fullst\u00e4ndig f\u00f6rteckning \u2013 strejk, terroristd\u00e5d, <\/span><span style=\"font-weight: 400;\">krig, <\/span><span style=\"font-weight: 400;\">leverant\u00f6rs-, transport- eller produktionsst\u00f6rningar, valutakurs\u00e4ndringar, myndighets\u00e5tg\u00e4rd, lagstiftning eller naturkatastrof.<\/span><\/p>\t\t\t\t\t\t\t\t<\/div>\n\t\t\t\t<\/div>\n\t\t\t\t<div class=\"elementor-element elementor-element-ae055bd elementor-widget elementor-widget-heading\" data-id=\"ae055bd\" data-element_type=\"widget\" data-e-type=\"widget\" data-widget_type=\"heading.default\">\n\t\t\t\t<div class=\"elementor-widget-container\">\n\t\t\t\t\t<h2 class=\"elementor-heading-title elementor-size-default\">Hinnat ja maksu<\/h2>\t\t\t\t<\/div>\n\t\t\t\t<\/div>\n\t\t\t\t<div class=\"elementor-element elementor-element-264e17b elementor-widget elementor-widget-text-editor\" data-id=\"264e17b\" data-element_type=\"widget\" data-e-type=\"widget\" data-widget_type=\"text-editor.default\">\n\t\t\t\t<div class=\"elementor-widget-container\">\n\t\t\t\t\t\t\t\t\t<p><span style=\"font-weight: 400;\">Priserna \u00e4r angivna i svenska kronor. Samtliga priser \u00e4r inklusive 25% moms. Priserna inkluderar inte frakt och eventuella betalningsavgifter.<\/span><\/p><p><span style=\"font-weight: 400;\">Sn\u00eak reserverar sig kohteelle eventuella pris\u00e4ndringar ja felaktiga priser ja har r\u00e4tt ett\u00e4 h\u00e4va k\u00f6pet ja \u00e5terbetala kunden kohteelle erlagd betalning innan produktion p\u00e5b\u00f6rjats.\u00a0<\/span><\/p><p><span style=\"font-weight: 400;\">F\u00f6r best\u00e4llningar p\u00e5 keitti\u00f6 sker betalning via faktura; 50% i kohteelleskott vid orderl\u00e4ggandet ja resterande 50% mot 10 dagar netto vid leverans.<\/span><\/p><p><span style=\"font-weight: 400;\">Vid order i web shoppen g\u00e4ller f\u00f6rskottsbetalning p\u00e5 100% av beloppet.<\/span><\/p><p><span style=\"font-weight: 400;\">Betalning g\u00f6rs p\u00e5 de s\u00e4tt som anges p\u00e5 Sn\u00eaks hemsida. F\u00f6r tillf\u00e4llet via Plusgiro.<\/span><\/p>\t\t\t\t\t\t\t\t<\/div>\n\t\t\t\t<\/div>\n\t\t\t\t<div class=\"elementor-element elementor-element-acef99b elementor-widget elementor-widget-heading\" data-id=\"acef99b\" data-element_type=\"widget\" data-e-type=\"widget\" data-widget_type=\"heading.default\">\n\t\t\t\t<div class=\"elementor-widget-container\">\n\t\t\t\t\t<h2 class=\"elementor-heading-title elementor-size-default\">Sn\u00eakin yleiset ehdot<\/h2>\t\t\t\t<\/div>\n\t\t\t\t<\/div>\n\t\t\t\t<div class=\"elementor-element elementor-element-64a282fd elementor-widget elementor-widget-text-editor\" data-id=\"64a282fd\" data-element_type=\"widget\" data-e-type=\"widget\" data-widget_type=\"text-editor.default\">\n\t\t\t\t<div class=\"elementor-widget-container\">\n\t\t\t\t\t\t\t\t\t<p><span style=\"font-weight: 400;\">K\u00f6pvillkoren till\u00e4mpas d\u00e5 svensk eller annan g\u00e4llande lag ej f\u00f6reskriver villkor som \u00e4r i konflikt med desamma. F\u00f6r privatpersoner g\u00e4ller konsumentk\u00f6plagen samt distansavtalslagen i fall som inte omfattas av dessa k\u00f6pvillkor.<\/span><\/p>\t\t\t\t\t\t\t\t<\/div>\n\t\t\t\t<\/div>\n\t\t\t\t\t<\/div>\n\t\t\t\t<\/div>\n\t\t\t\t<\/div>\n\t\t","protected":false},"excerpt":{"rendered":"<p>K\u00f6p &#8211; &amp; leveransvillkor Pienin tilaussumma P\u00e5 grund av h\u00f6ga st\u00e4llkostnader tar vi inte emot ordrar under 10 000 kr (inklusive moms &amp; frakt) d\u00e5 alla ordrar tillverkas p\u00e5 best\u00e4llning. Det g\u00e5r dock bra att komplettera en redan gjord best\u00e4llning. Tilaukset Du m\u00e5ste ha fyllt 18 \u00e5r f\u00f6r att handla hos oss. Kunduppgifterna ska vara [&hellip;]<\/p>\n","protected":false},"author":0,"featured_media":0,"parent":0,"menu_order":0,"comment_status":"closed","ping_status":"closed","template":"elementor_canvas","meta":{"_acf_changed":false,"footnotes":""},"class_list":["post-155134","page","type-page","status-publish","hentry"],"acf":[],"yoast_head":"<!-- This site is optimized with the Yoast SEO plugin v27.2 - https:\/\/yoast.com\/product\/yoast-seo-wordpress\/ -->\n<title>Ehdot | Sn\u00eak<\/title>\n<meta name=\"description\" content=\"Villkor f\u00f6r k\u00f6p och leverans av k\u00f6k fr\u00e5n Sn\u00eak. Best\u00e4llningar, leverans, retur och garantier.\" \/>\n<meta name=\"robots\" content=\"index, follow, max-snippet:-1, max-image-preview:large, max-video-preview:-1\" \/>\n<link rel=\"canonical\" href=\"https:\/\/www.snek.se\/fi\/ehdot\/\" \/>\n<meta property=\"og:locale\" content=\"fi_FI\" \/>\n<meta property=\"og:type\" content=\"article\" \/>\n<meta property=\"og:title\" content=\"Ehdot | Sn\u00eak\" \/>\n<meta property=\"og:description\" content=\"Villkor f\u00f6r k\u00f6p och leverans av k\u00f6k fr\u00e5n Sn\u00eak. Best\u00e4llningar, leverans, retur och garantier.\" \/>\n<meta property=\"og:url\" content=\"https:\/\/www.snek.se\/fi\/ehdot\/\" \/>\n<meta property=\"og:site_name\" content=\"Sn\u00eak\" \/>\n<meta property=\"article:publisher\" content=\"https:\/\/www.facebook.com\/snekkitchens\/\" \/>\n<meta name=\"twitter:card\" content=\"summary_large_image\" \/>\n<meta name=\"twitter:label1\" content=\"Est. reading time\" \/>\n\t<meta name=\"twitter:data1\" content=\"4 minutes\" \/>\n<script type=\"application\/ld+json\" class=\"yoast-schema-graph\">{\"@context\":\"https:\/\/schema.org\",\"@graph\":[{\"@type\":\"WebPage\",\"@id\":\"https:\/\/www.snek.se\/fi\/ehdot\/\",\"url\":\"https:\/\/www.snek.se\/fi\/ehdot\/\",\"name\":\"Ehdot | Sn\u00eak\",\"isPartOf\":{\"@id\":\"https:\/\/www.snek.se\/fi\/#website\"},\"datePublished\":\"2026-04-08T17:10:01+00:00\",\"description\":\"Villkor f\u00f6r k\u00f6p och leverans av k\u00f6k fr\u00e5n Sn\u00eak. Best\u00e4llningar, leverans, retur och garantier.\",\"breadcrumb\":{\"@id\":\"https:\/\/www.snek.se\/fi\/ehdot\/#breadcrumb\"},\"inLanguage\":\"fi\",\"potentialAction\":[{\"@type\":\"ReadAction\",\"target\":[\"https:\/\/www.snek.se\/fi\/ehdot\/\"]}]},{\"@type\":\"BreadcrumbList\",\"@id\":\"https:\/\/www.snek.se\/fi\/ehdot\/#breadcrumb\",\"itemListElement\":[{\"@type\":\"ListItem\",\"position\":1,\"name\":\"Hem\",\"item\":\"https:\/\/www.snek.se\/fi\/\"},{\"@type\":\"ListItem\",\"position\":2,\"name\":\"Ehdot\"}]},{\"@type\":\"WebSite\",\"@id\":\"https:\/\/www.snek.se\/fi\/#website\",\"url\":\"https:\/\/www.snek.se\/fi\/\",\"name\":\"Sn\u00eak\",\"description\":\"K\u00e4sity\u00f6n\u00e4 valmistetut keitti\u00f6t Norrbottenista\",\"publisher\":{\"@id\":\"https:\/\/www.snek.se\/fi\/#organization\"},\"potentialAction\":[{\"@type\":\"SearchAction\",\"target\":{\"@type\":\"EntryPoint\",\"urlTemplate\":\"https:\/\/www.snek.se\/fi\/?s={search_term_string}\"},\"query-input\":{\"@type\":\"PropertyValueSpecification\",\"valueRequired\":true,\"valueName\":\"search_term_string\"}}],\"inLanguage\":\"fi\"},{\"@type\":\"Organization\",\"@id\":\"https:\/\/www.snek.se\/fi\/#organization\",\"name\":\"Sn\u00eak\",\"url\":\"https:\/\/www.snek.se\/fi\/\",\"logo\":{\"@type\":\"ImageObject\",\"inLanguage\":\"fi\",\"@id\":\"https:\/\/www.snek.se\/fi\/#\/schema\/logo\/image\/\",\"url\":\"https:\/\/www.snek.se\/wp-content\/uploads\/2026\/01\/snek-logotyp-insta-scaled.jpg\",\"contentUrl\":\"https:\/\/www.snek.se\/wp-content\/uploads\/2026\/01\/snek-logotyp-insta-scaled.jpg\",\"width\":2560,\"height\":2560,\"caption\":\"Sn\u00eak\"},\"image\":{\"@id\":\"https:\/\/www.snek.se\/fi\/#\/schema\/logo\/image\/\"},\"sameAs\":[\"https:\/\/www.facebook.com\/snekkitchens\/\",\"https:\/\/www.instagram.com\/snek.kok\/\",\"https:\/\/www.linkedin.com\/company\/snek-kok\/\",\"https:\/\/se.pinterest.com\/SnekKitchens\/\",\"https:\/\/www.youtube.com\/channel\/UCT9DWn-4DMpKHHqbRXV4bZQ\/\"]}]}<\/script>\n<!-- \/ Yoast SEO plugin. -->","yoast_head_json":{"title":"Ehdot | Sn\u00eak","description":"Villkor f\u00f6r k\u00f6p och leverans av k\u00f6k fr\u00e5n Sn\u00eak. Best\u00e4llningar, leverans, retur och garantier.","robots":{"index":"index","follow":"follow","max-snippet":"max-snippet:-1","max-image-preview":"max-image-preview:large","max-video-preview":"max-video-preview:-1"},"canonical":"https:\/\/www.snek.se\/fi\/ehdot\/","og_locale":"fi_FI","og_type":"article","og_title":"Ehdot | Sn\u00eak","og_description":"Villkor f\u00f6r k\u00f6p och leverans av k\u00f6k fr\u00e5n Sn\u00eak. Best\u00e4llningar, leverans, retur och garantier.","og_url":"https:\/\/www.snek.se\/fi\/ehdot\/","og_site_name":"Sn\u00eak","article_publisher":"https:\/\/www.facebook.com\/snekkitchens\/","twitter_card":"summary_large_image","twitter_misc":{"Est. reading time":"4 minutes"},"schema":{"@context":"https:\/\/schema.org","@graph":[{"@type":"WebPage","@id":"https:\/\/www.snek.se\/fi\/ehdot\/","url":"https:\/\/www.snek.se\/fi\/ehdot\/","name":"Ehdot | Sn\u00eak","isPartOf":{"@id":"https:\/\/www.snek.se\/fi\/#website"},"datePublished":"2026-04-08T17:10:01+00:00","description":"Villkor f\u00f6r k\u00f6p och leverans av k\u00f6k fr\u00e5n Sn\u00eak. Best\u00e4llningar, leverans, retur och garantier.","breadcrumb":{"@id":"https:\/\/www.snek.se\/fi\/ehdot\/#breadcrumb"},"inLanguage":"fi","potentialAction":[{"@type":"ReadAction","target":["https:\/\/www.snek.se\/fi\/ehdot\/"]}]},{"@type":"BreadcrumbList","@id":"https:\/\/www.snek.se\/fi\/ehdot\/#breadcrumb","itemListElement":[{"@type":"ListItem","position":1,"name":"Hem","item":"https:\/\/www.snek.se\/fi\/"},{"@type":"ListItem","position":2,"name":"Ehdot"}]},{"@type":"WebSite","@id":"https:\/\/www.snek.se\/fi\/#website","url":"https:\/\/www.snek.se\/fi\/","name":"Sn\u00eak","description":"K\u00e4sity\u00f6n\u00e4 valmistetut keitti\u00f6t Norrbottenista","publisher":{"@id":"https:\/\/www.snek.se\/fi\/#organization"},"potentialAction":[{"@type":"SearchAction","target":{"@type":"EntryPoint","urlTemplate":"https:\/\/www.snek.se\/fi\/?s={search_term_string}"},"query-input":{"@type":"PropertyValueSpecification","valueRequired":true,"valueName":"search_term_string"}}],"inLanguage":"fi"},{"@type":"Organization","@id":"https:\/\/www.snek.se\/fi\/#organization","name":"Sn\u00eak","url":"https:\/\/www.snek.se\/fi\/","logo":{"@type":"ImageObject","inLanguage":"fi","@id":"https:\/\/www.snek.se\/fi\/#\/schema\/logo\/image\/","url":"https:\/\/www.snek.se\/wp-content\/uploads\/2026\/01\/snek-logotyp-insta-scaled.jpg","contentUrl":"https:\/\/www.snek.se\/wp-content\/uploads\/2026\/01\/snek-logotyp-insta-scaled.jpg","width":2560,"height":2560,"caption":"Sn\u00eak"},"image":{"@id":"https:\/\/www.snek.se\/fi\/#\/schema\/logo\/image\/"},"sameAs":["https:\/\/www.facebook.com\/snekkitchens\/","https:\/\/www.instagram.com\/snek.kok\/","https:\/\/www.linkedin.com\/company\/snek-kok\/","https:\/\/se.pinterest.com\/SnekKitchens\/","https:\/\/www.youtube.com\/channel\/UCT9DWn-4DMpKHHqbRXV4bZQ\/"]}]}},"_links":{"self":[{"href":"https:\/\/www.snek.se\/fi\/wp-json\/wp\/v2\/pages\/155134","targetHints":{"allow":["GET"]}}],"collection":[{"href":"https:\/\/www.snek.se\/fi\/wp-json\/wp\/v2\/pages"}],"about":[{"href":"https:\/\/www.snek.se\/fi\/wp-json\/wp\/v2\/types\/page"}],"replies":[{"embeddable":true,"href":"https:\/\/www.snek.se\/fi\/wp-json\/wp\/v2\/comments?post=155134"}],"version-history":[{"count":1,"href":"https:\/\/www.snek.se\/fi\/wp-json\/wp\/v2\/pages\/155134\/revisions"}],"predecessor-version":[{"id":155135,"href":"https:\/\/www.snek.se\/fi\/wp-json\/wp\/v2\/pages\/155134\/revisions\/155135"}],"wp:attachment":[{"href":"https:\/\/www.snek.se\/fi\/wp-json\/wp\/v2\/media?parent=155134"}],"curies":[{"name":"wp","href":"https:\/\/api.w.org\/{rel}","templated":true}]}}