{"id":155116,"date":"2026-04-08T19:10:00","date_gmt":"2026-04-08T17:10:00","guid":{"rendered":"https:\/\/www.snek.se\/etusivu\/"},"modified":"2026-04-08T19:10:00","modified_gmt":"2026-04-08T17:10:00","slug":"etusivu","status":"publish","type":"page","link":"https:\/\/www.snek.se\/fi\/","title":{"rendered":"Etusivu"},"content":{"rendered":"<p><img fetchpriority=\"high\" decoding=\"async\" width=\"800\" height=\"460\" src=\"https:\/\/www.snek.se\/wp-content\/uploads\/2025\/06\/Snek_tagline_white_screen-2000x1149.png\" alt=\"\" srcset=\"https:\/\/www.snek.se\/wp-content\/uploads\/2025\/06\/Snek_tagline_white_screen-2000x1149.png 2000w, https:\/\/www.snek.se\/wp-content\/uploads\/2025\/06\/Snek_tagline_white_screen-500x287.png 500w, https:\/\/www.snek.se\/wp-content\/uploads\/2025\/06\/Snek_tagline_white_screen-768x441.png 768w, https:\/\/www.snek.se\/wp-content\/uploads\/2025\/06\/Snek_tagline_white_screen-1536x883.png 1536w, https:\/\/www.snek.se\/wp-content\/uploads\/2025\/06\/Snek_tagline_white_screen-2048x1177.png 2048w, https:\/\/www.snek.se\/wp-content\/uploads\/2025\/06\/Snek_tagline_white_screen-1200x690.png 1200w\" sizes=\"(max-width: 800px) 100vw, 800px\" \/>\t\t\t\t\t\t\t\t\t\t\t\t\t\t\t<\/p>\n<h1>Puusta rakennettu tarina<\/h1>\n<p style=\"text-align: center;\">Hos Sn\u00eak skapar vi m\u00f6bler med traditionella hantverksmetoder. \u2028<br \/>Vi anv\u00e4nder massivt tr\u00e4 fr\u00e5n skogarna runt om och l\u00e5ter materialen \u2028synas och m\u00e4rkas.<\/p>\n<p style=\"text-align: center;\">Genom att kombinera traditionella hantverksmetoder med nya teknologier har vi skapat v\u00e5r egen definition av begreppet \u201dplatsbyggt\u201d. Alla v\u00e5ra m\u00f6bler \u00e4r skapade f\u00f6r den plats de ska st\u00e5 p\u00e5. \u2028Med en k\u00e4nsla och en kvalitet som bara ett snickrat k\u00f6k kan erbjuda.<\/p>\n<p>\t\t\t\t\t<a href=\"https:\/\/www.snek.se\/fi\/tietoa-snekista\/\" style=\"text-decoration: none;\"><br \/>\n    <button><br \/>\n        L\u00e4s mer om Sn\u00eak<br \/>\n    <\/button><br \/>\n<\/a>\t\t\t\t<\/p>\n<h2>Meill\u00e4 on <br \/>juuret pohjoisessa<\/h2>\n<p>I T\u00f6refors, d\u00e4r vi bor, m\u00e4rks naturen. H\u00e4r \u00e4r skogen alltid n\u00e4ra och h\u00e4r har man arbetat med tr\u00e4 i \u00e5rhundraden. N\u00e4r vi snickrar v\u00e5ra k\u00f6k \u00e4r det inte bara p\u00e5 v\u00e5ra villkor. Tallskogarna kr\u00e4ver att vi behandlar virket med respekt och \u00e5terg\u00e4ldar g\u00e5van genom att v\u00e5rda och v\u00e4rna tr\u00e4den som v\u00e4xer upp.<\/p>\n<h2>Meill\u00e4 on juuret pohjoisessa<\/h2>\n<h2>Meill\u00e4 on juuret pohjoisessa<\/h2>\n<p>I T\u00f6refors, d\u00e4r vi bor, m\u00e4rks naturen. H\u00e4r \u00e4r skogen alltid n\u00e4ra och h\u00e4r har man arbetat med tr\u00e4 i \u00e5rhundraden. N\u00e4r vi snickrar v\u00e5ra k\u00f6k \u00e4r det inte bara p\u00e5 v\u00e5ra villkor. Tallskogarna kr\u00e4ver att vi behandlar virket med respekt och \u00e5terg\u00e4ldar g\u00e5van genom att v\u00e5rda och v\u00e4rna tr\u00e4den som v\u00e4xer upp.<\/p>\n<h3>Kaapit <br \/>sinun mittoihisi<\/h3>\n<h2>Kaapit sinun mittoihisi<\/h2>\n<p>Inget k\u00f6k \u00e4r det andra likt. D\u00e4rf\u00f6r bygger vi varje sk\u00e5p efter sinun mittoihisi, ditt rum och dina behov. Allt i massivt tr\u00e4, med k\u00e4nsla f\u00f6r detaljer och en omsorg som m\u00e4rks. Vi anpassar stommarna f\u00f6r rummet, krokiga v\u00e4ggar, sneda tak och golv kan vi enkelt hantera s\u00e5 diskutera era f\u00f6ruts\u00e4ttningar med oss.<\/p>\n<p>\t\t\t\t\t<a href=\"https:\/\/www.snek.se\/fi\/suunnittelutyokalu\/\" style=\"text-decoration: none;\"><br \/>\n    <button><br \/>\n        Designa ditt k\u00f6k<br \/>\n    <\/button><br \/>\n<\/a><br \/>\n\t\t\t\t\t<a href=\"https:\/\/www.snek.se\/fi\/keskustelu-keittiosuunnittelija\/\" style=\"text-decoration: none;\"><br \/>\n    <button><br \/>\n        Boka m\u00f6te<br \/>\n    <\/button><br \/>\n<\/a>\t\t\t\t<\/p>\n<h3>Mit\u00e4 maksaa <br \/>Sn\u00eak-keitti\u00f6?<\/h3>\n<p>Varje k\u00f6k vi bygger \u00e4r unikt och ritat efter sinun mittoihisi. Priset p\u00e5verkas av k\u00f6kets storlek och planl\u00f6sning, antalet l\u00e5dor och inv\u00e4ndig- samt utv\u00e4ndig ytbehandling.<\/p>\n<p>Vi arbetar \u00f6ppet och tydligt. Boka ett kostnadsfritt m\u00f6te s\u00e5 g\u00e5r vi igenom dina behov, ritar f\u00f6rslaget och tar fram en offert med m\u00f6jliga alternativ.<\/p>\n<p>H\u00e4r nedan visar vi n\u00e5gra riktlinjer.<\/p>\n<h4>Valitse koko:<\/h4>\n<p>H\u00e4r visar vi n\u00e5gra exempel p\u00e5 olika k\u00f6ksstorlekar.<br data-start=\"250\" data-end=\"253\" \/>Priset p\u00e5verkas av hur stort k\u00f6ket \u00e4r, hur det ska behandlas och hur mycket du sj\u00e4lv vill g\u00f6ra.<\/p>\n<p>\t\t\t\t\t<button id=\"btn-small\"><br \/>\n    Liten<br \/>\n<\/button><br \/>\n\t\t\t\t\t<button id=\"btn-medium\"><br \/>\n    Mellan<br \/>\n<\/button><br \/>\n\t\t\t\t\t<button id=\"btn-large\"><br \/>\n    Stort<br \/>\n<\/button><br \/>\n\t\t\t\t\t\t\t\t\t\t\t\t\t\t\t<img decoding=\"async\" width=\"2560\" height=\"1932\" src=\"https:\/\/www.snek.se\/wp-content\/uploads\/2025\/09\/small-scaled.png\" alt=\"\" srcset=\"https:\/\/www.snek.se\/wp-content\/uploads\/2025\/09\/small-scaled.png 2560w, https:\/\/www.snek.se\/wp-content\/uploads\/2025\/09\/small-500x377.png 500w, https:\/\/www.snek.se\/wp-content\/uploads\/2025\/09\/small-2000x1510.png 2000w, https:\/\/www.snek.se\/wp-content\/uploads\/2025\/09\/small-768x580.png 768w, https:\/\/www.snek.se\/wp-content\/uploads\/2025\/09\/small-1536x1159.png 1536w, https:\/\/www.snek.se\/wp-content\/uploads\/2025\/09\/small-2048x1546.png 2048w\" sizes=\"(max-width: 2560px) 100vw, 2560px\" \/><br \/>\n\t\t\t\t\t\t\t\t\t\t\t\t\t\t\t<img decoding=\"async\" width=\"1583\" height=\"675\" src=\"https:\/\/www.snek.se\/wp-content\/uploads\/2025\/09\/medium.svg\" alt=\"\" \/><br \/>\n\t\t\t\t\t\t\t\t\t\t\t\t\t\t\t<img loading=\"lazy\" decoding=\"async\" width=\"1773\" height=\"676\" src=\"https:\/\/www.snek.se\/wp-content\/uploads\/2025\/09\/large.svg\" alt=\"\" \/>\t\t\t\t\t\t\t\t\t\t\t\t\t\t\t<\/p>\n<h4>Hintaesimerkki mellan k\u00f6k<\/h4>\n<p>Detta k\u00f6k best\u00e5r av 10 stommar. Priset varierar beroende p\u00e5 om du vill ha det obehandlat, m\u00e5lat, monterat.<\/p>\n<p>\t\t\t\t\t<a href=\"https:\/\/www.snek.se\/designer.html#project-10032-46556\" target=\"_blank\" rel=\"noopener noreferrer\" style=\"text-decoration: none\"><br \/>\n    <button><br \/>\n        Se k\u00f6ket<br \/>\n    <\/button><br \/>\n<\/a><\/p>\n<h2>103 000 \u2013 <br \/>160 000 kr<\/h2>\n<h4>Hintaesimerkki litet k\u00f6k<\/h4>\n<p>Detta k\u00f6k best\u00e5r av 6 stommar. Priset varierar beroende p\u00e5 om du vill ha det obehandlat, m\u00e5lat eller monterat.<\/p>\n<p>\t\t\t\t\t<a href=\"https:\/\/www.snek.se\/designer.html#project-10031-46551\" target=\"_blank\" rel=\"noopener noreferrer\" style=\"text-decoration: none\"><br \/>\n    <button><br \/>\n        Se k\u00f6ket<br \/>\n    <\/button><br \/>\n<\/a><\/p>\n<h2>71 000 \u2013 <br \/>102 000 kr<\/h2>\n<h2>Hintaesimerkki stort k\u00f6k<\/h2>\n<p>Detta k\u00f6k best\u00e5r av 16 stommar. Priset varierar beroende p\u00e5 om du vill ha det obehandlat, m\u00e5lat, monterat.<\/p>\n<p>\t\t\t\t\t<a href=\"https:\/\/www.snek.se\/designer.html#project-9725-44443\" style=\"text-decoration: none\"><br \/>\n    <button><br \/>\n        Se k\u00f6ket<br \/>\n    <\/button><br \/>\n<\/a>\t\t\t\t<\/p>\n<h2>214 000 &#8211; 330 000 kr<\/h2>\n<h4>Hintaesimerkki stort k\u00f6k<\/h4>\n<p>Detta k\u00f6k best\u00e5r av 14 stommar. Priset varierar beroende p\u00e5 om du vill ha det obehandlat, m\u00e5lat, monterat.<\/p>\n<p>\t\t\t\t\t<a href=\"https:\/\/www.snek.se\/designer.html#project-10033-46555\" target=\"_blank\" rel=\"noopener noreferrer\" style=\"text-decoration: none\"><br \/>\n    <button><br \/>\n        Se k\u00f6ket<br \/>\n    <\/button><br \/>\n<\/a><\/p>\n<h2>139 000 \u2013<br \/> 215 000 kr<\/h2>\n<p>\t\t\t\t\t\t\t\t\t\t\t\t\t\t\t<img loading=\"lazy\" decoding=\"async\" width=\"800\" height=\"385\" src=\"https:\/\/www.snek.se\/wp-content\/uploads\/2026\/01\/customize.png\" alt=\"\" srcset=\"https:\/\/www.snek.se\/wp-content\/uploads\/2026\/01\/customize.png 1230w, https:\/\/www.snek.se\/wp-content\/uploads\/2026\/01\/customize-500x241.png 500w, https:\/\/www.snek.se\/wp-content\/uploads\/2026\/01\/customize-768x370.png 768w\" sizes=\"(max-width: 800px) 100vw, 800px\" \/>\t\t\t\t\t\t\t\t\t\t\t\t\t\t\t<\/p>\n<h5>Mit\u00e4 haluat tehd\u00e4 itse?<\/h5>\n<p>Hos oss v\u00e4ljer du hur mycket du vill g\u00f6ra sj\u00e4lv. Du kan f\u00e5 k\u00f6ket obehandlat och omonterat eller f\u00e4rdigm\u00e5lat och klart att installera. N\u00e4r du monterar och m\u00e5lar sj\u00e4lv<br \/>f\u00e5r du mer k\u00f6k f\u00f6r pengarna.<\/p>\n<h6>Vill du prata k\u00f6k med oss?<\/h6>\n<p>Det kan vara sk\u00f6nt att prata med n\u00e5gon som vet hur allt h\u00e4nger ihop.<br data-start=\"541\" data-end=\"544\" \/>Oavsett om du har b\u00f6rjat skissa eller bara vill bolla en id\u00e9 \u00e4r du v\u00e4lkommen att boka ett m\u00f6te.<br data-start=\"639\" data-end=\"642\" \/>Vi hj\u00e4lper dig att se vad som \u00e4r m\u00f6jligt och hur du kan b\u00f6rja.<\/p>\n<p>\t\t\t\t\t<a href=\"https:\/\/www.snek.se\/fi\/suunnittele-keittio\/\" style=\"text-decoration: none;\"><br \/>\n    <button><br \/>\n        Planera med oss<br \/>\n    <\/button><br \/>\n<\/a><\/p>\n","protected":false},"excerpt":{"rendered":"<p>Puusta rakennettu tarina Hos Sn\u00eak skapar vi m\u00f6bler med traditionella hantverksmetoder. \u2028Vi anv\u00e4nder massivt tr\u00e4 fr\u00e5n skogarna runt om och l\u00e5ter materialen \u2028synas och m\u00e4rkas. Genom att kombinera traditionella hantverksmetoder med nya teknologier har vi skapat v\u00e5r egen definition av begreppet \u201dplatsbyggt\u201d. Alla v\u00e5ra m\u00f6bler \u00e4r skapade f\u00f6r den plats de ska st\u00e5 p\u00e5. \u2028Med [&hellip;]<\/p>\n","protected":false},"author":0,"featured_media":142343,"parent":0,"menu_order":0,"comment_status":"closed","ping_status":"closed","template":"elementor_header_footer","meta":{"_acf_changed":false,"footnotes":""},"class_list":["post-155116","page","type-page","status-publish","has-post-thumbnail","hentry"],"acf":[],"yoast_head":"<!-- This site is optimized with the Yoast SEO plugin v27.2 - https:\/\/yoast.com\/product\/yoast-seo-wordpress\/ -->\n<title>Sn\u00eak \u2013 K\u00e4sity\u00f6n\u00e4 valmistetut massiivipuukeitti\u00f6t<\/title>\n<meta name=\"description\" content=\"K\u00e4sity\u00f6n\u00e4 valmistetut massiivipuukeitti\u00f6t Norrbottenista. Jokainen keitti\u00f6 rakennetaan mittoihisi perinteisin k\u00e4sity\u00f6menetelmin. Tutustu keitti\u00f6ihimme alkaen 71 000 SEK.\" \/>\n<meta name=\"robots\" content=\"index, follow, max-snippet:-1, max-image-preview:large, max-video-preview:-1\" \/>\n<link rel=\"canonical\" href=\"https:\/\/www.snek.se\/fi\/\" \/>\n<meta property=\"og:locale\" content=\"fi_FI\" \/>\n<meta property=\"og:type\" content=\"article\" \/>\n<meta property=\"og:title\" content=\"Sn\u00eak \u2013 K\u00e4sity\u00f6n\u00e4 valmistetut massiivipuukeitti\u00f6t\" \/>\n<meta property=\"og:description\" content=\"K\u00e4sity\u00f6n\u00e4 valmistetut massiivipuukeitti\u00f6t Norrbottenista. Jokainen keitti\u00f6 rakennetaan mittoihisi perinteisin k\u00e4sity\u00f6menetelmin. Tutustu keitti\u00f6ihimme alkaen 71 000 SEK.\" \/>\n<meta property=\"og:url\" content=\"https:\/\/www.snek.se\/fi\/\" \/>\n<meta property=\"og:site_name\" content=\"Sn\u00eak\" \/>\n<meta property=\"article:publisher\" content=\"https:\/\/www.facebook.com\/snekkitchens\/\" \/>\n<meta property=\"og:image\" content=\"https:\/\/www.snek.se\/wp-content\/uploads\/2025\/03\/Snek_CarolineBorg_31-1-scaled.jpg\" \/>\n\t<meta property=\"og:image:width\" content=\"2560\" \/>\n\t<meta property=\"og:image:height\" content=\"1708\" \/>\n\t<meta property=\"og:image:type\" content=\"image\/jpeg\" \/>\n<meta name=\"twitter:card\" content=\"summary_large_image\" \/>\n<meta name=\"twitter:label1\" content=\"Est. reading time\" \/>\n\t<meta name=\"twitter:data1\" content=\"4 minutes\" \/>\n<script type=\"application\/ld+json\" class=\"yoast-schema-graph\">{\"@context\":\"https:\/\/schema.org\",\"@graph\":[{\"@type\":\"WebPage\",\"@id\":\"https:\/\/www.snek.se\/fi\/\",\"url\":\"https:\/\/www.snek.se\/fi\/\",\"name\":\"Sn\u00eak \u2013 K\u00e4sity\u00f6n\u00e4 valmistetut massiivipuukeitti\u00f6t\",\"isPartOf\":{\"@id\":\"https:\/\/www.snek.se\/fi\/#website\"},\"primaryImageOfPage\":{\"@id\":\"https:\/\/www.snek.se\/fi\/#primaryimage\"},\"image\":{\"@id\":\"https:\/\/www.snek.se\/fi\/#primaryimage\"},\"thumbnailUrl\":\"https:\/\/www.snek.se\/wp-content\/uploads\/2025\/03\/Snek_CarolineBorg_31-1-scaled.jpg\",\"datePublished\":\"2026-04-08T17:10:00+00:00\",\"description\":\"K\u00e4sity\u00f6n\u00e4 valmistetut massiivipuukeitti\u00f6t Norrbottenista. Jokainen keitti\u00f6 rakennetaan mittoihisi perinteisin k\u00e4sity\u00f6menetelmin. Tutustu keitti\u00f6ihimme alkaen 71 000 SEK.\",\"breadcrumb\":{\"@id\":\"https:\/\/www.snek.se\/fi\/#breadcrumb\"},\"inLanguage\":\"fi\",\"potentialAction\":[{\"@type\":\"ReadAction\",\"target\":[\"https:\/\/www.snek.se\/fi\/\"]}]},{\"@type\":\"ImageObject\",\"inLanguage\":\"fi\",\"@id\":\"https:\/\/www.snek.se\/fi\/#primaryimage\",\"url\":\"https:\/\/www.snek.se\/wp-content\/uploads\/2025\/03\/Snek_CarolineBorg_31-1-scaled.jpg\",\"contentUrl\":\"https:\/\/www.snek.se\/wp-content\/uploads\/2025\/03\/Snek_CarolineBorg_31-1-scaled.jpg\",\"width\":2560,\"height\":1708,\"caption\":\"Ett k\u00f6k i massivt tr\u00e4 som naturligt samspelar med hemmets sociala ytor.\"},{\"@type\":\"BreadcrumbList\",\"@id\":\"https:\/\/www.snek.se\/fi\/#breadcrumb\",\"itemListElement\":[{\"@type\":\"ListItem\",\"position\":1,\"name\":\"Hem\",\"item\":\"https:\/\/www.snek.se\/fi\/\"},{\"@type\":\"ListItem\",\"position\":2,\"name\":\"Etusivu\"}]},{\"@type\":\"WebSite\",\"@id\":\"https:\/\/www.snek.se\/fi\/#website\",\"url\":\"https:\/\/www.snek.se\/fi\/\",\"name\":\"Sn\u00eak\",\"description\":\"Snickrade k\u00f6k fr\u00e5n Norrbotten\",\"publisher\":{\"@id\":\"https:\/\/www.snek.se\/fi\/#organization\"},\"potentialAction\":[{\"@type\":\"SearchAction\",\"target\":{\"@type\":\"EntryPoint\",\"urlTemplate\":\"https:\/\/www.snek.se\/fi\/?s={search_term_string}\"},\"query-input\":{\"@type\":\"PropertyValueSpecification\",\"valueRequired\":true,\"valueName\":\"search_term_string\"}}],\"inLanguage\":\"fi\"},{\"@type\":\"Organization\",\"@id\":\"https:\/\/www.snek.se\/fi\/#organization\",\"name\":\"Sn\u00eak\",\"url\":\"https:\/\/www.snek.se\/fi\/\",\"logo\":{\"@type\":\"ImageObject\",\"inLanguage\":\"fi\",\"@id\":\"https:\/\/www.snek.se\/fi\/#\/schema\/logo\/image\/\",\"url\":\"https:\/\/www.snek.se\/wp-content\/uploads\/2026\/01\/snek-logotyp-insta-scaled.jpg\",\"contentUrl\":\"https:\/\/www.snek.se\/wp-content\/uploads\/2026\/01\/snek-logotyp-insta-scaled.jpg\",\"width\":2560,\"height\":2560,\"caption\":\"Sn\u00eak\"},\"image\":{\"@id\":\"https:\/\/www.snek.se\/fi\/#\/schema\/logo\/image\/\"},\"sameAs\":[\"https:\/\/www.facebook.com\/snekkitchens\/\",\"https:\/\/www.instagram.com\/snek.kok\/\",\"https:\/\/www.linkedin.com\/company\/snek-kok\/\",\"https:\/\/se.pinterest.com\/SnekKitchens\/\",\"https:\/\/www.youtube.com\/channel\/UCT9DWn-4DMpKHHqbRXV4bZQ\/\"]}]}<\/script>\n<!-- \/ Yoast SEO plugin. -->","yoast_head_json":{"title":"Sn\u00eak \u2013 K\u00e4sity\u00f6n\u00e4 valmistetut massiivipuukeitti\u00f6t","description":"K\u00e4sity\u00f6n\u00e4 valmistetut massiivipuukeitti\u00f6t Norrbottenista. Jokainen keitti\u00f6 rakennetaan mittoihisi perinteisin k\u00e4sity\u00f6menetelmin. Tutustu keitti\u00f6ihimme alkaen 71 000 SEK.","robots":{"index":"index","follow":"follow","max-snippet":"max-snippet:-1","max-image-preview":"max-image-preview:large","max-video-preview":"max-video-preview:-1"},"canonical":"https:\/\/www.snek.se\/fi\/","og_locale":"fi_FI","og_type":"article","og_title":"Sn\u00eak \u2013 K\u00e4sity\u00f6n\u00e4 valmistetut massiivipuukeitti\u00f6t","og_description":"K\u00e4sity\u00f6n\u00e4 valmistetut massiivipuukeitti\u00f6t Norrbottenista. Jokainen keitti\u00f6 rakennetaan mittoihisi perinteisin k\u00e4sity\u00f6menetelmin. Tutustu keitti\u00f6ihimme alkaen 71 000 SEK.","og_url":"https:\/\/www.snek.se\/fi\/","og_site_name":"Sn\u00eak","article_publisher":"https:\/\/www.facebook.com\/snekkitchens\/","og_image":[{"width":2560,"height":1708,"url":"https:\/\/www.snek.se\/wp-content\/uploads\/2025\/03\/Snek_CarolineBorg_31-1-scaled.jpg","type":"image\/jpeg"}],"twitter_card":"summary_large_image","twitter_misc":{"Est. reading time":"4 minutes"},"schema":{"@context":"https:\/\/schema.org","@graph":[{"@type":"WebPage","@id":"https:\/\/www.snek.se\/fi\/","url":"https:\/\/www.snek.se\/fi\/","name":"Sn\u00eak \u2013 K\u00e4sity\u00f6n\u00e4 valmistetut massiivipuukeitti\u00f6t","isPartOf":{"@id":"https:\/\/www.snek.se\/fi\/#website"},"primaryImageOfPage":{"@id":"https:\/\/www.snek.se\/fi\/#primaryimage"},"image":{"@id":"https:\/\/www.snek.se\/fi\/#primaryimage"},"thumbnailUrl":"https:\/\/www.snek.se\/wp-content\/uploads\/2025\/03\/Snek_CarolineBorg_31-1-scaled.jpg","datePublished":"2026-04-08T17:10:00+00:00","description":"K\u00e4sity\u00f6n\u00e4 valmistetut massiivipuukeitti\u00f6t Norrbottenista. Jokainen keitti\u00f6 rakennetaan mittoihisi perinteisin k\u00e4sity\u00f6menetelmin. Tutustu keitti\u00f6ihimme alkaen 71 000 SEK.","breadcrumb":{"@id":"https:\/\/www.snek.se\/fi\/#breadcrumb"},"inLanguage":"fi","potentialAction":[{"@type":"ReadAction","target":["https:\/\/www.snek.se\/fi\/"]}]},{"@type":"ImageObject","inLanguage":"fi","@id":"https:\/\/www.snek.se\/fi\/#primaryimage","url":"https:\/\/www.snek.se\/wp-content\/uploads\/2025\/03\/Snek_CarolineBorg_31-1-scaled.jpg","contentUrl":"https:\/\/www.snek.se\/wp-content\/uploads\/2025\/03\/Snek_CarolineBorg_31-1-scaled.jpg","width":2560,"height":1708,"caption":"Ett k\u00f6k i massivt tr\u00e4 som naturligt samspelar med hemmets sociala ytor."},{"@type":"BreadcrumbList","@id":"https:\/\/www.snek.se\/fi\/#breadcrumb","itemListElement":[{"@type":"ListItem","position":1,"name":"Hem","item":"https:\/\/www.snek.se\/fi\/"},{"@type":"ListItem","position":2,"name":"Etusivu"}]},{"@type":"WebSite","@id":"https:\/\/www.snek.se\/fi\/#website","url":"https:\/\/www.snek.se\/fi\/","name":"Sn\u00eak","description":"Snickrade k\u00f6k fr\u00e5n Norrbotten","publisher":{"@id":"https:\/\/www.snek.se\/fi\/#organization"},"potentialAction":[{"@type":"SearchAction","target":{"@type":"EntryPoint","urlTemplate":"https:\/\/www.snek.se\/fi\/?s={search_term_string}"},"query-input":{"@type":"PropertyValueSpecification","valueRequired":true,"valueName":"search_term_string"}}],"inLanguage":"fi"},{"@type":"Organization","@id":"https:\/\/www.snek.se\/fi\/#organization","name":"Sn\u00eak","url":"https:\/\/www.snek.se\/fi\/","logo":{"@type":"ImageObject","inLanguage":"fi","@id":"https:\/\/www.snek.se\/fi\/#\/schema\/logo\/image\/","url":"https:\/\/www.snek.se\/wp-content\/uploads\/2026\/01\/snek-logotyp-insta-scaled.jpg","contentUrl":"https:\/\/www.snek.se\/wp-content\/uploads\/2026\/01\/snek-logotyp-insta-scaled.jpg","width":2560,"height":2560,"caption":"Sn\u00eak"},"image":{"@id":"https:\/\/www.snek.se\/fi\/#\/schema\/logo\/image\/"},"sameAs":["https:\/\/www.facebook.com\/snekkitchens\/","https:\/\/www.instagram.com\/snek.kok\/","https:\/\/www.linkedin.com\/company\/snek-kok\/","https:\/\/se.pinterest.com\/SnekKitchens\/","https:\/\/www.youtube.com\/channel\/UCT9DWn-4DMpKHHqbRXV4bZQ\/"]}]}},"_links":{"self":[{"href":"https:\/\/www.snek.se\/fi\/wp-json\/wp\/v2\/pages\/155116","targetHints":{"allow":["GET"]}}],"collection":[{"href":"https:\/\/www.snek.se\/fi\/wp-json\/wp\/v2\/pages"}],"about":[{"href":"https:\/\/www.snek.se\/fi\/wp-json\/wp\/v2\/types\/page"}],"replies":[{"embeddable":true,"href":"https:\/\/www.snek.se\/fi\/wp-json\/wp\/v2\/comments?post=155116"}],"version-history":[{"count":1,"href":"https:\/\/www.snek.se\/fi\/wp-json\/wp\/v2\/pages\/155116\/revisions"}],"predecessor-version":[{"id":155117,"href":"https:\/\/www.snek.se\/fi\/wp-json\/wp\/v2\/pages\/155116\/revisions\/155117"}],"wp:featuredmedia":[{"embeddable":true,"href":"https:\/\/www.snek.se\/fi\/wp-json\/wp\/v2\/media\/142343"}],"wp:attachment":[{"href":"https:\/\/www.snek.se\/fi\/wp-json\/wp\/v2\/media?parent=155116"}],"curies":[{"name":"wp","href":"https:\/\/api.w.org\/{rel}","templated":true}]}}