{"id":155106,"date":"2026-04-08T19:09:59","date_gmt":"2026-04-08T17:09:59","guid":{"rendered":"https:\/\/www.snek.se\/lopputarkistus\/"},"modified":"2026-04-08T19:09:59","modified_gmt":"2026-04-08T17:09:59","slug":"lopputarkistus","status":"publish","type":"page","link":"https:\/\/www.snek.se\/fi\/lopputarkistus\/","title":{"rendered":"Lopputarkistus"},"content":{"rendered":"<h2>Lopputarkistus<\/h2>\n<p>\t\tF\u00f6r dig som redan har lagt en order och har f\u00e5tt ett leveransdatum.\t\t<\/p>\n<h2>Tapaaminen ennen tuotannon aloitusta<\/h2>\n<p>Denna avst\u00e4mning g\u00f6rs alltid innan vi startar produktionen av ditt k\u00f6k. Avst\u00e4mningen b\u00f6r g\u00f6ras 6-8 veckor innan leverans av ditt k\u00f6k, s\u00e5 se till att boka in det i god tid s\u00e5 hittar vi en tid som passar dig. P\u00e5 avst\u00e4mningen g\u00e5r vi igenom din k\u00f6ksdesign och kontrollerar s\u00e5 att allt st\u00e4mmer. Ser vi att det kan g\u00f6ras f\u00f6rb\u00e4ttringar s\u00e5 kommer vi att f\u00f6resl\u00e5 det.<\/p>\n<p>F\u00f6r att ta ett slutavst\u00e4mningsm\u00f6te beh\u00f6ver vi slutgiltiga m\u00e5tt p\u00e5 rummet. Vi kommer beh\u00f6va l\u00e4ngd, bredd och h\u00f6jd p\u00e5 rummet. Vi beh\u00f6ver \u00e4ven veta placering av v\u00e4gg\u00f6ppningar, d\u00f6rrar, f\u00f6nster samt innerv\u00e4ggar.<\/p>\n<p>Vi beh\u00f6ver en lista p\u00e5 era tillt\u00e4nkta vitvaror (m\u00e4rke &amp; modell).<\/p>\n<p>Under m\u00f6tet diskutetar vi takanslutningar och ni kan \u00e4ven g\u00f6ra \u00e4ndringar p\u00e5 er design.<\/p>\n<p>Vi beh\u00f6ver en (1) timme avsatt f\u00f6r denna avst\u00e4mning. Avst\u00e4mningen bokar du h\u00e4r och genomf\u00f6rs som ett webbm\u00f6te med hj\u00e4lp av Google m\u00f6ten (meet).<\/p>\n<h2>Varaa lopputarkistus<\/h2>\n<iframe src=\"https:\/\/www.snek.se\/fi\/wp-json\/ssa\/v1\/embed-inner?integration&type=slutavstamning&label&types=2&edit&view&payment_provider&ssa_locale=fi&ssa_is_rtl&sid=8ccf630a1c4487add841ca7e9372a8d39a31a1f0&availability_start_date&availability_end_date&suggest_first_available&suggest_first_available_within_minutes&flow&fallback_flow&time_view&date_view&appointment_types_view&version&accent_color&background&padding&font&booking_url=https%3A%2F%2Fwww.snek.se%2Ffi%2Flopputarkistus%2F&booking_post_id=155106&booking_title=Lopputarkistus&_wpnonce=0a81498dc6&redirect_post_id&mepr_membership_id#\/\" height=\"400px\" width=\"100%\" name=\"ssa_booking\" loading=\"eager\" frameborder=\"0\" data-skip-lazy=\"1\" class=\"ssa_booking_iframe skip-lazy\" title=\"Book a time\"><\/iframe>\n","protected":false},"excerpt":{"rendered":"<p>Lopputarkistus F\u00f6r dig som redan har lagt en order och har f\u00e5tt ett leveransdatum. Tapaaminen ennen tuotannon aloitusta Denna avst\u00e4mning g\u00f6rs alltid innan vi startar produktionen av ditt k\u00f6k. Avst\u00e4mningen b\u00f6r g\u00f6ras 6-8 veckor innan leverans av ditt k\u00f6k, s\u00e5 se till att boka in det i god tid s\u00e5 hittar vi en tid som [&hellip;]<\/p>\n","protected":false},"author":0,"featured_media":0,"parent":0,"menu_order":0,"comment_status":"closed","ping_status":"closed","template":"elementor_canvas","meta":{"_acf_changed":false,"footnotes":""},"class_list":["post-155106","page","type-page","status-publish","hentry"],"acf":[],"yoast_head":"<!-- This site is optimized with the Yoast SEO plugin v27.2 - https:\/\/yoast.com\/product\/yoast-seo-wordpress\/ -->\n<title>Lopputarkistus | Sn\u00eak<\/title>\n<meta name=\"description\" content=\"Boka slutavst\u00e4mning inf\u00f6r produktionsstart av ditt k\u00f6k. Sista m\u00f6jligheten att justera detaljer.\" \/>\n<meta name=\"robots\" content=\"index, follow, max-snippet:-1, max-image-preview:large, max-video-preview:-1\" \/>\n<link rel=\"canonical\" href=\"https:\/\/www.snek.se\/fi\/lopputarkistus\/\" \/>\n<meta property=\"og:locale\" content=\"fi_FI\" \/>\n<meta property=\"og:type\" content=\"article\" \/>\n<meta property=\"og:title\" content=\"Lopputarkistus | Sn\u00eak\" \/>\n<meta property=\"og:description\" content=\"Boka slutavst\u00e4mning inf\u00f6r produktionsstart av ditt k\u00f6k. Sista m\u00f6jligheten att justera detaljer.\" \/>\n<meta property=\"og:url\" content=\"https:\/\/www.snek.se\/fi\/lopputarkistus\/\" \/>\n<meta property=\"og:site_name\" content=\"Sn\u00eak\" \/>\n<meta property=\"article:publisher\" content=\"https:\/\/www.facebook.com\/snekkitchens\/\" \/>\n<meta name=\"twitter:card\" content=\"summary_large_image\" \/>\n<meta name=\"twitter:label1\" content=\"Est. reading time\" \/>\n\t<meta name=\"twitter:data1\" content=\"1 minute\" \/>\n<script type=\"application\/ld+json\" class=\"yoast-schema-graph\">{\"@context\":\"https:\/\/schema.org\",\"@graph\":[{\"@type\":\"WebPage\",\"@id\":\"https:\/\/www.snek.se\/fi\/lopputarkistus\/\",\"url\":\"https:\/\/www.snek.se\/fi\/lopputarkistus\/\",\"name\":\"Lopputarkistus | Sn\u00eak\",\"isPartOf\":{\"@id\":\"https:\/\/www.snek.se\/fi\/#website\"},\"datePublished\":\"2026-04-08T17:09:59+00:00\",\"description\":\"Boka slutavst\u00e4mning inf\u00f6r produktionsstart av ditt k\u00f6k. Sista m\u00f6jligheten att justera detaljer.\",\"breadcrumb\":{\"@id\":\"https:\/\/www.snek.se\/fi\/lopputarkistus\/#breadcrumb\"},\"inLanguage\":\"fi\",\"potentialAction\":[{\"@type\":\"ReadAction\",\"target\":[\"https:\/\/www.snek.se\/fi\/lopputarkistus\/\"]}]},{\"@type\":\"BreadcrumbList\",\"@id\":\"https:\/\/www.snek.se\/fi\/lopputarkistus\/#breadcrumb\",\"itemListElement\":[{\"@type\":\"ListItem\",\"position\":1,\"name\":\"Hem\",\"item\":\"https:\/\/www.snek.se\/fi\/\"},{\"@type\":\"ListItem\",\"position\":2,\"name\":\"Lopputarkistus\"}]},{\"@type\":\"WebSite\",\"@id\":\"https:\/\/www.snek.se\/fi\/#website\",\"url\":\"https:\/\/www.snek.se\/fi\/\",\"name\":\"Sn\u00eak\",\"description\":\"Snickrade k\u00f6k fr\u00e5n Norrbotten\",\"publisher\":{\"@id\":\"https:\/\/www.snek.se\/fi\/#organization\"},\"potentialAction\":[{\"@type\":\"SearchAction\",\"target\":{\"@type\":\"EntryPoint\",\"urlTemplate\":\"https:\/\/www.snek.se\/fi\/?s={search_term_string}\"},\"query-input\":{\"@type\":\"PropertyValueSpecification\",\"valueRequired\":true,\"valueName\":\"search_term_string\"}}],\"inLanguage\":\"fi\"},{\"@type\":\"Organization\",\"@id\":\"https:\/\/www.snek.se\/fi\/#organization\",\"name\":\"Sn\u00eak\",\"url\":\"https:\/\/www.snek.se\/fi\/\",\"logo\":{\"@type\":\"ImageObject\",\"inLanguage\":\"fi\",\"@id\":\"https:\/\/www.snek.se\/fi\/#\/schema\/logo\/image\/\",\"url\":\"https:\/\/www.snek.se\/wp-content\/uploads\/2026\/01\/snek-logotyp-insta-scaled.jpg\",\"contentUrl\":\"https:\/\/www.snek.se\/wp-content\/uploads\/2026\/01\/snek-logotyp-insta-scaled.jpg\",\"width\":2560,\"height\":2560,\"caption\":\"Sn\u00eak\"},\"image\":{\"@id\":\"https:\/\/www.snek.se\/fi\/#\/schema\/logo\/image\/\"},\"sameAs\":[\"https:\/\/www.facebook.com\/snekkitchens\/\",\"https:\/\/www.instagram.com\/snek.kok\/\",\"https:\/\/www.linkedin.com\/company\/snek-kok\/\",\"https:\/\/se.pinterest.com\/SnekKitchens\/\",\"https:\/\/www.youtube.com\/channel\/UCT9DWn-4DMpKHHqbRXV4bZQ\/\"]}]}<\/script>\n<!-- \/ Yoast SEO plugin. -->","yoast_head_json":{"title":"Lopputarkistus | Sn\u00eak","description":"Boka slutavst\u00e4mning inf\u00f6r produktionsstart av ditt k\u00f6k. Sista m\u00f6jligheten att justera detaljer.","robots":{"index":"index","follow":"follow","max-snippet":"max-snippet:-1","max-image-preview":"max-image-preview:large","max-video-preview":"max-video-preview:-1"},"canonical":"https:\/\/www.snek.se\/fi\/lopputarkistus\/","og_locale":"fi_FI","og_type":"article","og_title":"Lopputarkistus | Sn\u00eak","og_description":"Boka slutavst\u00e4mning inf\u00f6r produktionsstart av ditt k\u00f6k. Sista m\u00f6jligheten att justera detaljer.","og_url":"https:\/\/www.snek.se\/fi\/lopputarkistus\/","og_site_name":"Sn\u00eak","article_publisher":"https:\/\/www.facebook.com\/snekkitchens\/","twitter_card":"summary_large_image","twitter_misc":{"Est. reading time":"1 minute"},"schema":{"@context":"https:\/\/schema.org","@graph":[{"@type":"WebPage","@id":"https:\/\/www.snek.se\/fi\/lopputarkistus\/","url":"https:\/\/www.snek.se\/fi\/lopputarkistus\/","name":"Lopputarkistus | Sn\u00eak","isPartOf":{"@id":"https:\/\/www.snek.se\/fi\/#website"},"datePublished":"2026-04-08T17:09:59+00:00","description":"Boka slutavst\u00e4mning inf\u00f6r produktionsstart av ditt k\u00f6k. Sista m\u00f6jligheten att justera detaljer.","breadcrumb":{"@id":"https:\/\/www.snek.se\/fi\/lopputarkistus\/#breadcrumb"},"inLanguage":"fi","potentialAction":[{"@type":"ReadAction","target":["https:\/\/www.snek.se\/fi\/lopputarkistus\/"]}]},{"@type":"BreadcrumbList","@id":"https:\/\/www.snek.se\/fi\/lopputarkistus\/#breadcrumb","itemListElement":[{"@type":"ListItem","position":1,"name":"Hem","item":"https:\/\/www.snek.se\/fi\/"},{"@type":"ListItem","position":2,"name":"Lopputarkistus"}]},{"@type":"WebSite","@id":"https:\/\/www.snek.se\/fi\/#website","url":"https:\/\/www.snek.se\/fi\/","name":"Sn\u00eak","description":"Snickrade k\u00f6k fr\u00e5n Norrbotten","publisher":{"@id":"https:\/\/www.snek.se\/fi\/#organization"},"potentialAction":[{"@type":"SearchAction","target":{"@type":"EntryPoint","urlTemplate":"https:\/\/www.snek.se\/fi\/?s={search_term_string}"},"query-input":{"@type":"PropertyValueSpecification","valueRequired":true,"valueName":"search_term_string"}}],"inLanguage":"fi"},{"@type":"Organization","@id":"https:\/\/www.snek.se\/fi\/#organization","name":"Sn\u00eak","url":"https:\/\/www.snek.se\/fi\/","logo":{"@type":"ImageObject","inLanguage":"fi","@id":"https:\/\/www.snek.se\/fi\/#\/schema\/logo\/image\/","url":"https:\/\/www.snek.se\/wp-content\/uploads\/2026\/01\/snek-logotyp-insta-scaled.jpg","contentUrl":"https:\/\/www.snek.se\/wp-content\/uploads\/2026\/01\/snek-logotyp-insta-scaled.jpg","width":2560,"height":2560,"caption":"Sn\u00eak"},"image":{"@id":"https:\/\/www.snek.se\/fi\/#\/schema\/logo\/image\/"},"sameAs":["https:\/\/www.facebook.com\/snekkitchens\/","https:\/\/www.instagram.com\/snek.kok\/","https:\/\/www.linkedin.com\/company\/snek-kok\/","https:\/\/se.pinterest.com\/SnekKitchens\/","https:\/\/www.youtube.com\/channel\/UCT9DWn-4DMpKHHqbRXV4bZQ\/"]}]}},"_links":{"self":[{"href":"https:\/\/www.snek.se\/fi\/wp-json\/wp\/v2\/pages\/155106","targetHints":{"allow":["GET"]}}],"collection":[{"href":"https:\/\/www.snek.se\/fi\/wp-json\/wp\/v2\/pages"}],"about":[{"href":"https:\/\/www.snek.se\/fi\/wp-json\/wp\/v2\/types\/page"}],"replies":[{"embeddable":true,"href":"https:\/\/www.snek.se\/fi\/wp-json\/wp\/v2\/comments?post=155106"}],"version-history":[{"count":1,"href":"https:\/\/www.snek.se\/fi\/wp-json\/wp\/v2\/pages\/155106\/revisions"}],"predecessor-version":[{"id":155107,"href":"https:\/\/www.snek.se\/fi\/wp-json\/wp\/v2\/pages\/155106\/revisions\/155107"}],"wp:attachment":[{"href":"https:\/\/www.snek.se\/fi\/wp-json\/wp\/v2\/media?parent=155106"}],"curies":[{"name":"wp","href":"https:\/\/api.w.org\/{rel}","templated":true}]}}