{"id":155023,"date":"2026-04-08T19:09:24","date_gmt":"2026-04-08T17:09:24","guid":{"rendered":"https:\/\/www.snek.se\/asennus-huolto\/"},"modified":"2026-04-08T19:16:24","modified_gmt":"2026-04-08T17:16:24","slug":"asennus-huolto","status":"publish","type":"page","link":"https:\/\/www.snek.se\/fi\/asennus-huolto\/","title":{"rendered":"Asennus ja huolto"},"content":{"rendered":"\t\t<div data-elementor-type=\"wp-page\" data-elementor-id=\"155023\" class=\"elementor elementor-155023 elementor-143886\" data-elementor-post-type=\"page\">\n\t\t\t\t<div class=\"elementor-element elementor-element-e37cc1a e-flex e-con-boxed e-con e-parent\" data-id=\"e37cc1a\" data-element_type=\"container\" data-e-type=\"container\">\n\t\t\t\t\t<div class=\"e-con-inner\">\n\t\t\t\t<div class=\"elementor-element elementor-element-e9a6d31 elementor-widget elementor-widget-heading\" data-id=\"e9a6d31\" data-element_type=\"widget\" data-e-type=\"widget\" data-widget_type=\"heading.default\">\n\t\t\t\t<div class=\"elementor-widget-container\">\n\t\t\t\t\t<h1 class=\"elementor-heading-title elementor-size-default\">N\u00e4in huolehdit keitti\u00f6st\u00e4si<\/h1>\t\t\t\t<\/div>\n\t\t\t\t<\/div>\n\t\t\t\t<div class=\"elementor-element elementor-element-3f225b8 elementor-widget__width-initial elementor-widget elementor-widget-text-editor\" data-id=\"3f225b8\" data-element_type=\"widget\" data-e-type=\"widget\" data-widget_type=\"text-editor.default\">\n\t\t\t\t<div class=\"elementor-widget-container\">\n\t\t\t\t\t\t\t\t\t<p style=\"text-align: center;\">T\u00e4\u00e4lt\u00e4 l\u00f6yd\u00e4t sek\u00e4 asennusohjeet ett\u00e4 hoito-ohjeet Sn\u00eak-keitti\u00f6llesi. Riippumatta siit\u00e4 kokoatko keitti\u00f6n itse vai haluatko tiet\u00e4\u00e4, miten parhaiten hoidat sit\u00e4 arjessa, olemme koonneet kaiken tarvittavan yhteen paikkaan.<\/p>\n\t\t\t\t\t\t\t\t<\/div>\n\t\t\t\t<\/div>\n\t\t\t\t\t<\/div>\n\t\t\t\t<\/div>\n\t\t<div class=\"elementor-element elementor-element-9fbbf72 e-flex e-con-boxed e-con e-parent\" data-id=\"9fbbf72\" data-element_type=\"container\" data-e-type=\"container\">\n\t\t\t\t\t<div class=\"e-con-inner\">\n\t\t<div class=\"elementor-element elementor-element-22561f1 e-con-full e-flex e-con e-child\" data-id=\"22561f1\" data-element_type=\"container\" data-e-type=\"container\" data-settings=\"{&quot;background_background&quot;:&quot;classic&quot;}\">\n\t\t\t\t<div class=\"elementor-element elementor-element-c3abd0f elementor-widget elementor-widget-heading\" data-id=\"c3abd0f\" data-element_type=\"widget\" data-e-type=\"widget\" data-widget_type=\"heading.default\">\n\t\t\t\t<div class=\"elementor-widget-container\">\n\t\t\t\t\t<h2 class=\"elementor-heading-title elementor-size-default\">Asennusohjeet<\/h2>\t\t\t\t<\/div>\n\t\t\t\t<\/div>\n\t\t\t\t<div class=\"elementor-element elementor-element-b628eaa elementor-widget elementor-widget-text-editor\" data-id=\"b628eaa\" data-element_type=\"widget\" data-e-type=\"widget\" data-widget_type=\"text-editor.default\">\n\t\t\t\t<div class=\"elementor-widget-container\">\n\t\t\t\t\t\t\t\t\t<p>Nos cuisines sont con\u00e7ues pour \u00eatre faciles \u00e0 assembler, med tydliga instruktioner och smarta l\u00f6sningar.<\/p>\n<p>H\u00e4r hittar du guider och tips som hj\u00e4lper dig steg f\u00f6r steg \u2013 fr\u00e5n f\u00f6rsta paket\u00f6ppning till sista skruv.<\/p>\n\t\t\t\t\t\t\t\t<\/div>\n\t\t\t\t<\/div>\n\t\t\t\t<div class=\"elementor-element elementor-element-c3199d9 elementor-widget elementor-widget-html\" data-id=\"c3199d9\" data-element_type=\"widget\" data-e-type=\"widget\" data-widget_type=\"html.default\">\n\t\t\t\t<div class=\"elementor-widget-container\">\n\t\t\t\t\t<a href=\"https:\/\/www.snek.se\/montering\/\" style=\"text-decoration: none\">\n    <button class=\"bracket-button-w\">\n        L\u00e4s monteringsanvisning\n    <\/button>\n<\/a>\t\t\t\t<\/div>\n\t\t\t\t<\/div>\n\t\t\t\t<\/div>\n\t\t<div class=\"elementor-element elementor-element-d9eeffa e-con-full e-flex e-con e-child\" data-id=\"d9eeffa\" data-element_type=\"container\" data-e-type=\"container\" data-settings=\"{&quot;background_background&quot;:&quot;classic&quot;}\">\n\t\t\t\t<div class=\"elementor-element elementor-element-51be3a6 elementor-widget elementor-widget-spacer\" data-id=\"51be3a6\" data-element_type=\"widget\" data-e-type=\"widget\" data-widget_type=\"spacer.default\">\n\t\t\t\t<div class=\"elementor-widget-container\">\n\t\t\t\t\t\t\t<div class=\"elementor-spacer\">\n\t\t\t<div class=\"elementor-spacer-inner\"><\/div>\n\t\t<\/div>\n\t\t\t\t\t\t<\/div>\n\t\t\t\t<\/div>\n\t\t\t\t<\/div>\n\t\t\t\t\t<\/div>\n\t\t\t\t<\/div>\n\t\t<div class=\"elementor-element elementor-element-1d5978d e-flex e-con-boxed e-con e-parent\" data-id=\"1d5978d\" data-element_type=\"container\" data-e-type=\"container\">\n\t\t\t\t\t<div class=\"e-con-inner\">\n\t\t<div class=\"elementor-element elementor-element-709d854 e-con-full e-flex e-con e-child\" data-id=\"709d854\" data-element_type=\"container\" data-e-type=\"container\" data-settings=\"{&quot;background_background&quot;:&quot;classic&quot;}\">\n\t\t\t\t<div class=\"elementor-element elementor-element-c044895 elementor-widget elementor-widget-heading\" data-id=\"c044895\" data-element_type=\"widget\" data-e-type=\"widget\" data-widget_type=\"heading.default\">\n\t\t\t\t<div class=\"elementor-widget-container\">\n\t\t\t\t\t<h2 class=\"elementor-heading-title elementor-size-default\">Hoito-ohjeet<\/h2>\t\t\t\t<\/div>\n\t\t\t\t<\/div>\n\t\t\t\t<div class=\"elementor-element elementor-element-16df2d4 elementor-widget elementor-widget-text-editor\" data-id=\"16df2d4\" data-element_type=\"widget\" data-e-type=\"widget\" data-widget_type=\"text-editor.default\">\n\t\t\t\t<div class=\"elementor-widget-container\">\n\t\t\t\t\t\t\t\t\t<p>Une cuisine Sn\u00eak est con\u00e7ue pour durer longtemps \u2013 med r\u00e4tt omv\u00e5rdnad h\u00e5ller det \u00e4nnu l\u00e4ngre.<\/p>\n<p>H\u00e4r f\u00e5r du tips p\u00e5 hur du reng\u00f6r, skyddar och bevarar b\u00e5de tr\u00e4ytor och detaljer, s\u00e5 att ditt k\u00f6k \u00e5ldras med v\u00e4rdighet och sk\u00f6nhet.<\/p>\n\t\t\t\t\t\t\t\t<\/div>\n\t\t\t\t<\/div>\n\t\t\t\t<div class=\"elementor-element elementor-element-d9e1461 elementor-widget elementor-widget-html\" data-id=\"d9e1461\" data-element_type=\"widget\" data-e-type=\"widget\" data-widget_type=\"html.default\">\n\t\t\t\t<div class=\"elementor-widget-container\">\n\t\t\t\t\t\r\n    <a href=\"https:\/\/www.snek.se\/skotselrad\/\" style=\"text-decoration: none\">\r\n    <button class=\"bracket-button-w\">\r\n        L\u00e4s sk\u00f6tselr\u00e5d\r\n    <\/button>\r\n<\/a>\t\t\t\t<\/div>\n\t\t\t\t<\/div>\n\t\t\t\t<\/div>\n\t\t<div class=\"elementor-element elementor-element-80dbea9 e-con-full e-flex e-con e-child\" data-id=\"80dbea9\" data-element_type=\"container\" data-e-type=\"container\" data-settings=\"{&quot;background_background&quot;:&quot;classic&quot;}\">\n\t\t\t\t<div class=\"elementor-element elementor-element-f517dd5 elementor-widget elementor-widget-spacer\" data-id=\"f517dd5\" data-element_type=\"widget\" data-e-type=\"widget\" data-widget_type=\"spacer.default\">\n\t\t\t\t<div class=\"elementor-widget-container\">\n\t\t\t\t\t\t\t<div class=\"elementor-spacer\">\n\t\t\t<div class=\"elementor-spacer-inner\"><\/div>\n\t\t<\/div>\n\t\t\t\t\t\t<\/div>\n\t\t\t\t<\/div>\n\t\t\t\t<\/div>\n\t\t\t\t\t<\/div>\n\t\t\t\t<\/div>\n\t\t\t\t<\/div>\n\t\t","protected":false},"excerpt":{"rendered":"<p>S\u00e5 h\u00e4r tar du hand om ditt k\u00f6k H\u00e4r hittar du b\u00e5de monteringsanvisningar och sk\u00f6tselr\u00e5d f\u00f6r ditt Sn\u00eak-k\u00f6k. Oavsett om du ska s\u00e4tta ihop k\u00f6ket sj\u00e4lv eller vill veta hur du b\u00e4st tar hand om det i vardagen, har vi samlat allt du beh\u00f6ver veta p\u00e5 ett och samma st\u00e4lle. Monteringsanvisning V\u00e5ra k\u00f6k \u00e4r gjorda [&hellip;]<\/p>\n","protected":false},"author":0,"featured_media":143894,"parent":0,"menu_order":0,"comment_status":"closed","ping_status":"closed","template":"elementor_canvas","meta":{"_acf_changed":false,"footnotes":""},"class_list":["post-155023","page","type-page","status-publish","has-post-thumbnail","hentry"],"acf":[],"yoast_head":"<!-- This site is optimized with the Yoast SEO plugin v27.2 - https:\/\/yoast.com\/product\/yoast-seo-wordpress\/ -->\n<title>Asennus ja huolto | Sn\u00eak<\/title>\n<meta name=\"description\" content=\"Asennusohjeet ja hoitovinkit Sn\u00eak-keitti\u00f6llesi. Steg-f\u00f6r-steg guider f\u00f6r enkel montering.\" \/>\n<meta name=\"robots\" content=\"index, follow, max-snippet:-1, max-image-preview:large, max-video-preview:-1\" \/>\n<link rel=\"canonical\" href=\"https:\/\/www.snek.se\/fi\/asennus-huolto\/\" \/>\n<meta property=\"og:locale\" content=\"fi_FI\" \/>\n<meta property=\"og:type\" content=\"article\" \/>\n<meta property=\"og:title\" content=\"Asennus ja huolto | Sn\u00eak\" \/>\n<meta property=\"og:description\" content=\"Asennusohjeet ja hoitovinkit Sn\u00eak-keitti\u00f6llesi. Steg-f\u00f6r-steg guider f\u00f6r enkel montering.\" \/>\n<meta property=\"og:url\" content=\"https:\/\/www.snek.se\/fi\/asennus-huolto\/\" \/>\n<meta property=\"og:site_name\" content=\"Sn\u00eak\" \/>\n<meta property=\"article:publisher\" content=\"https:\/\/www.facebook.com\/snekkitchens\/\" \/>\n<meta property=\"article:modified_time\" content=\"2026-04-08T17:16:24+00:00\" \/>\n<meta property=\"og:image\" content=\"https:\/\/www.snek.se\/wp-content\/uploads\/2025\/06\/DSC6771.jpg\" \/>\n\t<meta property=\"og:image:width\" content=\"1366\" \/>\n\t<meta property=\"og:image:height\" content=\"2048\" \/>\n\t<meta property=\"og:image:type\" content=\"image\/jpeg\" \/>\n<meta name=\"twitter:card\" content=\"summary_large_image\" \/>\n<meta name=\"twitter:label1\" content=\"Est. reading time\" \/>\n\t<meta name=\"twitter:data1\" content=\"1 minute\" \/>\n<script type=\"application\/ld+json\" class=\"yoast-schema-graph\">{\"@context\":\"https:\/\/schema.org\",\"@graph\":[{\"@type\":\"WebPage\",\"@id\":\"https:\/\/www.snek.se\/fi\/asennus-huolto\/\",\"url\":\"https:\/\/www.snek.se\/fi\/asennus-huolto\/\",\"name\":\"Asennus ja huolto | Sn\u00eak\",\"isPartOf\":{\"@id\":\"https:\/\/www.snek.se\/fi\/#website\"},\"primaryImageOfPage\":{\"@id\":\"https:\/\/www.snek.se\/fi\/asennus-huolto\/#primaryimage\"},\"image\":{\"@id\":\"https:\/\/www.snek.se\/fi\/asennus-huolto\/#primaryimage\"},\"thumbnailUrl\":\"https:\/\/www.snek.se\/wp-content\/uploads\/2025\/06\/DSC6771.jpg\",\"datePublished\":\"2026-04-08T17:09:24+00:00\",\"dateModified\":\"2026-04-08T17:16:24+00:00\",\"description\":\"Asennusohjeet ja hoitovinkit Sn\u00eak-keitti\u00f6llesi. Steg-f\u00f6r-steg guider f\u00f6r enkel montering.\",\"breadcrumb\":{\"@id\":\"https:\/\/www.snek.se\/fi\/asennus-huolto\/#breadcrumb\"},\"inLanguage\":\"fi\",\"potentialAction\":[{\"@type\":\"ReadAction\",\"target\":[\"https:\/\/www.snek.se\/fi\/asennus-huolto\/\"]}]},{\"@type\":\"ImageObject\",\"inLanguage\":\"fi\",\"@id\":\"https:\/\/www.snek.se\/fi\/asennus-huolto\/#primaryimage\",\"url\":\"https:\/\/www.snek.se\/wp-content\/uploads\/2025\/06\/DSC6771.jpg\",\"contentUrl\":\"https:\/\/www.snek.se\/wp-content\/uploads\/2025\/06\/DSC6771.jpg\",\"width\":1366,\"height\":2048},{\"@type\":\"BreadcrumbList\",\"@id\":\"https:\/\/www.snek.se\/fi\/asennus-huolto\/#breadcrumb\",\"itemListElement\":[{\"@type\":\"ListItem\",\"position\":1,\"name\":\"Hem\",\"item\":\"https:\/\/www.snek.se\/fi\/\"},{\"@type\":\"ListItem\",\"position\":2,\"name\":\"Asennus ja huolto\"}]},{\"@type\":\"WebSite\",\"@id\":\"https:\/\/www.snek.se\/fi\/#website\",\"url\":\"https:\/\/www.snek.se\/fi\/\",\"name\":\"Sn\u00eak\",\"description\":\"K\u00e4sity\u00f6n\u00e4 valmistetut keitti\u00f6t Norrbottenista\",\"publisher\":{\"@id\":\"https:\/\/www.snek.se\/fi\/#organization\"},\"potentialAction\":[{\"@type\":\"SearchAction\",\"target\":{\"@type\":\"EntryPoint\",\"urlTemplate\":\"https:\/\/www.snek.se\/fi\/?s={search_term_string}\"},\"query-input\":{\"@type\":\"PropertyValueSpecification\",\"valueRequired\":true,\"valueName\":\"search_term_string\"}}],\"inLanguage\":\"fi\"},{\"@type\":\"Organization\",\"@id\":\"https:\/\/www.snek.se\/fi\/#organization\",\"name\":\"Sn\u00eak\",\"url\":\"https:\/\/www.snek.se\/fi\/\",\"logo\":{\"@type\":\"ImageObject\",\"inLanguage\":\"fi\",\"@id\":\"https:\/\/www.snek.se\/fi\/#\/schema\/logo\/image\/\",\"url\":\"https:\/\/www.snek.se\/wp-content\/uploads\/2026\/01\/snek-logotyp-insta-scaled.jpg\",\"contentUrl\":\"https:\/\/www.snek.se\/wp-content\/uploads\/2026\/01\/snek-logotyp-insta-scaled.jpg\",\"width\":2560,\"height\":2560,\"caption\":\"Sn\u00eak\"},\"image\":{\"@id\":\"https:\/\/www.snek.se\/fi\/#\/schema\/logo\/image\/\"},\"sameAs\":[\"https:\/\/www.facebook.com\/snekkitchens\/\",\"https:\/\/www.instagram.com\/snek.kok\/\",\"https:\/\/www.linkedin.com\/company\/snek-kok\/\",\"https:\/\/se.pinterest.com\/SnekKitchens\/\",\"https:\/\/www.youtube.com\/channel\/UCT9DWn-4DMpKHHqbRXV4bZQ\/\"]}]}<\/script>\n<!-- \/ Yoast SEO plugin. -->","yoast_head_json":{"title":"Asennus ja huolto | Sn\u00eak","description":"Asennusohjeet ja hoitovinkit Sn\u00eak-keitti\u00f6llesi. Steg-f\u00f6r-steg guider f\u00f6r enkel montering.","robots":{"index":"index","follow":"follow","max-snippet":"max-snippet:-1","max-image-preview":"max-image-preview:large","max-video-preview":"max-video-preview:-1"},"canonical":"https:\/\/www.snek.se\/fi\/asennus-huolto\/","og_locale":"fi_FI","og_type":"article","og_title":"Asennus ja huolto | Sn\u00eak","og_description":"Asennusohjeet ja hoitovinkit Sn\u00eak-keitti\u00f6llesi. Steg-f\u00f6r-steg guider f\u00f6r enkel montering.","og_url":"https:\/\/www.snek.se\/fi\/asennus-huolto\/","og_site_name":"Sn\u00eak","article_publisher":"https:\/\/www.facebook.com\/snekkitchens\/","article_modified_time":"2026-04-08T17:16:24+00:00","og_image":[{"width":1366,"height":2048,"url":"https:\/\/www.snek.se\/wp-content\/uploads\/2025\/06\/DSC6771.jpg","type":"image\/jpeg"}],"twitter_card":"summary_large_image","twitter_misc":{"Est. reading time":"1 minute"},"schema":{"@context":"https:\/\/schema.org","@graph":[{"@type":"WebPage","@id":"https:\/\/www.snek.se\/fi\/asennus-huolto\/","url":"https:\/\/www.snek.se\/fi\/asennus-huolto\/","name":"Asennus ja huolto | Sn\u00eak","isPartOf":{"@id":"https:\/\/www.snek.se\/fi\/#website"},"primaryImageOfPage":{"@id":"https:\/\/www.snek.se\/fi\/asennus-huolto\/#primaryimage"},"image":{"@id":"https:\/\/www.snek.se\/fi\/asennus-huolto\/#primaryimage"},"thumbnailUrl":"https:\/\/www.snek.se\/wp-content\/uploads\/2025\/06\/DSC6771.jpg","datePublished":"2026-04-08T17:09:24+00:00","dateModified":"2026-04-08T17:16:24+00:00","description":"Asennusohjeet ja hoitovinkit Sn\u00eak-keitti\u00f6llesi. Steg-f\u00f6r-steg guider f\u00f6r enkel montering.","breadcrumb":{"@id":"https:\/\/www.snek.se\/fi\/asennus-huolto\/#breadcrumb"},"inLanguage":"fi","potentialAction":[{"@type":"ReadAction","target":["https:\/\/www.snek.se\/fi\/asennus-huolto\/"]}]},{"@type":"ImageObject","inLanguage":"fi","@id":"https:\/\/www.snek.se\/fi\/asennus-huolto\/#primaryimage","url":"https:\/\/www.snek.se\/wp-content\/uploads\/2025\/06\/DSC6771.jpg","contentUrl":"https:\/\/www.snek.se\/wp-content\/uploads\/2025\/06\/DSC6771.jpg","width":1366,"height":2048},{"@type":"BreadcrumbList","@id":"https:\/\/www.snek.se\/fi\/asennus-huolto\/#breadcrumb","itemListElement":[{"@type":"ListItem","position":1,"name":"Hem","item":"https:\/\/www.snek.se\/fi\/"},{"@type":"ListItem","position":2,"name":"Asennus ja huolto"}]},{"@type":"WebSite","@id":"https:\/\/www.snek.se\/fi\/#website","url":"https:\/\/www.snek.se\/fi\/","name":"Sn\u00eak","description":"K\u00e4sity\u00f6n\u00e4 valmistetut keitti\u00f6t Norrbottenista","publisher":{"@id":"https:\/\/www.snek.se\/fi\/#organization"},"potentialAction":[{"@type":"SearchAction","target":{"@type":"EntryPoint","urlTemplate":"https:\/\/www.snek.se\/fi\/?s={search_term_string}"},"query-input":{"@type":"PropertyValueSpecification","valueRequired":true,"valueName":"search_term_string"}}],"inLanguage":"fi"},{"@type":"Organization","@id":"https:\/\/www.snek.se\/fi\/#organization","name":"Sn\u00eak","url":"https:\/\/www.snek.se\/fi\/","logo":{"@type":"ImageObject","inLanguage":"fi","@id":"https:\/\/www.snek.se\/fi\/#\/schema\/logo\/image\/","url":"https:\/\/www.snek.se\/wp-content\/uploads\/2026\/01\/snek-logotyp-insta-scaled.jpg","contentUrl":"https:\/\/www.snek.se\/wp-content\/uploads\/2026\/01\/snek-logotyp-insta-scaled.jpg","width":2560,"height":2560,"caption":"Sn\u00eak"},"image":{"@id":"https:\/\/www.snek.se\/fi\/#\/schema\/logo\/image\/"},"sameAs":["https:\/\/www.facebook.com\/snekkitchens\/","https:\/\/www.instagram.com\/snek.kok\/","https:\/\/www.linkedin.com\/company\/snek-kok\/","https:\/\/se.pinterest.com\/SnekKitchens\/","https:\/\/www.youtube.com\/channel\/UCT9DWn-4DMpKHHqbRXV4bZQ\/"]}]}},"_links":{"self":[{"href":"https:\/\/www.snek.se\/fi\/wp-json\/wp\/v2\/pages\/155023","targetHints":{"allow":["GET"]}}],"collection":[{"href":"https:\/\/www.snek.se\/fi\/wp-json\/wp\/v2\/pages"}],"about":[{"href":"https:\/\/www.snek.se\/fi\/wp-json\/wp\/v2\/types\/page"}],"replies":[{"embeddable":true,"href":"https:\/\/www.snek.se\/fi\/wp-json\/wp\/v2\/comments?post=155023"}],"version-history":[{"count":2,"href":"https:\/\/www.snek.se\/fi\/wp-json\/wp\/v2\/pages\/155023\/revisions"}],"predecessor-version":[{"id":155204,"href":"https:\/\/www.snek.se\/fi\/wp-json\/wp\/v2\/pages\/155023\/revisions\/155204"}],"wp:featuredmedia":[{"embeddable":true,"href":"https:\/\/www.snek.se\/fi\/wp-json\/wp\/v2\/media\/143894"}],"wp:attachment":[{"href":"https:\/\/www.snek.se\/fi\/wp-json\/wp\/v2\/media?parent=155023"}],"curies":[{"name":"wp","href":"https:\/\/api.w.org\/{rel}","templated":true}]}}