{"id":155001,"date":"2026-04-08T19:09:22","date_gmt":"2026-04-08T17:09:22","guid":{"rendered":"https:\/\/www.snek.se\/yhteystiedot\/"},"modified":"2026-04-08T19:16:15","modified_gmt":"2026-04-08T17:16:15","slug":"yhteystiedot","status":"publish","type":"page","link":"https:\/\/www.snek.se\/fi\/yhteystiedot\/","title":{"rendered":"Yhteystiedot"},"content":{"rendered":"\t\t<div data-elementor-type=\"wp-page\" data-elementor-id=\"155001\" class=\"elementor elementor-155001 elementor-1464\" data-elementor-post-type=\"page\">\n\t\t\t\t<div class=\"elementor-element elementor-element-fa70b99 e-flex e-con-boxed e-con e-parent\" data-id=\"fa70b99\" data-element_type=\"container\" data-e-type=\"container\">\n\t\t\t\t\t<div class=\"e-con-inner\">\n\t\t\t\t<div class=\"elementor-element elementor-element-635f1274 elementor-widget elementor-widget-heading\" data-id=\"635f1274\" data-element_type=\"widget\" data-e-type=\"widget\" data-widget_type=\"heading.default\">\n\t\t\t\t<div class=\"elementor-widget-container\">\n\t\t\t\t\t<h1 class=\"elementor-heading-title elementor-size-default\">Yhteystiedota oss<\/h1>\t\t\t\t<\/div>\n\t\t\t\t<\/div>\n\t\t\t\t<div class=\"elementor-element elementor-element-749443a7 elementor-widget__width-initial elementor-widget elementor-widget-text-editor\" data-id=\"749443a7\" data-element_type=\"widget\" data-e-type=\"widget\" data-widget_type=\"text-editor.default\">\n\t\t\t\t<div class=\"elementor-widget-container\">\n\t\t\t\t\t\t\t\t\t<p style=\"text-align: center;\">Har du en fr\u00e5ga, vill boka ett m\u00f6te eller bara prata lite om k\u00f6k?<br data-start=\"201\" data-end=\"204\" \/>Du \u00e4r alltid v\u00e4lkommen att h\u00f6ra av dig.<br data-start=\"243\" data-end=\"246\" \/>Vi svarar s\u00e5 snabbt vi kan, oavsett om det g\u00e4ller en p\u00e5g\u00e5ende best\u00e4llning, en id\u00e9 du vill bolla eller hj\u00e4lp att komma ig\u00e5ng.<\/p>\n\t\t\t\t\t\t\t\t<\/div>\n\t\t\t\t<\/div>\n\t\t\t\t\t<\/div>\n\t\t\t\t<\/div>\n\t\t<div class=\"elementor-element elementor-element-50d65da9 e-flex e-con-boxed e-con e-parent\" data-id=\"50d65da9\" data-element_type=\"container\" data-e-type=\"container\">\n\t\t\t\t\t<div class=\"e-con-inner\">\n\t\t<div class=\"elementor-element elementor-element-5e179926 e-con-full e-flex e-con e-child\" data-id=\"5e179926\" data-element_type=\"container\" data-e-type=\"container\">\n\t\t\t\t<div class=\"elementor-element elementor-element-154b5c1 elementor-widget elementor-widget-heading\" data-id=\"154b5c1\" data-element_type=\"widget\" data-e-type=\"widget\" data-widget_type=\"heading.default\">\n\t\t\t\t<div class=\"elementor-widget-container\">\n\t\t\t\t\t<h2 class=\"elementor-heading-title elementor-size-default\">Lehdist\u00f6kontakt<\/h2>\t\t\t\t<\/div>\n\t\t\t\t<\/div>\n\t\t\t\t<div class=\"elementor-element elementor-element-83b8fda elementor-widget elementor-widget-text-editor\" data-id=\"83b8fda\" data-element_type=\"widget\" data-e-type=\"widget\" data-widget_type=\"text-editor.default\">\n\t\t\t\t<div class=\"elementor-widget-container\">\n\t\t\t\t\t\t\t\t\t<p>Felicia Larsson<br class=\"soft-break\" \/>Marknadskommunikat\u00f6r<br class=\"soft-break\" \/>Epost: marknad@snek.se<\/p>\n<p><u>S\u00e5 behandlar vi dina personuppgifter<\/u><\/p>\n\t\t\t\t\t\t\t\t<\/div>\n\t\t\t\t<\/div>\n\t\t\t\t<\/div>\n\t\t<div class=\"elementor-element elementor-element-3d0208f0 e-con-full e-flex e-con e-child\" data-id=\"3d0208f0\" data-element_type=\"container\" data-e-type=\"container\" data-settings=\"{&quot;background_background&quot;:&quot;classic&quot;}\">\n\t\t\t\t<div class=\"elementor-element elementor-element-24386aa elementor-widget elementor-widget-heading\" data-id=\"24386aa\" data-element_type=\"widget\" data-e-type=\"widget\" data-widget_type=\"heading.default\">\n\t\t\t\t<div class=\"elementor-widget-container\">\n\t\t\t\t\t<h2 class=\"elementor-heading-title elementor-size-default\">Fr\u00e5gor<\/h2>\t\t\t\t<\/div>\n\t\t\t\t<\/div>\n\t\t\t\t<div class=\"elementor-element elementor-element-2a095d0 elementor-widget elementor-widget-text-editor\" data-id=\"2a095d0\" data-element_type=\"widget\" data-e-type=\"widget\" data-widget_type=\"text-editor.default\">\n\t\t\t\t<div class=\"elementor-widget-container\">\n\t\t\t\t\t\t\t\t\t<p><strong>Har du fr\u00e5gor om ett k\u00f6k?<\/strong> <br \/>Yhteystiedota oss i basecamp<\/p>\n<p><strong>Har du fr\u00e5gor om leverans?<br \/><\/strong>Yhteystiedota oss i basecamp<\/p>\n\t\t\t\t\t\t\t\t<\/div>\n\t\t\t\t<\/div>\n\t\t\t\t<\/div>\n\t\t<div class=\"elementor-element elementor-element-ffe079b e-con-full e-flex e-con e-child\" data-id=\"ffe079b\" data-element_type=\"container\" data-e-type=\"container\">\n\t\t\t\t<div class=\"elementor-element elementor-element-73fd2cde elementor-widget elementor-widget-heading\" data-id=\"73fd2cde\" data-element_type=\"widget\" data-e-type=\"widget\" data-widget_type=\"heading.default\">\n\t\t\t\t<div class=\"elementor-widget-container\">\n\t\t\t\t\t<h2 class=\"elementor-heading-title elementor-size-default\">Kundtj\u00e4nst<\/h2>\t\t\t\t<\/div>\n\t\t\t\t<\/div>\n\t\t\t\t<div class=\"elementor-element elementor-element-3584e3b5 elementor-widget elementor-widget-text-editor\" data-id=\"3584e3b5\" data-element_type=\"widget\" data-e-type=\"widget\" data-widget_type=\"text-editor.default\">\n\t\t\t\t<div class=\"elementor-widget-container\">\n\t\t\t\t\t\t\t\t\t<p><strong>Kundtj\u00e4nstmejl:<\/strong> Besvaras m\u00e5ndag-fredag. Vi svarar vanligtvis inom 24 timmar, helgfria vardagar.<\/p>\n<p>Epost: info@snek.se<\/p>\n<p><strong>Telefon:<\/strong> Besvaras m\u00e5ndag-fredag (helgfria vardagar) mellan 09:00-11:00, ni n\u00e5r oss p\u00e5 0923-665 70<\/p>\n<p><strong>K\u00f6ksplanerare:<\/strong> Besvaras m\u00e5ndag-fredag (helgfria vardagar) mellan 09:00-15:00 (lunch 11:00-12:00)<\/p>\n\t\t\t\t\t\t\t\t<\/div>\n\t\t\t\t<\/div>\n\t\t\t\t<\/div>\n\t\t\t\t\t<\/div>\n\t\t\t\t<\/div>\n\t\t<div class=\"elementor-element elementor-element-3acd71f e-flex e-con-boxed e-con e-parent\" data-id=\"3acd71f\" data-element_type=\"container\" data-e-type=\"container\">\n\t\t\t\t\t<div class=\"e-con-inner\">\n\t\t<div class=\"elementor-element elementor-element-2be9435 e-con-full e-flex e-con e-child\" data-id=\"2be9435\" data-element_type=\"container\" data-e-type=\"container\" data-settings=\"{&quot;background_background&quot;:&quot;classic&quot;}\">\n\t\t\t\t<div class=\"elementor-element elementor-element-5a617ca elementor-widget elementor-widget-image\" data-id=\"5a617ca\" data-element_type=\"widget\" data-e-type=\"widget\" data-widget_type=\"image.default\">\n\t\t\t\t<div class=\"elementor-widget-container\">\n\t\t\t\t\t\t\t\t\t\t\t\t\t\t\t<img fetchpriority=\"high\" decoding=\"async\" width=\"800\" height=\"324\" src=\"https:\/\/www.snek.se\/wp-content\/uploads\/2025\/06\/Snek_white_screen.png\" class=\"attachment-large size-large wp-image-143531\" alt=\"\" srcset=\"https:\/\/www.snek.se\/wp-content\/uploads\/2025\/06\/Snek_white_screen.png 1644w, https:\/\/www.snek.se\/wp-content\/uploads\/2025\/06\/Snek_white_screen-500x202.png 500w, https:\/\/www.snek.se\/wp-content\/uploads\/2025\/06\/Snek_white_screen-768x311.png 768w, https:\/\/www.snek.se\/wp-content\/uploads\/2025\/06\/Snek_white_screen-1536x621.png 1536w, https:\/\/www.snek.se\/wp-content\/uploads\/2025\/06\/Snek_white_screen-1200x485.png 1200w\" sizes=\"(max-width: 800px) 100vw, 800px\" \/>\t\t\t\t\t\t\t\t\t\t\t\t\t\t\t<\/div>\n\t\t\t\t<\/div>\n\t\t\t\t<div class=\"elementor-element elementor-element-8f5e176 elementor-widget elementor-widget-text-editor\" data-id=\"8f5e176\" data-element_type=\"widget\" data-e-type=\"widget\" data-widget_type=\"text-editor.default\">\n\t\t\t\t<div class=\"elementor-widget-container\">\n\t\t\t\t\t\t\t\t\t<p>Sn\u00eak Aktiebolag<\/p>\n<p>T\u00f6refors 225<\/p>\n<p>952 44 T\u00f6re<\/p>\n<p>Org nr: 559206-5055<\/p>\n\t\t\t\t\t\t\t\t<\/div>\n\t\t\t\t<\/div>\n\t\t\t\t<\/div>\n\t\t<div class=\"elementor-element elementor-element-d2927b8 e-con-full e-flex e-con e-child\" data-id=\"d2927b8\" data-element_type=\"container\" data-e-type=\"container\">\n\t\t\t\t<div class=\"elementor-element elementor-element-b9cf826 elementor-widget elementor-widget-google_maps\" data-id=\"b9cf826\" data-element_type=\"widget\" data-e-type=\"widget\" data-widget_type=\"google_maps.default\">\n\t\t\t\t<div class=\"elementor-widget-container\">\n\t\t\t\t\t\t\t<div class=\"elementor-custom-embed\">\n\t\t\t<iframe loading=\"lazy\"\n\t\t\t\t\tsrc=\"https:\/\/maps.google.com\/maps?q=t%C3%B6refors%20225%2C%2095244%20T%C3%B6re&#038;t=m&#038;z=13&#038;output=embed&#038;iwloc=near\"\n\t\t\t\t\ttitle=\"t\u00f6refors 225, 95244 T\u00f6re\"\n\t\t\t\t\taria-label=\"t\u00f6refors 225, 95244 T\u00f6re\"\n\t\t\t><\/iframe>\n\t\t<\/div>\n\t\t\t\t\t\t<\/div>\n\t\t\t\t<\/div>\n\t\t\t\t<\/div>\n\t\t\t\t\t<\/div>\n\t\t\t\t<\/div>\n\t\t<div class=\"elementor-element elementor-element-2b10f3d2 e-flex e-con-boxed e-con e-parent\" data-id=\"2b10f3d2\" data-element_type=\"container\" data-e-type=\"container\" data-settings=\"{&quot;background_background&quot;:&quot;classic&quot;}\">\n\t\t\t\t\t<div class=\"e-con-inner\">\n\t\t\t\t<div class=\"elementor-element elementor-element-1a9c277 elementor-widget elementor-widget-heading\" data-id=\"1a9c277\" data-element_type=\"widget\" data-e-type=\"widget\" data-widget_type=\"heading.default\">\n\t\t\t\t<div class=\"elementor-widget-container\">\n\t\t\t\t\t<h3 class=\"elementor-heading-title elementor-size-default\">Vill du prata k\u00f6k med oss?<\/h3>\t\t\t\t<\/div>\n\t\t\t\t<\/div>\n\t\t\t\t<div class=\"elementor-element elementor-element-7e7c85fd elementor-widget__width-initial elementor-widget elementor-widget-text-editor\" data-id=\"7e7c85fd\" data-element_type=\"widget\" data-e-type=\"widget\" data-widget_type=\"text-editor.default\">\n\t\t\t\t<div class=\"elementor-widget-container\">\n\t\t\t\t\t\t\t\t\t<p style=\"text-align: center;\">Boka ett m\u00f6te med v\u00e5ra k\u00f6ksplanerare s\u00e5 hj\u00e4lper vi dig.\u00a0<\/p>\n\t\t\t\t\t\t\t\t<\/div>\n\t\t\t\t<\/div>\n\t\t\t\t<div class=\"elementor-element elementor-element-003df72 elementor-widget elementor-widget-html\" data-id=\"003df72\" data-element_type=\"widget\" data-e-type=\"widget\" data-widget_type=\"html.default\">\n\t\t\t\t<div class=\"elementor-widget-container\">\n\t\t\t\t\t<a href=\"https:\/\/www.snek.se\/samtal-med-koksplanerare\/\" style=\"text-decoration: none\">\n    <button class=\"bracket-button-w\">\n        Boka m\u00f6te\n    <\/button>\n<\/a>\t\t\t\t<\/div>\n\t\t\t\t<\/div>\n\t\t\t\t\t<\/div>\n\t\t\t\t<\/div>\n\t\t\t\t<\/div>\n\t\t","protected":false},"excerpt":{"rendered":"<p>Kontakta oss Har du en fr\u00e5ga, vill boka ett m\u00f6te eller bara prata lite om k\u00f6k?Du \u00e4r alltid v\u00e4lkommen att h\u00f6ra av dig.Vi svarar s\u00e5 snabbt vi kan, oavsett om det g\u00e4ller en p\u00e5g\u00e5ende best\u00e4llning, en id\u00e9 du vill bolla eller hj\u00e4lp att komma ig\u00e5ng. Presskontakt Felicia LarssonMarknadskommunikat\u00f6rEpost: marknad@snek.se S\u00e5 behandlar vi dina personuppgifter Fr\u00e5gor [&hellip;]<\/p>\n","protected":false},"author":0,"featured_media":0,"parent":0,"menu_order":0,"comment_status":"closed","ping_status":"closed","template":"elementor_canvas","meta":{"_acf_changed":false,"footnotes":""},"class_list":["post-155001","page","type-page","status-publish","hentry"],"acf":[],"yoast_head":"<!-- This site is optimized with the Yoast SEO plugin v27.2 - https:\/\/yoast.com\/product\/yoast-seo-wordpress\/ -->\n<title>Yhteystiedot | Sn\u00eak<\/title>\n<meta name=\"description\" content=\"Ota yhteytt\u00e4 keitti\u00f6it\u00e4, suunnittelua tai tilauksia koskevissa kysymyksiss\u00e4. Vi finns i Stockholm och Norrbotten.\" \/>\n<meta name=\"robots\" content=\"index, follow, max-snippet:-1, max-image-preview:large, max-video-preview:-1\" \/>\n<link rel=\"canonical\" href=\"https:\/\/www.snek.se\/fi\/yhteystiedot\/\" \/>\n<meta property=\"og:locale\" content=\"fi_FI\" \/>\n<meta property=\"og:type\" content=\"article\" \/>\n<meta property=\"og:title\" content=\"Yhteystiedot | Sn\u00eak\" \/>\n<meta property=\"og:description\" content=\"Ota yhteytt\u00e4 keitti\u00f6it\u00e4, suunnittelua tai tilauksia koskevissa kysymyksiss\u00e4. Vi finns i Stockholm och Norrbotten.\" \/>\n<meta property=\"og:url\" content=\"https:\/\/www.snek.se\/fi\/yhteystiedot\/\" \/>\n<meta property=\"og:site_name\" content=\"Sn\u00eak\" \/>\n<meta property=\"article:publisher\" content=\"https:\/\/www.facebook.com\/snekkitchens\/\" \/>\n<meta property=\"article:modified_time\" content=\"2026-04-08T17:16:15+00:00\" \/>\n<meta property=\"og:image\" content=\"https:\/\/www.snek.se\/wp-content\/uploads\/2025\/06\/Snek_white_screen.png\" \/>\n\t<meta property=\"og:image:width\" content=\"1644\" \/>\n\t<meta property=\"og:image:height\" content=\"665\" \/>\n\t<meta property=\"og:image:type\" content=\"image\/png\" \/>\n<meta name=\"twitter:card\" content=\"summary_large_image\" \/>\n<meta name=\"twitter:label1\" content=\"Est. reading time\" \/>\n\t<meta name=\"twitter:data1\" content=\"1 minute\" \/>\n<script type=\"application\/ld+json\" class=\"yoast-schema-graph\">{\"@context\":\"https:\/\/schema.org\",\"@graph\":[{\"@type\":\"WebPage\",\"@id\":\"https:\/\/www.snek.se\/fi\/yhteystiedot\/\",\"url\":\"https:\/\/www.snek.se\/fi\/yhteystiedot\/\",\"name\":\"Yhteystiedot | Sn\u00eak\",\"isPartOf\":{\"@id\":\"https:\/\/www.snek.se\/fi\/#website\"},\"primaryImageOfPage\":{\"@id\":\"https:\/\/www.snek.se\/fi\/yhteystiedot\/#primaryimage\"},\"image\":{\"@id\":\"https:\/\/www.snek.se\/fi\/yhteystiedot\/#primaryimage\"},\"thumbnailUrl\":\"https:\/\/www.snek.se\/wp-content\/uploads\/2025\/06\/Snek_white_screen.png\",\"datePublished\":\"2026-04-08T17:09:22+00:00\",\"dateModified\":\"2026-04-08T17:16:15+00:00\",\"description\":\"Ota yhteytt\u00e4 keitti\u00f6it\u00e4, suunnittelua tai tilauksia koskevissa kysymyksiss\u00e4. Vi finns i Stockholm och Norrbotten.\",\"breadcrumb\":{\"@id\":\"https:\/\/www.snek.se\/fi\/yhteystiedot\/#breadcrumb\"},\"inLanguage\":\"fi\",\"potentialAction\":[{\"@type\":\"ReadAction\",\"target\":[\"https:\/\/www.snek.se\/fi\/yhteystiedot\/\"]}]},{\"@type\":\"ImageObject\",\"inLanguage\":\"fi\",\"@id\":\"https:\/\/www.snek.se\/fi\/yhteystiedot\/#primaryimage\",\"url\":\"https:\/\/www.snek.se\/wp-content\/uploads\/2025\/06\/Snek_white_screen.png\",\"contentUrl\":\"https:\/\/www.snek.se\/wp-content\/uploads\/2025\/06\/Snek_white_screen.png\"},{\"@type\":\"BreadcrumbList\",\"@id\":\"https:\/\/www.snek.se\/fi\/yhteystiedot\/#breadcrumb\",\"itemListElement\":[{\"@type\":\"ListItem\",\"position\":1,\"name\":\"Hem\",\"item\":\"https:\/\/www.snek.se\/fi\/\"},{\"@type\":\"ListItem\",\"position\":2,\"name\":\"Yhteystiedot\"}]},{\"@type\":\"WebSite\",\"@id\":\"https:\/\/www.snek.se\/fi\/#website\",\"url\":\"https:\/\/www.snek.se\/fi\/\",\"name\":\"Sn\u00eak\",\"description\":\"Snickrade k\u00f6k fr\u00e5n Norrbotten\",\"publisher\":{\"@id\":\"https:\/\/www.snek.se\/fi\/#organization\"},\"potentialAction\":[{\"@type\":\"SearchAction\",\"target\":{\"@type\":\"EntryPoint\",\"urlTemplate\":\"https:\/\/www.snek.se\/fi\/?s={search_term_string}\"},\"query-input\":{\"@type\":\"PropertyValueSpecification\",\"valueRequired\":true,\"valueName\":\"search_term_string\"}}],\"inLanguage\":\"fi\"},{\"@type\":\"Organization\",\"@id\":\"https:\/\/www.snek.se\/fi\/#organization\",\"name\":\"Sn\u00eak\",\"url\":\"https:\/\/www.snek.se\/fi\/\",\"logo\":{\"@type\":\"ImageObject\",\"inLanguage\":\"fi\",\"@id\":\"https:\/\/www.snek.se\/fi\/#\/schema\/logo\/image\/\",\"url\":\"https:\/\/www.snek.se\/wp-content\/uploads\/2026\/01\/snek-logotyp-insta-scaled.jpg\",\"contentUrl\":\"https:\/\/www.snek.se\/wp-content\/uploads\/2026\/01\/snek-logotyp-insta-scaled.jpg\",\"width\":2560,\"height\":2560,\"caption\":\"Sn\u00eak\"},\"image\":{\"@id\":\"https:\/\/www.snek.se\/fi\/#\/schema\/logo\/image\/\"},\"sameAs\":[\"https:\/\/www.facebook.com\/snekkitchens\/\",\"https:\/\/www.instagram.com\/snek.kok\/\",\"https:\/\/www.linkedin.com\/company\/snek-kok\/\",\"https:\/\/se.pinterest.com\/SnekKitchens\/\",\"https:\/\/www.youtube.com\/channel\/UCT9DWn-4DMpKHHqbRXV4bZQ\/\"]}]}<\/script>\n<!-- \/ Yoast SEO plugin. -->","yoast_head_json":{"title":"Yhteystiedot | Sn\u00eak","description":"Ota yhteytt\u00e4 keitti\u00f6it\u00e4, suunnittelua tai tilauksia koskevissa kysymyksiss\u00e4. Vi finns i Stockholm och Norrbotten.","robots":{"index":"index","follow":"follow","max-snippet":"max-snippet:-1","max-image-preview":"max-image-preview:large","max-video-preview":"max-video-preview:-1"},"canonical":"https:\/\/www.snek.se\/fi\/yhteystiedot\/","og_locale":"fi_FI","og_type":"article","og_title":"Yhteystiedot | Sn\u00eak","og_description":"Ota yhteytt\u00e4 keitti\u00f6it\u00e4, suunnittelua tai tilauksia koskevissa kysymyksiss\u00e4. Vi finns i Stockholm och Norrbotten.","og_url":"https:\/\/www.snek.se\/fi\/yhteystiedot\/","og_site_name":"Sn\u00eak","article_publisher":"https:\/\/www.facebook.com\/snekkitchens\/","article_modified_time":"2026-04-08T17:16:15+00:00","og_image":[{"width":1644,"height":665,"url":"https:\/\/www.snek.se\/wp-content\/uploads\/2025\/06\/Snek_white_screen.png","type":"image\/png"}],"twitter_card":"summary_large_image","twitter_misc":{"Est. reading time":"1 minute"},"schema":{"@context":"https:\/\/schema.org","@graph":[{"@type":"WebPage","@id":"https:\/\/www.snek.se\/fi\/yhteystiedot\/","url":"https:\/\/www.snek.se\/fi\/yhteystiedot\/","name":"Yhteystiedot | Sn\u00eak","isPartOf":{"@id":"https:\/\/www.snek.se\/fi\/#website"},"primaryImageOfPage":{"@id":"https:\/\/www.snek.se\/fi\/yhteystiedot\/#primaryimage"},"image":{"@id":"https:\/\/www.snek.se\/fi\/yhteystiedot\/#primaryimage"},"thumbnailUrl":"https:\/\/www.snek.se\/wp-content\/uploads\/2025\/06\/Snek_white_screen.png","datePublished":"2026-04-08T17:09:22+00:00","dateModified":"2026-04-08T17:16:15+00:00","description":"Ota yhteytt\u00e4 keitti\u00f6it\u00e4, suunnittelua tai tilauksia koskevissa kysymyksiss\u00e4. Vi finns i Stockholm och Norrbotten.","breadcrumb":{"@id":"https:\/\/www.snek.se\/fi\/yhteystiedot\/#breadcrumb"},"inLanguage":"fi","potentialAction":[{"@type":"ReadAction","target":["https:\/\/www.snek.se\/fi\/yhteystiedot\/"]}]},{"@type":"ImageObject","inLanguage":"fi","@id":"https:\/\/www.snek.se\/fi\/yhteystiedot\/#primaryimage","url":"https:\/\/www.snek.se\/wp-content\/uploads\/2025\/06\/Snek_white_screen.png","contentUrl":"https:\/\/www.snek.se\/wp-content\/uploads\/2025\/06\/Snek_white_screen.png"},{"@type":"BreadcrumbList","@id":"https:\/\/www.snek.se\/fi\/yhteystiedot\/#breadcrumb","itemListElement":[{"@type":"ListItem","position":1,"name":"Hem","item":"https:\/\/www.snek.se\/fi\/"},{"@type":"ListItem","position":2,"name":"Yhteystiedot"}]},{"@type":"WebSite","@id":"https:\/\/www.snek.se\/fi\/#website","url":"https:\/\/www.snek.se\/fi\/","name":"Sn\u00eak","description":"Snickrade k\u00f6k fr\u00e5n Norrbotten","publisher":{"@id":"https:\/\/www.snek.se\/fi\/#organization"},"potentialAction":[{"@type":"SearchAction","target":{"@type":"EntryPoint","urlTemplate":"https:\/\/www.snek.se\/fi\/?s={search_term_string}"},"query-input":{"@type":"PropertyValueSpecification","valueRequired":true,"valueName":"search_term_string"}}],"inLanguage":"fi"},{"@type":"Organization","@id":"https:\/\/www.snek.se\/fi\/#organization","name":"Sn\u00eak","url":"https:\/\/www.snek.se\/fi\/","logo":{"@type":"ImageObject","inLanguage":"fi","@id":"https:\/\/www.snek.se\/fi\/#\/schema\/logo\/image\/","url":"https:\/\/www.snek.se\/wp-content\/uploads\/2026\/01\/snek-logotyp-insta-scaled.jpg","contentUrl":"https:\/\/www.snek.se\/wp-content\/uploads\/2026\/01\/snek-logotyp-insta-scaled.jpg","width":2560,"height":2560,"caption":"Sn\u00eak"},"image":{"@id":"https:\/\/www.snek.se\/fi\/#\/schema\/logo\/image\/"},"sameAs":["https:\/\/www.facebook.com\/snekkitchens\/","https:\/\/www.instagram.com\/snek.kok\/","https:\/\/www.linkedin.com\/company\/snek-kok\/","https:\/\/se.pinterest.com\/SnekKitchens\/","https:\/\/www.youtube.com\/channel\/UCT9DWn-4DMpKHHqbRXV4bZQ\/"]}]}},"_links":{"self":[{"href":"https:\/\/www.snek.se\/fi\/wp-json\/wp\/v2\/pages\/155001","targetHints":{"allow":["GET"]}}],"collection":[{"href":"https:\/\/www.snek.se\/fi\/wp-json\/wp\/v2\/pages"}],"about":[{"href":"https:\/\/www.snek.se\/fi\/wp-json\/wp\/v2\/types\/page"}],"replies":[{"embeddable":true,"href":"https:\/\/www.snek.se\/fi\/wp-json\/wp\/v2\/comments?post=155001"}],"version-history":[{"count":2,"href":"https:\/\/www.snek.se\/fi\/wp-json\/wp\/v2\/pages\/155001\/revisions"}],"predecessor-version":[{"id":155155,"href":"https:\/\/www.snek.se\/fi\/wp-json\/wp\/v2\/pages\/155001\/revisions\/155155"}],"wp:attachment":[{"href":"https:\/\/www.snek.se\/fi\/wp-json\/wp\/v2\/media?parent=155001"}],"curies":[{"name":"wp","href":"https:\/\/api.w.org\/{rel}","templated":true}]}}