{"id":154989,"date":"2026-04-08T19:08:49","date_gmt":"2026-04-08T17:08:49","guid":{"rendered":"https:\/\/www.snek.se\/tietosuojakaytanto\/"},"modified":"2026-04-08T19:15:52","modified_gmt":"2026-04-08T17:15:52","slug":"tietosuojakaytanto","status":"publish","type":"page","link":"https:\/\/www.snek.se\/fi\/tietosuojakaytanto\/","title":{"rendered":"Tietosuojak\u00e4yt\u00e4nt\u00f6"},"content":{"rendered":"\t\t<div data-elementor-type=\"wp-page\" data-elementor-id=\"154989\" class=\"elementor elementor-154989 elementor-936\" data-elementor-post-type=\"page\">\n\t\t\t\t<div class=\"elementor-element elementor-element-26a33bf e-con-full e-flex e-con e-parent\" data-id=\"26a33bf\" data-element_type=\"container\" data-e-type=\"container\">\n\t\t<div class=\"elementor-element elementor-element-1459d9a e-con-full e-flex e-con e-child\" data-id=\"1459d9a\" data-element_type=\"container\" data-e-type=\"container\">\n\t\t\t\t<div class=\"elementor-element elementor-element-dbc599d elementor-widget elementor-widget-heading\" data-id=\"dbc599d\" data-element_type=\"widget\" data-e-type=\"widget\" data-widget_type=\"heading.default\">\n\t\t\t\t<div class=\"elementor-widget-container\">\n\t\t\t\t\t<h1 class=\"elementor-heading-title elementor-size-default\">Tietosuojak\u00e4yt\u00e4nt\u00f6<\/h1>\t\t\t\t<\/div>\n\t\t\t\t<\/div>\n\t\t\t\t<div class=\"elementor-element elementor-element-aa3e62c elementor-widget__width-initial elementor-widget elementor-widget-text-editor\" data-id=\"aa3e62c\" data-element_type=\"widget\" data-e-type=\"widget\" data-widget_type=\"text-editor.default\">\n\t\t\t\t<div class=\"elementor-widget-container\">\n\t\t\t\t\t\t\t\t\t<p>Chez Sn\u00eak Aktiebolag, nous attachons une grande importance \u00e0 votre vie priv\u00e9e. Vi behandlar dina personuppgifter i enlighet kanssa g\u00e4llande dataskyddslagstiftning (GDPR) ja samlar endast in den information som \u00e4r n\u00f6dv\u00e4ndig kohteelle ett\u00e4 kunna erbjuda v\u00e5ra tj\u00e4nster, fullg\u00f6ra v\u00e5ra avtal ja skapa en b\u00e4ttre kundupplevelse.<\/p><p>Denna policy beskriver vilken information vi samlar in, varf\u00f6r vi g\u00f6r det, hur den anv\u00e4nds, samt vilka r\u00e4ttigheter du har. Om du har n\u00e5gra fr\u00e5gor \u00e4r du alltid v\u00e4lkommen ett\u00e4 kontakta oss.<\/p><p><strong>Personuppgiftsansvarig:<\/strong><br class=\"soft-break\" \/>Sn\u00eak Aktiebolag (org.nr 559206-5055)<br class=\"soft-break\" \/>info@snek.se<\/p>\t\t\t\t\t\t\t\t<\/div>\n\t\t\t\t<\/div>\n\t\t\t\t<\/div>\n\t\t\t\t<\/div>\n\t\t<div class=\"elementor-element elementor-element-209ccf3 e-flex e-con-boxed e-con e-parent\" data-id=\"209ccf3\" data-element_type=\"container\" data-e-type=\"container\">\n\t\t\t\t\t<div class=\"e-con-inner\">\n\t\t<div class=\"elementor-element elementor-element-b25ecc7 e-con-full e-flex e-con e-child\" data-id=\"b25ecc7\" data-element_type=\"container\" data-e-type=\"container\">\n\t\t\t\t<div class=\"elementor-element elementor-element-634bbbe elementor-widget elementor-widget-heading\" data-id=\"634bbbe\" data-element_type=\"widget\" data-e-type=\"widget\" data-widget_type=\"heading.default\">\n\t\t\t\t<div class=\"elementor-widget-container\">\n\t\t\t\t\t<h2 class=\"elementor-heading-title elementor-size-default\">Tarjouspyynn\u00f6t<\/h2>\t\t\t\t<\/div>\n\t\t\t\t<\/div>\n\t\t\t\t<div class=\"elementor-element elementor-element-79007b5 elementor-widget elementor-widget-text-editor\" data-id=\"79007b5\" data-element_type=\"widget\" data-e-type=\"widget\" data-widget_type=\"text-editor.default\">\n\t\t\t\t<div class=\"elementor-widget-container\">\n\t\t\t\t\t\t\t\t\t<p>Tarjouspyynt\u00f6jen yhteydess\u00e4 k\u00e4sittelemme:<\/p>\n<ul>\n<li>Namn<\/li>\n<li>Adress, telefonnummer, e-post<\/li>\n<li>Personnummer<\/li>\n<li>Toimitusinformation<\/li>\n<\/ul>\n<p><strong>Syfte:<\/strong>&nbsp;F\u00f6r att kunna ge offert och fullf\u00f6lja v\u00e5ra \u00e5taganden.<\/p>\n<p data-start=\"1879\" data-end=\"1998\"><strong data-start=\"1879\" data-end=\"1924\">F\u00f6rfr\u00e5gningar\/lead &amp; ej antagna offerter:<\/strong> upp till <strong data-start=\"1934\" data-end=\"1948\">12 m\u00e5nader<\/strong> efter senaste kontakt om inget uppdrag uppst\u00e5r.<\/p>\t\t\t\t\t\t\t\t<\/div>\n\t\t\t\t<\/div>\n\t\t\t\t<\/div>\n\t\t<div class=\"elementor-element elementor-element-a203b57 e-con-full e-flex e-con e-child\" data-id=\"a203b57\" data-element_type=\"container\" data-e-type=\"container\" data-settings=\"{&quot;background_background&quot;:&quot;classic&quot;}\">\n\t\t\t\t<div class=\"elementor-element elementor-element-24846bf elementor-widget elementor-widget-heading\" data-id=\"24846bf\" data-element_type=\"widget\" data-e-type=\"widget\" data-widget_type=\"heading.default\">\n\t\t\t\t<div class=\"elementor-widget-container\">\n\t\t\t\t\t<h2 class=\"elementor-heading-title elementor-size-default\">Tilaukset ja ostot<\/h2>\t\t\t\t<\/div>\n\t\t\t\t<\/div>\n\t\t\t\t<div class=\"elementor-element elementor-element-32a9d16 elementor-widget elementor-widget-text-editor\" data-id=\"32a9d16\" data-element_type=\"widget\" data-e-type=\"widget\" data-widget_type=\"text-editor.default\">\n\t\t\t\t<div class=\"elementor-widget-container\">\n\t\t\t\t\t\t\t\t\t<p>Tilauksen yhteydess\u00e4 k\u00e4sittelemme:<\/p><ul><li>Namn<\/li><li>Adress, telefonnummer, e-post<\/li><li>Personnummer<\/li><li>Betalningsinformation<\/li><li>Information om best\u00e4llningen<\/li><\/ul><p><strong>Syfte:<\/strong>\u00a0F\u00f6r att kunna fullf\u00f6lja k\u00f6peavtal, leverans och garanti.<br class=\"soft-break\" \/><strong>Lagringstid:<\/strong>\u00a0Uppgifterna sparas i 7 \u00e5r enligt bokf\u00f6ringslagen. Efter det raderas personuppgifterna, men viss orderinformation kan sparas l\u00e4ngre kohteelle garanti- ja reklamations\u00e4ndam\u00e5l.<\/p>\t\t\t\t\t\t\t\t<\/div>\n\t\t\t\t<\/div>\n\t\t\t\t<\/div>\n\t\t\t\t\t<\/div>\n\t\t\t\t<\/div>\n\t\t<div class=\"elementor-element elementor-element-a841392 e-flex e-con-boxed e-con e-parent\" data-id=\"a841392\" data-element_type=\"container\" data-e-type=\"container\">\n\t\t\t\t\t<div class=\"e-con-inner\">\n\t\t<div class=\"elementor-element elementor-element-2f985f1 e-con-full e-flex e-con e-child\" data-id=\"2f985f1\" data-element_type=\"container\" data-e-type=\"container\">\n\t\t\t\t<div class=\"elementor-element elementor-element-a87bda5 elementor-widget elementor-widget-heading\" data-id=\"a87bda5\" data-element_type=\"widget\" data-e-type=\"widget\" data-widget_type=\"heading.default\">\n\t\t\t\t<div class=\"elementor-widget-container\">\n\t\t\t\t\t<h2 class=\"elementor-heading-title elementor-size-default\">Exp\u00e9rience client et personnalisation<\/h2>\t\t\t\t<\/div>\n\t\t\t\t<\/div>\n\t\t\t\t<div class=\"elementor-element elementor-element-c9b03e9 elementor-widget elementor-widget-text-editor\" data-id=\"c9b03e9\" data-element_type=\"widget\" data-e-type=\"widget\" data-widget_type=\"text-editor.default\">\n\t\t\t\t<div class=\"elementor-widget-container\">\n\t\t\t\t\t\t\t\t\t<p>Tarjotaksemme mukautetun kokemuksen verkkosivustollamme k\u00e4sittelemme:<\/p><ul><li>IP-adress<\/li><li>Cookies ja klickhistorik<\/li><\/ul><p><strong>Syfte:<\/strong>\u00a0Att ge dig relevanta produktrekommendationer och en smidigare upplevelse p\u00e5 sajten.<br class=\"soft-break\" \/><strong>Lagringstid:<\/strong>\u00a0Uppgifterna sparas i max 12 m\u00e5nader fr\u00e5n senaste aktivitet. Du kan n\u00e4r som helst beg\u00e4ra ett\u00e4 uppgifterna raderas.<\/p><p>Mer information finns i v\u00e5r\u00a0<a href=\"https:\/\/www.snek.se\/integritetspolicy\/#\" target=\"_blank\" rel=\"noopener noreferrer\">cookiepolicy<\/a>.<\/p>\t\t\t\t\t\t\t\t<\/div>\n\t\t\t\t<\/div>\n\t\t\t\t<\/div>\n\t\t<div class=\"elementor-element elementor-element-cba6d15 e-con-full e-flex e-con e-child\" data-id=\"cba6d15\" data-element_type=\"container\" data-e-type=\"container\">\n\t\t\t\t<div class=\"elementor-element elementor-element-386f944 elementor-widget elementor-widget-spacer\" data-id=\"386f944\" data-element_type=\"widget\" data-e-type=\"widget\" data-widget_type=\"spacer.default\">\n\t\t\t\t<div class=\"elementor-widget-container\">\n\t\t\t\t\t\t\t<div class=\"elementor-spacer\">\n\t\t\t<div class=\"elementor-spacer-inner\"><\/div>\n\t\t<\/div>\n\t\t\t\t\t\t<\/div>\n\t\t\t\t<\/div>\n\t\t\t\t<\/div>\n\t\t\t\t\t<\/div>\n\t\t\t\t<\/div>\n\t\t<div class=\"elementor-element elementor-element-e3e0da7 e-flex e-con-boxed e-con e-parent\" data-id=\"e3e0da7\" data-element_type=\"container\" data-e-type=\"container\">\n\t\t\t\t\t<div class=\"e-con-inner\">\n\t\t<div class=\"elementor-element elementor-element-e8134ff e-con-full e-flex e-con e-child\" data-id=\"e8134ff\" data-element_type=\"container\" data-e-type=\"container\">\n\t\t\t\t<div class=\"elementor-element elementor-element-20f8885 elementor-widget elementor-widget-heading\" data-id=\"20f8885\" data-element_type=\"widget\" data-e-type=\"widget\" data-widget_type=\"heading.default\">\n\t\t\t\t<div class=\"elementor-widget-container\">\n\t\t\t\t\t<h2 class=\"elementor-heading-title elementor-size-default\">Markkinointi<\/h2>\t\t\t\t<\/div>\n\t\t\t\t<\/div>\n\t\t\t\t<div class=\"elementor-element elementor-element-fe13506 elementor-widget elementor-widget-text-editor\" data-id=\"fe13506\" data-element_type=\"widget\" data-e-type=\"widget\" data-widget_type=\"text-editor.default\">\n\t\t\t\t<div class=\"elementor-widget-container\">\n\t\t\t\t\t\t\t\t\t<p>Tuotteidemme markkinointia varten k\u00e4sittelemme:<\/p><ul><li>IP-adress<\/li><li>Cookies, klick- ja bes\u00f6kshistorik<\/li><li>Ordernummer<\/li><\/ul><p><strong>Syfte:<\/strong>\u00a0Att visa relevanta annonser och erbjudanden, b\u00e5de p\u00e5 v\u00e5r sajt och genom externa partners.<br class=\"soft-break\" \/><strong>Lagringstid:<\/strong>\u00a0Uppgifterna sparas i upp till 12 m\u00e5nader efter senaste aktivitet.<br class=\"soft-break\" \/><strong>Laglig grund:<\/strong>\u00a0Ber\u00e4ttigat intresse. Vid nyhetsbrev ja kundunders\u00f6kningar kr\u00e4vs uttryckligt samtycke.<\/p>\t\t\t\t\t\t\t\t<\/div>\n\t\t\t\t<\/div>\n\t\t\t\t<\/div>\n\t\t<div class=\"elementor-element elementor-element-812faab e-con-full e-flex e-con e-child\" data-id=\"812faab\" data-element_type=\"container\" data-e-type=\"container\">\n\t\t\t\t<div class=\"elementor-element elementor-element-d407855 elementor-widget elementor-widget-heading\" data-id=\"d407855\" data-element_type=\"widget\" data-e-type=\"widget\" data-widget_type=\"heading.default\">\n\t\t\t\t<div class=\"elementor-widget-container\">\n\t\t\t\t\t<h2 class=\"elementor-heading-title elementor-size-default\">Newsletters et enqu\u00eates clients<\/h2>\t\t\t\t<\/div>\n\t\t\t\t<\/div>\n\t\t\t\t<div class=\"elementor-element elementor-element-41853a2 elementor-widget elementor-widget-text-editor\" data-id=\"41853a2\" data-element_type=\"widget\" data-e-type=\"widget\" data-widget_type=\"text-editor.default\">\n\t\t\t\t<div class=\"elementor-widget-container\">\n\t\t\t\t\t\t\t\t\t<p>Om du samtycker till ett\u00e4 ta emot nyhetsbrev hanterar vi:<\/p><ul><li>Namn<\/li><li>Adress, telefonnummer, e-post<\/li><li>Frivilligt inl\u00e4mnade uppgifter s\u00e5som feedback tai \u00e5sikter<\/li><\/ul><p><strong>Lagringstid:<\/strong>\u00a0S\u00e5 l\u00e4nge samtycket \u00e4r giltigt eller tills du \u00e5terkallar det.<\/p>\t\t\t\t\t\t\t\t<\/div>\n\t\t\t\t<\/div>\n\t\t\t\t<\/div>\n\t\t\t\t\t<\/div>\n\t\t\t\t<\/div>\n\t\t<div class=\"elementor-element elementor-element-f5b5991 e-flex e-con-boxed e-con e-parent\" data-id=\"f5b5991\" data-element_type=\"container\" data-e-type=\"container\">\n\t\t\t\t\t<div class=\"e-con-inner\">\n\t\t<div class=\"elementor-element elementor-element-db3aaef e-con-full e-flex e-con e-child\" data-id=\"db3aaef\" data-element_type=\"container\" data-e-type=\"container\">\n\t\t\t\t<div class=\"elementor-element elementor-element-bdcfa81 elementor-widget elementor-widget-heading\" data-id=\"bdcfa81\" data-element_type=\"widget\" data-e-type=\"widget\" data-widget_type=\"heading.default\">\n\t\t\t\t<div class=\"elementor-widget-container\">\n\t\t\t\t\t<h2 class=\"elementor-heading-title elementor-size-default\">Tuotekehitys ja <br>palvelun parantaminen<\/h2>\t\t\t\t<\/div>\n\t\t\t\t<\/div>\n\t\t\t\t<div class=\"elementor-element elementor-element-d6a8a3e elementor-widget elementor-widget-text-editor\" data-id=\"d6a8a3e\" data-element_type=\"widget\" data-e-type=\"widget\" data-widget_type=\"text-editor.default\">\n\t\t\t\t<div class=\"elementor-widget-container\">\n\t\t\t\t\t\t\t\t\t<p><strong>Vi behandlar:<\/strong><\/p><ul><li>K\u00f6phistorik ja anv\u00e4ndarbeteende<\/li><li>Teknisk data (enhet, webbl\u00e4sare, operativsystem, spr\u00e5k, IP-adress)<\/li><li>Interaktion kanssa v\u00e5r sajt (bes\u00f6kstid, klick, felkanssadelanden m.m.)<\/li><\/ul><p><strong>Syfte:<\/strong>\u00a0Att f\u00f6rb\u00e4ttra och utveckla v\u00e5ra tj\u00e4nster, erbjudanden och funktioner.<br class=\"soft-break\" \/><strong>Behandling:<\/strong>\u00a0All analys sker p\u00e5 aggregerad niv\u00e5 eller avidentifieras inom 12 m\u00e5nader.<br class=\"soft-break\" \/>Om du \u00e5terkommer inom 24 m\u00e5nader kan vi koppla dina data till tidigare bes\u00f6k \u2013 d\u00e4rj\u00e4lkeen raderas kopplingen.<\/p>\t\t\t\t\t\t\t\t<\/div>\n\t\t\t\t<\/div>\n\t\t\t\t<\/div>\n\t\t<div class=\"elementor-element elementor-element-54b641a e-con-full e-flex e-con e-child\" data-id=\"54b641a\" data-element_type=\"container\" data-e-type=\"container\">\n\t\t\t\t<div class=\"elementor-element elementor-element-f0a75ff elementor-widget elementor-widget-spacer\" data-id=\"f0a75ff\" data-element_type=\"widget\" data-e-type=\"widget\" data-widget_type=\"spacer.default\">\n\t\t\t\t<div class=\"elementor-widget-container\">\n\t\t\t\t\t\t\t<div class=\"elementor-spacer\">\n\t\t\t<div class=\"elementor-spacer-inner\"><\/div>\n\t\t<\/div>\n\t\t\t\t\t\t<\/div>\n\t\t\t\t<\/div>\n\t\t\t\t<\/div>\n\t\t\t\t\t<\/div>\n\t\t\t\t<\/div>\n\t\t<div class=\"elementor-element elementor-element-d87aff7 e-flex e-con-boxed e-con e-parent\" data-id=\"d87aff7\" data-element_type=\"container\" data-e-type=\"container\">\n\t\t\t\t\t<div class=\"e-con-inner\">\n\t\t<div class=\"elementor-element elementor-element-2e13b36 e-con-full e-flex e-con e-child\" data-id=\"2e13b36\" data-element_type=\"container\" data-e-type=\"container\" data-settings=\"{&quot;background_background&quot;:&quot;classic&quot;}\">\n\t\t\t\t<div class=\"elementor-element elementor-element-0f1505f elementor-widget elementor-widget-heading\" data-id=\"0f1505f\" data-element_type=\"widget\" data-e-type=\"widget\" data-widget_type=\"heading.default\">\n\t\t\t\t<div class=\"elementor-widget-container\">\n\t\t\t\t\t<h2 class=\"elementor-heading-title elementor-size-default\">Quincaillerie et produits externes<\/h2>\t\t\t\t<\/div>\n\t\t\t\t<\/div>\n\t\t\t\t<div class=\"elementor-element elementor-element-4f3c773 elementor-widget elementor-widget-text-editor\" data-id=\"4f3c773\" data-element_type=\"widget\" data-e-type=\"widget\" data-widget_type=\"text-editor.default\">\n\t\t\t\t<div class=\"elementor-widget-container\">\n\t\t\t\t\t\t\t\t\t<p><span id=\"miro-copy-source--doc\"><\/span>V\u00e5ra knoppar, handtag ja beslag levereras av\u00a0Beslag Online, d\u00e4r du hittar detaljerade\u00a0sk\u00f6tselr\u00e5d ja eigritetsinformation.<\/p>\t\t\t\t\t\t\t\t<\/div>\n\t\t\t\t<\/div>\n\t\t\t\t<div class=\"elementor-element elementor-element-d5dfd41 elementor-widget elementor-widget-html\" data-id=\"d5dfd41\" data-element_type=\"widget\" data-e-type=\"widget\" data-widget_type=\"html.default\">\n\t\t\t\t<div class=\"elementor-widget-container\">\n\t\t\t\t\t<a href=\"https:\/\/www.snek.se\/samtal-med-koksplanerare\/\" style=\"text-decoration: none;\">\n    <button class=\"bracket-button-w\">\n        Beslag online\n    <\/button>\n<\/a>\t\t\t\t<\/div>\n\t\t\t\t<\/div>\n\t\t\t\t<\/div>\n\t\t<div class=\"elementor-element elementor-element-dda509b e-con-full e-flex e-con e-child\" data-id=\"dda509b\" data-element_type=\"container\" data-e-type=\"container\" data-settings=\"{&quot;background_background&quot;:&quot;classic&quot;}\">\n\t\t\t\t<div class=\"elementor-element elementor-element-3dd7726 elementor-widget elementor-widget-spacer\" data-id=\"3dd7726\" data-element_type=\"widget\" data-e-type=\"widget\" data-widget_type=\"spacer.default\">\n\t\t\t\t<div class=\"elementor-widget-container\">\n\t\t\t\t\t\t\t<div class=\"elementor-spacer\">\n\t\t\t<div class=\"elementor-spacer-inner\"><\/div>\n\t\t<\/div>\n\t\t\t\t\t\t<\/div>\n\t\t\t\t<\/div>\n\t\t\t\t<\/div>\n\t\t\t\t\t<\/div>\n\t\t\t\t<\/div>\n\t\t\t\t<\/div>\n\t\t","protected":false},"excerpt":{"rendered":"<p>Integritetspolicy Hos Sn\u00eak Aktiebolag v\u00e4rnar vi om din personliga integritet. Vi behandlar dina personuppgifter i enlighet med g\u00e4llande dataskyddslagstiftning (GDPR) och samlar endast in den information som \u00e4r n\u00f6dv\u00e4ndig f\u00f6r att kunna erbjuda v\u00e5ra tj\u00e4nster, fullg\u00f6ra v\u00e5ra avtal och skapa en b\u00e4ttre kundupplevelse. Denna policy beskriver vilken information vi samlar in, varf\u00f6r vi g\u00f6r det, [&hellip;]<\/p>\n","protected":false},"author":0,"featured_media":23926,"parent":0,"menu_order":0,"comment_status":"closed","ping_status":"closed","template":"elementor_canvas","meta":{"_acf_changed":false,"footnotes":""},"class_list":["post-154989","page","type-page","status-publish","has-post-thumbnail","hentry"],"acf":[],"yoast_head":"<!-- This site is optimized with the Yoast SEO plugin v27.2 - https:\/\/yoast.com\/product\/yoast-seo-wordpress\/ -->\n<title>Tietosuojak\u00e4yt\u00e4nt\u00f6 | Sn\u00eak<\/title>\n<meta name=\"description\" content=\"N\u00e4in Sn\u00eak k\u00e4sittelee henkil\u00f6tietojasi. Information enligt GDPR om datainsamling och dina r\u00e4ttigheter.\" \/>\n<meta name=\"robots\" content=\"index, follow, max-snippet:-1, max-image-preview:large, max-video-preview:-1\" \/>\n<link rel=\"canonical\" href=\"https:\/\/www.snek.se\/fi\/tietosuojakaytanto\/\" \/>\n<meta property=\"og:locale\" content=\"fi_FI\" \/>\n<meta property=\"og:type\" content=\"article\" \/>\n<meta property=\"og:title\" content=\"Tietosuojak\u00e4yt\u00e4nt\u00f6 | Sn\u00eak\" \/>\n<meta property=\"og:description\" content=\"N\u00e4in Sn\u00eak k\u00e4sittelee henkil\u00f6tietojasi. Information enligt GDPR om datainsamling och dina r\u00e4ttigheter.\" \/>\n<meta property=\"og:url\" content=\"https:\/\/www.snek.se\/fi\/tietosuojakaytanto\/\" \/>\n<meta property=\"og:site_name\" content=\"Sn\u00eak\" \/>\n<meta property=\"article:publisher\" content=\"https:\/\/www.facebook.com\/snekkitchens\/\" \/>\n<meta property=\"article:modified_time\" content=\"2026-04-08T17:15:52+00:00\" \/>\n<meta property=\"og:image\" content=\"https:\/\/www.snek.se\/wp-content\/uploads\/2021\/09\/DSC02514-1-scaled.jpg\" \/>\n\t<meta property=\"og:image:width\" content=\"2560\" \/>\n\t<meta property=\"og:image:height\" content=\"1708\" \/>\n\t<meta property=\"og:image:type\" content=\"image\/jpeg\" \/>\n<meta name=\"twitter:card\" content=\"summary_large_image\" \/>\n<meta name=\"twitter:label1\" content=\"Est. reading time\" \/>\n\t<meta name=\"twitter:data1\" content=\"2 minutes\" \/>\n<script type=\"application\/ld+json\" class=\"yoast-schema-graph\">{\"@context\":\"https:\/\/schema.org\",\"@graph\":[{\"@type\":\"WebPage\",\"@id\":\"https:\/\/www.snek.se\/fi\/tietosuojakaytanto\/\",\"url\":\"https:\/\/www.snek.se\/fi\/tietosuojakaytanto\/\",\"name\":\"Tietosuojak\u00e4yt\u00e4nt\u00f6 | Sn\u00eak\",\"isPartOf\":{\"@id\":\"https:\/\/www.snek.se\/fi\/#website\"},\"primaryImageOfPage\":{\"@id\":\"https:\/\/www.snek.se\/fi\/tietosuojakaytanto\/#primaryimage\"},\"image\":{\"@id\":\"https:\/\/www.snek.se\/fi\/tietosuojakaytanto\/#primaryimage\"},\"thumbnailUrl\":\"https:\/\/www.snek.se\/wp-content\/uploads\/2021\/09\/DSC02514-1-scaled.jpg\",\"datePublished\":\"2026-04-08T17:08:49+00:00\",\"dateModified\":\"2026-04-08T17:15:52+00:00\",\"description\":\"N\u00e4in Sn\u00eak k\u00e4sittelee henkil\u00f6tietojasi. Information enligt GDPR om datainsamling och dina r\u00e4ttigheter.\",\"breadcrumb\":{\"@id\":\"https:\/\/www.snek.se\/fi\/tietosuojakaytanto\/#breadcrumb\"},\"inLanguage\":\"fi\",\"potentialAction\":[{\"@type\":\"ReadAction\",\"target\":[\"https:\/\/www.snek.se\/fi\/tietosuojakaytanto\/\"]}]},{\"@type\":\"ImageObject\",\"inLanguage\":\"fi\",\"@id\":\"https:\/\/www.snek.se\/fi\/tietosuojakaytanto\/#primaryimage\",\"url\":\"https:\/\/www.snek.se\/wp-content\/uploads\/2021\/09\/DSC02514-1-scaled.jpg\",\"contentUrl\":\"https:\/\/www.snek.se\/wp-content\/uploads\/2021\/09\/DSC02514-1-scaled.jpg\",\"width\":2560,\"height\":1708},{\"@type\":\"BreadcrumbList\",\"@id\":\"https:\/\/www.snek.se\/fi\/tietosuojakaytanto\/#breadcrumb\",\"itemListElement\":[{\"@type\":\"ListItem\",\"position\":1,\"name\":\"Hem\",\"item\":\"https:\/\/www.snek.se\/fi\/\"},{\"@type\":\"ListItem\",\"position\":2,\"name\":\"Tietosuojak\u00e4yt\u00e4nt\u00f6\"}]},{\"@type\":\"WebSite\",\"@id\":\"https:\/\/www.snek.se\/fi\/#website\",\"url\":\"https:\/\/www.snek.se\/fi\/\",\"name\":\"Sn\u00eak\",\"description\":\"K\u00e4sity\u00f6n\u00e4 valmistetut keitti\u00f6t Norrbottenista\",\"publisher\":{\"@id\":\"https:\/\/www.snek.se\/fi\/#organization\"},\"potentialAction\":[{\"@type\":\"SearchAction\",\"target\":{\"@type\":\"EntryPoint\",\"urlTemplate\":\"https:\/\/www.snek.se\/fi\/?s={search_term_string}\"},\"query-input\":{\"@type\":\"PropertyValueSpecification\",\"valueRequired\":true,\"valueName\":\"search_term_string\"}}],\"inLanguage\":\"fi\"},{\"@type\":\"Organization\",\"@id\":\"https:\/\/www.snek.se\/fi\/#organization\",\"name\":\"Sn\u00eak\",\"url\":\"https:\/\/www.snek.se\/fi\/\",\"logo\":{\"@type\":\"ImageObject\",\"inLanguage\":\"fi\",\"@id\":\"https:\/\/www.snek.se\/fi\/#\/schema\/logo\/image\/\",\"url\":\"https:\/\/www.snek.se\/wp-content\/uploads\/2026\/01\/snek-logotyp-insta-scaled.jpg\",\"contentUrl\":\"https:\/\/www.snek.se\/wp-content\/uploads\/2026\/01\/snek-logotyp-insta-scaled.jpg\",\"width\":2560,\"height\":2560,\"caption\":\"Sn\u00eak\"},\"image\":{\"@id\":\"https:\/\/www.snek.se\/fi\/#\/schema\/logo\/image\/\"},\"sameAs\":[\"https:\/\/www.facebook.com\/snekkitchens\/\",\"https:\/\/www.instagram.com\/snek.kok\/\",\"https:\/\/www.linkedin.com\/company\/snek-kok\/\",\"https:\/\/se.pinterest.com\/SnekKitchens\/\",\"https:\/\/www.youtube.com\/channel\/UCT9DWn-4DMpKHHqbRXV4bZQ\/\"]}]}<\/script>\n<!-- \/ Yoast SEO plugin. -->","yoast_head_json":{"title":"Tietosuojak\u00e4yt\u00e4nt\u00f6 | Sn\u00eak","description":"N\u00e4in Sn\u00eak k\u00e4sittelee henkil\u00f6tietojasi. Information enligt GDPR om datainsamling och dina r\u00e4ttigheter.","robots":{"index":"index","follow":"follow","max-snippet":"max-snippet:-1","max-image-preview":"max-image-preview:large","max-video-preview":"max-video-preview:-1"},"canonical":"https:\/\/www.snek.se\/fi\/tietosuojakaytanto\/","og_locale":"fi_FI","og_type":"article","og_title":"Tietosuojak\u00e4yt\u00e4nt\u00f6 | Sn\u00eak","og_description":"N\u00e4in Sn\u00eak k\u00e4sittelee henkil\u00f6tietojasi. Information enligt GDPR om datainsamling och dina r\u00e4ttigheter.","og_url":"https:\/\/www.snek.se\/fi\/tietosuojakaytanto\/","og_site_name":"Sn\u00eak","article_publisher":"https:\/\/www.facebook.com\/snekkitchens\/","article_modified_time":"2026-04-08T17:15:52+00:00","og_image":[{"width":2560,"height":1708,"url":"https:\/\/www.snek.se\/wp-content\/uploads\/2021\/09\/DSC02514-1-scaled.jpg","type":"image\/jpeg"}],"twitter_card":"summary_large_image","twitter_misc":{"Est. reading time":"2 minutes"},"schema":{"@context":"https:\/\/schema.org","@graph":[{"@type":"WebPage","@id":"https:\/\/www.snek.se\/fi\/tietosuojakaytanto\/","url":"https:\/\/www.snek.se\/fi\/tietosuojakaytanto\/","name":"Tietosuojak\u00e4yt\u00e4nt\u00f6 | Sn\u00eak","isPartOf":{"@id":"https:\/\/www.snek.se\/fi\/#website"},"primaryImageOfPage":{"@id":"https:\/\/www.snek.se\/fi\/tietosuojakaytanto\/#primaryimage"},"image":{"@id":"https:\/\/www.snek.se\/fi\/tietosuojakaytanto\/#primaryimage"},"thumbnailUrl":"https:\/\/www.snek.se\/wp-content\/uploads\/2021\/09\/DSC02514-1-scaled.jpg","datePublished":"2026-04-08T17:08:49+00:00","dateModified":"2026-04-08T17:15:52+00:00","description":"N\u00e4in Sn\u00eak k\u00e4sittelee henkil\u00f6tietojasi. Information enligt GDPR om datainsamling och dina r\u00e4ttigheter.","breadcrumb":{"@id":"https:\/\/www.snek.se\/fi\/tietosuojakaytanto\/#breadcrumb"},"inLanguage":"fi","potentialAction":[{"@type":"ReadAction","target":["https:\/\/www.snek.se\/fi\/tietosuojakaytanto\/"]}]},{"@type":"ImageObject","inLanguage":"fi","@id":"https:\/\/www.snek.se\/fi\/tietosuojakaytanto\/#primaryimage","url":"https:\/\/www.snek.se\/wp-content\/uploads\/2021\/09\/DSC02514-1-scaled.jpg","contentUrl":"https:\/\/www.snek.se\/wp-content\/uploads\/2021\/09\/DSC02514-1-scaled.jpg","width":2560,"height":1708},{"@type":"BreadcrumbList","@id":"https:\/\/www.snek.se\/fi\/tietosuojakaytanto\/#breadcrumb","itemListElement":[{"@type":"ListItem","position":1,"name":"Hem","item":"https:\/\/www.snek.se\/fi\/"},{"@type":"ListItem","position":2,"name":"Tietosuojak\u00e4yt\u00e4nt\u00f6"}]},{"@type":"WebSite","@id":"https:\/\/www.snek.se\/fi\/#website","url":"https:\/\/www.snek.se\/fi\/","name":"Sn\u00eak","description":"K\u00e4sity\u00f6n\u00e4 valmistetut keitti\u00f6t Norrbottenista","publisher":{"@id":"https:\/\/www.snek.se\/fi\/#organization"},"potentialAction":[{"@type":"SearchAction","target":{"@type":"EntryPoint","urlTemplate":"https:\/\/www.snek.se\/fi\/?s={search_term_string}"},"query-input":{"@type":"PropertyValueSpecification","valueRequired":true,"valueName":"search_term_string"}}],"inLanguage":"fi"},{"@type":"Organization","@id":"https:\/\/www.snek.se\/fi\/#organization","name":"Sn\u00eak","url":"https:\/\/www.snek.se\/fi\/","logo":{"@type":"ImageObject","inLanguage":"fi","@id":"https:\/\/www.snek.se\/fi\/#\/schema\/logo\/image\/","url":"https:\/\/www.snek.se\/wp-content\/uploads\/2026\/01\/snek-logotyp-insta-scaled.jpg","contentUrl":"https:\/\/www.snek.se\/wp-content\/uploads\/2026\/01\/snek-logotyp-insta-scaled.jpg","width":2560,"height":2560,"caption":"Sn\u00eak"},"image":{"@id":"https:\/\/www.snek.se\/fi\/#\/schema\/logo\/image\/"},"sameAs":["https:\/\/www.facebook.com\/snekkitchens\/","https:\/\/www.instagram.com\/snek.kok\/","https:\/\/www.linkedin.com\/company\/snek-kok\/","https:\/\/se.pinterest.com\/SnekKitchens\/","https:\/\/www.youtube.com\/channel\/UCT9DWn-4DMpKHHqbRXV4bZQ\/"]}]}},"_links":{"self":[{"href":"https:\/\/www.snek.se\/fi\/wp-json\/wp\/v2\/pages\/154989","targetHints":{"allow":["GET"]}}],"collection":[{"href":"https:\/\/www.snek.se\/fi\/wp-json\/wp\/v2\/pages"}],"about":[{"href":"https:\/\/www.snek.se\/fi\/wp-json\/wp\/v2\/types\/page"}],"replies":[{"embeddable":true,"href":"https:\/\/www.snek.se\/fi\/wp-json\/wp\/v2\/comments?post=154989"}],"version-history":[{"count":2,"href":"https:\/\/www.snek.se\/fi\/wp-json\/wp\/v2\/pages\/154989\/revisions"}],"predecessor-version":[{"id":155154,"href":"https:\/\/www.snek.se\/fi\/wp-json\/wp\/v2\/pages\/154989\/revisions\/155154"}],"wp:featuredmedia":[{"embeddable":true,"href":"https:\/\/www.snek.se\/fi\/wp-json\/wp\/v2\/media\/23926"}],"wp:attachment":[{"href":"https:\/\/www.snek.se\/fi\/wp-json\/wp\/v2\/media?parent=154989"}],"curies":[{"name":"wp","href":"https:\/\/api.w.org\/{rel}","templated":true}]}}