{"id":154955,"date":"2026-04-08T19:08:46","date_gmt":"2026-04-08T17:08:46","guid":{"rendered":"https:\/\/www.snek.se\/evastekaytanto\/"},"modified":"2026-04-08T19:15:29","modified_gmt":"2026-04-08T17:15:29","slug":"evastekaytanto","status":"publish","type":"page","link":"https:\/\/www.snek.se\/fi\/evastekaytanto\/","title":{"rendered":"Ev\u00e4stek\u00e4yt\u00e4nt\u00f6"},"content":{"rendered":"\t\t<div data-elementor-type=\"wp-page\" data-elementor-id=\"154955\" class=\"elementor elementor-154955 elementor-940\" data-elementor-post-type=\"page\">\n\t\t\t\t<div class=\"elementor-element elementor-element-3ae7bb29 e-flex e-con-boxed e-con e-parent\" data-id=\"3ae7bb29\" data-element_type=\"container\" data-e-type=\"container\">\n\t\t\t\t\t<div class=\"e-con-inner\">\n\t\t<div class=\"elementor-element elementor-element-2ba5174 e-con-full e-flex e-con e-child\" data-id=\"2ba5174\" data-element_type=\"container\" data-e-type=\"container\">\n\t\t\t\t<div class=\"elementor-element elementor-element-6e9cad9 elementor-widget elementor-widget-heading\" data-id=\"6e9cad9\" data-element_type=\"widget\" data-e-type=\"widget\" data-widget_type=\"heading.default\">\n\t\t\t\t<div class=\"elementor-widget-container\">\n\t\t\t\t\t<h1 class=\"elementor-heading-title elementor-size-default\">Ev\u00e4stek\u00e4yt\u00e4nt\u00f6<\/h1>\t\t\t\t<\/div>\n\t\t\t\t<\/div>\n\t\t\t\t<div class=\"elementor-element elementor-element-a08cb9c elementor-widget__width-initial elementor-widget elementor-widget-text-editor\" data-id=\"a08cb9c\" data-element_type=\"widget\" data-e-type=\"widget\" data-widget_type=\"text-editor.default\">\n\t\t\t\t<div class=\"elementor-widget-container\">\n\t\t\t\t\t\t\t\t\t<h2 style=\"text-align: center;\">Que sont les cookies ?<\/h2>\n<p style=\"text-align: center;\">Les cookies sont de petits fichiers texte enregistr\u00e9s par votre navigateur p\u00e5 din dator, mobiltelefon tai annan enhet n\u00e4r du bes\u00f6ker en webbplats. De anv\u00e4nds kohteelle ett\u00e4 kohteelleb\u00e4ttra anv\u00e4ndarupplevelsen, anpassa inneh\u00e5ll ja samla in statistik om bes\u00f6ket.<\/p>\n<p style=\"text-align: left;\">\u00a0<\/p>\n\t\t\t\t\t\t\t\t<\/div>\n\t\t\t\t<\/div>\n\t\t\t\t<\/div>\n\t\t\t\t\t<\/div>\n\t\t\t\t<\/div>\n\t\t<div class=\"elementor-element elementor-element-f79cd59 e-flex e-con-boxed e-con e-parent\" data-id=\"f79cd59\" data-element_type=\"container\" data-e-type=\"container\" data-settings=\"{&quot;background_background&quot;:&quot;classic&quot;}\">\n\t\t\t\t\t<div class=\"e-con-inner\">\n\t\t\t\t<div class=\"elementor-element elementor-element-85613ea elementor-widget__width-initial elementor-widget elementor-widget-text-editor\" data-id=\"85613ea\" data-element_type=\"widget\" data-e-type=\"widget\" data-widget_type=\"text-editor.default\">\n\t\t\t\t<div class=\"elementor-widget-container\">\n\t\t\t\t\t\t\t\t\t<p><span id=\"miro-copy-source--doc\"><\/span>K\u00e4ytt\u00e4m\u00e4mme ev\u00e4stetyypit<\/p>\n\t\t\t\t\t\t\t\t<\/div>\n\t\t\t\t<\/div>\n\t\t\t\t<div class=\"elementor-element elementor-element-4b1be62 elementor-widget__width-initial elementor-widget elementor-widget-text-editor\" data-id=\"4b1be62\" data-element_type=\"widget\" data-e-type=\"widget\" data-widget_type=\"text-editor.default\">\n\t\t\t\t<div class=\"elementor-widget-container\">\n\t\t\t\t\t\t\t\t\t<p>Sn\u00eak Aktiebolagissa k\u00e4yt\u00e4mme ev\u00e4steit\u00e4 verkkosivuston suorituskyvyn ja k\u00e4ytt\u00e4j\u00e4yst\u00e4v\u00e4llisyyden parantamiseksi, sivujen lataamisen nopeuttamiseksi, olennaisen sis\u00e4ll\u00f6n ja markkinoinnin n\u00e4ytt\u00e4miseksi sek\u00e4 anonyymin k\u00e4ytt\u00e4ytymistilastoinnin ker\u00e4\u00e4miseksi.<br data-start=\"321\" data-end=\"324\" \/>Jos et halua ev\u00e4steit\u00e4 k\u00e4ytett\u00e4v\u00e4n, voit poistaa ne k\u00e4yt\u00f6st\u00e4 selaimesi asetuksissa ja poistaa jo tallennetut ev\u00e4steet.<\/p>\n\t\t\t\t\t\t\t\t<\/div>\n\t\t\t\t<\/div>\n\t\t\t\t\t<\/div>\n\t\t\t\t<\/div>\n\t\t<div class=\"elementor-element elementor-element-539f60e e-flex e-con-boxed e-con e-parent\" data-id=\"539f60e\" data-element_type=\"container\" data-e-type=\"container\">\n\t\t\t\t\t<div class=\"e-con-inner\">\n\t\t<div class=\"elementor-element elementor-element-ec682a3 e-con-full e-flex e-con e-child\" data-id=\"ec682a3\" data-element_type=\"container\" data-e-type=\"container\">\n\t\t\t\t<div class=\"elementor-element elementor-element-827ff75 elementor-widget elementor-widget-heading\" data-id=\"827ff75\" data-element_type=\"widget\" data-e-type=\"widget\" data-widget_type=\"heading.default\">\n\t\t\t\t<div class=\"elementor-widget-container\">\n\t\t\t\t\t<h2 class=\"elementor-heading-title elementor-size-default\">1. V\u00e4ltt\u00e4m\u00e4tt\u00f6m\u00e4t ev\u00e4steet<\/h2>\t\t\t\t<\/div>\n\t\t\t\t<\/div>\n\t\t\t\t<div class=\"elementor-element elementor-element-0893a58 elementor-widget elementor-widget-text-editor\" data-id=\"0893a58\" data-element_type=\"widget\" data-e-type=\"widget\" data-widget_type=\"text-editor.default\">\n\t\t\t\t<div class=\"elementor-widget-container\">\n\t\t\t\t\t\t\t\t\t<p>Ces cookies sont n\u00e9cessaires au bon fonctionnement du site ja kan ei st\u00e4ngas av i v\u00e5ra system. De anv\u00e4nds t.ex. kohteelle ett\u00e4 spara inst\u00e4llningar ja hantera formul\u00e4rinmatning.<\/p>\n<p><strong>Exempel p\u00e5 cookies:<\/strong><br class=\"soft-break\" \/>\u2013 Cloudflare<br class=\"soft-break\" \/>\u2013 WordLehdist\u00f6<\/p>\n<p>Om du blockerar dessa cookies kan vissa delar av webbplatsen sluta fungera.<\/p>\n\t\t\t\t\t\t\t\t<\/div>\n\t\t\t\t<\/div>\n\t\t\t\t<\/div>\n\t\t<div class=\"elementor-element elementor-element-7911658 e-con-full e-flex e-con e-child\" data-id=\"7911658\" data-element_type=\"container\" data-e-type=\"container\">\n\t\t\t\t<div class=\"elementor-element elementor-element-40e5d3a elementor-widget elementor-widget-heading\" data-id=\"40e5d3a\" data-element_type=\"widget\" data-e-type=\"widget\" data-widget_type=\"heading.default\">\n\t\t\t\t<div class=\"elementor-widget-container\">\n\t\t\t\t\t<h2 class=\"elementor-heading-title elementor-size-default\">2. Analytiikkaev\u00e4steet<\/h2>\t\t\t\t<\/div>\n\t\t\t\t<\/div>\n\t\t\t\t<div class=\"elementor-element elementor-element-e3ee85b elementor-widget elementor-widget-text-editor\" data-id=\"e3ee85b\" data-element_type=\"widget\" data-e-type=\"widget\" data-widget_type=\"text-editor.default\">\n\t\t\t\t<div class=\"elementor-widget-container\">\n\t\t\t\t\t\t\t\t\t<p>Les cookies analytiques nous aident \u00e0 comprendre comment les visiteurs utilisent le site, s\u00e5 ett\u00e4 vi kan kohteelleb\u00e4ttra struktur ja inneh\u00e5ll. All information \u00e4r anonymiserad.<\/p>\n<p><strong>Anv\u00e4nds via:<\/strong><br class=\"soft-break\" \/>\u2013 Google Analytics<\/p>\n\t\t\t\t\t\t\t\t<\/div>\n\t\t\t\t<\/div>\n\t\t\t\t<\/div>\n\t\t\t\t\t<\/div>\n\t\t\t\t<\/div>\n\t\t<div class=\"elementor-element elementor-element-a9cfff5 e-flex e-con-boxed e-con e-parent\" data-id=\"a9cfff5\" data-element_type=\"container\" data-e-type=\"container\">\n\t\t\t\t\t<div class=\"e-con-inner\">\n\t\t<div class=\"elementor-element elementor-element-fd01e7d e-con-full e-flex e-con e-child\" data-id=\"fd01e7d\" data-element_type=\"container\" data-e-type=\"container\">\n\t\t\t\t<div class=\"elementor-element elementor-element-5416800 elementor-widget elementor-widget-heading\" data-id=\"5416800\" data-element_type=\"widget\" data-e-type=\"widget\" data-widget_type=\"heading.default\">\n\t\t\t\t<div class=\"elementor-widget-container\">\n\t\t\t\t\t<h2 class=\"elementor-heading-title elementor-size-default\">3. Mainosev\u00e4steet<\/h2>\t\t\t\t<\/div>\n\t\t\t\t<\/div>\n\t\t\t\t<div class=\"elementor-element elementor-element-b2df223 elementor-widget elementor-widget-text-editor\" data-id=\"b2df223\" data-element_type=\"widget\" data-e-type=\"widget\" data-widget_type=\"text-editor.default\">\n\t\t\t\t<div class=\"elementor-widget-container\">\n\t\t\t\t\t\t\t\t\t<p>Ces cookies sont utilis\u00e9s par nos partenaires pour afficher des publicit\u00e9s pertinentes p\u00e5 andra webbplatser. De bygger en profil utialkaen din aktivitet, men inneh\u00e5ller ei identifierande information.<\/p>\n<p><strong>Anv\u00e4nds via:<\/strong><br class=\"soft-break\" \/>\u2013 Meta bussines suit<\/p>\n<p>Du kan n\u00e4r som helst v\u00e4lja ett\u00e4 blockera dessa cookies via webbl\u00e4sarens inst\u00e4llningar.<\/p>\n\t\t\t\t\t\t\t\t<\/div>\n\t\t\t\t<\/div>\n\t\t\t\t<\/div>\n\t\t<div class=\"elementor-element elementor-element-67e5490 e-con-full elementor-hidden-mobile elementor-hidden-tablet e-flex e-con e-child\" data-id=\"67e5490\" data-element_type=\"container\" data-e-type=\"container\">\n\t\t\t\t<div class=\"elementor-element elementor-element-f0536a0 elementor-view-default elementor-widget elementor-widget-icon\" data-id=\"f0536a0\" data-element_type=\"widget\" data-e-type=\"widget\" data-widget_type=\"icon.default\">\n\t\t\t\t<div class=\"elementor-widget-container\">\n\t\t\t\t\t\t\t<div class=\"elementor-icon-wrapper\">\n\t\t\t<div class=\"elementor-icon\">\n\t\t\t<svg aria-hidden=\"true\" class=\"e-font-icon-svg e-fas-cookie-bite\" viewBox=\"0 0 512 512\" xmlns=\"http:\/\/www.w3.org\/2000\/svg\"><path d=\"M510.52 255.82c-69.97-.85-126.47-57.69-126.47-127.86-70.17 0-127-56.49-127.86-126.45-27.26-4.14-55.13.3-79.72 12.82l-69.13 35.22a132.221 132.221 0 0 0-57.79 57.81l-35.1 68.88a132.645 132.645 0 0 0-12.82 80.95l12.08 76.27a132.521 132.521 0 0 0 37.16 72.96l54.77 54.76a132.036 132.036 0 0 0 72.71 37.06l76.71 12.15c27.51 4.36 55.7-.11 80.53-12.76l69.13-35.21a132.273 132.273 0 0 0 57.79-57.81l35.1-68.88c12.56-24.64 17.01-52.58 12.91-79.91zM176 368c-17.67 0-32-14.33-32-32s14.33-32 32-32 32 14.33 32 32-14.33 32-32 32zm32-160c-17.67 0-32-14.33-32-32s14.33-32 32-32 32 14.33 32 32-14.33 32-32 32zm160 128c-17.67 0-32-14.33-32-32s14.33-32 32-32 32 14.33 32 32-14.33 32-32 32z\"><\/path><\/svg>\t\t\t<\/div>\n\t\t<\/div>\n\t\t\t\t\t\t<\/div>\n\t\t\t\t<\/div>\n\t\t\t\t<\/div>\n\t\t\t\t\t<\/div>\n\t\t\t\t<\/div>\n\t\t<div class=\"elementor-element elementor-element-3cb326e e-flex e-con-boxed e-con e-parent\" data-id=\"3cb326e\" data-element_type=\"container\" data-e-type=\"container\">\n\t\t\t\t\t<div class=\"e-con-inner\">\n\t\t<div class=\"elementor-element elementor-element-449016a e-con-full e-flex e-con e-child\" data-id=\"449016a\" data-element_type=\"container\" data-e-type=\"container\">\n\t\t\t\t<div class=\"elementor-element elementor-element-b40b0f9 elementor-widget elementor-widget-heading\" data-id=\"b40b0f9\" data-element_type=\"widget\" data-e-type=\"widget\" data-widget_type=\"heading.default\">\n\t\t\t\t<div class=\"elementor-widget-container\">\n\t\t\t\t\t<h2 class=\"elementor-heading-title elementor-size-default\">Ker\u00e4tt\u00e4v\u00e4 tekninen tieto<\/h2>\t\t\t\t<\/div>\n\t\t\t\t<\/div>\n\t\t\t\t<div class=\"elementor-element elementor-element-e59c6c2 elementor-widget elementor-widget-text-editor\" data-id=\"e59c6c2\" data-element_type=\"widget\" data-e-type=\"widget\" data-widget_type=\"text-editor.default\">\n\t\t\t\t<div class=\"elementor-widget-container\">\n\t\t\t\t\t\t\t\t\t<p>N\u00e4r du bes\u00f6ker v\u00e5r webbplats kan vi tillf\u00e4lligt lagra teknisk information som:<\/p>\n<ul>\n<li>IP-adress<\/li>\n<li>Operativsystem ja webbl\u00e4sartyp<\/li>\n<li>Bes\u00f6kets tidpunkt ja l\u00e4ngd<\/li>\n<li>Vilken sida du kom alkaen<\/li>\n<li>Klick- ja bes\u00f6kshistorik<\/li>\n<\/ul>\n<p>Dessa uppgifter anv\u00e4nds enbart i anonymiserad form kohteelle ett\u00e4 kohteelleb\u00e4ttra webbplatsens inneh\u00e5ll ja funktionalitet. All data skickas och lagras via <strong>krypterade anslutningar<\/strong>, och delas inte med obeh\u00f6riga.<\/p>\n\t\t\t\t\t\t\t\t<\/div>\n\t\t\t\t<\/div>\n\t\t\t\t<\/div>\n\t\t<div class=\"elementor-element elementor-element-77ea984 e-con-full e-flex e-con e-child\" data-id=\"77ea984\" data-element_type=\"container\" data-e-type=\"container\">\n\t\t\t\t<div class=\"elementor-element elementor-element-396531e elementor-widget elementor-widget-heading\" data-id=\"396531e\" data-element_type=\"widget\" data-e-type=\"widget\" data-widget_type=\"heading.default\">\n\t\t\t\t<div class=\"elementor-widget-container\">\n\t\t\t\t\t<h2 class=\"elementor-heading-title elementor-size-default\">Suostumus ja asetukset<\/h2>\t\t\t\t<\/div>\n\t\t\t\t<\/div>\n\t\t\t\t<div class=\"elementor-element elementor-element-50cfb53 elementor-widget elementor-widget-text-editor\" data-id=\"50cfb53\" data-element_type=\"widget\" data-e-type=\"widget\" data-widget_type=\"text-editor.default\">\n\t\t\t\t<div class=\"elementor-widget-container\">\n\t\t\t\t\t\t\t\t\t<p>Genom ett\u00e4 anv\u00e4nda v\u00e5r webbplats ja ha cookies aktiverade i din webbl\u00e4sare samtycker du till ett\u00e4 vi anv\u00e4nder cookies enligt denna policy.<\/p>\n<p>Om du ei godk\u00e4nner anv\u00e4ndning av cookies kan du:<\/p>\n<ul>\n<li>Justera inst\u00e4llningarna i din webbl\u00e4sare kohteelle ett\u00e4 neka tai begr\u00e4nsa cookies<\/li>\n<li>Radera befintliga cookies alkaen din enhet<\/li>\n<li>Aktivera varningar innan cookies sparas<\/li>\n<\/ul>\n<p>Se din webbl\u00e4sares hj\u00e4lpsektion tai leverant\u00f6rens instruktioner kohteelle mer information om hur du hanterar cookies.<\/p>\n\t\t\t\t\t\t\t\t<\/div>\n\t\t\t\t<\/div>\n\t\t\t\t<\/div>\n\t\t\t\t\t<\/div>\n\t\t\t\t<\/div>\n\t\t<div class=\"elementor-element elementor-element-4554b0e e-flex e-con-boxed e-con e-parent\" data-id=\"4554b0e\" data-element_type=\"container\" data-e-type=\"container\" data-settings=\"{&quot;background_background&quot;:&quot;classic&quot;}\">\n\t\t\t\t\t<div class=\"e-con-inner\">\n\t\t\t\t<div class=\"elementor-element elementor-element-e0abea8 elementor-widget elementor-widget-heading\" data-id=\"e0abea8\" data-element_type=\"widget\" data-e-type=\"widget\" data-widget_type=\"heading.default\">\n\t\t\t\t<div class=\"elementor-widget-container\">\n\t\t\t\t\t<h2 class=\"elementor-heading-title elementor-size-default\">Kysymyksi\u00e4 ja yhteystiedot<\/h2>\t\t\t\t<\/div>\n\t\t\t\t<\/div>\n\t\t\t\t<div class=\"elementor-element elementor-element-78dac5c elementor-widget elementor-widget-text-editor\" data-id=\"78dac5c\" data-element_type=\"widget\" data-e-type=\"widget\" data-widget_type=\"text-editor.default\">\n\t\t\t\t<div class=\"elementor-widget-container\">\n\t\t\t\t\t\t\t\t\t<p>Onko sinulla kysytt\u00e4v\u00e4\u00e4 siit\u00e4, miten k\u00e4yt\u00e4mme ev\u00e4steit\u00e4 tai k\u00e4sittelemme henkil\u00f6tietoja?<\/p>\n\t\t\t\t\t\t\t\t<\/div>\n\t\t\t\t<\/div>\n\t\t<div class=\"elementor-element elementor-element-6875ebd e-grid e-con-full e-con e-child\" data-id=\"6875ebd\" data-element_type=\"container\" data-e-type=\"container\">\n\t\t\t\t<div class=\"elementor-element elementor-element-a619cd1 elementor-widget elementor-widget-html\" data-id=\"a619cd1\" data-element_type=\"widget\" data-e-type=\"widget\" data-widget_type=\"html.default\">\n\t\t\t\t<div class=\"elementor-widget-container\">\n\t\t\t\t\t<a href=\"https:\/\/www.snek.se\/integritetspolicy\/\" style=\"text-decoration: none;\">\n    <button class=\"bracket-button-w\">\n    Integritetspolicy\n    <\/button>\n<\/a>\t\t\t\t<\/div>\n\t\t\t\t<\/div>\n\t\t\t\t<div class=\"elementor-element elementor-element-cbf9524 elementor-widget elementor-widget-html\" data-id=\"cbf9524\" data-element_type=\"widget\" data-e-type=\"widget\" data-widget_type=\"html.default\">\n\t\t\t\t<div class=\"elementor-widget-container\">\n\t\t\t\t\t<a href=\"https:\/\/www.snek.se\/kontakt\/\" style=\"text-decoration: none;\">\n    <button class=\"bracket-button-w\">\n        Kontakta oss\n    <\/button>\n<\/a>\t\t\t\t<\/div>\n\t\t\t\t<\/div>\n\t\t\t\t<\/div>\n\t\t\t\t\t<\/div>\n\t\t\t\t<\/div>\n\t\t\t\t<\/div>\n\t\t","protected":false},"excerpt":{"rendered":"<p>Cookiepolicy Vad \u00e4r cookies? Cookies \u00e4r sm\u00e5 textfiler som sparas av din webbl\u00e4sare p\u00e5 din dator, mobiltelefon eller annan enhet n\u00e4r du bes\u00f6ker en webbplats. De anv\u00e4nds f\u00f6r att f\u00f6rb\u00e4ttra anv\u00e4ndarupplevelsen, anpassa inneh\u00e5ll och samla in statistik om bes\u00f6ket. \u00a0 Typer av cookies vi anv\u00e4nder Hos Sn\u00eak Aktiebolag anv\u00e4nder vi cookies f\u00f6r att f\u00f6rb\u00e4ttra webbplatsens [&hellip;]<\/p>\n","protected":false},"author":0,"featured_media":141723,"parent":0,"menu_order":0,"comment_status":"closed","ping_status":"closed","template":"elementor_canvas","meta":{"_acf_changed":false,"footnotes":""},"class_list":["post-154955","page","type-page","status-publish","has-post-thumbnail","hentry"],"acf":[],"yoast_head":"<!-- This site is optimized with the Yoast SEO plugin v27.2 - https:\/\/yoast.com\/product\/yoast-seo-wordpress\/ -->\n<title>Ev\u00e4stek\u00e4yt\u00e4nt\u00f6 | Sn\u00eak<\/title>\n<meta name=\"description\" content=\"Tietoa Sn\u00eakin ev\u00e4steiden k\u00e4yt\u00f6st\u00e4 verkkosivustolla. Typer av cookies och dina valm\u00f6jligheter.\" \/>\n<meta name=\"robots\" content=\"index, follow, max-snippet:-1, max-image-preview:large, max-video-preview:-1\" \/>\n<link rel=\"canonical\" href=\"https:\/\/www.snek.se\/fi\/evastekaytanto\/\" \/>\n<meta property=\"og:locale\" content=\"fi_FI\" \/>\n<meta property=\"og:type\" content=\"article\" \/>\n<meta property=\"og:title\" content=\"Ev\u00e4stek\u00e4yt\u00e4nt\u00f6 | Sn\u00eak\" \/>\n<meta property=\"og:description\" content=\"Tietoa Sn\u00eakin ev\u00e4steiden k\u00e4yt\u00f6st\u00e4 verkkosivustolla. Typer av cookies och dina valm\u00f6jligheter.\" \/>\n<meta property=\"og:url\" content=\"https:\/\/www.snek.se\/fi\/evastekaytanto\/\" \/>\n<meta property=\"og:site_name\" content=\"Sn\u00eak\" \/>\n<meta property=\"article:publisher\" content=\"https:\/\/www.facebook.com\/snekkitchens\/\" \/>\n<meta property=\"article:modified_time\" content=\"2026-04-08T17:15:29+00:00\" \/>\n<meta property=\"og:image\" content=\"https:\/\/www.snek.se\/wp-content\/uploads\/2024\/12\/Erika_Aberg_web-05.jpg\" \/>\n\t<meta property=\"og:image:width\" content=\"768\" \/>\n\t<meta property=\"og:image:height\" content=\"1024\" \/>\n\t<meta property=\"og:image:type\" content=\"image\/jpeg\" \/>\n<meta name=\"twitter:card\" content=\"summary_large_image\" \/>\n<meta name=\"twitter:label1\" content=\"Est. reading time\" \/>\n\t<meta name=\"twitter:data1\" content=\"2 minutes\" \/>\n<script type=\"application\/ld+json\" class=\"yoast-schema-graph\">{\"@context\":\"https:\/\/schema.org\",\"@graph\":[{\"@type\":\"WebPage\",\"@id\":\"https:\/\/www.snek.se\/fi\/evastekaytanto\/\",\"url\":\"https:\/\/www.snek.se\/fi\/evastekaytanto\/\",\"name\":\"Ev\u00e4stek\u00e4yt\u00e4nt\u00f6 | Sn\u00eak\",\"isPartOf\":{\"@id\":\"https:\/\/www.snek.se\/fi\/#website\"},\"primaryImageOfPage\":{\"@id\":\"https:\/\/www.snek.se\/fi\/evastekaytanto\/#primaryimage\"},\"image\":{\"@id\":\"https:\/\/www.snek.se\/fi\/evastekaytanto\/#primaryimage\"},\"thumbnailUrl\":\"https:\/\/www.snek.se\/wp-content\/uploads\/2024\/12\/Erika_Aberg_web-05.jpg\",\"datePublished\":\"2026-04-08T17:08:46+00:00\",\"dateModified\":\"2026-04-08T17:15:29+00:00\",\"description\":\"Tietoa Sn\u00eakin ev\u00e4steiden k\u00e4yt\u00f6st\u00e4 verkkosivustolla. Typer av cookies och dina valm\u00f6jligheter.\",\"breadcrumb\":{\"@id\":\"https:\/\/www.snek.se\/fi\/evastekaytanto\/#breadcrumb\"},\"inLanguage\":\"fi\",\"potentialAction\":[{\"@type\":\"ReadAction\",\"target\":[\"https:\/\/www.snek.se\/fi\/evastekaytanto\/\"]}]},{\"@type\":\"ImageObject\",\"inLanguage\":\"fi\",\"@id\":\"https:\/\/www.snek.se\/fi\/evastekaytanto\/#primaryimage\",\"url\":\"https:\/\/www.snek.se\/wp-content\/uploads\/2024\/12\/Erika_Aberg_web-05.jpg\",\"contentUrl\":\"https:\/\/www.snek.se\/wp-content\/uploads\/2024\/12\/Erika_Aberg_web-05.jpg\",\"width\":768,\"height\":1024,\"caption\":\"Praktisk f\u00f6rvaring ovanf\u00f6r arbetsytan.\"},{\"@type\":\"BreadcrumbList\",\"@id\":\"https:\/\/www.snek.se\/fi\/evastekaytanto\/#breadcrumb\",\"itemListElement\":[{\"@type\":\"ListItem\",\"position\":1,\"name\":\"Hem\",\"item\":\"https:\/\/www.snek.se\/fi\/\"},{\"@type\":\"ListItem\",\"position\":2,\"name\":\"Ev\u00e4stek\u00e4yt\u00e4nt\u00f6\"}]},{\"@type\":\"WebSite\",\"@id\":\"https:\/\/www.snek.se\/fi\/#website\",\"url\":\"https:\/\/www.snek.se\/fi\/\",\"name\":\"Sn\u00eak\",\"description\":\"K\u00e4sity\u00f6n\u00e4 valmistetut keitti\u00f6t Norrbottenista\",\"publisher\":{\"@id\":\"https:\/\/www.snek.se\/fi\/#organization\"},\"potentialAction\":[{\"@type\":\"SearchAction\",\"target\":{\"@type\":\"EntryPoint\",\"urlTemplate\":\"https:\/\/www.snek.se\/fi\/?s={search_term_string}\"},\"query-input\":{\"@type\":\"PropertyValueSpecification\",\"valueRequired\":true,\"valueName\":\"search_term_string\"}}],\"inLanguage\":\"fi\"},{\"@type\":\"Organization\",\"@id\":\"https:\/\/www.snek.se\/fi\/#organization\",\"name\":\"Sn\u00eak\",\"url\":\"https:\/\/www.snek.se\/fi\/\",\"logo\":{\"@type\":\"ImageObject\",\"inLanguage\":\"fi\",\"@id\":\"https:\/\/www.snek.se\/fi\/#\/schema\/logo\/image\/\",\"url\":\"https:\/\/www.snek.se\/wp-content\/uploads\/2026\/01\/snek-logotyp-insta-scaled.jpg\",\"contentUrl\":\"https:\/\/www.snek.se\/wp-content\/uploads\/2026\/01\/snek-logotyp-insta-scaled.jpg\",\"width\":2560,\"height\":2560,\"caption\":\"Sn\u00eak\"},\"image\":{\"@id\":\"https:\/\/www.snek.se\/fi\/#\/schema\/logo\/image\/\"},\"sameAs\":[\"https:\/\/www.facebook.com\/snekkitchens\/\",\"https:\/\/www.instagram.com\/snek.kok\/\",\"https:\/\/www.linkedin.com\/company\/snek-kok\/\",\"https:\/\/se.pinterest.com\/SnekKitchens\/\",\"https:\/\/www.youtube.com\/channel\/UCT9DWn-4DMpKHHqbRXV4bZQ\/\"]}]}<\/script>\n<!-- \/ Yoast SEO plugin. -->","yoast_head_json":{"title":"Ev\u00e4stek\u00e4yt\u00e4nt\u00f6 | Sn\u00eak","description":"Tietoa Sn\u00eakin ev\u00e4steiden k\u00e4yt\u00f6st\u00e4 verkkosivustolla. Typer av cookies och dina valm\u00f6jligheter.","robots":{"index":"index","follow":"follow","max-snippet":"max-snippet:-1","max-image-preview":"max-image-preview:large","max-video-preview":"max-video-preview:-1"},"canonical":"https:\/\/www.snek.se\/fi\/evastekaytanto\/","og_locale":"fi_FI","og_type":"article","og_title":"Ev\u00e4stek\u00e4yt\u00e4nt\u00f6 | Sn\u00eak","og_description":"Tietoa Sn\u00eakin ev\u00e4steiden k\u00e4yt\u00f6st\u00e4 verkkosivustolla. Typer av cookies och dina valm\u00f6jligheter.","og_url":"https:\/\/www.snek.se\/fi\/evastekaytanto\/","og_site_name":"Sn\u00eak","article_publisher":"https:\/\/www.facebook.com\/snekkitchens\/","article_modified_time":"2026-04-08T17:15:29+00:00","og_image":[{"width":768,"height":1024,"url":"https:\/\/www.snek.se\/wp-content\/uploads\/2024\/12\/Erika_Aberg_web-05.jpg","type":"image\/jpeg"}],"twitter_card":"summary_large_image","twitter_misc":{"Est. reading time":"2 minutes"},"schema":{"@context":"https:\/\/schema.org","@graph":[{"@type":"WebPage","@id":"https:\/\/www.snek.se\/fi\/evastekaytanto\/","url":"https:\/\/www.snek.se\/fi\/evastekaytanto\/","name":"Ev\u00e4stek\u00e4yt\u00e4nt\u00f6 | Sn\u00eak","isPartOf":{"@id":"https:\/\/www.snek.se\/fi\/#website"},"primaryImageOfPage":{"@id":"https:\/\/www.snek.se\/fi\/evastekaytanto\/#primaryimage"},"image":{"@id":"https:\/\/www.snek.se\/fi\/evastekaytanto\/#primaryimage"},"thumbnailUrl":"https:\/\/www.snek.se\/wp-content\/uploads\/2024\/12\/Erika_Aberg_web-05.jpg","datePublished":"2026-04-08T17:08:46+00:00","dateModified":"2026-04-08T17:15:29+00:00","description":"Tietoa Sn\u00eakin ev\u00e4steiden k\u00e4yt\u00f6st\u00e4 verkkosivustolla. Typer av cookies och dina valm\u00f6jligheter.","breadcrumb":{"@id":"https:\/\/www.snek.se\/fi\/evastekaytanto\/#breadcrumb"},"inLanguage":"fi","potentialAction":[{"@type":"ReadAction","target":["https:\/\/www.snek.se\/fi\/evastekaytanto\/"]}]},{"@type":"ImageObject","inLanguage":"fi","@id":"https:\/\/www.snek.se\/fi\/evastekaytanto\/#primaryimage","url":"https:\/\/www.snek.se\/wp-content\/uploads\/2024\/12\/Erika_Aberg_web-05.jpg","contentUrl":"https:\/\/www.snek.se\/wp-content\/uploads\/2024\/12\/Erika_Aberg_web-05.jpg","width":768,"height":1024,"caption":"Praktisk f\u00f6rvaring ovanf\u00f6r arbetsytan."},{"@type":"BreadcrumbList","@id":"https:\/\/www.snek.se\/fi\/evastekaytanto\/#breadcrumb","itemListElement":[{"@type":"ListItem","position":1,"name":"Hem","item":"https:\/\/www.snek.se\/fi\/"},{"@type":"ListItem","position":2,"name":"Ev\u00e4stek\u00e4yt\u00e4nt\u00f6"}]},{"@type":"WebSite","@id":"https:\/\/www.snek.se\/fi\/#website","url":"https:\/\/www.snek.se\/fi\/","name":"Sn\u00eak","description":"K\u00e4sity\u00f6n\u00e4 valmistetut keitti\u00f6t Norrbottenista","publisher":{"@id":"https:\/\/www.snek.se\/fi\/#organization"},"potentialAction":[{"@type":"SearchAction","target":{"@type":"EntryPoint","urlTemplate":"https:\/\/www.snek.se\/fi\/?s={search_term_string}"},"query-input":{"@type":"PropertyValueSpecification","valueRequired":true,"valueName":"search_term_string"}}],"inLanguage":"fi"},{"@type":"Organization","@id":"https:\/\/www.snek.se\/fi\/#organization","name":"Sn\u00eak","url":"https:\/\/www.snek.se\/fi\/","logo":{"@type":"ImageObject","inLanguage":"fi","@id":"https:\/\/www.snek.se\/fi\/#\/schema\/logo\/image\/","url":"https:\/\/www.snek.se\/wp-content\/uploads\/2026\/01\/snek-logotyp-insta-scaled.jpg","contentUrl":"https:\/\/www.snek.se\/wp-content\/uploads\/2026\/01\/snek-logotyp-insta-scaled.jpg","width":2560,"height":2560,"caption":"Sn\u00eak"},"image":{"@id":"https:\/\/www.snek.se\/fi\/#\/schema\/logo\/image\/"},"sameAs":["https:\/\/www.facebook.com\/snekkitchens\/","https:\/\/www.instagram.com\/snek.kok\/","https:\/\/www.linkedin.com\/company\/snek-kok\/","https:\/\/se.pinterest.com\/SnekKitchens\/","https:\/\/www.youtube.com\/channel\/UCT9DWn-4DMpKHHqbRXV4bZQ\/"]}]}},"_links":{"self":[{"href":"https:\/\/www.snek.se\/fi\/wp-json\/wp\/v2\/pages\/154955","targetHints":{"allow":["GET"]}}],"collection":[{"href":"https:\/\/www.snek.se\/fi\/wp-json\/wp\/v2\/pages"}],"about":[{"href":"https:\/\/www.snek.se\/fi\/wp-json\/wp\/v2\/types\/page"}],"replies":[{"embeddable":true,"href":"https:\/\/www.snek.se\/fi\/wp-json\/wp\/v2\/comments?post=154955"}],"version-history":[{"count":2,"href":"https:\/\/www.snek.se\/fi\/wp-json\/wp\/v2\/pages\/154955\/revisions"}],"predecessor-version":[{"id":155052,"href":"https:\/\/www.snek.se\/fi\/wp-json\/wp\/v2\/pages\/154955\/revisions\/155052"}],"wp:featuredmedia":[{"embeddable":true,"href":"https:\/\/www.snek.se\/fi\/wp-json\/wp\/v2\/media\/141723"}],"wp:attachment":[{"href":"https:\/\/www.snek.se\/fi\/wp-json\/wp\/v2\/media?parent=154955"}],"curies":[{"name":"wp","href":"https:\/\/api.w.org\/{rel}","templated":true}]}}