{"id":19025,"date":"2020-04-19T23:02:07","date_gmt":"2020-04-19T22:02:07","guid":{"rendered":"https:\/\/www.snek.se\/about-snek\/"},"modified":"2026-04-08T19:16:26","modified_gmt":"2026-04-08T17:16:26","slug":"about-snek","status":"publish","type":"page","link":"https:\/\/www.snek.se\/en\/about-snek\/","title":{"rendered":"About Sn\u00eak"},"content":{"rendered":"\t\t<div data-elementor-type=\"wp-page\" data-elementor-id=\"19025\" class=\"elementor elementor-19025 elementor-36\" data-elementor-post-type=\"page\">\n\t\t\t\t<div class=\"elementor-element elementor-element-9793deb e-flex e-con-boxed e-con e-parent\" data-id=\"9793deb\" data-element_type=\"container\" data-e-type=\"container\">\n\t\t\t\t\t<div class=\"e-con-inner\">\n\t\t\t\t<div class=\"elementor-element elementor-element-268cdd7f elementor-widget elementor-widget-heading\" data-id=\"268cdd7f\" data-element_type=\"widget\" data-e-type=\"widget\" data-widget_type=\"heading.default\">\n\t\t\t\t<div class=\"elementor-widget-container\">\n\t\t\t\t\t<h1 class=\"elementor-heading-title elementor-size-default\">Sn\u00eak kitche<\/h1>\t\t\t\t<\/div>\n\t\t\t\t<\/div>\n\t\t\t\t<div class=\"elementor-element elementor-element-5a7d149 elementor-widget__width-initial elementor-widget elementor-widget-text-editor\" data-id=\"5a7d149\" data-element_type=\"widget\" data-e-type=\"widget\" data-widget_type=\"text-editor.default\">\n\t\t\t\t<div class=\"elementor-widget-container\">\n\t\t\t\t\t\t\t\t\t<p style=\"text-align: center;\">What is wood should look like wood \u2014 and it is wood because we have learned that it works best that way.<\/p>\n\t\t\t\t\t\t\t\t<\/div>\n\t\t\t\t<\/div>\n\t\t\t\t\t<\/div>\n\t\t\t\t<\/div>\n\t\t<div class=\"elementor-element elementor-element-147a8e66 e-flex e-con-boxed e-con e-parent\" data-id=\"147a8e66\" data-element_type=\"container\" data-e-type=\"container\">\n\t\t\t\t\t<div class=\"e-con-inner\">\n\t\t<div class=\"elementor-element elementor-element-14efcc91 e-con-full e-flex e-con e-child\" data-id=\"14efcc91\" data-element_type=\"container\" data-e-type=\"container\" data-settings=\"{&quot;background_background&quot;:&quot;classic&quot;}\">\n\t\t\t\t<div class=\"elementor-element elementor-element-7b994164 elementor-widget elementor-widget-heading\" data-id=\"7b994164\" data-element_type=\"widget\" data-e-type=\"widget\" data-widget_type=\"heading.default\">\n\t\t\t\t<div class=\"elementor-widget-container\">\n\t\t\t\t\t<h2 class=\"elementor-heading-title elementor-size-default\">Our Roots and Heritage<\/h2>\t\t\t\t<\/div>\n\t\t\t\t<\/div>\n\t\t\t\t<div class=\"elementor-element elementor-element-b803d6d elementor-widget elementor-widget-text-editor\" data-id=\"b803d6d\" data-element_type=\"widget\" data-e-type=\"widget\" data-widget_type=\"text-editor.default\">\n\t\t\t\t<div class=\"elementor-widget-container\">\n\t\t\t\t\t\t\t\t\t<p data-start=\"140\" data-end=\"311\">Sn\u00eak is based in the T\u00f6refors industrial community in Norrbotten. Here, we manufacture our kitchens and interiors, and our own painting workshop is also located on site.<\/p><p><\/p><p data-start=\"313\" data-end=\"472\">Although the company was founded in 2019, it is built on a long tradition of the local wood industry. A sawmill was established in T\u00f6refors as early as 1886.<\/p><p><\/p><p data-start=\"474\" data-end=\"627\">The name <strong data-start=\"483\" data-end=\"491\">Sn\u00eak<\/strong> comes from the old dialect word for \u201cto carpentry.\u201d It reminds us of a craft that has been passed down from generation to generation.<\/p>\n\t\t\t\t\t\t\t\t<\/div>\n\t\t\t\t<\/div>\n\t\t\t\t<\/div>\n\t\t<div class=\"elementor-element elementor-element-60f5d7d5 e-con-full e-flex e-con e-child\" data-id=\"60f5d7d5\" data-element_type=\"container\" data-e-type=\"container\" data-settings=\"{&quot;background_background&quot;:&quot;classic&quot;}\">\n\t\t\t\t<div class=\"elementor-element elementor-element-175c83bc elementor-widget elementor-widget-spacer\" data-id=\"175c83bc\" data-element_type=\"widget\" data-e-type=\"widget\" data-widget_type=\"spacer.default\">\n\t\t\t\t<div class=\"elementor-widget-container\">\n\t\t\t\t\t\t\t<div class=\"elementor-spacer\">\n\t\t\t<div class=\"elementor-spacer-inner\"><\/div>\n\t\t<\/div>\n\t\t\t\t\t\t<\/div>\n\t\t\t\t<\/div>\n\t\t\t\t<\/div>\n\t\t\t\t\t<\/div>\n\t\t\t\t<\/div>\n\t\t<div class=\"elementor-element elementor-element-b75cfe2 e-flex e-con-boxed e-con e-parent\" data-id=\"b75cfe2\" data-element_type=\"container\" data-e-type=\"container\">\n\t\t\t\t\t<div class=\"e-con-inner\">\n\t\t<div class=\"elementor-element elementor-element-ea93a37 e-con-full e-flex e-con e-child\" data-id=\"ea93a37\" data-element_type=\"container\" data-e-type=\"container\" data-settings=\"{&quot;background_background&quot;:&quot;classic&quot;}\">\n\t\t\t\t<div class=\"elementor-element elementor-element-b0411fd elementor-widget elementor-widget-heading\" data-id=\"b0411fd\" data-element_type=\"widget\" data-e-type=\"widget\" data-widget_type=\"heading.default\">\n\t\t\t\t<div class=\"elementor-widget-container\">\n\t\t\t\t\t<h3 class=\"elementor-heading-title elementor-size-default\">Building on Tradition and Craftsmanship<\/h3>\t\t\t\t<\/div>\n\t\t\t\t<\/div>\n\t\t\t\t<div class=\"elementor-element elementor-element-32f6a8d elementor-widget elementor-widget-text-editor\" data-id=\"32f6a8d\" data-element_type=\"widget\" data-e-type=\"widget\" data-widget_type=\"text-editor.default\">\n\t\t\t\t<div class=\"elementor-widget-container\">\n\t\t\t\t\t\t\t\t\t<p data-start=\"110\" data-end=\"280\">We see ourselves as a continuation of something that began long before us. We <strong data-start=\"188\" data-end=\"210\">preserve the craft<\/strong>, but we also aim to <strong data-start=\"231\" data-end=\"277\">renew it and make it relevant for our time<\/strong>.<\/p><p><\/p><p data-start=\"282\" data-end=\"524\">Sn\u00eak started with kitchens, but today we create interiors for the entire home. This includes storage solutions, bathrooms, and laundry rooms. Everything is based on our <strong data-start=\"451\" data-end=\"478\">unique solid wood frame<\/strong>, built to last and withstand everyday life.<\/p>\n\t\t\t\t\t\t\t\t<\/div>\n\t\t\t\t<\/div>\n\t\t\t\t<\/div>\n\t\t<div class=\"elementor-element elementor-element-1520a12 e-con-full e-flex e-con e-child\" data-id=\"1520a12\" data-element_type=\"container\" data-e-type=\"container\" data-settings=\"{&quot;background_background&quot;:&quot;classic&quot;}\">\n\t\t\t\t<div class=\"elementor-element elementor-element-3c65643 elementor-widget elementor-widget-spacer\" data-id=\"3c65643\" data-element_type=\"widget\" data-e-type=\"widget\" data-widget_type=\"spacer.default\">\n\t\t\t\t<div class=\"elementor-widget-container\">\n\t\t\t\t\t\t\t<div class=\"elementor-spacer\">\n\t\t\t<div class=\"elementor-spacer-inner\"><\/div>\n\t\t<\/div>\n\t\t\t\t\t\t<\/div>\n\t\t\t\t<\/div>\n\t\t\t\t<\/div>\n\t\t\t\t\t<\/div>\n\t\t\t\t<\/div>\n\t\t<div class=\"elementor-element elementor-element-bead6c e-flex e-con-boxed e-con e-parent\" data-id=\"bead6c\" data-element_type=\"container\" data-e-type=\"container\">\n\t\t\t\t\t<div class=\"e-con-inner\">\n\t\t\t\t<div class=\"elementor-element elementor-element-6c652603 elementor-widget elementor-widget-heading\" data-id=\"6c652603\" data-element_type=\"widget\" data-e-type=\"widget\" data-widget_type=\"heading.default\">\n\t\t\t\t<div class=\"elementor-widget-container\">\n\t\t\t\t\t<h4 class=\"elementor-heading-title elementor-size-default\">Handcrafted Kitchens from Norrbotte<\/h4>\t\t\t\t<\/div>\n\t\t\t\t<\/div>\n\t\t\t\t<div class=\"elementor-element elementor-element-2b26ff37 elementor-widget__width-initial elementor-widget elementor-widget-text-editor\" data-id=\"2b26ff37\" data-element_type=\"widget\" data-e-type=\"widget\" data-widget_type=\"text-editor.default\">\n\t\t\t\t<div class=\"elementor-widget-container\">\n\t\t\t\t\t\t\t\t\t<p style=\"text-align: center;\">Treating wood with respect is central to us. We use methods shaped over generations. This is how our handcrafted furniture gains its true value.<\/p>\n\t\t\t\t\t\t\t\t<\/div>\n\t\t\t\t<\/div>\n\t\t\t\t\t<\/div>\n\t\t\t\t<\/div>\n\t\t<div class=\"elementor-element elementor-element-c09d10a e-flex e-con-boxed e-con e-parent\" data-id=\"c09d10a\" data-element_type=\"container\" data-e-type=\"container\">\n\t\t\t\t\t<div class=\"e-con-inner\">\n\t\t<div class=\"elementor-element elementor-element-335c88b e-con-full e-flex e-con e-child\" data-id=\"335c88b\" data-element_type=\"container\" data-e-type=\"container\">\n\t\t\t\t<div class=\"elementor-element elementor-element-bd061e9 elementor-widget elementor-widget-heading\" data-id=\"bd061e9\" data-element_type=\"widget\" data-e-type=\"widget\" data-widget_type=\"heading.default\">\n\t\t\t\t<div class=\"elementor-widget-container\">\n\t\t\t\t\t<h5 class=\"elementor-heading-title elementor-size-default\">Freedom in Every Decisio<\/h5>\t\t\t\t<\/div>\n\t\t\t\t<\/div>\n\t\t\t\t<div class=\"elementor-element elementor-element-f1edb2f elementor-widget elementor-widget-text-editor\" data-id=\"f1edb2f\" data-element_type=\"widget\" data-e-type=\"widget\" data-widget_type=\"text-editor.default\">\n\t\t\t\t<div class=\"elementor-widget-container\">\n\t\t\t\t\t\t\t\t\t<p data-start=\"112\" data-end=\"319\">No two kitchens are alike. That\u2019s why we build each cabinet to your measurements, your room, and your needs. Everything is made from solid wood, with attention to detail and craftsmanship you can feel.<\/p><p><\/p><p data-start=\"321\" data-end=\"447\">Our digital platform allows every customer to design their own kitchen and see the price immediately during the process.<\/p><p><\/p><p data-start=\"449\" data-end=\"661\">You can do everything yourself or get help from us along the way. We offer both flat-pack kitchens and fully assembled solutions, delivered directly to the location where your kitchen will be installed.<\/p>\n\t\t\t\t\t\t\t\t<\/div>\n\t\t\t\t<\/div>\n\t\t\t\t<\/div>\n\t\t<div class=\"elementor-element elementor-element-447b6a1 e-con-full e-flex e-con e-child\" data-id=\"447b6a1\" data-element_type=\"container\" data-e-type=\"container\" data-settings=\"{&quot;background_background&quot;:&quot;classic&quot;}\">\n\t\t\t\t<div class=\"elementor-element elementor-element-7f67619 elementor-widget elementor-widget-spacer\" data-id=\"7f67619\" data-element_type=\"widget\" data-e-type=\"widget\" data-widget_type=\"spacer.default\">\n\t\t\t\t<div class=\"elementor-widget-container\">\n\t\t\t\t\t\t\t<div class=\"elementor-spacer\">\n\t\t\t<div class=\"elementor-spacer-inner\"><\/div>\n\t\t<\/div>\n\t\t\t\t\t\t<\/div>\n\t\t\t\t<\/div>\n\t\t\t\t<\/div>\n\t\t\t\t\t<\/div>\n\t\t\t\t<\/div>\n\t\t<div class=\"elementor-element elementor-element-48c91b2 e-flex e-con-boxed e-con e-parent\" data-id=\"48c91b2\" data-element_type=\"container\" data-e-type=\"container\">\n\t\t\t\t\t<div class=\"e-con-inner\">\n\t\t<div class=\"elementor-element elementor-element-082eeea e-con-full e-flex e-con e-child\" data-id=\"082eeea\" data-element_type=\"container\" data-e-type=\"container\" data-settings=\"{&quot;background_background&quot;:&quot;classic&quot;}\">\n\t\t\t\t<div class=\"elementor-element elementor-element-18b868b elementor-widget elementor-widget-heading\" data-id=\"18b868b\" data-element_type=\"widget\" data-e-type=\"widget\" data-widget_type=\"heading.default\">\n\t\t\t\t<div class=\"elementor-widget-container\">\n\t\t\t\t\t<h6 class=\"elementor-heading-title elementor-size-default\">How we became Sn\u00eak<\/h6>\t\t\t\t<\/div>\n\t\t\t\t<\/div>\n\t\t\t\t<div class=\"elementor-element elementor-element-4179c65 elementor-widget elementor-widget-heading\" data-id=\"4179c65\" data-element_type=\"widget\" data-e-type=\"widget\" data-widget_type=\"heading.default\">\n\t\t\t\t<div class=\"elementor-widget-container\">\n\t\t\t\t\t<h2 class=\"elementor-heading-title elementor-size-default\">Why does it have to cost so much to build a traditional kitchen if you don\u2019t want to compromise on quality?<\/h2>\t\t\t\t<\/div>\n\t\t\t\t<\/div>\n\t\t\t\t<div class=\"elementor-element elementor-element-c957f5b elementor-widget elementor-widget-text-editor\" data-id=\"c957f5b\" data-element_type=\"widget\" data-e-type=\"widget\" data-widget_type=\"text-editor.default\">\n\t\t\t\t<div class=\"elementor-widget-container\">\n\t\t\t\t\t\t\t\t\t<p data-start=\"110\" data-end=\"250\">The question arose during a kitchen renovation in a turn-of-the-century apartment. It became the starting point of what is today <strong data-start=\"239\" data-end=\"247\">Sn\u00eak<\/strong>.<\/p><p><\/p><p data-start=\"252\" data-end=\"441\">We wanted to find a different way\u2014a way where <strong data-start=\"298\" data-end=\"347\">craftsmanship and materials are at the center<\/strong>, but the path to a new kitchen doesn\u2019t have to go through multiple layers and high markups.<\/p><p><\/p><p data-start=\"443\" data-end=\"701\">With us, the kitchen goes <strong data-start=\"469\" data-end=\"513\">directly from production to the customer<\/strong>. The customer designs their kitchen in our tool, with or without guidance from us. Once the design is approved, it goes straight into production. <strong data-start=\"660\" data-end=\"699\">No intermediaries, no hidden steps.<\/strong><\/p><p><\/p><p data-start=\"703\" data-end=\"779\">Thanks to our <strong data-start=\"717\" data-end=\"752\">proprietary construction system<\/strong>, installation is easier.<\/p><p><\/p><p data-start=\"781\" data-end=\"986\">Those who want to do more themselves can influence both the price and shipping costs. And because our production is automated where it matters, we can spend more time on what truly requires a human hand.<\/p><p><\/p><p data-start=\"988\" data-end=\"1088\">This is our solution to a rather simple question.<br data-start=\"1037\" data-end=\"1040\" \/>And the question that still drives us forward.<\/p><p><\/p><p data-start=\"1090\" data-end=\"1114\"><strong>\u2014 Fredrik and Sandrine<\/strong><\/p>\n\t\t\t\t\t\t\t\t<\/div>\n\t\t\t\t<\/div>\n\t\t\t\t<\/div>\n\t\t<div class=\"elementor-element elementor-element-ef90fc7 e-con-full e-flex e-con e-child\" data-id=\"ef90fc7\" data-element_type=\"container\" data-e-type=\"container\" data-settings=\"{&quot;background_background&quot;:&quot;classic&quot;}\">\n\t\t\t\t<div class=\"elementor-element elementor-element-deb8407 elementor-widget elementor-widget-image\" data-id=\"deb8407\" data-element_type=\"widget\" data-e-type=\"widget\" data-widget_type=\"image.default\">\n\t\t\t\t<div class=\"elementor-widget-container\">\n\t\t\t\t\t\t\t\t\t\t\t\t\t\t\t<img fetchpriority=\"high\" decoding=\"async\" width=\"758\" height=\"1024\" src=\"https:\/\/www.snek.se\/wp-content\/uploads\/2020\/02\/DSC9054-2-758x1024.jpg\" class=\"attachment-large size-large wp-image-14321\" alt=\"\" srcset=\"https:\/\/www.snek.se\/wp-content\/uploads\/2020\/02\/DSC9054-2-758x1024.jpg 758w, https:\/\/www.snek.se\/wp-content\/uploads\/2020\/02\/DSC9054-2-1200x1621.jpg 1200w, https:\/\/www.snek.se\/wp-content\/uploads\/2020\/02\/DSC9054-2-222x300.jpg 222w, https:\/\/www.snek.se\/wp-content\/uploads\/2020\/02\/DSC9054-2-768x1037.jpg 768w, https:\/\/www.snek.se\/wp-content\/uploads\/2020\/02\/DSC9054-2-1137x1536.jpg 1137w, https:\/\/www.snek.se\/wp-content\/uploads\/2020\/02\/DSC9054-2.jpg 1481w\" sizes=\"(max-width: 758px) 100vw, 758px\" \/>\t\t\t\t\t\t\t\t\t\t\t\t\t\t\t<\/div>\n\t\t\t\t<\/div>\n\t\t\t\t<\/div>\n\t\t\t\t\t<\/div>\n\t\t\t\t<\/div>\n\t\t\t\t<\/div>\n\t\t","protected":false},"excerpt":{"rendered":"<p>Sn\u00eak manufactures solid wood kitchens in T\u00f6refors, Norrbotten. With roots in craftsmanship and a digital platform, we create custom-made kitchens for real homes.<\/p>\n","protected":false},"author":53,"featured_media":144818,"parent":0,"menu_order":0,"comment_status":"closed","ping_status":"closed","template":"elementor_canvas","meta":{"_acf_changed":false,"footnotes":""},"class_list":["post-19025","page","type-page","status-publish","has-post-thumbnail","hentry"],"acf":[],"yoast_head":"<!-- This site is optimized with the Yoast SEO plugin v27.3 - https:\/\/yoast.com\/product\/yoast-seo-wordpress\/ -->\n<title>About Sn\u00eak | Sn\u00eak<\/title>\n<meta name=\"description\" content=\"Sn\u00eak has been making custom kitchens in solid wood since 2019. Get to know us, our history and our craftsmanship from T\u00f6refors in Norrbotten.\" \/>\n<meta name=\"robots\" content=\"index, follow, max-snippet:-1, max-image-preview:large, max-video-preview:-1\" \/>\n<link rel=\"canonical\" href=\"https:\/\/www.snek.se\/en\/about-snek\/\" \/>\n<meta property=\"og:locale\" content=\"en_US\" \/>\n<meta property=\"og:type\" content=\"article\" \/>\n<meta property=\"og:title\" content=\"About Sn\u00eak | Sn\u00eak\" \/>\n<meta property=\"og:description\" content=\"Sn\u00eak has been making custom kitchens in solid wood since 2019. Get to know us, our history and our craftsmanship from T\u00f6refors in Norrbotten.\" \/>\n<meta property=\"og:url\" content=\"https:\/\/www.snek.se\/en\/about-snek\/\" \/>\n<meta property=\"og:site_name\" content=\"Sn\u00eak\" \/>\n<meta property=\"article:publisher\" content=\"https:\/\/www.facebook.com\/snekkitchens\/\" \/>\n<meta property=\"article:modified_time\" content=\"2026-04-08T17:16:26+00:00\" \/>\n<meta property=\"og:image\" content=\"https:\/\/www.snek.se\/wp-content\/uploads\/2025\/07\/unnamed4.jpg\" \/>\n\t<meta property=\"og:image:width\" content=\"1920\" \/>\n\t<meta property=\"og:image:height\" content=\"1279\" \/>\n\t<meta property=\"og:image:type\" content=\"image\/jpeg\" \/>\n<meta name=\"twitter:card\" content=\"summary_large_image\" \/>\n<meta name=\"twitter:label1\" content=\"Est. reading time\" \/>\n\t<meta name=\"twitter:data1\" content=\"2 minutes\" \/>\n<script type=\"application\/ld+json\" class=\"yoast-schema-graph\">{\"@context\":\"https:\\\/\\\/schema.org\",\"@graph\":[{\"@type\":\"WebPage\",\"@id\":\"https:\\\/\\\/www.snek.se\\\/en\\\/about-snek\\\/\",\"url\":\"https:\\\/\\\/www.snek.se\\\/en\\\/about-snek\\\/\",\"name\":\"About Sn\u00eak | Sn\u00eak\",\"isPartOf\":{\"@id\":\"https:\\\/\\\/www.snek.se\\\/en\\\/#website\"},\"primaryImageOfPage\":{\"@id\":\"https:\\\/\\\/www.snek.se\\\/en\\\/about-snek\\\/#primaryimage\"},\"image\":{\"@id\":\"https:\\\/\\\/www.snek.se\\\/en\\\/about-snek\\\/#primaryimage\"},\"thumbnailUrl\":\"https:\\\/\\\/www.snek.se\\\/wp-content\\\/uploads\\\/2025\\\/07\\\/unnamed4.jpg\",\"datePublished\":\"2020-04-19T22:02:07+00:00\",\"dateModified\":\"2026-04-08T17:16:26+00:00\",\"description\":\"Sn\u00eak has been making custom kitchens in solid wood since 2019. Get to know us, our history and our craftsmanship from T\u00f6refors in Norrbotten.\",\"breadcrumb\":{\"@id\":\"https:\\\/\\\/www.snek.se\\\/en\\\/about-snek\\\/#breadcrumb\"},\"inLanguage\":\"en-US\",\"potentialAction\":[{\"@type\":\"ReadAction\",\"target\":[\"https:\\\/\\\/www.snek.se\\\/en\\\/about-snek\\\/\"]}]},{\"@type\":\"ImageObject\",\"inLanguage\":\"en-US\",\"@id\":\"https:\\\/\\\/www.snek.se\\\/en\\\/about-snek\\\/#primaryimage\",\"url\":\"https:\\\/\\\/www.snek.se\\\/wp-content\\\/uploads\\\/2025\\\/07\\\/unnamed4.jpg\",\"contentUrl\":\"https:\\\/\\\/www.snek.se\\\/wp-content\\\/uploads\\\/2025\\\/07\\\/unnamed4.jpg\",\"width\":1920,\"height\":1279,\"caption\":\"Platsbyggt k\u00f6k i mjuk gr\u00f6n ton.\"},{\"@type\":\"BreadcrumbList\",\"@id\":\"https:\\\/\\\/www.snek.se\\\/en\\\/about-snek\\\/#breadcrumb\",\"itemListElement\":[{\"@type\":\"ListItem\",\"position\":1,\"name\":\"Hem\",\"item\":\"https:\\\/\\\/www.snek.se\\\/en\\\/\"},{\"@type\":\"ListItem\",\"position\":2,\"name\":\"About Sn\u00eak\"}]},{\"@type\":\"WebSite\",\"@id\":\"https:\\\/\\\/www.snek.se\\\/en\\\/#website\",\"url\":\"https:\\\/\\\/www.snek.se\\\/en\\\/\",\"name\":\"Sn\u00eak\",\"description\":\"Handcrafted kitchens from Norrbotten\",\"publisher\":{\"@id\":\"https:\\\/\\\/www.snek.se\\\/en\\\/#organization\"},\"potentialAction\":[{\"@type\":\"SearchAction\",\"target\":{\"@type\":\"EntryPoint\",\"urlTemplate\":\"https:\\\/\\\/www.snek.se\\\/en\\\/?s={search_term_string}\"},\"query-input\":{\"@type\":\"PropertyValueSpecification\",\"valueRequired\":true,\"valueName\":\"search_term_string\"}}],\"inLanguage\":\"en-US\"},{\"@type\":\"Organization\",\"@id\":\"https:\\\/\\\/www.snek.se\\\/en\\\/#organization\",\"name\":\"Sn\u00eak\",\"url\":\"https:\\\/\\\/www.snek.se\\\/en\\\/\",\"logo\":{\"@type\":\"ImageObject\",\"inLanguage\":\"en-US\",\"@id\":\"https:\\\/\\\/www.snek.se\\\/en\\\/#\\\/schema\\\/logo\\\/image\\\/\",\"url\":\"https:\\\/\\\/www.snek.se\\\/wp-content\\\/uploads\\\/2026\\\/01\\\/snek-logotyp-insta-scaled.jpg\",\"contentUrl\":\"https:\\\/\\\/www.snek.se\\\/wp-content\\\/uploads\\\/2026\\\/01\\\/snek-logotyp-insta-scaled.jpg\",\"width\":2560,\"height\":2560,\"caption\":\"Sn\u00eak\"},\"image\":{\"@id\":\"https:\\\/\\\/www.snek.se\\\/en\\\/#\\\/schema\\\/logo\\\/image\\\/\"},\"sameAs\":[\"https:\\\/\\\/www.facebook.com\\\/snekkitchens\\\/\",\"https:\\\/\\\/www.instagram.com\\\/snek.kok\\\/\",\"https:\\\/\\\/www.linkedin.com\\\/company\\\/snek-kok\\\/\",\"https:\\\/\\\/se.pinterest.com\\\/SnekKitchens\\\/\",\"https:\\\/\\\/www.youtube.com\\\/channel\\\/UCT9DWn-4DMpKHHqbRXV4bZQ\\\/\"]}]}<\/script>\n<!-- \/ Yoast SEO plugin. -->","yoast_head_json":{"title":"About Sn\u00eak | Sn\u00eak","description":"Sn\u00eak has been making custom kitchens in solid wood since 2019. Get to know us, our history and our craftsmanship from T\u00f6refors in Norrbotten.","robots":{"index":"index","follow":"follow","max-snippet":"max-snippet:-1","max-image-preview":"max-image-preview:large","max-video-preview":"max-video-preview:-1"},"canonical":"https:\/\/www.snek.se\/en\/about-snek\/","og_locale":"en_US","og_type":"article","og_title":"About Sn\u00eak | Sn\u00eak","og_description":"Sn\u00eak has been making custom kitchens in solid wood since 2019. Get to know us, our history and our craftsmanship from T\u00f6refors in Norrbotten.","og_url":"https:\/\/www.snek.se\/en\/about-snek\/","og_site_name":"Sn\u00eak","article_publisher":"https:\/\/www.facebook.com\/snekkitchens\/","article_modified_time":"2026-04-08T17:16:26+00:00","og_image":[{"width":1920,"height":1279,"url":"https:\/\/www.snek.se\/wp-content\/uploads\/2025\/07\/unnamed4.jpg","type":"image\/jpeg"}],"twitter_card":"summary_large_image","twitter_misc":{"Est. reading time":"2 minutes"},"schema":{"@context":"https:\/\/schema.org","@graph":[{"@type":"WebPage","@id":"https:\/\/www.snek.se\/en\/about-snek\/","url":"https:\/\/www.snek.se\/en\/about-snek\/","name":"About Sn\u00eak | Sn\u00eak","isPartOf":{"@id":"https:\/\/www.snek.se\/en\/#website"},"primaryImageOfPage":{"@id":"https:\/\/www.snek.se\/en\/about-snek\/#primaryimage"},"image":{"@id":"https:\/\/www.snek.se\/en\/about-snek\/#primaryimage"},"thumbnailUrl":"https:\/\/www.snek.se\/wp-content\/uploads\/2025\/07\/unnamed4.jpg","datePublished":"2020-04-19T22:02:07+00:00","dateModified":"2026-04-08T17:16:26+00:00","description":"Sn\u00eak has been making custom kitchens in solid wood since 2019. Get to know us, our history and our craftsmanship from T\u00f6refors in Norrbotten.","breadcrumb":{"@id":"https:\/\/www.snek.se\/en\/about-snek\/#breadcrumb"},"inLanguage":"en-US","potentialAction":[{"@type":"ReadAction","target":["https:\/\/www.snek.se\/en\/about-snek\/"]}]},{"@type":"ImageObject","inLanguage":"en-US","@id":"https:\/\/www.snek.se\/en\/about-snek\/#primaryimage","url":"https:\/\/www.snek.se\/wp-content\/uploads\/2025\/07\/unnamed4.jpg","contentUrl":"https:\/\/www.snek.se\/wp-content\/uploads\/2025\/07\/unnamed4.jpg","width":1920,"height":1279,"caption":"Platsbyggt k\u00f6k i mjuk gr\u00f6n ton."},{"@type":"BreadcrumbList","@id":"https:\/\/www.snek.se\/en\/about-snek\/#breadcrumb","itemListElement":[{"@type":"ListItem","position":1,"name":"Hem","item":"https:\/\/www.snek.se\/en\/"},{"@type":"ListItem","position":2,"name":"About Sn\u00eak"}]},{"@type":"WebSite","@id":"https:\/\/www.snek.se\/en\/#website","url":"https:\/\/www.snek.se\/en\/","name":"Sn\u00eak","description":"Handcrafted kitchens from Norrbotten","publisher":{"@id":"https:\/\/www.snek.se\/en\/#organization"},"potentialAction":[{"@type":"SearchAction","target":{"@type":"EntryPoint","urlTemplate":"https:\/\/www.snek.se\/en\/?s={search_term_string}"},"query-input":{"@type":"PropertyValueSpecification","valueRequired":true,"valueName":"search_term_string"}}],"inLanguage":"en-US"},{"@type":"Organization","@id":"https:\/\/www.snek.se\/en\/#organization","name":"Sn\u00eak","url":"https:\/\/www.snek.se\/en\/","logo":{"@type":"ImageObject","inLanguage":"en-US","@id":"https:\/\/www.snek.se\/en\/#\/schema\/logo\/image\/","url":"https:\/\/www.snek.se\/wp-content\/uploads\/2026\/01\/snek-logotyp-insta-scaled.jpg","contentUrl":"https:\/\/www.snek.se\/wp-content\/uploads\/2026\/01\/snek-logotyp-insta-scaled.jpg","width":2560,"height":2560,"caption":"Sn\u00eak"},"image":{"@id":"https:\/\/www.snek.se\/en\/#\/schema\/logo\/image\/"},"sameAs":["https:\/\/www.facebook.com\/snekkitchens\/","https:\/\/www.instagram.com\/snek.kok\/","https:\/\/www.linkedin.com\/company\/snek-kok\/","https:\/\/se.pinterest.com\/SnekKitchens\/","https:\/\/www.youtube.com\/channel\/UCT9DWn-4DMpKHHqbRXV4bZQ\/"]}]}},"_links":{"self":[{"href":"https:\/\/www.snek.se\/en\/wp-json\/wp\/v2\/pages\/19025","targetHints":{"allow":["GET"]}}],"collection":[{"href":"https:\/\/www.snek.se\/en\/wp-json\/wp\/v2\/pages"}],"about":[{"href":"https:\/\/www.snek.se\/en\/wp-json\/wp\/v2\/types\/page"}],"author":[{"embeddable":true,"href":"https:\/\/www.snek.se\/en\/wp-json\/wp\/v2\/users\/53"}],"replies":[{"embeddable":true,"href":"https:\/\/www.snek.se\/en\/wp-json\/wp\/v2\/comments?post=19025"}],"version-history":[{"count":10,"href":"https:\/\/www.snek.se\/en\/wp-json\/wp\/v2\/pages\/19025\/revisions"}],"predecessor-version":[{"id":153403,"href":"https:\/\/www.snek.se\/en\/wp-json\/wp\/v2\/pages\/19025\/revisions\/153403"}],"wp:featuredmedia":[{"embeddable":true,"href":"https:\/\/www.snek.se\/en\/wp-json\/wp\/v2\/media\/144818"}],"wp:attachment":[{"href":"https:\/\/www.snek.se\/en\/wp-json\/wp\/v2\/media?parent=19025"}],"curies":[{"name":"wp","href":"https:\/\/api.w.org\/{rel}","templated":true}]}}