{"id":154007,"date":"2026-04-08T17:38:56","date_gmt":"2026-04-08T15:38:56","guid":{"rendered":"https:\/\/www.snek.se\/systrarna-axelsson-x-snek-2\/"},"modified":"2026-04-08T19:17:03","modified_gmt":"2026-04-08T17:17:03","slug":"systrarna-axelsson-x-snek","status":"publish","type":"page","link":"https:\/\/www.snek.se\/en\/systrarna-axelsson-x-snek\/","title":{"rendered":"Systrarna Axelsson x Sn\u00eak"},"content":{"rendered":"\t\t<div data-elementor-type=\"wp-page\" data-elementor-id=\"154007\" class=\"elementor elementor-154007 elementor-147335\" data-elementor-post-type=\"page\">\n\t\t\t\t<div class=\"elementor-element elementor-element-44e28c5 e-flex e-con-boxed e-con e-parent\" data-id=\"44e28c5\" data-element_type=\"container\" data-e-type=\"container\">\n\t\t\t\t\t<div class=\"e-con-inner\">\n\t\t\t\t<div class=\"elementor-element elementor-element-41bef78 elementor-widget elementor-widget-heading\" data-id=\"41bef78\" data-element_type=\"widget\" data-e-type=\"widget\" data-widget_type=\"heading.default\">\n\t\t\t\t<div class=\"elementor-widget-container\">\n\t\t\t\t\t<h2 class=\"elementor-heading-title elementor-size-default\">Sn\u00eak + Systrarna Axelsson<\/h2>\t\t\t\t<\/div>\n\t\t\t\t<\/div>\n\t\t\t\t<div class=\"elementor-element elementor-element-8cc8251 elementor-widget__width-initial elementor-widget elementor-widget-text-editor\" data-id=\"8cc8251\" data-element_type=\"widget\" data-e-type=\"widget\" data-widget_type=\"text-editor.default\">\n\t\t\t\t<div class=\"elementor-widget-container\">\n\t\t\t\t\t\t\t\t\t<p style=\"text-align: center;\">Sustainable wood from forests that are allowed to keep growing<\/p>\n\t\t\t\t\t\t\t\t<\/div>\n\t\t\t\t<\/div>\n\t\t\t\t<div class=\"elementor-element elementor-element-4863930 elementor-widget__width-initial elementor-widget elementor-widget-text-editor\" data-id=\"4863930\" data-element_type=\"widget\" data-e-type=\"widget\" data-widget_type=\"text-editor.default\">\n\t\t\t\t<div class=\"elementor-widget-container\">\n\t\t\t\t\t\t\t\t\t<p style=\"text-align: center;\">We offer kitchens with timber raw material that has a certificate for selective forestry, which means our products come from forestry that is both sustainable and promotes biodiversity.<\/p>\n\t\t\t\t\t\t\t\t<\/div>\n\t\t\t\t<\/div>\n\t\t\t\t\t<\/div>\n\t\t\t\t<\/div>\n\t\t<div class=\"elementor-element elementor-element-c3f58ff e-con-full e-flex e-con e-parent\" data-id=\"c3f58ff\" data-element_type=\"container\" data-e-type=\"container\">\n\t\t<div class=\"elementor-element elementor-element-6f3f42d e-con-full e-flex e-con e-child\" data-id=\"6f3f42d\" data-element_type=\"container\" data-e-type=\"container\" data-settings=\"{&quot;background_background&quot;:&quot;classic&quot;}\">\n\t\t\t\t<div class=\"elementor-element elementor-element-ef528a8 elementor-widget elementor-widget-heading\" data-id=\"ef528a8\" data-element_type=\"widget\" data-e-type=\"widget\" data-widget_type=\"heading.default\">\n\t\t\t\t<div class=\"elementor-widget-container\">\n\t\t\t\t\t<h2 class=\"elementor-heading-title elementor-size-default\">Sustainability &amp; responsibility<\/h2>\t\t\t\t<\/div>\n\t\t\t\t<\/div>\n\t\t\t\t<div class=\"elementor-element elementor-element-1ce06f3 elementor-widget elementor-widget-text-editor\" data-id=\"1ce06f3\" data-element_type=\"widget\" data-e-type=\"widget\" data-widget_type=\"text-editor.default\">\n\t\t\t\t<div class=\"elementor-widget-container\">\n\t\t\t\t\t\t\t\t\t<p class=\"\" data-start=\"682\" data-end=\"862\"><strong data-start=\"682\" data-end=\"709\">Kitchens with sustainable timber<\/strong>: All our kitchens and interiors are made with solid wood from forestry that promotes biodiversity and minimises carbon emissions.<\/p>\n<p class=\"\" data-start=\"865\" data-end=\"1076\"><strong data-start=\"865\" data-end=\"881\">Certification<\/strong>: Genom v\u00e5rt samarbete med Plockhugget garanterar vi att varje k\u00f6k har tr\u00e4r\u00e5vara med hyggesfritt certifikat enligt Plockhuggets Skogsbruksstandard. Det inneb\u00e4r to tr\u00e4d v\u00e4ljs ut ur skogen with j\u00e4mna mellanrum, ett and ett or i sm\u00e5 grupper, s\u00e5 to skogen som helhet kontinuerligt st\u00e5r kvar and f\u00e5r utvecklas.<\/p>\n\t\t\t\t\t\t\t\t<\/div>\n\t\t\t\t<\/div>\n\t\t\t\t<div class=\"elementor-element elementor-element-61cc3f2 elementor-widget elementor-widget-image\" data-id=\"61cc3f2\" data-element_type=\"widget\" data-e-type=\"widget\" data-widget_type=\"image.default\">\n\t\t\t\t<div class=\"elementor-widget-container\">\n\t\t\t\t\t\t\t\t\t\t\t\t\t\t\t<img fetchpriority=\"high\" decoding=\"async\" width=\"800\" height=\"386\" src=\"https:\/\/www.snek.se\/wp-content\/uploads\/2025\/07\/Plockhugget-logga-vit-1024x494-1.png\" class=\"attachment-large size-large wp-image-145933\" alt=\"\" srcset=\"https:\/\/www.snek.se\/wp-content\/uploads\/2025\/07\/Plockhugget-logga-vit-1024x494-1.png 1024w, https:\/\/www.snek.se\/wp-content\/uploads\/2025\/07\/Plockhugget-logga-vit-1024x494-1-500x241.png 500w, https:\/\/www.snek.se\/wp-content\/uploads\/2025\/07\/Plockhugget-logga-vit-1024x494-1-768x371.png 768w\" sizes=\"(max-width: 800px) 100vw, 800px\" \/>\t\t\t\t\t\t\t\t\t\t\t\t\t\t\t<\/div>\n\t\t\t\t<\/div>\n\t\t\t\t<\/div>\n\t\t<div class=\"elementor-element elementor-element-a72489b e-con-full e-flex e-con e-child\" data-id=\"a72489b\" data-element_type=\"container\" data-e-type=\"container\" data-settings=\"{&quot;background_background&quot;:&quot;classic&quot;}\">\n\t\t\t\t<div class=\"elementor-element elementor-element-236e33c elementor-widget elementor-widget-spacer\" data-id=\"236e33c\" data-element_type=\"widget\" data-e-type=\"widget\" data-widget_type=\"spacer.default\">\n\t\t\t\t<div class=\"elementor-widget-container\">\n\t\t\t\t\t\t\t<div class=\"elementor-spacer\">\n\t\t\t<div class=\"elementor-spacer-inner\"><\/div>\n\t\t<\/div>\n\t\t\t\t\t\t<\/div>\n\t\t\t\t<\/div>\n\t\t\t\t<\/div>\n\t\t\t\t<\/div>\n\t\t<div class=\"elementor-element elementor-element-4dc1dc7 e-flex e-con-boxed e-con e-parent\" data-id=\"4dc1dc7\" data-element_type=\"container\" data-e-type=\"container\" data-settings=\"{&quot;background_background&quot;:&quot;classic&quot;}\">\n\t\t\t\t\t<div class=\"e-con-inner\">\n\t\t\t\t<div class=\"elementor-element elementor-element-1e2d600 elementor-widget elementor-widget-heading\" data-id=\"1e2d600\" data-element_type=\"widget\" data-e-type=\"widget\" data-widget_type=\"heading.default\">\n\t\t\t\t<div class=\"elementor-widget-container\">\n\t\t\t\t\t<h2 class=\"elementor-heading-title elementor-size-default\">When you choose Sn\u00eak you get more than just a kitchen<\/h2>\t\t\t\t<\/div>\n\t\t\t\t<\/div>\n\t\t\t\t<div class=\"elementor-element elementor-element-b6d7bfc elementor-widget__width-initial elementor-widget elementor-widget-text-editor\" data-id=\"b6d7bfc\" data-element_type=\"widget\" data-e-type=\"widget\" data-widget_type=\"text-editor.default\">\n\t\t\t\t<div class=\"elementor-widget-container\">\n\t\t\t\t\t\t\t\t\t<p style=\"text-align: center;\">When you buy a kitchen from Sn\u00eak you receive a\u00a0<strong>certifikat fr\u00e5n Plockhugget<\/strong>\u00a0corresponding to the volume of timber raw material your product contains.<\/p>\n<p style=\"text-align: center;\">Detta certifikat s\u00e4kerst\u00e4ller to samma m\u00e4ngd virke har avverkats p\u00e5 ett naturn\u00e4ra and hyggesfritt s\u00e4tt.<\/p>\n<p style=\"text-align: center;\">V\u00e4lj ett<strong>\u00a0Sn\u00eak-k\u00f6k<\/strong>\u00a0and make a responsible choice for both your home and our planet.\u00a0<strong>Tillsammans bygger vi en mer h\u00e5llbar framtid<\/strong><\/p>\n\t\t\t\t\t\t\t\t<\/div>\n\t\t\t\t<\/div>\n\t\t\t\t\t<\/div>\n\t\t\t\t<\/div>\n\t\t<div class=\"elementor-element elementor-element-6f41945 e-con-full e-flex e-con e-parent\" data-id=\"6f41945\" data-element_type=\"container\" data-e-type=\"container\" id=\"registrera\">\n\t\t<div class=\"elementor-element elementor-element-0b6ec05 e-flex e-con-boxed e-con e-child\" data-id=\"0b6ec05\" data-element_type=\"container\" data-e-type=\"container\">\n\t\t\t\t\t<div class=\"e-con-inner\">\n\t\t\t\t<div class=\"elementor-element elementor-element-46bbea4 elementor-widget elementor-widget-heading\" data-id=\"46bbea4\" data-element_type=\"widget\" data-e-type=\"widget\" data-widget_type=\"heading.default\">\n\t\t\t\t<div class=\"elementor-widget-container\">\n\t\t\t\t\t<h2 class=\"elementor-heading-title elementor-size-default\">Register your visit<\/h2>\t\t\t\t<\/div>\n\t\t\t\t<\/div>\n\t\t\t\t<div class=\"elementor-element elementor-element-5996502 elementor-widget__width-initial elementor-widget elementor-widget-text-editor\" data-id=\"5996502\" data-element_type=\"widget\" data-e-type=\"widget\" data-widget_type=\"text-editor.default\">\n\t\t\t\t<div class=\"elementor-widget-container\">\n\t\t\t\t\t\t\t\t\t<p>Har du bes\u00f6kt Systrarna Axelsson, registrera ditt bes\u00f6k here nedan.\u00a0<\/p>\n\t\t\t\t\t\t\t\t<\/div>\n\t\t\t\t<\/div>\n\t\t\t\t<div class=\"elementor-element elementor-element-020cd43 elementor-button-align-end elementor-widget elementor-widget-form\" data-id=\"020cd43\" data-element_type=\"widget\" data-e-type=\"widget\" data-settings=\"{&quot;step_next_label&quot;:&quot;Next&quot;,&quot;step_previous_label&quot;:&quot;Previous&quot;,&quot;button_width&quot;:&quot;100&quot;,&quot;step_type&quot;:&quot;number_text&quot;,&quot;step_icon_shape&quot;:&quot;circle&quot;}\" data-widget_type=\"form.default\">\n\t\t\t\t<div class=\"elementor-widget-container\">\n\t\t\t\t\t\t\t<form class=\"elementor-form\" method=\"post\" name=\"New Form\" aria-label=\"New Form\">\n\t\t\t<input type=\"hidden\" name=\"post_id\" value=\"154007\"\/>\n\t\t\t<input type=\"hidden\" name=\"form_id\" value=\"020cd43\"\/>\n\t\t\t<input type=\"hidden\" name=\"referer_title\" value=\"2026-04-08 &#8211; Sn\u00eak\" \/>\n\n\t\t\t\n\t\t\t<div class=\"elementor-form-fields-wrapper elementor-labels-above\">\n\t\t\t\t\t\t\t\t<div class=\"elementor-field-type-text elementor-field-group elementor-column elementor-field-group-name elementor-col-100\">\n\t\t\t\t\t\t\t\t\t\t\t\t<label for=\"form-field-name\" class=\"elementor-field-label\">\n\t\t\t\t\t\t\t\tNamn\t\t\t\t\t\t\t<\/label>\n\t\t\t\t\t\t\t\t\t\t\t\t\t\t<input size=\"1\" type=\"text\" name=\"form_fields[name]\" id=\"form-field-name\" class=\"elementor-field elementor-size-sm  elementor-field-textual\" placeholder=\"Ditt namn\">\n\t\t\t\t\t\t\t\t\t\t\t<\/div>\n\t\t\t\t\t\t\t\t<div class=\"elementor-field-type-email elementor-field-group elementor-column elementor-field-group-email elementor-col-100 elementor-field-required\">\n\t\t\t\t\t\t\t\t\t\t\t\t<label for=\"form-field-email\" class=\"elementor-field-label\">\n\t\t\t\t\t\t\t\tEpost\t\t\t\t\t\t\t<\/label>\n\t\t\t\t\t\t\t\t\t\t\t\t\t\t<input size=\"1\" type=\"email\" name=\"form_fields[email]\" id=\"form-field-email\" class=\"elementor-field elementor-size-sm  elementor-field-textual\" placeholder=\"Din epost\" required=\"required\">\n\t\t\t\t\t\t\t\t\t\t\t<\/div>\n\t\t\t\t\t\t\t\t<div class=\"elementor-field-type-tel elementor-field-group elementor-column elementor-field-group-phone elementor-col-100\">\n\t\t\t\t\t\t\t\t\t\t\t\t<label for=\"form-field-phone\" class=\"elementor-field-label\">\n\t\t\t\t\t\t\t\tTelefon\t\t\t\t\t\t\t<\/label>\n\t\t\t\t\t\t\t\t<input size=\"1\" type=\"tel\" name=\"form_fields[phone]\" id=\"form-field-phone\" class=\"elementor-field elementor-size-sm  elementor-field-textual\" placeholder=\"Ditt telefonnummer\" pattern=\"[0-9()#&amp;+*-=.]+\" title=\"Only numbers and phone characters (#, -, *, etc) are accepted.\">\n\n\t\t\t\t\t\t<\/div>\n\t\t\t\t\t\t\t\t<div class=\"elementor-field-type-textarea elementor-field-group elementor-column elementor-field-group-message elementor-col-100\">\n\t\t\t\t\t\t\t\t\t\t\t\t<label for=\"form-field-message\" class=\"elementor-field-label\">\n\t\t\t\t\t\t\t\tMeddelande\t\t\t\t\t\t\t<\/label>\n\t\t\t\t\t\t<textarea class=\"elementor-field-textual elementor-field  elementor-size-sm\" name=\"form_fields[message]\" id=\"form-field-message\" rows=\"4\" placeholder=\"Vad vill du ha hj\u00e4lp med?\"><\/textarea>\t\t\t\t<\/div>\n\t\t\t\t\t\t\t\t<div class=\"elementor-field-group elementor-column elementor-field-type-submit elementor-col-100 e-form__buttons\">\n\t\t\t\t\t<button class=\"elementor-button elementor-size-sm\" type=\"submit\">\n\t\t\t\t\t\t<span class=\"elementor-button-content-wrapper\">\n\t\t\t\t\t\t\t\t\t\t\t\t\t\t\t\t\t\t\t\t\t\t<span class=\"elementor-button-text\">Skicka meddelande<\/span>\n\t\t\t\t\t\t\t\t\t\t\t\t\t<\/span>\n\t\t\t\t\t<\/button>\n\t\t\t\t<\/div>\n\t\t\t<\/div>\n\t\t<\/form>\n\t\t\t\t\t\t<\/div>\n\t\t\t\t<\/div>\n\t\t\t\t<div class=\"elementor-element elementor-element-9b89b98 elementor-widget elementor-widget-html\" data-id=\"9b89b98\" data-element_type=\"widget\" data-e-type=\"widget\" data-widget_type=\"html.default\">\n\t\t\t\t<div class=\"elementor-widget-container\">\n\t\t\t\t\t<button type=\"button\" style=\"font-size:16px;\"class=\"bracket-button\">Skicka meddelande<\/button>\n\n<script>\n  document.addEventListener('DOMContentLoaded', function () {\n    const customBtn = document.querySelector('.bracket-button');\n    const realBtn = document.querySelector('.elementor-field-type-submit button');\n\n    if (customBtn && realBtn) {\n      customBtn.addEventListener('click', function () {\n        realBtn.click();\n      });\n    }\n  });\n<\/script>\t\t\t\t<\/div>\n\t\t\t\t<\/div>\n\t\t\t\t\t<\/div>\n\t\t\t\t<\/div>\n\t\t\t\t<\/div>\n\t\t\t\t<\/div>\n\t\t","protected":false},"excerpt":{"rendered":"<p>Sn\u00eak + Systrarna Axelsson H\u00e5llbart tr\u00e4 fr\u00e5n skogar som f\u00e5r forts\u00e4tta v\u00e4xa Vi erbjuder k\u00f6k med tr\u00e4r\u00e5vara som har certifikat f\u00f6r hyggesfritt skogsbruk, vilket betyder att v\u00e5ra produkter kommer fr\u00e5n skogsbruk som \u00e4r b\u00e5de h\u00e5llbart och fr\u00e4mjar biologiskt m\u00e5ngfaldigt. H\u00e5llbarhet &amp; ansvar K\u00f6k med h\u00e5llbar tr\u00e4vara: Alla v\u00e5ra k\u00f6k och inredningar \u00e4r tillverkade med massivt [&hellip;]<\/p>\n","protected":false},"author":0,"featured_media":0,"parent":0,"menu_order":0,"comment_status":"closed","ping_status":"closed","template":"elementor_canvas","meta":{"_acf_changed":false,"footnotes":""},"class_list":["post-154007","page","type-page","status-publish","hentry"],"acf":[],"yoast_head":"<!-- This site is optimized with the Yoast SEO plugin v27.2 - https:\/\/yoast.com\/product\/yoast-seo-wordpress\/ -->\n<title>Systrarna Axelsson x Sn\u00eak | Sn\u00eak<\/title>\n<meta name=\"description\" content=\"Collaboration between Sn\u00eak and Systrarna Axelsson. Sustainable wood, certified forestry and responsible kitchens.\" \/>\n<meta name=\"robots\" content=\"index, follow, max-snippet:-1, max-image-preview:large, max-video-preview:-1\" \/>\n<link rel=\"canonical\" href=\"https:\/\/www.snek.se\/en\/systrarna-axelsson-x-snek\/\" \/>\n<meta property=\"og:locale\" content=\"en_US\" \/>\n<meta property=\"og:type\" content=\"article\" \/>\n<meta property=\"og:title\" content=\"Systrarna Axelsson x Sn\u00eak | Sn\u00eak\" \/>\n<meta property=\"og:description\" content=\"Collaboration between Sn\u00eak and Systrarna Axelsson. Sustainable wood, certified forestry and responsible kitchens.\" \/>\n<meta property=\"og:url\" content=\"https:\/\/www.snek.se\/en\/systrarna-axelsson-x-snek\/\" \/>\n<meta property=\"og:site_name\" content=\"Sn\u00eak\" \/>\n<meta property=\"article:publisher\" content=\"https:\/\/www.facebook.com\/snekkitchens\/\" \/>\n<meta property=\"article:modified_time\" content=\"2026-04-08T17:17:03+00:00\" \/>\n<meta property=\"og:image\" content=\"https:\/\/www.snek.se\/wp-content\/uploads\/2025\/07\/Plockhugget-logga-vit-1024x494-1.png\" \/>\n\t<meta property=\"og:image:width\" content=\"1024\" \/>\n\t<meta property=\"og:image:height\" content=\"494\" \/>\n\t<meta property=\"og:image:type\" content=\"image\/png\" \/>\n<meta name=\"twitter:card\" content=\"summary_large_image\" \/>\n<meta name=\"twitter:label1\" content=\"Est. reading time\" \/>\n\t<meta name=\"twitter:data1\" content=\"2 minutes\" \/>\n<script type=\"application\/ld+json\" class=\"yoast-schema-graph\">{\"@context\":\"https:\/\/schema.org\",\"@graph\":[{\"@type\":\"WebPage\",\"@id\":\"https:\/\/www.snek.se\/en\/systrarna-axelsson-x-snek\/\",\"url\":\"https:\/\/www.snek.se\/en\/systrarna-axelsson-x-snek\/\",\"name\":\"Systrarna Axelsson x Sn\u00eak | Sn\u00eak\",\"isPartOf\":{\"@id\":\"https:\/\/www.snek.se\/en\/#website\"},\"primaryImageOfPage\":{\"@id\":\"https:\/\/www.snek.se\/en\/systrarna-axelsson-x-snek\/#primaryimage\"},\"image\":{\"@id\":\"https:\/\/www.snek.se\/en\/systrarna-axelsson-x-snek\/#primaryimage\"},\"thumbnailUrl\":\"https:\/\/www.snek.se\/wp-content\/uploads\/2025\/07\/Plockhugget-logga-vit-1024x494-1.png\",\"datePublished\":\"2026-04-08T15:38:56+00:00\",\"dateModified\":\"2026-04-08T17:17:03+00:00\",\"description\":\"Collaboration between Sn\u00eak and Systrarna Axelsson. Sustainable wood, certified forestry and responsible kitchens.\",\"breadcrumb\":{\"@id\":\"https:\/\/www.snek.se\/en\/systrarna-axelsson-x-snek\/#breadcrumb\"},\"inLanguage\":\"en-US\",\"potentialAction\":[{\"@type\":\"ReadAction\",\"target\":[\"https:\/\/www.snek.se\/en\/systrarna-axelsson-x-snek\/\"]}]},{\"@type\":\"ImageObject\",\"inLanguage\":\"en-US\",\"@id\":\"https:\/\/www.snek.se\/en\/systrarna-axelsson-x-snek\/#primaryimage\",\"url\":\"https:\/\/www.snek.se\/wp-content\/uploads\/2025\/07\/Plockhugget-logga-vit-1024x494-1.png\",\"contentUrl\":\"https:\/\/www.snek.se\/wp-content\/uploads\/2025\/07\/Plockhugget-logga-vit-1024x494-1.png\"},{\"@type\":\"BreadcrumbList\",\"@id\":\"https:\/\/www.snek.se\/en\/systrarna-axelsson-x-snek\/#breadcrumb\",\"itemListElement\":[{\"@type\":\"ListItem\",\"position\":1,\"name\":\"Hem\",\"item\":\"https:\/\/www.snek.se\/en\/\"},{\"@type\":\"ListItem\",\"position\":2,\"name\":\"Systrarna Axelsson x Sn\u00eak\"}]},{\"@type\":\"WebSite\",\"@id\":\"https:\/\/www.snek.se\/en\/#website\",\"url\":\"https:\/\/www.snek.se\/en\/\",\"name\":\"Sn\u00eak\",\"description\":\"Handcrafted kitchens from Norrbotten\",\"publisher\":{\"@id\":\"https:\/\/www.snek.se\/en\/#organization\"},\"potentialAction\":[{\"@type\":\"SearchAction\",\"target\":{\"@type\":\"EntryPoint\",\"urlTemplate\":\"https:\/\/www.snek.se\/en\/?s={search_term_string}\"},\"query-input\":{\"@type\":\"PropertyValueSpecification\",\"valueRequired\":true,\"valueName\":\"search_term_string\"}}],\"inLanguage\":\"en-US\"},{\"@type\":\"Organization\",\"@id\":\"https:\/\/www.snek.se\/en\/#organization\",\"name\":\"Sn\u00eak\",\"url\":\"https:\/\/www.snek.se\/en\/\",\"logo\":{\"@type\":\"ImageObject\",\"inLanguage\":\"en-US\",\"@id\":\"https:\/\/www.snek.se\/en\/#\/schema\/logo\/image\/\",\"url\":\"https:\/\/www.snek.se\/wp-content\/uploads\/2026\/01\/snek-logotyp-insta-scaled.jpg\",\"contentUrl\":\"https:\/\/www.snek.se\/wp-content\/uploads\/2026\/01\/snek-logotyp-insta-scaled.jpg\",\"width\":2560,\"height\":2560,\"caption\":\"Sn\u00eak\"},\"image\":{\"@id\":\"https:\/\/www.snek.se\/en\/#\/schema\/logo\/image\/\"},\"sameAs\":[\"https:\/\/www.facebook.com\/snekkitchens\/\",\"https:\/\/www.instagram.com\/snek.kok\/\",\"https:\/\/www.linkedin.com\/company\/snek-kok\/\",\"https:\/\/se.pinterest.com\/SnekKitchens\/\",\"https:\/\/www.youtube.com\/channel\/UCT9DWn-4DMpKHHqbRXV4bZQ\/\"]}]}<\/script>\n<!-- \/ Yoast SEO plugin. -->","yoast_head_json":{"title":"Systrarna Axelsson x Sn\u00eak | Sn\u00eak","description":"Collaboration between Sn\u00eak and Systrarna Axelsson. Sustainable wood, certified forestry and responsible kitchens.","robots":{"index":"index","follow":"follow","max-snippet":"max-snippet:-1","max-image-preview":"max-image-preview:large","max-video-preview":"max-video-preview:-1"},"canonical":"https:\/\/www.snek.se\/en\/systrarna-axelsson-x-snek\/","og_locale":"en_US","og_type":"article","og_title":"Systrarna Axelsson x Sn\u00eak | Sn\u00eak","og_description":"Collaboration between Sn\u00eak and Systrarna Axelsson. Sustainable wood, certified forestry and responsible kitchens.","og_url":"https:\/\/www.snek.se\/en\/systrarna-axelsson-x-snek\/","og_site_name":"Sn\u00eak","article_publisher":"https:\/\/www.facebook.com\/snekkitchens\/","article_modified_time":"2026-04-08T17:17:03+00:00","og_image":[{"width":1024,"height":494,"url":"https:\/\/www.snek.se\/wp-content\/uploads\/2025\/07\/Plockhugget-logga-vit-1024x494-1.png","type":"image\/png"}],"twitter_card":"summary_large_image","twitter_misc":{"Est. reading time":"2 minutes"},"schema":{"@context":"https:\/\/schema.org","@graph":[{"@type":"WebPage","@id":"https:\/\/www.snek.se\/en\/systrarna-axelsson-x-snek\/","url":"https:\/\/www.snek.se\/en\/systrarna-axelsson-x-snek\/","name":"Systrarna Axelsson x Sn\u00eak | Sn\u00eak","isPartOf":{"@id":"https:\/\/www.snek.se\/en\/#website"},"primaryImageOfPage":{"@id":"https:\/\/www.snek.se\/en\/systrarna-axelsson-x-snek\/#primaryimage"},"image":{"@id":"https:\/\/www.snek.se\/en\/systrarna-axelsson-x-snek\/#primaryimage"},"thumbnailUrl":"https:\/\/www.snek.se\/wp-content\/uploads\/2025\/07\/Plockhugget-logga-vit-1024x494-1.png","datePublished":"2026-04-08T15:38:56+00:00","dateModified":"2026-04-08T17:17:03+00:00","description":"Collaboration between Sn\u00eak and Systrarna Axelsson. Sustainable wood, certified forestry and responsible kitchens.","breadcrumb":{"@id":"https:\/\/www.snek.se\/en\/systrarna-axelsson-x-snek\/#breadcrumb"},"inLanguage":"en-US","potentialAction":[{"@type":"ReadAction","target":["https:\/\/www.snek.se\/en\/systrarna-axelsson-x-snek\/"]}]},{"@type":"ImageObject","inLanguage":"en-US","@id":"https:\/\/www.snek.se\/en\/systrarna-axelsson-x-snek\/#primaryimage","url":"https:\/\/www.snek.se\/wp-content\/uploads\/2025\/07\/Plockhugget-logga-vit-1024x494-1.png","contentUrl":"https:\/\/www.snek.se\/wp-content\/uploads\/2025\/07\/Plockhugget-logga-vit-1024x494-1.png"},{"@type":"BreadcrumbList","@id":"https:\/\/www.snek.se\/en\/systrarna-axelsson-x-snek\/#breadcrumb","itemListElement":[{"@type":"ListItem","position":1,"name":"Hem","item":"https:\/\/www.snek.se\/en\/"},{"@type":"ListItem","position":2,"name":"Systrarna Axelsson x Sn\u00eak"}]},{"@type":"WebSite","@id":"https:\/\/www.snek.se\/en\/#website","url":"https:\/\/www.snek.se\/en\/","name":"Sn\u00eak","description":"Handcrafted kitchens from Norrbotten","publisher":{"@id":"https:\/\/www.snek.se\/en\/#organization"},"potentialAction":[{"@type":"SearchAction","target":{"@type":"EntryPoint","urlTemplate":"https:\/\/www.snek.se\/en\/?s={search_term_string}"},"query-input":{"@type":"PropertyValueSpecification","valueRequired":true,"valueName":"search_term_string"}}],"inLanguage":"en-US"},{"@type":"Organization","@id":"https:\/\/www.snek.se\/en\/#organization","name":"Sn\u00eak","url":"https:\/\/www.snek.se\/en\/","logo":{"@type":"ImageObject","inLanguage":"en-US","@id":"https:\/\/www.snek.se\/en\/#\/schema\/logo\/image\/","url":"https:\/\/www.snek.se\/wp-content\/uploads\/2026\/01\/snek-logotyp-insta-scaled.jpg","contentUrl":"https:\/\/www.snek.se\/wp-content\/uploads\/2026\/01\/snek-logotyp-insta-scaled.jpg","width":2560,"height":2560,"caption":"Sn\u00eak"},"image":{"@id":"https:\/\/www.snek.se\/en\/#\/schema\/logo\/image\/"},"sameAs":["https:\/\/www.facebook.com\/snekkitchens\/","https:\/\/www.instagram.com\/snek.kok\/","https:\/\/www.linkedin.com\/company\/snek-kok\/","https:\/\/se.pinterest.com\/SnekKitchens\/","https:\/\/www.youtube.com\/channel\/UCT9DWn-4DMpKHHqbRXV4bZQ\/"]}]}},"_links":{"self":[{"href":"https:\/\/www.snek.se\/en\/wp-json\/wp\/v2\/pages\/154007","targetHints":{"allow":["GET"]}}],"collection":[{"href":"https:\/\/www.snek.se\/en\/wp-json\/wp\/v2\/pages"}],"about":[{"href":"https:\/\/www.snek.se\/en\/wp-json\/wp\/v2\/types\/page"}],"replies":[{"embeddable":true,"href":"https:\/\/www.snek.se\/en\/wp-json\/wp\/v2\/comments?post=154007"}],"version-history":[{"count":2,"href":"https:\/\/www.snek.se\/en\/wp-json\/wp\/v2\/pages\/154007\/revisions"}],"predecessor-version":[{"id":154214,"href":"https:\/\/www.snek.se\/en\/wp-json\/wp\/v2\/pages\/154007\/revisions\/154214"}],"wp:attachment":[{"href":"https:\/\/www.snek.se\/en\/wp-json\/wp\/v2\/media?parent=154007"}],"curies":[{"name":"wp","href":"https:\/\/api.w.org\/{rel}","templated":true}]}}