{"id":153997,"date":"2026-04-08T17:36:50","date_gmt":"2026-04-08T15:36:50","guid":{"rendered":"https:\/\/www.snek.se\/final-review\/"},"modified":"2026-04-08T17:36:50","modified_gmt":"2026-04-08T15:36:50","slug":"final-review","status":"publish","type":"page","link":"https:\/\/www.snek.se\/en\/final-review\/","title":{"rendered":"Final Review"},"content":{"rendered":"<h2>Final Review<\/h2>\n<p>\t\tFor those who have already placed an order and received a delivery date.\t\t<\/p>\n<h2>Pre-production meeting<\/h2>\n<p>This review is always done before we start production of your kitchen. The review should take place 6\u20138 weeks before delivery of your kitchen, so make sure to book it well in advance and we will find a time that suits you. During the review, we go through your kitchen design and verify that everything is correct. If we see that improvements can be made, we will suggest them.<\/p>\n<p>For the final review meeting, we need the final measurements of the room. We will need the length, width, and height of the room. We also need to know the placement of wall openings, doors, windows, and interior walls.<\/p>\n<p>Vi beh\u00f6ver en lista p\u00e5 era tillt\u00e4nkta vitvaror (m\u00e4rke &amp; modell).<\/p>\n<p>During the meeting, we discuss ceiling connections and you can also make changes to your design.<\/p>\n<p>We need one (1) hour set aside for this review. You book the review here and it is conducted as a video meeting using Google Meet.<\/p>\n<h2>Book Final Review<\/h2>\n<iframe src=\"https:\/\/www.snek.se\/en\/wp-json\/ssa\/v1\/embed-inner?integration&type=slutavstamning&label&types=2&edit&view&payment_provider&ssa_locale=en_US&ssa_is_rtl&sid=8ccf630a1c4487add841ca7e9372a8d39a31a1f0&availability_start_date&availability_end_date&suggest_first_available&suggest_first_available_within_minutes&flow&fallback_flow&time_view&date_view&appointment_types_view&version&accent_color&background&padding&font&booking_url=https%3A%2F%2Fwww.snek.se%2Fen%2Ffinal-review%2F&booking_post_id=153997&booking_title=Final+Review&_wpnonce=0a81498dc6&redirect_post_id&mepr_membership_id#\/\" height=\"400px\" width=\"100%\" name=\"ssa_booking\" loading=\"eager\" frameborder=\"0\" data-skip-lazy=\"1\" class=\"ssa_booking_iframe skip-lazy\" title=\"Book a time\"><\/iframe>\n","protected":false},"excerpt":{"rendered":"<p>Final Review For those who have already placed an order and received a delivery date. Pre-production meeting This review is always done before we start production of your kitchen. The review should take place 6\u20138 weeks before delivery of your kitchen, so make sure to book it well in advance and we will find a [&hellip;]<\/p>\n","protected":false},"author":0,"featured_media":0,"parent":0,"menu_order":0,"comment_status":"closed","ping_status":"closed","template":"elementor_canvas","meta":{"_acf_changed":false,"footnotes":""},"class_list":["post-153997","page","type-page","status-publish","hentry"],"acf":[],"yoast_head":"<!-- This site is optimized with the Yoast SEO plugin v27.2 - https:\/\/yoast.com\/product\/yoast-seo-wordpress\/ -->\n<title>Final Review | Sn\u00eak<\/title>\n<meta name=\"description\" content=\"Book a final review before production starts on your kitchen. Last chance to adjust details.\" \/>\n<meta name=\"robots\" content=\"index, follow, max-snippet:-1, max-image-preview:large, max-video-preview:-1\" \/>\n<link rel=\"canonical\" href=\"https:\/\/www.snek.se\/en\/final-review\/\" \/>\n<meta property=\"og:locale\" content=\"en_US\" \/>\n<meta property=\"og:type\" content=\"article\" \/>\n<meta property=\"og:title\" content=\"Final Review | Sn\u00eak\" \/>\n<meta property=\"og:description\" content=\"Book a final review before production starts on your kitchen. Last chance to adjust details.\" \/>\n<meta property=\"og:url\" content=\"https:\/\/www.snek.se\/en\/final-review\/\" \/>\n<meta property=\"og:site_name\" content=\"Sn\u00eak\" \/>\n<meta property=\"article:publisher\" content=\"https:\/\/www.facebook.com\/snekkitchens\/\" \/>\n<meta name=\"twitter:card\" content=\"summary_large_image\" \/>\n<meta name=\"twitter:label1\" content=\"Est. reading time\" \/>\n\t<meta name=\"twitter:data1\" content=\"1 minute\" \/>\n<script type=\"application\/ld+json\" class=\"yoast-schema-graph\">{\"@context\":\"https:\/\/schema.org\",\"@graph\":[{\"@type\":\"WebPage\",\"@id\":\"https:\/\/www.snek.se\/en\/final-review\/\",\"url\":\"https:\/\/www.snek.se\/en\/final-review\/\",\"name\":\"Final Review | Sn\u00eak\",\"isPartOf\":{\"@id\":\"https:\/\/www.snek.se\/en\/#website\"},\"datePublished\":\"2026-04-08T15:36:50+00:00\",\"description\":\"Book a final review before production starts on your kitchen. Last chance to adjust details.\",\"breadcrumb\":{\"@id\":\"https:\/\/www.snek.se\/en\/final-review\/#breadcrumb\"},\"inLanguage\":\"en-US\",\"potentialAction\":[{\"@type\":\"ReadAction\",\"target\":[\"https:\/\/www.snek.se\/en\/final-review\/\"]}]},{\"@type\":\"BreadcrumbList\",\"@id\":\"https:\/\/www.snek.se\/en\/final-review\/#breadcrumb\",\"itemListElement\":[{\"@type\":\"ListItem\",\"position\":1,\"name\":\"Hem\",\"item\":\"https:\/\/www.snek.se\/en\/\"},{\"@type\":\"ListItem\",\"position\":2,\"name\":\"Final Review\"}]},{\"@type\":\"WebSite\",\"@id\":\"https:\/\/www.snek.se\/en\/#website\",\"url\":\"https:\/\/www.snek.se\/en\/\",\"name\":\"Sn\u00eak\",\"description\":\"Timeless Value\",\"publisher\":{\"@id\":\"https:\/\/www.snek.se\/en\/#organization\"},\"potentialAction\":[{\"@type\":\"SearchAction\",\"target\":{\"@type\":\"EntryPoint\",\"urlTemplate\":\"https:\/\/www.snek.se\/en\/?s={search_term_string}\"},\"query-input\":{\"@type\":\"PropertyValueSpecification\",\"valueRequired\":true,\"valueName\":\"search_term_string\"}}],\"inLanguage\":\"en-US\"},{\"@type\":\"Organization\",\"@id\":\"https:\/\/www.snek.se\/en\/#organization\",\"name\":\"Sn\u00eak\",\"url\":\"https:\/\/www.snek.se\/en\/\",\"logo\":{\"@type\":\"ImageObject\",\"inLanguage\":\"en-US\",\"@id\":\"https:\/\/www.snek.se\/en\/#\/schema\/logo\/image\/\",\"url\":\"https:\/\/www.snek.se\/wp-content\/uploads\/2026\/01\/snek-logotyp-insta-scaled.jpg\",\"contentUrl\":\"https:\/\/www.snek.se\/wp-content\/uploads\/2026\/01\/snek-logotyp-insta-scaled.jpg\",\"width\":2560,\"height\":2560,\"caption\":\"Sn\u00eak\"},\"image\":{\"@id\":\"https:\/\/www.snek.se\/en\/#\/schema\/logo\/image\/\"},\"sameAs\":[\"https:\/\/www.facebook.com\/snekkitchens\/\",\"https:\/\/www.instagram.com\/snek.kok\/\",\"https:\/\/www.linkedin.com\/company\/snek-kok\/\",\"https:\/\/se.pinterest.com\/SnekKitchens\/\",\"https:\/\/www.youtube.com\/channel\/UCT9DWn-4DMpKHHqbRXV4bZQ\/\"]}]}<\/script>\n<!-- \/ Yoast SEO plugin. -->","yoast_head_json":{"title":"Final Review | Sn\u00eak","description":"Book a final review before production starts on your kitchen. Last chance to adjust details.","robots":{"index":"index","follow":"follow","max-snippet":"max-snippet:-1","max-image-preview":"max-image-preview:large","max-video-preview":"max-video-preview:-1"},"canonical":"https:\/\/www.snek.se\/en\/final-review\/","og_locale":"en_US","og_type":"article","og_title":"Final Review | Sn\u00eak","og_description":"Book a final review before production starts on your kitchen. Last chance to adjust details.","og_url":"https:\/\/www.snek.se\/en\/final-review\/","og_site_name":"Sn\u00eak","article_publisher":"https:\/\/www.facebook.com\/snekkitchens\/","twitter_card":"summary_large_image","twitter_misc":{"Est. reading time":"1 minute"},"schema":{"@context":"https:\/\/schema.org","@graph":[{"@type":"WebPage","@id":"https:\/\/www.snek.se\/en\/final-review\/","url":"https:\/\/www.snek.se\/en\/final-review\/","name":"Final Review | Sn\u00eak","isPartOf":{"@id":"https:\/\/www.snek.se\/en\/#website"},"datePublished":"2026-04-08T15:36:50+00:00","description":"Book a final review before production starts on your kitchen. Last chance to adjust details.","breadcrumb":{"@id":"https:\/\/www.snek.se\/en\/final-review\/#breadcrumb"},"inLanguage":"en-US","potentialAction":[{"@type":"ReadAction","target":["https:\/\/www.snek.se\/en\/final-review\/"]}]},{"@type":"BreadcrumbList","@id":"https:\/\/www.snek.se\/en\/final-review\/#breadcrumb","itemListElement":[{"@type":"ListItem","position":1,"name":"Hem","item":"https:\/\/www.snek.se\/en\/"},{"@type":"ListItem","position":2,"name":"Final Review"}]},{"@type":"WebSite","@id":"https:\/\/www.snek.se\/en\/#website","url":"https:\/\/www.snek.se\/en\/","name":"Sn\u00eak","description":"Timeless Value","publisher":{"@id":"https:\/\/www.snek.se\/en\/#organization"},"potentialAction":[{"@type":"SearchAction","target":{"@type":"EntryPoint","urlTemplate":"https:\/\/www.snek.se\/en\/?s={search_term_string}"},"query-input":{"@type":"PropertyValueSpecification","valueRequired":true,"valueName":"search_term_string"}}],"inLanguage":"en-US"},{"@type":"Organization","@id":"https:\/\/www.snek.se\/en\/#organization","name":"Sn\u00eak","url":"https:\/\/www.snek.se\/en\/","logo":{"@type":"ImageObject","inLanguage":"en-US","@id":"https:\/\/www.snek.se\/en\/#\/schema\/logo\/image\/","url":"https:\/\/www.snek.se\/wp-content\/uploads\/2026\/01\/snek-logotyp-insta-scaled.jpg","contentUrl":"https:\/\/www.snek.se\/wp-content\/uploads\/2026\/01\/snek-logotyp-insta-scaled.jpg","width":2560,"height":2560,"caption":"Sn\u00eak"},"image":{"@id":"https:\/\/www.snek.se\/en\/#\/schema\/logo\/image\/"},"sameAs":["https:\/\/www.facebook.com\/snekkitchens\/","https:\/\/www.instagram.com\/snek.kok\/","https:\/\/www.linkedin.com\/company\/snek-kok\/","https:\/\/se.pinterest.com\/SnekKitchens\/","https:\/\/www.youtube.com\/channel\/UCT9DWn-4DMpKHHqbRXV4bZQ\/"]}]}},"_links":{"self":[{"href":"https:\/\/www.snek.se\/en\/wp-json\/wp\/v2\/pages\/153997","targetHints":{"allow":["GET"]}}],"collection":[{"href":"https:\/\/www.snek.se\/en\/wp-json\/wp\/v2\/pages"}],"about":[{"href":"https:\/\/www.snek.se\/en\/wp-json\/wp\/v2\/types\/page"}],"replies":[{"embeddable":true,"href":"https:\/\/www.snek.se\/en\/wp-json\/wp\/v2\/comments?post=153997"}],"version-history":[{"count":1,"href":"https:\/\/www.snek.se\/en\/wp-json\/wp\/v2\/pages\/153997\/revisions"}],"predecessor-version":[{"id":153998,"href":"https:\/\/www.snek.se\/en\/wp-json\/wp\/v2\/pages\/153997\/revisions\/153998"}],"wp:attachment":[{"href":"https:\/\/www.snek.se\/en\/wp-json\/wp\/v2\/media?parent=153997"}],"curies":[{"name":"wp","href":"https:\/\/api.w.org\/{rel}","templated":true}]}}