{"id":153995,"date":"2026-04-08T17:36:25","date_gmt":"2026-04-08T15:36:25","guid":{"rendered":"https:\/\/www.snek.se\/plockhugget-2\/"},"modified":"2026-04-08T17:40:11","modified_gmt":"2026-04-08T15:40:11","slug":"plockhugget-2","status":"publish","type":"page","link":"https:\/\/www.snek.se\/en\/plockhugget-2\/","title":{"rendered":"Plockhugget"},"content":{"rendered":"<h2>Sn\u00eak + Plockhugget<\/h2>\n<p style=\"text-align: center;\">Sustainable wood from forests that keep growing<\/p>\n<p style=\"text-align: center;\">We offer kitchens made with timber certified for continuous-cover forestry, meaning our products come from forestry that is both sustainable and promotes biodiversity.<\/p>\n<h2>H\u00e5llbarhet &amp; ansvar<\/h2>\n<p data-start=\"682\" data-end=\"862\"><strong data-start=\"682\" data-end=\"709\">Kitchens with sustainable timber<\/strong>: All our kitchens and interiors are crafted from solid wood sourced from forestry that promotes biodiversity and minimises carbon emissions.<\/p>\n<p data-start=\"865\" data-end=\"1076\"><strong data-start=\"865\" data-end=\"881\">Certification<\/strong>: Through our partnership with Plockhugget, we guarantee that every kitchen contains timber with a continuous-cover forestry certificate according to Plockhugget\u2019s Forestry Standard. This means trees are selected from the forest at regular intervals, one by one or in small groups, so that the forest as a whole remains standing and continues to develop.<\/p>\n<p><img fetchpriority=\"high\" decoding=\"async\" src=\"https:\/\/www.snek.se\/wp-content\/uploads\/2025\/07\/Plockhugget-logga-vit-1024x494-1.png\" sizes=\"(max-width: 800px) 100vw, 800px\" srcset=\"https:\/\/www.snek.se\/wp-content\/uploads\/2025\/07\/Plockhugget-logga-vit-1024x494-1.png 1024w, https:\/\/www.snek.se\/wp-content\/uploads\/2025\/07\/Plockhugget-logga-vit-1024x494-1-500x241.png 500w, https:\/\/www.snek.se\/wp-content\/uploads\/2025\/07\/Plockhugget-logga-vit-1024x494-1-768x371.png 768w\" alt=\"\" width=\"800\" height=\"386\" \/><\/p>\n<h2>Plockhugget\u2019s Work<\/h2>\n<p data-start=\"1640\" data-end=\"1886\"><strong data-start=\"1640\" data-end=\"1663\">What Plockhugget does<\/strong>: Plockhugget works to stimulate and encourage close-to-nature forestry. Their method means fewer trees are felled, creating better conditions for natural regeneration and strengthening biodiversity.<\/p>\n<p data-start=\"1889\" data-end=\"2076\"><strong data-start=\"1889\" data-end=\"1908\">Key figures<\/strong>: Visste du att 97% av Sveriges brukade skogar anv\u00e4nder kalhyggen som sk\u00f6rdemetod. Med v\u00e5rt samarbete hoppas vi p\u00e5 att \u00f6ka andelen hyggesfritt och naturn\u00e4ra,\u00a0och skapa en h\u00e5llbarare framtid f\u00f6r v\u00e5ra skogar.<\/p>\n<p><a style=\"text-decoration: none;\" href=\"https:\/\/www.plockhugget.se\/\"><br \/>\n<button><br \/>\nGo to plockhugget.se<br \/>\n<\/button><br \/>\n<\/a><\/p>\n<h2>When you choose Sn\u00eak you get more than just a kitchen<\/h2>\n<p style=\"text-align: center;\">When you buy a kitchen from Sn\u00eak you receive a\u00a0<strong>certificate from Plockhugget<\/strong>\u00a0corresponding to the volume of timber your product contains.<\/p>\n<p style=\"text-align: center;\">This certificate ensures that the same amount of timber has been harvested in a close-to-nature and continuous-cover manner.<\/p>\n<p style=\"text-align: center;\">Choose a<strong>\u00a0Sn\u00eak kitchen<\/strong>\u00a0and make a responsible choice for both your home and our planet.\u00a0<strong>Together we build a more sustainable future<\/strong><\/p>\n","protected":false},"excerpt":{"rendered":"<p>Sn\u00eak + Plockhugget Sustainable wood from forests that keep growing We offer kitchens made with timber certified for continuous-cover forestry, meaning our products come from forestry that is both sustainable and promotes biodiversity. H\u00e5llbarhet &amp; ansvar Kitchens with sustainable timber: All our kitchens and interiors are crafted from solid wood sourced from forestry that promotes [&hellip;]<\/p>\n","protected":false},"author":0,"featured_media":144713,"parent":0,"menu_order":0,"comment_status":"closed","ping_status":"closed","template":"elementor_canvas","meta":{"_acf_changed":false,"footnotes":""},"class_list":["post-153995","page","type-page","status-publish","has-post-thumbnail","hentry"],"acf":[],"yoast_head":"<!-- This site is optimized with the Yoast SEO plugin v27.2 - https:\/\/yoast.com\/product\/yoast-seo-wordpress\/ -->\n<title>Plockhugget | Sn\u00eak<\/title>\n<meta name=\"description\" content=\"Our partnership with Plockhugget means certified wood from continuous cover forestry. Sustainable wood in every kitchen.\" \/>\n<meta name=\"robots\" content=\"index, follow, max-snippet:-1, max-image-preview:large, max-video-preview:-1\" \/>\n<link rel=\"canonical\" href=\"https:\/\/www.snek.se\/en\/plockhugget-2\/\" \/>\n<meta property=\"og:locale\" content=\"en_US\" \/>\n<meta property=\"og:type\" content=\"article\" \/>\n<meta property=\"og:title\" content=\"Plockhugget | Sn\u00eak\" \/>\n<meta property=\"og:description\" content=\"Our partnership with Plockhugget means certified wood from continuous cover forestry. Sustainable wood in every kitchen.\" \/>\n<meta property=\"og:url\" content=\"https:\/\/www.snek.se\/en\/plockhugget-2\/\" \/>\n<meta property=\"og:site_name\" content=\"Sn\u00eak\" \/>\n<meta property=\"article:publisher\" content=\"https:\/\/www.facebook.com\/snekkitchens\/\" \/>\n<meta property=\"article:modified_time\" content=\"2026-04-08T15:40:11+00:00\" \/>\n<meta property=\"og:image\" content=\"https:\/\/www.snek.se\/wp-content\/uploads\/2025\/07\/01-1-scaled.jpg\" \/>\n\t<meta property=\"og:image:width\" content=\"2560\" \/>\n\t<meta property=\"og:image:height\" content=\"1707\" \/>\n\t<meta property=\"og:image:type\" content=\"image\/jpeg\" \/>\n<meta name=\"twitter:card\" content=\"summary_large_image\" \/>\n<meta name=\"twitter:label1\" content=\"Est. reading time\" \/>\n\t<meta name=\"twitter:data1\" content=\"2 minutes\" \/>\n<script type=\"application\/ld+json\" class=\"yoast-schema-graph\">{\"@context\":\"https:\/\/schema.org\",\"@graph\":[{\"@type\":\"WebPage\",\"@id\":\"https:\/\/www.snek.se\/en\/plockhugget-2\/\",\"url\":\"https:\/\/www.snek.se\/en\/plockhugget-2\/\",\"name\":\"Plockhugget | Sn\u00eak\",\"isPartOf\":{\"@id\":\"https:\/\/www.snek.se\/en\/#website\"},\"primaryImageOfPage\":{\"@id\":\"https:\/\/www.snek.se\/en\/plockhugget-2\/#primaryimage\"},\"image\":{\"@id\":\"https:\/\/www.snek.se\/en\/plockhugget-2\/#primaryimage\"},\"thumbnailUrl\":\"https:\/\/www.snek.se\/wp-content\/uploads\/2025\/07\/01-1-scaled.jpg\",\"datePublished\":\"2026-04-08T15:36:25+00:00\",\"dateModified\":\"2026-04-08T15:40:11+00:00\",\"description\":\"Our partnership with Plockhugget means certified wood from continuous cover forestry. Sustainable wood in every kitchen.\",\"breadcrumb\":{\"@id\":\"https:\/\/www.snek.se\/en\/plockhugget-2\/#breadcrumb\"},\"inLanguage\":\"en-US\",\"potentialAction\":[{\"@type\":\"ReadAction\",\"target\":[\"https:\/\/www.snek.se\/en\/plockhugget-2\/\"]}]},{\"@type\":\"ImageObject\",\"inLanguage\":\"en-US\",\"@id\":\"https:\/\/www.snek.se\/en\/plockhugget-2\/#primaryimage\",\"url\":\"https:\/\/www.snek.se\/wp-content\/uploads\/2025\/07\/01-1-scaled.jpg\",\"contentUrl\":\"https:\/\/www.snek.se\/wp-content\/uploads\/2025\/07\/01-1-scaled.jpg\",\"width\":2560,\"height\":1707},{\"@type\":\"BreadcrumbList\",\"@id\":\"https:\/\/www.snek.se\/en\/plockhugget-2\/#breadcrumb\",\"itemListElement\":[{\"@type\":\"ListItem\",\"position\":1,\"name\":\"Hem\",\"item\":\"https:\/\/www.snek.se\/en\/\"},{\"@type\":\"ListItem\",\"position\":2,\"name\":\"Plockhugget\"}]},{\"@type\":\"WebSite\",\"@id\":\"https:\/\/www.snek.se\/en\/#website\",\"url\":\"https:\/\/www.snek.se\/en\/\",\"name\":\"Sn\u00eak\",\"description\":\"Timeless Value\",\"publisher\":{\"@id\":\"https:\/\/www.snek.se\/en\/#organization\"},\"potentialAction\":[{\"@type\":\"SearchAction\",\"target\":{\"@type\":\"EntryPoint\",\"urlTemplate\":\"https:\/\/www.snek.se\/en\/?s={search_term_string}\"},\"query-input\":{\"@type\":\"PropertyValueSpecification\",\"valueRequired\":true,\"valueName\":\"search_term_string\"}}],\"inLanguage\":\"en-US\"},{\"@type\":\"Organization\",\"@id\":\"https:\/\/www.snek.se\/en\/#organization\",\"name\":\"Sn\u00eak\",\"url\":\"https:\/\/www.snek.se\/en\/\",\"logo\":{\"@type\":\"ImageObject\",\"inLanguage\":\"en-US\",\"@id\":\"https:\/\/www.snek.se\/en\/#\/schema\/logo\/image\/\",\"url\":\"https:\/\/www.snek.se\/wp-content\/uploads\/2026\/01\/snek-logotyp-insta-scaled.jpg\",\"contentUrl\":\"https:\/\/www.snek.se\/wp-content\/uploads\/2026\/01\/snek-logotyp-insta-scaled.jpg\",\"width\":2560,\"height\":2560,\"caption\":\"Sn\u00eak\"},\"image\":{\"@id\":\"https:\/\/www.snek.se\/en\/#\/schema\/logo\/image\/\"},\"sameAs\":[\"https:\/\/www.facebook.com\/snekkitchens\/\",\"https:\/\/www.instagram.com\/snek.kok\/\",\"https:\/\/www.linkedin.com\/company\/snek-kok\/\",\"https:\/\/se.pinterest.com\/SnekKitchens\/\",\"https:\/\/www.youtube.com\/channel\/UCT9DWn-4DMpKHHqbRXV4bZQ\/\"]}]}<\/script>\n<!-- \/ Yoast SEO plugin. -->","yoast_head_json":{"title":"Plockhugget | Sn\u00eak","description":"Our partnership with Plockhugget means certified wood from continuous cover forestry. Sustainable wood in every kitchen.","robots":{"index":"index","follow":"follow","max-snippet":"max-snippet:-1","max-image-preview":"max-image-preview:large","max-video-preview":"max-video-preview:-1"},"canonical":"https:\/\/www.snek.se\/en\/plockhugget-2\/","og_locale":"en_US","og_type":"article","og_title":"Plockhugget | Sn\u00eak","og_description":"Our partnership with Plockhugget means certified wood from continuous cover forestry. Sustainable wood in every kitchen.","og_url":"https:\/\/www.snek.se\/en\/plockhugget-2\/","og_site_name":"Sn\u00eak","article_publisher":"https:\/\/www.facebook.com\/snekkitchens\/","article_modified_time":"2026-04-08T15:40:11+00:00","og_image":[{"width":2560,"height":1707,"url":"https:\/\/www.snek.se\/wp-content\/uploads\/2025\/07\/01-1-scaled.jpg","type":"image\/jpeg"}],"twitter_card":"summary_large_image","twitter_misc":{"Est. reading time":"2 minutes"},"schema":{"@context":"https:\/\/schema.org","@graph":[{"@type":"WebPage","@id":"https:\/\/www.snek.se\/en\/plockhugget-2\/","url":"https:\/\/www.snek.se\/en\/plockhugget-2\/","name":"Plockhugget | Sn\u00eak","isPartOf":{"@id":"https:\/\/www.snek.se\/en\/#website"},"primaryImageOfPage":{"@id":"https:\/\/www.snek.se\/en\/plockhugget-2\/#primaryimage"},"image":{"@id":"https:\/\/www.snek.se\/en\/plockhugget-2\/#primaryimage"},"thumbnailUrl":"https:\/\/www.snek.se\/wp-content\/uploads\/2025\/07\/01-1-scaled.jpg","datePublished":"2026-04-08T15:36:25+00:00","dateModified":"2026-04-08T15:40:11+00:00","description":"Our partnership with Plockhugget means certified wood from continuous cover forestry. Sustainable wood in every kitchen.","breadcrumb":{"@id":"https:\/\/www.snek.se\/en\/plockhugget-2\/#breadcrumb"},"inLanguage":"en-US","potentialAction":[{"@type":"ReadAction","target":["https:\/\/www.snek.se\/en\/plockhugget-2\/"]}]},{"@type":"ImageObject","inLanguage":"en-US","@id":"https:\/\/www.snek.se\/en\/plockhugget-2\/#primaryimage","url":"https:\/\/www.snek.se\/wp-content\/uploads\/2025\/07\/01-1-scaled.jpg","contentUrl":"https:\/\/www.snek.se\/wp-content\/uploads\/2025\/07\/01-1-scaled.jpg","width":2560,"height":1707},{"@type":"BreadcrumbList","@id":"https:\/\/www.snek.se\/en\/plockhugget-2\/#breadcrumb","itemListElement":[{"@type":"ListItem","position":1,"name":"Hem","item":"https:\/\/www.snek.se\/en\/"},{"@type":"ListItem","position":2,"name":"Plockhugget"}]},{"@type":"WebSite","@id":"https:\/\/www.snek.se\/en\/#website","url":"https:\/\/www.snek.se\/en\/","name":"Sn\u00eak","description":"Timeless Value","publisher":{"@id":"https:\/\/www.snek.se\/en\/#organization"},"potentialAction":[{"@type":"SearchAction","target":{"@type":"EntryPoint","urlTemplate":"https:\/\/www.snek.se\/en\/?s={search_term_string}"},"query-input":{"@type":"PropertyValueSpecification","valueRequired":true,"valueName":"search_term_string"}}],"inLanguage":"en-US"},{"@type":"Organization","@id":"https:\/\/www.snek.se\/en\/#organization","name":"Sn\u00eak","url":"https:\/\/www.snek.se\/en\/","logo":{"@type":"ImageObject","inLanguage":"en-US","@id":"https:\/\/www.snek.se\/en\/#\/schema\/logo\/image\/","url":"https:\/\/www.snek.se\/wp-content\/uploads\/2026\/01\/snek-logotyp-insta-scaled.jpg","contentUrl":"https:\/\/www.snek.se\/wp-content\/uploads\/2026\/01\/snek-logotyp-insta-scaled.jpg","width":2560,"height":2560,"caption":"Sn\u00eak"},"image":{"@id":"https:\/\/www.snek.se\/en\/#\/schema\/logo\/image\/"},"sameAs":["https:\/\/www.facebook.com\/snekkitchens\/","https:\/\/www.instagram.com\/snek.kok\/","https:\/\/www.linkedin.com\/company\/snek-kok\/","https:\/\/se.pinterest.com\/SnekKitchens\/","https:\/\/www.youtube.com\/channel\/UCT9DWn-4DMpKHHqbRXV4bZQ\/"]}]}},"_links":{"self":[{"href":"https:\/\/www.snek.se\/en\/wp-json\/wp\/v2\/pages\/153995","targetHints":{"allow":["GET"]}}],"collection":[{"href":"https:\/\/www.snek.se\/en\/wp-json\/wp\/v2\/pages"}],"about":[{"href":"https:\/\/www.snek.se\/en\/wp-json\/wp\/v2\/types\/page"}],"replies":[{"embeddable":true,"href":"https:\/\/www.snek.se\/en\/wp-json\/wp\/v2\/comments?post=153995"}],"version-history":[{"count":1,"href":"https:\/\/www.snek.se\/en\/wp-json\/wp\/v2\/pages\/153995\/revisions"}],"predecessor-version":[{"id":153996,"href":"https:\/\/www.snek.se\/en\/wp-json\/wp\/v2\/pages\/153995\/revisions\/153996"}],"wp:featuredmedia":[{"embeddable":true,"href":"https:\/\/www.snek.se\/en\/wp-json\/wp\/v2\/media\/144713"}],"wp:attachment":[{"href":"https:\/\/www.snek.se\/en\/wp-json\/wp\/v2\/media?parent=153995"}],"curies":[{"name":"wp","href":"https:\/\/api.w.org\/{rel}","templated":true}]}}