{"id":143131,"date":"2025-05-13T14:19:09","date_gmt":"2025-05-13T12:19:09","guid":{"rendered":"https:\/\/www.snek.se\/financing-options\/"},"modified":"2026-04-08T19:15:38","modified_gmt":"2026-04-08T17:15:38","slug":"financing-options","status":"publish","type":"page","link":"https:\/\/www.snek.se\/en\/financing-options\/","title":{"rendered":"Financing options"},"content":{"rendered":"\t\t<div data-elementor-type=\"wp-page\" data-elementor-id=\"143131\" class=\"elementor elementor-143131 elementor-142577\" data-elementor-post-type=\"page\">\n\t\t\t\t<div class=\"elementor-element elementor-element-57631f6 e-flex e-con-boxed e-con e-parent\" data-id=\"57631f6\" data-element_type=\"container\" data-e-type=\"container\">\n\t\t\t\t\t<div class=\"e-con-inner\">\n\t\t\t\t<div class=\"elementor-element elementor-element-c036d7a elementor-widget elementor-widget-heading\" data-id=\"c036d7a\" data-element_type=\"widget\" data-e-type=\"widget\" data-widget_type=\"heading.default\">\n\t\t\t\t<div class=\"elementor-widget-container\">\n\t\t\t\t\t<h2 class=\"elementor-heading-title elementor-size-default\">Finance your kitchen with LF Finans<\/h2>\t\t\t\t<\/div>\n\t\t\t\t<\/div>\n\t\t\t\t<div class=\"elementor-element elementor-element-4892557 elementor-widget__width-initial elementor-widget elementor-widget-text-editor\" data-id=\"4892557\" data-element_type=\"widget\" data-e-type=\"widget\" data-widget_type=\"text-editor.default\">\n\t\t\t\t<div class=\"elementor-widget-container\">\n\t\t\t\t\t\t\t\t\t<p>Thinking about a new kitchen and looking for flexible payment options?<\/p>\n\t\t\t\t\t\t\t\t<\/div>\n\t\t\t\t<\/div>\n\t\t\t\t\t<\/div>\n\t\t\t\t<\/div>\n\t\t<div class=\"elementor-element elementor-element-16b0dfc e-con-full e-flex e-con e-parent\" data-id=\"16b0dfc\" data-element_type=\"container\" data-e-type=\"container\">\n\t\t<div class=\"elementor-element elementor-element-89517d6 e-con-full e-flex e-con e-child\" data-id=\"89517d6\" data-element_type=\"container\" data-e-type=\"container\" data-settings=\"{&quot;background_background&quot;:&quot;classic&quot;}\">\n\t\t\t\t<div class=\"elementor-element elementor-element-e57cd4f elementor-widget elementor-widget-heading\" data-id=\"e57cd4f\" data-element_type=\"widget\" data-e-type=\"widget\" data-widget_type=\"heading.default\">\n\t\t\t\t<div class=\"elementor-widget-container\">\n\t\t\t\t\t<h2 class=\"elementor-heading-title elementor-size-default\">Financing<\/h2>\t\t\t\t<\/div>\n\t\t\t\t<\/div>\n\t\t\t\t<div class=\"elementor-element elementor-element-ec63990 elementor-widget elementor-widget-text-editor\" data-id=\"ec63990\" data-element_type=\"widget\" data-e-type=\"widget\" data-widget_type=\"text-editor.default\">\n\t\t\t\t<div class=\"elementor-widget-container\">\n\t\t\t\t\t\t\t\t\t<p>With flexible financing from LF Finans, you can build your kitchen now and pay over time.<\/p><p data-start=\"132\" data-end=\"364\">To apply for financing, book a planning meeting with us.<br data-start=\"192\" data-end=\"195\" \/>During the meeting, we\u2019ll go through your kitchen project and help you with the application. Once your financing is approved, you\u2019ll be able to place your kitchen order.<\/p><p><\/p><p data-start=\"366\" data-end=\"522\">With financing through us and LF Finans, you can pay in instalments on your terms \u2014 with no interest or hidden fees, as long as you follow the payment plan.<\/p>\n\t\t\t\t\t\t\t\t<\/div>\n\t\t\t\t<\/div>\n\t\t\t\t<div class=\"elementor-element elementor-element-8368d51 elementor-widget elementor-widget-html\" data-id=\"8368d51\" data-element_type=\"widget\" data-e-type=\"widget\" data-widget_type=\"html.default\">\n\t\t\t\t<div class=\"elementor-widget-container\">\n\t\t\t\t\t<a href=\"https:\/\/www.lffinans.se\/\" style=\"text-decoration: none\">\r\n    <button class=\"bracket-button-w\">\r\n        Learn more at LF Finans\r\n    <\/button>\r<\/a>\t\t\t\t<\/div>\n\t\t\t\t<\/div>\n\t\t\t\t<\/div>\n\t\t<div class=\"elementor-element elementor-element-b53ad7b e-con-full e-flex e-con e-child\" data-id=\"b53ad7b\" data-element_type=\"container\" data-e-type=\"container\" data-settings=\"{&quot;background_background&quot;:&quot;classic&quot;}\">\n\t\t\t\t<div class=\"elementor-element elementor-element-0f20808 elementor-widget elementor-widget-heading\" data-id=\"0f20808\" data-element_type=\"widget\" data-e-type=\"widget\" data-widget_type=\"heading.default\">\n\t\t\t\t<div class=\"elementor-widget-container\">\n\t\t\t\t\t<h2 class=\"elementor-heading-title elementor-size-default\">Any questions?<\/h2>\t\t\t\t<\/div>\n\t\t\t\t<\/div>\n\t\t\t\t<div class=\"elementor-element elementor-element-2525aa6 elementor-widget elementor-widget-text-editor\" data-id=\"2525aa6\" data-element_type=\"widget\" data-e-type=\"widget\" data-widget_type=\"text-editor.default\">\n\t\t\t\t<div class=\"elementor-widget-container\">\n\t\t\t\t\t\t\t\t\t<p>Reach out to us for more information.<\/p>\n\t\t\t\t\t\t\t\t<\/div>\n\t\t\t\t<\/div>\n\t\t\t\t<div class=\"elementor-element elementor-element-292add5 elementor-button-align-end elementor-widget elementor-widget-form\" data-id=\"292add5\" data-element_type=\"widget\" data-e-type=\"widget\" data-settings=\"{&quot;step_next_label&quot;:&quot;Next&quot;,&quot;step_previous_label&quot;:&quot;Previous&quot;,&quot;button_width&quot;:&quot;100&quot;,&quot;step_type&quot;:&quot;number_text&quot;,&quot;step_icon_shape&quot;:&quot;circle&quot;}\" data-widget_type=\"form.default\">\n\t\t\t\t<div class=\"elementor-widget-container\">\n\t\t\t\t\t\t\t<form class=\"elementor-form\" method=\"post\" name=\"New Form\" aria-label=\"New Form\">\n\t\t\t<input type=\"hidden\" name=\"post_id\" value=\"143131\"\/>\n\t\t\t<input type=\"hidden\" name=\"form_id\" value=\"292add5\"\/>\n\t\t\t<input type=\"hidden\" name=\"referer_title\" value=\"Financing options | Sn\u00eak\" \/>\n\n\t\t\t\t\t\t\t<input type=\"hidden\" name=\"queried_id\" value=\"143131\"\/>\n\t\t\t\n\t\t\t<div class=\"elementor-form-fields-wrapper elementor-labels-above\">\n\t\t\t\t\t\t\t\t<div class=\"elementor-field-type-text elementor-field-group elementor-column elementor-field-group-name elementor-col-100\">\n\t\t\t\t\t\t\t\t\t\t\t\t<label for=\"form-field-name\" class=\"elementor-field-label\">\n\t\t\t\t\t\t\t\tName\t\t\t\t\t\t\t<\/label>\n\t\t\t\t\t\t\t\t\t\t\t\t\t\t<input size=\"1\" type=\"text\" name=\"form_fields[name]\" id=\"form-field-name\" class=\"elementor-field elementor-size-sm  elementor-field-textual\" placeholder=\"Your name\">\n\t\t\t\t\t\t\t\t\t\t\t<\/div>\n\t\t\t\t\t\t\t\t<div class=\"elementor-field-type-email elementor-field-group elementor-column elementor-field-group-email elementor-col-100 elementor-field-required\">\n\t\t\t\t\t\t\t\t\t\t\t\t<label for=\"form-field-email\" class=\"elementor-field-label\">\n\t\t\t\t\t\t\t\tEmail\t\t\t\t\t\t\t<\/label>\n\t\t\t\t\t\t\t\t\t\t\t\t\t\t<input size=\"1\" type=\"email\" name=\"form_fields[email]\" id=\"form-field-email\" class=\"elementor-field elementor-size-sm  elementor-field-textual\" placeholder=\"Your email\" required=\"required\">\n\t\t\t\t\t\t\t\t\t\t\t<\/div>\n\t\t\t\t\t\t\t\t<div class=\"elementor-field-type-tel elementor-field-group elementor-column elementor-field-group-field_e164605 elementor-col-100\">\n\t\t\t\t\t\t\t\t\t\t\t\t<label for=\"form-field-field_e164605\" class=\"elementor-field-label\">\n\t\t\t\t\t\t\t\tPhone\t\t\t\t\t\t\t<\/label>\n\t\t\t\t\t\t\t\t<input size=\"1\" type=\"tel\" name=\"form_fields[field_e164605]\" id=\"form-field-field_e164605\" class=\"elementor-field elementor-size-sm  elementor-field-textual\" placeholder=\"Your phonenumber\" pattern=\"[0-9()#&amp;+*-=.]+\" title=\"Only numbers and phone characters (#, -, *, etc) are accepted.\">\n\n\t\t\t\t\t\t<\/div>\n\t\t\t\t\t\t\t\t<div class=\"elementor-field-type-textarea elementor-field-group elementor-column elementor-field-group-message elementor-col-100\">\n\t\t\t\t\t\t\t\t\t\t\t\t<label for=\"form-field-message\" class=\"elementor-field-label\">\n\t\t\t\t\t\t\t\tMessage\t\t\t\t\t\t\t<\/label>\n\t\t\t\t\t\t<textarea class=\"elementor-field-textual elementor-field  elementor-size-sm\" name=\"form_fields[message]\" id=\"form-field-message\" rows=\"4\" placeholder=\"Is there something you need help with?\"><\/textarea>\t\t\t\t<\/div>\n\t\t\t\t\t\t\t\t<div class=\"elementor-field-group elementor-column elementor-field-type-submit elementor-col-100 e-form__buttons\">\n\t\t\t\t\t<button class=\"elementor-button elementor-size-sm\" type=\"submit\">\n\t\t\t\t\t\t<span class=\"elementor-button-content-wrapper\">\n\t\t\t\t\t\t\t\t\t\t\t\t\t\t\t\t\t\t\t\t\t\t<span class=\"elementor-button-text\">Contact us<\/span>\n\t\t\t\t\t\t\t\t\t\t\t\t\t<\/span>\n\t\t\t\t\t<\/button>\n\t\t\t\t<\/div>\n\t\t\t<\/div>\n\t\t<\/form>\n\t\t\t\t\t\t<\/div>\n\t\t\t\t<\/div>\n\t\t\t\t<div class=\"elementor-element elementor-element-074cdb9 elementor-widget elementor-widget-html\" data-id=\"074cdb9\" data-element_type=\"widget\" data-e-type=\"widget\" data-widget_type=\"html.default\">\n\t\t\t\t<div class=\"elementor-widget-container\">\n\t\t\t\t\t<button type=\"button\" style=\"font-size:16px;\"class=\"bracket-button\">Send message<\/button>\r\n\r\n<script>\r\n  document.addEventListener('DOMContentLoaded', function () {\r\n    const customBtn = document.querySelector('.bracket-button');\r\n    const realBtn = document.querySelector('.elementor-field-type-submit button');\r\n\r\n    if (customBtn && realBtn) {\r\n      customBtn.addEventListener('click', function () {\r\n        realBtn.click();\r\n      });\r\n    }\r\n  });\r<\/script>\t\t\t\t<\/div>\n\t\t\t\t<\/div>\n\t\t\t\t<\/div>\n\t\t\t\t<\/div>\n\t\t<div class=\"elementor-element elementor-element-c20bb3a e-con-full e-flex e-con e-parent\" data-id=\"c20bb3a\" data-element_type=\"container\" data-e-type=\"container\" data-settings=\"{&quot;background_background&quot;:&quot;classic&quot;}\">\n\t\t\t\t<div class=\"elementor-element elementor-element-f53b032 elementor-widget elementor-widget-html\" data-id=\"f53b032\" data-element_type=\"widget\" data-e-type=\"widget\" data-widget_type=\"html.default\">\n\t\t\t\t<div class=\"elementor-widget-container\">\n\t\t\t\t\t<div style=\"padding: 1em;\">\r\n\t<div style=\"float: left; width: 3.5em; margin-right: 1em; margin-bottom: 1em;\">\r\n\t\t<svg role=\"img\" aria-label=\"Observera!\" focusable=\"false\" version=\"1.1\" id=\"Lager_1\" xmlns=\"http:\/\/www.w3.org\/2000\/svg\" xmlns:xlink=\"http:\/\/www.w3.org\/1999\/xlink\" x=\"0px\" y=\"0px\" viewBox=\"0 0 1200 1200\" style=\"enable-background:new 0 0 1200 1200;\" xml:space=\"preserve\">\r\n\t\t\t<style type=\"text\/css\">\r\n\t\t\t\t.st0{fill:#AA1E1E;}\r\n\t\t\t<\/style>\r\n\t\t\t<g>\r\n\t\t\t\t<path class=\"st0\" d=\"M1176.1,1022.2L652.2,114.7c-10.8-18.7-30.8-30.2-52.4-30.2s-41.6,11.5-52.4,30.2L23.5,1022.2\r\n\t\t\t\t\tc-10.8,18.7-10.8,41.8,0,60.5c10.8,18.7,30.8,30.2,52.4,30.2h1047.9c21.6,0,41.6-11.5,52.4-30.2\r\n\t\t\t\t\tC1186.9,1063.9,1186.9,1040.9,1176.1,1022.2z M180.7,991.9l419.1-726l419.1,726H180.7z\"><\/path>\r\n\t\t\t\t<path class=\"st0\" d=\"M642.7,836.1c-11.5-10.2-25.7-15.3-42.9-15.3c-17.1,0-31.4,5.1-42.9,15.3c-11.5,10.2-17.2,23.2-17.2,39\r\n\t\t\t\t\tc0,15.8,5.7,28.8,17.2,39c11.4,10.2,25.7,15.3,42.9,15.3c17.1,0,31.4-5.1,42.9-15.3c11.4-10.2,17.2-23.2,17.2-39\r\n\t\t\t\t\tC659.8,859.2,654.1,846.2,642.7,836.1z\"><\/path>\r\n\t\t\t\t<polygon class=\"st0\" points=\"556.8,775.6 644.4,775.6 658.2,456.1 543,456.1 \t\"><\/polygon>\r\n\t\t\t<\/g>\r\n\t\t<\/svg>\r\n\t<\/div>\r\n\t<div style=\"display: flex;\">\r\n\t<p style=\"margin: 0px; text-align: left;\"><strong>Att l\u00e5na kostar pengar!<\/strong><br>Om du inte kan betala tillbaka skulden i tid riskerar du en betalningsanm\u00e4rkning. Det kan leda till sv\u00e5righeter att f\u00e5 hyra bostad, teckna abonnemang och f\u00e5 nya l\u00e5n. F\u00f6r st\u00f6d, v\u00e4nd dig till budget- och skuldr\u00e5dgivningen i din kommun. Kontaktuppgifter finns p\u00e5 <a href=\"https:\/\/www.konsumentverket.se\/\" title=\"L\u00e4nk till extern webbplats, \u00f6ppnas i ett nytt f\u00f6nster.\" target=\"_blank\">konsumentverket.se<\/a>.<\/p>\r\n\t<\/div>\r\n<div>\r<\/div><\/div>\t\t\t\t<\/div>\n\t\t\t\t<\/div>\n\t\t\t\t<\/div>\n\t\t\t\t<\/div>\n\t\t","protected":false},"excerpt":{"rendered":"<p>Finance your kitchen with LF Finans Thinking about a new kitchen and looking for flexible payment options? Financing With flexible financing from LF Finans, you can build your kitchen now and pay over time. To apply for financing, book a planning meeting with us.During the meeting, we\u2019ll go through your kitchen project and help you [&hellip;]<\/p>\n","protected":false},"author":53,"featured_media":0,"parent":0,"menu_order":0,"comment_status":"closed","ping_status":"closed","template":"elementor_canvas","meta":{"_acf_changed":false,"footnotes":""},"class_list":["post-143131","page","type-page","status-publish","hentry"],"acf":[],"yoast_head":"<!-- This site is optimized with the Yoast SEO plugin v27.3 - https:\/\/yoast.com\/product\/yoast-seo-wordpress\/ -->\n<title>Financing options | Sn\u00eak<\/title>\n<meta name=\"description\" content=\"Finance your kitchen with LF Finans. Smooth and flexible installment payments so you can realize your dream kitchen.\" \/>\n<meta name=\"robots\" content=\"index, follow, max-snippet:-1, max-image-preview:large, max-video-preview:-1\" \/>\n<link rel=\"canonical\" href=\"https:\/\/www.snek.se\/en\/financing-options\/\" \/>\n<meta property=\"og:locale\" content=\"en_US\" \/>\n<meta property=\"og:type\" content=\"article\" \/>\n<meta property=\"og:title\" content=\"Financing options | Sn\u00eak\" \/>\n<meta property=\"og:description\" content=\"Finance your kitchen with LF Finans. Smooth and flexible installment payments so you can realize your dream kitchen.\" \/>\n<meta property=\"og:url\" content=\"https:\/\/www.snek.se\/en\/financing-options\/\" \/>\n<meta property=\"og:site_name\" content=\"Sn\u00eak\" \/>\n<meta property=\"article:publisher\" content=\"https:\/\/www.facebook.com\/snekkitchens\/\" \/>\n<meta property=\"article:modified_time\" content=\"2026-04-08T17:15:38+00:00\" \/>\n<meta name=\"twitter:card\" content=\"summary_large_image\" \/>\n<meta name=\"twitter:label1\" content=\"Est. reading time\" \/>\n\t<meta name=\"twitter:data1\" content=\"1 minute\" \/>\n<script type=\"application\/ld+json\" class=\"yoast-schema-graph\">{\"@context\":\"https:\\\/\\\/schema.org\",\"@graph\":[{\"@type\":\"WebPage\",\"@id\":\"https:\\\/\\\/www.snek.se\\\/en\\\/financing-options\\\/\",\"url\":\"https:\\\/\\\/www.snek.se\\\/en\\\/financing-options\\\/\",\"name\":\"Financing options | Sn\u00eak\",\"isPartOf\":{\"@id\":\"https:\\\/\\\/www.snek.se\\\/en\\\/#website\"},\"datePublished\":\"2025-05-13T12:19:09+00:00\",\"dateModified\":\"2026-04-08T17:15:38+00:00\",\"description\":\"Finance your kitchen with LF Finans. Smooth and flexible installment payments so you can realize your dream kitchen.\",\"breadcrumb\":{\"@id\":\"https:\\\/\\\/www.snek.se\\\/en\\\/financing-options\\\/#breadcrumb\"},\"inLanguage\":\"en-US\",\"potentialAction\":[{\"@type\":\"ReadAction\",\"target\":[\"https:\\\/\\\/www.snek.se\\\/en\\\/financing-options\\\/\"]}]},{\"@type\":\"BreadcrumbList\",\"@id\":\"https:\\\/\\\/www.snek.se\\\/en\\\/financing-options\\\/#breadcrumb\",\"itemListElement\":[{\"@type\":\"ListItem\",\"position\":1,\"name\":\"Hem\",\"item\":\"https:\\\/\\\/www.snek.se\\\/en\\\/\"},{\"@type\":\"ListItem\",\"position\":2,\"name\":\"Financing options\"}]},{\"@type\":\"WebSite\",\"@id\":\"https:\\\/\\\/www.snek.se\\\/en\\\/#website\",\"url\":\"https:\\\/\\\/www.snek.se\\\/en\\\/\",\"name\":\"Sn\u00eak\",\"description\":\"Handcrafted kitchens from Norrbotten\",\"publisher\":{\"@id\":\"https:\\\/\\\/www.snek.se\\\/en\\\/#organization\"},\"potentialAction\":[{\"@type\":\"SearchAction\",\"target\":{\"@type\":\"EntryPoint\",\"urlTemplate\":\"https:\\\/\\\/www.snek.se\\\/en\\\/?s={search_term_string}\"},\"query-input\":{\"@type\":\"PropertyValueSpecification\",\"valueRequired\":true,\"valueName\":\"search_term_string\"}}],\"inLanguage\":\"en-US\"},{\"@type\":\"Organization\",\"@id\":\"https:\\\/\\\/www.snek.se\\\/en\\\/#organization\",\"name\":\"Sn\u00eak\",\"url\":\"https:\\\/\\\/www.snek.se\\\/en\\\/\",\"logo\":{\"@type\":\"ImageObject\",\"inLanguage\":\"en-US\",\"@id\":\"https:\\\/\\\/www.snek.se\\\/en\\\/#\\\/schema\\\/logo\\\/image\\\/\",\"url\":\"https:\\\/\\\/www.snek.se\\\/wp-content\\\/uploads\\\/2026\\\/01\\\/snek-logotyp-insta-scaled.jpg\",\"contentUrl\":\"https:\\\/\\\/www.snek.se\\\/wp-content\\\/uploads\\\/2026\\\/01\\\/snek-logotyp-insta-scaled.jpg\",\"width\":2560,\"height\":2560,\"caption\":\"Sn\u00eak\"},\"image\":{\"@id\":\"https:\\\/\\\/www.snek.se\\\/en\\\/#\\\/schema\\\/logo\\\/image\\\/\"},\"sameAs\":[\"https:\\\/\\\/www.facebook.com\\\/snekkitchens\\\/\",\"https:\\\/\\\/www.instagram.com\\\/snek.kok\\\/\",\"https:\\\/\\\/www.linkedin.com\\\/company\\\/snek-kok\\\/\",\"https:\\\/\\\/se.pinterest.com\\\/SnekKitchens\\\/\",\"https:\\\/\\\/www.youtube.com\\\/channel\\\/UCT9DWn-4DMpKHHqbRXV4bZQ\\\/\"]}]}<\/script>\n<!-- \/ Yoast SEO plugin. -->","yoast_head_json":{"title":"Financing options | Sn\u00eak","description":"Finance your kitchen with LF Finans. Smooth and flexible installment payments so you can realize your dream kitchen.","robots":{"index":"index","follow":"follow","max-snippet":"max-snippet:-1","max-image-preview":"max-image-preview:large","max-video-preview":"max-video-preview:-1"},"canonical":"https:\/\/www.snek.se\/en\/financing-options\/","og_locale":"en_US","og_type":"article","og_title":"Financing options | Sn\u00eak","og_description":"Finance your kitchen with LF Finans. Smooth and flexible installment payments so you can realize your dream kitchen.","og_url":"https:\/\/www.snek.se\/en\/financing-options\/","og_site_name":"Sn\u00eak","article_publisher":"https:\/\/www.facebook.com\/snekkitchens\/","article_modified_time":"2026-04-08T17:15:38+00:00","twitter_card":"summary_large_image","twitter_misc":{"Est. reading time":"1 minute"},"schema":{"@context":"https:\/\/schema.org","@graph":[{"@type":"WebPage","@id":"https:\/\/www.snek.se\/en\/financing-options\/","url":"https:\/\/www.snek.se\/en\/financing-options\/","name":"Financing options | Sn\u00eak","isPartOf":{"@id":"https:\/\/www.snek.se\/en\/#website"},"datePublished":"2025-05-13T12:19:09+00:00","dateModified":"2026-04-08T17:15:38+00:00","description":"Finance your kitchen with LF Finans. Smooth and flexible installment payments so you can realize your dream kitchen.","breadcrumb":{"@id":"https:\/\/www.snek.se\/en\/financing-options\/#breadcrumb"},"inLanguage":"en-US","potentialAction":[{"@type":"ReadAction","target":["https:\/\/www.snek.se\/en\/financing-options\/"]}]},{"@type":"BreadcrumbList","@id":"https:\/\/www.snek.se\/en\/financing-options\/#breadcrumb","itemListElement":[{"@type":"ListItem","position":1,"name":"Hem","item":"https:\/\/www.snek.se\/en\/"},{"@type":"ListItem","position":2,"name":"Financing options"}]},{"@type":"WebSite","@id":"https:\/\/www.snek.se\/en\/#website","url":"https:\/\/www.snek.se\/en\/","name":"Sn\u00eak","description":"Handcrafted kitchens from Norrbotten","publisher":{"@id":"https:\/\/www.snek.se\/en\/#organization"},"potentialAction":[{"@type":"SearchAction","target":{"@type":"EntryPoint","urlTemplate":"https:\/\/www.snek.se\/en\/?s={search_term_string}"},"query-input":{"@type":"PropertyValueSpecification","valueRequired":true,"valueName":"search_term_string"}}],"inLanguage":"en-US"},{"@type":"Organization","@id":"https:\/\/www.snek.se\/en\/#organization","name":"Sn\u00eak","url":"https:\/\/www.snek.se\/en\/","logo":{"@type":"ImageObject","inLanguage":"en-US","@id":"https:\/\/www.snek.se\/en\/#\/schema\/logo\/image\/","url":"https:\/\/www.snek.se\/wp-content\/uploads\/2026\/01\/snek-logotyp-insta-scaled.jpg","contentUrl":"https:\/\/www.snek.se\/wp-content\/uploads\/2026\/01\/snek-logotyp-insta-scaled.jpg","width":2560,"height":2560,"caption":"Sn\u00eak"},"image":{"@id":"https:\/\/www.snek.se\/en\/#\/schema\/logo\/image\/"},"sameAs":["https:\/\/www.facebook.com\/snekkitchens\/","https:\/\/www.instagram.com\/snek.kok\/","https:\/\/www.linkedin.com\/company\/snek-kok\/","https:\/\/se.pinterest.com\/SnekKitchens\/","https:\/\/www.youtube.com\/channel\/UCT9DWn-4DMpKHHqbRXV4bZQ\/"]}]}},"_links":{"self":[{"href":"https:\/\/www.snek.se\/en\/wp-json\/wp\/v2\/pages\/143131","targetHints":{"allow":["GET"]}}],"collection":[{"href":"https:\/\/www.snek.se\/en\/wp-json\/wp\/v2\/pages"}],"about":[{"href":"https:\/\/www.snek.se\/en\/wp-json\/wp\/v2\/types\/page"}],"author":[{"embeddable":true,"href":"https:\/\/www.snek.se\/en\/wp-json\/wp\/v2\/users\/53"}],"replies":[{"embeddable":true,"href":"https:\/\/www.snek.se\/en\/wp-json\/wp\/v2\/comments?post=143131"}],"version-history":[{"count":9,"href":"https:\/\/www.snek.se\/en\/wp-json\/wp\/v2\/pages\/143131\/revisions"}],"predecessor-version":[{"id":150613,"href":"https:\/\/www.snek.se\/en\/wp-json\/wp\/v2\/pages\/143131\/revisions\/150613"}],"wp:attachment":[{"href":"https:\/\/www.snek.se\/en\/wp-json\/wp\/v2\/media?parent=143131"}],"curies":[{"name":"wp","href":"https:\/\/api.w.org\/{rel}","templated":true}]}}