{"id":155396,"date":"2026-04-08T19:16:42","date_gmt":"2026-04-08T17:16:42","guid":{"rendered":"https:\/\/www.snek.se\/bedingungen\/"},"modified":"2026-04-09T00:08:18","modified_gmt":"2026-04-08T22:08:18","slug":"bedingungen","status":"publish","type":"page","link":"https:\/\/www.snek.se\/de\/bedingungen\/","title":{"rendered":"Bedingungen"},"content":{"rendered":"\t\t<div data-elementor-type=\"wp-page\" data-elementor-id=\"155396\" class=\"elementor elementor-155396 elementor-145561\" data-elementor-post-type=\"page\">\n\t\t\t\t<div class=\"elementor-element elementor-element-e127307 e-flex e-con-boxed e-con e-parent\" data-id=\"e127307\" data-element_type=\"container\" data-e-type=\"container\">\n\t\t\t\t\t<div class=\"e-con-inner\">\n\t\t\t\t<div class=\"elementor-element elementor-element-8a45e5e elementor-widget elementor-widget-heading\" data-id=\"8a45e5e\" data-element_type=\"widget\" data-e-type=\"widget\" data-widget_type=\"heading.default\">\n\t\t\t\t<div class=\"elementor-widget-container\">\n\t\t\t\t\t<h2 class=\"elementor-heading-title elementor-size-default\">Kauf- &amp; Lieferbedingungen<\/h2>\t\t\t\t<\/div>\n\t\t\t\t<\/div>\n\t\t\t\t<div class=\"elementor-element elementor-element-fe49e29 elementor-widget elementor-widget-heading\" data-id=\"fe49e29\" data-element_type=\"widget\" data-e-type=\"widget\" data-widget_type=\"heading.default\">\n\t\t\t\t<div class=\"elementor-widget-container\">\n\t\t\t\t\t<h2 class=\"elementor-heading-title elementor-size-default\">Mindestbestellwert<\/h2>\t\t\t\t<\/div>\n\t\t\t\t<\/div>\n\t\t\t\t<div class=\"elementor-element elementor-element-d7315c9 elementor-widget elementor-widget-text-editor\" data-id=\"d7315c9\" data-element_type=\"widget\" data-e-type=\"widget\" data-widget_type=\"text-editor.default\">\n\t\t\t\t<div class=\"elementor-widget-container\">\n\t\t\t\t\t\t\t\t\t<p><span style=\"font-weight: 400;\">Aufgrund hoher R\u00fcstkosten nehmen wir keine Bestellungen unter 10.000 SEK (inkl. MwSt. &amp; Versand) an, da alle Bestellungen auf Anfertigung produziert werden. Eine bereits aufgegebene Bestellung kann jedoch erg\u00e4nzt werden.<\/span><\/p>\t\t\t\t\t\t\t\t<\/div>\n\t\t\t\t<\/div>\n\t\t\t\t<div class=\"elementor-element elementor-element-93a1787 elementor-widget elementor-widget-heading\" data-id=\"93a1787\" data-element_type=\"widget\" data-e-type=\"widget\" data-widget_type=\"heading.default\">\n\t\t\t\t<div class=\"elementor-widget-container\">\n\t\t\t\t\t<h2 class=\"elementor-heading-title elementor-size-default\">Bestellungen<\/h2>\t\t\t\t<\/div>\n\t\t\t\t<\/div>\n\t\t\t\t<div class=\"elementor-element elementor-element-def1b1c elementor-widget elementor-widget-text-editor\" data-id=\"def1b1c\" data-element_type=\"widget\" data-e-type=\"widget\" data-widget_type=\"text-editor.default\">\n\t\t\t\t<div class=\"elementor-widget-container\">\n\t\t\t\t\t\t\t\t\t<p><span style=\"font-weight: 400;\">Du m\u00e5ste ha fyllt 18 \u00e5r f\u00fcr zu handla hos oss. Kunduppgifterna ska vara korrekta und alle obligatoriska f\u00e4lt ifyllda. Ni handlar enbart i ert eget namn. Sn\u00eak f\u00fcrbeh\u00e5ller sig f\u00fcr publiceringsfel, informationsfel und fel i specifikation f\u00fcr samtliga v\u00e5ra produkter und tj\u00e4nster. Sn\u00eak kan nicht garantera zu varans utseende und beskaffenhet st\u00e4mmer \u00f6verens mit bilderna p\u00e5 hemsidan, d\u00e5 bilderna skall ses som illustrationer.u00a0<\/span><\/p>\t\t\t\t\t\t\t\t<\/div>\n\t\t\t\t<\/div>\n\t\t\t\t<div class=\"elementor-element elementor-element-7f2461b elementor-widget elementor-widget-heading\" data-id=\"7f2461b\" data-element_type=\"widget\" data-e-type=\"widget\" data-widget_type=\"heading.default\">\n\t\t\t\t<div class=\"elementor-widget-container\">\n\t\t\t\t\t<h2 class=\"elementor-heading-title elementor-size-default\">Arbeitsplatten<\/h2>\t\t\t\t<\/div>\n\t\t\t\t<\/div>\n\t\t\t\t<div class=\"elementor-element elementor-element-a3ebb6e elementor-widget elementor-widget-text-editor\" data-id=\"a3ebb6e\" data-element_type=\"widget\" data-e-type=\"widget\" data-widget_type=\"text-editor.default\">\n\t\t\t\t<div class=\"elementor-widget-container\">\n\t\t\t\t\t\t\t\t\t<p><span style=\"font-weight: 400;\">Es liegt in der Verantwortung des Kunden, genaue Ma\u00dfe f\u00fcr die Arbeitsplatten anzugeben. Bei der Bestellung von Naturstein kann die gelieferte Arbeitsplatte von den Beispielen auf der Website abweichen.<\/span><\/p><p><span style=\"font-weight: 400;\">Wir wenden keinen ROT-Abzug bei der Montage von Arbeitsplatten an.<\/span><\/p>\t\t\t\t\t\t\t\t<\/div>\n\t\t\t\t<\/div>\n\t\t\t\t<div class=\"elementor-element elementor-element-49e1e1e elementor-widget elementor-widget-heading\" data-id=\"49e1e1e\" data-element_type=\"widget\" data-e-type=\"widget\" data-widget_type=\"heading.default\">\n\t\t\t\t<div class=\"elementor-widget-container\">\n\t\t\t\t\t<h2 class=\"elementor-heading-title elementor-size-default\">Lieferungtider &amp; Transport<\/h2>\t\t\t\t<\/div>\n\t\t\t\t<\/div>\n\t\t\t\t<div class=\"elementor-element elementor-element-5adac79 elementor-widget elementor-widget-text-editor\" data-id=\"5adac79\" data-element_type=\"widget\" data-e-type=\"widget\" data-widget_type=\"text-editor.default\">\n\t\t\t\t<div class=\"elementor-widget-container\">\n\t\t\t\t\t\t\t\t\t<p><span style=\"font-weight: 400;\">Unsere Lieferzeit betr\u00e4gt in der Regel etwa 8-10 Arbeitswochen f\u00fcr unsere K\u00fcchen, abh\u00e4ngig davon, ob die K\u00fcche von uns lackiert und die Korpusse montiert werden sollen. Sie wird ab Zahlungseingang und nach Abstimmung mit dem Kunden berechnet. Sie kann auch durch Feiertage, Ferienzeiten und \u00c4nderungen der Bestellung beeinflusst werden. Ab Ende November bis Jahresende k\u00f6nnen Betriebsst\u00f6rungen bei Lieferungen auftreten. Wir k\u00f6nnen kein genaues Lieferdatum angeben. Wenn Sie vom Transportunternehmen kontaktiert werden, vereinbaren Sie einen Termin f\u00fcr die Auslieferung Ihrer Bestellung.<\/span><\/p><p><span style=\"font-weight: 400;\">Varorna levereras till angiven adress oder s\u00e5 n\u00e4ra den adressen som transport\u00f6ren kan komma oder, i f\u00fcrekommande fall, till postutl\u00e4mningsst\u00e4lle. Transport\u00f6ren b\u00e4r nicht in varorna. Lieferungen<\/span> <span style=\"font-weight: 400;\">wird vom Empf\u00e4nger oder dessen Bevollm\u00e4chtigtem gem\u00e4\u00df den Anweisungen des Transporteurs quittiert. F\u00fcr schwer zug\u00e4ngliche Adressen, wie z. B. Inseln und enge Passagen, berechnen wir einen Aufpreis.<\/span><\/p><p><span style=\"font-weight: 400;\">Buchen Sie keine Handwerker, bevor die Lieferung entgegengenommen und gepr\u00fcft wurde, da wir nur eine gesch\u00e4tzte Lieferzeit angeben k\u00f6nnen. Wir erstatten keine Kosten f\u00fcr wartende Monteure.<\/span><\/p><p><span style=\"font-weight: 400;\">\u00dcberpr\u00fcfen Sie bei der Lieferung, ob die Verpackung besch\u00e4digt ist. Eventuelle Sch\u00e4den m\u00fcssen auf dem Frachtbrief\/der Quittung des Fahrers\/der Abholstelle vermerkt werden. ACHTUNG! Ohne vermerkte Sch\u00e4den kann keine Reklamation erfolgen. Dokumentieren Sie die Sch\u00e4den mit Fotos, sowohl mit als auch ohne Verpackung. Senden Sie diese an info@snek.se. Reklamationen, die nicht innerhalb von 10 Tagen nach der Lieferung erfolgen, werden nicht akzeptiert. Montierte T\u00fcren k\u00f6nnen nicht reklamiert werden.<\/span><\/p><p><span style=\"font-weight: 400;\">V\u00e5ra produkter kommer p\u00e5 tr\u00e4paller som kan vara bis zu 3 meter l\u00e5nga. Vi tar tyv\u00e4rr nicht tillbaks dessa vid leverans.<\/span><\/p>\t\t\t\t\t\t\t\t<\/div>\n\t\t\t\t<\/div>\n\t\t\t\t<div class=\"elementor-element elementor-element-c7ffa20 elementor-widget elementor-widget-heading\" data-id=\"c7ffa20\" data-element_type=\"widget\" data-e-type=\"widget\" data-widget_type=\"heading.default\">\n\t\t\t\t<div class=\"elementor-widget-container\">\n\t\t\t\t\t<h2 class=\"elementor-heading-title elementor-size-default\">R\u00fcckgabe<\/h2>\t\t\t\t<\/div>\n\t\t\t\t<\/div>\n\t\t\t\t<div class=\"elementor-element elementor-element-c04728c elementor-widget elementor-widget-text-editor\" data-id=\"c04728c\" data-element_type=\"widget\" data-e-type=\"widget\" data-widget_type=\"text-editor.default\">\n\t\t\t\t<div class=\"elementor-widget-container\">\n\t\t\t\t\t\t\t\t\t<p><span style=\"font-weight: 400;\">Unsere Korpusse, T\u00fcren und Arbeitsplatten k\u00f6nnen nicht zur\u00fcckgegeben werden, da sie speziell f\u00fcr den Kunden angefertigt werden. Andere Produkte k\u00f6nnen innerhalb von 14 Tagen nach Erhalt der Lieferung zur\u00fcckgegeben werden, sofern die unmittelbare Schutzverpackung des Produkts nicht ge\u00f6ffnet wurde.<\/span><\/p><p><span style=\"font-weight: 400;\">Reklamationen bez\u00fcglich Herstellungsfehler oder Abweichungen der Waren von der Bestellung werden an die Reklamationsabteilung von Sn\u00eak per E-Mail gerichtet: <\/span><span style=\"font-weight: 400;\">info@snek.se<\/span><span style=\"font-weight: 400;\">.u00a0<\/span><\/p><p><span style=\"font-weight: 400;\">Lieferungmottagaren f\u00e5r inte returnera, s\u00e4lja eller reparera skadat gods innan detta \u00e4r godk\u00e4nt av Sn\u00eak.u00a0<\/span><\/p>\t\t\t\t\t\t\t\t<\/div>\n\t\t\t\t<\/div>\n\t\t\t\t<div class=\"elementor-element elementor-element-8b1ae54 elementor-widget elementor-widget-heading\" data-id=\"8b1ae54\" data-element_type=\"widget\" data-e-type=\"widget\" data-widget_type=\"heading.default\">\n\t\t\t\t<div class=\"elementor-widget-container\">\n\t\t\t\t\t<h2 class=\"elementor-heading-title elementor-size-default\">Sonstiges<\/h2>\t\t\t\t<\/div>\n\t\t\t\t<\/div>\n\t\t\t\t<div class=\"elementor-element elementor-element-67b5f43 elementor-widget elementor-widget-text-editor\" data-id=\"67b5f43\" data-element_type=\"widget\" data-e-type=\"widget\" data-widget_type=\"text-editor.default\">\n\t\t\t\t<div class=\"elementor-widget-container\">\n\t\t\t\t\t\t\t\t\t<p><span style=\"font-weight: 400;\">Sn\u00eak kan utan f\u00fcreg\u00e5ende avisering \u00e4ndra information, produkter und priser, dock ej p\u00e5 redan best\u00e4llda varor. Fakta- und prisuppgifter l\u00e4mnas mit reservation f\u00fcr tryckfel, leverant\u00f6rers prish\u00f6jningar, ev. oriktigt angivna tekniska specifikationer m.m. samt f\u00fcr slutf\u00fcrs\u00e4ljning.u00a0<\/span><\/p>\t\t\t\t\t\t\t\t<\/div>\n\t\t\t\t<\/div>\n\t\t\t\t<div class=\"elementor-element elementor-element-7c5ce80 elementor-widget elementor-widget-heading\" data-id=\"7c5ce80\" data-element_type=\"widget\" data-e-type=\"widget\" data-widget_type=\"heading.default\">\n\t\t\t\t<div class=\"elementor-widget-container\">\n\t\t\t\t\t<h2 class=\"elementor-heading-title elementor-size-default\">Haftung<\/h2>\t\t\t\t<\/div>\n\t\t\t\t<\/div>\n\t\t\t\t<div class=\"elementor-element elementor-element-d9d3515 elementor-widget elementor-widget-text-editor\" data-id=\"d9d3515\" data-element_type=\"widget\" data-e-type=\"widget\" data-widget_type=\"text-editor.default\">\n\t\t\t\t<div class=\"elementor-widget-container\">\n\t\t\t\t\t\t\t\t\t<p><span style=\"font-weight: 400;\">Der Kunde ist daf\u00fcr verantwortlich, dass die Bestellangaben an Sn\u00eak (z. B. Anzahl, Ma\u00dfe, Farben und andere Optionen) korrekt sind. Wenn der Kunde feststellt, dass die \u00fcbermittelten Angaben fehlerhaft sind, oder seine Bestellung \u00e4ndern m\u00f6chte, muss er unverz\u00fcglich Sn\u00eak kontaktieren. Sn\u00eak versucht stets, die \u00c4nderungsw\u00fcnsche des Kunden zu ber\u00fccksichtigen, kann dies jedoch nicht garantieren.<\/span><\/p><p><span style=\"font-weight: 400;\">Der Kunde ist f\u00fcr seine Auswahl in der Bestellung verantwortlich, auch wenn er Sn\u00eak um Rat gefragt hat.<\/span><\/p>\t\t\t\t\t\t\t\t<\/div>\n\t\t\t\t<\/div>\n\t\t\t\t<div class=\"elementor-element elementor-element-ef3d1be elementor-widget elementor-widget-heading\" data-id=\"ef3d1be\" data-element_type=\"widget\" data-e-type=\"widget\" data-widget_type=\"heading.default\">\n\t\t\t\t<div class=\"elementor-widget-container\">\n\t\t\t\t\t<h2 class=\"elementor-heading-title elementor-size-default\">H\u00f6here Gewalt<\/h2>\t\t\t\t<\/div>\n\t\t\t\t<\/div>\n\t\t\t\t<div class=\"elementor-element elementor-element-f50cc86 elementor-widget elementor-widget-text-editor\" data-id=\"f50cc86\" data-element_type=\"widget\" data-e-type=\"widget\" data-widget_type=\"text-editor.default\">\n\t\t\t\t<div class=\"elementor-widget-container\">\n\t\t\t\t\t\t\t\t\t<p><span style=\"font-weight: 400;\">Sn\u00eak haftet nicht f\u00fcr versp\u00e4tete Produkte (einschlie\u00dflich Lieferung und Garantiema\u00dfnahmen), wenn die Versp\u00e4tung durch Umst\u00e4nde au\u00dferhalb der angemessenen Kontrolle von Sn\u00eak verursacht wurde. Beispiele f\u00fcr solche Umst\u00e4nde sind \u2013 ohne Anspruch auf Vollst\u00e4ndigkeit \u2013 Streik, Terroranschl\u00e4ge, <\/span><span style=\"font-weight: 400;\">Krieg, <\/span><span style=\"font-weight: 400;\">Lieferanten-, Transport- oder Produktionsst\u00f6rungen, Wechselkurs\u00e4nderungen, beh\u00f6rdliche Ma\u00dfnahmen, Gesetzgebung oder Naturkatastrophen.<\/span><\/p>\t\t\t\t\t\t\t\t<\/div>\n\t\t\t\t<\/div>\n\t\t\t\t<div class=\"elementor-element elementor-element-ae055bd elementor-widget elementor-widget-heading\" data-id=\"ae055bd\" data-element_type=\"widget\" data-e-type=\"widget\" data-widget_type=\"heading.default\">\n\t\t\t\t<div class=\"elementor-widget-container\">\n\t\t\t\t\t<h2 class=\"elementor-heading-title elementor-size-default\">Preise und Zahlung<\/h2>\t\t\t\t<\/div>\n\t\t\t\t<\/div>\n\t\t\t\t<div class=\"elementor-element elementor-element-264e17b elementor-widget elementor-widget-text-editor\" data-id=\"264e17b\" data-element_type=\"widget\" data-e-type=\"widget\" data-widget_type=\"text-editor.default\">\n\t\t\t\t<div class=\"elementor-widget-container\">\n\t\t\t\t\t\t\t\t\t<p><span style=\"font-weight: 400;\">Die Preise sind in schwedischen Kronen angegeben. Alle Preise verstehen sich inklusive 25 % Mehrwertsteuer. Die Preise beinhalten keine Versand- und etwaige Zahlungsgeb\u00fchren.<\/span><\/p><p><span style=\"font-weight: 400;\">Sn\u00eak reserverar sig f\u00fcr eventuella pris\u00e4ndringar und felaktiga priser und har r\u00e4tt zu h\u00e4va k\u00f6pet und \u00e5terbetala kunden f\u00fcr erlagd betalning innan produktion p\u00e5b\u00f6rjats.u00a0<\/span><\/p><p><span style=\"font-weight: 400;\">Bei K\u00fcchenbestellungen erfolgt die Zahlung per Rechnung: 50 % Vorauszahlung bei Bestellaufgabe und die restlichen 50 % gegen 10 Tage netto bei Lieferung.<\/span><\/p><p><span style=\"font-weight: 400;\">Bei Bestellungen im Webshop gilt eine Vorauszahlung von 100 % des Betrags.<\/span><\/p><p><span style=\"font-weight: 400;\">Die Zahlung erfolgt auf die auf der Website von Sn\u00eak angegebenen Weisen. Derzeit \u00fcber Plusgiro.<\/span><\/p>\t\t\t\t\t\t\t\t<\/div>\n\t\t\t\t<\/div>\n\t\t\t\t<div class=\"elementor-element elementor-element-acef99b elementor-widget elementor-widget-heading\" data-id=\"acef99b\" data-element_type=\"widget\" data-e-type=\"widget\" data-widget_type=\"heading.default\">\n\t\t\t\t<div class=\"elementor-widget-container\">\n\t\t\t\t\t<h2 class=\"elementor-heading-title elementor-size-default\">Allgemeine Gesch\u00e4ftsbedingungen von Sn\u00eak<\/h2>\t\t\t\t<\/div>\n\t\t\t\t<\/div>\n\t\t\t\t<div class=\"elementor-element elementor-element-64a282fd elementor-widget elementor-widget-text-editor\" data-id=\"64a282fd\" data-element_type=\"widget\" data-e-type=\"widget\" data-widget_type=\"text-editor.default\">\n\t\t\t\t<div class=\"elementor-widget-container\">\n\t\t\t\t\t\t\t\t\t<p><span style=\"font-weight: 400;\">Die Kaufbedingungen gelten, sofern schwedisches oder anderes geltendes Recht keine Bedingungen vorschreibt, die mit diesen in Konflikt stehen. F\u00fcr Privatpersonen gelten das Verbraucherkaufgesetz sowie das Fernabsatzgesetz in F\u00e4llen, die nicht von diesen Kaufbedingungen abgedeckt werden.<\/span><\/p>\t\t\t\t\t\t\t\t<\/div>\n\t\t\t\t<\/div>\n\t\t\t\t\t<\/div>\n\t\t\t\t<\/div>\n\t\t\t\t<\/div>\n\t\t","protected":false},"excerpt":{"rendered":"<p>K\u00f6p &#8211; &amp; leveransvillkor Mindestbestellwert Aufgrund hoher R\u00fcstkosten nehmen wir keine Bestellungen unter 10.000 SEK (inkl. MwSt. &amp; Versand) an, da alle Bestellungen auf Anfertigung produziert werden. Eine bereits aufgegebene Bestellung kann jedoch erg\u00e4nzt werden. Bestellungen Du m\u00e5ste ha fyllt 18 \u00e5r f\u00f6r att handla hos oss. Kunduppgifterna ska vara korrekta och alla obligatoriska f\u00e4lt [&hellip;]<\/p>\n","protected":false},"author":0,"featured_media":0,"parent":0,"menu_order":0,"comment_status":"closed","ping_status":"closed","template":"elementor_canvas","meta":{"_acf_changed":false,"footnotes":""},"class_list":["post-155396","page","type-page","status-publish","hentry"],"acf":[],"yoast_head":"<!-- This site is optimized with the Yoast SEO plugin v27.2 - https:\/\/yoast.com\/product\/yoast-seo-wordpress\/ -->\n<title>Bedingungen | Sn\u00eak<\/title>\n<meta name=\"description\" content=\"Villkor f\u00f6r k\u00f6p och leverans av k\u00f6k fr\u00e5n Sn\u00eak. Best\u00e4llningar, leverans, retur och garantier.\" \/>\n<meta name=\"robots\" content=\"index, follow, max-snippet:-1, max-image-preview:large, max-video-preview:-1\" \/>\n<link rel=\"canonical\" href=\"https:\/\/www.snek.se\/de\/bedingungen\/\" \/>\n<meta property=\"og:locale\" content=\"de_DE\" \/>\n<meta property=\"og:type\" content=\"article\" \/>\n<meta property=\"og:title\" content=\"Bedingungen | Sn\u00eak\" \/>\n<meta property=\"og:description\" content=\"Villkor f\u00f6r k\u00f6p och leverans av k\u00f6k fr\u00e5n Sn\u00eak. Best\u00e4llningar, leverans, retur och garantier.\" \/>\n<meta property=\"og:url\" content=\"https:\/\/www.snek.se\/de\/bedingungen\/\" \/>\n<meta property=\"og:site_name\" content=\"Sn\u00eak\" \/>\n<meta property=\"article:publisher\" content=\"https:\/\/www.facebook.com\/snekkitchens\/\" \/>\n<meta property=\"article:modified_time\" content=\"2026-04-08T22:08:18+00:00\" \/>\n<meta name=\"twitter:card\" content=\"summary_large_image\" \/>\n<meta name=\"twitter:label1\" content=\"Est. reading time\" \/>\n\t<meta name=\"twitter:data1\" content=\"4 minutes\" \/>\n<script type=\"application\/ld+json\" class=\"yoast-schema-graph\">{\"@context\":\"https:\/\/schema.org\",\"@graph\":[{\"@type\":\"WebPage\",\"@id\":\"https:\/\/www.snek.se\/de\/bedingungen\/\",\"url\":\"https:\/\/www.snek.se\/de\/bedingungen\/\",\"name\":\"Bedingungen | Sn\u00eak\",\"isPartOf\":{\"@id\":\"https:\/\/www.snek.se\/de\/#website\"},\"datePublished\":\"2026-04-08T17:16:42+00:00\",\"dateModified\":\"2026-04-08T22:08:18+00:00\",\"description\":\"Villkor f\u00f6r k\u00f6p och leverans av k\u00f6k fr\u00e5n Sn\u00eak. Best\u00e4llningar, leverans, retur och garantier.\",\"breadcrumb\":{\"@id\":\"https:\/\/www.snek.se\/de\/bedingungen\/#breadcrumb\"},\"inLanguage\":\"de-DE\",\"potentialAction\":[{\"@type\":\"ReadAction\",\"target\":[\"https:\/\/www.snek.se\/de\/bedingungen\/\"]}]},{\"@type\":\"BreadcrumbList\",\"@id\":\"https:\/\/www.snek.se\/de\/bedingungen\/#breadcrumb\",\"itemListElement\":[{\"@type\":\"ListItem\",\"position\":1,\"name\":\"Hem\",\"item\":\"https:\/\/www.snek.se\/de\/\"},{\"@type\":\"ListItem\",\"position\":2,\"name\":\"Bedingungen\"}]},{\"@type\":\"WebSite\",\"@id\":\"https:\/\/www.snek.se\/de\/#website\",\"url\":\"https:\/\/www.snek.se\/de\/\",\"name\":\"Sn\u00eak\",\"description\":\"Handgefertigte K\u00fcchen aus Norrbotten\",\"publisher\":{\"@id\":\"https:\/\/www.snek.se\/de\/#organization\"},\"potentialAction\":[{\"@type\":\"SearchAction\",\"target\":{\"@type\":\"EntryPoint\",\"urlTemplate\":\"https:\/\/www.snek.se\/de\/?s={search_term_string}\"},\"query-input\":{\"@type\":\"PropertyValueSpecification\",\"valueRequired\":true,\"valueName\":\"search_term_string\"}}],\"inLanguage\":\"de-DE\"},{\"@type\":\"Organization\",\"@id\":\"https:\/\/www.snek.se\/de\/#organization\",\"name\":\"Sn\u00eak\",\"url\":\"https:\/\/www.snek.se\/de\/\",\"logo\":{\"@type\":\"ImageObject\",\"inLanguage\":\"de-DE\",\"@id\":\"https:\/\/www.snek.se\/de\/#\/schema\/logo\/image\/\",\"url\":\"https:\/\/www.snek.se\/wp-content\/uploads\/2026\/01\/snek-logotyp-insta-scaled.jpg\",\"contentUrl\":\"https:\/\/www.snek.se\/wp-content\/uploads\/2026\/01\/snek-logotyp-insta-scaled.jpg\",\"width\":2560,\"height\":2560,\"caption\":\"Sn\u00eak\"},\"image\":{\"@id\":\"https:\/\/www.snek.se\/de\/#\/schema\/logo\/image\/\"},\"sameAs\":[\"https:\/\/www.facebook.com\/snekkitchens\/\",\"https:\/\/www.instagram.com\/snek.kok\/\",\"https:\/\/www.linkedin.com\/company\/snek-kok\/\",\"https:\/\/se.pinterest.com\/SnekKitchens\/\",\"https:\/\/www.youtube.com\/channel\/UCT9DWn-4DMpKHHqbRXV4bZQ\/\"]}]}<\/script>\n<!-- \/ Yoast SEO plugin. -->","yoast_head_json":{"title":"Bedingungen | Sn\u00eak","description":"Villkor f\u00f6r k\u00f6p och leverans av k\u00f6k fr\u00e5n Sn\u00eak. Best\u00e4llningar, leverans, retur och garantier.","robots":{"index":"index","follow":"follow","max-snippet":"max-snippet:-1","max-image-preview":"max-image-preview:large","max-video-preview":"max-video-preview:-1"},"canonical":"https:\/\/www.snek.se\/de\/bedingungen\/","og_locale":"de_DE","og_type":"article","og_title":"Bedingungen | Sn\u00eak","og_description":"Villkor f\u00f6r k\u00f6p och leverans av k\u00f6k fr\u00e5n Sn\u00eak. Best\u00e4llningar, leverans, retur och garantier.","og_url":"https:\/\/www.snek.se\/de\/bedingungen\/","og_site_name":"Sn\u00eak","article_publisher":"https:\/\/www.facebook.com\/snekkitchens\/","article_modified_time":"2026-04-08T22:08:18+00:00","twitter_card":"summary_large_image","twitter_misc":{"Est. reading time":"4 minutes"},"schema":{"@context":"https:\/\/schema.org","@graph":[{"@type":"WebPage","@id":"https:\/\/www.snek.se\/de\/bedingungen\/","url":"https:\/\/www.snek.se\/de\/bedingungen\/","name":"Bedingungen | Sn\u00eak","isPartOf":{"@id":"https:\/\/www.snek.se\/de\/#website"},"datePublished":"2026-04-08T17:16:42+00:00","dateModified":"2026-04-08T22:08:18+00:00","description":"Villkor f\u00f6r k\u00f6p och leverans av k\u00f6k fr\u00e5n Sn\u00eak. Best\u00e4llningar, leverans, retur och garantier.","breadcrumb":{"@id":"https:\/\/www.snek.se\/de\/bedingungen\/#breadcrumb"},"inLanguage":"de-DE","potentialAction":[{"@type":"ReadAction","target":["https:\/\/www.snek.se\/de\/bedingungen\/"]}]},{"@type":"BreadcrumbList","@id":"https:\/\/www.snek.se\/de\/bedingungen\/#breadcrumb","itemListElement":[{"@type":"ListItem","position":1,"name":"Hem","item":"https:\/\/www.snek.se\/de\/"},{"@type":"ListItem","position":2,"name":"Bedingungen"}]},{"@type":"WebSite","@id":"https:\/\/www.snek.se\/de\/#website","url":"https:\/\/www.snek.se\/de\/","name":"Sn\u00eak","description":"Handgefertigte K\u00fcchen aus Norrbotten","publisher":{"@id":"https:\/\/www.snek.se\/de\/#organization"},"potentialAction":[{"@type":"SearchAction","target":{"@type":"EntryPoint","urlTemplate":"https:\/\/www.snek.se\/de\/?s={search_term_string}"},"query-input":{"@type":"PropertyValueSpecification","valueRequired":true,"valueName":"search_term_string"}}],"inLanguage":"de-DE"},{"@type":"Organization","@id":"https:\/\/www.snek.se\/de\/#organization","name":"Sn\u00eak","url":"https:\/\/www.snek.se\/de\/","logo":{"@type":"ImageObject","inLanguage":"de-DE","@id":"https:\/\/www.snek.se\/de\/#\/schema\/logo\/image\/","url":"https:\/\/www.snek.se\/wp-content\/uploads\/2026\/01\/snek-logotyp-insta-scaled.jpg","contentUrl":"https:\/\/www.snek.se\/wp-content\/uploads\/2026\/01\/snek-logotyp-insta-scaled.jpg","width":2560,"height":2560,"caption":"Sn\u00eak"},"image":{"@id":"https:\/\/www.snek.se\/de\/#\/schema\/logo\/image\/"},"sameAs":["https:\/\/www.facebook.com\/snekkitchens\/","https:\/\/www.instagram.com\/snek.kok\/","https:\/\/www.linkedin.com\/company\/snek-kok\/","https:\/\/se.pinterest.com\/SnekKitchens\/","https:\/\/www.youtube.com\/channel\/UCT9DWn-4DMpKHHqbRXV4bZQ\/"]}]}},"_links":{"self":[{"href":"https:\/\/www.snek.se\/de\/wp-json\/wp\/v2\/pages\/155396","targetHints":{"allow":["GET"]}}],"collection":[{"href":"https:\/\/www.snek.se\/de\/wp-json\/wp\/v2\/pages"}],"about":[{"href":"https:\/\/www.snek.se\/de\/wp-json\/wp\/v2\/types\/page"}],"replies":[{"embeddable":true,"href":"https:\/\/www.snek.se\/de\/wp-json\/wp\/v2\/comments?post=155396"}],"version-history":[{"count":2,"href":"https:\/\/www.snek.se\/de\/wp-json\/wp\/v2\/pages\/155396\/revisions"}],"predecessor-version":[{"id":155943,"href":"https:\/\/www.snek.se\/de\/wp-json\/wp\/v2\/pages\/155396\/revisions\/155943"}],"wp:attachment":[{"href":"https:\/\/www.snek.se\/de\/wp-json\/wp\/v2\/media?parent=155396"}],"curies":[{"name":"wp","href":"https:\/\/api.w.org\/{rel}","templated":true}]}}