{"id":155384,"date":"2026-04-08T19:16:41","date_gmt":"2026-04-08T17:16:41","guid":{"rendered":"https:\/\/www.snek.se\/systrarna-axelsson-x-snek-2\/"},"modified":"2026-04-09T00:08:17","modified_gmt":"2026-04-08T22:08:17","slug":"systrarna-axelsson-x-snek-2","status":"publish","type":"page","link":"https:\/\/www.snek.se\/de\/systrarna-axelsson-x-snek-2\/","title":{"rendered":"Systrarna Axelsson x Sn\u00eak"},"content":{"rendered":"\t\t<div data-elementor-type=\"wp-page\" data-elementor-id=\"155384\" class=\"elementor elementor-155384 elementor-147335\" data-elementor-post-type=\"page\">\n\t\t\t\t<div class=\"elementor-element elementor-element-44e28c5 e-flex e-con-boxed e-con e-parent\" data-id=\"44e28c5\" data-element_type=\"container\" data-e-type=\"container\">\n\t\t\t\t\t<div class=\"e-con-inner\">\n\t\t\t\t<div class=\"elementor-element elementor-element-41bef78 elementor-widget elementor-widget-heading\" data-id=\"41bef78\" data-element_type=\"widget\" data-e-type=\"widget\" data-widget_type=\"heading.default\">\n\t\t\t\t<div class=\"elementor-widget-container\">\n\t\t\t\t\t<h2 class=\"elementor-heading-title elementor-size-default\">Sn\u00eak + Systrarna Axelsson<\/h2>\t\t\t\t<\/div>\n\t\t\t\t<\/div>\n\t\t\t\t<div class=\"elementor-element elementor-element-8cc8251 elementor-widget__width-initial elementor-widget elementor-widget-text-editor\" data-id=\"8cc8251\" data-element_type=\"widget\" data-e-type=\"widget\" data-widget_type=\"text-editor.default\">\n\t\t\t\t<div class=\"elementor-widget-container\">\n\t\t\t\t\t\t\t\t\t<p style=\"text-align: center;\">Nachhaltiges Holz aus W\u00e4ldern, die weiter wachsen d\u00fcrfen<\/p>\t\t\t\t\t\t\t\t<\/div>\n\t\t\t\t<\/div>\n\t\t\t\t<div class=\"elementor-element elementor-element-4863930 elementor-widget__width-initial elementor-widget elementor-widget-text-editor\" data-id=\"4863930\" data-element_type=\"widget\" data-e-type=\"widget\" data-widget_type=\"text-editor.default\">\n\t\t\t\t<div class=\"elementor-widget-container\">\n\t\t\t\t\t\t\t\t\t<p style=\"text-align: center;\">Wir bieten K\u00fcchen mit Holzrohstoffen, die ein Zertifikat f\u00fcr kahlschlagfreie Forstwirtschaft besitzen, was bedeutet, dass unsere Produkte aus einer Forstwirtschaft stammen, die sowohl nachhaltig ist als auch die biologische Vielfalt f\u00f6rdert.<\/p>\t\t\t\t\t\t\t\t<\/div>\n\t\t\t\t<\/div>\n\t\t\t\t\t<\/div>\n\t\t\t\t<\/div>\n\t\t<div class=\"elementor-element elementor-element-c3f58ff e-con-full e-flex e-con e-parent\" data-id=\"c3f58ff\" data-element_type=\"container\" data-e-type=\"container\">\n\t\t<div class=\"elementor-element elementor-element-6f3f42d e-con-full e-flex e-con e-child\" data-id=\"6f3f42d\" data-element_type=\"container\" data-e-type=\"container\" data-settings=\"{&quot;background_background&quot;:&quot;classic&quot;}\">\n\t\t\t\t<div class=\"elementor-element elementor-element-ef528a8 elementor-widget elementor-widget-heading\" data-id=\"ef528a8\" data-element_type=\"widget\" data-e-type=\"widget\" data-widget_type=\"heading.default\">\n\t\t\t\t<div class=\"elementor-widget-container\">\n\t\t\t\t\t<h2 class=\"elementor-heading-title elementor-size-default\">Nachhaltigkeit &amp; Verantwortung<\/h2>\t\t\t\t<\/div>\n\t\t\t\t<\/div>\n\t\t\t\t<div class=\"elementor-element elementor-element-1ce06f3 elementor-widget elementor-widget-text-editor\" data-id=\"1ce06f3\" data-element_type=\"widget\" data-e-type=\"widget\" data-widget_type=\"text-editor.default\">\n\t\t\t\t<div class=\"elementor-widget-container\">\n\t\t\t\t\t\t\t\t\t<p class=\"\" data-start=\"682\" data-end=\"862\"><strong data-start=\"682\" data-end=\"709\">K\u00fcchen mit nachhaltigem Holz<\/strong>: Alle unsere K\u00fcchen und Einrichtungen werden aus Massivholz gefertigt, das aus einer Forstwirtschaft stammt, die die biologische Vielfalt f\u00f6rdert und CO\u2082-Emissionen minimiert.<\/p><p class=\"\" data-start=\"865\" data-end=\"1076\"><strong data-start=\"865\" data-end=\"881\">Zertifizierung<\/strong>: Durch unsere Zusammenarbeit mit Plockhugget garantieren wir, dass jede K\u00fcche Holzrohstoffe mit kahlschlagfreiem Zertifikat gem\u00e4\u00df dem Forstwirtschaftsstandard von Plockhugget enth\u00e4lt. Das bedeutet, dass B\u00e4ume in regelm\u00e4\u00dfigen Abst\u00e4nden aus dem Wald ausgew\u00e4hlt werden, einzeln oder in kleinen Gruppen, sodass der Wald als Ganzes kontinuierlich erhalten bleibt und sich weiterentwickeln kann.<\/p>\t\t\t\t\t\t\t\t<\/div>\n\t\t\t\t<\/div>\n\t\t\t\t<div class=\"elementor-element elementor-element-61cc3f2 elementor-widget elementor-widget-image\" data-id=\"61cc3f2\" data-element_type=\"widget\" data-e-type=\"widget\" data-widget_type=\"image.default\">\n\t\t\t\t<div class=\"elementor-widget-container\">\n\t\t\t\t\t\t\t\t\t\t\t\t\t\t\t<img fetchpriority=\"high\" decoding=\"async\" width=\"800\" height=\"386\" src=\"https:\/\/www.snek.se\/wp-content\/uploads\/2025\/07\/Plockhugget-logga-vit-1024x494-1.png\" class=\"attachment-large size-large wp-image-155883\" alt=\"\" srcset=\"https:\/\/www.snek.se\/wp-content\/uploads\/2025\/07\/Plockhugget-logga-vit-1024x494-1.png 1024w, https:\/\/www.snek.se\/wp-content\/uploads\/2025\/07\/Plockhugget-logga-vit-1024x494-1-500x241.png 500w, https:\/\/www.snek.se\/wp-content\/uploads\/2025\/07\/Plockhugget-logga-vit-1024x494-1-768x371.png 768w\" sizes=\"(max-width: 800px) 100vw, 800px\" \/>\t\t\t\t\t\t\t\t\t\t\t\t\t\t\t<\/div>\n\t\t\t\t<\/div>\n\t\t\t\t<\/div>\n\t\t<div class=\"elementor-element elementor-element-a72489b e-con-full e-flex e-con e-child\" data-id=\"a72489b\" data-element_type=\"container\" data-e-type=\"container\" data-settings=\"{&quot;background_background&quot;:&quot;classic&quot;}\">\n\t\t\t\t<div class=\"elementor-element elementor-element-236e33c elementor-widget elementor-widget-spacer\" data-id=\"236e33c\" data-element_type=\"widget\" data-e-type=\"widget\" data-widget_type=\"spacer.default\">\n\t\t\t\t<div class=\"elementor-widget-container\">\n\t\t\t\t\t\t\t<div class=\"elementor-spacer\">\n\t\t\t<div class=\"elementor-spacer-inner\"><\/div>\n\t\t<\/div>\n\t\t\t\t\t\t<\/div>\n\t\t\t\t<\/div>\n\t\t\t\t<\/div>\n\t\t\t\t<\/div>\n\t\t<div class=\"elementor-element elementor-element-4dc1dc7 e-flex e-con-boxed e-con e-parent\" data-id=\"4dc1dc7\" data-element_type=\"container\" data-e-type=\"container\" data-settings=\"{&quot;background_background&quot;:&quot;classic&quot;}\">\n\t\t\t\t\t<div class=\"e-con-inner\">\n\t\t\t\t<div class=\"elementor-element elementor-element-1e2d600 elementor-widget elementor-widget-heading\" data-id=\"1e2d600\" data-element_type=\"widget\" data-e-type=\"widget\" data-widget_type=\"heading.default\">\n\t\t\t\t<div class=\"elementor-widget-container\">\n\t\t\t\t\t<h2 class=\"elementor-heading-title elementor-size-default\">Wenn Sie sich f\u00fcr Sn\u00eak entscheiden, erhalten Sie mehr als nur eine K\u00fcche<\/h2>\t\t\t\t<\/div>\n\t\t\t\t<\/div>\n\t\t\t\t<div class=\"elementor-element elementor-element-b6d7bfc elementor-widget__width-initial elementor-widget elementor-widget-text-editor\" data-id=\"b6d7bfc\" data-element_type=\"widget\" data-e-type=\"widget\" data-widget_type=\"text-editor.default\">\n\t\t\t\t<div class=\"elementor-widget-container\">\n\t\t\t\t\t\t\t\t\t<p style=\"text-align: center;\">Wenn Sie eine K\u00fcche von Sn\u00eak kaufen, erhalten Sie einu00a0<strong>Zertifikat von Plockhugget<\/strong>u00a0das dem Volumen des Holzrohstoffs entspricht, den Ihr Produkt enth\u00e4lt.<\/p><p style=\"text-align: center;\">Dieses Zertifikat stellt sicher, dass die gleiche Menge Holz auf naturnahe und kahlschlagfreie Weise geerntet wurde.<\/p><p style=\"text-align: center;\">W\u00e4hlen Sie ein<strong>u00a0Sn\u00eak-k\u00f6k<\/strong>u00a0und treffen eine verantwortungsvolle Wahl f\u00fcr Ihr Zuhause und unseren Planeten.u00a0<strong>Gemeinsam bauen wir eine nachhaltigere Zukunft<\/strong><\/p>\t\t\t\t\t\t\t\t<\/div>\n\t\t\t\t<\/div>\n\t\t\t\t\t<\/div>\n\t\t\t\t<\/div>\n\t\t<div class=\"elementor-element elementor-element-6f41945 e-con-full e-flex e-con e-parent\" data-id=\"6f41945\" data-element_type=\"container\" data-e-type=\"container\" id=\"registrera\">\n\t\t<div class=\"elementor-element elementor-element-0b6ec05 e-flex e-con-boxed e-con e-child\" data-id=\"0b6ec05\" data-element_type=\"container\" data-e-type=\"container\">\n\t\t\t\t\t<div class=\"e-con-inner\">\n\t\t\t\t<div class=\"elementor-element elementor-element-46bbea4 elementor-widget elementor-widget-heading\" data-id=\"46bbea4\" data-element_type=\"widget\" data-e-type=\"widget\" data-widget_type=\"heading.default\">\n\t\t\t\t<div class=\"elementor-widget-container\">\n\t\t\t\t\t<h2 class=\"elementor-heading-title elementor-size-default\">Registrieren Sie Ihren Besuch<\/h2>\t\t\t\t<\/div>\n\t\t\t\t<\/div>\n\t\t\t\t<div class=\"elementor-element elementor-element-5996502 elementor-widget__width-initial elementor-widget elementor-widget-text-editor\" data-id=\"5996502\" data-element_type=\"widget\" data-e-type=\"widget\" data-widget_type=\"text-editor.default\">\n\t\t\t\t<div class=\"elementor-widget-container\">\n\t\t\t\t\t\t\t\t\t<p>Wenn Sie Systrarna Axelsson besucht haben, registrieren Sie Ihren Besuch unten.\u00a0<\/p>\t\t\t\t\t\t\t\t<\/div>\n\t\t\t\t<\/div>\n\t\t\t\t<div class=\"elementor-element elementor-element-020cd43 elementor-button-align-end elementor-widget elementor-widget-form\" data-id=\"020cd43\" data-element_type=\"widget\" data-e-type=\"widget\" data-settings=\"{&quot;step_next_label&quot;:&quot;Next&quot;,&quot;step_previous_label&quot;:&quot;Previous&quot;,&quot;button_width&quot;:&quot;100&quot;,&quot;step_type&quot;:&quot;number_text&quot;,&quot;step_icon_shape&quot;:&quot;circle&quot;}\" data-widget_type=\"form.default\">\n\t\t\t\t<div class=\"elementor-widget-container\">\n\t\t\t\t\t\t\t<form class=\"elementor-form\" method=\"post\" name=\"New Form\" aria-label=\"New Form\">\n\t\t\t<input type=\"hidden\" name=\"post_id\" value=\"155384\"\/>\n\t\t\t<input type=\"hidden\" name=\"form_id\" value=\"020cd43\"\/>\n\t\t\t<input type=\"hidden\" name=\"referer_title\" value=\"Systrarna Axelsson x Sn\u00eak | Sn\u00eak\" \/>\n\n\t\t\t\t\t\t\t<input type=\"hidden\" name=\"queried_id\" value=\"155384\"\/>\n\t\t\t\n\t\t\t<div class=\"elementor-form-fields-wrapper elementor-labels-above\">\n\t\t\t\t\t\t\t\t<div class=\"elementor-field-type-text elementor-field-group elementor-column elementor-field-group-name elementor-col-100\">\n\t\t\t\t\t\t\t\t\t\t\t\t<label for=\"form-field-name\" class=\"elementor-field-label\">\n\t\t\t\t\t\t\t\tName\t\t\t\t\t\t\t<\/label>\n\t\t\t\t\t\t\t\t\t\t\t\t\t\t<input size=\"1\" type=\"text\" name=\"form_fields[name]\" id=\"form-field-name\" class=\"elementor-field elementor-size-sm  elementor-field-textual\" placeholder=\"Ditt namn\">\n\t\t\t\t\t\t\t\t\t\t\t<\/div>\n\t\t\t\t\t\t\t\t<div class=\"elementor-field-type-email elementor-field-group elementor-column elementor-field-group-email elementor-col-100 elementor-field-required\">\n\t\t\t\t\t\t\t\t\t\t\t\t<label for=\"form-field-email\" class=\"elementor-field-label\">\n\t\t\t\t\t\t\t\tEpost\t\t\t\t\t\t\t<\/label>\n\t\t\t\t\t\t\t\t\t\t\t\t\t\t<input size=\"1\" type=\"email\" name=\"form_fields[email]\" id=\"form-field-email\" class=\"elementor-field elementor-size-sm  elementor-field-textual\" placeholder=\"Din epost\" required=\"required\">\n\t\t\t\t\t\t\t\t\t\t\t<\/div>\n\t\t\t\t\t\t\t\t<div class=\"elementor-field-type-tel elementor-field-group elementor-column elementor-field-group-phone elementor-col-100\">\n\t\t\t\t\t\t\t\t\t\t\t\t<label for=\"form-field-phone\" class=\"elementor-field-label\">\n\t\t\t\t\t\t\t\tTelefon\t\t\t\t\t\t\t<\/label>\n\t\t\t\t\t\t\t\t<input size=\"1\" type=\"tel\" name=\"form_fields[phone]\" id=\"form-field-phone\" class=\"elementor-field elementor-size-sm  elementor-field-textual\" placeholder=\"Ditt telefonnummer\" pattern=\"[0-9()#&amp;+*-=.]+\" title=\"Only numbers and phone characters (#, -, *, etc) are accepted.\">\n\n\t\t\t\t\t\t<\/div>\n\t\t\t\t\t\t\t\t<div class=\"elementor-field-type-textarea elementor-field-group elementor-column elementor-field-group-message elementor-col-100\">\n\t\t\t\t\t\t\t\t\t\t\t\t<label for=\"form-field-message\" class=\"elementor-field-label\">\n\t\t\t\t\t\t\t\tMeddelande\t\t\t\t\t\t\t<\/label>\n\t\t\t\t\t\t<textarea class=\"elementor-field-textual elementor-field  elementor-size-sm\" name=\"form_fields[message]\" id=\"form-field-message\" rows=\"4\" placeholder=\"Vad vill du ha hj\u00e4lp med?\"><\/textarea>\t\t\t\t<\/div>\n\t\t\t\t\t\t\t\t<div class=\"elementor-field-group elementor-column elementor-field-type-submit elementor-col-100 e-form__buttons\">\n\t\t\t\t\t<button class=\"elementor-button elementor-size-sm\" type=\"submit\">\n\t\t\t\t\t\t<span class=\"elementor-button-content-wrapper\">\n\t\t\t\t\t\t\t\t\t\t\t\t\t\t\t\t\t\t\t\t\t\t<span class=\"elementor-button-text\">Skicka meddelande<\/span>\n\t\t\t\t\t\t\t\t\t\t\t\t\t<\/span>\n\t\t\t\t\t<\/button>\n\t\t\t\t<\/div>\n\t\t\t<\/div>\n\t\t<\/form>\n\t\t\t\t\t\t<\/div>\n\t\t\t\t<\/div>\n\t\t\t\t<div class=\"elementor-element elementor-element-9b89b98 elementor-widget elementor-widget-html\" data-id=\"9b89b98\" data-element_type=\"widget\" data-e-type=\"widget\" data-widget_type=\"html.default\">\n\t\t\t\t<div class=\"elementor-widget-container\">\n\t\t\t\t\t<button type=\"button\" style=\"font-size:16px;\"class=\"bracket-button\">Skicka meddelande<\/button>nn<script>n  document.addEventListener('DOMContentLoaded', function () {n    const customBtn = document.querySelector('.bracket-button');n    const realBtn = document.querySelector('.elementor-field-type-submit button');nn    if (customBtn && realBtn) {n      customBtn.addEventListener('click', function () {n        realBtn.click();n      });n    }n  });n<\/script>\t\t\t\t<\/div>\n\t\t\t\t<\/div>\n\t\t\t\t\t<\/div>\n\t\t\t\t<\/div>\n\t\t\t\t<\/div>\n\t\t\t\t<\/div>\n\t\t","protected":false},"excerpt":{"rendered":"<p>Sn\u00eak + Systrarna Axelsson Nachhaltiges Holz aus W\u00e4ldern, die weiterwachsen d\u00fcrfen Wir bieten K\u00fcchen mit Holzrohstoffen, die ein Zertifikat f\u00fcr kahlschlagfreie Forstwirtschaft besitzen, was bedeutet, dass unsere Produkte aus einer Forstwirtschaft stammen, die sowohl nachhaltig ist als auch die biologische Vielfalt f\u00f6rdert. Nachhaltigkeit &amp; ansvar K\u00fcchen mit nachhaltigem Holz: Alle unsere K\u00fcchen und Einrichtungen werden [&hellip;]<\/p>\n","protected":false},"author":0,"featured_media":0,"parent":0,"menu_order":0,"comment_status":"closed","ping_status":"closed","template":"elementor_canvas","meta":{"_acf_changed":false,"footnotes":""},"class_list":["post-155384","page","type-page","status-publish","hentry"],"acf":[],"yoast_head":"<!-- This site is optimized with the Yoast SEO plugin v27.2 - https:\/\/yoast.com\/product\/yoast-seo-wordpress\/ -->\n<title>Systrarna Axelsson x Sn\u00eak | Sn\u00eak<\/title>\n<meta name=\"description\" content=\"Samarbete mellan Sn\u00eak och Systrarna Axelsson. H\u00e5llbart tr\u00e4, certifierat skogsbruk och k\u00f6k med ansvar.\" \/>\n<meta name=\"robots\" content=\"index, follow, max-snippet:-1, max-image-preview:large, max-video-preview:-1\" \/>\n<link rel=\"canonical\" href=\"https:\/\/www.snek.se\/de\/systrarna-axelsson-x-snek-2\/\" \/>\n<meta property=\"og:locale\" content=\"de_DE\" \/>\n<meta property=\"og:type\" content=\"article\" \/>\n<meta property=\"og:title\" content=\"Systrarna Axelsson x Sn\u00eak | Sn\u00eak\" \/>\n<meta property=\"og:description\" content=\"Samarbete mellan Sn\u00eak och Systrarna Axelsson. H\u00e5llbart tr\u00e4, certifierat skogsbruk och k\u00f6k med ansvar.\" \/>\n<meta property=\"og:url\" content=\"https:\/\/www.snek.se\/de\/systrarna-axelsson-x-snek-2\/\" \/>\n<meta property=\"og:site_name\" content=\"Sn\u00eak\" \/>\n<meta property=\"article:publisher\" content=\"https:\/\/www.facebook.com\/snekkitchens\/\" \/>\n<meta property=\"article:modified_time\" content=\"2026-04-08T22:08:17+00:00\" \/>\n<meta property=\"og:image\" content=\"https:\/\/www.snek.se\/wp-content\/uploads\/2025\/07\/Plockhugget-logga-vit-1024x494-1.png\" \/>\n\t<meta property=\"og:image:width\" content=\"1024\" \/>\n\t<meta property=\"og:image:height\" content=\"494\" \/>\n\t<meta property=\"og:image:type\" content=\"image\/png\" \/>\n<meta name=\"twitter:card\" content=\"summary_large_image\" \/>\n<meta name=\"twitter:label1\" content=\"Est. reading time\" \/>\n\t<meta name=\"twitter:data1\" content=\"2 minutes\" \/>\n<script type=\"application\/ld+json\" class=\"yoast-schema-graph\">{\"@context\":\"https:\/\/schema.org\",\"@graph\":[{\"@type\":\"WebPage\",\"@id\":\"https:\/\/www.snek.se\/de\/systrarna-axelsson-x-snek-2\/\",\"url\":\"https:\/\/www.snek.se\/de\/systrarna-axelsson-x-snek-2\/\",\"name\":\"Systrarna Axelsson x Sn\u00eak | Sn\u00eak\",\"isPartOf\":{\"@id\":\"https:\/\/www.snek.se\/de\/#website\"},\"primaryImageOfPage\":{\"@id\":\"https:\/\/www.snek.se\/de\/systrarna-axelsson-x-snek-2\/#primaryimage\"},\"image\":{\"@id\":\"https:\/\/www.snek.se\/de\/systrarna-axelsson-x-snek-2\/#primaryimage\"},\"thumbnailUrl\":\"https:\/\/www.snek.se\/wp-content\/uploads\/2025\/07\/Plockhugget-logga-vit-1024x494-1.png\",\"datePublished\":\"2026-04-08T17:16:41+00:00\",\"dateModified\":\"2026-04-08T22:08:17+00:00\",\"description\":\"Samarbete mellan Sn\u00eak och Systrarna Axelsson. H\u00e5llbart tr\u00e4, certifierat skogsbruk och k\u00f6k med ansvar.\",\"breadcrumb\":{\"@id\":\"https:\/\/www.snek.se\/de\/systrarna-axelsson-x-snek-2\/#breadcrumb\"},\"inLanguage\":\"de-DE\",\"potentialAction\":[{\"@type\":\"ReadAction\",\"target\":[\"https:\/\/www.snek.se\/de\/systrarna-axelsson-x-snek-2\/\"]}]},{\"@type\":\"ImageObject\",\"inLanguage\":\"de-DE\",\"@id\":\"https:\/\/www.snek.se\/de\/systrarna-axelsson-x-snek-2\/#primaryimage\",\"url\":\"https:\/\/www.snek.se\/wp-content\/uploads\/2025\/07\/Plockhugget-logga-vit-1024x494-1.png\",\"contentUrl\":\"https:\/\/www.snek.se\/wp-content\/uploads\/2025\/07\/Plockhugget-logga-vit-1024x494-1.png\"},{\"@type\":\"BreadcrumbList\",\"@id\":\"https:\/\/www.snek.se\/de\/systrarna-axelsson-x-snek-2\/#breadcrumb\",\"itemListElement\":[{\"@type\":\"ListItem\",\"position\":1,\"name\":\"Hem\",\"item\":\"https:\/\/www.snek.se\/de\/\"},{\"@type\":\"ListItem\",\"position\":2,\"name\":\"Systrarna Axelsson x Sn\u00eak\"}]},{\"@type\":\"WebSite\",\"@id\":\"https:\/\/www.snek.se\/de\/#website\",\"url\":\"https:\/\/www.snek.se\/de\/\",\"name\":\"Sn\u00eak\",\"description\":\"Handgefertigte K\u00fcchen aus Norrbotten\",\"publisher\":{\"@id\":\"https:\/\/www.snek.se\/de\/#organization\"},\"potentialAction\":[{\"@type\":\"SearchAction\",\"target\":{\"@type\":\"EntryPoint\",\"urlTemplate\":\"https:\/\/www.snek.se\/de\/?s={search_term_string}\"},\"query-input\":{\"@type\":\"PropertyValueSpecification\",\"valueRequired\":true,\"valueName\":\"search_term_string\"}}],\"inLanguage\":\"de-DE\"},{\"@type\":\"Organization\",\"@id\":\"https:\/\/www.snek.se\/de\/#organization\",\"name\":\"Sn\u00eak\",\"url\":\"https:\/\/www.snek.se\/de\/\",\"logo\":{\"@type\":\"ImageObject\",\"inLanguage\":\"de-DE\",\"@id\":\"https:\/\/www.snek.se\/de\/#\/schema\/logo\/image\/\",\"url\":\"https:\/\/www.snek.se\/wp-content\/uploads\/2026\/01\/snek-logotyp-insta-scaled.jpg\",\"contentUrl\":\"https:\/\/www.snek.se\/wp-content\/uploads\/2026\/01\/snek-logotyp-insta-scaled.jpg\",\"width\":2560,\"height\":2560,\"caption\":\"Sn\u00eak\"},\"image\":{\"@id\":\"https:\/\/www.snek.se\/de\/#\/schema\/logo\/image\/\"},\"sameAs\":[\"https:\/\/www.facebook.com\/snekkitchens\/\",\"https:\/\/www.instagram.com\/snek.kok\/\",\"https:\/\/www.linkedin.com\/company\/snek-kok\/\",\"https:\/\/se.pinterest.com\/SnekKitchens\/\",\"https:\/\/www.youtube.com\/channel\/UCT9DWn-4DMpKHHqbRXV4bZQ\/\"]}]}<\/script>\n<!-- \/ Yoast SEO plugin. -->","yoast_head_json":{"title":"Systrarna Axelsson x Sn\u00eak | Sn\u00eak","description":"Samarbete mellan Sn\u00eak och Systrarna Axelsson. H\u00e5llbart tr\u00e4, certifierat skogsbruk och k\u00f6k med ansvar.","robots":{"index":"index","follow":"follow","max-snippet":"max-snippet:-1","max-image-preview":"max-image-preview:large","max-video-preview":"max-video-preview:-1"},"canonical":"https:\/\/www.snek.se\/de\/systrarna-axelsson-x-snek-2\/","og_locale":"de_DE","og_type":"article","og_title":"Systrarna Axelsson x Sn\u00eak | Sn\u00eak","og_description":"Samarbete mellan Sn\u00eak och Systrarna Axelsson. H\u00e5llbart tr\u00e4, certifierat skogsbruk och k\u00f6k med ansvar.","og_url":"https:\/\/www.snek.se\/de\/systrarna-axelsson-x-snek-2\/","og_site_name":"Sn\u00eak","article_publisher":"https:\/\/www.facebook.com\/snekkitchens\/","article_modified_time":"2026-04-08T22:08:17+00:00","og_image":[{"width":1024,"height":494,"url":"https:\/\/www.snek.se\/wp-content\/uploads\/2025\/07\/Plockhugget-logga-vit-1024x494-1.png","type":"image\/png"}],"twitter_card":"summary_large_image","twitter_misc":{"Est. reading time":"2 minutes"},"schema":{"@context":"https:\/\/schema.org","@graph":[{"@type":"WebPage","@id":"https:\/\/www.snek.se\/de\/systrarna-axelsson-x-snek-2\/","url":"https:\/\/www.snek.se\/de\/systrarna-axelsson-x-snek-2\/","name":"Systrarna Axelsson x Sn\u00eak | Sn\u00eak","isPartOf":{"@id":"https:\/\/www.snek.se\/de\/#website"},"primaryImageOfPage":{"@id":"https:\/\/www.snek.se\/de\/systrarna-axelsson-x-snek-2\/#primaryimage"},"image":{"@id":"https:\/\/www.snek.se\/de\/systrarna-axelsson-x-snek-2\/#primaryimage"},"thumbnailUrl":"https:\/\/www.snek.se\/wp-content\/uploads\/2025\/07\/Plockhugget-logga-vit-1024x494-1.png","datePublished":"2026-04-08T17:16:41+00:00","dateModified":"2026-04-08T22:08:17+00:00","description":"Samarbete mellan Sn\u00eak och Systrarna Axelsson. H\u00e5llbart tr\u00e4, certifierat skogsbruk och k\u00f6k med ansvar.","breadcrumb":{"@id":"https:\/\/www.snek.se\/de\/systrarna-axelsson-x-snek-2\/#breadcrumb"},"inLanguage":"de-DE","potentialAction":[{"@type":"ReadAction","target":["https:\/\/www.snek.se\/de\/systrarna-axelsson-x-snek-2\/"]}]},{"@type":"ImageObject","inLanguage":"de-DE","@id":"https:\/\/www.snek.se\/de\/systrarna-axelsson-x-snek-2\/#primaryimage","url":"https:\/\/www.snek.se\/wp-content\/uploads\/2025\/07\/Plockhugget-logga-vit-1024x494-1.png","contentUrl":"https:\/\/www.snek.se\/wp-content\/uploads\/2025\/07\/Plockhugget-logga-vit-1024x494-1.png"},{"@type":"BreadcrumbList","@id":"https:\/\/www.snek.se\/de\/systrarna-axelsson-x-snek-2\/#breadcrumb","itemListElement":[{"@type":"ListItem","position":1,"name":"Hem","item":"https:\/\/www.snek.se\/de\/"},{"@type":"ListItem","position":2,"name":"Systrarna Axelsson x Sn\u00eak"}]},{"@type":"WebSite","@id":"https:\/\/www.snek.se\/de\/#website","url":"https:\/\/www.snek.se\/de\/","name":"Sn\u00eak","description":"Handgefertigte K\u00fcchen aus Norrbotten","publisher":{"@id":"https:\/\/www.snek.se\/de\/#organization"},"potentialAction":[{"@type":"SearchAction","target":{"@type":"EntryPoint","urlTemplate":"https:\/\/www.snek.se\/de\/?s={search_term_string}"},"query-input":{"@type":"PropertyValueSpecification","valueRequired":true,"valueName":"search_term_string"}}],"inLanguage":"de-DE"},{"@type":"Organization","@id":"https:\/\/www.snek.se\/de\/#organization","name":"Sn\u00eak","url":"https:\/\/www.snek.se\/de\/","logo":{"@type":"ImageObject","inLanguage":"de-DE","@id":"https:\/\/www.snek.se\/de\/#\/schema\/logo\/image\/","url":"https:\/\/www.snek.se\/wp-content\/uploads\/2026\/01\/snek-logotyp-insta-scaled.jpg","contentUrl":"https:\/\/www.snek.se\/wp-content\/uploads\/2026\/01\/snek-logotyp-insta-scaled.jpg","width":2560,"height":2560,"caption":"Sn\u00eak"},"image":{"@id":"https:\/\/www.snek.se\/de\/#\/schema\/logo\/image\/"},"sameAs":["https:\/\/www.facebook.com\/snekkitchens\/","https:\/\/www.instagram.com\/snek.kok\/","https:\/\/www.linkedin.com\/company\/snek-kok\/","https:\/\/se.pinterest.com\/SnekKitchens\/","https:\/\/www.youtube.com\/channel\/UCT9DWn-4DMpKHHqbRXV4bZQ\/"]}]}},"_links":{"self":[{"href":"https:\/\/www.snek.se\/de\/wp-json\/wp\/v2\/pages\/155384","targetHints":{"allow":["GET"]}}],"collection":[{"href":"https:\/\/www.snek.se\/de\/wp-json\/wp\/v2\/pages"}],"about":[{"href":"https:\/\/www.snek.se\/de\/wp-json\/wp\/v2\/types\/page"}],"replies":[{"embeddable":true,"href":"https:\/\/www.snek.se\/de\/wp-json\/wp\/v2\/comments?post=155384"}],"version-history":[{"count":2,"href":"https:\/\/www.snek.se\/de\/wp-json\/wp\/v2\/pages\/155384\/revisions"}],"predecessor-version":[{"id":155937,"href":"https:\/\/www.snek.se\/de\/wp-json\/wp\/v2\/pages\/155384\/revisions\/155937"}],"wp:attachment":[{"href":"https:\/\/www.snek.se\/de\/wp-json\/wp\/v2\/media?parent=155384"}],"curies":[{"name":"wp","href":"https:\/\/api.w.org\/{rel}","templated":true}]}}