{"id":155368,"date":"2026-04-08T19:16:40","date_gmt":"2026-04-08T17:16:40","guid":{"rendered":"https:\/\/www.snek.se\/endabstimmung\/"},"modified":"2026-04-09T00:08:14","modified_gmt":"2026-04-08T22:08:14","slug":"endabstimmung","status":"publish","type":"page","link":"https:\/\/www.snek.se\/de\/endabstimmung\/","title":{"rendered":"Endabstimmung"},"content":{"rendered":"\t\t<div data-elementor-type=\"wp-page\" data-elementor-id=\"155368\" class=\"elementor elementor-155368 elementor-25691\" data-elementor-post-type=\"page\">\n\t\t\t\t<div class=\"elementor-element elementor-element-4ed6cd2 e-flex e-con-boxed e-con e-parent\" data-id=\"4ed6cd2\" data-element_type=\"container\" data-e-type=\"container\">\n\t\t\t\t\t<div class=\"e-con-inner\">\n\t\t\t\t<div class=\"elementor-element elementor-element-df444a8 elementor-widget elementor-widget-heading\" data-id=\"df444a8\" data-element_type=\"widget\" data-e-type=\"widget\" data-widget_type=\"heading.default\">\n\t\t\t\t<div class=\"elementor-widget-container\">\n\t\t\t\t\t<h2 class=\"elementor-heading-title elementor-size-default\">Endabstimmung<\/h2>\t\t\t\t<\/div>\n\t\t\t\t<\/div>\n\t\t\t\t<div class=\"elementor-element elementor-element-692e2ff elementor-widget__width-initial elementor-widget elementor-widget-text-editor\" data-id=\"692e2ff\" data-element_type=\"widget\" data-e-type=\"widget\" data-widget_type=\"text-editor.default\">\n\t\t\t\t<div class=\"elementor-widget-container\">\n\t\t\t\t\t\t\t\t\t<div class=\"vc_custom_heading_wrap \"><div class=\"heading-text el-text\">F\u00fcr Sie, die bereits eine Bestellung aufgegeben und ein Lieferdatum erhalten haben.<\/div><\/div>\t\t\t\t\t\t\t\t<\/div>\n\t\t\t\t<\/div>\n\t\t\t\t\t<\/div>\n\t\t\t\t<\/div>\n\t\t<div class=\"elementor-element elementor-element-7f684f2 e-con-full e-flex e-con e-parent\" data-id=\"7f684f2\" data-element_type=\"container\" data-e-type=\"container\">\n\t\t<div class=\"elementor-element elementor-element-340c2158 e-con-full e-flex e-con e-child\" data-id=\"340c2158\" data-element_type=\"container\" data-e-type=\"container\" data-settings=\"{&quot;background_background&quot;:&quot;classic&quot;}\">\n\t\t\t\t<div class=\"elementor-element elementor-element-691f1518 elementor-widget elementor-widget-heading\" data-id=\"691f1518\" data-element_type=\"widget\" data-e-type=\"widget\" data-widget_type=\"heading.default\">\n\t\t\t\t<div class=\"elementor-widget-container\">\n\t\t\t\t\t<h2 class=\"elementor-heading-title elementor-size-default\">Treffen vor Produktionsstart<\/h2>\t\t\t\t<\/div>\n\t\t\t\t<\/div>\n\t\t\t\t<div class=\"elementor-element elementor-element-dbaba3d elementor-widget elementor-widget-text-editor\" data-id=\"dbaba3d\" data-element_type=\"widget\" data-e-type=\"widget\" data-widget_type=\"text-editor.default\">\n\t\t\t\t<div class=\"elementor-widget-container\">\n\t\t\t\t\t\t\t\t\t<p>Diese Abstimmung wird immer durchgef\u00fchrt, bevor wir mit der Produktion Ihrer K\u00fcche beginnen. Die Abstimmung sollte 6-8 Wochen vor der Lieferung Ihrer K\u00fcche erfolgen. Buchen Sie diese daher rechtzeitig ein, damit wir eine passende Zeit finden. Bei der Abstimmung gehen wir Ihr K\u00fcchendesign durch und pr\u00fcfen, ob alles stimmt. Wenn wir Verbesserungsm\u00f6glichkeiten sehen, werden wir diese vorschlagen.<\/p><p>F\u00fcr ein Endabstimmungstreffen ben\u00f6tigen wir die endg\u00fcltigen Raumma\u00dfe. Wir ben\u00f6tigen die L\u00e4nge, Breite und H\u00f6he des Raumes. Wir m\u00fcssen auch die Platzierung von Wand\u00f6ffnungen, T\u00fcren, Fenstern und Innenw\u00e4nden kennen.<\/p><p>Wir ben\u00f6tigen eine Liste Ihrer geplanten Elektroger\u00e4te (Marke &amp; Modell).<\/p><p>W\u00e4hrend des Treffens besprechen wir die Deckenanschl\u00fcsse und Sie k\u00f6nnen auch \u00c4nderungen an Ihrem Design vornehmen.<\/p><p>Wir ben\u00f6tigen eine (1) Stunde f\u00fcr diese Abstimmung. Buchen Sie die Abstimmung hier; sie wird als Webmeeting \u00fcber Google Meet durchgef\u00fchrt.<\/p>\t\t\t\t\t\t\t\t<\/div>\n\t\t\t\t<\/div>\n\t\t\t\t<\/div>\n\t\t<div class=\"elementor-element elementor-element-55673000 e-con-full elementor-hidden-mobile e-flex e-con e-child\" data-id=\"55673000\" data-element_type=\"container\" data-e-type=\"container\" data-settings=\"{&quot;background_background&quot;:&quot;classic&quot;}\">\n\t\t\t\t<div class=\"elementor-element elementor-element-3ea37515 elementor-widget elementor-widget-spacer\" data-id=\"3ea37515\" data-element_type=\"widget\" data-e-type=\"widget\" data-widget_type=\"spacer.default\">\n\t\t\t\t<div class=\"elementor-widget-container\">\n\t\t\t\t\t\t\t<div class=\"elementor-spacer\">\n\t\t\t<div class=\"elementor-spacer-inner\"><\/div>\n\t\t<\/div>\n\t\t\t\t\t\t<\/div>\n\t\t\t\t<\/div>\n\t\t\t\t<\/div>\n\t\t\t\t<\/div>\n\t\t<div class=\"elementor-element elementor-element-9b077e1 e-con-full e-flex e-con e-parent\" data-id=\"9b077e1\" data-element_type=\"container\" data-e-type=\"container\">\n\t\t<div class=\"elementor-element elementor-element-edbe9f1 e-flex e-con-boxed e-con e-child\" data-id=\"edbe9f1\" data-element_type=\"container\" data-e-type=\"container\">\n\t\t\t\t\t<div class=\"e-con-inner\">\n\t\t\t\t<div class=\"elementor-element elementor-element-913c1bc elementor-widget elementor-widget-heading\" data-id=\"913c1bc\" data-element_type=\"widget\" data-e-type=\"widget\" data-widget_type=\"heading.default\">\n\t\t\t\t<div class=\"elementor-widget-container\">\n\t\t\t\t\t<h2 class=\"elementor-heading-title elementor-size-default\">Endabstimmung buchen<\/h2>\t\t\t\t<\/div>\n\t\t\t\t<\/div>\n\t\t\t\t<div class=\"elementor-element elementor-element-2455697 elementor-widget elementor-widget-text-editor\" data-id=\"2455697\" data-element_type=\"widget\" data-e-type=\"widget\" data-widget_type=\"text-editor.default\">\n\t\t\t\t<div class=\"elementor-widget-container\">\n\t\t\t\t\t\t\t\t\t<iframe src=\"https:\/\/www.snek.se\/de\/wp-json\/ssa\/v1\/embed-inner?integration&#038;type=slutavstamning&#038;label&#038;types=2&#038;edit&#038;view&#038;payment_provider&#038;ssa_locale=de_DE&#038;ssa_is_rtl&#038;sid=8ccf630a1c4487add841ca7e9372a8d39a31a1f0&#038;availability_start_date&#038;availability_end_date&#038;suggest_first_available&#038;suggest_first_available_within_minutes&#038;flow&#038;fallback_flow&#038;time_view&#038;date_view&#038;appointment_types_view&#038;version&#038;accent_color&#038;background&#038;padding&#038;font&#038;booking_url=https%3A%2F%2Fwww.snek.se%2Fde%2Fendabstimmung%2F&#038;booking_post_id=155368&#038;booking_title=Endabstimmung&#038;_wpnonce=0a81498dc6&#038;redirect_post_id&#038;mepr_membership_id#\/\" height=\"400px\" width=\"100%\" name=\"ssa_booking\" loading=\"eager\" frameborder=\"0\" data-skip-lazy=\"1\" class=\"ssa_booking_iframe skip-lazy\" title=\"Book a time\"><\/iframe>\t\t\t\t\t\t\t\t<\/div>\n\t\t\t\t<\/div>\n\t\t\t\t\t<\/div>\n\t\t\t\t<\/div>\n\t\t\t\t<\/div>\n\t\t\t\t<\/div>\n\t\t","protected":false},"excerpt":{"rendered":"<p>Endabstimmung F\u00fcr Sie, die bereits eine Bestellung aufgegeben und ein Lieferdatum erhalten haben. Treffen vor Produktionsbeginn Diese Abstimmung wird immer durchgef\u00fchrt, bevor wir mit der Produktion Ihrer K\u00fcche beginnen. Die Abstimmung sollte 6-8 Wochen vor der Lieferung Ihrer K\u00fcche erfolgen. Buchen Sie diese daher rechtzeitig ein, damit wir eine passende Zeit finden. Bei der Abstimmung [&hellip;]<\/p>\n","protected":false},"author":0,"featured_media":0,"parent":0,"menu_order":0,"comment_status":"closed","ping_status":"closed","template":"elementor_canvas","meta":{"_acf_changed":false,"footnotes":""},"class_list":["post-155368","page","type-page","status-publish","hentry"],"acf":[],"yoast_head":"<!-- This site is optimized with the Yoast SEO plugin v27.2 - https:\/\/yoast.com\/product\/yoast-seo-wordpress\/ -->\n<title>Endabstimmung | Sn\u00eak<\/title>\n<meta name=\"description\" content=\"Boka slutavst\u00e4mning inf\u00f6r produktionsstart av ditt k\u00f6k. Sista m\u00f6jligheten att justera detaljer.\" \/>\n<meta name=\"robots\" content=\"index, follow, max-snippet:-1, max-image-preview:large, max-video-preview:-1\" \/>\n<link rel=\"canonical\" href=\"https:\/\/www.snek.se\/de\/endabstimmung\/\" \/>\n<meta property=\"og:locale\" content=\"de_DE\" \/>\n<meta property=\"og:type\" content=\"article\" \/>\n<meta property=\"og:title\" content=\"Endabstimmung | Sn\u00eak\" \/>\n<meta property=\"og:description\" content=\"Boka slutavst\u00e4mning inf\u00f6r produktionsstart av ditt k\u00f6k. Sista m\u00f6jligheten att justera detaljer.\" \/>\n<meta property=\"og:url\" content=\"https:\/\/www.snek.se\/de\/endabstimmung\/\" \/>\n<meta property=\"og:site_name\" content=\"Sn\u00eak\" \/>\n<meta property=\"article:publisher\" content=\"https:\/\/www.facebook.com\/snekkitchens\/\" \/>\n<meta property=\"article:modified_time\" content=\"2026-04-08T22:08:14+00:00\" \/>\n<meta name=\"twitter:card\" content=\"summary_large_image\" \/>\n<meta name=\"twitter:label1\" content=\"Est. reading time\" \/>\n\t<meta name=\"twitter:data1\" content=\"1 minute\" \/>\n<script type=\"application\/ld+json\" class=\"yoast-schema-graph\">{\"@context\":\"https:\/\/schema.org\",\"@graph\":[{\"@type\":\"WebPage\",\"@id\":\"https:\/\/www.snek.se\/de\/endabstimmung\/\",\"url\":\"https:\/\/www.snek.se\/de\/endabstimmung\/\",\"name\":\"Endabstimmung | Sn\u00eak\",\"isPartOf\":{\"@id\":\"https:\/\/www.snek.se\/de\/#website\"},\"datePublished\":\"2026-04-08T17:16:40+00:00\",\"dateModified\":\"2026-04-08T22:08:14+00:00\",\"description\":\"Boka slutavst\u00e4mning inf\u00f6r produktionsstart av ditt k\u00f6k. Sista m\u00f6jligheten att justera detaljer.\",\"breadcrumb\":{\"@id\":\"https:\/\/www.snek.se\/de\/endabstimmung\/#breadcrumb\"},\"inLanguage\":\"de-DE\",\"potentialAction\":[{\"@type\":\"ReadAction\",\"target\":[\"https:\/\/www.snek.se\/de\/endabstimmung\/\"]}]},{\"@type\":\"BreadcrumbList\",\"@id\":\"https:\/\/www.snek.se\/de\/endabstimmung\/#breadcrumb\",\"itemListElement\":[{\"@type\":\"ListItem\",\"position\":1,\"name\":\"Hem\",\"item\":\"https:\/\/www.snek.se\/de\/\"},{\"@type\":\"ListItem\",\"position\":2,\"name\":\"Endabstimmung\"}]},{\"@type\":\"WebSite\",\"@id\":\"https:\/\/www.snek.se\/de\/#website\",\"url\":\"https:\/\/www.snek.se\/de\/\",\"name\":\"Sn\u00eak\",\"description\":\"Snickrade k\u00f6k fr\u00e5n Norrbotten\",\"publisher\":{\"@id\":\"https:\/\/www.snek.se\/de\/#organization\"},\"potentialAction\":[{\"@type\":\"SearchAction\",\"target\":{\"@type\":\"EntryPoint\",\"urlTemplate\":\"https:\/\/www.snek.se\/de\/?s={search_term_string}\"},\"query-input\":{\"@type\":\"PropertyValueSpecification\",\"valueRequired\":true,\"valueName\":\"search_term_string\"}}],\"inLanguage\":\"de-DE\"},{\"@type\":\"Organization\",\"@id\":\"https:\/\/www.snek.se\/de\/#organization\",\"name\":\"Sn\u00eak\",\"url\":\"https:\/\/www.snek.se\/de\/\",\"logo\":{\"@type\":\"ImageObject\",\"inLanguage\":\"de-DE\",\"@id\":\"https:\/\/www.snek.se\/de\/#\/schema\/logo\/image\/\",\"url\":\"https:\/\/www.snek.se\/wp-content\/uploads\/2026\/01\/snek-logotyp-insta-scaled.jpg\",\"contentUrl\":\"https:\/\/www.snek.se\/wp-content\/uploads\/2026\/01\/snek-logotyp-insta-scaled.jpg\",\"width\":2560,\"height\":2560,\"caption\":\"Sn\u00eak\"},\"image\":{\"@id\":\"https:\/\/www.snek.se\/de\/#\/schema\/logo\/image\/\"},\"sameAs\":[\"https:\/\/www.facebook.com\/snekkitchens\/\",\"https:\/\/www.instagram.com\/snek.kok\/\",\"https:\/\/www.linkedin.com\/company\/snek-kok\/\",\"https:\/\/se.pinterest.com\/SnekKitchens\/\",\"https:\/\/www.youtube.com\/channel\/UCT9DWn-4DMpKHHqbRXV4bZQ\/\"]}]}<\/script>\n<!-- \/ Yoast SEO plugin. -->","yoast_head_json":{"title":"Endabstimmung | Sn\u00eak","description":"Boka slutavst\u00e4mning inf\u00f6r produktionsstart av ditt k\u00f6k. Sista m\u00f6jligheten att justera detaljer.","robots":{"index":"index","follow":"follow","max-snippet":"max-snippet:-1","max-image-preview":"max-image-preview:large","max-video-preview":"max-video-preview:-1"},"canonical":"https:\/\/www.snek.se\/de\/endabstimmung\/","og_locale":"de_DE","og_type":"article","og_title":"Endabstimmung | Sn\u00eak","og_description":"Boka slutavst\u00e4mning inf\u00f6r produktionsstart av ditt k\u00f6k. Sista m\u00f6jligheten att justera detaljer.","og_url":"https:\/\/www.snek.se\/de\/endabstimmung\/","og_site_name":"Sn\u00eak","article_publisher":"https:\/\/www.facebook.com\/snekkitchens\/","article_modified_time":"2026-04-08T22:08:14+00:00","twitter_card":"summary_large_image","twitter_misc":{"Est. reading time":"1 minute"},"schema":{"@context":"https:\/\/schema.org","@graph":[{"@type":"WebPage","@id":"https:\/\/www.snek.se\/de\/endabstimmung\/","url":"https:\/\/www.snek.se\/de\/endabstimmung\/","name":"Endabstimmung | Sn\u00eak","isPartOf":{"@id":"https:\/\/www.snek.se\/de\/#website"},"datePublished":"2026-04-08T17:16:40+00:00","dateModified":"2026-04-08T22:08:14+00:00","description":"Boka slutavst\u00e4mning inf\u00f6r produktionsstart av ditt k\u00f6k. Sista m\u00f6jligheten att justera detaljer.","breadcrumb":{"@id":"https:\/\/www.snek.se\/de\/endabstimmung\/#breadcrumb"},"inLanguage":"de-DE","potentialAction":[{"@type":"ReadAction","target":["https:\/\/www.snek.se\/de\/endabstimmung\/"]}]},{"@type":"BreadcrumbList","@id":"https:\/\/www.snek.se\/de\/endabstimmung\/#breadcrumb","itemListElement":[{"@type":"ListItem","position":1,"name":"Hem","item":"https:\/\/www.snek.se\/de\/"},{"@type":"ListItem","position":2,"name":"Endabstimmung"}]},{"@type":"WebSite","@id":"https:\/\/www.snek.se\/de\/#website","url":"https:\/\/www.snek.se\/de\/","name":"Sn\u00eak","description":"Snickrade k\u00f6k fr\u00e5n Norrbotten","publisher":{"@id":"https:\/\/www.snek.se\/de\/#organization"},"potentialAction":[{"@type":"SearchAction","target":{"@type":"EntryPoint","urlTemplate":"https:\/\/www.snek.se\/de\/?s={search_term_string}"},"query-input":{"@type":"PropertyValueSpecification","valueRequired":true,"valueName":"search_term_string"}}],"inLanguage":"de-DE"},{"@type":"Organization","@id":"https:\/\/www.snek.se\/de\/#organization","name":"Sn\u00eak","url":"https:\/\/www.snek.se\/de\/","logo":{"@type":"ImageObject","inLanguage":"de-DE","@id":"https:\/\/www.snek.se\/de\/#\/schema\/logo\/image\/","url":"https:\/\/www.snek.se\/wp-content\/uploads\/2026\/01\/snek-logotyp-insta-scaled.jpg","contentUrl":"https:\/\/www.snek.se\/wp-content\/uploads\/2026\/01\/snek-logotyp-insta-scaled.jpg","width":2560,"height":2560,"caption":"Sn\u00eak"},"image":{"@id":"https:\/\/www.snek.se\/de\/#\/schema\/logo\/image\/"},"sameAs":["https:\/\/www.facebook.com\/snekkitchens\/","https:\/\/www.instagram.com\/snek.kok\/","https:\/\/www.linkedin.com\/company\/snek-kok\/","https:\/\/se.pinterest.com\/SnekKitchens\/","https:\/\/www.youtube.com\/channel\/UCT9DWn-4DMpKHHqbRXV4bZQ\/"]}]}},"_links":{"self":[{"href":"https:\/\/www.snek.se\/de\/wp-json\/wp\/v2\/pages\/155368","targetHints":{"allow":["GET"]}}],"collection":[{"href":"https:\/\/www.snek.se\/de\/wp-json\/wp\/v2\/pages"}],"about":[{"href":"https:\/\/www.snek.se\/de\/wp-json\/wp\/v2\/types\/page"}],"replies":[{"embeddable":true,"href":"https:\/\/www.snek.se\/de\/wp-json\/wp\/v2\/comments?post=155368"}],"version-history":[{"count":2,"href":"https:\/\/www.snek.se\/de\/wp-json\/wp\/v2\/pages\/155368\/revisions"}],"predecessor-version":[{"id":155890,"href":"https:\/\/www.snek.se\/de\/wp-json\/wp\/v2\/pages\/155368\/revisions\/155890"}],"wp:attachment":[{"href":"https:\/\/www.snek.se\/de\/wp-json\/wp\/v2\/media?parent=155368"}],"curies":[{"name":"wp","href":"https:\/\/api.w.org\/{rel}","templated":true}]}}