{"id":155297,"date":"2026-04-08T19:16:00","date_gmt":"2026-04-08T17:16:00","guid":{"rendered":"https:\/\/www.snek.se\/plockhugget-2\/"},"modified":"2026-04-09T00:08:12","modified_gmt":"2026-04-08T22:08:12","slug":"plockhugget-2","status":"publish","type":"page","link":"https:\/\/www.snek.se\/de\/plockhugget-2\/","title":{"rendered":"Plockhugget"},"content":{"rendered":"\t\t<div data-elementor-type=\"wp-page\" data-elementor-id=\"155297\" class=\"elementor elementor-155297 elementor-142617\" data-elementor-post-type=\"page\">\n\t\t\t\t<div class=\"elementor-element elementor-element-5218d24f e-flex e-con-boxed e-con e-parent\" data-id=\"5218d24f\" data-element_type=\"container\" data-e-type=\"container\">\n\t\t\t\t\t<div class=\"e-con-inner\">\n\t\t\t\t<div class=\"elementor-element elementor-element-7cba224c elementor-widget elementor-widget-heading\" data-id=\"7cba224c\" data-element_type=\"widget\" data-e-type=\"widget\" data-widget_type=\"heading.default\">\n\t\t\t\t<div class=\"elementor-widget-container\">\n\t\t\t\t\t<h2 class=\"elementor-heading-title elementor-size-default\">nSn\u00eak + Plockhugget<\/h2>\t\t\t\t<\/div>\n\t\t\t\t<\/div>\n\t\t\t\t<div class=\"elementor-element elementor-element-7da8b68b elementor-widget__width-initial elementor-widget elementor-widget-text-editor\" data-id=\"7da8b68b\" data-element_type=\"widget\" data-e-type=\"widget\" data-widget_type=\"text-editor.default\">\n\t\t\t\t<div class=\"elementor-widget-container\">\n\t\t\t\t\t\t\t\t\t<p style=\"text-align: center;\">Nachhaltiges Holz aus W\u00e4ldern, die weiter wachsen d\u00fcrfen<\/p>\t\t\t\t\t\t\t\t<\/div>\n\t\t\t\t<\/div>\n\t\t\t\t<div class=\"elementor-element elementor-element-ff579f0 elementor-widget__width-initial elementor-widget elementor-widget-text-editor\" data-id=\"ff579f0\" data-element_type=\"widget\" data-e-type=\"widget\" data-widget_type=\"text-editor.default\">\n\t\t\t\t<div class=\"elementor-widget-container\">\n\t\t\t\t\t\t\t\t\t<p style=\"text-align: center;\">Wir bieten K\u00fcchen mit Holzrohstoffen, die ein Zertifikat f\u00fcr kahlschlagfreie Forstwirtschaft besitzen, was bedeutet, dass unsere Produkte aus einer Forstwirtschaft stammen, die sowohl nachhaltig ist als auch die biologische Vielfalt f\u00f6rdert.<\/p>\t\t\t\t\t\t\t\t<\/div>\n\t\t\t\t<\/div>\n\t\t\t\t\t<\/div>\n\t\t\t\t<\/div>\n\t\t<div class=\"elementor-element elementor-element-446c1062 e-con-full e-flex e-con e-parent\" data-id=\"446c1062\" data-element_type=\"container\" data-e-type=\"container\">\n\t\t<div class=\"elementor-element elementor-element-287fa4d8 e-con-full e-flex e-con e-child\" data-id=\"287fa4d8\" data-element_type=\"container\" data-e-type=\"container\" data-settings=\"{&quot;background_background&quot;:&quot;classic&quot;}\">\n\t\t\t\t<div class=\"elementor-element elementor-element-743be1a2 elementor-widget elementor-widget-heading\" data-id=\"743be1a2\" data-element_type=\"widget\" data-e-type=\"widget\" data-widget_type=\"heading.default\">\n\t\t\t\t<div class=\"elementor-widget-container\">\n\t\t\t\t\t<h2 class=\"elementor-heading-title elementor-size-default\">Nachhaltigkeit &amp; Verantwortung<\/h2>\t\t\t\t<\/div>\n\t\t\t\t<\/div>\n\t\t\t\t<div class=\"elementor-element elementor-element-7c5c161c elementor-widget elementor-widget-text-editor\" data-id=\"7c5c161c\" data-element_type=\"widget\" data-e-type=\"widget\" data-widget_type=\"text-editor.default\">\n\t\t\t\t<div class=\"elementor-widget-container\">\n\t\t\t\t\t\t\t\t\t<p class=\"\" data-start=\"682\" data-end=\"862\"><strong data-start=\"682\" data-end=\"709\">K\u00fcchen mit nachhaltigem Holz<\/strong>: Alle unsere K\u00fcchen und Einrichtungen werden aus Massivholz gefertigt, das aus einer Forstwirtschaft stammt, die die biologische Vielfalt f\u00f6rdert und CO\u2082-Emissionen minimiert.<\/p><p class=\"\" data-start=\"865\" data-end=\"1076\"><strong data-start=\"865\" data-end=\"881\">Zertifizierung<\/strong>: Durch unsere Zusammenarbeit mit Plockhugget garantieren wir, dass jede K\u00fcche Holzrohstoffe mit kahlschlagfreiem Zertifikat gem\u00e4\u00df dem Forstwirtschaftsstandard von Plockhugget enth\u00e4lt. Das bedeutet, dass B\u00e4ume in regelm\u00e4\u00dfigen Abst\u00e4nden aus dem Wald ausgew\u00e4hlt werden, einzeln oder in kleinen Gruppen, sodass der Wald als Ganzes kontinuierlich erhalten bleibt und sich weiterentwickeln kann.<\/p>\t\t\t\t\t\t\t\t<\/div>\n\t\t\t\t<\/div>\n\t\t\t\t<div class=\"elementor-element elementor-element-faee812 elementor-widget elementor-widget-image\" data-id=\"faee812\" data-element_type=\"widget\" data-e-type=\"widget\" data-widget_type=\"image.default\">\n\t\t\t\t<div class=\"elementor-widget-container\">\n\t\t\t\t\t\t\t\t\t\t\t\t\t\t\t<img fetchpriority=\"high\" decoding=\"async\" width=\"800\" height=\"386\" src=\"https:\/\/www.snek.se\/wp-content\/uploads\/2025\/07\/Plockhugget-logga-vit-1024x494-1.png\" class=\"attachment-large size-large wp-image-155883\" alt=\"\" srcset=\"https:\/\/www.snek.se\/wp-content\/uploads\/2025\/07\/Plockhugget-logga-vit-1024x494-1.png 1024w, https:\/\/www.snek.se\/wp-content\/uploads\/2025\/07\/Plockhugget-logga-vit-1024x494-1-500x241.png 500w, https:\/\/www.snek.se\/wp-content\/uploads\/2025\/07\/Plockhugget-logga-vit-1024x494-1-768x371.png 768w\" sizes=\"(max-width: 800px) 100vw, 800px\" \/>\t\t\t\t\t\t\t\t\t\t\t\t\t\t\t<\/div>\n\t\t\t\t<\/div>\n\t\t\t\t<\/div>\n\t\t<div class=\"elementor-element elementor-element-75d5cb79 e-con-full e-flex e-con e-child\" data-id=\"75d5cb79\" data-element_type=\"container\" data-e-type=\"container\" data-settings=\"{&quot;background_background&quot;:&quot;classic&quot;}\">\n\t\t\t\t<div class=\"elementor-element elementor-element-7808ed83 elementor-widget elementor-widget-spacer\" data-id=\"7808ed83\" data-element_type=\"widget\" data-e-type=\"widget\" data-widget_type=\"spacer.default\">\n\t\t\t\t<div class=\"elementor-widget-container\">\n\t\t\t\t\t\t\t<div class=\"elementor-spacer\">\n\t\t\t<div class=\"elementor-spacer-inner\"><\/div>\n\t\t<\/div>\n\t\t\t\t\t\t<\/div>\n\t\t\t\t<\/div>\n\t\t\t\t<\/div>\n\t\t\t\t<\/div>\n\t\t<div class=\"elementor-element elementor-element-3d2d320 e-con-full e-flex e-con e-parent\" data-id=\"3d2d320\" data-element_type=\"container\" data-e-type=\"container\">\n\t\t<div class=\"elementor-element elementor-element-1709f2d e-con-full e-flex e-con e-child\" data-id=\"1709f2d\" data-element_type=\"container\" data-e-type=\"container\" data-settings=\"{&quot;background_background&quot;:&quot;classic&quot;}\">\n\t\t\t\t<div class=\"elementor-element elementor-element-aa9e470 elementor-widget elementor-widget-heading\" data-id=\"aa9e470\" data-element_type=\"widget\" data-e-type=\"widget\" data-widget_type=\"heading.default\">\n\t\t\t\t<div class=\"elementor-widget-container\">\n\t\t\t\t\t<h2 class=\"elementor-heading-title elementor-size-default\">Die Arbeit von Plockhugget<\/h2>\t\t\t\t<\/div>\n\t\t\t\t<\/div>\n\t\t\t\t<div class=\"elementor-element elementor-element-55dbdbd elementor-widget elementor-widget-text-editor\" data-id=\"55dbdbd\" data-element_type=\"widget\" data-e-type=\"widget\" data-widget_type=\"text-editor.default\">\n\t\t\t\t<div class=\"elementor-widget-container\">\n\t\t\t\t\t\t\t\t\t<p class=\"\" data-start=\"1640\" data-end=\"1886\"><strong data-start=\"1640\" data-end=\"1663\">Was Plockhugget tut<\/strong>: Plockhugget setzt sich f\u00fcr die F\u00f6rderung naturnaher Forstwirtschaft ein. Ihre Methode bedeutet, dass weniger B\u00e4ume gef\u00e4llt werden, was bessere Voraussetzungen f\u00fcr die nat\u00fcrliche Regeneration schafft und die biologische Vielfalt st\u00e4rkt.<\/p><p class=\"\" data-start=\"1889\" data-end=\"2076\"><strong data-start=\"1889\" data-end=\"1908\">Wichtige Zahlen<\/strong>: Visste du att 97% av Sveriges brukade skogar anv\u00e4nder kalhyggen som sk\u00f6rdemetod. Med v\u00e5rt samarbete hoppas vi p\u00e5 att \u00f6ka andelen hyggesfritt och naturn\u00e4ra,u00a0och skapa en h\u00e5llbarare framtid f\u00f6r v\u00e5ra skogar.<\/p>\t\t\t\t\t\t\t\t<\/div>\n\t\t\t\t<\/div>\n\t\t\t\t<div class=\"elementor-element elementor-element-e0a8da5 elementor-widget elementor-widget-html\" data-id=\"e0a8da5\" data-element_type=\"widget\" data-e-type=\"widget\" data-widget_type=\"html.default\">\n\t\t\t\t<div class=\"elementor-widget-container\">\n\t\t\t\t\t<a href=\"https:\/\/www.plockhugget.se\/\" style=\"text-decoration: none\">n    <button class=\"bracket-button-w\">n        G\u00e5 till plockhugget.sen    <\/button>n<\/a>\t\t\t\t<\/div>\n\t\t\t\t<\/div>\n\t\t\t\t<\/div>\n\t\t<div class=\"elementor-element elementor-element-fbcc4d0 e-con-full e-flex e-con e-child\" data-id=\"fbcc4d0\" data-element_type=\"container\" data-e-type=\"container\" data-settings=\"{&quot;background_background&quot;:&quot;classic&quot;}\">\n\t\t\t\t<div class=\"elementor-element elementor-element-aa1222f elementor-widget elementor-widget-spacer\" data-id=\"aa1222f\" data-element_type=\"widget\" data-e-type=\"widget\" data-widget_type=\"spacer.default\">\n\t\t\t\t<div class=\"elementor-widget-container\">\n\t\t\t\t\t\t\t<div class=\"elementor-spacer\">\n\t\t\t<div class=\"elementor-spacer-inner\"><\/div>\n\t\t<\/div>\n\t\t\t\t\t\t<\/div>\n\t\t\t\t<\/div>\n\t\t\t\t<\/div>\n\t\t\t\t<\/div>\n\t\t<div class=\"elementor-element elementor-element-4e83cdb2 e-flex e-con-boxed e-con e-parent\" data-id=\"4e83cdb2\" data-element_type=\"container\" data-e-type=\"container\" data-settings=\"{&quot;background_background&quot;:&quot;classic&quot;}\">\n\t\t\t\t\t<div class=\"e-con-inner\">\n\t\t\t\t<div class=\"elementor-element elementor-element-912929b elementor-widget elementor-widget-heading\" data-id=\"912929b\" data-element_type=\"widget\" data-e-type=\"widget\" data-widget_type=\"heading.default\">\n\t\t\t\t<div class=\"elementor-widget-container\">\n\t\t\t\t\t<h2 class=\"elementor-heading-title elementor-size-default\">Wenn Sie sich f\u00fcr Sn\u00eak entscheiden, erhalten Sie mehr als nur eine K\u00fcche<\/h2>\t\t\t\t<\/div>\n\t\t\t\t<\/div>\n\t\t\t\t<div class=\"elementor-element elementor-element-54493b0d elementor-widget__width-initial elementor-widget elementor-widget-text-editor\" data-id=\"54493b0d\" data-element_type=\"widget\" data-e-type=\"widget\" data-widget_type=\"text-editor.default\">\n\t\t\t\t<div class=\"elementor-widget-container\">\n\t\t\t\t\t\t\t\t\t<p style=\"text-align: center;\">N\u00e4r du k\u00f6per ett k\u00f6k fr\u00e5n Sn\u00eak f\u00e5r du ettu00a0<strong>Zertifikat von Plockhugget<\/strong>u00a0som motsvarar den volym tr\u00e4r\u00e5vara som din produkt inneh\u00e5ller.<\/p><p style=\"text-align: center;\">Dieses Zertifikat stellt sicher, dass die gleiche Menge Holz auf naturnahe und kahlschlagfreie Weise geerntet wurde.<\/p><p style=\"text-align: center;\">W\u00e4hlen Sie ein<strong>u00a0Sn\u00eak-k\u00f6k<\/strong>u00a0och g\u00f6r ett ansvarsfullt val f\u00f6r b\u00e5de ditt hem och v\u00e5r planet.u00a0<strong>Gemeinsam bauen wir eine nachhaltigere Zukunft<\/strong><\/p>\t\t\t\t\t\t\t\t<\/div>\n\t\t\t\t<\/div>\n\t\t\t\t\t<\/div>\n\t\t\t\t<\/div>\n\t\t\t\t<\/div>\n\t\t","protected":false},"excerpt":{"rendered":"<p>Sn\u00eak + Plockhugget Nachhaltiges Holz aus W\u00e4ldern, die weiterwachsen d\u00fcrfen Wir bieten K\u00fcchen mit Holzrohstoffen, die ein Zertifikat f\u00fcr kahlschlagfreie Forstwirtschaft besitzen, was bedeutet, dass unsere Produkte aus einer Forstwirtschaft stammen, die sowohl nachhaltig ist als auch die biologische Vielfalt f\u00f6rdert. Nachhaltigkeit &amp; ansvar K\u00fcchen mit nachhaltigem Holz: Alle unsere K\u00fcchen und Einrichtungen werden aus [&hellip;]<\/p>\n","protected":false},"author":0,"featured_media":144713,"parent":0,"menu_order":0,"comment_status":"closed","ping_status":"closed","template":"elementor_canvas","meta":{"_acf_changed":false,"footnotes":""},"class_list":["post-155297","page","type-page","status-publish","has-post-thumbnail","hentry"],"acf":[],"yoast_head":"<!-- This site is optimized with the Yoast SEO plugin v27.2 - https:\/\/yoast.com\/product\/yoast-seo-wordpress\/ -->\n<title>Plockhugget | Sn\u00eak<\/title>\n<meta name=\"description\" content=\"V\u00e5rt samarbete med Plockhugget inneb\u00e4r certifierad tr\u00e4vara fr\u00e5n hyggesfritt skogsbruk. H\u00e5llbart tr\u00e4 i varje k\u00f6k.\" \/>\n<meta name=\"robots\" content=\"index, follow, max-snippet:-1, max-image-preview:large, max-video-preview:-1\" \/>\n<link rel=\"canonical\" href=\"https:\/\/www.snek.se\/de\/plockhugget-2\/\" \/>\n<meta property=\"og:locale\" content=\"de_DE\" \/>\n<meta property=\"og:type\" content=\"article\" \/>\n<meta property=\"og:title\" content=\"Plockhugget | Sn\u00eak\" \/>\n<meta property=\"og:description\" content=\"V\u00e5rt samarbete med Plockhugget inneb\u00e4r certifierad tr\u00e4vara fr\u00e5n hyggesfritt skogsbruk. H\u00e5llbart tr\u00e4 i varje k\u00f6k.\" \/>\n<meta property=\"og:url\" content=\"https:\/\/www.snek.se\/de\/plockhugget-2\/\" \/>\n<meta property=\"og:site_name\" content=\"Sn\u00eak\" \/>\n<meta property=\"article:publisher\" content=\"https:\/\/www.facebook.com\/snekkitchens\/\" \/>\n<meta property=\"article:modified_time\" content=\"2026-04-08T22:08:12+00:00\" \/>\n<meta property=\"og:image\" content=\"https:\/\/www.snek.se\/wp-content\/uploads\/2025\/07\/01-1-scaled.jpg\" \/>\n\t<meta property=\"og:image:width\" content=\"2560\" \/>\n\t<meta property=\"og:image:height\" content=\"1707\" \/>\n\t<meta property=\"og:image:type\" content=\"image\/jpeg\" \/>\n<meta name=\"twitter:card\" content=\"summary_large_image\" \/>\n<meta name=\"twitter:label1\" content=\"Est. reading time\" \/>\n\t<meta name=\"twitter:data1\" content=\"2 minutes\" \/>\n<script type=\"application\/ld+json\" class=\"yoast-schema-graph\">{\"@context\":\"https:\/\/schema.org\",\"@graph\":[{\"@type\":\"WebPage\",\"@id\":\"https:\/\/www.snek.se\/de\/plockhugget-2\/\",\"url\":\"https:\/\/www.snek.se\/de\/plockhugget-2\/\",\"name\":\"Plockhugget | Sn\u00eak\",\"isPartOf\":{\"@id\":\"https:\/\/www.snek.se\/de\/#website\"},\"primaryImageOfPage\":{\"@id\":\"https:\/\/www.snek.se\/de\/plockhugget-2\/#primaryimage\"},\"image\":{\"@id\":\"https:\/\/www.snek.se\/de\/plockhugget-2\/#primaryimage\"},\"thumbnailUrl\":\"https:\/\/www.snek.se\/wp-content\/uploads\/2025\/07\/01-1-scaled.jpg\",\"datePublished\":\"2026-04-08T17:16:00+00:00\",\"dateModified\":\"2026-04-08T22:08:12+00:00\",\"description\":\"V\u00e5rt samarbete med Plockhugget inneb\u00e4r certifierad tr\u00e4vara fr\u00e5n hyggesfritt skogsbruk. H\u00e5llbart tr\u00e4 i varje k\u00f6k.\",\"breadcrumb\":{\"@id\":\"https:\/\/www.snek.se\/de\/plockhugget-2\/#breadcrumb\"},\"inLanguage\":\"de-DE\",\"potentialAction\":[{\"@type\":\"ReadAction\",\"target\":[\"https:\/\/www.snek.se\/de\/plockhugget-2\/\"]}]},{\"@type\":\"ImageObject\",\"inLanguage\":\"de-DE\",\"@id\":\"https:\/\/www.snek.se\/de\/plockhugget-2\/#primaryimage\",\"url\":\"https:\/\/www.snek.se\/wp-content\/uploads\/2025\/07\/01-1-scaled.jpg\",\"contentUrl\":\"https:\/\/www.snek.se\/wp-content\/uploads\/2025\/07\/01-1-scaled.jpg\",\"width\":2560,\"height\":1707},{\"@type\":\"BreadcrumbList\",\"@id\":\"https:\/\/www.snek.se\/de\/plockhugget-2\/#breadcrumb\",\"itemListElement\":[{\"@type\":\"ListItem\",\"position\":1,\"name\":\"Hem\",\"item\":\"https:\/\/www.snek.se\/de\/\"},{\"@type\":\"ListItem\",\"position\":2,\"name\":\"Plockhugget\"}]},{\"@type\":\"WebSite\",\"@id\":\"https:\/\/www.snek.se\/de\/#website\",\"url\":\"https:\/\/www.snek.se\/de\/\",\"name\":\"Sn\u00eak\",\"description\":\"Snickrade k\u00f6k fr\u00e5n Norrbotten\",\"publisher\":{\"@id\":\"https:\/\/www.snek.se\/de\/#organization\"},\"potentialAction\":[{\"@type\":\"SearchAction\",\"target\":{\"@type\":\"EntryPoint\",\"urlTemplate\":\"https:\/\/www.snek.se\/de\/?s={search_term_string}\"},\"query-input\":{\"@type\":\"PropertyValueSpecification\",\"valueRequired\":true,\"valueName\":\"search_term_string\"}}],\"inLanguage\":\"de-DE\"},{\"@type\":\"Organization\",\"@id\":\"https:\/\/www.snek.se\/de\/#organization\",\"name\":\"Sn\u00eak\",\"url\":\"https:\/\/www.snek.se\/de\/\",\"logo\":{\"@type\":\"ImageObject\",\"inLanguage\":\"de-DE\",\"@id\":\"https:\/\/www.snek.se\/de\/#\/schema\/logo\/image\/\",\"url\":\"https:\/\/www.snek.se\/wp-content\/uploads\/2026\/01\/snek-logotyp-insta-scaled.jpg\",\"contentUrl\":\"https:\/\/www.snek.se\/wp-content\/uploads\/2026\/01\/snek-logotyp-insta-scaled.jpg\",\"width\":2560,\"height\":2560,\"caption\":\"Sn\u00eak\"},\"image\":{\"@id\":\"https:\/\/www.snek.se\/de\/#\/schema\/logo\/image\/\"},\"sameAs\":[\"https:\/\/www.facebook.com\/snekkitchens\/\",\"https:\/\/www.instagram.com\/snek.kok\/\",\"https:\/\/www.linkedin.com\/company\/snek-kok\/\",\"https:\/\/se.pinterest.com\/SnekKitchens\/\",\"https:\/\/www.youtube.com\/channel\/UCT9DWn-4DMpKHHqbRXV4bZQ\/\"]}]}<\/script>\n<!-- \/ Yoast SEO plugin. -->","yoast_head_json":{"title":"Plockhugget | Sn\u00eak","description":"V\u00e5rt samarbete med Plockhugget inneb\u00e4r certifierad tr\u00e4vara fr\u00e5n hyggesfritt skogsbruk. H\u00e5llbart tr\u00e4 i varje k\u00f6k.","robots":{"index":"index","follow":"follow","max-snippet":"max-snippet:-1","max-image-preview":"max-image-preview:large","max-video-preview":"max-video-preview:-1"},"canonical":"https:\/\/www.snek.se\/de\/plockhugget-2\/","og_locale":"de_DE","og_type":"article","og_title":"Plockhugget | Sn\u00eak","og_description":"V\u00e5rt samarbete med Plockhugget inneb\u00e4r certifierad tr\u00e4vara fr\u00e5n hyggesfritt skogsbruk. H\u00e5llbart tr\u00e4 i varje k\u00f6k.","og_url":"https:\/\/www.snek.se\/de\/plockhugget-2\/","og_site_name":"Sn\u00eak","article_publisher":"https:\/\/www.facebook.com\/snekkitchens\/","article_modified_time":"2026-04-08T22:08:12+00:00","og_image":[{"width":2560,"height":1707,"url":"https:\/\/www.snek.se\/wp-content\/uploads\/2025\/07\/01-1-scaled.jpg","type":"image\/jpeg"}],"twitter_card":"summary_large_image","twitter_misc":{"Est. reading time":"2 minutes"},"schema":{"@context":"https:\/\/schema.org","@graph":[{"@type":"WebPage","@id":"https:\/\/www.snek.se\/de\/plockhugget-2\/","url":"https:\/\/www.snek.se\/de\/plockhugget-2\/","name":"Plockhugget | Sn\u00eak","isPartOf":{"@id":"https:\/\/www.snek.se\/de\/#website"},"primaryImageOfPage":{"@id":"https:\/\/www.snek.se\/de\/plockhugget-2\/#primaryimage"},"image":{"@id":"https:\/\/www.snek.se\/de\/plockhugget-2\/#primaryimage"},"thumbnailUrl":"https:\/\/www.snek.se\/wp-content\/uploads\/2025\/07\/01-1-scaled.jpg","datePublished":"2026-04-08T17:16:00+00:00","dateModified":"2026-04-08T22:08:12+00:00","description":"V\u00e5rt samarbete med Plockhugget inneb\u00e4r certifierad tr\u00e4vara fr\u00e5n hyggesfritt skogsbruk. H\u00e5llbart tr\u00e4 i varje k\u00f6k.","breadcrumb":{"@id":"https:\/\/www.snek.se\/de\/plockhugget-2\/#breadcrumb"},"inLanguage":"de-DE","potentialAction":[{"@type":"ReadAction","target":["https:\/\/www.snek.se\/de\/plockhugget-2\/"]}]},{"@type":"ImageObject","inLanguage":"de-DE","@id":"https:\/\/www.snek.se\/de\/plockhugget-2\/#primaryimage","url":"https:\/\/www.snek.se\/wp-content\/uploads\/2025\/07\/01-1-scaled.jpg","contentUrl":"https:\/\/www.snek.se\/wp-content\/uploads\/2025\/07\/01-1-scaled.jpg","width":2560,"height":1707},{"@type":"BreadcrumbList","@id":"https:\/\/www.snek.se\/de\/plockhugget-2\/#breadcrumb","itemListElement":[{"@type":"ListItem","position":1,"name":"Hem","item":"https:\/\/www.snek.se\/de\/"},{"@type":"ListItem","position":2,"name":"Plockhugget"}]},{"@type":"WebSite","@id":"https:\/\/www.snek.se\/de\/#website","url":"https:\/\/www.snek.se\/de\/","name":"Sn\u00eak","description":"Snickrade k\u00f6k fr\u00e5n Norrbotten","publisher":{"@id":"https:\/\/www.snek.se\/de\/#organization"},"potentialAction":[{"@type":"SearchAction","target":{"@type":"EntryPoint","urlTemplate":"https:\/\/www.snek.se\/de\/?s={search_term_string}"},"query-input":{"@type":"PropertyValueSpecification","valueRequired":true,"valueName":"search_term_string"}}],"inLanguage":"de-DE"},{"@type":"Organization","@id":"https:\/\/www.snek.se\/de\/#organization","name":"Sn\u00eak","url":"https:\/\/www.snek.se\/de\/","logo":{"@type":"ImageObject","inLanguage":"de-DE","@id":"https:\/\/www.snek.se\/de\/#\/schema\/logo\/image\/","url":"https:\/\/www.snek.se\/wp-content\/uploads\/2026\/01\/snek-logotyp-insta-scaled.jpg","contentUrl":"https:\/\/www.snek.se\/wp-content\/uploads\/2026\/01\/snek-logotyp-insta-scaled.jpg","width":2560,"height":2560,"caption":"Sn\u00eak"},"image":{"@id":"https:\/\/www.snek.se\/de\/#\/schema\/logo\/image\/"},"sameAs":["https:\/\/www.facebook.com\/snekkitchens\/","https:\/\/www.instagram.com\/snek.kok\/","https:\/\/www.linkedin.com\/company\/snek-kok\/","https:\/\/se.pinterest.com\/SnekKitchens\/","https:\/\/www.youtube.com\/channel\/UCT9DWn-4DMpKHHqbRXV4bZQ\/"]}]}},"_links":{"self":[{"href":"https:\/\/www.snek.se\/de\/wp-json\/wp\/v2\/pages\/155297","targetHints":{"allow":["GET"]}}],"collection":[{"href":"https:\/\/www.snek.se\/de\/wp-json\/wp\/v2\/pages"}],"about":[{"href":"https:\/\/www.snek.se\/de\/wp-json\/wp\/v2\/types\/page"}],"replies":[{"embeddable":true,"href":"https:\/\/www.snek.se\/de\/wp-json\/wp\/v2\/comments?post=155297"}],"version-history":[{"count":2,"href":"https:\/\/www.snek.se\/de\/wp-json\/wp\/v2\/pages\/155297\/revisions"}],"predecessor-version":[{"id":155884,"href":"https:\/\/www.snek.se\/de\/wp-json\/wp\/v2\/pages\/155297\/revisions\/155884"}],"wp:featuredmedia":[{"embeddable":true,"href":"https:\/\/www.snek.se\/de\/wp-json\/wp\/v2\/media\/144713"}],"wp:attachment":[{"href":"https:\/\/www.snek.se\/de\/wp-json\/wp\/v2\/media?parent=155297"}],"curies":[{"name":"wp","href":"https:\/\/api.w.org\/{rel}","templated":true}]}}