{"id":155291,"date":"2026-04-08T19:16:00","date_gmt":"2026-04-08T17:16:00","guid":{"rendered":"https:\/\/www.snek.se\/ueber-snek\/"},"modified":"2026-04-09T00:08:11","modified_gmt":"2026-04-08T22:08:11","slug":"ueber-snek","status":"publish","type":"page","link":"https:\/\/www.snek.se\/de\/ueber-snek\/","title":{"rendered":"\u00dcber Sn\u00eak"},"content":{"rendered":"\t\t<div data-elementor-type=\"wp-page\" data-elementor-id=\"155291\" class=\"elementor elementor-155291 elementor-36\" data-elementor-post-type=\"page\">\n\t\t\t\t<div class=\"elementor-element elementor-element-9793deb e-flex e-con-boxed e-con e-parent\" data-id=\"9793deb\" data-element_type=\"container\" data-e-type=\"container\">\n\t\t\t\t\t<div class=\"e-con-inner\">\n\t\t\t\t<div class=\"elementor-element elementor-element-268cdd7f elementor-widget elementor-widget-heading\" data-id=\"268cdd7f\" data-element_type=\"widget\" data-e-type=\"widget\" data-widget_type=\"heading.default\">\n\t\t\t\t<div class=\"elementor-widget-container\">\n\t\t\t\t\t<h1 class=\"elementor-heading-title elementor-size-default\">Willkommen bei Sn\u00eak<\/h1>\t\t\t\t<\/div>\n\t\t\t\t<\/div>\n\t\t\t\t<div class=\"elementor-element elementor-element-5a7d149 elementor-widget__width-initial elementor-widget elementor-widget-text-editor\" data-id=\"5a7d149\" data-element_type=\"widget\" data-e-type=\"widget\" data-widget_type=\"text-editor.default\">\n\t\t\t\t<div class=\"elementor-widget-container\">\n\t\t\t\t\t\t\t\t\t<p style=\"text-align: center;\">Was aus Holz ist, darf auch wie Holz aussehen \u2013 und es ist Holz, weil wir gelernt haben, dass es so am besten wird<\/p>\t\t\t\t\t\t\t\t<\/div>\n\t\t\t\t<\/div>\n\t\t\t\t\t<\/div>\n\t\t\t\t<\/div>\n\t\t<div class=\"elementor-element elementor-element-147a8e66 e-flex e-con-boxed e-con e-parent\" data-id=\"147a8e66\" data-element_type=\"container\" data-e-type=\"container\">\n\t\t\t\t\t<div class=\"e-con-inner\">\n\t\t<div class=\"elementor-element elementor-element-14efcc91 e-con-full e-flex e-con e-child\" data-id=\"14efcc91\" data-element_type=\"container\" data-e-type=\"container\" data-settings=\"{&quot;background_background&quot;:&quot;classic&quot;}\">\n\t\t\t\t<div class=\"elementor-element elementor-element-7b994164 elementor-widget elementor-widget-heading\" data-id=\"7b994164\" data-element_type=\"widget\" data-e-type=\"widget\" data-widget_type=\"heading.default\">\n\t\t\t\t<div class=\"elementor-widget-container\">\n\t\t\t\t\t<h2 class=\"elementor-heading-title elementor-size-default\">Unser Standort und unser Erbe<\/h2>\t\t\t\t<\/div>\n\t\t\t\t<\/div>\n\t\t\t\t<div class=\"elementor-element elementor-element-b803d6d elementor-widget elementor-widget-text-editor\" data-id=\"b803d6d\" data-element_type=\"widget\" data-e-type=\"widget\" data-widget_type=\"text-editor.default\">\n\t\t\t\t<div class=\"elementor-widget-container\">\n\t\t\t\t\t\t\t\t\t<p data-start=\"247\" data-end=\"660\">Sn\u00eak hat sein Zuhause in der Industriegemeinde T\u00f6refors in Norrbotten. Hier fertigen wir unsere K\u00fcchen und Einrichtungen und hier befindet sich auch unsere eigene Lackiererei.<\/p><p data-start=\"247\" data-end=\"660\">Obwohl das Unternehmen 2019 gegr\u00fcndet wurde, baut es auf einer langen Tradition der Holzindustrie am Standort auf. Bereits 1886 wurde in T\u00f6refors ein S\u00e4gewerk errichtet.<\/p><p data-start=\"247\" data-end=\"660\">Der Name Sn\u00eak stammt vom nordschwedischen Dialektwort f\u00fcr Tischlern. Er erinnert an ein Handwerk, das von Generation zu Generation weitergegeben wurde<\/p>\t\t\t\t\t\t\t\t<\/div>\n\t\t\t\t<\/div>\n\t\t\t\t<\/div>\n\t\t<div class=\"elementor-element elementor-element-60f5d7d5 e-con-full e-flex e-con e-child\" data-id=\"60f5d7d5\" data-element_type=\"container\" data-e-type=\"container\" data-settings=\"{&quot;background_background&quot;:&quot;classic&quot;}\">\n\t\t\t\t<div class=\"elementor-element elementor-element-175c83bc elementor-widget elementor-widget-spacer\" data-id=\"175c83bc\" data-element_type=\"widget\" data-e-type=\"widget\" data-widget_type=\"spacer.default\">\n\t\t\t\t<div class=\"elementor-widget-container\">\n\t\t\t\t\t\t\t<div class=\"elementor-spacer\">\n\t\t\t<div class=\"elementor-spacer-inner\"><\/div>\n\t\t<\/div>\n\t\t\t\t\t\t<\/div>\n\t\t\t\t<\/div>\n\t\t\t\t<\/div>\n\t\t\t\t\t<\/div>\n\t\t\t\t<\/div>\n\t\t<div class=\"elementor-element elementor-element-b75cfe2 e-flex e-con-boxed e-con e-parent\" data-id=\"b75cfe2\" data-element_type=\"container\" data-e-type=\"container\">\n\t\t\t\t\t<div class=\"e-con-inner\">\n\t\t<div class=\"elementor-element elementor-element-ea93a37 e-con-full e-flex e-con e-child\" data-id=\"ea93a37\" data-element_type=\"container\" data-e-type=\"container\" data-settings=\"{&quot;background_background&quot;:&quot;classic&quot;}\">\n\t\t\t\t<div class=\"elementor-element elementor-element-b0411fd elementor-widget elementor-widget-heading\" data-id=\"b0411fd\" data-element_type=\"widget\" data-e-type=\"widget\" data-widget_type=\"heading.default\">\n\t\t\t\t<div class=\"elementor-widget-container\">\n\t\t\t\t\t<h3 class=\"elementor-heading-title elementor-size-default\">Wir f\u00fchren das Handwerk weiter<\/h3>\t\t\t\t<\/div>\n\t\t\t\t<\/div>\n\t\t\t\t<div class=\"elementor-element elementor-element-32f6a8d elementor-widget elementor-widget-text-editor\" data-id=\"32f6a8d\" data-element_type=\"widget\" data-e-type=\"widget\" data-widget_type=\"text-editor.default\">\n\t\t\t\t<div class=\"elementor-widget-container\">\n\t\t\t\t\t\t\t\t\t<p data-start=\"707\" data-end=\"1080\">Wir sehen uns als Fortsetzung von etwas, das lange vor uns begann. Wir bewahren das Handwerk, m\u00f6chten es aber auch erneuern und f\u00fcr unsere Zeit relevant machen.<\/p><p data-start=\"707\" data-end=\"1080\">Sn\u00eak begann mit K\u00fcchen, doch heute bauen wir Einrichtungen f\u00fcr das gesamte Zuhause. Das k\u00f6nnen Aufbewahrungsl\u00f6sungen, Badezimmer oder Waschk\u00fcchen sein. Alles basiert auf unserem einzigartigen Korpus aus Massivholz, der gebaut ist, um \u00fcber die Zeit zu bestehen und den Alltag zu \u00fcberstehen.<\/p>\t\t\t\t\t\t\t\t<\/div>\n\t\t\t\t<\/div>\n\t\t\t\t<\/div>\n\t\t<div class=\"elementor-element elementor-element-1520a12 e-con-full e-flex e-con e-child\" data-id=\"1520a12\" data-element_type=\"container\" data-e-type=\"container\" data-settings=\"{&quot;background_background&quot;:&quot;classic&quot;}\">\n\t\t\t\t<div class=\"elementor-element elementor-element-3c65643 elementor-widget elementor-widget-spacer\" data-id=\"3c65643\" data-element_type=\"widget\" data-e-type=\"widget\" data-widget_type=\"spacer.default\">\n\t\t\t\t<div class=\"elementor-widget-container\">\n\t\t\t\t\t\t\t<div class=\"elementor-spacer\">\n\t\t\t<div class=\"elementor-spacer-inner\"><\/div>\n\t\t<\/div>\n\t\t\t\t\t\t<\/div>\n\t\t\t\t<\/div>\n\t\t\t\t<\/div>\n\t\t\t\t\t<\/div>\n\t\t\t\t<\/div>\n\t\t<div class=\"elementor-element elementor-element-bead6c e-flex e-con-boxed e-con e-parent\" data-id=\"bead6c\" data-element_type=\"container\" data-e-type=\"container\">\n\t\t\t\t\t<div class=\"e-con-inner\">\n\t\t\t\t<div class=\"elementor-element elementor-element-6c652603 elementor-widget elementor-widget-heading\" data-id=\"6c652603\" data-element_type=\"widget\" data-e-type=\"widget\" data-widget_type=\"heading.default\">\n\t\t\t\t<div class=\"elementor-widget-container\">\n\t\t\t\t\t<h4 class=\"elementor-heading-title elementor-size-default\">Handgefertigte K\u00fcchen aus Norrbotten<\/h4>\t\t\t\t<\/div>\n\t\t\t\t<\/div>\n\t\t\t\t<div class=\"elementor-element elementor-element-2b26ff37 elementor-widget__width-initial elementor-widget elementor-widget-text-editor\" data-id=\"2b26ff37\" data-element_type=\"widget\" data-e-type=\"widget\" data-widget_type=\"text-editor.default\">\n\t\t\t\t<div class=\"elementor-widget-container\">\n\t\t\t\t\t\t\t\t\t<p style=\"text-align: center;\">Den respektvollen Umgang mit Holz betrachten wir als zentral. Wir verwenden Methoden, die \u00fcber Generationen hinweg entwickelt wurden. So erhalten unsere handgefertigten M\u00f6bel ihren Wert.<\/p>\t\t\t\t\t\t\t\t<\/div>\n\t\t\t\t<\/div>\n\t\t\t\t\t<\/div>\n\t\t\t\t<\/div>\n\t\t<div class=\"elementor-element elementor-element-c09d10a e-flex e-con-boxed e-con e-parent\" data-id=\"c09d10a\" data-element_type=\"container\" data-e-type=\"container\">\n\t\t\t\t\t<div class=\"e-con-inner\">\n\t\t<div class=\"elementor-element elementor-element-335c88b e-con-full e-flex e-con e-child\" data-id=\"335c88b\" data-element_type=\"container\" data-e-type=\"container\">\n\t\t\t\t<div class=\"elementor-element elementor-element-bd061e9 elementor-widget elementor-widget-heading\" data-id=\"bd061e9\" data-element_type=\"widget\" data-e-type=\"widget\" data-widget_type=\"heading.default\">\n\t\t\t\t<div class=\"elementor-widget-container\">\n\t\t\t\t\t<h5 class=\"elementor-heading-title elementor-size-default\">Freiheit in jeder Entscheidung<\/h5>\t\t\t\t<\/div>\n\t\t\t\t<\/div>\n\t\t\t\t<div class=\"elementor-element elementor-element-f1edb2f elementor-widget elementor-widget-text-editor\" data-id=\"f1edb2f\" data-element_type=\"widget\" data-e-type=\"widget\" data-widget_type=\"text-editor.default\">\n\t\t\t\t<div class=\"elementor-widget-container\">\n\t\t\t\t\t\t\t\t\t<p data-start=\"707\" data-end=\"1080\">Keine K\u00fcche gleicht der anderen. Deshalb bauen wir jeden Schrank nach Ihren Ma\u00dfen, Ihrem Raum und Ihren Bed\u00fcrfnissen. Alles in Massivholz, mit Liebe zum Detail und einer Sorgfalt, die man sp\u00fcrt.<\/p><p data-start=\"707\" data-end=\"1080\">Unsere digitale Plattform erm\u00f6glicht es jedem Kunden, seine eigene K\u00fcche zu entwerfen und den Preis direkt im Prozess zu sehen.<\/p><p data-start=\"707\" data-end=\"1080\">Sie k\u00f6nnen alles selbst machen oder unsere Hilfe in Anspruch nehmen. Wir bieten sowohl unmontierte K\u00fcchen als auch fertig montierte L\u00f6sungen, die direkt an den Installationsort geliefert werden.<\/p>\t\t\t\t\t\t\t\t<\/div>\n\t\t\t\t<\/div>\n\t\t\t\t<\/div>\n\t\t<div class=\"elementor-element elementor-element-447b6a1 e-con-full e-flex e-con e-child\" data-id=\"447b6a1\" data-element_type=\"container\" data-e-type=\"container\" data-settings=\"{&quot;background_background&quot;:&quot;classic&quot;}\">\n\t\t\t\t<div class=\"elementor-element elementor-element-7f67619 elementor-widget elementor-widget-spacer\" data-id=\"7f67619\" data-element_type=\"widget\" data-e-type=\"widget\" data-widget_type=\"spacer.default\">\n\t\t\t\t<div class=\"elementor-widget-container\">\n\t\t\t\t\t\t\t<div class=\"elementor-spacer\">\n\t\t\t<div class=\"elementor-spacer-inner\"><\/div>\n\t\t<\/div>\n\t\t\t\t\t\t<\/div>\n\t\t\t\t<\/div>\n\t\t\t\t<\/div>\n\t\t\t\t\t<\/div>\n\t\t\t\t<\/div>\n\t\t<div class=\"elementor-element elementor-element-48c91b2 e-flex e-con-boxed e-con e-parent\" data-id=\"48c91b2\" data-element_type=\"container\" data-e-type=\"container\">\n\t\t\t\t\t<div class=\"e-con-inner\">\n\t\t<div class=\"elementor-element elementor-element-082eeea e-con-full e-flex e-con e-child\" data-id=\"082eeea\" data-element_type=\"container\" data-e-type=\"container\" data-settings=\"{&quot;background_background&quot;:&quot;classic&quot;}\">\n\t\t\t\t<div class=\"elementor-element elementor-element-18b868b elementor-widget elementor-widget-heading\" data-id=\"18b868b\" data-element_type=\"widget\" data-e-type=\"widget\" data-widget_type=\"heading.default\">\n\t\t\t\t<div class=\"elementor-widget-container\">\n\t\t\t\t\t<h6 class=\"elementor-heading-title elementor-size-default\">Der Weg zu Sn\u00eak<\/h6>\t\t\t\t<\/div>\n\t\t\t\t<\/div>\n\t\t\t\t<div class=\"elementor-element elementor-element-4179c65 elementor-widget elementor-widget-heading\" data-id=\"4179c65\" data-element_type=\"widget\" data-e-type=\"widget\" data-widget_type=\"heading.default\">\n\t\t\t\t<div class=\"elementor-widget-container\">\n\t\t\t\t\t<h2 class=\"elementor-heading-title elementor-size-default\">Warum muss es so viel kosten, eine traditionelle K\u00fcche zu bauen, wenn man keine Kompromisse bei der Qualit\u00e4t eingehen m\u00f6chte?<\/h2>\t\t\t\t<\/div>\n\t\t\t\t<\/div>\n\t\t\t\t<div class=\"elementor-element elementor-element-c957f5b elementor-widget elementor-widget-text-editor\" data-id=\"c957f5b\" data-element_type=\"widget\" data-e-type=\"widget\" data-widget_type=\"text-editor.default\">\n\t\t\t\t<div class=\"elementor-widget-container\">\n\t\t\t\t\t\t\t\t\t<p data-start=\"309\" data-end=\"590\">Diese Frage tauchte w\u00e4hrend einer K\u00fcchenrenovierung in einer Jahrhundertwendewohnung auf und wurde zum Startpunkt dessen, was heute Sn\u00eak ist.<\/p><p data-start=\"309\" data-end=\"590\">Wir wollten einen anderen Weg finden. Einen Weg, bei dem Handwerk und Material im Mittelpunkt stehen, aber der Weg zu einer neuen K\u00fcche nicht \u00fcber mehrere Zwischenh\u00e4ndler und hohe Margen f\u00fchren muss.<\/p><p data-start=\"592\" data-end=\"809\">Bei uns geht die K\u00fcche direkt von der Produktion zum Kunden. Der Kunde entwirft selbst in unserem Werkzeug, mit oder ohne unsere Unterst\u00fctzung. Wenn der Entwurf genehmigt ist, geht er in die Produktion. Keine Zwischenh\u00e4ndler \u2013 keine versteckten Schritte.<\/p><p data-start=\"811\" data-end=\"1086\">Dank unserer eigens entwickelten Konstruktion wird die Montage einfacher. Wer selbst Hand anlegen m\u00f6chte, kann sowohl den Preis als auch die Versandkosten beeinflussen. Und da unsere Produktion dort automatisiert ist, wo es einen Unterschied macht, k\u00f6nnen wir mehr Zeit auf das verwenden, was wirklich eine menschliche Hand erfordert.<br \/><br \/>Das ist unsere L\u00f6sung f\u00fcr eine recht einfache Frage \u2013 und die Frage, die uns noch immer antreibt.<br \/><br \/>\/ Fredrik und Sandrine<\/p>\t\t\t\t\t\t\t\t<\/div>\n\t\t\t\t<\/div>\n\t\t\t\t<\/div>\n\t\t<div class=\"elementor-element elementor-element-ef90fc7 e-con-full e-flex e-con e-child\" data-id=\"ef90fc7\" data-element_type=\"container\" data-e-type=\"container\" data-settings=\"{&quot;background_background&quot;:&quot;classic&quot;}\">\n\t\t\t\t<div class=\"elementor-element elementor-element-deb8407 elementor-widget elementor-widget-image\" data-id=\"deb8407\" data-element_type=\"widget\" data-e-type=\"widget\" data-widget_type=\"image.default\">\n\t\t\t\t<div class=\"elementor-widget-container\">\n\t\t\t\t\t\t\t\t\t\t\t\t\t\t\t<img fetchpriority=\"high\" decoding=\"async\" width=\"758\" height=\"1024\" src=\"https:\/\/www.snek.se\/wp-content\/uploads\/2020\/02\/DSC9054-2-758x1024.jpg\" class=\"attachment-large size-large wp-image-155869\" alt=\"\" srcset=\"https:\/\/www.snek.se\/wp-content\/uploads\/2020\/02\/DSC9054-2-758x1024.jpg 758w, https:\/\/www.snek.se\/wp-content\/uploads\/2020\/02\/DSC9054-2-1200x1621.jpg 1200w, https:\/\/www.snek.se\/wp-content\/uploads\/2020\/02\/DSC9054-2-222x300.jpg 222w, https:\/\/www.snek.se\/wp-content\/uploads\/2020\/02\/DSC9054-2-768x1037.jpg 768w, https:\/\/www.snek.se\/wp-content\/uploads\/2020\/02\/DSC9054-2-1137x1536.jpg 1137w, https:\/\/www.snek.se\/wp-content\/uploads\/2020\/02\/DSC9054-2.jpg 1481w\" sizes=\"(max-width: 758px) 100vw, 758px\" \/>\t\t\t\t\t\t\t\t\t\t\t\t\t\t\t<\/div>\n\t\t\t\t<\/div>\n\t\t\t\t<\/div>\n\t\t\t\t\t<\/div>\n\t\t\t\t<\/div>\n\t\t\t\t<\/div>\n\t\t","protected":false},"excerpt":{"rendered":"<p>Willkommen bei Sn\u00eak Was aus Holz ist, darf auch wie Holz aussehen \u2013 und es ist Holz, weil wir gelernt haben, dass es so am besten wird Unser Standort und unser Erbe Sn\u00eak hat sein Zuhause in der Industriegemeinde T\u00f6refors in Norrbotten. Hier fertigen wir unsere K\u00fcchen und Einrichtungen und hier befindet sich auch unsere [&hellip;]<\/p>\n","protected":false},"author":0,"featured_media":144817,"parent":0,"menu_order":0,"comment_status":"closed","ping_status":"closed","template":"elementor_canvas","meta":{"_acf_changed":false,"footnotes":""},"class_list":["post-155291","page","type-page","status-publish","has-post-thumbnail","hentry"],"acf":[],"yoast_head":"<!-- This site is optimized with the Yoast SEO plugin v27.2 - https:\/\/yoast.com\/product\/yoast-seo-wordpress\/ -->\n<title>\u00dcber Sn\u00eak | Sn\u00eak<\/title>\n<meta name=\"description\" content=\"Sn\u00eak tillverkar kundanpassade k\u00f6k i massivt tr\u00e4 sedan 2019. L\u00e4r k\u00e4nna oss, v\u00e5r historia och v\u00e5rt hantverk fr\u00e5n T\u00f6refors i Norrbotten.\" \/>\n<meta name=\"robots\" content=\"index, follow, max-snippet:-1, max-image-preview:large, max-video-preview:-1\" \/>\n<link rel=\"canonical\" href=\"https:\/\/www.snek.se\/de\/ueber-snek\/\" \/>\n<meta property=\"og:locale\" content=\"de_DE\" \/>\n<meta property=\"og:type\" content=\"article\" \/>\n<meta property=\"og:title\" content=\"\u00dcber Sn\u00eak | Sn\u00eak\" \/>\n<meta property=\"og:description\" content=\"Sn\u00eak tillverkar kundanpassade k\u00f6k i massivt tr\u00e4 sedan 2019. L\u00e4r k\u00e4nna oss, v\u00e5r historia och v\u00e5rt hantverk fr\u00e5n T\u00f6refors i Norrbotten.\" \/>\n<meta property=\"og:url\" content=\"https:\/\/www.snek.se\/de\/ueber-snek\/\" \/>\n<meta property=\"og:site_name\" content=\"Sn\u00eak\" \/>\n<meta property=\"article:publisher\" content=\"https:\/\/www.facebook.com\/snekkitchens\/\" \/>\n<meta property=\"article:modified_time\" content=\"2026-04-08T22:08:11+00:00\" \/>\n<meta property=\"og:image\" content=\"https:\/\/www.snek.se\/wp-content\/uploads\/2025\/07\/unnamed4.jpg\" \/>\n\t<meta property=\"og:image:width\" content=\"1920\" \/>\n\t<meta property=\"og:image:height\" content=\"1279\" \/>\n\t<meta property=\"og:image:type\" content=\"image\/jpeg\" \/>\n<meta name=\"twitter:card\" content=\"summary_large_image\" \/>\n<meta name=\"twitter:label1\" content=\"Est. reading time\" \/>\n\t<meta name=\"twitter:data1\" content=\"3 minutes\" \/>\n<script type=\"application\/ld+json\" class=\"yoast-schema-graph\">{\"@context\":\"https:\/\/schema.org\",\"@graph\":[{\"@type\":\"WebPage\",\"@id\":\"https:\/\/www.snek.se\/de\/ueber-snek\/\",\"url\":\"https:\/\/www.snek.se\/de\/ueber-snek\/\",\"name\":\"\u00dcber Sn\u00eak | Sn\u00eak\",\"isPartOf\":{\"@id\":\"https:\/\/www.snek.se\/de\/#website\"},\"primaryImageOfPage\":{\"@id\":\"https:\/\/www.snek.se\/de\/ueber-snek\/#primaryimage\"},\"image\":{\"@id\":\"https:\/\/www.snek.se\/de\/ueber-snek\/#primaryimage\"},\"thumbnailUrl\":\"https:\/\/www.snek.se\/wp-content\/uploads\/2025\/07\/unnamed4.jpg\",\"datePublished\":\"2026-04-08T17:16:00+00:00\",\"dateModified\":\"2026-04-08T22:08:11+00:00\",\"description\":\"Sn\u00eak tillverkar kundanpassade k\u00f6k i massivt tr\u00e4 sedan 2019. L\u00e4r k\u00e4nna oss, v\u00e5r historia och v\u00e5rt hantverk fr\u00e5n T\u00f6refors i Norrbotten.\",\"breadcrumb\":{\"@id\":\"https:\/\/www.snek.se\/de\/ueber-snek\/#breadcrumb\"},\"inLanguage\":\"de-DE\",\"potentialAction\":[{\"@type\":\"ReadAction\",\"target\":[\"https:\/\/www.snek.se\/de\/ueber-snek\/\"]}]},{\"@type\":\"ImageObject\",\"inLanguage\":\"de-DE\",\"@id\":\"https:\/\/www.snek.se\/de\/ueber-snek\/#primaryimage\",\"url\":\"https:\/\/www.snek.se\/wp-content\/uploads\/2025\/07\/unnamed4.jpg\",\"contentUrl\":\"https:\/\/www.snek.se\/wp-content\/uploads\/2025\/07\/unnamed4.jpg\",\"width\":1920,\"height\":1279,\"caption\":\"Platsbyggt k\u00f6k i mjuk gr\u00f6n ton.\"},{\"@type\":\"BreadcrumbList\",\"@id\":\"https:\/\/www.snek.se\/de\/ueber-snek\/#breadcrumb\",\"itemListElement\":[{\"@type\":\"ListItem\",\"position\":1,\"name\":\"Hem\",\"item\":\"https:\/\/www.snek.se\/de\/\"},{\"@type\":\"ListItem\",\"position\":2,\"name\":\"\u00dcber Sn\u00eak\"}]},{\"@type\":\"WebSite\",\"@id\":\"https:\/\/www.snek.se\/de\/#website\",\"url\":\"https:\/\/www.snek.se\/de\/\",\"name\":\"Sn\u00eak\",\"description\":\"Snickrade k\u00f6k fr\u00e5n Norrbotten\",\"publisher\":{\"@id\":\"https:\/\/www.snek.se\/de\/#organization\"},\"potentialAction\":[{\"@type\":\"SearchAction\",\"target\":{\"@type\":\"EntryPoint\",\"urlTemplate\":\"https:\/\/www.snek.se\/de\/?s={search_term_string}\"},\"query-input\":{\"@type\":\"PropertyValueSpecification\",\"valueRequired\":true,\"valueName\":\"search_term_string\"}}],\"inLanguage\":\"de-DE\"},{\"@type\":\"Organization\",\"@id\":\"https:\/\/www.snek.se\/de\/#organization\",\"name\":\"Sn\u00eak\",\"url\":\"https:\/\/www.snek.se\/de\/\",\"logo\":{\"@type\":\"ImageObject\",\"inLanguage\":\"de-DE\",\"@id\":\"https:\/\/www.snek.se\/de\/#\/schema\/logo\/image\/\",\"url\":\"https:\/\/www.snek.se\/wp-content\/uploads\/2026\/01\/snek-logotyp-insta-scaled.jpg\",\"contentUrl\":\"https:\/\/www.snek.se\/wp-content\/uploads\/2026\/01\/snek-logotyp-insta-scaled.jpg\",\"width\":2560,\"height\":2560,\"caption\":\"Sn\u00eak\"},\"image\":{\"@id\":\"https:\/\/www.snek.se\/de\/#\/schema\/logo\/image\/\"},\"sameAs\":[\"https:\/\/www.facebook.com\/snekkitchens\/\",\"https:\/\/www.instagram.com\/snek.kok\/\",\"https:\/\/www.linkedin.com\/company\/snek-kok\/\",\"https:\/\/se.pinterest.com\/SnekKitchens\/\",\"https:\/\/www.youtube.com\/channel\/UCT9DWn-4DMpKHHqbRXV4bZQ\/\"]}]}<\/script>\n<!-- \/ Yoast SEO plugin. -->","yoast_head_json":{"title":"\u00dcber Sn\u00eak | Sn\u00eak","description":"Sn\u00eak tillverkar kundanpassade k\u00f6k i massivt tr\u00e4 sedan 2019. L\u00e4r k\u00e4nna oss, v\u00e5r historia och v\u00e5rt hantverk fr\u00e5n T\u00f6refors i Norrbotten.","robots":{"index":"index","follow":"follow","max-snippet":"max-snippet:-1","max-image-preview":"max-image-preview:large","max-video-preview":"max-video-preview:-1"},"canonical":"https:\/\/www.snek.se\/de\/ueber-snek\/","og_locale":"de_DE","og_type":"article","og_title":"\u00dcber Sn\u00eak | Sn\u00eak","og_description":"Sn\u00eak tillverkar kundanpassade k\u00f6k i massivt tr\u00e4 sedan 2019. L\u00e4r k\u00e4nna oss, v\u00e5r historia och v\u00e5rt hantverk fr\u00e5n T\u00f6refors i Norrbotten.","og_url":"https:\/\/www.snek.se\/de\/ueber-snek\/","og_site_name":"Sn\u00eak","article_publisher":"https:\/\/www.facebook.com\/snekkitchens\/","article_modified_time":"2026-04-08T22:08:11+00:00","og_image":[{"width":1920,"height":1279,"url":"https:\/\/www.snek.se\/wp-content\/uploads\/2025\/07\/unnamed4.jpg","type":"image\/jpeg"}],"twitter_card":"summary_large_image","twitter_misc":{"Est. reading time":"3 minutes"},"schema":{"@context":"https:\/\/schema.org","@graph":[{"@type":"WebPage","@id":"https:\/\/www.snek.se\/de\/ueber-snek\/","url":"https:\/\/www.snek.se\/de\/ueber-snek\/","name":"\u00dcber Sn\u00eak | Sn\u00eak","isPartOf":{"@id":"https:\/\/www.snek.se\/de\/#website"},"primaryImageOfPage":{"@id":"https:\/\/www.snek.se\/de\/ueber-snek\/#primaryimage"},"image":{"@id":"https:\/\/www.snek.se\/de\/ueber-snek\/#primaryimage"},"thumbnailUrl":"https:\/\/www.snek.se\/wp-content\/uploads\/2025\/07\/unnamed4.jpg","datePublished":"2026-04-08T17:16:00+00:00","dateModified":"2026-04-08T22:08:11+00:00","description":"Sn\u00eak tillverkar kundanpassade k\u00f6k i massivt tr\u00e4 sedan 2019. L\u00e4r k\u00e4nna oss, v\u00e5r historia och v\u00e5rt hantverk fr\u00e5n T\u00f6refors i Norrbotten.","breadcrumb":{"@id":"https:\/\/www.snek.se\/de\/ueber-snek\/#breadcrumb"},"inLanguage":"de-DE","potentialAction":[{"@type":"ReadAction","target":["https:\/\/www.snek.se\/de\/ueber-snek\/"]}]},{"@type":"ImageObject","inLanguage":"de-DE","@id":"https:\/\/www.snek.se\/de\/ueber-snek\/#primaryimage","url":"https:\/\/www.snek.se\/wp-content\/uploads\/2025\/07\/unnamed4.jpg","contentUrl":"https:\/\/www.snek.se\/wp-content\/uploads\/2025\/07\/unnamed4.jpg","width":1920,"height":1279,"caption":"Platsbyggt k\u00f6k i mjuk gr\u00f6n ton."},{"@type":"BreadcrumbList","@id":"https:\/\/www.snek.se\/de\/ueber-snek\/#breadcrumb","itemListElement":[{"@type":"ListItem","position":1,"name":"Hem","item":"https:\/\/www.snek.se\/de\/"},{"@type":"ListItem","position":2,"name":"\u00dcber Sn\u00eak"}]},{"@type":"WebSite","@id":"https:\/\/www.snek.se\/de\/#website","url":"https:\/\/www.snek.se\/de\/","name":"Sn\u00eak","description":"Snickrade k\u00f6k fr\u00e5n Norrbotten","publisher":{"@id":"https:\/\/www.snek.se\/de\/#organization"},"potentialAction":[{"@type":"SearchAction","target":{"@type":"EntryPoint","urlTemplate":"https:\/\/www.snek.se\/de\/?s={search_term_string}"},"query-input":{"@type":"PropertyValueSpecification","valueRequired":true,"valueName":"search_term_string"}}],"inLanguage":"de-DE"},{"@type":"Organization","@id":"https:\/\/www.snek.se\/de\/#organization","name":"Sn\u00eak","url":"https:\/\/www.snek.se\/de\/","logo":{"@type":"ImageObject","inLanguage":"de-DE","@id":"https:\/\/www.snek.se\/de\/#\/schema\/logo\/image\/","url":"https:\/\/www.snek.se\/wp-content\/uploads\/2026\/01\/snek-logotyp-insta-scaled.jpg","contentUrl":"https:\/\/www.snek.se\/wp-content\/uploads\/2026\/01\/snek-logotyp-insta-scaled.jpg","width":2560,"height":2560,"caption":"Sn\u00eak"},"image":{"@id":"https:\/\/www.snek.se\/de\/#\/schema\/logo\/image\/"},"sameAs":["https:\/\/www.facebook.com\/snekkitchens\/","https:\/\/www.instagram.com\/snek.kok\/","https:\/\/www.linkedin.com\/company\/snek-kok\/","https:\/\/se.pinterest.com\/SnekKitchens\/","https:\/\/www.youtube.com\/channel\/UCT9DWn-4DMpKHHqbRXV4bZQ\/"]}]}},"_links":{"self":[{"href":"https:\/\/www.snek.se\/de\/wp-json\/wp\/v2\/pages\/155291","targetHints":{"allow":["GET"]}}],"collection":[{"href":"https:\/\/www.snek.se\/de\/wp-json\/wp\/v2\/pages"}],"about":[{"href":"https:\/\/www.snek.se\/de\/wp-json\/wp\/v2\/types\/page"}],"replies":[{"embeddable":true,"href":"https:\/\/www.snek.se\/de\/wp-json\/wp\/v2\/comments?post=155291"}],"version-history":[{"count":2,"href":"https:\/\/www.snek.se\/de\/wp-json\/wp\/v2\/pages\/155291\/revisions"}],"predecessor-version":[{"id":155874,"href":"https:\/\/www.snek.se\/de\/wp-json\/wp\/v2\/pages\/155291\/revisions\/155874"}],"wp:featuredmedia":[{"embeddable":true,"href":"https:\/\/www.snek.se\/de\/wp-json\/wp\/v2\/media\/144817"}],"wp:attachment":[{"href":"https:\/\/www.snek.se\/de\/wp-json\/wp\/v2\/media?parent=155291"}],"curies":[{"name":"wp","href":"https:\/\/api.w.org\/{rel}","templated":true}]}}