{"id":155263,"date":"2026-04-08T19:15:58","date_gmt":"2026-04-08T17:15:58","guid":{"rendered":"https:\/\/www.snek.se\/kontakt-2\/"},"modified":"2026-04-09T00:08:08","modified_gmt":"2026-04-08T22:08:08","slug":"kontakt-2","status":"publish","type":"page","link":"https:\/\/www.snek.se\/de\/kontakt-2\/","title":{"rendered":"Kontakt"},"content":{"rendered":"\t\t<div data-elementor-type=\"wp-page\" data-elementor-id=\"155263\" class=\"elementor elementor-155263 elementor-1464\" data-elementor-post-type=\"page\">\n\t\t\t\t<div class=\"elementor-element elementor-element-fa70b99 e-flex e-con-boxed e-con e-parent\" data-id=\"fa70b99\" data-element_type=\"container\" data-e-type=\"container\">\n\t\t\t\t\t<div class=\"e-con-inner\">\n\t\t\t\t<div class=\"elementor-element elementor-element-635f1274 elementor-widget elementor-widget-heading\" data-id=\"635f1274\" data-element_type=\"widget\" data-e-type=\"widget\" data-widget_type=\"heading.default\">\n\t\t\t\t<div class=\"elementor-widget-container\">\n\t\t\t\t\t<h1 class=\"elementor-heading-title elementor-size-default\">Kontaktieren Sie uns<\/h1>\t\t\t\t<\/div>\n\t\t\t\t<\/div>\n\t\t\t\t<div class=\"elementor-element elementor-element-749443a7 elementor-widget__width-initial elementor-widget elementor-widget-text-editor\" data-id=\"749443a7\" data-element_type=\"widget\" data-e-type=\"widget\" data-widget_type=\"text-editor.default\">\n\t\t\t\t<div class=\"elementor-widget-container\">\n\t\t\t\t\t\t\t\t\t<p style=\"text-align: center;\">Haben Sie eine Frage, m\u00f6chten Sie einen Termin buchen oder einfach ein wenig \u00fcber K\u00fcchen sprechen?<br data-start=\"201\" data-end=\"204\" \/>Sie sind jederzeit herzlich willkommen, uns zu kontaktieren.<br data-start=\"243\" data-end=\"246\" \/>Wir antworten so schnell wie m\u00f6glich, ob es sich um eine laufende Bestellung handelt, eine Idee, die Sie besprechen m\u00f6chten, oder Hilfe beim Einstieg.<\/p>\n\t\t\t\t\t\t\t\t<\/div>\n\t\t\t\t<\/div>\n\t\t\t\t\t<\/div>\n\t\t\t\t<\/div>\n\t\t<div class=\"elementor-element elementor-element-50d65da9 e-flex e-con-boxed e-con e-parent\" data-id=\"50d65da9\" data-element_type=\"container\" data-e-type=\"container\">\n\t\t\t\t\t<div class=\"e-con-inner\">\n\t\t<div class=\"elementor-element elementor-element-5e179926 e-con-full e-flex e-con e-child\" data-id=\"5e179926\" data-element_type=\"container\" data-e-type=\"container\">\n\t\t\t\t<div class=\"elementor-element elementor-element-154b5c1 elementor-widget elementor-widget-heading\" data-id=\"154b5c1\" data-element_type=\"widget\" data-e-type=\"widget\" data-widget_type=\"heading.default\">\n\t\t\t\t<div class=\"elementor-widget-container\">\n\t\t\t\t\t<h2 class=\"elementor-heading-title elementor-size-default\">Pressekontakt<\/h2>\t\t\t\t<\/div>\n\t\t\t\t<\/div>\n\t\t\t\t<div class=\"elementor-element elementor-element-83b8fda elementor-widget elementor-widget-text-editor\" data-id=\"83b8fda\" data-element_type=\"widget\" data-e-type=\"widget\" data-widget_type=\"text-editor.default\">\n\t\t\t\t<div class=\"elementor-widget-container\">\n\t\t\t\t\t\t\t\t\t<p>Felicia Larsson<br class=\"soft-break\" \/>Marketingkommunikation<br class=\"soft-break\" \/>E-Mail: marknad@snek.se<\/p>\n<p><u>So verarbeiten wir Ihre personenbezogenen Daten<\/u><\/p>\n\t\t\t\t\t\t\t\t<\/div>\n\t\t\t\t<\/div>\n\t\t\t\t<\/div>\n\t\t<div class=\"elementor-element elementor-element-3d0208f0 e-con-full e-flex e-con e-child\" data-id=\"3d0208f0\" data-element_type=\"container\" data-e-type=\"container\" data-settings=\"{&quot;background_background&quot;:&quot;classic&quot;}\">\n\t\t\t\t<div class=\"elementor-element elementor-element-24386aa elementor-widget elementor-widget-heading\" data-id=\"24386aa\" data-element_type=\"widget\" data-e-type=\"widget\" data-widget_type=\"heading.default\">\n\t\t\t\t<div class=\"elementor-widget-container\">\n\t\t\t\t\t<h2 class=\"elementor-heading-title elementor-size-default\">Fragen<\/h2>\t\t\t\t<\/div>\n\t\t\t\t<\/div>\n\t\t\t\t<div class=\"elementor-element elementor-element-2a095d0 elementor-widget elementor-widget-text-editor\" data-id=\"2a095d0\" data-element_type=\"widget\" data-e-type=\"widget\" data-widget_type=\"text-editor.default\">\n\t\t\t\t<div class=\"elementor-widget-container\">\n\t\t\t\t\t\t\t\t\t<p><strong>Haben Sie Fragen zu einer K\u00fcche?<\/strong> <br \/>Kontaktieren Sie uns i basecamp<\/p>\n<p><strong>Haben Sie Fragen zur Lieferung?<br \/><\/strong>Kontaktieren Sie uns i basecamp<\/p>\n\t\t\t\t\t\t\t\t<\/div>\n\t\t\t\t<\/div>\n\t\t\t\t<\/div>\n\t\t<div class=\"elementor-element elementor-element-ffe079b e-con-full e-flex e-con e-child\" data-id=\"ffe079b\" data-element_type=\"container\" data-e-type=\"container\">\n\t\t\t\t<div class=\"elementor-element elementor-element-73fd2cde elementor-widget elementor-widget-heading\" data-id=\"73fd2cde\" data-element_type=\"widget\" data-e-type=\"widget\" data-widget_type=\"heading.default\">\n\t\t\t\t<div class=\"elementor-widget-container\">\n\t\t\t\t\t<h2 class=\"elementor-heading-title elementor-size-default\">Kundenservice<\/h2>\t\t\t\t<\/div>\n\t\t\t\t<\/div>\n\t\t\t\t<div class=\"elementor-element elementor-element-3584e3b5 elementor-widget elementor-widget-text-editor\" data-id=\"3584e3b5\" data-element_type=\"widget\" data-e-type=\"widget\" data-widget_type=\"text-editor.default\">\n\t\t\t\t<div class=\"elementor-widget-container\">\n\t\t\t\t\t\t\t\t\t<p><strong>Kundenservicemejl:<\/strong> Wird montags bis freitags beantwortet. Wir antworten in der Regel innerhalb von 24 Stunden an Werktagen.<\/p>\n<p>E-Mail: info@snek.se<\/p>\n<p><strong>Telefon:<\/strong> Erreichbar montags bis freitags (Werktage) zwischen 09:00-11:00 Uhr, unter 0923-665 70<\/p>\n<p><strong>K\u00fcchenplaner:<\/strong> Erreichbar montags bis freitags (Werktage) zwischen 09:00-15:00 Uhr (Mittagspause 11:00-12:00)<\/p>\n\t\t\t\t\t\t\t\t<\/div>\n\t\t\t\t<\/div>\n\t\t\t\t<\/div>\n\t\t\t\t\t<\/div>\n\t\t\t\t<\/div>\n\t\t<div class=\"elementor-element elementor-element-3acd71f e-flex e-con-boxed e-con e-parent\" data-id=\"3acd71f\" data-element_type=\"container\" data-e-type=\"container\">\n\t\t\t\t\t<div class=\"e-con-inner\">\n\t\t<div class=\"elementor-element elementor-element-2be9435 e-con-full e-flex e-con e-child\" data-id=\"2be9435\" data-element_type=\"container\" data-e-type=\"container\" data-settings=\"{&quot;background_background&quot;:&quot;classic&quot;}\">\n\t\t\t\t<div class=\"elementor-element elementor-element-5a617ca elementor-widget elementor-widget-image\" data-id=\"5a617ca\" data-element_type=\"widget\" data-e-type=\"widget\" data-widget_type=\"image.default\">\n\t\t\t\t<div class=\"elementor-widget-container\">\n\t\t\t\t\t\t\t\t\t\t\t\t\t\t\t<img fetchpriority=\"high\" decoding=\"async\" width=\"800\" height=\"324\" src=\"https:\/\/www.snek.se\/wp-content\/uploads\/2025\/06\/Snek_white_screen.png\" class=\"attachment-large size-large wp-image-143531\" alt=\"\" srcset=\"https:\/\/www.snek.se\/wp-content\/uploads\/2025\/06\/Snek_white_screen.png 1644w, https:\/\/www.snek.se\/wp-content\/uploads\/2025\/06\/Snek_white_screen-500x202.png 500w, https:\/\/www.snek.se\/wp-content\/uploads\/2025\/06\/Snek_white_screen-768x311.png 768w, https:\/\/www.snek.se\/wp-content\/uploads\/2025\/06\/Snek_white_screen-1536x621.png 1536w, https:\/\/www.snek.se\/wp-content\/uploads\/2025\/06\/Snek_white_screen-1200x485.png 1200w\" sizes=\"(max-width: 800px) 100vw, 800px\" \/>\t\t\t\t\t\t\t\t\t\t\t\t\t\t\t<\/div>\n\t\t\t\t<\/div>\n\t\t\t\t<div class=\"elementor-element elementor-element-8f5e176 elementor-widget elementor-widget-text-editor\" data-id=\"8f5e176\" data-element_type=\"widget\" data-e-type=\"widget\" data-widget_type=\"text-editor.default\">\n\t\t\t\t<div class=\"elementor-widget-container\">\n\t\t\t\t\t\t\t\t\t<p>Sn\u00eak Aktiebolag<\/p>\n<p>T\u00f6refors 225<\/p>\n<p>952 44 T\u00f6re<\/p>\n<p>Org.-Nr.: 559206-5055<\/p>\n\t\t\t\t\t\t\t\t<\/div>\n\t\t\t\t<\/div>\n\t\t\t\t<\/div>\n\t\t<div class=\"elementor-element elementor-element-d2927b8 e-con-full e-flex e-con e-child\" data-id=\"d2927b8\" data-element_type=\"container\" data-e-type=\"container\">\n\t\t\t\t<div class=\"elementor-element elementor-element-b9cf826 elementor-widget elementor-widget-google_maps\" data-id=\"b9cf826\" data-element_type=\"widget\" data-e-type=\"widget\" data-widget_type=\"google_maps.default\">\n\t\t\t\t<div class=\"elementor-widget-container\">\n\t\t\t\t\t\t\t<div class=\"elementor-custom-embed\">\n\t\t\t<iframe loading=\"lazy\"\n\t\t\t\t\tsrc=\"https:\/\/maps.google.com\/maps?q=t%C3%B6refors%20225%2C%2095244%20T%C3%B6re&#038;t=m&#038;z=13&#038;output=embed&#038;iwloc=near\"\n\t\t\t\t\ttitle=\"t\u00f6refors 225, 95244 T\u00f6re\"\n\t\t\t\t\taria-label=\"t\u00f6refors 225, 95244 T\u00f6re\"\n\t\t\t><\/iframe>\n\t\t<\/div>\n\t\t\t\t\t\t<\/div>\n\t\t\t\t<\/div>\n\t\t\t\t<\/div>\n\t\t\t\t\t<\/div>\n\t\t\t\t<\/div>\n\t\t<div class=\"elementor-element elementor-element-2b10f3d2 e-flex e-con-boxed e-con e-parent\" data-id=\"2b10f3d2\" data-element_type=\"container\" data-e-type=\"container\" data-settings=\"{&quot;background_background&quot;:&quot;classic&quot;}\">\n\t\t\t\t\t<div class=\"e-con-inner\">\n\t\t\t\t<div class=\"elementor-element elementor-element-1a9c277 elementor-widget elementor-widget-heading\" data-id=\"1a9c277\" data-element_type=\"widget\" data-e-type=\"widget\" data-widget_type=\"heading.default\">\n\t\t\t\t<div class=\"elementor-widget-container\">\n\t\t\t\t\t<h3 class=\"elementor-heading-title elementor-size-default\">M\u00f6chten Sie mit uns \u00fcber K\u00fcchen sprechen?<\/h3>\t\t\t\t<\/div>\n\t\t\t\t<\/div>\n\t\t\t\t<div class=\"elementor-element elementor-element-7e7c85fd elementor-widget__width-initial elementor-widget elementor-widget-text-editor\" data-id=\"7e7c85fd\" data-element_type=\"widget\" data-e-type=\"widget\" data-widget_type=\"text-editor.default\">\n\t\t\t\t<div class=\"elementor-widget-container\">\n\t\t\t\t\t\t\t\t\t<p style=\"text-align: center;\">Boka ett m\u00f6te med v\u00e5ra k\u00f6ksplanerare s\u00e5 hj\u00e4lper vi dig.\u00a0<\/p>\n\t\t\t\t\t\t\t\t<\/div>\n\t\t\t\t<\/div>\n\t\t\t\t<div class=\"elementor-element elementor-element-003df72 elementor-widget elementor-widget-html\" data-id=\"003df72\" data-element_type=\"widget\" data-e-type=\"widget\" data-widget_type=\"html.default\">\n\t\t\t\t<div class=\"elementor-widget-container\">\n\t\t\t\t\t<a href=\"https:\/\/www.snek.se\/samtal-med-koksplanerare\/\" style=\"text-decoration: none\">\n    <button class=\"bracket-button-w\">\n        Termin buchen\n    <\/button>\n<\/a>\t\t\t\t<\/div>\n\t\t\t\t<\/div>\n\t\t\t\t\t<\/div>\n\t\t\t\t<\/div>\n\t\t\t\t<\/div>\n\t\t","protected":false},"excerpt":{"rendered":"<p>Kontaktieren Sie uns Haben Sie eine Frage, m\u00f6chten Sie einen Termin buchen oder einfach ein wenig \u00fcber K\u00fcchen sprechen?Sie sind jederzeit herzlich willkommen, uns zu kontaktieren.Wir antworten so schnell wie m\u00f6glich, ob es sich um eine laufende Bestellung handelt, eine Idee, die Sie besprechen m\u00f6chten, oder Hilfe beim Einstieg. Pressekontakt Felicia LarssonMarketingkommunikationE-Mail: marknad@snek.se So verarbeiten [&hellip;]<\/p>\n","protected":false},"author":0,"featured_media":0,"parent":0,"menu_order":0,"comment_status":"closed","ping_status":"closed","template":"elementor_canvas","meta":{"_acf_changed":false,"footnotes":""},"class_list":["post-155263","page","type-page","status-publish","hentry"],"acf":[],"yoast_head":"<!-- This site is optimized with the Yoast SEO plugin v27.2 - https:\/\/yoast.com\/product\/yoast-seo-wordpress\/ -->\n<title>Kontakt | Sn\u00eak<\/title>\n<meta name=\"description\" content=\"Kontaktieren Sie uns bei Fragen zu K\u00fcchen, Planung oder Bestellung. Vi finns i Stockholm och Norrbotten.\" \/>\n<meta name=\"robots\" content=\"index, follow, max-snippet:-1, max-image-preview:large, max-video-preview:-1\" \/>\n<link rel=\"canonical\" href=\"https:\/\/www.snek.se\/de\/kontakt-2\/\" \/>\n<meta property=\"og:locale\" content=\"de_DE\" \/>\n<meta property=\"og:type\" content=\"article\" \/>\n<meta property=\"og:title\" content=\"Kontakt | Sn\u00eak\" \/>\n<meta property=\"og:description\" content=\"Kontaktieren Sie uns bei Fragen zu K\u00fcchen, Planung oder Bestellung. Vi finns i Stockholm och Norrbotten.\" \/>\n<meta property=\"og:url\" content=\"https:\/\/www.snek.se\/de\/kontakt-2\/\" \/>\n<meta property=\"og:site_name\" content=\"Sn\u00eak\" \/>\n<meta property=\"article:publisher\" content=\"https:\/\/www.facebook.com\/snekkitchens\/\" \/>\n<meta property=\"article:modified_time\" content=\"2026-04-08T22:08:08+00:00\" \/>\n<meta property=\"og:image\" content=\"https:\/\/www.snek.se\/wp-content\/uploads\/2025\/06\/Snek_white_screen.png\" \/>\n\t<meta property=\"og:image:width\" content=\"1644\" \/>\n\t<meta property=\"og:image:height\" content=\"665\" \/>\n\t<meta property=\"og:image:type\" content=\"image\/png\" \/>\n<meta name=\"twitter:card\" content=\"summary_large_image\" \/>\n<meta name=\"twitter:label1\" content=\"Est. reading time\" \/>\n\t<meta name=\"twitter:data1\" content=\"1 minute\" \/>\n<script type=\"application\/ld+json\" class=\"yoast-schema-graph\">{\"@context\":\"https:\/\/schema.org\",\"@graph\":[{\"@type\":\"WebPage\",\"@id\":\"https:\/\/www.snek.se\/de\/kontakt-2\/\",\"url\":\"https:\/\/www.snek.se\/de\/kontakt-2\/\",\"name\":\"Kontakt | Sn\u00eak\",\"isPartOf\":{\"@id\":\"https:\/\/www.snek.se\/de\/#website\"},\"primaryImageOfPage\":{\"@id\":\"https:\/\/www.snek.se\/de\/kontakt-2\/#primaryimage\"},\"image\":{\"@id\":\"https:\/\/www.snek.se\/de\/kontakt-2\/#primaryimage\"},\"thumbnailUrl\":\"https:\/\/www.snek.se\/wp-content\/uploads\/2025\/06\/Snek_white_screen.png\",\"datePublished\":\"2026-04-08T17:15:58+00:00\",\"dateModified\":\"2026-04-08T22:08:08+00:00\",\"description\":\"Kontaktieren Sie uns bei Fragen zu K\u00fcchen, Planung oder Bestellung. Vi finns i Stockholm och Norrbotten.\",\"breadcrumb\":{\"@id\":\"https:\/\/www.snek.se\/de\/kontakt-2\/#breadcrumb\"},\"inLanguage\":\"de-DE\",\"potentialAction\":[{\"@type\":\"ReadAction\",\"target\":[\"https:\/\/www.snek.se\/de\/kontakt-2\/\"]}]},{\"@type\":\"ImageObject\",\"inLanguage\":\"de-DE\",\"@id\":\"https:\/\/www.snek.se\/de\/kontakt-2\/#primaryimage\",\"url\":\"https:\/\/www.snek.se\/wp-content\/uploads\/2025\/06\/Snek_white_screen.png\",\"contentUrl\":\"https:\/\/www.snek.se\/wp-content\/uploads\/2025\/06\/Snek_white_screen.png\"},{\"@type\":\"BreadcrumbList\",\"@id\":\"https:\/\/www.snek.se\/de\/kontakt-2\/#breadcrumb\",\"itemListElement\":[{\"@type\":\"ListItem\",\"position\":1,\"name\":\"Hem\",\"item\":\"https:\/\/www.snek.se\/de\/\"},{\"@type\":\"ListItem\",\"position\":2,\"name\":\"Kontakt\"}]},{\"@type\":\"WebSite\",\"@id\":\"https:\/\/www.snek.se\/de\/#website\",\"url\":\"https:\/\/www.snek.se\/de\/\",\"name\":\"Sn\u00eak\",\"description\":\"Snickrade k\u00f6k fr\u00e5n Norrbotten\",\"publisher\":{\"@id\":\"https:\/\/www.snek.se\/de\/#organization\"},\"potentialAction\":[{\"@type\":\"SearchAction\",\"target\":{\"@type\":\"EntryPoint\",\"urlTemplate\":\"https:\/\/www.snek.se\/de\/?s={search_term_string}\"},\"query-input\":{\"@type\":\"PropertyValueSpecification\",\"valueRequired\":true,\"valueName\":\"search_term_string\"}}],\"inLanguage\":\"de-DE\"},{\"@type\":\"Organization\",\"@id\":\"https:\/\/www.snek.se\/de\/#organization\",\"name\":\"Sn\u00eak\",\"url\":\"https:\/\/www.snek.se\/de\/\",\"logo\":{\"@type\":\"ImageObject\",\"inLanguage\":\"de-DE\",\"@id\":\"https:\/\/www.snek.se\/de\/#\/schema\/logo\/image\/\",\"url\":\"https:\/\/www.snek.se\/wp-content\/uploads\/2026\/01\/snek-logotyp-insta-scaled.jpg\",\"contentUrl\":\"https:\/\/www.snek.se\/wp-content\/uploads\/2026\/01\/snek-logotyp-insta-scaled.jpg\",\"width\":2560,\"height\":2560,\"caption\":\"Sn\u00eak\"},\"image\":{\"@id\":\"https:\/\/www.snek.se\/de\/#\/schema\/logo\/image\/\"},\"sameAs\":[\"https:\/\/www.facebook.com\/snekkitchens\/\",\"https:\/\/www.instagram.com\/snek.kok\/\",\"https:\/\/www.linkedin.com\/company\/snek-kok\/\",\"https:\/\/se.pinterest.com\/SnekKitchens\/\",\"https:\/\/www.youtube.com\/channel\/UCT9DWn-4DMpKHHqbRXV4bZQ\/\"]}]}<\/script>\n<!-- \/ Yoast SEO plugin. -->","yoast_head_json":{"title":"Kontakt | Sn\u00eak","description":"Kontaktieren Sie uns bei Fragen zu K\u00fcchen, Planung oder Bestellung. Vi finns i Stockholm och Norrbotten.","robots":{"index":"index","follow":"follow","max-snippet":"max-snippet:-1","max-image-preview":"max-image-preview:large","max-video-preview":"max-video-preview:-1"},"canonical":"https:\/\/www.snek.se\/de\/kontakt-2\/","og_locale":"de_DE","og_type":"article","og_title":"Kontakt | Sn\u00eak","og_description":"Kontaktieren Sie uns bei Fragen zu K\u00fcchen, Planung oder Bestellung. Vi finns i Stockholm och Norrbotten.","og_url":"https:\/\/www.snek.se\/de\/kontakt-2\/","og_site_name":"Sn\u00eak","article_publisher":"https:\/\/www.facebook.com\/snekkitchens\/","article_modified_time":"2026-04-08T22:08:08+00:00","og_image":[{"width":1644,"height":665,"url":"https:\/\/www.snek.se\/wp-content\/uploads\/2025\/06\/Snek_white_screen.png","type":"image\/png"}],"twitter_card":"summary_large_image","twitter_misc":{"Est. reading time":"1 minute"},"schema":{"@context":"https:\/\/schema.org","@graph":[{"@type":"WebPage","@id":"https:\/\/www.snek.se\/de\/kontakt-2\/","url":"https:\/\/www.snek.se\/de\/kontakt-2\/","name":"Kontakt | Sn\u00eak","isPartOf":{"@id":"https:\/\/www.snek.se\/de\/#website"},"primaryImageOfPage":{"@id":"https:\/\/www.snek.se\/de\/kontakt-2\/#primaryimage"},"image":{"@id":"https:\/\/www.snek.se\/de\/kontakt-2\/#primaryimage"},"thumbnailUrl":"https:\/\/www.snek.se\/wp-content\/uploads\/2025\/06\/Snek_white_screen.png","datePublished":"2026-04-08T17:15:58+00:00","dateModified":"2026-04-08T22:08:08+00:00","description":"Kontaktieren Sie uns bei Fragen zu K\u00fcchen, Planung oder Bestellung. Vi finns i Stockholm och Norrbotten.","breadcrumb":{"@id":"https:\/\/www.snek.se\/de\/kontakt-2\/#breadcrumb"},"inLanguage":"de-DE","potentialAction":[{"@type":"ReadAction","target":["https:\/\/www.snek.se\/de\/kontakt-2\/"]}]},{"@type":"ImageObject","inLanguage":"de-DE","@id":"https:\/\/www.snek.se\/de\/kontakt-2\/#primaryimage","url":"https:\/\/www.snek.se\/wp-content\/uploads\/2025\/06\/Snek_white_screen.png","contentUrl":"https:\/\/www.snek.se\/wp-content\/uploads\/2025\/06\/Snek_white_screen.png"},{"@type":"BreadcrumbList","@id":"https:\/\/www.snek.se\/de\/kontakt-2\/#breadcrumb","itemListElement":[{"@type":"ListItem","position":1,"name":"Hem","item":"https:\/\/www.snek.se\/de\/"},{"@type":"ListItem","position":2,"name":"Kontakt"}]},{"@type":"WebSite","@id":"https:\/\/www.snek.se\/de\/#website","url":"https:\/\/www.snek.se\/de\/","name":"Sn\u00eak","description":"Snickrade k\u00f6k fr\u00e5n Norrbotten","publisher":{"@id":"https:\/\/www.snek.se\/de\/#organization"},"potentialAction":[{"@type":"SearchAction","target":{"@type":"EntryPoint","urlTemplate":"https:\/\/www.snek.se\/de\/?s={search_term_string}"},"query-input":{"@type":"PropertyValueSpecification","valueRequired":true,"valueName":"search_term_string"}}],"inLanguage":"de-DE"},{"@type":"Organization","@id":"https:\/\/www.snek.se\/de\/#organization","name":"Sn\u00eak","url":"https:\/\/www.snek.se\/de\/","logo":{"@type":"ImageObject","inLanguage":"de-DE","@id":"https:\/\/www.snek.se\/de\/#\/schema\/logo\/image\/","url":"https:\/\/www.snek.se\/wp-content\/uploads\/2026\/01\/snek-logotyp-insta-scaled.jpg","contentUrl":"https:\/\/www.snek.se\/wp-content\/uploads\/2026\/01\/snek-logotyp-insta-scaled.jpg","width":2560,"height":2560,"caption":"Sn\u00eak"},"image":{"@id":"https:\/\/www.snek.se\/de\/#\/schema\/logo\/image\/"},"sameAs":["https:\/\/www.facebook.com\/snekkitchens\/","https:\/\/www.instagram.com\/snek.kok\/","https:\/\/www.linkedin.com\/company\/snek-kok\/","https:\/\/se.pinterest.com\/SnekKitchens\/","https:\/\/www.youtube.com\/channel\/UCT9DWn-4DMpKHHqbRXV4bZQ\/"]}]}},"_links":{"self":[{"href":"https:\/\/www.snek.se\/de\/wp-json\/wp\/v2\/pages\/155263","targetHints":{"allow":["GET"]}}],"collection":[{"href":"https:\/\/www.snek.se\/de\/wp-json\/wp\/v2\/pages"}],"about":[{"href":"https:\/\/www.snek.se\/de\/wp-json\/wp\/v2\/types\/page"}],"replies":[{"embeddable":true,"href":"https:\/\/www.snek.se\/de\/wp-json\/wp\/v2\/comments?post=155263"}],"version-history":[{"count":4,"href":"https:\/\/www.snek.se\/de\/wp-json\/wp\/v2\/pages\/155263\/revisions"}],"predecessor-version":[{"id":155721,"href":"https:\/\/www.snek.se\/de\/wp-json\/wp\/v2\/pages\/155263\/revisions\/155721"}],"wp:attachment":[{"href":"https:\/\/www.snek.se\/de\/wp-json\/wp\/v2\/media?parent=155263"}],"curies":[{"name":"wp","href":"https:\/\/api.w.org\/{rel}","templated":true}]}}