{"id":155261,"date":"2026-04-08T19:15:58","date_gmt":"2026-04-08T17:15:58","guid":{"rendered":"https:\/\/www.snek.se\/kuechenplanung-abstimmung\/"},"modified":"2026-04-09T00:08:08","modified_gmt":"2026-04-08T22:08:08","slug":"kuechenplanung-abstimmung","status":"publish","type":"page","link":"https:\/\/www.snek.se\/de\/kuechenplanung-abstimmung\/","title":{"rendered":"K\u00fcchenplanung und Abstimmung"},"content":{"rendered":"\t\t<div data-elementor-type=\"wp-page\" data-elementor-id=\"155261\" class=\"elementor elementor-155261 elementor-8946\" data-elementor-post-type=\"page\">\n\t\t\t\t<div class=\"elementor-element elementor-element-f951c0c e-flex e-con-boxed e-con e-parent\" data-id=\"f951c0c\" data-element_type=\"container\" data-e-type=\"container\">\n\t\t\t\t\t<div class=\"e-con-inner\">\n\t\t\t\t<div class=\"elementor-element elementor-element-90d8f2b elementor-widget elementor-widget-heading\" data-id=\"90d8f2b\" data-element_type=\"widget\" data-e-type=\"widget\" data-widget_type=\"heading.default\">\n\t\t\t\t<div class=\"elementor-widget-container\">\n\t\t\t\t\t<h2 class=\"elementor-heading-title elementor-size-default\">Abstimmung mit dem K\u00fcchenplaner<\/h2>\t\t\t\t<\/div>\n\t\t\t\t<\/div>\n\t\t\t\t<div class=\"elementor-element elementor-element-a38da19 elementor-widget__width-initial elementor-widget elementor-widget-text-editor\" data-id=\"a38da19\" data-element_type=\"widget\" data-e-type=\"widget\" data-widget_type=\"text-editor.default\">\n\t\t\t\t<div class=\"elementor-widget-container\">\n\t\t\t\t\t\t\t\t\t<div class=\"vc_custom_heading_wrap \"><div class=\"heading-text el-text\">F\u00fcr Sie, die einen Termin mit einem K\u00fcchenplaner buchen m\u00f6chten.<\/div><\/div>\t\t\t\t\t\t\t\t<\/div>\n\t\t\t\t<\/div>\n\t\t\t\t<div class=\"elementor-element elementor-element-38f60af elementor-widget elementor-widget-text-editor\" data-id=\"38f60af\" data-element_type=\"widget\" data-e-type=\"widget\" data-widget_type=\"text-editor.default\">\n\t\t\t\t<div class=\"elementor-widget-container\">\n\t\t\t\t\t\t\t\t\t<iframe src=\"https:\/\/www.snek.se\/de\/wp-json\/ssa\/v1\/embed-inner?integration&#038;type=avstamning&#038;label&#038;types=8&#038;edit&#038;view&#038;payment_provider&#038;ssa_locale=de_DE&#038;ssa_is_rtl&#038;sid=8ccf630a1c4487add841ca7e9372a8d39a31a1f0&#038;availability_start_date&#038;availability_end_date&#038;suggest_first_available&#038;suggest_first_available_within_minutes&#038;flow&#038;fallback_flow&#038;time_view&#038;date_view&#038;appointment_types_view&#038;version&#038;accent_color&#038;background&#038;padding&#038;font&#038;booking_url=https%3A%2F%2Fwww.snek.se%2Fde%2Fkuechenplanung-abstimmung%2F&#038;booking_post_id=155261&#038;booking_title=K%C3%BCchenplanung+und+Abstimmung&#038;_wpnonce=0a81498dc6&#038;redirect_post_id&#038;mepr_membership_id#\/\" height=\"400px\" width=\"100%\" name=\"ssa_booking\" loading=\"eager\" frameborder=\"0\" data-skip-lazy=\"1\" class=\"ssa_booking_iframe skip-lazy\" title=\"Book a time\"><\/iframe>\t\t\t\t\t\t\t\t<\/div>\n\t\t\t\t<\/div>\n\t\t\t\t\t<\/div>\n\t\t\t\t<\/div>\n\t\t\t\t<\/div>\n\t\t","protected":false},"excerpt":{"rendered":"<p>Abstimmung mit dem K\u00fcchenplaner F\u00fcr Sie, die einen Termin mit einem K\u00fcchenplaner buchen m\u00f6chten.<\/p>\n","protected":false},"author":0,"featured_media":145691,"parent":0,"menu_order":0,"comment_status":"closed","ping_status":"closed","template":"elementor_canvas","meta":{"_acf_changed":false,"footnotes":""},"class_list":["post-155261","page","type-page","status-publish","has-post-thumbnail","hentry"],"acf":[],"yoast_head":"<!-- This site is optimized with the Yoast SEO plugin v27.2 - https:\/\/yoast.com\/product\/yoast-seo-wordpress\/ -->\n<title>K\u00fcchenplanung und Abstimmung | Sn\u00eak<\/title>\n<meta name=\"description\" content=\"Boka tid f\u00f6r k\u00f6ksplanering och avst\u00e4mning med Sn\u00eak. Vi erbjuder personliga m\u00f6ten digitalt och p\u00e5 plats.\" \/>\n<meta name=\"robots\" content=\"index, follow, max-snippet:-1, max-image-preview:large, max-video-preview:-1\" \/>\n<link rel=\"canonical\" href=\"https:\/\/www.snek.se\/de\/kuechenplanung-abstimmung\/\" \/>\n<meta property=\"og:locale\" content=\"de_DE\" \/>\n<meta property=\"og:type\" content=\"article\" \/>\n<meta property=\"og:title\" content=\"K\u00fcchenplanung und Abstimmung | Sn\u00eak\" \/>\n<meta property=\"og:description\" content=\"Boka tid f\u00f6r k\u00f6ksplanering och avst\u00e4mning med Sn\u00eak. Vi erbjuder personliga m\u00f6ten digitalt och p\u00e5 plats.\" \/>\n<meta property=\"og:url\" content=\"https:\/\/www.snek.se\/de\/kuechenplanung-abstimmung\/\" \/>\n<meta property=\"og:site_name\" content=\"Sn\u00eak\" \/>\n<meta property=\"article:publisher\" content=\"https:\/\/www.facebook.com\/snekkitchens\/\" \/>\n<meta property=\"article:modified_time\" content=\"2026-04-08T22:08:08+00:00\" \/>\n<meta property=\"og:image\" content=\"https:\/\/www.snek.se\/wp-content\/uploads\/2025\/07\/IMG_0967.jpg\" \/>\n\t<meta property=\"og:image:width\" content=\"1320\" \/>\n\t<meta property=\"og:image:height\" content=\"1638\" \/>\n\t<meta property=\"og:image:type\" content=\"image\/jpeg\" \/>\n<meta name=\"twitter:card\" content=\"summary_large_image\" \/>\n<meta name=\"twitter:label1\" content=\"Est. reading time\" \/>\n\t<meta name=\"twitter:data1\" content=\"1 minute\" \/>\n<script type=\"application\/ld+json\" class=\"yoast-schema-graph\">{\"@context\":\"https:\/\/schema.org\",\"@graph\":[{\"@type\":\"WebPage\",\"@id\":\"https:\/\/www.snek.se\/de\/kuechenplanung-abstimmung\/\",\"url\":\"https:\/\/www.snek.se\/de\/kuechenplanung-abstimmung\/\",\"name\":\"K\u00fcchenplanung und Abstimmung | Sn\u00eak\",\"isPartOf\":{\"@id\":\"https:\/\/www.snek.se\/de\/#website\"},\"primaryImageOfPage\":{\"@id\":\"https:\/\/www.snek.se\/de\/kuechenplanung-abstimmung\/#primaryimage\"},\"image\":{\"@id\":\"https:\/\/www.snek.se\/de\/kuechenplanung-abstimmung\/#primaryimage\"},\"thumbnailUrl\":\"https:\/\/www.snek.se\/wp-content\/uploads\/2025\/07\/IMG_0967.jpg\",\"datePublished\":\"2026-04-08T17:15:58+00:00\",\"dateModified\":\"2026-04-08T22:08:08+00:00\",\"description\":\"Boka tid f\u00f6r k\u00f6ksplanering och avst\u00e4mning med Sn\u00eak. Vi erbjuder personliga m\u00f6ten digitalt och p\u00e5 plats.\",\"breadcrumb\":{\"@id\":\"https:\/\/www.snek.se\/de\/kuechenplanung-abstimmung\/#breadcrumb\"},\"inLanguage\":\"de-DE\",\"potentialAction\":[{\"@type\":\"ReadAction\",\"target\":[\"https:\/\/www.snek.se\/de\/kuechenplanung-abstimmung\/\"]}]},{\"@type\":\"ImageObject\",\"inLanguage\":\"de-DE\",\"@id\":\"https:\/\/www.snek.se\/de\/kuechenplanung-abstimmung\/#primaryimage\",\"url\":\"https:\/\/www.snek.se\/wp-content\/uploads\/2025\/07\/IMG_0967.jpg\",\"contentUrl\":\"https:\/\/www.snek.se\/wp-content\/uploads\/2025\/07\/IMG_0967.jpg\",\"width\":1320,\"height\":1638},{\"@type\":\"BreadcrumbList\",\"@id\":\"https:\/\/www.snek.se\/de\/kuechenplanung-abstimmung\/#breadcrumb\",\"itemListElement\":[{\"@type\":\"ListItem\",\"position\":1,\"name\":\"Hem\",\"item\":\"https:\/\/www.snek.se\/de\/\"},{\"@type\":\"ListItem\",\"position\":2,\"name\":\"K\u00fcchenplanung und Abstimmung\"}]},{\"@type\":\"WebSite\",\"@id\":\"https:\/\/www.snek.se\/de\/#website\",\"url\":\"https:\/\/www.snek.se\/de\/\",\"name\":\"Sn\u00eak\",\"description\":\"Snickrade k\u00f6k fr\u00e5n Norrbotten\",\"publisher\":{\"@id\":\"https:\/\/www.snek.se\/de\/#organization\"},\"potentialAction\":[{\"@type\":\"SearchAction\",\"target\":{\"@type\":\"EntryPoint\",\"urlTemplate\":\"https:\/\/www.snek.se\/de\/?s={search_term_string}\"},\"query-input\":{\"@type\":\"PropertyValueSpecification\",\"valueRequired\":true,\"valueName\":\"search_term_string\"}}],\"inLanguage\":\"de-DE\"},{\"@type\":\"Organization\",\"@id\":\"https:\/\/www.snek.se\/de\/#organization\",\"name\":\"Sn\u00eak\",\"url\":\"https:\/\/www.snek.se\/de\/\",\"logo\":{\"@type\":\"ImageObject\",\"inLanguage\":\"de-DE\",\"@id\":\"https:\/\/www.snek.se\/de\/#\/schema\/logo\/image\/\",\"url\":\"https:\/\/www.snek.se\/wp-content\/uploads\/2026\/01\/snek-logotyp-insta-scaled.jpg\",\"contentUrl\":\"https:\/\/www.snek.se\/wp-content\/uploads\/2026\/01\/snek-logotyp-insta-scaled.jpg\",\"width\":2560,\"height\":2560,\"caption\":\"Sn\u00eak\"},\"image\":{\"@id\":\"https:\/\/www.snek.se\/de\/#\/schema\/logo\/image\/\"},\"sameAs\":[\"https:\/\/www.facebook.com\/snekkitchens\/\",\"https:\/\/www.instagram.com\/snek.kok\/\",\"https:\/\/www.linkedin.com\/company\/snek-kok\/\",\"https:\/\/se.pinterest.com\/SnekKitchens\/\",\"https:\/\/www.youtube.com\/channel\/UCT9DWn-4DMpKHHqbRXV4bZQ\/\"]}]}<\/script>\n<!-- \/ Yoast SEO plugin. -->","yoast_head_json":{"title":"K\u00fcchenplanung und Abstimmung | Sn\u00eak","description":"Boka tid f\u00f6r k\u00f6ksplanering och avst\u00e4mning med Sn\u00eak. Vi erbjuder personliga m\u00f6ten digitalt och p\u00e5 plats.","robots":{"index":"index","follow":"follow","max-snippet":"max-snippet:-1","max-image-preview":"max-image-preview:large","max-video-preview":"max-video-preview:-1"},"canonical":"https:\/\/www.snek.se\/de\/kuechenplanung-abstimmung\/","og_locale":"de_DE","og_type":"article","og_title":"K\u00fcchenplanung und Abstimmung | Sn\u00eak","og_description":"Boka tid f\u00f6r k\u00f6ksplanering och avst\u00e4mning med Sn\u00eak. Vi erbjuder personliga m\u00f6ten digitalt och p\u00e5 plats.","og_url":"https:\/\/www.snek.se\/de\/kuechenplanung-abstimmung\/","og_site_name":"Sn\u00eak","article_publisher":"https:\/\/www.facebook.com\/snekkitchens\/","article_modified_time":"2026-04-08T22:08:08+00:00","og_image":[{"width":1320,"height":1638,"url":"https:\/\/www.snek.se\/wp-content\/uploads\/2025\/07\/IMG_0967.jpg","type":"image\/jpeg"}],"twitter_card":"summary_large_image","twitter_misc":{"Est. reading time":"1 minute"},"schema":{"@context":"https:\/\/schema.org","@graph":[{"@type":"WebPage","@id":"https:\/\/www.snek.se\/de\/kuechenplanung-abstimmung\/","url":"https:\/\/www.snek.se\/de\/kuechenplanung-abstimmung\/","name":"K\u00fcchenplanung und Abstimmung | Sn\u00eak","isPartOf":{"@id":"https:\/\/www.snek.se\/de\/#website"},"primaryImageOfPage":{"@id":"https:\/\/www.snek.se\/de\/kuechenplanung-abstimmung\/#primaryimage"},"image":{"@id":"https:\/\/www.snek.se\/de\/kuechenplanung-abstimmung\/#primaryimage"},"thumbnailUrl":"https:\/\/www.snek.se\/wp-content\/uploads\/2025\/07\/IMG_0967.jpg","datePublished":"2026-04-08T17:15:58+00:00","dateModified":"2026-04-08T22:08:08+00:00","description":"Boka tid f\u00f6r k\u00f6ksplanering och avst\u00e4mning med Sn\u00eak. Vi erbjuder personliga m\u00f6ten digitalt och p\u00e5 plats.","breadcrumb":{"@id":"https:\/\/www.snek.se\/de\/kuechenplanung-abstimmung\/#breadcrumb"},"inLanguage":"de-DE","potentialAction":[{"@type":"ReadAction","target":["https:\/\/www.snek.se\/de\/kuechenplanung-abstimmung\/"]}]},{"@type":"ImageObject","inLanguage":"de-DE","@id":"https:\/\/www.snek.se\/de\/kuechenplanung-abstimmung\/#primaryimage","url":"https:\/\/www.snek.se\/wp-content\/uploads\/2025\/07\/IMG_0967.jpg","contentUrl":"https:\/\/www.snek.se\/wp-content\/uploads\/2025\/07\/IMG_0967.jpg","width":1320,"height":1638},{"@type":"BreadcrumbList","@id":"https:\/\/www.snek.se\/de\/kuechenplanung-abstimmung\/#breadcrumb","itemListElement":[{"@type":"ListItem","position":1,"name":"Hem","item":"https:\/\/www.snek.se\/de\/"},{"@type":"ListItem","position":2,"name":"K\u00fcchenplanung und Abstimmung"}]},{"@type":"WebSite","@id":"https:\/\/www.snek.se\/de\/#website","url":"https:\/\/www.snek.se\/de\/","name":"Sn\u00eak","description":"Snickrade k\u00f6k fr\u00e5n Norrbotten","publisher":{"@id":"https:\/\/www.snek.se\/de\/#organization"},"potentialAction":[{"@type":"SearchAction","target":{"@type":"EntryPoint","urlTemplate":"https:\/\/www.snek.se\/de\/?s={search_term_string}"},"query-input":{"@type":"PropertyValueSpecification","valueRequired":true,"valueName":"search_term_string"}}],"inLanguage":"de-DE"},{"@type":"Organization","@id":"https:\/\/www.snek.se\/de\/#organization","name":"Sn\u00eak","url":"https:\/\/www.snek.se\/de\/","logo":{"@type":"ImageObject","inLanguage":"de-DE","@id":"https:\/\/www.snek.se\/de\/#\/schema\/logo\/image\/","url":"https:\/\/www.snek.se\/wp-content\/uploads\/2026\/01\/snek-logotyp-insta-scaled.jpg","contentUrl":"https:\/\/www.snek.se\/wp-content\/uploads\/2026\/01\/snek-logotyp-insta-scaled.jpg","width":2560,"height":2560,"caption":"Sn\u00eak"},"image":{"@id":"https:\/\/www.snek.se\/de\/#\/schema\/logo\/image\/"},"sameAs":["https:\/\/www.facebook.com\/snekkitchens\/","https:\/\/www.instagram.com\/snek.kok\/","https:\/\/www.linkedin.com\/company\/snek-kok\/","https:\/\/se.pinterest.com\/SnekKitchens\/","https:\/\/www.youtube.com\/channel\/UCT9DWn-4DMpKHHqbRXV4bZQ\/"]}]}},"_links":{"self":[{"href":"https:\/\/www.snek.se\/de\/wp-json\/wp\/v2\/pages\/155261","targetHints":{"allow":["GET"]}}],"collection":[{"href":"https:\/\/www.snek.se\/de\/wp-json\/wp\/v2\/pages"}],"about":[{"href":"https:\/\/www.snek.se\/de\/wp-json\/wp\/v2\/types\/page"}],"replies":[{"embeddable":true,"href":"https:\/\/www.snek.se\/de\/wp-json\/wp\/v2\/comments?post=155261"}],"version-history":[{"count":2,"href":"https:\/\/www.snek.se\/de\/wp-json\/wp\/v2\/pages\/155261\/revisions"}],"predecessor-version":[{"id":155799,"href":"https:\/\/www.snek.se\/de\/wp-json\/wp\/v2\/pages\/155261\/revisions\/155799"}],"wp:featuredmedia":[{"embeddable":true,"href":"https:\/\/www.snek.se\/de\/wp-json\/wp\/v2\/media\/145691"}],"wp:attachment":[{"href":"https:\/\/www.snek.se\/de\/wp-json\/wp\/v2\/media?parent=155261"}],"curies":[{"name":"wp","href":"https:\/\/api.w.org\/{rel}","templated":true}]}}