{"id":155251,"date":"2026-04-08T19:15:19","date_gmt":"2026-04-08T17:15:19","guid":{"rendered":"https:\/\/www.snek.se\/datenschutzerklaerung\/"},"modified":"2026-04-09T00:08:06","modified_gmt":"2026-04-08T22:08:06","slug":"datenschutzerklaerung","status":"publish","type":"page","link":"https:\/\/www.snek.se\/de\/datenschutzerklaerung\/","title":{"rendered":"Datenschutzerkl\u00e4rung"},"content":{"rendered":"\t\t<div data-elementor-type=\"wp-page\" data-elementor-id=\"155251\" class=\"elementor elementor-155251 elementor-936\" data-elementor-post-type=\"page\">\n\t\t\t\t<div class=\"elementor-element elementor-element-26a33bf e-con-full e-flex e-con e-parent\" data-id=\"26a33bf\" data-element_type=\"container\" data-e-type=\"container\">\n\t\t<div class=\"elementor-element elementor-element-1459d9a e-con-full e-flex e-con e-child\" data-id=\"1459d9a\" data-element_type=\"container\" data-e-type=\"container\">\n\t\t\t\t<div class=\"elementor-element elementor-element-dbc599d elementor-widget elementor-widget-heading\" data-id=\"dbc599d\" data-element_type=\"widget\" data-e-type=\"widget\" data-widget_type=\"heading.default\">\n\t\t\t\t<div class=\"elementor-widget-container\">\n\t\t\t\t\t<h1 class=\"elementor-heading-title elementor-size-default\">Datenschutzerkl\u00e4rung<\/h1>\t\t\t\t<\/div>\n\t\t\t\t<\/div>\n\t\t\t\t<div class=\"elementor-element elementor-element-aa3e62c elementor-widget__width-initial elementor-widget elementor-widget-text-editor\" data-id=\"aa3e62c\" data-element_type=\"widget\" data-e-type=\"widget\" data-widget_type=\"text-editor.default\">\n\t\t\t\t<div class=\"elementor-widget-container\">\n\t\t\t\t\t\t\t\t\t<p>Bei der Sn\u00eak Aktiebolag sch\u00fctzen wir Ihre pers\u00f6nliche Integrit\u00e4t. Wir verarbeiten Ihre personenbezogenen Daten in \u00dcbereinstimmung mit der geltenden Datenschutzgesetzgebung (DSGVO) und erheben nur die Informationen, die erforderlich sind, um unsere Dienstleistungen anzubieten, unsere Vertr\u00e4ge zu erf\u00fcllen und ein besseres Kundenerlebnis zu schaffen.<\/p>\n<p>Diese Richtlinie beschreibt, welche Informationen wir sammeln, warum wir dies tun, wie sie verwendet werden und welche Rechte Sie haben. Wenn Sie Fragen haben, k\u00f6nnen Sie uns jederzeit kontaktieren.<\/p>\n<p><strong>Verantwortlicher f\u00fcr die Datenverarbeitung:<\/strong><br class=\"soft-break\" \/>Sn\u00eak Aktiebolag (Org.-Nr. 559206-5055)<br class=\"soft-break\" \/>info@snek.se<\/p>\n\t\t\t\t\t\t\t\t<\/div>\n\t\t\t\t<\/div>\n\t\t\t\t<\/div>\n\t\t\t\t<\/div>\n\t\t<div class=\"elementor-element elementor-element-209ccf3 e-flex e-con-boxed e-con e-parent\" data-id=\"209ccf3\" data-element_type=\"container\" data-e-type=\"container\">\n\t\t\t\t\t<div class=\"e-con-inner\">\n\t\t<div class=\"elementor-element elementor-element-b25ecc7 e-con-full e-flex e-con e-child\" data-id=\"b25ecc7\" data-element_type=\"container\" data-e-type=\"container\">\n\t\t\t\t<div class=\"elementor-element elementor-element-634bbbe elementor-widget elementor-widget-heading\" data-id=\"634bbbe\" data-element_type=\"widget\" data-e-type=\"widget\" data-widget_type=\"heading.default\">\n\t\t\t\t<div class=\"elementor-widget-container\">\n\t\t\t\t\t<h2 class=\"elementor-heading-title elementor-size-default\">Angebotsanfragen<\/h2>\t\t\t\t<\/div>\n\t\t\t\t<\/div>\n\t\t\t\t<div class=\"elementor-element elementor-element-79007b5 elementor-widget elementor-widget-text-editor\" data-id=\"79007b5\" data-element_type=\"widget\" data-e-type=\"widget\" data-widget_type=\"text-editor.default\">\n\t\t\t\t<div class=\"elementor-widget-container\">\n\t\t\t\t\t\t\t\t\t<p>Bei Angebotsanfragen verarbeiten wir:<\/p>\n<ul>\n<li>Name<\/li>\n<li>Adresse, Telefonnummer, E-Mail<\/li>\n<li>Personennummer<\/li>\n<li>Lieferunginformation<\/li>\n<\/ul>\n<p><strong>Zweck:<\/strong>&nbsp;Um Angebote erstellen und unsere Verpflichtungen erf\u00fcllen zu k\u00f6nnen.<\/p>\n<p data-start=\"1879\" data-end=\"1998\"><strong data-start=\"1879\" data-end=\"1924\">Anfragen\/Leads &amp; nicht angenommene Angebote:<\/strong> bis zu <strong data-start=\"1934\" data-end=\"1948\">12 Monate<\/strong> nach dem letzten Kontakt, sofern kein Auftrag zustande kommt.<\/p>\t\t\t\t\t\t\t\t<\/div>\n\t\t\t\t<\/div>\n\t\t\t\t<\/div>\n\t\t<div class=\"elementor-element elementor-element-a203b57 e-con-full e-flex e-con e-child\" data-id=\"a203b57\" data-element_type=\"container\" data-e-type=\"container\" data-settings=\"{&quot;background_background&quot;:&quot;classic&quot;}\">\n\t\t\t\t<div class=\"elementor-element elementor-element-24846bf elementor-widget elementor-widget-heading\" data-id=\"24846bf\" data-element_type=\"widget\" data-e-type=\"widget\" data-widget_type=\"heading.default\">\n\t\t\t\t<div class=\"elementor-widget-container\">\n\t\t\t\t\t<h2 class=\"elementor-heading-title elementor-size-default\">Bestellungen und K\u00e4ufe<\/h2>\t\t\t\t<\/div>\n\t\t\t\t<\/div>\n\t\t\t\t<div class=\"elementor-element elementor-element-32a9d16 elementor-widget elementor-widget-text-editor\" data-id=\"32a9d16\" data-element_type=\"widget\" data-e-type=\"widget\" data-widget_type=\"text-editor.default\">\n\t\t\t\t<div class=\"elementor-widget-container\">\n\t\t\t\t\t\t\t\t\t<p>Bei Bestellungen verarbeiten wir:<\/p>\n<ul>\n<li>Name<\/li>\n<li>Adresse, Telefonnummer, E-Mail<\/li>\n<li>Personennummer<\/li>\n<li>Zahlungsinformationen<\/li>\n<li>Bestellinformationen<\/li>\n<\/ul>\n<p><strong>Zweck:<\/strong>\u00a0Um Kaufvertr\u00e4ge, Lieferungen und Garantien erf\u00fcllen zu k\u00f6nnen.<br class=\"soft-break\" \/><strong>Speicherdauer:<\/strong>\u00a0Die Daten werden gem\u00e4\u00df dem Buchf\u00fchrungsgesetz 7 Jahre lang gespeichert. Danach werden die personenbezogenen Daten gel\u00f6scht, jedoch k\u00f6nnen bestimmte Bestellinformationen f\u00fcr Garantie- und Reklamationszwecke l\u00e4nger gespeichert werden.<\/p>\n\t\t\t\t\t\t\t\t<\/div>\n\t\t\t\t<\/div>\n\t\t\t\t<\/div>\n\t\t\t\t\t<\/div>\n\t\t\t\t<\/div>\n\t\t<div class=\"elementor-element elementor-element-a841392 e-flex e-con-boxed e-con e-parent\" data-id=\"a841392\" data-element_type=\"container\" data-e-type=\"container\">\n\t\t\t\t\t<div class=\"e-con-inner\">\n\t\t<div class=\"elementor-element elementor-element-2f985f1 e-con-full e-flex e-con e-child\" data-id=\"2f985f1\" data-element_type=\"container\" data-e-type=\"container\">\n\t\t\t\t<div class=\"elementor-element elementor-element-a87bda5 elementor-widget elementor-widget-heading\" data-id=\"a87bda5\" data-element_type=\"widget\" data-e-type=\"widget\" data-widget_type=\"heading.default\">\n\t\t\t\t<div class=\"elementor-widget-container\">\n\t\t\t\t\t<h2 class=\"elementor-heading-title elementor-size-default\">Kundenerlebnis und Personalisierung<\/h2>\t\t\t\t<\/div>\n\t\t\t\t<\/div>\n\t\t\t\t<div class=\"elementor-element elementor-element-c9b03e9 elementor-widget elementor-widget-text-editor\" data-id=\"c9b03e9\" data-element_type=\"widget\" data-e-type=\"widget\" data-widget_type=\"text-editor.default\">\n\t\t\t\t<div class=\"elementor-widget-container\">\n\t\t\t\t\t\t\t\t\t<p>Um ein personalisiertes Erlebnis auf unserer Website zu bieten, verarbeiten wir:<\/p>\n<ul>\n<li>IP-Adresse<\/li>\n<li>Cookies und Klickverlauf<\/li>\n<\/ul>\n<p><strong>Zweck:<\/strong>\u00a0Um Ihnen relevante Produktempfehlungen und ein reibungsloseres Erlebnis auf der Website zu bieten.<br class=\"soft-break\" \/><strong>Speicherdauer:<\/strong>\u00a0Uppgifterna sparas i max 12 Monate fr\u00e5n senaste aktivitet. Du kan n\u00e4r som helst beg\u00e4ra zu uppgifterna raderas.<\/p>\n<p>Mer information finns i v\u00e5r\u00a0<a href=\"https:\/\/www.snek.se\/integritetspolicy\/#\" target=\"_blank\" rel=\"noopener noreferrer\">Cookie-Richtlinie<\/a>.<\/p>\n\t\t\t\t\t\t\t\t<\/div>\n\t\t\t\t<\/div>\n\t\t\t\t<\/div>\n\t\t<div class=\"elementor-element elementor-element-cba6d15 e-con-full e-flex e-con e-child\" data-id=\"cba6d15\" data-element_type=\"container\" data-e-type=\"container\">\n\t\t\t\t<div class=\"elementor-element elementor-element-386f944 elementor-widget elementor-widget-spacer\" data-id=\"386f944\" data-element_type=\"widget\" data-e-type=\"widget\" data-widget_type=\"spacer.default\">\n\t\t\t\t<div class=\"elementor-widget-container\">\n\t\t\t\t\t\t\t<div class=\"elementor-spacer\">\n\t\t\t<div class=\"elementor-spacer-inner\"><\/div>\n\t\t<\/div>\n\t\t\t\t\t\t<\/div>\n\t\t\t\t<\/div>\n\t\t\t\t<\/div>\n\t\t\t\t\t<\/div>\n\t\t\t\t<\/div>\n\t\t<div class=\"elementor-element elementor-element-e3e0da7 e-flex e-con-boxed e-con e-parent\" data-id=\"e3e0da7\" data-element_type=\"container\" data-e-type=\"container\">\n\t\t\t\t\t<div class=\"e-con-inner\">\n\t\t<div class=\"elementor-element elementor-element-e8134ff e-con-full e-flex e-con e-child\" data-id=\"e8134ff\" data-element_type=\"container\" data-e-type=\"container\">\n\t\t\t\t<div class=\"elementor-element elementor-element-20f8885 elementor-widget elementor-widget-heading\" data-id=\"20f8885\" data-element_type=\"widget\" data-e-type=\"widget\" data-widget_type=\"heading.default\">\n\t\t\t\t<div class=\"elementor-widget-container\">\n\t\t\t\t\t<h2 class=\"elementor-heading-title elementor-size-default\">Marketing<\/h2>\t\t\t\t<\/div>\n\t\t\t\t<\/div>\n\t\t\t\t<div class=\"elementor-element elementor-element-fe13506 elementor-widget elementor-widget-text-editor\" data-id=\"fe13506\" data-element_type=\"widget\" data-e-type=\"widget\" data-widget_type=\"text-editor.default\">\n\t\t\t\t<div class=\"elementor-widget-container\">\n\t\t\t\t\t\t\t\t\t<p>Zur Vermarktung unserer Produkte verarbeiten wir:<\/p>\n<ul>\n<li>IP-Adresse<\/li>\n<li>Cookies, Klick- und Besuchsverlauf<\/li>\n<li>Bestellnummer<\/li>\n<\/ul>\n<p><strong>Zweck:<\/strong>\u00a0Um relevante Anzeigen und Angebote anzuzeigen, sowohl auf unserer Website als auch \u00fcber externe Partner.<br class=\"soft-break\" \/><strong>Speicherdauer:<\/strong>\u00a0Uppgifterna sparas i bis zu 12 Monate efter senaste aktivitet.<br class=\"soft-break\" \/><strong>Rechtsgrundlage:<\/strong>\u00a0Berechtigtes Interesse. Bei Newslettern und Kundenbefragungen ist eine ausdr\u00fcckliche Einwilligung erforderlich.<\/p>\n\t\t\t\t\t\t\t\t<\/div>\n\t\t\t\t<\/div>\n\t\t\t\t<\/div>\n\t\t<div class=\"elementor-element elementor-element-812faab e-con-full e-flex e-con e-child\" data-id=\"812faab\" data-element_type=\"container\" data-e-type=\"container\">\n\t\t\t\t<div class=\"elementor-element elementor-element-d407855 elementor-widget elementor-widget-heading\" data-id=\"d407855\" data-element_type=\"widget\" data-e-type=\"widget\" data-widget_type=\"heading.default\">\n\t\t\t\t<div class=\"elementor-widget-container\">\n\t\t\t\t\t<h2 class=\"elementor-heading-title elementor-size-default\">Newsletter und Kundenbefragungen<\/h2>\t\t\t\t<\/div>\n\t\t\t\t<\/div>\n\t\t\t\t<div class=\"elementor-element elementor-element-41853a2 elementor-widget elementor-widget-text-editor\" data-id=\"41853a2\" data-element_type=\"widget\" data-e-type=\"widget\" data-widget_type=\"text-editor.default\">\n\t\t\t\t<div class=\"elementor-widget-container\">\n\t\t\t\t\t\t\t\t\t<p>Wenn Sie dem Erhalt von Newslettern zustimmen, verarbeiten wir:<\/p>\n<ul>\n<li>Name<\/li>\n<li>Adresse, Telefonnummer, E-Mail<\/li>\n<li>Freiwillig \u00fcbermittelte Angaben wie Feedback oder Meinungen<\/li>\n<\/ul>\n<p><strong>Speicherdauer:<\/strong>\u00a0Solange die Einwilligung g\u00fcltig ist oder bis Sie sie widerrufen.<\/p>\n\t\t\t\t\t\t\t\t<\/div>\n\t\t\t\t<\/div>\n\t\t\t\t<\/div>\n\t\t\t\t\t<\/div>\n\t\t\t\t<\/div>\n\t\t<div class=\"elementor-element elementor-element-f5b5991 e-flex e-con-boxed e-con e-parent\" data-id=\"f5b5991\" data-element_type=\"container\" data-e-type=\"container\">\n\t\t\t\t\t<div class=\"e-con-inner\">\n\t\t<div class=\"elementor-element elementor-element-db3aaef e-con-full e-flex e-con e-child\" data-id=\"db3aaef\" data-element_type=\"container\" data-e-type=\"container\">\n\t\t\t\t<div class=\"elementor-element elementor-element-bdcfa81 elementor-widget elementor-widget-heading\" data-id=\"bdcfa81\" data-element_type=\"widget\" data-e-type=\"widget\" data-widget_type=\"heading.default\">\n\t\t\t\t<div class=\"elementor-widget-container\">\n\t\t\t\t\t<h2 class=\"elementor-heading-title elementor-size-default\">Produktentwicklung und <br>Verbesserung des Service<\/h2>\t\t\t\t<\/div>\n\t\t\t\t<\/div>\n\t\t\t\t<div class=\"elementor-element elementor-element-d6a8a3e elementor-widget elementor-widget-text-editor\" data-id=\"d6a8a3e\" data-element_type=\"widget\" data-e-type=\"widget\" data-widget_type=\"text-editor.default\">\n\t\t\t\t<div class=\"elementor-widget-container\">\n\t\t\t\t\t\t\t\t\t<p><strong>Wir verarbeiten:<\/strong><\/p>\n<ul>\n<li>Kaufhistorie und Nutzerverhalten<\/li>\n<li>Teknisk data (enhet, webbl\u00e4sare, operativsystem, spr\u00e5k, IP-Adresse)<\/li>\n<li>Interaktion mit unserer Website (Besuchszeit, Klicks, Fehlermeldungen u. a.)<\/li>\n<\/ul>\n<p><strong>Zweck:<\/strong>\u00a0Zur Verbesserung und Weiterentwicklung unserer Dienstleistungen, Angebote und Funktionen.<br class=\"soft-break\" \/><strong>Verarbeitung:<\/strong>\u00a0All analys sker p\u00e5 aggregerad niv\u00e5 eller avidentifieras inom 12 Monate.<br class=\"soft-break\" \/>Wenn Sie innerhalb von 24 Monaten zur\u00fcckkehren, k\u00f6nnen wir Ihre Daten mit fr\u00fcheren Besuchen verkn\u00fcpfen \u2013 danach wird die Verkn\u00fcpfung gel\u00f6scht.<\/p>\n\t\t\t\t\t\t\t\t<\/div>\n\t\t\t\t<\/div>\n\t\t\t\t<\/div>\n\t\t<div class=\"elementor-element elementor-element-54b641a e-con-full e-flex e-con e-child\" data-id=\"54b641a\" data-element_type=\"container\" data-e-type=\"container\">\n\t\t\t\t<div class=\"elementor-element elementor-element-f0a75ff elementor-widget elementor-widget-spacer\" data-id=\"f0a75ff\" data-element_type=\"widget\" data-e-type=\"widget\" data-widget_type=\"spacer.default\">\n\t\t\t\t<div class=\"elementor-widget-container\">\n\t\t\t\t\t\t\t<div class=\"elementor-spacer\">\n\t\t\t<div class=\"elementor-spacer-inner\"><\/div>\n\t\t<\/div>\n\t\t\t\t\t\t<\/div>\n\t\t\t\t<\/div>\n\t\t\t\t<\/div>\n\t\t\t\t\t<\/div>\n\t\t\t\t<\/div>\n\t\t<div class=\"elementor-element elementor-element-d87aff7 e-flex e-con-boxed e-con e-parent\" data-id=\"d87aff7\" data-element_type=\"container\" data-e-type=\"container\">\n\t\t\t\t\t<div class=\"e-con-inner\">\n\t\t<div class=\"elementor-element elementor-element-2e13b36 e-con-full e-flex e-con e-child\" data-id=\"2e13b36\" data-element_type=\"container\" data-e-type=\"container\" data-settings=\"{&quot;background_background&quot;:&quot;classic&quot;}\">\n\t\t\t\t<div class=\"elementor-element elementor-element-0f1505f elementor-widget elementor-widget-heading\" data-id=\"0f1505f\" data-element_type=\"widget\" data-e-type=\"widget\" data-widget_type=\"heading.default\">\n\t\t\t\t<div class=\"elementor-widget-container\">\n\t\t\t\t\t<h2 class=\"elementor-heading-title elementor-size-default\">Beschl\u00e4ge und externe Produkte<\/h2>\t\t\t\t<\/div>\n\t\t\t\t<\/div>\n\t\t\t\t<div class=\"elementor-element elementor-element-4f3c773 elementor-widget elementor-widget-text-editor\" data-id=\"4f3c773\" data-element_type=\"widget\" data-e-type=\"widget\" data-widget_type=\"text-editor.default\">\n\t\t\t\t<div class=\"elementor-widget-container\">\n\t\t\t\t\t\t\t\t\t<p><span id=\"miro-copy-source--doc\"><\/span>V\u00e5ra knoppar, handtag und beslag levereras av\u00a0Beslag Online, d\u00e4r du hittar detaljerade\u00a0sk\u00f6tselr\u00e5d und nichtgritetsinformation.<\/p>\n\t\t\t\t\t\t\t\t<\/div>\n\t\t\t\t<\/div>\n\t\t\t\t<div class=\"elementor-element elementor-element-d5dfd41 elementor-widget elementor-widget-html\" data-id=\"d5dfd41\" data-element_type=\"widget\" data-e-type=\"widget\" data-widget_type=\"html.default\">\n\t\t\t\t<div class=\"elementor-widget-container\">\n\t\t\t\t\t<a href=\"https:\/\/www.snek.se\/samtal-med-koksplanerare\/\" style=\"text-decoration: none;\">\n    <button class=\"bracket-button-w\">\n        Beslag online\n    <\/button>\n<\/a>\t\t\t\t<\/div>\n\t\t\t\t<\/div>\n\t\t\t\t<\/div>\n\t\t<div class=\"elementor-element elementor-element-dda509b e-con-full e-flex e-con e-child\" data-id=\"dda509b\" data-element_type=\"container\" data-e-type=\"container\" data-settings=\"{&quot;background_background&quot;:&quot;classic&quot;}\">\n\t\t\t\t<div class=\"elementor-element elementor-element-3dd7726 elementor-widget elementor-widget-spacer\" data-id=\"3dd7726\" data-element_type=\"widget\" data-e-type=\"widget\" data-widget_type=\"spacer.default\">\n\t\t\t\t<div class=\"elementor-widget-container\">\n\t\t\t\t\t\t\t<div class=\"elementor-spacer\">\n\t\t\t<div class=\"elementor-spacer-inner\"><\/div>\n\t\t<\/div>\n\t\t\t\t\t\t<\/div>\n\t\t\t\t<\/div>\n\t\t\t\t<\/div>\n\t\t\t\t\t<\/div>\n\t\t\t\t<\/div>\n\t\t\t\t<\/div>\n\t\t","protected":false},"excerpt":{"rendered":"<p>Datenschutzerkl\u00e4rung Bei der Sn\u00eak Aktiebolag sch\u00fctzen wir Ihre pers\u00f6nliche Integrit\u00e4t. Wir verarbeiten Ihre personenbezogenen Daten in \u00dcbereinstimmung mit der geltenden Datenschutzgesetzgebung (DSGVO) und erheben nur die Informationen, die erforderlich sind, um unsere Dienstleistungen anzubieten, unsere Vertr\u00e4ge zu erf\u00fcllen und ein besseres Kundenerlebnis zu schaffen. Diese Richtlinie beschreibt, welche Informationen wir sammeln, warum wir dies tun, [&hellip;]<\/p>\n","protected":false},"author":0,"featured_media":23926,"parent":0,"menu_order":0,"comment_status":"closed","ping_status":"closed","template":"elementor_canvas","meta":{"_acf_changed":false,"footnotes":""},"class_list":["post-155251","page","type-page","status-publish","has-post-thumbnail","hentry"],"acf":[],"yoast_head":"<!-- This site is optimized with the Yoast SEO plugin v27.2 - https:\/\/yoast.com\/product\/yoast-seo-wordpress\/ -->\n<title>Datenschutzerkl\u00e4rung | Sn\u00eak<\/title>\n<meta name=\"description\" content=\"So verarbeitet Sn\u00eak Ihre personenbezogenen Daten. Information enligt GDPR om datainsamling och dina r\u00e4ttigheter.\" \/>\n<meta name=\"robots\" content=\"index, follow, max-snippet:-1, max-image-preview:large, max-video-preview:-1\" \/>\n<link rel=\"canonical\" href=\"https:\/\/www.snek.se\/de\/datenschutzerklaerung\/\" \/>\n<meta property=\"og:locale\" content=\"de_DE\" \/>\n<meta property=\"og:type\" content=\"article\" \/>\n<meta property=\"og:title\" content=\"Datenschutzerkl\u00e4rung | Sn\u00eak\" \/>\n<meta property=\"og:description\" content=\"So verarbeitet Sn\u00eak Ihre personenbezogenen Daten. Information enligt GDPR om datainsamling och dina r\u00e4ttigheter.\" \/>\n<meta property=\"og:url\" content=\"https:\/\/www.snek.se\/de\/datenschutzerklaerung\/\" \/>\n<meta property=\"og:site_name\" content=\"Sn\u00eak\" \/>\n<meta property=\"article:publisher\" content=\"https:\/\/www.facebook.com\/snekkitchens\/\" \/>\n<meta property=\"article:modified_time\" content=\"2026-04-08T22:08:06+00:00\" \/>\n<meta property=\"og:image\" content=\"https:\/\/www.snek.se\/wp-content\/uploads\/2021\/09\/DSC02514-1-scaled.jpg\" \/>\n\t<meta property=\"og:image:width\" content=\"2560\" \/>\n\t<meta property=\"og:image:height\" content=\"1708\" \/>\n\t<meta property=\"og:image:type\" content=\"image\/jpeg\" \/>\n<meta name=\"twitter:card\" content=\"summary_large_image\" \/>\n<meta name=\"twitter:label1\" content=\"Est. reading time\" \/>\n\t<meta name=\"twitter:data1\" content=\"2 minutes\" \/>\n<script type=\"application\/ld+json\" class=\"yoast-schema-graph\">{\"@context\":\"https:\/\/schema.org\",\"@graph\":[{\"@type\":\"WebPage\",\"@id\":\"https:\/\/www.snek.se\/de\/datenschutzerklaerung\/\",\"url\":\"https:\/\/www.snek.se\/de\/datenschutzerklaerung\/\",\"name\":\"Datenschutzerkl\u00e4rung | Sn\u00eak\",\"isPartOf\":{\"@id\":\"https:\/\/www.snek.se\/de\/#website\"},\"primaryImageOfPage\":{\"@id\":\"https:\/\/www.snek.se\/de\/datenschutzerklaerung\/#primaryimage\"},\"image\":{\"@id\":\"https:\/\/www.snek.se\/de\/datenschutzerklaerung\/#primaryimage\"},\"thumbnailUrl\":\"https:\/\/www.snek.se\/wp-content\/uploads\/2021\/09\/DSC02514-1-scaled.jpg\",\"datePublished\":\"2026-04-08T17:15:19+00:00\",\"dateModified\":\"2026-04-08T22:08:06+00:00\",\"description\":\"So verarbeitet Sn\u00eak Ihre personenbezogenen Daten. Information enligt GDPR om datainsamling och dina r\u00e4ttigheter.\",\"breadcrumb\":{\"@id\":\"https:\/\/www.snek.se\/de\/datenschutzerklaerung\/#breadcrumb\"},\"inLanguage\":\"de-DE\",\"potentialAction\":[{\"@type\":\"ReadAction\",\"target\":[\"https:\/\/www.snek.se\/de\/datenschutzerklaerung\/\"]}]},{\"@type\":\"ImageObject\",\"inLanguage\":\"de-DE\",\"@id\":\"https:\/\/www.snek.se\/de\/datenschutzerklaerung\/#primaryimage\",\"url\":\"https:\/\/www.snek.se\/wp-content\/uploads\/2021\/09\/DSC02514-1-scaled.jpg\",\"contentUrl\":\"https:\/\/www.snek.se\/wp-content\/uploads\/2021\/09\/DSC02514-1-scaled.jpg\",\"width\":2560,\"height\":1708},{\"@type\":\"BreadcrumbList\",\"@id\":\"https:\/\/www.snek.se\/de\/datenschutzerklaerung\/#breadcrumb\",\"itemListElement\":[{\"@type\":\"ListItem\",\"position\":1,\"name\":\"Hem\",\"item\":\"https:\/\/www.snek.se\/de\/\"},{\"@type\":\"ListItem\",\"position\":2,\"name\":\"Datenschutzerkl\u00e4rung\"}]},{\"@type\":\"WebSite\",\"@id\":\"https:\/\/www.snek.se\/de\/#website\",\"url\":\"https:\/\/www.snek.se\/de\/\",\"name\":\"Sn\u00eak\",\"description\":\"Handgefertigte K\u00fcchen aus Norrbotten\",\"publisher\":{\"@id\":\"https:\/\/www.snek.se\/de\/#organization\"},\"potentialAction\":[{\"@type\":\"SearchAction\",\"target\":{\"@type\":\"EntryPoint\",\"urlTemplate\":\"https:\/\/www.snek.se\/de\/?s={search_term_string}\"},\"query-input\":{\"@type\":\"PropertyValueSpecification\",\"valueRequired\":true,\"valueName\":\"search_term_string\"}}],\"inLanguage\":\"de-DE\"},{\"@type\":\"Organization\",\"@id\":\"https:\/\/www.snek.se\/de\/#organization\",\"name\":\"Sn\u00eak\",\"url\":\"https:\/\/www.snek.se\/de\/\",\"logo\":{\"@type\":\"ImageObject\",\"inLanguage\":\"de-DE\",\"@id\":\"https:\/\/www.snek.se\/de\/#\/schema\/logo\/image\/\",\"url\":\"https:\/\/www.snek.se\/wp-content\/uploads\/2026\/01\/snek-logotyp-insta-scaled.jpg\",\"contentUrl\":\"https:\/\/www.snek.se\/wp-content\/uploads\/2026\/01\/snek-logotyp-insta-scaled.jpg\",\"width\":2560,\"height\":2560,\"caption\":\"Sn\u00eak\"},\"image\":{\"@id\":\"https:\/\/www.snek.se\/de\/#\/schema\/logo\/image\/\"},\"sameAs\":[\"https:\/\/www.facebook.com\/snekkitchens\/\",\"https:\/\/www.instagram.com\/snek.kok\/\",\"https:\/\/www.linkedin.com\/company\/snek-kok\/\",\"https:\/\/se.pinterest.com\/SnekKitchens\/\",\"https:\/\/www.youtube.com\/channel\/UCT9DWn-4DMpKHHqbRXV4bZQ\/\"]}]}<\/script>\n<!-- \/ Yoast SEO plugin. -->","yoast_head_json":{"title":"Datenschutzerkl\u00e4rung | Sn\u00eak","description":"So verarbeitet Sn\u00eak Ihre personenbezogenen Daten. Information enligt GDPR om datainsamling och dina r\u00e4ttigheter.","robots":{"index":"index","follow":"follow","max-snippet":"max-snippet:-1","max-image-preview":"max-image-preview:large","max-video-preview":"max-video-preview:-1"},"canonical":"https:\/\/www.snek.se\/de\/datenschutzerklaerung\/","og_locale":"de_DE","og_type":"article","og_title":"Datenschutzerkl\u00e4rung | Sn\u00eak","og_description":"So verarbeitet Sn\u00eak Ihre personenbezogenen Daten. Information enligt GDPR om datainsamling och dina r\u00e4ttigheter.","og_url":"https:\/\/www.snek.se\/de\/datenschutzerklaerung\/","og_site_name":"Sn\u00eak","article_publisher":"https:\/\/www.facebook.com\/snekkitchens\/","article_modified_time":"2026-04-08T22:08:06+00:00","og_image":[{"width":2560,"height":1708,"url":"https:\/\/www.snek.se\/wp-content\/uploads\/2021\/09\/DSC02514-1-scaled.jpg","type":"image\/jpeg"}],"twitter_card":"summary_large_image","twitter_misc":{"Est. reading time":"2 minutes"},"schema":{"@context":"https:\/\/schema.org","@graph":[{"@type":"WebPage","@id":"https:\/\/www.snek.se\/de\/datenschutzerklaerung\/","url":"https:\/\/www.snek.se\/de\/datenschutzerklaerung\/","name":"Datenschutzerkl\u00e4rung | Sn\u00eak","isPartOf":{"@id":"https:\/\/www.snek.se\/de\/#website"},"primaryImageOfPage":{"@id":"https:\/\/www.snek.se\/de\/datenschutzerklaerung\/#primaryimage"},"image":{"@id":"https:\/\/www.snek.se\/de\/datenschutzerklaerung\/#primaryimage"},"thumbnailUrl":"https:\/\/www.snek.se\/wp-content\/uploads\/2021\/09\/DSC02514-1-scaled.jpg","datePublished":"2026-04-08T17:15:19+00:00","dateModified":"2026-04-08T22:08:06+00:00","description":"So verarbeitet Sn\u00eak Ihre personenbezogenen Daten. Information enligt GDPR om datainsamling och dina r\u00e4ttigheter.","breadcrumb":{"@id":"https:\/\/www.snek.se\/de\/datenschutzerklaerung\/#breadcrumb"},"inLanguage":"de-DE","potentialAction":[{"@type":"ReadAction","target":["https:\/\/www.snek.se\/de\/datenschutzerklaerung\/"]}]},{"@type":"ImageObject","inLanguage":"de-DE","@id":"https:\/\/www.snek.se\/de\/datenschutzerklaerung\/#primaryimage","url":"https:\/\/www.snek.se\/wp-content\/uploads\/2021\/09\/DSC02514-1-scaled.jpg","contentUrl":"https:\/\/www.snek.se\/wp-content\/uploads\/2021\/09\/DSC02514-1-scaled.jpg","width":2560,"height":1708},{"@type":"BreadcrumbList","@id":"https:\/\/www.snek.se\/de\/datenschutzerklaerung\/#breadcrumb","itemListElement":[{"@type":"ListItem","position":1,"name":"Hem","item":"https:\/\/www.snek.se\/de\/"},{"@type":"ListItem","position":2,"name":"Datenschutzerkl\u00e4rung"}]},{"@type":"WebSite","@id":"https:\/\/www.snek.se\/de\/#website","url":"https:\/\/www.snek.se\/de\/","name":"Sn\u00eak","description":"Handgefertigte K\u00fcchen aus Norrbotten","publisher":{"@id":"https:\/\/www.snek.se\/de\/#organization"},"potentialAction":[{"@type":"SearchAction","target":{"@type":"EntryPoint","urlTemplate":"https:\/\/www.snek.se\/de\/?s={search_term_string}"},"query-input":{"@type":"PropertyValueSpecification","valueRequired":true,"valueName":"search_term_string"}}],"inLanguage":"de-DE"},{"@type":"Organization","@id":"https:\/\/www.snek.se\/de\/#organization","name":"Sn\u00eak","url":"https:\/\/www.snek.se\/de\/","logo":{"@type":"ImageObject","inLanguage":"de-DE","@id":"https:\/\/www.snek.se\/de\/#\/schema\/logo\/image\/","url":"https:\/\/www.snek.se\/wp-content\/uploads\/2026\/01\/snek-logotyp-insta-scaled.jpg","contentUrl":"https:\/\/www.snek.se\/wp-content\/uploads\/2026\/01\/snek-logotyp-insta-scaled.jpg","width":2560,"height":2560,"caption":"Sn\u00eak"},"image":{"@id":"https:\/\/www.snek.se\/de\/#\/schema\/logo\/image\/"},"sameAs":["https:\/\/www.facebook.com\/snekkitchens\/","https:\/\/www.instagram.com\/snek.kok\/","https:\/\/www.linkedin.com\/company\/snek-kok\/","https:\/\/se.pinterest.com\/SnekKitchens\/","https:\/\/www.youtube.com\/channel\/UCT9DWn-4DMpKHHqbRXV4bZQ\/"]}]}},"_links":{"self":[{"href":"https:\/\/www.snek.se\/de\/wp-json\/wp\/v2\/pages\/155251","targetHints":{"allow":["GET"]}}],"collection":[{"href":"https:\/\/www.snek.se\/de\/wp-json\/wp\/v2\/pages"}],"about":[{"href":"https:\/\/www.snek.se\/de\/wp-json\/wp\/v2\/types\/page"}],"replies":[{"embeddable":true,"href":"https:\/\/www.snek.se\/de\/wp-json\/wp\/v2\/comments?post=155251"}],"version-history":[{"count":4,"href":"https:\/\/www.snek.se\/de\/wp-json\/wp\/v2\/pages\/155251\/revisions"}],"predecessor-version":[{"id":155716,"href":"https:\/\/www.snek.se\/de\/wp-json\/wp\/v2\/pages\/155251\/revisions\/155716"}],"wp:featuredmedia":[{"embeddable":true,"href":"https:\/\/www.snek.se\/de\/wp-json\/wp\/v2\/media\/23926"}],"wp:attachment":[{"href":"https:\/\/www.snek.se\/de\/wp-json\/wp\/v2\/media?parent=155251"}],"curies":[{"name":"wp","href":"https:\/\/api.w.org\/{rel}","templated":true}]}}