{"id":155237,"date":"2026-04-08T19:15:18","date_gmt":"2026-04-08T17:15:18","guid":{"rendered":"https:\/\/www.snek.se\/nachhaltigkeit\/"},"modified":"2026-04-09T00:08:04","modified_gmt":"2026-04-08T22:08:04","slug":"nachhaltigkeit","status":"publish","type":"page","link":"https:\/\/www.snek.se\/de\/nachhaltigkeit\/","title":{"rendered":"Nachhaltigkeit"},"content":{"rendered":"\t\t<div data-elementor-type=\"wp-page\" data-elementor-id=\"155237\" class=\"elementor elementor-155237 elementor-145011\" data-elementor-post-type=\"page\">\n\t\t\t\t<div class=\"elementor-element elementor-element-3d2e43e1 e-flex e-con-boxed e-con e-parent\" data-id=\"3d2e43e1\" data-element_type=\"container\" data-e-type=\"container\">\n\t\t\t\t\t<div class=\"e-con-inner\">\n\t\t\t\t<div class=\"elementor-element elementor-element-5e8f1192 elementor-widget elementor-widget-heading\" data-id=\"5e8f1192\" data-element_type=\"widget\" data-e-type=\"widget\" data-widget_type=\"heading.default\">\n\t\t\t\t<div class=\"elementor-widget-container\">\n\t\t\t\t\t<h1 class=\"elementor-heading-title elementor-size-default\">Nachhaltigkeit<\/h1>\t\t\t\t<\/div>\n\t\t\t\t<\/div>\n\t\t\t\t<div class=\"elementor-element elementor-element-741d373a elementor-widget__width-initial elementor-widget elementor-widget-text-editor\" data-id=\"741d373a\" data-element_type=\"widget\" data-e-type=\"widget\" data-widget_type=\"text-editor.default\">\n\t\t\t\t<div class=\"elementor-widget-container\">\n\t\t\t\t\t\t\t\t\t<p style=\"text-align: center;\"><span id=\"miro-copy-source--doc\"><\/span>Handgefertigte K\u00fcchen aus Norrbotten sagen wir \u2013 aber was bedeutet das aus einer Nachhaltigkeitsperspektive und was bedeutet es f\u00fcr unsere Kunden?<\/p>\n\t\t\t\t\t\t\t\t<\/div>\n\t\t\t\t<\/div>\n\t\t\t\t<div class=\"elementor-element elementor-element-b610010 elementor-widget__width-initial elementor-widget elementor-widget-text-editor\" data-id=\"b610010\" data-element_type=\"widget\" data-e-type=\"widget\" data-widget_type=\"text-editor.default\">\n\t\t\t\t<div class=\"elementor-widget-container\">\n\t\t\t\t\t\t\t\t\t<p style=\"text-align: center;\"><span id=\"miro-copy-source--doc\"><\/span>Mit Massivholz, zeitlosen Details und Materialien, die sch\u00f6n altern d\u00fcrfen, bauen wir K\u00fcchen, die halten. Wirklich.<\/p>\n\t\t\t\t\t\t\t\t<\/div>\n\t\t\t\t<\/div>\n\t\t\t\t\t<\/div>\n\t\t\t\t<\/div>\n\t\t<div class=\"elementor-element elementor-element-3479a6a8 e-flex e-con-boxed e-con e-parent\" data-id=\"3479a6a8\" data-element_type=\"container\" data-e-type=\"container\">\n\t\t\t\t\t<div class=\"e-con-inner\">\n\t\t<div class=\"elementor-element elementor-element-4afafec2 e-con-full e-flex e-con e-child\" data-id=\"4afafec2\" data-element_type=\"container\" data-e-type=\"container\" data-settings=\"{&quot;background_background&quot;:&quot;classic&quot;}\">\n\t\t\t\t<div class=\"elementor-element elementor-element-44f911c9 elementor-widget elementor-widget-heading\" data-id=\"44f911c9\" data-element_type=\"widget\" data-e-type=\"widget\" data-widget_type=\"heading.default\">\n\t\t\t\t<div class=\"elementor-widget-container\">\n\t\t\t\t\t<h2 class=\"elementor-heading-title elementor-size-default\">Nachhaltigkeit p\u00e5 riktigt<\/h2>\t\t\t\t<\/div>\n\t\t\t\t<\/div>\n\t\t\t\t<div class=\"elementor-element elementor-element-67fe6fd3 elementor-widget elementor-widget-text-editor\" data-id=\"67fe6fd3\" data-element_type=\"widget\" data-e-type=\"widget\" data-widget_type=\"text-editor.default\">\n\t\t\t\t<div class=\"elementor-widget-container\">\n\t\t\t\t\t\t\t\t\t<p>Sn\u00eak liefert ma\u00dfgeschneiderte K\u00fcchen und Einrichtungen h\u00f6chster Qualit\u00e4t und Langlebigkeit, bei denen wir und unsere Kunden ein gutes Gef\u00fchl haben.<\/p>\n<p>Seit der Gr\u00fcndung 2019 verwenden wir Massivholz in unserer Produktion in T\u00f6refors.<\/p>\n<p>Die Nachhaltigkeitsarbeit von Sn\u00eak umfasst unser gesamtes Unternehmen, von der Wahl der Gesch\u00e4ftspartner \u00fcber die Produktion bis hin zu den Lieferungen. Vom ersten Kundenkontakt an wird alles dokumentiert und alle Preise werden w\u00e4hrend des Designprozesses angezeigt \u2013 vollkommen transparent.<\/p>\n<p>K\u00fcchen und Einrichtungen werden von Sn\u00eak mit Hilfe unserer einzigartigen digitalen Plattform f\u00fcr Design und Dokumentation produziert, die die Bed\u00fcrfnisse unserer Kunden und die Qualit\u00e4tssicherung in den Vordergrund stellt. Die Plattform, die wir selbst besitzen, wird f\u00fcr Kommunikation, Design und Produktion verwendet und schafft unendliche M\u00f6glichkeiten f\u00fcr unsere Kunden bei gleichzeitiger Minimierung von Abfall und Emissionen aus der Produktion.<\/p>\n<p>Alles, was wir produzieren, geschieht in Abstimmung im Zusammenhang mit der Lieferung nach den individuellen Ma\u00dfen und dem Design des Kunden.<\/p>\n<p>Bei Sn\u00eak wird alles nach Vereinbarung und im Zusammenhang mit der Lieferung produziert, nach den individuellen Ma\u00dfen und dem Design des Kunden \u2013 nichts wird vorgefertigt!<\/p>\n\t\t\t\t\t\t\t\t<\/div>\n\t\t\t\t<\/div>\n\t\t\t\t<\/div>\n\t\t<div class=\"elementor-element elementor-element-2bb7f3af e-con-full e-flex e-con e-child\" data-id=\"2bb7f3af\" data-element_type=\"container\" data-e-type=\"container\" data-settings=\"{&quot;background_background&quot;:&quot;classic&quot;}\">\n\t\t\t\t<div class=\"elementor-element elementor-element-72ab51ba elementor-widget elementor-widget-spacer\" data-id=\"72ab51ba\" data-element_type=\"widget\" data-e-type=\"widget\" data-widget_type=\"spacer.default\">\n\t\t\t\t<div class=\"elementor-widget-container\">\n\t\t\t\t\t\t\t<div class=\"elementor-spacer\">\n\t\t\t<div class=\"elementor-spacer-inner\"><\/div>\n\t\t<\/div>\n\t\t\t\t\t\t<\/div>\n\t\t\t\t<\/div>\n\t\t\t\t<\/div>\n\t\t\t\t\t<\/div>\n\t\t\t\t<\/div>\n\t\t<div class=\"elementor-element elementor-element-970f55a e-flex e-con-boxed e-con e-parent\" data-id=\"970f55a\" data-element_type=\"container\" data-e-type=\"container\">\n\t\t\t\t\t<div class=\"e-con-inner\">\n\t\t\t\t<div class=\"elementor-element elementor-element-f2d5e48 elementor-widget elementor-widget-heading\" data-id=\"f2d5e48\" data-element_type=\"widget\" data-e-type=\"widget\" data-widget_type=\"heading.default\">\n\t\t\t\t<div class=\"elementor-widget-container\">\n\t\t\t\t\t<h3 class=\"elementor-heading-title elementor-size-default\">Durchdachte Entscheidungen \u2013 den ganzen Weg<\/h3>\t\t\t\t<\/div>\n\t\t\t\t<\/div>\n\t\t\t\t<div class=\"elementor-element elementor-element-e547a73 elementor-widget__width-initial elementor-widget elementor-widget-text-editor\" data-id=\"e547a73\" data-element_type=\"widget\" data-e-type=\"widget\" data-widget_type=\"text-editor.default\">\n\t\t\t\t<div class=\"elementor-widget-container\">\n\t\t\t\t\t\t\t\t\t<p>Sn\u00eak bezieht Waren von Kooperationspartnern, die aktiv Verantwortung f\u00fcr Nachhaltigkeit und Umwelt \u00fcbernehmen. Die Holzrohstoffe, die wir einkaufen, werden gem\u00e4\u00df den EU-Richtlinien f\u00fcr nachhaltige Forstwirtschaft produziert.<\/p>\n<p>Holzspill anv\u00e4nds f\u00f6r produktion av tr\u00e4pellets som vi sedan k\u00f6per tillbaka f\u00f6r att tillsammans med n\u00e4rv\u00e4rme anv\u00e4nds f\u00f6r att v\u00e4rma v\u00e5r produktionsanl\u00e4ggning.<\/p>\n<p>V\u00e5rt arbetss\u00e4tt minskar behovet av resor drastiskt, d\u00e5 kundm\u00f6ten i stor utstr\u00e4ckning sker digitalt. Resor som beh\u00f6ver g\u00f6ras sker p\u00e5 ett s\u00e4tt som minimerar utsl\u00e4pp. Lieferung till kund sker i samarbete med BDX, som tar ansvar f\u00f6r att minska klimatavtrycket av sina transporter.<\/p>\n\t\t\t\t\t\t\t\t<\/div>\n\t\t\t\t<\/div>\n\t\t\t\t\t<\/div>\n\t\t\t\t<\/div>\n\t\t<div class=\"elementor-element elementor-element-ddc04ce e-flex e-con-boxed e-con e-parent\" data-id=\"ddc04ce\" data-element_type=\"container\" data-e-type=\"container\">\n\t\t\t\t\t<div class=\"e-con-inner\">\n\t\t<div class=\"elementor-element elementor-element-a163cb0 e-con-full e-flex e-con e-child\" data-id=\"a163cb0\" data-element_type=\"container\" data-e-type=\"container\" data-settings=\"{&quot;background_background&quot;:&quot;classic&quot;}\">\n\t\t\t\t<div class=\"elementor-element elementor-element-8e49bfe elementor-widget elementor-widget-heading\" data-id=\"8e49bfe\" data-element_type=\"widget\" data-e-type=\"widget\" data-widget_type=\"heading.default\">\n\t\t\t\t<div class=\"elementor-widget-container\">\n\t\t\t\t\t<h4 class=\"elementor-heading-title elementor-size-default\">Plockhugget<\/h4>\t\t\t\t<\/div>\n\t\t\t\t<\/div>\n\t\t\t\t<div class=\"elementor-element elementor-element-67e9d09 elementor-widget elementor-widget-text-editor\" data-id=\"67e9d09\" data-element_type=\"widget\" data-e-type=\"widget\" data-widget_type=\"text-editor.default\">\n\t\t\t\t<div class=\"elementor-widget-container\">\n\t\t\t\t\t\t\t\t\t<p>Unsere Zusammenarbeit mit Plockhugget ist eine M\u00f6glichkeit f\u00fcr uns, aktiv Verantwortung f\u00fcr Schwedens W\u00e4lder zu \u00fcbernehmen \u2013 heute und morgen. Die Zusammenarbeit bedeutet, dass wir alles mit einem Zertifikat f\u00fcr kahlschlagfreie Rohstoffe liefern.<\/p>\n\t\t\t\t\t\t\t\t<\/div>\n\t\t\t\t<\/div>\n\t\t\t\t<div class=\"elementor-element elementor-element-b6666b6 elementor-widget elementor-widget-html\" data-id=\"b6666b6\" data-element_type=\"widget\" data-e-type=\"widget\" data-widget_type=\"html.default\">\n\t\t\t\t<div class=\"elementor-widget-container\">\n\t\t\t\t\t<a href=\"https:\/\/plockhugget.se\/\">\n    <button class=\"bracket-button-w\">\n    Plockhugget.se\n    <\/button>\n<\/a>\t\t\t\t<\/div>\n\t\t\t\t<\/div>\n\t\t\t\t<div class=\"elementor-element elementor-element-a153227 elementor-widget elementor-widget-html\" data-id=\"a153227\" data-element_type=\"widget\" data-e-type=\"widget\" data-widget_type=\"html.default\">\n\t\t\t\t<div class=\"elementor-widget-container\">\n\t\t\t\t\t<a href=\"https:\/\/www.snek.se\/plockhugget\/\">\n    <button class=\"bracket-button-w\">\n        Mehr erfahren\n    <\/button>\n<\/a>\t\t\t\t<\/div>\n\t\t\t\t<\/div>\n\t\t\t\t<\/div>\n\t\t<div class=\"elementor-element elementor-element-55fb7b7 e-con-full e-flex e-con e-child\" data-id=\"55fb7b7\" data-element_type=\"container\" data-e-type=\"container\" data-settings=\"{&quot;background_background&quot;:&quot;classic&quot;}\">\n\t\t\t\t<div class=\"elementor-element elementor-element-db3bb3d elementor-widget elementor-widget-spacer\" data-id=\"db3bb3d\" data-element_type=\"widget\" data-e-type=\"widget\" data-widget_type=\"spacer.default\">\n\t\t\t\t<div class=\"elementor-widget-container\">\n\t\t\t\t\t\t\t<div class=\"elementor-spacer\">\n\t\t\t<div class=\"elementor-spacer-inner\"><\/div>\n\t\t<\/div>\n\t\t\t\t\t\t<\/div>\n\t\t\t\t<\/div>\n\t\t\t\t<\/div>\n\t\t\t\t\t<\/div>\n\t\t\t\t<\/div>\n\t\t\t\t<\/div>\n\t\t","protected":false},"excerpt":{"rendered":"<p>Nachhaltigkeit Handgefertigte K\u00fcchen aus Norrbotten s\u00e4ger vi, men vad inneb\u00e4r d\u00e5 det utifr\u00e5n ett h\u00e5llbarhetsperspektiv och vad inneb\u00e4r det f\u00f6r v\u00e5ra kunder? Mit Massivholz, zeitlosen Details und Materialien, die sch\u00f6n altern d\u00fcrfen, bauen wir K\u00fcchen, die halten. Wirklich. Nachhaltigkeit p\u00e5 riktigt Sn\u00eak liefert ma\u00dfgeschneiderte K\u00fcchen und Einrichtungen h\u00f6chster Qualit\u00e4t und Langlebigkeit, bei denen wir und [&hellip;]<\/p>\n","protected":false},"author":0,"featured_media":145029,"parent":0,"menu_order":0,"comment_status":"closed","ping_status":"closed","template":"elementor_canvas","meta":{"_acf_changed":false,"footnotes":""},"class_list":["post-155237","page","type-page","status-publish","has-post-thumbnail","hentry"],"acf":[],"yoast_head":"<!-- This site is optimized with the Yoast SEO plugin v27.2 - https:\/\/yoast.com\/product\/yoast-seo-wordpress\/ -->\n<title>Nachhaltigkeit | Sn\u00eak<\/title>\n<meta name=\"description\" content=\"Vi bygger k\u00f6k i massivt tr\u00e4 med h\u00e5llbara material och genomt\u00e4nkta val. Certifierad tr\u00e4vara genom Plockhugget.\" \/>\n<meta name=\"robots\" content=\"index, follow, max-snippet:-1, max-image-preview:large, max-video-preview:-1\" \/>\n<link rel=\"canonical\" href=\"https:\/\/www.snek.se\/de\/nachhaltigkeit\/\" \/>\n<meta property=\"og:locale\" content=\"de_DE\" \/>\n<meta property=\"og:type\" content=\"article\" \/>\n<meta property=\"og:title\" content=\"Nachhaltigkeit | Sn\u00eak\" \/>\n<meta property=\"og:description\" content=\"Vi bygger k\u00f6k i massivt tr\u00e4 med h\u00e5llbara material och genomt\u00e4nkta val. Certifierad tr\u00e4vara genom Plockhugget.\" \/>\n<meta property=\"og:url\" content=\"https:\/\/www.snek.se\/de\/nachhaltigkeit\/\" \/>\n<meta property=\"og:site_name\" content=\"Sn\u00eak\" \/>\n<meta property=\"article:publisher\" content=\"https:\/\/www.facebook.com\/snekkitchens\/\" \/>\n<meta property=\"article:modified_time\" content=\"2026-04-08T22:08:04+00:00\" \/>\n<meta property=\"og:image\" content=\"https:\/\/www.snek.se\/wp-content\/uploads\/2025\/07\/DSC6018.jpg\" \/>\n\t<meta property=\"og:image:width\" content=\"1366\" \/>\n\t<meta property=\"og:image:height\" content=\"2048\" \/>\n\t<meta property=\"og:image:type\" content=\"image\/jpeg\" \/>\n<meta name=\"twitter:card\" content=\"summary_large_image\" \/>\n<meta name=\"twitter:label1\" content=\"Est. reading time\" \/>\n\t<meta name=\"twitter:data1\" content=\"2 minutes\" \/>\n<script type=\"application\/ld+json\" class=\"yoast-schema-graph\">{\"@context\":\"https:\/\/schema.org\",\"@graph\":[{\"@type\":\"WebPage\",\"@id\":\"https:\/\/www.snek.se\/de\/nachhaltigkeit\/\",\"url\":\"https:\/\/www.snek.se\/de\/nachhaltigkeit\/\",\"name\":\"Nachhaltigkeit | Sn\u00eak\",\"isPartOf\":{\"@id\":\"https:\/\/www.snek.se\/de\/#website\"},\"primaryImageOfPage\":{\"@id\":\"https:\/\/www.snek.se\/de\/nachhaltigkeit\/#primaryimage\"},\"image\":{\"@id\":\"https:\/\/www.snek.se\/de\/nachhaltigkeit\/#primaryimage\"},\"thumbnailUrl\":\"https:\/\/www.snek.se\/wp-content\/uploads\/2025\/07\/DSC6018.jpg\",\"datePublished\":\"2026-04-08T17:15:18+00:00\",\"dateModified\":\"2026-04-08T22:08:04+00:00\",\"description\":\"Vi bygger k\u00f6k i massivt tr\u00e4 med h\u00e5llbara material och genomt\u00e4nkta val. Certifierad tr\u00e4vara genom Plockhugget.\",\"breadcrumb\":{\"@id\":\"https:\/\/www.snek.se\/de\/nachhaltigkeit\/#breadcrumb\"},\"inLanguage\":\"de-DE\",\"potentialAction\":[{\"@type\":\"ReadAction\",\"target\":[\"https:\/\/www.snek.se\/de\/nachhaltigkeit\/\"]}]},{\"@type\":\"ImageObject\",\"inLanguage\":\"de-DE\",\"@id\":\"https:\/\/www.snek.se\/de\/nachhaltigkeit\/#primaryimage\",\"url\":\"https:\/\/www.snek.se\/wp-content\/uploads\/2025\/07\/DSC6018.jpg\",\"contentUrl\":\"https:\/\/www.snek.se\/wp-content\/uploads\/2025\/07\/DSC6018.jpg\",\"width\":1366,\"height\":2048},{\"@type\":\"BreadcrumbList\",\"@id\":\"https:\/\/www.snek.se\/de\/nachhaltigkeit\/#breadcrumb\",\"itemListElement\":[{\"@type\":\"ListItem\",\"position\":1,\"name\":\"Hem\",\"item\":\"https:\/\/www.snek.se\/de\/\"},{\"@type\":\"ListItem\",\"position\":2,\"name\":\"Nachhaltigkeit\"}]},{\"@type\":\"WebSite\",\"@id\":\"https:\/\/www.snek.se\/de\/#website\",\"url\":\"https:\/\/www.snek.se\/de\/\",\"name\":\"Sn\u00eak\",\"description\":\"Handgefertigte K\u00fcchen aus Norrbotten\",\"publisher\":{\"@id\":\"https:\/\/www.snek.se\/de\/#organization\"},\"potentialAction\":[{\"@type\":\"SearchAction\",\"target\":{\"@type\":\"EntryPoint\",\"urlTemplate\":\"https:\/\/www.snek.se\/de\/?s={search_term_string}\"},\"query-input\":{\"@type\":\"PropertyValueSpecification\",\"valueRequired\":true,\"valueName\":\"search_term_string\"}}],\"inLanguage\":\"de-DE\"},{\"@type\":\"Organization\",\"@id\":\"https:\/\/www.snek.se\/de\/#organization\",\"name\":\"Sn\u00eak\",\"url\":\"https:\/\/www.snek.se\/de\/\",\"logo\":{\"@type\":\"ImageObject\",\"inLanguage\":\"de-DE\",\"@id\":\"https:\/\/www.snek.se\/de\/#\/schema\/logo\/image\/\",\"url\":\"https:\/\/www.snek.se\/wp-content\/uploads\/2026\/01\/snek-logotyp-insta-scaled.jpg\",\"contentUrl\":\"https:\/\/www.snek.se\/wp-content\/uploads\/2026\/01\/snek-logotyp-insta-scaled.jpg\",\"width\":2560,\"height\":2560,\"caption\":\"Sn\u00eak\"},\"image\":{\"@id\":\"https:\/\/www.snek.se\/de\/#\/schema\/logo\/image\/\"},\"sameAs\":[\"https:\/\/www.facebook.com\/snekkitchens\/\",\"https:\/\/www.instagram.com\/snek.kok\/\",\"https:\/\/www.linkedin.com\/company\/snek-kok\/\",\"https:\/\/se.pinterest.com\/SnekKitchens\/\",\"https:\/\/www.youtube.com\/channel\/UCT9DWn-4DMpKHHqbRXV4bZQ\/\"]}]}<\/script>\n<!-- \/ Yoast SEO plugin. -->","yoast_head_json":{"title":"Nachhaltigkeit | Sn\u00eak","description":"Vi bygger k\u00f6k i massivt tr\u00e4 med h\u00e5llbara material och genomt\u00e4nkta val. Certifierad tr\u00e4vara genom Plockhugget.","robots":{"index":"index","follow":"follow","max-snippet":"max-snippet:-1","max-image-preview":"max-image-preview:large","max-video-preview":"max-video-preview:-1"},"canonical":"https:\/\/www.snek.se\/de\/nachhaltigkeit\/","og_locale":"de_DE","og_type":"article","og_title":"Nachhaltigkeit | Sn\u00eak","og_description":"Vi bygger k\u00f6k i massivt tr\u00e4 med h\u00e5llbara material och genomt\u00e4nkta val. Certifierad tr\u00e4vara genom Plockhugget.","og_url":"https:\/\/www.snek.se\/de\/nachhaltigkeit\/","og_site_name":"Sn\u00eak","article_publisher":"https:\/\/www.facebook.com\/snekkitchens\/","article_modified_time":"2026-04-08T22:08:04+00:00","og_image":[{"width":1366,"height":2048,"url":"https:\/\/www.snek.se\/wp-content\/uploads\/2025\/07\/DSC6018.jpg","type":"image\/jpeg"}],"twitter_card":"summary_large_image","twitter_misc":{"Est. reading time":"2 minutes"},"schema":{"@context":"https:\/\/schema.org","@graph":[{"@type":"WebPage","@id":"https:\/\/www.snek.se\/de\/nachhaltigkeit\/","url":"https:\/\/www.snek.se\/de\/nachhaltigkeit\/","name":"Nachhaltigkeit | Sn\u00eak","isPartOf":{"@id":"https:\/\/www.snek.se\/de\/#website"},"primaryImageOfPage":{"@id":"https:\/\/www.snek.se\/de\/nachhaltigkeit\/#primaryimage"},"image":{"@id":"https:\/\/www.snek.se\/de\/nachhaltigkeit\/#primaryimage"},"thumbnailUrl":"https:\/\/www.snek.se\/wp-content\/uploads\/2025\/07\/DSC6018.jpg","datePublished":"2026-04-08T17:15:18+00:00","dateModified":"2026-04-08T22:08:04+00:00","description":"Vi bygger k\u00f6k i massivt tr\u00e4 med h\u00e5llbara material och genomt\u00e4nkta val. Certifierad tr\u00e4vara genom Plockhugget.","breadcrumb":{"@id":"https:\/\/www.snek.se\/de\/nachhaltigkeit\/#breadcrumb"},"inLanguage":"de-DE","potentialAction":[{"@type":"ReadAction","target":["https:\/\/www.snek.se\/de\/nachhaltigkeit\/"]}]},{"@type":"ImageObject","inLanguage":"de-DE","@id":"https:\/\/www.snek.se\/de\/nachhaltigkeit\/#primaryimage","url":"https:\/\/www.snek.se\/wp-content\/uploads\/2025\/07\/DSC6018.jpg","contentUrl":"https:\/\/www.snek.se\/wp-content\/uploads\/2025\/07\/DSC6018.jpg","width":1366,"height":2048},{"@type":"BreadcrumbList","@id":"https:\/\/www.snek.se\/de\/nachhaltigkeit\/#breadcrumb","itemListElement":[{"@type":"ListItem","position":1,"name":"Hem","item":"https:\/\/www.snek.se\/de\/"},{"@type":"ListItem","position":2,"name":"Nachhaltigkeit"}]},{"@type":"WebSite","@id":"https:\/\/www.snek.se\/de\/#website","url":"https:\/\/www.snek.se\/de\/","name":"Sn\u00eak","description":"Handgefertigte K\u00fcchen aus Norrbotten","publisher":{"@id":"https:\/\/www.snek.se\/de\/#organization"},"potentialAction":[{"@type":"SearchAction","target":{"@type":"EntryPoint","urlTemplate":"https:\/\/www.snek.se\/de\/?s={search_term_string}"},"query-input":{"@type":"PropertyValueSpecification","valueRequired":true,"valueName":"search_term_string"}}],"inLanguage":"de-DE"},{"@type":"Organization","@id":"https:\/\/www.snek.se\/de\/#organization","name":"Sn\u00eak","url":"https:\/\/www.snek.se\/de\/","logo":{"@type":"ImageObject","inLanguage":"de-DE","@id":"https:\/\/www.snek.se\/de\/#\/schema\/logo\/image\/","url":"https:\/\/www.snek.se\/wp-content\/uploads\/2026\/01\/snek-logotyp-insta-scaled.jpg","contentUrl":"https:\/\/www.snek.se\/wp-content\/uploads\/2026\/01\/snek-logotyp-insta-scaled.jpg","width":2560,"height":2560,"caption":"Sn\u00eak"},"image":{"@id":"https:\/\/www.snek.se\/de\/#\/schema\/logo\/image\/"},"sameAs":["https:\/\/www.facebook.com\/snekkitchens\/","https:\/\/www.instagram.com\/snek.kok\/","https:\/\/www.linkedin.com\/company\/snek-kok\/","https:\/\/se.pinterest.com\/SnekKitchens\/","https:\/\/www.youtube.com\/channel\/UCT9DWn-4DMpKHHqbRXV4bZQ\/"]}]}},"_links":{"self":[{"href":"https:\/\/www.snek.se\/de\/wp-json\/wp\/v2\/pages\/155237","targetHints":{"allow":["GET"]}}],"collection":[{"href":"https:\/\/www.snek.se\/de\/wp-json\/wp\/v2\/pages"}],"about":[{"href":"https:\/\/www.snek.se\/de\/wp-json\/wp\/v2\/types\/page"}],"replies":[{"embeddable":true,"href":"https:\/\/www.snek.se\/de\/wp-json\/wp\/v2\/comments?post=155237"}],"version-history":[{"count":4,"href":"https:\/\/www.snek.se\/de\/wp-json\/wp\/v2\/pages\/155237\/revisions"}],"predecessor-version":[{"id":155710,"href":"https:\/\/www.snek.se\/de\/wp-json\/wp\/v2\/pages\/155237\/revisions\/155710"}],"wp:featuredmedia":[{"embeddable":true,"href":"https:\/\/www.snek.se\/de\/wp-json\/wp\/v2\/media\/145029"}],"wp:attachment":[{"href":"https:\/\/www.snek.se\/de\/wp-json\/wp\/v2\/media?parent=155237"}],"curies":[{"name":"wp","href":"https:\/\/api.w.org\/{rel}","templated":true}]}}