{"id":155217,"date":"2026-04-08T19:15:16","date_gmt":"2026-04-08T17:15:16","guid":{"rendered":"https:\/\/www.snek.se\/cookie-richtlinie\/"},"modified":"2026-04-09T00:08:01","modified_gmt":"2026-04-08T22:08:01","slug":"cookie-richtlinie","status":"publish","type":"page","link":"https:\/\/www.snek.se\/de\/cookie-richtlinie\/","title":{"rendered":"Cookie-Richtlinie"},"content":{"rendered":"\t\t<div data-elementor-type=\"wp-page\" data-elementor-id=\"155217\" class=\"elementor elementor-155217 elementor-940\" data-elementor-post-type=\"page\">\n\t\t\t\t<div class=\"elementor-element elementor-element-3ae7bb29 e-flex e-con-boxed e-con e-parent\" data-id=\"3ae7bb29\" data-element_type=\"container\" data-e-type=\"container\">\n\t\t\t\t\t<div class=\"e-con-inner\">\n\t\t<div class=\"elementor-element elementor-element-2ba5174 e-con-full e-flex e-con e-child\" data-id=\"2ba5174\" data-element_type=\"container\" data-e-type=\"container\">\n\t\t\t\t<div class=\"elementor-element elementor-element-6e9cad9 elementor-widget elementor-widget-heading\" data-id=\"6e9cad9\" data-element_type=\"widget\" data-e-type=\"widget\" data-widget_type=\"heading.default\">\n\t\t\t\t<div class=\"elementor-widget-container\">\n\t\t\t\t\t<h1 class=\"elementor-heading-title elementor-size-default\">Cookie-Richtlinie<\/h1>\t\t\t\t<\/div>\n\t\t\t\t<\/div>\n\t\t\t\t<div class=\"elementor-element elementor-element-a08cb9c elementor-widget__width-initial elementor-widget elementor-widget-text-editor\" data-id=\"a08cb9c\" data-element_type=\"widget\" data-e-type=\"widget\" data-widget_type=\"text-editor.default\">\n\t\t\t\t<div class=\"elementor-widget-container\">\n\t\t\t\t\t\t\t\t\t<h2 style=\"text-align: center;\">Was sind Cookies?<\/h2>\n<p style=\"text-align: center;\">Cookies sind kleine Textdateien, die von Ihrem Browser auf Ihrem Computer, Mobiltelefon oder einem anderen Ger\u00e4t gespeichert werden, wenn Sie eine Website besuchen. Sie dienen dazu, das Nutzererlebnis zu verbessern, Inhalte anzupassen und Statistiken \u00fcber den Besuch zu sammeln.<\/p>\n<p style=\"text-align: left;\">\u00a0<\/p>\n\t\t\t\t\t\t\t\t<\/div>\n\t\t\t\t<\/div>\n\t\t\t\t<\/div>\n\t\t\t\t\t<\/div>\n\t\t\t\t<\/div>\n\t\t<div class=\"elementor-element elementor-element-f79cd59 e-flex e-con-boxed e-con e-parent\" data-id=\"f79cd59\" data-element_type=\"container\" data-e-type=\"container\" data-settings=\"{&quot;background_background&quot;:&quot;classic&quot;}\">\n\t\t\t\t\t<div class=\"e-con-inner\">\n\t\t\t\t<div class=\"elementor-element elementor-element-85613ea elementor-widget__width-initial elementor-widget elementor-widget-text-editor\" data-id=\"85613ea\" data-element_type=\"widget\" data-e-type=\"widget\" data-widget_type=\"text-editor.default\">\n\t\t\t\t<div class=\"elementor-widget-container\">\n\t\t\t\t\t\t\t\t\t<p><span id=\"miro-copy-source--doc\"><\/span>Arten von Cookies, die wir verwenden<\/p>\n\t\t\t\t\t\t\t\t<\/div>\n\t\t\t\t<\/div>\n\t\t\t\t<div class=\"elementor-element elementor-element-4b1be62 elementor-widget__width-initial elementor-widget elementor-widget-text-editor\" data-id=\"4b1be62\" data-element_type=\"widget\" data-e-type=\"widget\" data-widget_type=\"text-editor.default\">\n\t\t\t\t<div class=\"elementor-widget-container\">\n\t\t\t\t\t\t\t\t\t<p>Bei der Sn\u00eak Aktiebolag verwenden wir Cookies, um die Leistung und Benutzerfreundlichkeit der Website zu verbessern, Seiten schneller zu laden, relevante Inhalte und Werbung anzuzeigen sowie anonyme Statistiken \u00fcber das Nutzerverhalten zu sammeln.<br data-start=\"321\" data-end=\"324\" \/>Wenn Sie nicht m\u00f6chten, dass Cookies verwendet werden, k\u00f6nnen Sie diese in Ihren Browsereinstellungen deaktivieren und bereits gespeicherte Cookies l\u00f6schen.<\/p>\n\t\t\t\t\t\t\t\t<\/div>\n\t\t\t\t<\/div>\n\t\t\t\t\t<\/div>\n\t\t\t\t<\/div>\n\t\t<div class=\"elementor-element elementor-element-539f60e e-flex e-con-boxed e-con e-parent\" data-id=\"539f60e\" data-element_type=\"container\" data-e-type=\"container\">\n\t\t\t\t\t<div class=\"e-con-inner\">\n\t\t<div class=\"elementor-element elementor-element-ec682a3 e-con-full e-flex e-con e-child\" data-id=\"ec682a3\" data-element_type=\"container\" data-e-type=\"container\">\n\t\t\t\t<div class=\"elementor-element elementor-element-827ff75 elementor-widget elementor-widget-heading\" data-id=\"827ff75\" data-element_type=\"widget\" data-e-type=\"widget\" data-widget_type=\"heading.default\">\n\t\t\t\t<div class=\"elementor-widget-container\">\n\t\t\t\t\t<h2 class=\"elementor-heading-title elementor-size-default\">1. Unbedingt erforderliche Cookies<\/h2>\t\t\t\t<\/div>\n\t\t\t\t<\/div>\n\t\t\t\t<div class=\"elementor-element elementor-element-0893a58 elementor-widget elementor-widget-text-editor\" data-id=\"0893a58\" data-element_type=\"widget\" data-e-type=\"widget\" data-widget_type=\"text-editor.default\">\n\t\t\t\t<div class=\"elementor-widget-container\">\n\t\t\t\t\t\t\t\t\t<p>Diese Cookies sind erforderlich, damit die Website ordnungsgem\u00e4\u00df funktioniert, und k\u00f6nnen in unserem System nicht deaktiviert werden. Sie werden z. B. zum Speichern von Einstellungen und zur Verarbeitung von Formulareingaben verwendet.<\/p>\n<p><strong>Beispiele f\u00fcr Cookies:<\/strong><br class=\"soft-break\" \/>\u2013 Cloudflare<br class=\"soft-break\" \/>\u2013 WordPressee<\/p>\n<p>Wenn Sie diese Cookies blockieren, funktionieren m\u00f6glicherweise bestimmte Teile der Website nicht mehr.<\/p>\n\t\t\t\t\t\t\t\t<\/div>\n\t\t\t\t<\/div>\n\t\t\t\t<\/div>\n\t\t<div class=\"elementor-element elementor-element-7911658 e-con-full e-flex e-con e-child\" data-id=\"7911658\" data-element_type=\"container\" data-e-type=\"container\">\n\t\t\t\t<div class=\"elementor-element elementor-element-40e5d3a elementor-widget elementor-widget-heading\" data-id=\"40e5d3a\" data-element_type=\"widget\" data-e-type=\"widget\" data-widget_type=\"heading.default\">\n\t\t\t\t<div class=\"elementor-widget-container\">\n\t\t\t\t\t<h2 class=\"elementor-heading-title elementor-size-default\">2. Analyse-Cookies<\/h2>\t\t\t\t<\/div>\n\t\t\t\t<\/div>\n\t\t\t\t<div class=\"elementor-element elementor-element-e3ee85b elementor-widget elementor-widget-text-editor\" data-id=\"e3ee85b\" data-element_type=\"widget\" data-e-type=\"widget\" data-widget_type=\"text-editor.default\">\n\t\t\t\t<div class=\"elementor-widget-container\">\n\t\t\t\t\t\t\t\t\t<p>Analyse-Cookies helfen uns zu verstehen, wie Besucher die Website nutzen, damit wir Struktur und Inhalt verbessern k\u00f6nnen. Alle Informationen sind anonymisiert.<\/p>\n<p><strong>Verwendet \u00fcber:<\/strong><br class=\"soft-break\" \/>\u2013 Google Analytics<\/p>\n\t\t\t\t\t\t\t\t<\/div>\n\t\t\t\t<\/div>\n\t\t\t\t<\/div>\n\t\t\t\t\t<\/div>\n\t\t\t\t<\/div>\n\t\t<div class=\"elementor-element elementor-element-a9cfff5 e-flex e-con-boxed e-con e-parent\" data-id=\"a9cfff5\" data-element_type=\"container\" data-e-type=\"container\">\n\t\t\t\t\t<div class=\"e-con-inner\">\n\t\t<div class=\"elementor-element elementor-element-fd01e7d e-con-full e-flex e-con e-child\" data-id=\"fd01e7d\" data-element_type=\"container\" data-e-type=\"container\">\n\t\t\t\t<div class=\"elementor-element elementor-element-5416800 elementor-widget elementor-widget-heading\" data-id=\"5416800\" data-element_type=\"widget\" data-e-type=\"widget\" data-widget_type=\"heading.default\">\n\t\t\t\t<div class=\"elementor-widget-container\">\n\t\t\t\t\t<h2 class=\"elementor-heading-title elementor-size-default\">3. Werbe-Cookies<\/h2>\t\t\t\t<\/div>\n\t\t\t\t<\/div>\n\t\t\t\t<div class=\"elementor-element elementor-element-b2df223 elementor-widget elementor-widget-text-editor\" data-id=\"b2df223\" data-element_type=\"widget\" data-e-type=\"widget\" data-widget_type=\"text-editor.default\">\n\t\t\t\t<div class=\"elementor-widget-container\">\n\t\t\t\t\t\t\t\t\t<p>Diese Cookies werden von unseren Partnern verwendet, um relevante Werbung auf anderen Websites anzuzeigen. Sie erstellen ein Profil basierend auf Ihrer Aktivit\u00e4t, enthalten jedoch keine identifizierenden Informationen.<\/p>\n<p><strong>Verwendet \u00fcber:<\/strong><br class=\"soft-break\" \/>\u2013 Meta bussines suit<\/p>\n<p>Sie k\u00f6nnen diese Cookies jederzeit \u00fcber die Browsereinstellungen blockieren.<\/p>\n\t\t\t\t\t\t\t\t<\/div>\n\t\t\t\t<\/div>\n\t\t\t\t<\/div>\n\t\t<div class=\"elementor-element elementor-element-67e5490 e-con-full elementor-hidden-mobile elementor-hidden-tablet e-flex e-con e-child\" data-id=\"67e5490\" data-element_type=\"container\" data-e-type=\"container\">\n\t\t\t\t<div class=\"elementor-element elementor-element-f0536a0 elementor-view-default elementor-widget elementor-widget-icon\" data-id=\"f0536a0\" data-element_type=\"widget\" data-e-type=\"widget\" data-widget_type=\"icon.default\">\n\t\t\t\t<div class=\"elementor-widget-container\">\n\t\t\t\t\t\t\t<div class=\"elementor-icon-wrapper\">\n\t\t\t<div class=\"elementor-icon\">\n\t\t\t<svg aria-hidden=\"true\" class=\"e-font-icon-svg e-fas-cookie-bite\" viewBox=\"0 0 512 512\" xmlns=\"http:\/\/www.w3.org\/2000\/svg\"><path d=\"M510.52 255.82c-69.97-.85-126.47-57.69-126.47-127.86-70.17 0-127-56.49-127.86-126.45-27.26-4.14-55.13.3-79.72 12.82l-69.13 35.22a132.221 132.221 0 0 0-57.79 57.81l-35.1 68.88a132.645 132.645 0 0 0-12.82 80.95l12.08 76.27a132.521 132.521 0 0 0 37.16 72.96l54.77 54.76a132.036 132.036 0 0 0 72.71 37.06l76.71 12.15c27.51 4.36 55.7-.11 80.53-12.76l69.13-35.21a132.273 132.273 0 0 0 57.79-57.81l35.1-68.88c12.56-24.64 17.01-52.58 12.91-79.91zM176 368c-17.67 0-32-14.33-32-32s14.33-32 32-32 32 14.33 32 32-14.33 32-32 32zm32-160c-17.67 0-32-14.33-32-32s14.33-32 32-32 32 14.33 32 32-14.33 32-32 32zm160 128c-17.67 0-32-14.33-32-32s14.33-32 32-32 32 14.33 32 32-14.33 32-32 32z\"><\/path><\/svg>\t\t\t<\/div>\n\t\t<\/div>\n\t\t\t\t\t\t<\/div>\n\t\t\t\t<\/div>\n\t\t\t\t<\/div>\n\t\t\t\t\t<\/div>\n\t\t\t\t<\/div>\n\t\t<div class=\"elementor-element elementor-element-3cb326e e-flex e-con-boxed e-con e-parent\" data-id=\"3cb326e\" data-element_type=\"container\" data-e-type=\"container\">\n\t\t\t\t\t<div class=\"e-con-inner\">\n\t\t<div class=\"elementor-element elementor-element-449016a e-con-full e-flex e-con e-child\" data-id=\"449016a\" data-element_type=\"container\" data-e-type=\"container\">\n\t\t\t\t<div class=\"elementor-element elementor-element-b40b0f9 elementor-widget elementor-widget-heading\" data-id=\"b40b0f9\" data-element_type=\"widget\" data-e-type=\"widget\" data-widget_type=\"heading.default\">\n\t\t\t\t<div class=\"elementor-widget-container\">\n\t\t\t\t\t<h2 class=\"elementor-heading-title elementor-size-default\">Technische Informationen, die gesammelt werden<\/h2>\t\t\t\t<\/div>\n\t\t\t\t<\/div>\n\t\t\t\t<div class=\"elementor-element elementor-element-e59c6c2 elementor-widget elementor-widget-text-editor\" data-id=\"e59c6c2\" data-element_type=\"widget\" data-e-type=\"widget\" data-widget_type=\"text-editor.default\">\n\t\t\t\t<div class=\"elementor-widget-container\">\n\t\t\t\t\t\t\t\t\t<p>Wenn Sie unsere Website besuchen, k\u00f6nnen wir vor\u00fcbergehend technische Informationen speichern wie:<\/p>\n<ul>\n<li>IP-Adresse<\/li>\n<li>Betriebssystem und Browsertyp<\/li>\n<li>Zeitpunkt und Dauer des Besuchs<\/li>\n<li>Von welcher Seite Sie kamen<\/li>\n<li>Klick- und Besuchsverlauf<\/li>\n<\/ul>\n<p>Diese Daten werden ausschlie\u00dflich in anonymisierter Form verwendet, um den Inhalt und die Funktionalit\u00e4t der Website zu verbessern. Alle Daten werden \u00fcber <strong>verschl\u00fcsselte Verbindungen<\/strong> gesendet und gespeichert und nicht an Unbefugte weitergegeben.<\/p>\n\t\t\t\t\t\t\t\t<\/div>\n\t\t\t\t<\/div>\n\t\t\t\t<\/div>\n\t\t<div class=\"elementor-element elementor-element-77ea984 e-con-full e-flex e-con e-child\" data-id=\"77ea984\" data-element_type=\"container\" data-e-type=\"container\">\n\t\t\t\t<div class=\"elementor-element elementor-element-396531e elementor-widget elementor-widget-heading\" data-id=\"396531e\" data-element_type=\"widget\" data-e-type=\"widget\" data-widget_type=\"heading.default\">\n\t\t\t\t<div class=\"elementor-widget-container\">\n\t\t\t\t\t<h2 class=\"elementor-heading-title elementor-size-default\">Einwilligung und Einstellungen<\/h2>\t\t\t\t<\/div>\n\t\t\t\t<\/div>\n\t\t\t\t<div class=\"elementor-element elementor-element-50cfb53 elementor-widget elementor-widget-text-editor\" data-id=\"50cfb53\" data-element_type=\"widget\" data-e-type=\"widget\" data-widget_type=\"text-editor.default\">\n\t\t\t\t<div class=\"elementor-widget-container\">\n\t\t\t\t\t\t\t\t\t<p>Durch die Nutzung unserer Website und die Aktivierung von Cookies in Ihrem Browser stimmen Sie der Verwendung von Cookies gem\u00e4\u00df dieser Richtlinie zu.<\/p>\n<p>Wenn Sie der Verwendung von Cookies nicht zustimmen, k\u00f6nnen Sie:<\/p>\n<ul>\n<li>Die Einstellungen in Ihrem Browser anpassen, um Cookies abzulehnen oder einzuschr\u00e4nken<\/li>\n<li>Vorhandene Cookies von Ihrem Ger\u00e4t l\u00f6schen<\/li>\n<li>Warnungen aktivieren, bevor Cookies gespeichert werden<\/li>\n<\/ul>\n<p>Weitere Informationen zur Verwaltung von Cookies finden Sie im Hilfebereich Ihres Browsers oder in den Anweisungen des Anbieters.<\/p>\n\t\t\t\t\t\t\t\t<\/div>\n\t\t\t\t<\/div>\n\t\t\t\t<\/div>\n\t\t\t\t\t<\/div>\n\t\t\t\t<\/div>\n\t\t<div class=\"elementor-element elementor-element-4554b0e e-flex e-con-boxed e-con e-parent\" data-id=\"4554b0e\" data-element_type=\"container\" data-e-type=\"container\" data-settings=\"{&quot;background_background&quot;:&quot;classic&quot;}\">\n\t\t\t\t\t<div class=\"e-con-inner\">\n\t\t\t\t<div class=\"elementor-element elementor-element-e0abea8 elementor-widget elementor-widget-heading\" data-id=\"e0abea8\" data-element_type=\"widget\" data-e-type=\"widget\" data-widget_type=\"heading.default\">\n\t\t\t\t<div class=\"elementor-widget-container\">\n\t\t\t\t\t<h2 class=\"elementor-heading-title elementor-size-default\">Fragen und Kontakt<\/h2>\t\t\t\t<\/div>\n\t\t\t\t<\/div>\n\t\t\t\t<div class=\"elementor-element elementor-element-78dac5c elementor-widget elementor-widget-text-editor\" data-id=\"78dac5c\" data-element_type=\"widget\" data-e-type=\"widget\" data-widget_type=\"text-editor.default\">\n\t\t\t\t<div class=\"elementor-widget-container\">\n\t\t\t\t\t\t\t\t\t<p>Haben Sie Fragen dazu, wie wir Cookies verwenden oder personenbezogene Daten verarbeiten?<\/p>\n\t\t\t\t\t\t\t\t<\/div>\n\t\t\t\t<\/div>\n\t\t<div class=\"elementor-element elementor-element-6875ebd e-grid e-con-full e-con e-child\" data-id=\"6875ebd\" data-element_type=\"container\" data-e-type=\"container\">\n\t\t\t\t<div class=\"elementor-element elementor-element-a619cd1 elementor-widget elementor-widget-html\" data-id=\"a619cd1\" data-element_type=\"widget\" data-e-type=\"widget\" data-widget_type=\"html.default\">\n\t\t\t\t<div class=\"elementor-widget-container\">\n\t\t\t\t\t<a href=\"https:\/\/www.snek.se\/integritetspolicy\/\" style=\"text-decoration: none;\">\n    <button class=\"bracket-button-w\">\n    Datenschutzerkl\u00e4rung\n    <\/button>\n<\/a>\t\t\t\t<\/div>\n\t\t\t\t<\/div>\n\t\t\t\t<div class=\"elementor-element elementor-element-cbf9524 elementor-widget elementor-widget-html\" data-id=\"cbf9524\" data-element_type=\"widget\" data-e-type=\"widget\" data-widget_type=\"html.default\">\n\t\t\t\t<div class=\"elementor-widget-container\">\n\t\t\t\t\t<a href=\"https:\/\/www.snek.se\/kontakt\/\" style=\"text-decoration: none;\">\n    <button class=\"bracket-button-w\">\n        Kontaktieren Sie uns\n    <\/button>\n<\/a>\t\t\t\t<\/div>\n\t\t\t\t<\/div>\n\t\t\t\t<\/div>\n\t\t\t\t\t<\/div>\n\t\t\t\t<\/div>\n\t\t\t\t<\/div>\n\t\t","protected":false},"excerpt":{"rendered":"<p>Cookie-Richtlinie Was sind Cookies? Cookies sind kleine Textdateien, die von Ihrem Browser auf Ihrem Computer, Mobiltelefon oder einem anderen Ger\u00e4t gespeichert werden, wenn Sie eine Website besuchen. Sie dienen dazu, das Nutzererlebnis zu verbessern, Inhalte anzupassen und Statistiken \u00fcber den Besuch zu sammeln. \u00a0 Arten von Cookies, die wir verwenden Bei der Sn\u00eak Aktiebolag verwenden [&hellip;]<\/p>\n","protected":false},"author":0,"featured_media":141723,"parent":0,"menu_order":0,"comment_status":"closed","ping_status":"closed","template":"elementor_canvas","meta":{"_acf_changed":false,"footnotes":""},"class_list":["post-155217","page","type-page","status-publish","has-post-thumbnail","hentry"],"acf":[],"yoast_head":"<!-- This site is optimized with the Yoast SEO plugin v27.2 - https:\/\/yoast.com\/product\/yoast-seo-wordpress\/ -->\n<title>Cookie-Richtlinie | Sn\u00eak<\/title>\n<meta name=\"description\" content=\"Informationen \u00fcber die Verwendung von Cookies durch Sn\u00eak auf der Website. Typer av cookies och dina valm\u00f6jligheter.\" \/>\n<meta name=\"robots\" content=\"index, follow, max-snippet:-1, max-image-preview:large, max-video-preview:-1\" \/>\n<link rel=\"canonical\" href=\"https:\/\/www.snek.se\/de\/cookie-richtlinie\/\" \/>\n<meta property=\"og:locale\" content=\"de_DE\" \/>\n<meta property=\"og:type\" content=\"article\" \/>\n<meta property=\"og:title\" content=\"Cookie-Richtlinie | Sn\u00eak\" \/>\n<meta property=\"og:description\" content=\"Informationen \u00fcber die Verwendung von Cookies durch Sn\u00eak auf der Website. Typer av cookies och dina valm\u00f6jligheter.\" \/>\n<meta property=\"og:url\" content=\"https:\/\/www.snek.se\/de\/cookie-richtlinie\/\" \/>\n<meta property=\"og:site_name\" content=\"Sn\u00eak\" \/>\n<meta property=\"article:publisher\" content=\"https:\/\/www.facebook.com\/snekkitchens\/\" \/>\n<meta property=\"article:modified_time\" content=\"2026-04-08T22:08:01+00:00\" \/>\n<meta property=\"og:image\" content=\"https:\/\/www.snek.se\/wp-content\/uploads\/2024\/12\/Erika_Aberg_web-05.jpg\" \/>\n\t<meta property=\"og:image:width\" content=\"768\" \/>\n\t<meta property=\"og:image:height\" content=\"1024\" \/>\n\t<meta property=\"og:image:type\" content=\"image\/jpeg\" \/>\n<meta name=\"twitter:card\" content=\"summary_large_image\" \/>\n<meta name=\"twitter:label1\" content=\"Est. reading time\" \/>\n\t<meta name=\"twitter:data1\" content=\"2 minutes\" \/>\n<script type=\"application\/ld+json\" class=\"yoast-schema-graph\">{\"@context\":\"https:\/\/schema.org\",\"@graph\":[{\"@type\":\"WebPage\",\"@id\":\"https:\/\/www.snek.se\/de\/cookie-richtlinie\/\",\"url\":\"https:\/\/www.snek.se\/de\/cookie-richtlinie\/\",\"name\":\"Cookie-Richtlinie | Sn\u00eak\",\"isPartOf\":{\"@id\":\"https:\/\/www.snek.se\/de\/#website\"},\"primaryImageOfPage\":{\"@id\":\"https:\/\/www.snek.se\/de\/cookie-richtlinie\/#primaryimage\"},\"image\":{\"@id\":\"https:\/\/www.snek.se\/de\/cookie-richtlinie\/#primaryimage\"},\"thumbnailUrl\":\"https:\/\/www.snek.se\/wp-content\/uploads\/2024\/12\/Erika_Aberg_web-05.jpg\",\"datePublished\":\"2026-04-08T17:15:16+00:00\",\"dateModified\":\"2026-04-08T22:08:01+00:00\",\"description\":\"Informationen \u00fcber die Verwendung von Cookies durch Sn\u00eak auf der Website. Typer av cookies och dina valm\u00f6jligheter.\",\"breadcrumb\":{\"@id\":\"https:\/\/www.snek.se\/de\/cookie-richtlinie\/#breadcrumb\"},\"inLanguage\":\"de-DE\",\"potentialAction\":[{\"@type\":\"ReadAction\",\"target\":[\"https:\/\/www.snek.se\/de\/cookie-richtlinie\/\"]}]},{\"@type\":\"ImageObject\",\"inLanguage\":\"de-DE\",\"@id\":\"https:\/\/www.snek.se\/de\/cookie-richtlinie\/#primaryimage\",\"url\":\"https:\/\/www.snek.se\/wp-content\/uploads\/2024\/12\/Erika_Aberg_web-05.jpg\",\"contentUrl\":\"https:\/\/www.snek.se\/wp-content\/uploads\/2024\/12\/Erika_Aberg_web-05.jpg\",\"width\":768,\"height\":1024,\"caption\":\"Praktisk f\u00f6rvaring ovanf\u00f6r arbetsytan.\"},{\"@type\":\"BreadcrumbList\",\"@id\":\"https:\/\/www.snek.se\/de\/cookie-richtlinie\/#breadcrumb\",\"itemListElement\":[{\"@type\":\"ListItem\",\"position\":1,\"name\":\"Hem\",\"item\":\"https:\/\/www.snek.se\/de\/\"},{\"@type\":\"ListItem\",\"position\":2,\"name\":\"Cookie-Richtlinie\"}]},{\"@type\":\"WebSite\",\"@id\":\"https:\/\/www.snek.se\/de\/#website\",\"url\":\"https:\/\/www.snek.se\/de\/\",\"name\":\"Sn\u00eak\",\"description\":\"Handgefertigte K\u00fcchen aus Norrbotten\",\"publisher\":{\"@id\":\"https:\/\/www.snek.se\/de\/#organization\"},\"potentialAction\":[{\"@type\":\"SearchAction\",\"target\":{\"@type\":\"EntryPoint\",\"urlTemplate\":\"https:\/\/www.snek.se\/de\/?s={search_term_string}\"},\"query-input\":{\"@type\":\"PropertyValueSpecification\",\"valueRequired\":true,\"valueName\":\"search_term_string\"}}],\"inLanguage\":\"de-DE\"},{\"@type\":\"Organization\",\"@id\":\"https:\/\/www.snek.se\/de\/#organization\",\"name\":\"Sn\u00eak\",\"url\":\"https:\/\/www.snek.se\/de\/\",\"logo\":{\"@type\":\"ImageObject\",\"inLanguage\":\"de-DE\",\"@id\":\"https:\/\/www.snek.se\/de\/#\/schema\/logo\/image\/\",\"url\":\"https:\/\/www.snek.se\/wp-content\/uploads\/2026\/01\/snek-logotyp-insta-scaled.jpg\",\"contentUrl\":\"https:\/\/www.snek.se\/wp-content\/uploads\/2026\/01\/snek-logotyp-insta-scaled.jpg\",\"width\":2560,\"height\":2560,\"caption\":\"Sn\u00eak\"},\"image\":{\"@id\":\"https:\/\/www.snek.se\/de\/#\/schema\/logo\/image\/\"},\"sameAs\":[\"https:\/\/www.facebook.com\/snekkitchens\/\",\"https:\/\/www.instagram.com\/snek.kok\/\",\"https:\/\/www.linkedin.com\/company\/snek-kok\/\",\"https:\/\/se.pinterest.com\/SnekKitchens\/\",\"https:\/\/www.youtube.com\/channel\/UCT9DWn-4DMpKHHqbRXV4bZQ\/\"]}]}<\/script>\n<!-- \/ Yoast SEO plugin. -->","yoast_head_json":{"title":"Cookie-Richtlinie | Sn\u00eak","description":"Informationen \u00fcber die Verwendung von Cookies durch Sn\u00eak auf der Website. Typer av cookies och dina valm\u00f6jligheter.","robots":{"index":"index","follow":"follow","max-snippet":"max-snippet:-1","max-image-preview":"max-image-preview:large","max-video-preview":"max-video-preview:-1"},"canonical":"https:\/\/www.snek.se\/de\/cookie-richtlinie\/","og_locale":"de_DE","og_type":"article","og_title":"Cookie-Richtlinie | Sn\u00eak","og_description":"Informationen \u00fcber die Verwendung von Cookies durch Sn\u00eak auf der Website. Typer av cookies och dina valm\u00f6jligheter.","og_url":"https:\/\/www.snek.se\/de\/cookie-richtlinie\/","og_site_name":"Sn\u00eak","article_publisher":"https:\/\/www.facebook.com\/snekkitchens\/","article_modified_time":"2026-04-08T22:08:01+00:00","og_image":[{"width":768,"height":1024,"url":"https:\/\/www.snek.se\/wp-content\/uploads\/2024\/12\/Erika_Aberg_web-05.jpg","type":"image\/jpeg"}],"twitter_card":"summary_large_image","twitter_misc":{"Est. reading time":"2 minutes"},"schema":{"@context":"https:\/\/schema.org","@graph":[{"@type":"WebPage","@id":"https:\/\/www.snek.se\/de\/cookie-richtlinie\/","url":"https:\/\/www.snek.se\/de\/cookie-richtlinie\/","name":"Cookie-Richtlinie | Sn\u00eak","isPartOf":{"@id":"https:\/\/www.snek.se\/de\/#website"},"primaryImageOfPage":{"@id":"https:\/\/www.snek.se\/de\/cookie-richtlinie\/#primaryimage"},"image":{"@id":"https:\/\/www.snek.se\/de\/cookie-richtlinie\/#primaryimage"},"thumbnailUrl":"https:\/\/www.snek.se\/wp-content\/uploads\/2024\/12\/Erika_Aberg_web-05.jpg","datePublished":"2026-04-08T17:15:16+00:00","dateModified":"2026-04-08T22:08:01+00:00","description":"Informationen \u00fcber die Verwendung von Cookies durch Sn\u00eak auf der Website. Typer av cookies och dina valm\u00f6jligheter.","breadcrumb":{"@id":"https:\/\/www.snek.se\/de\/cookie-richtlinie\/#breadcrumb"},"inLanguage":"de-DE","potentialAction":[{"@type":"ReadAction","target":["https:\/\/www.snek.se\/de\/cookie-richtlinie\/"]}]},{"@type":"ImageObject","inLanguage":"de-DE","@id":"https:\/\/www.snek.se\/de\/cookie-richtlinie\/#primaryimage","url":"https:\/\/www.snek.se\/wp-content\/uploads\/2024\/12\/Erika_Aberg_web-05.jpg","contentUrl":"https:\/\/www.snek.se\/wp-content\/uploads\/2024\/12\/Erika_Aberg_web-05.jpg","width":768,"height":1024,"caption":"Praktisk f\u00f6rvaring ovanf\u00f6r arbetsytan."},{"@type":"BreadcrumbList","@id":"https:\/\/www.snek.se\/de\/cookie-richtlinie\/#breadcrumb","itemListElement":[{"@type":"ListItem","position":1,"name":"Hem","item":"https:\/\/www.snek.se\/de\/"},{"@type":"ListItem","position":2,"name":"Cookie-Richtlinie"}]},{"@type":"WebSite","@id":"https:\/\/www.snek.se\/de\/#website","url":"https:\/\/www.snek.se\/de\/","name":"Sn\u00eak","description":"Handgefertigte K\u00fcchen aus Norrbotten","publisher":{"@id":"https:\/\/www.snek.se\/de\/#organization"},"potentialAction":[{"@type":"SearchAction","target":{"@type":"EntryPoint","urlTemplate":"https:\/\/www.snek.se\/de\/?s={search_term_string}"},"query-input":{"@type":"PropertyValueSpecification","valueRequired":true,"valueName":"search_term_string"}}],"inLanguage":"de-DE"},{"@type":"Organization","@id":"https:\/\/www.snek.se\/de\/#organization","name":"Sn\u00eak","url":"https:\/\/www.snek.se\/de\/","logo":{"@type":"ImageObject","inLanguage":"de-DE","@id":"https:\/\/www.snek.se\/de\/#\/schema\/logo\/image\/","url":"https:\/\/www.snek.se\/wp-content\/uploads\/2026\/01\/snek-logotyp-insta-scaled.jpg","contentUrl":"https:\/\/www.snek.se\/wp-content\/uploads\/2026\/01\/snek-logotyp-insta-scaled.jpg","width":2560,"height":2560,"caption":"Sn\u00eak"},"image":{"@id":"https:\/\/www.snek.se\/de\/#\/schema\/logo\/image\/"},"sameAs":["https:\/\/www.facebook.com\/snekkitchens\/","https:\/\/www.instagram.com\/snek.kok\/","https:\/\/www.linkedin.com\/company\/snek-kok\/","https:\/\/se.pinterest.com\/SnekKitchens\/","https:\/\/www.youtube.com\/channel\/UCT9DWn-4DMpKHHqbRXV4bZQ\/"]}]}},"_links":{"self":[{"href":"https:\/\/www.snek.se\/de\/wp-json\/wp\/v2\/pages\/155217","targetHints":{"allow":["GET"]}}],"collection":[{"href":"https:\/\/www.snek.se\/de\/wp-json\/wp\/v2\/pages"}],"about":[{"href":"https:\/\/www.snek.se\/de\/wp-json\/wp\/v2\/types\/page"}],"replies":[{"embeddable":true,"href":"https:\/\/www.snek.se\/de\/wp-json\/wp\/v2\/comments?post=155217"}],"version-history":[{"count":4,"href":"https:\/\/www.snek.se\/de\/wp-json\/wp\/v2\/pages\/155217\/revisions"}],"predecessor-version":[{"id":155702,"href":"https:\/\/www.snek.se\/de\/wp-json\/wp\/v2\/pages\/155217\/revisions\/155702"}],"wp:featuredmedia":[{"embeddable":true,"href":"https:\/\/www.snek.se\/de\/wp-json\/wp\/v2\/media\/141723"}],"wp:attachment":[{"href":"https:\/\/www.snek.se\/de\/wp-json\/wp\/v2\/media?parent=155217"}],"curies":[{"name":"wp","href":"https:\/\/api.w.org\/{rel}","templated":true}]}}