{"id":154873,"date":"2026-04-08T18:46:35","date_gmt":"2026-04-08T16:46:35","guid":{"rendered":"https:\/\/www.snek.se\/showroom\/"},"modified":"2026-04-08T18:46:36","modified_gmt":"2026-04-08T16:46:36","slug":"showroom","status":"publish","type":"page","link":"https:\/\/www.snek.se\/da\/showroom\/","title":{"rendered":"Showroom"},"content":{"rendered":"<h1>Bes\u00f8g vores showrooms<\/h1>\n<p style=\"text-align: center;\">Vill du uppleva v\u00e5ra k\u00f6k p\u00e5 riktigt? Bes\u00f6k n\u00e5got av v\u00e5ra tv\u00e5 showrooms och l\u00e5t dig inspireras! H\u00e4r kan du se och k\u00e4nna p\u00e5 material och f\u00e5 en b\u00e4ttre k\u00e4nsla f\u00f6r hur ditt dr\u00f6mk\u00f6k kan se ut.<\/p>\n<h2>Sn\u00eak Stockholm<\/h2>\n<p>P\u00e5 Karlav\u00e4gen i Stockholm v\u00e4lkomnar vi er till v\u00e5rt showroom hos Systrarna Axelsson. H\u00e4r i deras inspirerande studio erbjuder de hj\u00e4lp med inredning och projektledning f\u00f6r b\u00e5de f\u00f6retag och privatpersoner.<\/p>\n<p>\u00d6ppettider: De finns vanligtvis p\u00e5 plats <strong>m\u00e5ndag-fredag kl. 11-17<\/strong>. F\u00f6r att f\u00e5 deras fulla uppm\u00e4rksamhet rekommenderar vi att ni bokar en tid i f\u00f6rv\u00e4g.<\/p>\n<p><strong>Adress:<\/strong><\/p>\n<p>Karlav\u00e4gen 46, 114 49 Stockholm<\/p>\n<ul>\n<li>\n\t\t\t\t\t\t\t\t\t\t\t<a href=\"mailto:info@systrarna.se\"><br \/>\n\t\t\t\t\t\t\t<svg aria-hidden=\"true\" viewBox=\"0 0 576 512\" xmlns=\"http:\/\/www.w3.org\/2000\/svg\"><path d=\"M160 448c-25.6 0-51.2-22.4-64-32-64-44.8-83.2-60.8-96-70.4V480c0 17.67 14.33 32 32 32h256c17.67 0 32-14.33 32-32V345.6c-12.8 9.6-32 25.6-96 70.4-12.8 9.6-38.4 32-64 32zm128-192H32c-17.67 0-32 14.33-32 32v16c25.6 19.2 22.4 19.2 115.2 86.4 9.6 6.4 28.8 25.6 44.8 25.6s35.2-19.2 44.8-22.4c92.8-67.2 89.6-67.2 115.2-86.4V288c0-17.67-14.33-32-32-32zm256-96H224c-17.67 0-32 14.33-32 32v32h96c33.21 0 60.59 25.42 63.71 57.82l.29-.22V416h192c17.67 0 32-14.33 32-32V192c0-17.67-14.33-32-32-32zm-32 128h-64v-64h64v64zm-352-96c0-35.29 28.71-64 64-64h224V32c0-17.67-14.33-32-32-32H96C78.33 0 64 14.33 64 32v192h96v-32z\"><\/path><\/svg><br \/>\n\t\t\t\t\t\t\t\t\t\tinfo@systrarna.se<br \/>\n\t\t\t\t\t\t\t\t\t\t\t<\/a>\n\t\t\t\t\t\t\t\t\t<\/li>\n<\/ul>\n<ul>\n<li>\n\t\t\t\t\t\t\t\t\t\t\t<a href=\"https:\/\/instagram.com\/systrarnaaxelsson\/\"><br \/>\n\t\t\t\t\t\t\t<svg aria-hidden=\"true\" viewBox=\"0 0 448 512\" xmlns=\"http:\/\/www.w3.org\/2000\/svg\"><path d=\"M224.1 141c-63.6 0-114.9 51.3-114.9 114.9s51.3 114.9 114.9 114.9S339 319.5 339 255.9 287.7 141 224.1 141zm0 189.6c-41.1 0-74.7-33.5-74.7-74.7s33.5-74.7 74.7-74.7 74.7 33.5 74.7 74.7-33.6 74.7-74.7 74.7zm146.4-194.3c0 14.9-12 26.8-26.8 26.8-14.9 0-26.8-12-26.8-26.8s12-26.8 26.8-26.8 26.8 12 26.8 26.8zm76.1 27.2c-1.7-35.9-9.9-67.7-36.2-93.9-26.2-26.2-58-34.4-93.9-36.2-37-2.1-147.9-2.1-184.9 0-35.8 1.7-67.6 9.9-93.9 36.1s-34.4 58-36.2 93.9c-2.1 37-2.1 147.9 0 184.9 1.7 35.9 9.9 67.7 36.2 93.9s58 34.4 93.9 36.2c37 2.1 147.9 2.1 184.9 0 35.9-1.7 67.7-9.9 93.9-36.2 26.2-26.2 34.4-58 36.2-93.9 2.1-37 2.1-147.8 0-184.8zM398.8 388c-7.8 19.6-22.9 34.7-42.6 42.6-29.5 11.7-99.5 9-132.1 9s-102.7 2.6-132.1-9c-19.6-7.8-34.7-22.9-42.6-42.6-11.7-29.5-9-99.5-9-132.1s-2.6-102.7 9-132.1c7.8-19.6 22.9-34.7 42.6-42.6 29.5-11.7 99.5-9 132.1-9s102.7-2.6 132.1 9c19.6 7.8 34.7 22.9 42.6 42.6 11.7 29.5 9 99.5 9 132.1s2.7 102.7-9 132.1z\"><\/path><\/svg><br \/>\n\t\t\t\t\t\t\t\t\t\tsystrarnaaxelsson<br \/>\n\t\t\t\t\t\t\t\t\t\t\t<\/a>\n\t\t\t\t\t\t\t\t\t<\/li>\n<\/ul>\n<p>\t\t\t\t\t<a href=\"https:\/\/www.snek.se\/da\/samtale-kokkenplanlaegger\/\" style=\"text-decoration: none;\"><br \/>\n    <button><br \/>\n        Till systrarna.se<br \/>\n    <\/button><br \/>\n<\/a>\t\t\t\t<\/p>\n<h2>Sn\u00eak Holmsund <\/h2>\n<p>Strax utanf\u00f6r Ume\u00e5, i Holmsund, hittar ni v\u00e5rt showroom hos butiken Ett Hur blir ett hem. Butiken \u00e4r bel\u00e4gen i den charmiga tegelbyggnaden i Holmsunds gamla \u00e5ngpannecentral. H\u00e4r s\u00e4ljs inredning med fokus p\u00e5 h\u00e5llbarhet.<\/p>\n<p>\u00d6ppettider:<strong> L\u00f6rdagar kl. 11-16<\/strong><\/p>\n<p><strong>Adress:<\/strong><\/p>\n<p>Stenhuggaregatan 2B, Holmsund<\/p>\n<ul>\n<li>\n\t\t\t\t\t\t\t\t\t\t\t<a href=\"mailto:info@etthusbliretthem.se\"><br \/>\n\t\t\t\t\t\t\t<svg aria-hidden=\"true\" viewBox=\"0 0 576 512\" xmlns=\"http:\/\/www.w3.org\/2000\/svg\"><path d=\"M160 448c-25.6 0-51.2-22.4-64-32-64-44.8-83.2-60.8-96-70.4V480c0 17.67 14.33 32 32 32h256c17.67 0 32-14.33 32-32V345.6c-12.8 9.6-32 25.6-96 70.4-12.8 9.6-38.4 32-64 32zm128-192H32c-17.67 0-32 14.33-32 32v16c25.6 19.2 22.4 19.2 115.2 86.4 9.6 6.4 28.8 25.6 44.8 25.6s35.2-19.2 44.8-22.4c92.8-67.2 89.6-67.2 115.2-86.4V288c0-17.67-14.33-32-32-32zm256-96H224c-17.67 0-32 14.33-32 32v32h96c33.21 0 60.59 25.42 63.71 57.82l.29-.22V416h192c17.67 0 32-14.33 32-32V192c0-17.67-14.33-32-32-32zm-32 128h-64v-64h64v64zm-352-96c0-35.29 28.71-64 64-64h224V32c0-17.67-14.33-32-32-32H96C78.33 0 64 14.33 64 32v192h96v-32z\"><\/path><\/svg><br \/>\n\t\t\t\t\t\t\t\t\t\tinfo@etthusbliretthem.se<br \/>\n\t\t\t\t\t\t\t\t\t\t\t<\/a>\n\t\t\t\t\t\t\t\t\t<\/li>\n<\/ul>\n<ul>\n<li>\n\t\t\t\t\t\t\t\t\t\t\t<a href=\"https:\/\/www.instagram.com\/etthusbliretthem_butik\/#\"><br \/>\n\t\t\t\t\t\t\t<svg aria-hidden=\"true\" viewBox=\"0 0 448 512\" xmlns=\"http:\/\/www.w3.org\/2000\/svg\"><path d=\"M224.1 141c-63.6 0-114.9 51.3-114.9 114.9s51.3 114.9 114.9 114.9S339 319.5 339 255.9 287.7 141 224.1 141zm0 189.6c-41.1 0-74.7-33.5-74.7-74.7s33.5-74.7 74.7-74.7 74.7 33.5 74.7 74.7-33.6 74.7-74.7 74.7zm146.4-194.3c0 14.9-12 26.8-26.8 26.8-14.9 0-26.8-12-26.8-26.8s12-26.8 26.8-26.8 26.8 12 26.8 26.8zm76.1 27.2c-1.7-35.9-9.9-67.7-36.2-93.9-26.2-26.2-58-34.4-93.9-36.2-37-2.1-147.9-2.1-184.9 0-35.8 1.7-67.6 9.9-93.9 36.1s-34.4 58-36.2 93.9c-2.1 37-2.1 147.9 0 184.9 1.7 35.9 9.9 67.7 36.2 93.9s58 34.4 93.9 36.2c37 2.1 147.9 2.1 184.9 0 35.9-1.7 67.7-9.9 93.9-36.2 26.2-26.2 34.4-58 36.2-93.9 2.1-37 2.1-147.8 0-184.8zM398.8 388c-7.8 19.6-22.9 34.7-42.6 42.6-29.5 11.7-99.5 9-132.1 9s-102.7 2.6-132.1-9c-19.6-7.8-34.7-22.9-42.6-42.6-11.7-29.5-9-99.5-9-132.1s-2.6-102.7 9-132.1c7.8-19.6 22.9-34.7 42.6-42.6 29.5-11.7 99.5-9 132.1-9s102.7-2.6 132.1 9c19.6 7.8 34.7 22.9 42.6 42.6 11.7 29.5 9 99.5 9 132.1s2.7 102.7-9 132.1z\"><\/path><\/svg><br \/>\n\t\t\t\t\t\t\t\t\t\tetthusbliretthem_butik<br \/>\n\t\t\t\t\t\t\t\t\t\t\t<\/a>\n\t\t\t\t\t\t\t\t\t<\/li>\n<\/ul>\n","protected":false},"excerpt":{"rendered":"<p>Bes\u00f8g vores showrooms Vill du uppleva v\u00e5ra k\u00f6k p\u00e5 riktigt? Bes\u00f6k n\u00e5got av v\u00e5ra tv\u00e5 showrooms och l\u00e5t dig inspireras! H\u00e4r kan du se och k\u00e4nna p\u00e5 material och f\u00e5 en b\u00e4ttre k\u00e4nsla f\u00f6r hur ditt dr\u00f6mk\u00f6k kan se ut. Sn\u00eak Stockholm P\u00e5 Karlav\u00e4gen i Stockholm v\u00e4lkomnar vi er till v\u00e5rt showroom hos Systrarna Axelsson. [&hellip;]<\/p>\n","protected":false},"author":0,"featured_media":144421,"parent":0,"menu_order":0,"comment_status":"closed","ping_status":"closed","template":"elementor_canvas","meta":{"_acf_changed":false,"footnotes":""},"class_list":["post-154873","page","type-page","status-publish","has-post-thumbnail","hentry"],"acf":[],"yoast_head":"<!-- This site is optimized with the Yoast SEO plugin v27.2 - https:\/\/yoast.com\/product\/yoast-seo-wordpress\/ -->\n<title>Showroom | Sn\u00eak<\/title>\n<meta name=\"description\" content=\"Bes\u00f6k v\u00e5ra visningsrum i Stockholm och Holmsund. Upplev v\u00e5ra k\u00f6k i massivt tr\u00e4, k\u00e4nn p\u00e5 material och bli inspirerad.\" \/>\n<meta name=\"robots\" content=\"index, follow, max-snippet:-1, max-image-preview:large, max-video-preview:-1\" \/>\n<link rel=\"canonical\" href=\"https:\/\/www.snek.se\/da\/showroom\/\" \/>\n<meta property=\"og:locale\" content=\"da_DK\" \/>\n<meta property=\"og:type\" content=\"article\" \/>\n<meta property=\"og:title\" content=\"Showroom | Sn\u00eak\" \/>\n<meta property=\"og:description\" content=\"Bes\u00f6k v\u00e5ra visningsrum i Stockholm och Holmsund. Upplev v\u00e5ra k\u00f6k i massivt tr\u00e4, k\u00e4nn p\u00e5 material och bli inspirerad.\" \/>\n<meta property=\"og:url\" content=\"https:\/\/www.snek.se\/da\/showroom\/\" \/>\n<meta property=\"og:site_name\" content=\"Sn\u00eak\" \/>\n<meta property=\"article:publisher\" content=\"https:\/\/www.facebook.com\/snekkitchens\/\" \/>\n<meta property=\"article:modified_time\" content=\"2026-04-08T16:46:36+00:00\" \/>\n<meta property=\"og:image\" content=\"https:\/\/www.snek.se\/wp-content\/uploads\/2025\/03\/Snek-8-scaled.jpg\" \/>\n\t<meta property=\"og:image:width\" content=\"1707\" \/>\n\t<meta property=\"og:image:height\" content=\"2560\" \/>\n\t<meta property=\"og:image:type\" content=\"image\/jpeg\" \/>\n<meta name=\"twitter:card\" content=\"summary_large_image\" \/>\n<meta name=\"twitter:label1\" content=\"Est. reading time\" \/>\n\t<meta name=\"twitter:data1\" content=\"1 minute\" \/>\n<script type=\"application\/ld+json\" class=\"yoast-schema-graph\">{\"@context\":\"https:\/\/schema.org\",\"@graph\":[{\"@type\":\"WebPage\",\"@id\":\"https:\/\/www.snek.se\/da\/showroom\/\",\"url\":\"https:\/\/www.snek.se\/da\/showroom\/\",\"name\":\"Showroom | Sn\u00eak\",\"isPartOf\":{\"@id\":\"https:\/\/www.snek.se\/da\/#website\"},\"primaryImageOfPage\":{\"@id\":\"https:\/\/www.snek.se\/da\/showroom\/#primaryimage\"},\"image\":{\"@id\":\"https:\/\/www.snek.se\/da\/showroom\/#primaryimage\"},\"thumbnailUrl\":\"https:\/\/www.snek.se\/wp-content\/uploads\/2025\/03\/Snek-8-scaled.jpg\",\"datePublished\":\"2026-04-08T16:46:35+00:00\",\"dateModified\":\"2026-04-08T16:46:36+00:00\",\"description\":\"Bes\u00f6k v\u00e5ra visningsrum i Stockholm och Holmsund. Upplev v\u00e5ra k\u00f6k i massivt tr\u00e4, k\u00e4nn p\u00e5 material och bli inspirerad.\",\"breadcrumb\":{\"@id\":\"https:\/\/www.snek.se\/da\/showroom\/#breadcrumb\"},\"inLanguage\":\"da-DK\",\"potentialAction\":[{\"@type\":\"ReadAction\",\"target\":[\"https:\/\/www.snek.se\/da\/showroom\/\"]}]},{\"@type\":\"ImageObject\",\"inLanguage\":\"da-DK\",\"@id\":\"https:\/\/www.snek.se\/da\/showroom\/#primaryimage\",\"url\":\"https:\/\/www.snek.se\/wp-content\/uploads\/2025\/03\/Snek-8-scaled.jpg\",\"contentUrl\":\"https:\/\/www.snek.se\/wp-content\/uploads\/2025\/03\/Snek-8-scaled.jpg\",\"width\":1707,\"height\":2560,\"caption\":\"M\u00e5ttanpassad l\u00f6sning med inbyggd ugn.\"},{\"@type\":\"BreadcrumbList\",\"@id\":\"https:\/\/www.snek.se\/da\/showroom\/#breadcrumb\",\"itemListElement\":[{\"@type\":\"ListItem\",\"position\":1,\"name\":\"Hem\",\"item\":\"https:\/\/www.snek.se\/da\/\"},{\"@type\":\"ListItem\",\"position\":2,\"name\":\"Showroom\"}]},{\"@type\":\"WebSite\",\"@id\":\"https:\/\/www.snek.se\/da\/#website\",\"url\":\"https:\/\/www.snek.se\/da\/\",\"name\":\"Sn\u00eak\",\"description\":\"Snickrade k\u00f6k fr\u00e5n Norrbotten\",\"publisher\":{\"@id\":\"https:\/\/www.snek.se\/da\/#organization\"},\"potentialAction\":[{\"@type\":\"SearchAction\",\"target\":{\"@type\":\"EntryPoint\",\"urlTemplate\":\"https:\/\/www.snek.se\/da\/?s={search_term_string}\"},\"query-input\":{\"@type\":\"PropertyValueSpecification\",\"valueRequired\":true,\"valueName\":\"search_term_string\"}}],\"inLanguage\":\"da-DK\"},{\"@type\":\"Organization\",\"@id\":\"https:\/\/www.snek.se\/da\/#organization\",\"name\":\"Sn\u00eak\",\"url\":\"https:\/\/www.snek.se\/da\/\",\"logo\":{\"@type\":\"ImageObject\",\"inLanguage\":\"da-DK\",\"@id\":\"https:\/\/www.snek.se\/da\/#\/schema\/logo\/image\/\",\"url\":\"https:\/\/www.snek.se\/wp-content\/uploads\/2026\/01\/snek-logotyp-insta-scaled.jpg\",\"contentUrl\":\"https:\/\/www.snek.se\/wp-content\/uploads\/2026\/01\/snek-logotyp-insta-scaled.jpg\",\"width\":2560,\"height\":2560,\"caption\":\"Sn\u00eak\"},\"image\":{\"@id\":\"https:\/\/www.snek.se\/da\/#\/schema\/logo\/image\/\"},\"sameAs\":[\"https:\/\/www.facebook.com\/snekkitchens\/\",\"https:\/\/www.instagram.com\/snek.kok\/\",\"https:\/\/www.linkedin.com\/company\/snek-kok\/\",\"https:\/\/se.pinterest.com\/SnekKitchens\/\",\"https:\/\/www.youtube.com\/channel\/UCT9DWn-4DMpKHHqbRXV4bZQ\/\"]}]}<\/script>\n<!-- \/ Yoast SEO plugin. -->","yoast_head_json":{"title":"Showroom | Sn\u00eak","description":"Bes\u00f6k v\u00e5ra visningsrum i Stockholm och Holmsund. Upplev v\u00e5ra k\u00f6k i massivt tr\u00e4, k\u00e4nn p\u00e5 material och bli inspirerad.","robots":{"index":"index","follow":"follow","max-snippet":"max-snippet:-1","max-image-preview":"max-image-preview:large","max-video-preview":"max-video-preview:-1"},"canonical":"https:\/\/www.snek.se\/da\/showroom\/","og_locale":"da_DK","og_type":"article","og_title":"Showroom | Sn\u00eak","og_description":"Bes\u00f6k v\u00e5ra visningsrum i Stockholm och Holmsund. Upplev v\u00e5ra k\u00f6k i massivt tr\u00e4, k\u00e4nn p\u00e5 material och bli inspirerad.","og_url":"https:\/\/www.snek.se\/da\/showroom\/","og_site_name":"Sn\u00eak","article_publisher":"https:\/\/www.facebook.com\/snekkitchens\/","article_modified_time":"2026-04-08T16:46:36+00:00","og_image":[{"width":1707,"height":2560,"url":"https:\/\/www.snek.se\/wp-content\/uploads\/2025\/03\/Snek-8-scaled.jpg","type":"image\/jpeg"}],"twitter_card":"summary_large_image","twitter_misc":{"Est. reading time":"1 minute"},"schema":{"@context":"https:\/\/schema.org","@graph":[{"@type":"WebPage","@id":"https:\/\/www.snek.se\/da\/showroom\/","url":"https:\/\/www.snek.se\/da\/showroom\/","name":"Showroom | Sn\u00eak","isPartOf":{"@id":"https:\/\/www.snek.se\/da\/#website"},"primaryImageOfPage":{"@id":"https:\/\/www.snek.se\/da\/showroom\/#primaryimage"},"image":{"@id":"https:\/\/www.snek.se\/da\/showroom\/#primaryimage"},"thumbnailUrl":"https:\/\/www.snek.se\/wp-content\/uploads\/2025\/03\/Snek-8-scaled.jpg","datePublished":"2026-04-08T16:46:35+00:00","dateModified":"2026-04-08T16:46:36+00:00","description":"Bes\u00f6k v\u00e5ra visningsrum i Stockholm och Holmsund. Upplev v\u00e5ra k\u00f6k i massivt tr\u00e4, k\u00e4nn p\u00e5 material och bli inspirerad.","breadcrumb":{"@id":"https:\/\/www.snek.se\/da\/showroom\/#breadcrumb"},"inLanguage":"da-DK","potentialAction":[{"@type":"ReadAction","target":["https:\/\/www.snek.se\/da\/showroom\/"]}]},{"@type":"ImageObject","inLanguage":"da-DK","@id":"https:\/\/www.snek.se\/da\/showroom\/#primaryimage","url":"https:\/\/www.snek.se\/wp-content\/uploads\/2025\/03\/Snek-8-scaled.jpg","contentUrl":"https:\/\/www.snek.se\/wp-content\/uploads\/2025\/03\/Snek-8-scaled.jpg","width":1707,"height":2560,"caption":"M\u00e5ttanpassad l\u00f6sning med inbyggd ugn."},{"@type":"BreadcrumbList","@id":"https:\/\/www.snek.se\/da\/showroom\/#breadcrumb","itemListElement":[{"@type":"ListItem","position":1,"name":"Hem","item":"https:\/\/www.snek.se\/da\/"},{"@type":"ListItem","position":2,"name":"Showroom"}]},{"@type":"WebSite","@id":"https:\/\/www.snek.se\/da\/#website","url":"https:\/\/www.snek.se\/da\/","name":"Sn\u00eak","description":"Snickrade k\u00f6k fr\u00e5n Norrbotten","publisher":{"@id":"https:\/\/www.snek.se\/da\/#organization"},"potentialAction":[{"@type":"SearchAction","target":{"@type":"EntryPoint","urlTemplate":"https:\/\/www.snek.se\/da\/?s={search_term_string}"},"query-input":{"@type":"PropertyValueSpecification","valueRequired":true,"valueName":"search_term_string"}}],"inLanguage":"da-DK"},{"@type":"Organization","@id":"https:\/\/www.snek.se\/da\/#organization","name":"Sn\u00eak","url":"https:\/\/www.snek.se\/da\/","logo":{"@type":"ImageObject","inLanguage":"da-DK","@id":"https:\/\/www.snek.se\/da\/#\/schema\/logo\/image\/","url":"https:\/\/www.snek.se\/wp-content\/uploads\/2026\/01\/snek-logotyp-insta-scaled.jpg","contentUrl":"https:\/\/www.snek.se\/wp-content\/uploads\/2026\/01\/snek-logotyp-insta-scaled.jpg","width":2560,"height":2560,"caption":"Sn\u00eak"},"image":{"@id":"https:\/\/www.snek.se\/da\/#\/schema\/logo\/image\/"},"sameAs":["https:\/\/www.facebook.com\/snekkitchens\/","https:\/\/www.instagram.com\/snek.kok\/","https:\/\/www.linkedin.com\/company\/snek-kok\/","https:\/\/se.pinterest.com\/SnekKitchens\/","https:\/\/www.youtube.com\/channel\/UCT9DWn-4DMpKHHqbRXV4bZQ\/"]}]}},"_links":{"self":[{"href":"https:\/\/www.snek.se\/da\/wp-json\/wp\/v2\/pages\/154873","targetHints":{"allow":["GET"]}}],"collection":[{"href":"https:\/\/www.snek.se\/da\/wp-json\/wp\/v2\/pages"}],"about":[{"href":"https:\/\/www.snek.se\/da\/wp-json\/wp\/v2\/types\/page"}],"replies":[{"embeddable":true,"href":"https:\/\/www.snek.se\/da\/wp-json\/wp\/v2\/comments?post=154873"}],"version-history":[{"count":1,"href":"https:\/\/www.snek.se\/da\/wp-json\/wp\/v2\/pages\/154873\/revisions"}],"predecessor-version":[{"id":154874,"href":"https:\/\/www.snek.se\/da\/wp-json\/wp\/v2\/pages\/154873\/revisions\/154874"}],"wp:featuredmedia":[{"embeddable":true,"href":"https:\/\/www.snek.se\/da\/wp-json\/wp\/v2\/media\/144421"}],"wp:attachment":[{"href":"https:\/\/www.snek.se\/da\/wp-json\/wp\/v2\/media?parent=154873"}],"curies":[{"name":"wp","href":"https:\/\/api.w.org\/{rel}","templated":true}]}}