{"id":154871,"date":"2026-04-08T18:46:35","date_gmt":"2026-04-08T16:46:35","guid":{"rendered":"https:\/\/www.snek.se\/vilkar\/"},"modified":"2026-04-08T18:46:35","modified_gmt":"2026-04-08T16:46:35","slug":"vilkar","status":"publish","type":"page","link":"https:\/\/www.snek.se\/da\/vilkar\/","title":{"rendered":"Vilk\u00e5r"},"content":{"rendered":"\t\t<div data-elementor-type=\"wp-page\" data-elementor-id=\"154871\" class=\"elementor elementor-154871 elementor-145561\" data-elementor-post-type=\"page\">\n\t\t\t\t<div class=\"elementor-element elementor-element-e127307 e-flex e-con-boxed e-con e-parent\" data-id=\"e127307\" data-element_type=\"container\" data-e-type=\"container\">\n\t\t\t\t\t<div class=\"e-con-inner\">\n\t\t\t\t<div class=\"elementor-element elementor-element-8a45e5e elementor-widget elementor-widget-heading\" data-id=\"8a45e5e\" data-element_type=\"widget\" data-e-type=\"widget\" data-widget_type=\"heading.default\">\n\t\t\t\t<div class=\"elementor-widget-container\">\n\t\t\t\t\t<h2 class=\"elementor-heading-title elementor-size-default\">K\u00f8bs- og leveringsbetingelser<\/h2>\t\t\t\t<\/div>\n\t\t\t\t<\/div>\n\t\t\t\t<div class=\"elementor-element elementor-element-fe49e29 elementor-widget elementor-widget-heading\" data-id=\"fe49e29\" data-element_type=\"widget\" data-e-type=\"widget\" data-widget_type=\"heading.default\">\n\t\t\t\t<div class=\"elementor-widget-container\">\n\t\t\t\t\t<h2 class=\"elementor-heading-title elementor-size-default\">Mindste ordrebel\u00f8b<\/h2>\t\t\t\t<\/div>\n\t\t\t\t<\/div>\n\t\t\t\t<div class=\"elementor-element elementor-element-d7315c9 elementor-widget elementor-widget-text-editor\" data-id=\"d7315c9\" data-element_type=\"widget\" data-e-type=\"widget\" data-widget_type=\"text-editor.default\">\n\t\t\t\t<div class=\"elementor-widget-container\">\n\t\t\t\t\t\t\t\t\t<p><span style=\"font-weight: 400;\">P\u00e5 grund af h\u00f8je ops\u00e6tningsomkostninger modtager vi ikke ordrer under 10 000 kr (inklusive moms &amp; fragt), da alle ordrer produceres p\u00e5 bestilling. Det er dog muligt at supplere en allerede afgivet bestilling.<\/span><\/p>\t\t\t\t\t\t\t\t<\/div>\n\t\t\t\t<\/div>\n\t\t\t\t<div class=\"elementor-element elementor-element-93a1787 elementor-widget elementor-widget-heading\" data-id=\"93a1787\" data-element_type=\"widget\" data-e-type=\"widget\" data-widget_type=\"heading.default\">\n\t\t\t\t<div class=\"elementor-widget-container\">\n\t\t\t\t\t<h2 class=\"elementor-heading-title elementor-size-default\">Bestillinger<\/h2>\t\t\t\t<\/div>\n\t\t\t\t<\/div>\n\t\t\t\t<div class=\"elementor-element elementor-element-def1b1c elementor-widget elementor-widget-text-editor\" data-id=\"def1b1c\" data-element_type=\"widget\" data-e-type=\"widget\" data-widget_type=\"text-editor.default\">\n\t\t\t\t<div class=\"elementor-widget-container\">\n\t\t\t\t\t\t\t\t\t<p><span style=\"font-weight: 400;\">Du skal v\u00e6re fyldt 18 \u00e5r for at handle hos os. Kundeoplysningerne skal v\u00e6re korrekte og alle obligatoriske felter udfyldt. I handler udelukkende i jeres eget navn. Sn\u00eak forbeholder sig for publiceringsfejl, informationsfejl og fejl i specifikation for samtlige vores produkter og tjenester. Sn\u00eak kan ikke garantere, at varens udseende og beskaffenhed stemmer overens med billederne p\u00e5 hjemmesiden, da billederne skal ses som illustrationer. <\/span><\/p>\t\t\t\t\t\t\t\t<\/div>\n\t\t\t\t<\/div>\n\t\t\t\t<div class=\"elementor-element elementor-element-7f2461b elementor-widget elementor-widget-heading\" data-id=\"7f2461b\" data-element_type=\"widget\" data-e-type=\"widget\" data-widget_type=\"heading.default\">\n\t\t\t\t<div class=\"elementor-widget-container\">\n\t\t\t\t\t<h2 class=\"elementor-heading-title elementor-size-default\">Bordplader<\/h2>\t\t\t\t<\/div>\n\t\t\t\t<\/div>\n\t\t\t\t<div class=\"elementor-element elementor-element-a3ebb6e elementor-widget elementor-widget-text-editor\" data-id=\"a3ebb6e\" data-element_type=\"widget\" data-e-type=\"widget\" data-widget_type=\"text-editor.default\">\n\t\t\t\t<div class=\"elementor-widget-container\">\n\t\t\t\t\t\t\t\t\t<p><span style=\"font-weight: 400;\">Det er kundens ansvar at indgive n\u00f8jagtige m\u00e5l p\u00e5 bordplader. Ved bestilling af natursten kan den leverede bordplade afvige fra eksemplerne p\u00e5 hjemmesiden.<\/span><\/p><p><span style=\"font-weight: 400;\">Vi anvender ikke ROT ved montering af bordplader.<\/span><\/p>\t\t\t\t\t\t\t\t<\/div>\n\t\t\t\t<\/div>\n\t\t\t\t<div class=\"elementor-element elementor-element-49e1e1e elementor-widget elementor-widget-heading\" data-id=\"49e1e1e\" data-element_type=\"widget\" data-e-type=\"widget\" data-widget_type=\"heading.default\">\n\t\t\t\t<div class=\"elementor-widget-container\">\n\t\t\t\t\t<h2 class=\"elementor-heading-title elementor-size-default\">Leveringstider og transport<\/h2>\t\t\t\t<\/div>\n\t\t\t\t<\/div>\n\t\t\t\t<div class=\"elementor-element elementor-element-5adac79 elementor-widget elementor-widget-text-editor\" data-id=\"5adac79\" data-element_type=\"widget\" data-e-type=\"widget\" data-widget_type=\"text-editor.default\">\n\t\t\t\t<div class=\"elementor-widget-container\">\n\t\t\t\t\t\t\t\t\t<p><span style=\"font-weight: 400;\">Vores leveringstid ligger normalt p\u00e5 ca. 8-10 arbejdsuger p\u00e5 vores k\u00f8kkener, afh\u00e6ngigt af om k\u00f8kkenet skal males, og stammer monteres af os. Den regnes fra modtaget betaling og efter afstemning med kunden. Den kan ogs\u00e5 p\u00e5virkes af helligdage, ferieperioder samt hvis bestilt ordre \u00e6ndres. Fra slutningen af november og \u00e5ret ud kan der opst\u00e5 driftsforstyrrelser i leverancer. Vi kan ikke give nogen n\u00f8jagtig dato for levering. N\u00e5r I bliver kontaktet af transportselskabet, booker I dato for udk\u00f8rsel af jeres bestilling.<\/span><\/p><p><span style=\"font-weight: 400;\">Varerne leveres til den angivne adresse eller s\u00e5 t\u00e6t p\u00e5 den adresse, som transport\u00f8ren kan komme, eller i forekommende tilf\u00e6lde til postudleveringssted. Transport\u00f8ren b\u00e6rer ikke varerne ind. Leveringen<\/span> <span style=\"font-weight: 400;\">kvitteres af modtageren eller dennes fuldm\u00e6gtig if\u00f8lge transport\u00f8rens anvisninger. Vi opkr\u00e6ver ekstra ved sv\u00e6rt tilg\u00e6ngelige adresser, som f.eks. \u00f8er og sn\u00e6vre passager.<\/span><\/p><p><span style=\"font-weight: 400;\">Book ikke h\u00e5ndv\u00e6rkere ind, f\u00f8r leverancen er modtaget og gennemg\u00e5et, da vi kun kan give en estimeret leveringstid. Vi erstatter ikke stilstandende mont\u00f8rer.<\/span><\/p><p><span style=\"font-weight: 400;\">Ved levering, kontroller om emballagen er beskadiget. Eventuelle skader skal noteres p\u00e5 fragtbrevet\/f\u00f8lgesedlen, som chauff\u00f8ren\/udleveringsstedet har. VIGTIGT! Uden noteret skade kan en reklamation ikke foretages. Dokumenter skaderne med fotos, b\u00e5de med og uden emballege. Mail disse til info@snek.se. Reklamationer, der ikke er foretaget inden for 10 dage efter levering, godkendes ikke. Monterede l\u00e5ger kan ikke reklameres.<\/span><\/p><p><span style=\"font-weight: 400;\">Vores produkter leveres p\u00e5 tr\u00e6paller, der kan v\u00e6re op til 3 meter lange. Vi tager desv\u00e6rre ikke disse retur ved levering.<\/span><\/p>\t\t\t\t\t\t\t\t<\/div>\n\t\t\t\t<\/div>\n\t\t\t\t<div class=\"elementor-element elementor-element-c7ffa20 elementor-widget elementor-widget-heading\" data-id=\"c7ffa20\" data-element_type=\"widget\" data-e-type=\"widget\" data-widget_type=\"heading.default\">\n\t\t\t\t<div class=\"elementor-widget-container\">\n\t\t\t\t\t<h2 class=\"elementor-heading-title elementor-size-default\">Returnering<\/h2>\t\t\t\t<\/div>\n\t\t\t\t<\/div>\n\t\t\t\t<div class=\"elementor-element elementor-element-c04728c elementor-widget elementor-widget-text-editor\" data-id=\"c04728c\" data-element_type=\"widget\" data-e-type=\"widget\" data-widget_type=\"text-editor.default\">\n\t\t\t\t<div class=\"elementor-widget-container\">\n\t\t\t\t\t\t\t\t\t<p><span style=\"font-weight: 400;\">Vores stammer, l\u00e5ger og bordplader kan ikke returneres, da de er fremstillet specifikt til kunden. Andre produkter kan returneres inden for 14 dage efter, at I har modtaget jeres levering, forudsat at produktens n\u00e6rmeste beskyttelsesemballage ikke er brudt.<\/span><\/p><p><span style=\"font-weight: 400;\">Reklamationer vedr\u00f8rende fabrikationsfejl, eller at varer ikke stemmer overens med bestillingen, sendes til Sn\u00eaks reklamationsafdeling via e-mail <\/span><span style=\"font-weight: 400;\">info@snek.se<\/span><span style=\"font-weight: 400;\">. <\/span><\/p><p><span style=\"font-weight: 400;\">Leveringsmodtageren m\u00e5 ikke returnere, s\u00e6lge eller reparere beskadiget gods, f\u00f8r dette er godkendt af Sn\u00eak. <\/span><\/p>\t\t\t\t\t\t\t\t<\/div>\n\t\t\t\t<\/div>\n\t\t\t\t<div class=\"elementor-element elementor-element-8b1ae54 elementor-widget elementor-widget-heading\" data-id=\"8b1ae54\" data-element_type=\"widget\" data-e-type=\"widget\" data-widget_type=\"heading.default\">\n\t\t\t\t<div class=\"elementor-widget-container\">\n\t\t\t\t\t<h2 class=\"elementor-heading-title elementor-size-default\">\u00d8vrigt<\/h2>\t\t\t\t<\/div>\n\t\t\t\t<\/div>\n\t\t\t\t<div class=\"elementor-element elementor-element-67b5f43 elementor-widget elementor-widget-text-editor\" data-id=\"67b5f43\" data-element_type=\"widget\" data-e-type=\"widget\" data-widget_type=\"text-editor.default\">\n\t\t\t\t<div class=\"elementor-widget-container\">\n\t\t\t\t\t\t\t\t\t<p><span style=\"font-weight: 400;\">Sn\u00eak kan utan foreg\u00e5ende avisering \u00e4ndra information, produkter og priser, dock ej p\u00e5 redan best\u00e4llda varor. Fakta- og prisuppgifter l\u00e4mnas med reservation for tryckfel, leverant\u00f6rers prish\u00f6jningar, ev. oriktigt angivna tekniska specifikationer m.m. samt f\u00f6r slutf\u00f6rs\u00e4ljning.\u00a0<\/span><\/p>\t\t\t\t\t\t\t\t<\/div>\n\t\t\t\t<\/div>\n\t\t\t\t<div class=\"elementor-element elementor-element-7c5ce80 elementor-widget elementor-widget-heading\" data-id=\"7c5ce80\" data-element_type=\"widget\" data-e-type=\"widget\" data-widget_type=\"heading.default\">\n\t\t\t\t<div class=\"elementor-widget-container\">\n\t\t\t\t\t<h2 class=\"elementor-heading-title elementor-size-default\">Ansvar<\/h2>\t\t\t\t<\/div>\n\t\t\t\t<\/div>\n\t\t\t\t<div class=\"elementor-element elementor-element-d9d3515 elementor-widget elementor-widget-text-editor\" data-id=\"d9d3515\" data-element_type=\"widget\" data-e-type=\"widget\" data-widget_type=\"text-editor.default\">\n\t\t\t\t<div class=\"elementor-widget-container\">\n\t\t\t\t\t\t\t\t\t<p><span style=\"font-weight: 400;\">Kunden er ansvarlig for, at bestillingsoplysningerne til Sn\u00eak (f.eks. antal, m\u00e5l, farver og andre valg) er korrekte. Hvis kunden opdager, at de afgivne oplysninger er fejlagtige, eller \u00f8nsker at \u00e6ndre sin bestilling, skal kunden straks kontakte Sn\u00eak. Sn\u00eak fors\u00f8ger altid at im\u00f8dekomme kundens \u00e6ndringer, men kan ikke garantere dette.<\/span><\/p><p><span style=\"font-weight: 400;\">Kunden er ansvarlig for sine valg i bestillingen, selv om kunden har r\u00e5df\u00f8rt sig med Sn\u00eak.<\/span><\/p>\t\t\t\t\t\t\t\t<\/div>\n\t\t\t\t<\/div>\n\t\t\t\t<div class=\"elementor-element elementor-element-ef3d1be elementor-widget elementor-widget-heading\" data-id=\"ef3d1be\" data-element_type=\"widget\" data-e-type=\"widget\" data-widget_type=\"heading.default\">\n\t\t\t\t<div class=\"elementor-widget-container\">\n\t\t\t\t\t<h2 class=\"elementor-heading-title elementor-size-default\">Force majeure<\/h2>\t\t\t\t<\/div>\n\t\t\t\t<\/div>\n\t\t\t\t<div class=\"elementor-element elementor-element-f50cc86 elementor-widget elementor-widget-text-editor\" data-id=\"f50cc86\" data-element_type=\"widget\" data-e-type=\"widget\" data-widget_type=\"text-editor.default\">\n\t\t\t\t<div class=\"elementor-widget-container\">\n\t\t\t\t\t\t\t\t\t<p><span style=\"font-weight: 400;\">Sn\u00eak er ikke ansvarlig for forsinkede produkter (inklusive levering og garantiforanstaltninger), hvis forsinkelsen er for\u00e5rsaget af omst\u00e6ndigheder uden for Sn\u00eaks rimelige kontrol. Eksempler p\u00e5 s\u00e5danne omst\u00e6ndigheder er \u2013 uden at udg\u00f8re en udt\u00f8mmende liste \u2013 strejke, terrorhandlinger, <\/span><span style=\"font-weight: 400;\">krig, <\/span><span style=\"font-weight: 400;\">leverand\u00f8r-, transport- eller produktionsforstyrrelser, valutakurs\u00e6ndringer, myndighedsindgreb, lovgivning eller naturkatastrofer.<\/span><\/p>\t\t\t\t\t\t\t\t<\/div>\n\t\t\t\t<\/div>\n\t\t\t\t<div class=\"elementor-element elementor-element-ae055bd elementor-widget elementor-widget-heading\" data-id=\"ae055bd\" data-element_type=\"widget\" data-e-type=\"widget\" data-widget_type=\"heading.default\">\n\t\t\t\t<div class=\"elementor-widget-container\">\n\t\t\t\t\t<h2 class=\"elementor-heading-title elementor-size-default\">Priser og betaling<\/h2>\t\t\t\t<\/div>\n\t\t\t\t<\/div>\n\t\t\t\t<div class=\"elementor-element elementor-element-264e17b elementor-widget elementor-widget-text-editor\" data-id=\"264e17b\" data-element_type=\"widget\" data-e-type=\"widget\" data-widget_type=\"text-editor.default\">\n\t\t\t\t<div class=\"elementor-widget-container\">\n\t\t\t\t\t\t\t\t\t<p><span style=\"font-weight: 400;\">Priserne er angivet i svenske kroner. Samtlige priser er inklusive 25% moms. Priserne inkluderer ikke fragt og eventuelle betalingsgebyrer.<\/span><\/p><p><span style=\"font-weight: 400;\">Sn\u00eak reserverar sig for eventuella pris\u00e4ndringar og felaktiga priser og har r\u00e4tt at h\u00e4va k\u00f6pet og \u00e5terbetala kunden for erlagd betalning innan produktion p\u00e5b\u00f6rjats.\u00a0<\/span><\/p><p><span style=\"font-weight: 400;\">F\u00f6r best\u00e4llningar p\u00e5 k\u00f8kken sker betalning via faktura; 50% i forskott vid orderl\u00e4ggandet og resterande 50% mot 10 dagar netto vid leverans.<\/span><\/p><p><span style=\"font-weight: 400;\">Vid order i web shoppen g\u00e4ller f\u00f6rskottsbetalning p\u00e5 100% av beloppet.<\/span><\/p><p><span style=\"font-weight: 400;\">Betalning g\u00f6rs p\u00e5 de s\u00e4tt som anges p\u00e5 Sn\u00eaks hemsida. F\u00f6r tillf\u00e4llet via Plusgiro.<\/span><\/p>\t\t\t\t\t\t\t\t<\/div>\n\t\t\t\t<\/div>\n\t\t\t\t<div class=\"elementor-element elementor-element-acef99b elementor-widget elementor-widget-heading\" data-id=\"acef99b\" data-element_type=\"widget\" data-e-type=\"widget\" data-widget_type=\"heading.default\">\n\t\t\t\t<div class=\"elementor-widget-container\">\n\t\t\t\t\t<h2 class=\"elementor-heading-title elementor-size-default\">Generelle vilk\u00e5r for Sn\u00eak<\/h2>\t\t\t\t<\/div>\n\t\t\t\t<\/div>\n\t\t\t\t<div class=\"elementor-element elementor-element-64a282fd elementor-widget elementor-widget-text-editor\" data-id=\"64a282fd\" data-element_type=\"widget\" data-e-type=\"widget\" data-widget_type=\"text-editor.default\">\n\t\t\t\t<div class=\"elementor-widget-container\">\n\t\t\t\t\t\t\t\t\t<p><span style=\"font-weight: 400;\">K\u00f8bsbetingelserne g\u00e6lder, n\u00e5r svensk eller anden g\u00e6ldende lovgivning ikke foreskriver vilk\u00e5r, der er i konflikt med disse. For privatpersoner g\u00e6lder den svenske forbrugerk\u00f8bslov og fjernsalgslov i tilf\u00e6lde, der ikke er omfattet af disse k\u00f8bsbetingelser.<\/span><\/p>\t\t\t\t\t\t\t\t<\/div>\n\t\t\t\t<\/div>\n\t\t\t\t\t<\/div>\n\t\t\t\t<\/div>\n\t\t\t\t<\/div>\n\t\t","protected":false},"excerpt":{"rendered":"<p>K\u00f6p &#8211; &amp; leveransvillkor Mindste ordrebel\u00f8b P\u00e5 grund av h\u00f6ga st\u00e4llkostnader tar vi inte emot ordrar under 10 000 kr (inklusive moms &amp; frakt) d\u00e5 alla ordrar tillverkas p\u00e5 best\u00e4llning. Det g\u00e5r dock bra att komplettera en redan gjord best\u00e4llning. Bestillinger Du m\u00e5ste ha fyllt 18 \u00e5r f\u00f6r att handla hos oss. Kunduppgifterna ska vara [&hellip;]<\/p>\n","protected":false},"author":0,"featured_media":0,"parent":0,"menu_order":0,"comment_status":"closed","ping_status":"closed","template":"elementor_canvas","meta":{"_acf_changed":false,"footnotes":""},"class_list":["post-154871","page","type-page","status-publish","hentry"],"acf":[],"yoast_head":"<!-- This site is optimized with the Yoast SEO plugin v27.2 - https:\/\/yoast.com\/product\/yoast-seo-wordpress\/ -->\n<title>Vilk\u00e5r | Sn\u00eak<\/title>\n<meta name=\"description\" content=\"Villkor f\u00f6r k\u00f6p och leverans av k\u00f6k fr\u00e5n Sn\u00eak. Best\u00e4llningar, leverans, retur och garantier.\" \/>\n<meta name=\"robots\" content=\"index, follow, max-snippet:-1, max-image-preview:large, max-video-preview:-1\" \/>\n<link rel=\"canonical\" href=\"https:\/\/www.snek.se\/da\/vilkar\/\" \/>\n<meta property=\"og:locale\" content=\"da_DK\" \/>\n<meta property=\"og:type\" content=\"article\" \/>\n<meta property=\"og:title\" content=\"Vilk\u00e5r | Sn\u00eak\" \/>\n<meta property=\"og:description\" content=\"Villkor f\u00f6r k\u00f6p och leverans av k\u00f6k fr\u00e5n Sn\u00eak. Best\u00e4llningar, leverans, retur och garantier.\" \/>\n<meta property=\"og:url\" content=\"https:\/\/www.snek.se\/da\/vilkar\/\" \/>\n<meta property=\"og:site_name\" content=\"Sn\u00eak\" \/>\n<meta property=\"article:publisher\" content=\"https:\/\/www.facebook.com\/snekkitchens\/\" \/>\n<meta name=\"twitter:card\" content=\"summary_large_image\" \/>\n<meta name=\"twitter:label1\" content=\"Est. reading time\" \/>\n\t<meta name=\"twitter:data1\" content=\"4 minutes\" \/>\n<script type=\"application\/ld+json\" class=\"yoast-schema-graph\">{\"@context\":\"https:\/\/schema.org\",\"@graph\":[{\"@type\":\"WebPage\",\"@id\":\"https:\/\/www.snek.se\/da\/vilkar\/\",\"url\":\"https:\/\/www.snek.se\/da\/vilkar\/\",\"name\":\"Vilk\u00e5r | Sn\u00eak\",\"isPartOf\":{\"@id\":\"https:\/\/www.snek.se\/da\/#website\"},\"datePublished\":\"2026-04-08T16:46:35+00:00\",\"description\":\"Villkor f\u00f6r k\u00f6p och leverans av k\u00f6k fr\u00e5n Sn\u00eak. Best\u00e4llningar, leverans, retur och garantier.\",\"breadcrumb\":{\"@id\":\"https:\/\/www.snek.se\/da\/vilkar\/#breadcrumb\"},\"inLanguage\":\"da-DK\",\"potentialAction\":[{\"@type\":\"ReadAction\",\"target\":[\"https:\/\/www.snek.se\/da\/vilkar\/\"]}]},{\"@type\":\"BreadcrumbList\",\"@id\":\"https:\/\/www.snek.se\/da\/vilkar\/#breadcrumb\",\"itemListElement\":[{\"@type\":\"ListItem\",\"position\":1,\"name\":\"Hem\",\"item\":\"https:\/\/www.snek.se\/da\/\"},{\"@type\":\"ListItem\",\"position\":2,\"name\":\"Vilk\u00e5r\"}]},{\"@type\":\"WebSite\",\"@id\":\"https:\/\/www.snek.se\/da\/#website\",\"url\":\"https:\/\/www.snek.se\/da\/\",\"name\":\"Sn\u00eak\",\"description\":\"H\u00e5ndlavede k\u00f8kkener fra Norrbotten\",\"publisher\":{\"@id\":\"https:\/\/www.snek.se\/da\/#organization\"},\"potentialAction\":[{\"@type\":\"SearchAction\",\"target\":{\"@type\":\"EntryPoint\",\"urlTemplate\":\"https:\/\/www.snek.se\/da\/?s={search_term_string}\"},\"query-input\":{\"@type\":\"PropertyValueSpecification\",\"valueRequired\":true,\"valueName\":\"search_term_string\"}}],\"inLanguage\":\"da-DK\"},{\"@type\":\"Organization\",\"@id\":\"https:\/\/www.snek.se\/da\/#organization\",\"name\":\"Sn\u00eak\",\"url\":\"https:\/\/www.snek.se\/da\/\",\"logo\":{\"@type\":\"ImageObject\",\"inLanguage\":\"da-DK\",\"@id\":\"https:\/\/www.snek.se\/da\/#\/schema\/logo\/image\/\",\"url\":\"https:\/\/www.snek.se\/wp-content\/uploads\/2026\/01\/snek-logotyp-insta-scaled.jpg\",\"contentUrl\":\"https:\/\/www.snek.se\/wp-content\/uploads\/2026\/01\/snek-logotyp-insta-scaled.jpg\",\"width\":2560,\"height\":2560,\"caption\":\"Sn\u00eak\"},\"image\":{\"@id\":\"https:\/\/www.snek.se\/da\/#\/schema\/logo\/image\/\"},\"sameAs\":[\"https:\/\/www.facebook.com\/snekkitchens\/\",\"https:\/\/www.instagram.com\/snek.kok\/\",\"https:\/\/www.linkedin.com\/company\/snek-kok\/\",\"https:\/\/se.pinterest.com\/SnekKitchens\/\",\"https:\/\/www.youtube.com\/channel\/UCT9DWn-4DMpKHHqbRXV4bZQ\/\"]}]}<\/script>\n<!-- \/ Yoast SEO plugin. -->","yoast_head_json":{"title":"Vilk\u00e5r | Sn\u00eak","description":"Villkor f\u00f6r k\u00f6p och leverans av k\u00f6k fr\u00e5n Sn\u00eak. Best\u00e4llningar, leverans, retur och garantier.","robots":{"index":"index","follow":"follow","max-snippet":"max-snippet:-1","max-image-preview":"max-image-preview:large","max-video-preview":"max-video-preview:-1"},"canonical":"https:\/\/www.snek.se\/da\/vilkar\/","og_locale":"da_DK","og_type":"article","og_title":"Vilk\u00e5r | Sn\u00eak","og_description":"Villkor f\u00f6r k\u00f6p och leverans av k\u00f6k fr\u00e5n Sn\u00eak. Best\u00e4llningar, leverans, retur och garantier.","og_url":"https:\/\/www.snek.se\/da\/vilkar\/","og_site_name":"Sn\u00eak","article_publisher":"https:\/\/www.facebook.com\/snekkitchens\/","twitter_card":"summary_large_image","twitter_misc":{"Est. reading time":"4 minutes"},"schema":{"@context":"https:\/\/schema.org","@graph":[{"@type":"WebPage","@id":"https:\/\/www.snek.se\/da\/vilkar\/","url":"https:\/\/www.snek.se\/da\/vilkar\/","name":"Vilk\u00e5r | Sn\u00eak","isPartOf":{"@id":"https:\/\/www.snek.se\/da\/#website"},"datePublished":"2026-04-08T16:46:35+00:00","description":"Villkor f\u00f6r k\u00f6p och leverans av k\u00f6k fr\u00e5n Sn\u00eak. Best\u00e4llningar, leverans, retur och garantier.","breadcrumb":{"@id":"https:\/\/www.snek.se\/da\/vilkar\/#breadcrumb"},"inLanguage":"da-DK","potentialAction":[{"@type":"ReadAction","target":["https:\/\/www.snek.se\/da\/vilkar\/"]}]},{"@type":"BreadcrumbList","@id":"https:\/\/www.snek.se\/da\/vilkar\/#breadcrumb","itemListElement":[{"@type":"ListItem","position":1,"name":"Hem","item":"https:\/\/www.snek.se\/da\/"},{"@type":"ListItem","position":2,"name":"Vilk\u00e5r"}]},{"@type":"WebSite","@id":"https:\/\/www.snek.se\/da\/#website","url":"https:\/\/www.snek.se\/da\/","name":"Sn\u00eak","description":"H\u00e5ndlavede k\u00f8kkener fra Norrbotten","publisher":{"@id":"https:\/\/www.snek.se\/da\/#organization"},"potentialAction":[{"@type":"SearchAction","target":{"@type":"EntryPoint","urlTemplate":"https:\/\/www.snek.se\/da\/?s={search_term_string}"},"query-input":{"@type":"PropertyValueSpecification","valueRequired":true,"valueName":"search_term_string"}}],"inLanguage":"da-DK"},{"@type":"Organization","@id":"https:\/\/www.snek.se\/da\/#organization","name":"Sn\u00eak","url":"https:\/\/www.snek.se\/da\/","logo":{"@type":"ImageObject","inLanguage":"da-DK","@id":"https:\/\/www.snek.se\/da\/#\/schema\/logo\/image\/","url":"https:\/\/www.snek.se\/wp-content\/uploads\/2026\/01\/snek-logotyp-insta-scaled.jpg","contentUrl":"https:\/\/www.snek.se\/wp-content\/uploads\/2026\/01\/snek-logotyp-insta-scaled.jpg","width":2560,"height":2560,"caption":"Sn\u00eak"},"image":{"@id":"https:\/\/www.snek.se\/da\/#\/schema\/logo\/image\/"},"sameAs":["https:\/\/www.facebook.com\/snekkitchens\/","https:\/\/www.instagram.com\/snek.kok\/","https:\/\/www.linkedin.com\/company\/snek-kok\/","https:\/\/se.pinterest.com\/SnekKitchens\/","https:\/\/www.youtube.com\/channel\/UCT9DWn-4DMpKHHqbRXV4bZQ\/"]}]}},"_links":{"self":[{"href":"https:\/\/www.snek.se\/da\/wp-json\/wp\/v2\/pages\/154871","targetHints":{"allow":["GET"]}}],"collection":[{"href":"https:\/\/www.snek.se\/da\/wp-json\/wp\/v2\/pages"}],"about":[{"href":"https:\/\/www.snek.se\/da\/wp-json\/wp\/v2\/types\/page"}],"replies":[{"embeddable":true,"href":"https:\/\/www.snek.se\/da\/wp-json\/wp\/v2\/comments?post=154871"}],"version-history":[{"count":1,"href":"https:\/\/www.snek.se\/da\/wp-json\/wp\/v2\/pages\/154871\/revisions"}],"predecessor-version":[{"id":154872,"href":"https:\/\/www.snek.se\/da\/wp-json\/wp\/v2\/pages\/154871\/revisions\/154872"}],"wp:attachment":[{"href":"https:\/\/www.snek.se\/da\/wp-json\/wp\/v2\/media?parent=154871"}],"curies":[{"name":"wp","href":"https:\/\/api.w.org\/{rel}","templated":true}]}}