{"id":154855,"date":"2026-04-08T18:46:35","date_gmt":"2026-04-08T16:46:35","guid":{"rendered":"https:\/\/www.snek.se\/stockholm-2\/"},"modified":"2026-04-08T18:46:35","modified_gmt":"2026-04-08T16:46:35","slug":"stockholm-2","status":"publish","type":"page","link":"https:\/\/www.snek.se\/da\/stockholm-2\/","title":{"rendered":"Stockholm"},"content":{"rendered":"<h1>Velkommen!<\/h1>\n<p style=\"text-align: center;\">Book et gratis m\u00f8de med en av v\u00e5ra k\u00f6ksr\u00e5dgivare p\u00e5 plats i Stockholm.<\/p>\n<p data-start=\"422\" data-end=\"618\">Du hittar oss hos Systrarna Axelsson p\u00e5 Karlav\u00e4gen 46. Vi hj\u00e4lper dig att utforska material, planera layout och visualisera ditt dr\u00f6mk\u00f6k i en personlig konsultation.<\/p>\n<p data-start=\"422\" data-end=\"618\"><strong data-start=\"545\" data-end=\"607\">Vill du komma i kontakt med v\u00e5r k\u00f6ksplanerare Hanna i Stockholm? <br \/><\/strong><strong>Ring 079-115 17 52:<\/strong> Besvaras m\u00e5ndag-fredag (helgfria vardagar) mellan 10:00-16:00 (lunch 11:00-12:00)<\/p>\n<p>\t\t\t\t\t<a href=\"https:\/\/www.snek.se\/da\/samtale-kokkenplanlaegger\/\" style=\"text-decoration: none\"><br \/>\n    <button><br \/>\n        Boka onlinem\u00f6te<br \/>\n    <\/button><br \/>\n<\/a><br \/>\n\t\t\t\t\t<a href=\"https:\/\/www.snek.se\/da\/samtale-kokkenplanlaegger\/#form\" style=\"text-decoration: none\"><br \/>\n    <button><br \/>\n        Kontakta oss<br \/>\n    <\/button><br \/>\n<\/a><br \/>\n\t\t\t\t\t<a href=\"https:\/\/www.snek.se\/wp-content\/uploads\/2025\/09\/Infor-ditt-koksmote.docx\" style=\"text-decoration: none\"><br \/>\n    <button><br \/>\n        Inf\u00f6r m\u00f6tet<br \/>\n    <\/button><br \/>\n<\/a>\t\t\t\t<\/p>\n<iframe src=\"https:\/\/www.snek.se\/da\/wp-json\/ssa\/v1\/embed-inner?integration&type=stockholm&label&types=7&edit&view&payment_provider&ssa_locale=da_DK&ssa_is_rtl&sid=8ccf630a1c4487add841ca7e9372a8d39a31a1f0&availability_start_date&availability_end_date&suggest_first_available&suggest_first_available_within_minutes&flow&fallback_flow&time_view&date_view&appointment_types_view&version&accent_color&background&padding&font&booking_url=https%3A%2F%2Fwww.snek.se%2Fda%2Fstockholm-2%2F&booking_post_id=154855&booking_title=Stockholm&_wpnonce=0a81498dc6&redirect_post_id&mepr_membership_id#\/\" height=\"400px\" width=\"100%\" name=\"ssa_booking\" loading=\"eager\" frameborder=\"0\" data-skip-lazy=\"1\" class=\"ssa_booking_iframe skip-lazy\" title=\"Book a time\"><\/iframe>\n<p>\t\t\t\t\t\t\t\t\t\t\t\t\t\t\t\t<a href=\"https:\/\/www.snek.se\/wp-content\/uploads\/2026\/03\/IMG_1598_VSCO-3-scaled.jpg\" data-elementor-open-lightbox=\"yes\" data-e-action-hash=\"#elementor-action%3Aaction%3Dlightbox%26settings%3DeyJpZCI6MTUzNzUyLCJ1cmwiOiJodHRwczpcL1wvd3d3LnNuZWsuc2VcL3dwLWNvbnRlbnRcL3VwbG9hZHNcLzIwMjZcLzAzXC9JTUdfMTU5OF9WU0NPLTMtc2NhbGVkLmpwZyJ9\"><br \/>\n\t\t\t\t\t\t\t<img fetchpriority=\"high\" decoding=\"async\" width=\"800\" height=\"1067\" src=\"https:\/\/www.snek.se\/wp-content\/uploads\/2026\/03\/IMG_1598_VSCO-3-1500x2000.jpg\" alt=\"\" srcset=\"https:\/\/www.snek.se\/wp-content\/uploads\/2026\/03\/IMG_1598_VSCO-3-1500x2000.jpg 1500w, https:\/\/www.snek.se\/wp-content\/uploads\/2026\/03\/IMG_1598_VSCO-3-375x500.jpg 375w, https:\/\/www.snek.se\/wp-content\/uploads\/2026\/03\/IMG_1598_VSCO-3-768x1024.jpg 768w, https:\/\/www.snek.se\/wp-content\/uploads\/2026\/03\/IMG_1598_VSCO-3-1152x1536.jpg 1152w, https:\/\/www.snek.se\/wp-content\/uploads\/2026\/03\/IMG_1598_VSCO-3-1536x2048.jpg 1536w, https:\/\/www.snek.se\/wp-content\/uploads\/2026\/03\/IMG_1598_VSCO-3-scaled.jpg 1920w\" sizes=\"(max-width: 800px) 100vw, 800px\" \/>\t\t\t\t\t\t\t\t<\/a><br \/>\n\t\t\t\t\t\t\t\t\t\t\t\t\t\t\t\t<a href=\"https:\/\/www.snek.se\/wp-content\/uploads\/2026\/03\/IMG_1612-scaled.jpg\" data-elementor-open-lightbox=\"yes\" data-e-action-hash=\"#elementor-action%3Aaction%3Dlightbox%26settings%3DeyJpZCI6MTUzNzU1LCJ1cmwiOiJodHRwczpcL1wvd3d3LnNuZWsuc2VcL3dwLWNvbnRlbnRcL3VwbG9hZHNcLzIwMjZcLzAzXC9JTUdfMTYxMi1zY2FsZWQuanBnIn0%3D\"><br \/>\n\t\t\t\t\t\t\t<img decoding=\"async\" width=\"800\" height=\"1422\" src=\"https:\/\/www.snek.se\/wp-content\/uploads\/2026\/03\/IMG_1612-1125x2000.jpg\" alt=\"\" srcset=\"https:\/\/www.snek.se\/wp-content\/uploads\/2026\/03\/IMG_1612-1125x2000.jpg 1125w, https:\/\/www.snek.se\/wp-content\/uploads\/2026\/03\/IMG_1612-281x500.jpg 281w, https:\/\/www.snek.se\/wp-content\/uploads\/2026\/03\/IMG_1612-768x1365.jpg 768w, https:\/\/www.snek.se\/wp-content\/uploads\/2026\/03\/IMG_1612-864x1536.jpg 864w, https:\/\/www.snek.se\/wp-content\/uploads\/2026\/03\/IMG_1612-1152x2048.jpg 1152w, https:\/\/www.snek.se\/wp-content\/uploads\/2026\/03\/IMG_1612-scaled.jpg 1440w\" sizes=\"(max-width: 800px) 100vw, 800px\" \/>\t\t\t\t\t\t\t\t<\/a><br \/>\n\t\t\t\t\t\t\t\t\t\t\t\t\t\t\t\t<a href=\"https:\/\/www.snek.se\/wp-content\/uploads\/2026\/03\/IMG_1629-scaled.jpg\" data-elementor-open-lightbox=\"yes\" data-e-action-hash=\"#elementor-action%3Aaction%3Dlightbox%26settings%3DeyJpZCI6MTUzNzYxLCJ1cmwiOiJodHRwczpcL1wvd3d3LnNuZWsuc2VcL3dwLWNvbnRlbnRcL3VwbG9hZHNcLzIwMjZcLzAzXC9JTUdfMTYyOS1zY2FsZWQuanBnIn0%3D\"><br \/>\n\t\t\t\t\t\t\t<img decoding=\"async\" width=\"800\" height=\"1422\" src=\"https:\/\/www.snek.se\/wp-content\/uploads\/2026\/03\/IMG_1629-1125x2000.jpg\" alt=\"\" srcset=\"https:\/\/www.snek.se\/wp-content\/uploads\/2026\/03\/IMG_1629-1125x2000.jpg 1125w, https:\/\/www.snek.se\/wp-content\/uploads\/2026\/03\/IMG_1629-281x500.jpg 281w, https:\/\/www.snek.se\/wp-content\/uploads\/2026\/03\/IMG_1629-768x1365.jpg 768w, https:\/\/www.snek.se\/wp-content\/uploads\/2026\/03\/IMG_1629-864x1536.jpg 864w, https:\/\/www.snek.se\/wp-content\/uploads\/2026\/03\/IMG_1629-1152x2048.jpg 1152w, https:\/\/www.snek.se\/wp-content\/uploads\/2026\/03\/IMG_1629-scaled.jpg 1440w\" sizes=\"(max-width: 800px) 100vw, 800px\" \/>\t\t\t\t\t\t\t\t<\/a><br \/>\n\t\t\t\t\t\t\t\t\t\t\t\t\t\t\t\t<a href=\"https:\/\/www.snek.se\/wp-content\/uploads\/2026\/03\/IMG_1635-scaled.jpg\" data-elementor-open-lightbox=\"yes\" data-e-action-hash=\"#elementor-action%3Aaction%3Dlightbox%26settings%3DeyJpZCI6MTUzNzQ5LCJ1cmwiOiJodHRwczpcL1wvd3d3LnNuZWsuc2VcL3dwLWNvbnRlbnRcL3VwbG9hZHNcLzIwMjZcLzAzXC9JTUdfMTYzNS1zY2FsZWQuanBnIn0%3D\"><br \/>\n\t\t\t\t\t\t\t<img loading=\"lazy\" decoding=\"async\" width=\"800\" height=\"1422\" src=\"https:\/\/www.snek.se\/wp-content\/uploads\/2026\/03\/IMG_1635-1125x2000.jpg\" alt=\"\" srcset=\"https:\/\/www.snek.se\/wp-content\/uploads\/2026\/03\/IMG_1635-1125x2000.jpg 1125w, https:\/\/www.snek.se\/wp-content\/uploads\/2026\/03\/IMG_1635-281x500.jpg 281w, https:\/\/www.snek.se\/wp-content\/uploads\/2026\/03\/IMG_1635-768x1365.jpg 768w, https:\/\/www.snek.se\/wp-content\/uploads\/2026\/03\/IMG_1635-864x1536.jpg 864w, https:\/\/www.snek.se\/wp-content\/uploads\/2026\/03\/IMG_1635-1152x2048.jpg 1152w, https:\/\/www.snek.se\/wp-content\/uploads\/2026\/03\/IMG_1635-scaled.jpg 1440w\" sizes=\"(max-width: 800px) 100vw, 800px\" \/>\t\t\t\t\t\t\t\t<\/a><br \/>\n\t\t\t\t\t\t\t\t\t\t\t\t\t\t\t\t<a href=\"https:\/\/www.snek.se\/wp-content\/uploads\/2025\/09\/IMG_1602_VSCO-scaled.jpg\" data-elementor-open-lightbox=\"yes\" data-e-action-hash=\"#elementor-action%3Aaction%3Dlightbox%26settings%3DeyJpZCI6MTQ4MjIzLCJ1cmwiOiJodHRwczpcL1wvd3d3LnNuZWsuc2VcL3dwLWNvbnRlbnRcL3VwbG9hZHNcLzIwMjVcLzA5XC9JTUdfMTYwMl9WU0NPLXNjYWxlZC5qcGcifQ%3D%3D\"><br \/>\n\t\t\t\t\t\t\t<img loading=\"lazy\" decoding=\"async\" width=\"800\" height=\"1067\" src=\"https:\/\/www.snek.se\/wp-content\/uploads\/2025\/09\/IMG_1602_VSCO-1500x2000.jpg\" alt=\"\" srcset=\"https:\/\/www.snek.se\/wp-content\/uploads\/2025\/09\/IMG_1602_VSCO-1500x2000.jpg 1500w, https:\/\/www.snek.se\/wp-content\/uploads\/2025\/09\/IMG_1602_VSCO-375x500.jpg 375w, https:\/\/www.snek.se\/wp-content\/uploads\/2025\/09\/IMG_1602_VSCO-768x1024.jpg 768w, https:\/\/www.snek.se\/wp-content\/uploads\/2025\/09\/IMG_1602_VSCO-1152x1536.jpg 1152w, https:\/\/www.snek.se\/wp-content\/uploads\/2025\/09\/IMG_1602_VSCO-1536x2048.jpg 1536w, https:\/\/www.snek.se\/wp-content\/uploads\/2025\/09\/IMG_1602_VSCO-scaled.jpg 1920w\" sizes=\"(max-width: 800px) 100vw, 800px\" \/>\t\t\t\t\t\t\t\t<\/a><br \/>\n\t\t\t\t\t\t\t\t\t\t\t\t\t\t\t\t<a href=\"https:\/\/www.snek.se\/wp-content\/uploads\/2026\/03\/IMG_1613-scaled.jpg\" data-elementor-open-lightbox=\"yes\" data-e-action-hash=\"#elementor-action%3Aaction%3Dlightbox%26settings%3DeyJpZCI6MTUzNzU4LCJ1cmwiOiJodHRwczpcL1wvd3d3LnNuZWsuc2VcL3dwLWNvbnRlbnRcL3VwbG9hZHNcLzIwMjZcLzAzXC9JTUdfMTYxMy1zY2FsZWQuanBnIn0%3D\"><br \/>\n\t\t\t\t\t\t\t<img loading=\"lazy\" decoding=\"async\" width=\"800\" height=\"1422\" src=\"https:\/\/www.snek.se\/wp-content\/uploads\/2026\/03\/IMG_1613-1125x2000.jpg\" alt=\"\" srcset=\"https:\/\/www.snek.se\/wp-content\/uploads\/2026\/03\/IMG_1613-1125x2000.jpg 1125w, https:\/\/www.snek.se\/wp-content\/uploads\/2026\/03\/IMG_1613-281x500.jpg 281w, https:\/\/www.snek.se\/wp-content\/uploads\/2026\/03\/IMG_1613-768x1365.jpg 768w, https:\/\/www.snek.se\/wp-content\/uploads\/2026\/03\/IMG_1613-864x1536.jpg 864w, https:\/\/www.snek.se\/wp-content\/uploads\/2026\/03\/IMG_1613-1152x2048.jpg 1152w, https:\/\/www.snek.se\/wp-content\/uploads\/2026\/03\/IMG_1613-scaled.jpg 1440w\" sizes=\"(max-width: 800px) 100vw, 800px\" \/>\t\t\t\t\t\t\t\t<\/a><\/p>\n","protected":false},"excerpt":{"rendered":"<p>Velkommen! Book et gratis m\u00f8de med en av v\u00e5ra k\u00f6ksr\u00e5dgivare p\u00e5 plats i Stockholm. Du hittar oss hos Systrarna Axelsson p\u00e5 Karlav\u00e4gen 46. Vi hj\u00e4lper dig att utforska material, planera layout och visualisera ditt dr\u00f6mk\u00f6k i en personlig konsultation. Vill du komma i kontakt med v\u00e5r k\u00f6ksplanerare Hanna i Stockholm? Ring 079-115 17 52: Besvaras [&hellip;]<\/p>\n","protected":false},"author":0,"featured_media":0,"parent":0,"menu_order":0,"comment_status":"closed","ping_status":"closed","template":"elementor_canvas","meta":{"_acf_changed":false,"footnotes":""},"class_list":["post-154855","page","type-page","status-publish","hentry"],"acf":[],"yoast_head":"<!-- This site is optimized with the Yoast SEO plugin v27.2 - https:\/\/yoast.com\/product\/yoast-seo-wordpress\/ -->\n<title>Stockholm | Sn\u00eak<\/title>\n<meta name=\"description\" content=\"Bes\u00f6k v\u00e5rt showroom i Stockholm hos Systrarna Axelsson p\u00e5 Karlav\u00e4gen 46. Boka ett kostnadsfritt m\u00f6te med k\u00f6ksr\u00e5dgivare.\" \/>\n<meta name=\"robots\" content=\"index, follow, max-snippet:-1, max-image-preview:large, max-video-preview:-1\" \/>\n<link rel=\"canonical\" href=\"https:\/\/www.snek.se\/da\/stockholm-2\/\" \/>\n<meta property=\"og:locale\" content=\"da_DK\" \/>\n<meta property=\"og:type\" content=\"article\" \/>\n<meta property=\"og:title\" content=\"Stockholm | Sn\u00eak\" \/>\n<meta property=\"og:description\" content=\"Bes\u00f6k v\u00e5rt showroom i Stockholm hos Systrarna Axelsson p\u00e5 Karlav\u00e4gen 46. Boka ett kostnadsfritt m\u00f6te med k\u00f6ksr\u00e5dgivare.\" \/>\n<meta property=\"og:url\" content=\"https:\/\/www.snek.se\/da\/stockholm-2\/\" \/>\n<meta property=\"og:site_name\" content=\"Sn\u00eak\" \/>\n<meta property=\"article:publisher\" content=\"https:\/\/www.facebook.com\/snekkitchens\/\" \/>\n<meta property=\"og:image\" content=\"https:\/\/www.snek.se\/wp-content\/uploads\/2026\/03\/IMG_1598_VSCO-3-1500x2000.jpg\" \/>\n<meta name=\"twitter:card\" content=\"summary_large_image\" \/>\n<meta name=\"twitter:label1\" content=\"Est. reading time\" \/>\n\t<meta name=\"twitter:data1\" content=\"2 minutes\" \/>\n<script type=\"application\/ld+json\" class=\"yoast-schema-graph\">{\"@context\":\"https:\/\/schema.org\",\"@graph\":[{\"@type\":\"WebPage\",\"@id\":\"https:\/\/www.snek.se\/da\/stockholm-2\/\",\"url\":\"https:\/\/www.snek.se\/da\/stockholm-2\/\",\"name\":\"Stockholm | Sn\u00eak\",\"isPartOf\":{\"@id\":\"https:\/\/www.snek.se\/da\/#website\"},\"primaryImageOfPage\":{\"@id\":\"https:\/\/www.snek.se\/da\/stockholm-2\/#primaryimage\"},\"image\":{\"@id\":\"https:\/\/www.snek.se\/da\/stockholm-2\/#primaryimage\"},\"thumbnailUrl\":\"https:\/\/www.snek.se\/wp-content\/uploads\/2026\/03\/IMG_1598_VSCO-3-1500x2000.jpg\",\"datePublished\":\"2026-04-08T16:46:35+00:00\",\"description\":\"Bes\u00f6k v\u00e5rt showroom i Stockholm hos Systrarna Axelsson p\u00e5 Karlav\u00e4gen 46. Boka ett kostnadsfritt m\u00f6te med k\u00f6ksr\u00e5dgivare.\",\"breadcrumb\":{\"@id\":\"https:\/\/www.snek.se\/da\/stockholm-2\/#breadcrumb\"},\"inLanguage\":\"da-DK\",\"potentialAction\":[{\"@type\":\"ReadAction\",\"target\":[\"https:\/\/www.snek.se\/da\/stockholm-2\/\"]}]},{\"@type\":\"ImageObject\",\"inLanguage\":\"da-DK\",\"@id\":\"https:\/\/www.snek.se\/da\/stockholm-2\/#primaryimage\",\"url\":\"https:\/\/www.snek.se\/wp-content\/uploads\/2026\/03\/IMG_1598_VSCO-3-1500x2000.jpg\",\"contentUrl\":\"https:\/\/www.snek.se\/wp-content\/uploads\/2026\/03\/IMG_1598_VSCO-3-1500x2000.jpg\"},{\"@type\":\"BreadcrumbList\",\"@id\":\"https:\/\/www.snek.se\/da\/stockholm-2\/#breadcrumb\",\"itemListElement\":[{\"@type\":\"ListItem\",\"position\":1,\"name\":\"Hem\",\"item\":\"https:\/\/www.snek.se\/da\/\"},{\"@type\":\"ListItem\",\"position\":2,\"name\":\"Stockholm\"}]},{\"@type\":\"WebSite\",\"@id\":\"https:\/\/www.snek.se\/da\/#website\",\"url\":\"https:\/\/www.snek.se\/da\/\",\"name\":\"Sn\u00eak\",\"description\":\"Snickrade k\u00f6k fr\u00e5n Norrbotten\",\"publisher\":{\"@id\":\"https:\/\/www.snek.se\/da\/#organization\"},\"potentialAction\":[{\"@type\":\"SearchAction\",\"target\":{\"@type\":\"EntryPoint\",\"urlTemplate\":\"https:\/\/www.snek.se\/da\/?s={search_term_string}\"},\"query-input\":{\"@type\":\"PropertyValueSpecification\",\"valueRequired\":true,\"valueName\":\"search_term_string\"}}],\"inLanguage\":\"da-DK\"},{\"@type\":\"Organization\",\"@id\":\"https:\/\/www.snek.se\/da\/#organization\",\"name\":\"Sn\u00eak\",\"url\":\"https:\/\/www.snek.se\/da\/\",\"logo\":{\"@type\":\"ImageObject\",\"inLanguage\":\"da-DK\",\"@id\":\"https:\/\/www.snek.se\/da\/#\/schema\/logo\/image\/\",\"url\":\"https:\/\/www.snek.se\/wp-content\/uploads\/2026\/01\/snek-logotyp-insta-scaled.jpg\",\"contentUrl\":\"https:\/\/www.snek.se\/wp-content\/uploads\/2026\/01\/snek-logotyp-insta-scaled.jpg\",\"width\":2560,\"height\":2560,\"caption\":\"Sn\u00eak\"},\"image\":{\"@id\":\"https:\/\/www.snek.se\/da\/#\/schema\/logo\/image\/\"},\"sameAs\":[\"https:\/\/www.facebook.com\/snekkitchens\/\",\"https:\/\/www.instagram.com\/snek.kok\/\",\"https:\/\/www.linkedin.com\/company\/snek-kok\/\",\"https:\/\/se.pinterest.com\/SnekKitchens\/\",\"https:\/\/www.youtube.com\/channel\/UCT9DWn-4DMpKHHqbRXV4bZQ\/\"]}]}<\/script>\n<!-- \/ Yoast SEO plugin. -->","yoast_head_json":{"title":"Stockholm | Sn\u00eak","description":"Bes\u00f6k v\u00e5rt showroom i Stockholm hos Systrarna Axelsson p\u00e5 Karlav\u00e4gen 46. Boka ett kostnadsfritt m\u00f6te med k\u00f6ksr\u00e5dgivare.","robots":{"index":"index","follow":"follow","max-snippet":"max-snippet:-1","max-image-preview":"max-image-preview:large","max-video-preview":"max-video-preview:-1"},"canonical":"https:\/\/www.snek.se\/da\/stockholm-2\/","og_locale":"da_DK","og_type":"article","og_title":"Stockholm | Sn\u00eak","og_description":"Bes\u00f6k v\u00e5rt showroom i Stockholm hos Systrarna Axelsson p\u00e5 Karlav\u00e4gen 46. Boka ett kostnadsfritt m\u00f6te med k\u00f6ksr\u00e5dgivare.","og_url":"https:\/\/www.snek.se\/da\/stockholm-2\/","og_site_name":"Sn\u00eak","article_publisher":"https:\/\/www.facebook.com\/snekkitchens\/","og_image":[{"url":"https:\/\/www.snek.se\/wp-content\/uploads\/2026\/03\/IMG_1598_VSCO-3-1500x2000.jpg","type":"","width":"","height":""}],"twitter_card":"summary_large_image","twitter_misc":{"Est. reading time":"2 minutes"},"schema":{"@context":"https:\/\/schema.org","@graph":[{"@type":"WebPage","@id":"https:\/\/www.snek.se\/da\/stockholm-2\/","url":"https:\/\/www.snek.se\/da\/stockholm-2\/","name":"Stockholm | Sn\u00eak","isPartOf":{"@id":"https:\/\/www.snek.se\/da\/#website"},"primaryImageOfPage":{"@id":"https:\/\/www.snek.se\/da\/stockholm-2\/#primaryimage"},"image":{"@id":"https:\/\/www.snek.se\/da\/stockholm-2\/#primaryimage"},"thumbnailUrl":"https:\/\/www.snek.se\/wp-content\/uploads\/2026\/03\/IMG_1598_VSCO-3-1500x2000.jpg","datePublished":"2026-04-08T16:46:35+00:00","description":"Bes\u00f6k v\u00e5rt showroom i Stockholm hos Systrarna Axelsson p\u00e5 Karlav\u00e4gen 46. Boka ett kostnadsfritt m\u00f6te med k\u00f6ksr\u00e5dgivare.","breadcrumb":{"@id":"https:\/\/www.snek.se\/da\/stockholm-2\/#breadcrumb"},"inLanguage":"da-DK","potentialAction":[{"@type":"ReadAction","target":["https:\/\/www.snek.se\/da\/stockholm-2\/"]}]},{"@type":"ImageObject","inLanguage":"da-DK","@id":"https:\/\/www.snek.se\/da\/stockholm-2\/#primaryimage","url":"https:\/\/www.snek.se\/wp-content\/uploads\/2026\/03\/IMG_1598_VSCO-3-1500x2000.jpg","contentUrl":"https:\/\/www.snek.se\/wp-content\/uploads\/2026\/03\/IMG_1598_VSCO-3-1500x2000.jpg"},{"@type":"BreadcrumbList","@id":"https:\/\/www.snek.se\/da\/stockholm-2\/#breadcrumb","itemListElement":[{"@type":"ListItem","position":1,"name":"Hem","item":"https:\/\/www.snek.se\/da\/"},{"@type":"ListItem","position":2,"name":"Stockholm"}]},{"@type":"WebSite","@id":"https:\/\/www.snek.se\/da\/#website","url":"https:\/\/www.snek.se\/da\/","name":"Sn\u00eak","description":"Snickrade k\u00f6k fr\u00e5n Norrbotten","publisher":{"@id":"https:\/\/www.snek.se\/da\/#organization"},"potentialAction":[{"@type":"SearchAction","target":{"@type":"EntryPoint","urlTemplate":"https:\/\/www.snek.se\/da\/?s={search_term_string}"},"query-input":{"@type":"PropertyValueSpecification","valueRequired":true,"valueName":"search_term_string"}}],"inLanguage":"da-DK"},{"@type":"Organization","@id":"https:\/\/www.snek.se\/da\/#organization","name":"Sn\u00eak","url":"https:\/\/www.snek.se\/da\/","logo":{"@type":"ImageObject","inLanguage":"da-DK","@id":"https:\/\/www.snek.se\/da\/#\/schema\/logo\/image\/","url":"https:\/\/www.snek.se\/wp-content\/uploads\/2026\/01\/snek-logotyp-insta-scaled.jpg","contentUrl":"https:\/\/www.snek.se\/wp-content\/uploads\/2026\/01\/snek-logotyp-insta-scaled.jpg","width":2560,"height":2560,"caption":"Sn\u00eak"},"image":{"@id":"https:\/\/www.snek.se\/da\/#\/schema\/logo\/image\/"},"sameAs":["https:\/\/www.facebook.com\/snekkitchens\/","https:\/\/www.instagram.com\/snek.kok\/","https:\/\/www.linkedin.com\/company\/snek-kok\/","https:\/\/se.pinterest.com\/SnekKitchens\/","https:\/\/www.youtube.com\/channel\/UCT9DWn-4DMpKHHqbRXV4bZQ\/"]}]}},"_links":{"self":[{"href":"https:\/\/www.snek.se\/da\/wp-json\/wp\/v2\/pages\/154855","targetHints":{"allow":["GET"]}}],"collection":[{"href":"https:\/\/www.snek.se\/da\/wp-json\/wp\/v2\/pages"}],"about":[{"href":"https:\/\/www.snek.se\/da\/wp-json\/wp\/v2\/types\/page"}],"replies":[{"embeddable":true,"href":"https:\/\/www.snek.se\/da\/wp-json\/wp\/v2\/comments?post=154855"}],"version-history":[{"count":1,"href":"https:\/\/www.snek.se\/da\/wp-json\/wp\/v2\/pages\/154855\/revisions"}],"predecessor-version":[{"id":154856,"href":"https:\/\/www.snek.se\/da\/wp-json\/wp\/v2\/pages\/154855\/revisions\/154856"}],"wp:attachment":[{"href":"https:\/\/www.snek.se\/da\/wp-json\/wp\/v2\/media?parent=154855"}],"curies":[{"name":"wp","href":"https:\/\/api.w.org\/{rel}","templated":true}]}}