{"id":154837,"date":"2026-04-08T18:46:33","date_gmt":"2026-04-08T16:46:33","guid":{"rendered":"https:\/\/www.snek.se\/samtale-kokkenplanlaegger\/"},"modified":"2026-04-08T18:46:34","modified_gmt":"2026-04-08T16:46:34","slug":"samtale-kokkenplanlaegger","status":"publish","type":"page","link":"https:\/\/www.snek.se\/da\/samtale-kokkenplanlaegger\/","title":{"rendered":"Samtale med k\u00f8kkenplanl\u00e6gger"},"content":{"rendered":"<h1>Book m\u00f8de med vores k\u00f8kkenplanl\u00e6ggere<\/h1>\n<p style=\"text-align: center;\" data-start=\"230\" data-end=\"476\">\u00c4r du i b\u00f6rjan av din k\u00f6ksplanering? Kanske bygger du nytt och vill f\u00e5 en offert redan nu. D\u00e5 \u00e4r v\u00e5rt startm\u00f6te n\u00e5got f\u00f6r dig. Vi erbjuder ett kostnadsfritt och m\u00f6te f\u00f6r dig som vill f\u00e5 koll p\u00e5 l\u00e4get, utan stress eller f\u00f6rpliktelser.<\/p>\n<h2>Book m\u00f8de<\/h2>\n<p>Vi tilbyder b\u00e5de digitale m\u00f8der og m\u00f8der p\u00e5 stedet i Stockholm, men du er ogs\u00e5 varmt velkommen til at kontakte os uden at booke noget overhovedet.<\/p>\n<p>\t\t\t\t\t<a href=\"https:\/\/www.snek.se\/wp-content\/uploads\/2025\/09\/Infor-ditt-koksmote.docx\" style=\"text-decoration: none\"><br \/>\n    <button><br \/>\n        Inf\u00f6r m\u00f6tet<br \/>\n    <\/button><br \/>\n<\/a><br \/>\n\t\t\t\t\t<a href=\"https:\/\/www.snek.se\/da\/samtale-kokkenplanlaegger\/#form\" style=\"text-decoration: none\"><br \/>\n    <button><br \/>\n        Kontakta oss<br \/>\n    <\/button><br \/>\n<\/a><br \/>\n\t\t\t\t\t<a href=\"https:\/\/www.snek.se\/da\/stockholm-2\/\" style=\"text-decoration: none\"><br \/>\n    <button><br \/>\n        M\u00f6te p\u00e5 plats i Stockholm<br \/>\n    <\/button><br \/>\n<\/a>\t\t\t\t<\/p>\n<iframe src=\"https:\/\/www.snek.se\/da\/wp-json\/ssa\/v1\/embed-inner?integration&type=avstamning&label&types=8&edit&view&payment_provider&ssa_locale=da_DK&ssa_is_rtl&sid=8ccf630a1c4487add841ca7e9372a8d39a31a1f0&availability_start_date&availability_end_date&suggest_first_available&suggest_first_available_within_minutes&flow&fallback_flow&time_view&date_view&appointment_types_view&version&accent_color&background&padding&font&booking_url=https%3A%2F%2Fwww.snek.se%2Fda%2Fsamtale-kokkenplanlaegger%2F&booking_post_id=154837&booking_title=Samtale+med+k%C3%B8kkenplanl%C3%A6gger&_wpnonce=0a81498dc6&redirect_post_id&mepr_membership_id#\/\" height=\"400px\" width=\"100%\" name=\"ssa_booking\" loading=\"eager\" frameborder=\"0\" data-skip-lazy=\"1\" class=\"ssa_booking_iframe skip-lazy\" title=\"Book a time\"><\/iframe>\n<h2>Under m\u00f8det f\u00e5r du:<\/h2>\n<ul data-start=\"626\" data-end=\"817\">\n<li data-start=\"626\" data-end=\"679\">\n<p data-start=\"628\" data-end=\"679\">En f\u00f6rsta uppskattning av kostnader och tidsramar<\/p>\n<\/li>\n<li data-start=\"680\" data-end=\"748\">\n<p data-start=\"682\" data-end=\"748\">Hj\u00e4lp att navigera i v\u00e5rt designverktyg, om du vill skissa sj\u00e4lv<\/p>\n<\/li>\n<li data-start=\"749\" data-end=\"817\">\n<p data-start=\"751\" data-end=\"817\">M\u00f6jlighet att bolla id\u00e9er och behov med en av v\u00e5ra k\u00f6ksplanerare<\/p>\n<\/li>\n<\/ul>\n<h2>Under m\u00f8det f\u00e5r du:<\/h2>\n<ul data-start=\"626\" data-end=\"817\">\n<li data-start=\"626\" data-end=\"679\">\n<p data-start=\"628\" data-end=\"679\">En f\u00f6rsta uppskattning av kostnader och tidsramar<\/p>\n<\/li>\n<li data-start=\"680\" data-end=\"748\">\n<p data-start=\"682\" data-end=\"748\">Hj\u00e4lp att navigera i v\u00e5rt designverktyg om du vill skissa sj\u00e4lv<\/p>\n<\/li>\n<li data-start=\"749\" data-end=\"817\">\n<p data-start=\"751\" data-end=\"817\">M\u00f6jlighet att bolla id\u00e9er och behov med en av v\u00e5ra k\u00f6ksplanerare<\/p>\n<\/li>\n<\/ul>\n<h2>Finansiera ditt k\u00f6k med LF finans<\/h2>\n<p data-start=\"978\" data-end=\"1163\">Vi erbjuder m\u00f6jlighet till delbetalning via LF finans s\u00e5 att du kan f\u00f6rverkliga ditt dr\u00f6mk\u00f6k i den takt som passar dig. Fr\u00e5ga g\u00e4rna v\u00e5ra k\u00f6ksplanerare om finansiering under m\u00f6tet.<\/p>\n<p>\t\t\t\t\t<a href=\"https:\/\/www.lffinans.se\/\" style=\"text-decoration: none;\"><br \/>\n    <button><br \/>\n        Till LF finans<br \/>\n    <\/button><br \/>\n<\/a>\t\t\t\t<\/p>\n<h2>Nysgerrig efter et k\u00f8kken fra Sn\u00eak?<\/h2>\n<p style=\"text-align: center;\" data-start=\"230\" data-end=\"476\">Fyll i dina uppgifter s\u00e5 h\u00f6r vi av oss. H\u00e4r kan du st\u00e4lla fr\u00e5gor, bolla id\u00e9er eller ta en f\u00f6rsta kontakt kring ett framtida k\u00f6k.<\/p>\n<p>\t\t\t\t\t<button type=\"button\" style=\"font-size:18px; text-decoration:none;\"><br \/>\n  Skicka meddelande<br \/>\n<\/button><\/p>\n<h2>Klar til at tage det f\u00f8rste skridt?<\/h2>\n<p style=\"text-align: center;\" data-start=\"230\" data-end=\"476\">Fyll i dina uppgifter s\u00e5 kontaktar vi dig f\u00f6r att boka ett kostnadsfritt startm\u00f6te. Du f\u00e5r tr\u00e4ffa en av v\u00e5ra k\u00f6ksplanerare som lyssnar, guidar och hj\u00e4lper dig ta n\u00e4sta steg, i din takt.<\/p>\n<p>\t\t\t\t\t<button type=\"button\" style=\"font-size:16px;\"class=\"bracket-button\">Skicka meddelande<\/button><\/p>\n","protected":false},"excerpt":{"rendered":"<p>Book m\u00f8de med vores k\u00f8kkenplanl\u00e6ggere \u00c4r du i b\u00f6rjan av din k\u00f6ksplanering? Kanske bygger du nytt och vill f\u00e5 en offert redan nu. D\u00e5 \u00e4r v\u00e5rt startm\u00f6te n\u00e5got f\u00f6r dig. Vi erbjuder ett kostnadsfritt och m\u00f6te f\u00f6r dig som vill f\u00e5 koll p\u00e5 l\u00e4get, utan stress eller f\u00f6rpliktelser. Book m\u00f8de Vi tilbyder b\u00e5de digitale m\u00f8der [&hellip;]<\/p>\n","protected":false},"author":0,"featured_media":143015,"parent":0,"menu_order":0,"comment_status":"closed","ping_status":"closed","template":"elementor_canvas","meta":{"_acf_changed":false,"footnotes":""},"class_list":["post-154837","page","type-page","status-publish","has-post-thumbnail","hentry"],"acf":[],"yoast_head":"<!-- This site is optimized with the Yoast SEO plugin v27.2 - https:\/\/yoast.com\/product\/yoast-seo-wordpress\/ -->\n<title>Samtale med k\u00f8kkenplanl\u00e6gger | Sn\u00eak<\/title>\n<meta name=\"description\" content=\"Boka ett kostnadsfritt startm\u00f6te med v\u00e5ra k\u00f6ksplanerare. F\u00e5 offert, tips och hj\u00e4lp med ditt k\u00f6k.\" \/>\n<meta name=\"robots\" content=\"index, follow, max-snippet:-1, max-image-preview:large, max-video-preview:-1\" \/>\n<link rel=\"canonical\" href=\"https:\/\/www.snek.se\/da\/samtale-kokkenplanlaegger\/\" \/>\n<meta property=\"og:locale\" content=\"da_DK\" \/>\n<meta property=\"og:type\" content=\"article\" \/>\n<meta property=\"og:title\" content=\"Samtale med k\u00f8kkenplanl\u00e6gger | Sn\u00eak\" \/>\n<meta property=\"og:description\" content=\"Boka ett kostnadsfritt startm\u00f6te med v\u00e5ra k\u00f6ksplanerare. F\u00e5 offert, tips och hj\u00e4lp med ditt k\u00f6k.\" \/>\n<meta property=\"og:url\" content=\"https:\/\/www.snek.se\/da\/samtale-kokkenplanlaegger\/\" \/>\n<meta property=\"og:site_name\" content=\"Sn\u00eak\" \/>\n<meta property=\"article:publisher\" content=\"https:\/\/www.facebook.com\/snekkitchens\/\" \/>\n<meta property=\"article:modified_time\" content=\"2026-04-08T16:46:34+00:00\" \/>\n<meta property=\"og:image\" content=\"https:\/\/www.snek.se\/wp-content\/uploads\/2025\/05\/DSC05582-scaled-e1746605219793.jpeg\" \/>\n\t<meta property=\"og:image:width\" content=\"1706\" \/>\n\t<meta property=\"og:image:height\" content=\"1706\" \/>\n\t<meta property=\"og:image:type\" content=\"image\/jpeg\" \/>\n<meta name=\"twitter:card\" content=\"summary_large_image\" \/>\n<meta name=\"twitter:label1\" content=\"Est. reading time\" \/>\n\t<meta name=\"twitter:data1\" content=\"2 minutes\" \/>\n<script type=\"application\/ld+json\" class=\"yoast-schema-graph\">{\"@context\":\"https:\/\/schema.org\",\"@graph\":[{\"@type\":\"WebPage\",\"@id\":\"https:\/\/www.snek.se\/da\/samtale-kokkenplanlaegger\/\",\"url\":\"https:\/\/www.snek.se\/da\/samtale-kokkenplanlaegger\/\",\"name\":\"Samtale med k\u00f8kkenplanl\u00e6gger | Sn\u00eak\",\"isPartOf\":{\"@id\":\"https:\/\/www.snek.se\/da\/#website\"},\"primaryImageOfPage\":{\"@id\":\"https:\/\/www.snek.se\/da\/samtale-kokkenplanlaegger\/#primaryimage\"},\"image\":{\"@id\":\"https:\/\/www.snek.se\/da\/samtale-kokkenplanlaegger\/#primaryimage\"},\"thumbnailUrl\":\"https:\/\/www.snek.se\/wp-content\/uploads\/2025\/05\/DSC05582-scaled-e1746605219793.jpeg\",\"datePublished\":\"2026-04-08T16:46:33+00:00\",\"dateModified\":\"2026-04-08T16:46:34+00:00\",\"description\":\"Boka ett kostnadsfritt startm\u00f6te med v\u00e5ra k\u00f6ksplanerare. F\u00e5 offert, tips och hj\u00e4lp med ditt k\u00f6k.\",\"breadcrumb\":{\"@id\":\"https:\/\/www.snek.se\/da\/samtale-kokkenplanlaegger\/#breadcrumb\"},\"inLanguage\":\"da-DK\",\"potentialAction\":[{\"@type\":\"ReadAction\",\"target\":[\"https:\/\/www.snek.se\/da\/samtale-kokkenplanlaegger\/\"]}]},{\"@type\":\"ImageObject\",\"inLanguage\":\"da-DK\",\"@id\":\"https:\/\/www.snek.se\/da\/samtale-kokkenplanlaegger\/#primaryimage\",\"url\":\"https:\/\/www.snek.se\/wp-content\/uploads\/2025\/05\/DSC05582-scaled-e1746605219793.jpeg\",\"contentUrl\":\"https:\/\/www.snek.se\/wp-content\/uploads\/2025\/05\/DSC05582-scaled-e1746605219793.jpeg\",\"width\":1706,\"height\":1706},{\"@type\":\"BreadcrumbList\",\"@id\":\"https:\/\/www.snek.se\/da\/samtale-kokkenplanlaegger\/#breadcrumb\",\"itemListElement\":[{\"@type\":\"ListItem\",\"position\":1,\"name\":\"Hem\",\"item\":\"https:\/\/www.snek.se\/da\/\"},{\"@type\":\"ListItem\",\"position\":2,\"name\":\"Samtale med k\u00f8kkenplanl\u00e6gger\"}]},{\"@type\":\"WebSite\",\"@id\":\"https:\/\/www.snek.se\/da\/#website\",\"url\":\"https:\/\/www.snek.se\/da\/\",\"name\":\"Sn\u00eak\",\"description\":\"Snickrade k\u00f6k fr\u00e5n Norrbotten\",\"publisher\":{\"@id\":\"https:\/\/www.snek.se\/da\/#organization\"},\"potentialAction\":[{\"@type\":\"SearchAction\",\"target\":{\"@type\":\"EntryPoint\",\"urlTemplate\":\"https:\/\/www.snek.se\/da\/?s={search_term_string}\"},\"query-input\":{\"@type\":\"PropertyValueSpecification\",\"valueRequired\":true,\"valueName\":\"search_term_string\"}}],\"inLanguage\":\"da-DK\"},{\"@type\":\"Organization\",\"@id\":\"https:\/\/www.snek.se\/da\/#organization\",\"name\":\"Sn\u00eak\",\"url\":\"https:\/\/www.snek.se\/da\/\",\"logo\":{\"@type\":\"ImageObject\",\"inLanguage\":\"da-DK\",\"@id\":\"https:\/\/www.snek.se\/da\/#\/schema\/logo\/image\/\",\"url\":\"https:\/\/www.snek.se\/wp-content\/uploads\/2026\/01\/snek-logotyp-insta-scaled.jpg\",\"contentUrl\":\"https:\/\/www.snek.se\/wp-content\/uploads\/2026\/01\/snek-logotyp-insta-scaled.jpg\",\"width\":2560,\"height\":2560,\"caption\":\"Sn\u00eak\"},\"image\":{\"@id\":\"https:\/\/www.snek.se\/da\/#\/schema\/logo\/image\/\"},\"sameAs\":[\"https:\/\/www.facebook.com\/snekkitchens\/\",\"https:\/\/www.instagram.com\/snek.kok\/\",\"https:\/\/www.linkedin.com\/company\/snek-kok\/\",\"https:\/\/se.pinterest.com\/SnekKitchens\/\",\"https:\/\/www.youtube.com\/channel\/UCT9DWn-4DMpKHHqbRXV4bZQ\/\"]}]}<\/script>\n<!-- \/ Yoast SEO plugin. -->","yoast_head_json":{"title":"Samtale med k\u00f8kkenplanl\u00e6gger | Sn\u00eak","description":"Boka ett kostnadsfritt startm\u00f6te med v\u00e5ra k\u00f6ksplanerare. F\u00e5 offert, tips och hj\u00e4lp med ditt k\u00f6k.","robots":{"index":"index","follow":"follow","max-snippet":"max-snippet:-1","max-image-preview":"max-image-preview:large","max-video-preview":"max-video-preview:-1"},"canonical":"https:\/\/www.snek.se\/da\/samtale-kokkenplanlaegger\/","og_locale":"da_DK","og_type":"article","og_title":"Samtale med k\u00f8kkenplanl\u00e6gger | Sn\u00eak","og_description":"Boka ett kostnadsfritt startm\u00f6te med v\u00e5ra k\u00f6ksplanerare. F\u00e5 offert, tips och hj\u00e4lp med ditt k\u00f6k.","og_url":"https:\/\/www.snek.se\/da\/samtale-kokkenplanlaegger\/","og_site_name":"Sn\u00eak","article_publisher":"https:\/\/www.facebook.com\/snekkitchens\/","article_modified_time":"2026-04-08T16:46:34+00:00","og_image":[{"width":1706,"height":1706,"url":"https:\/\/www.snek.se\/wp-content\/uploads\/2025\/05\/DSC05582-scaled-e1746605219793.jpeg","type":"image\/jpeg"}],"twitter_card":"summary_large_image","twitter_misc":{"Est. reading time":"2 minutes"},"schema":{"@context":"https:\/\/schema.org","@graph":[{"@type":"WebPage","@id":"https:\/\/www.snek.se\/da\/samtale-kokkenplanlaegger\/","url":"https:\/\/www.snek.se\/da\/samtale-kokkenplanlaegger\/","name":"Samtale med k\u00f8kkenplanl\u00e6gger | Sn\u00eak","isPartOf":{"@id":"https:\/\/www.snek.se\/da\/#website"},"primaryImageOfPage":{"@id":"https:\/\/www.snek.se\/da\/samtale-kokkenplanlaegger\/#primaryimage"},"image":{"@id":"https:\/\/www.snek.se\/da\/samtale-kokkenplanlaegger\/#primaryimage"},"thumbnailUrl":"https:\/\/www.snek.se\/wp-content\/uploads\/2025\/05\/DSC05582-scaled-e1746605219793.jpeg","datePublished":"2026-04-08T16:46:33+00:00","dateModified":"2026-04-08T16:46:34+00:00","description":"Boka ett kostnadsfritt startm\u00f6te med v\u00e5ra k\u00f6ksplanerare. F\u00e5 offert, tips och hj\u00e4lp med ditt k\u00f6k.","breadcrumb":{"@id":"https:\/\/www.snek.se\/da\/samtale-kokkenplanlaegger\/#breadcrumb"},"inLanguage":"da-DK","potentialAction":[{"@type":"ReadAction","target":["https:\/\/www.snek.se\/da\/samtale-kokkenplanlaegger\/"]}]},{"@type":"ImageObject","inLanguage":"da-DK","@id":"https:\/\/www.snek.se\/da\/samtale-kokkenplanlaegger\/#primaryimage","url":"https:\/\/www.snek.se\/wp-content\/uploads\/2025\/05\/DSC05582-scaled-e1746605219793.jpeg","contentUrl":"https:\/\/www.snek.se\/wp-content\/uploads\/2025\/05\/DSC05582-scaled-e1746605219793.jpeg","width":1706,"height":1706},{"@type":"BreadcrumbList","@id":"https:\/\/www.snek.se\/da\/samtale-kokkenplanlaegger\/#breadcrumb","itemListElement":[{"@type":"ListItem","position":1,"name":"Hem","item":"https:\/\/www.snek.se\/da\/"},{"@type":"ListItem","position":2,"name":"Samtale med k\u00f8kkenplanl\u00e6gger"}]},{"@type":"WebSite","@id":"https:\/\/www.snek.se\/da\/#website","url":"https:\/\/www.snek.se\/da\/","name":"Sn\u00eak","description":"Snickrade k\u00f6k fr\u00e5n Norrbotten","publisher":{"@id":"https:\/\/www.snek.se\/da\/#organization"},"potentialAction":[{"@type":"SearchAction","target":{"@type":"EntryPoint","urlTemplate":"https:\/\/www.snek.se\/da\/?s={search_term_string}"},"query-input":{"@type":"PropertyValueSpecification","valueRequired":true,"valueName":"search_term_string"}}],"inLanguage":"da-DK"},{"@type":"Organization","@id":"https:\/\/www.snek.se\/da\/#organization","name":"Sn\u00eak","url":"https:\/\/www.snek.se\/da\/","logo":{"@type":"ImageObject","inLanguage":"da-DK","@id":"https:\/\/www.snek.se\/da\/#\/schema\/logo\/image\/","url":"https:\/\/www.snek.se\/wp-content\/uploads\/2026\/01\/snek-logotyp-insta-scaled.jpg","contentUrl":"https:\/\/www.snek.se\/wp-content\/uploads\/2026\/01\/snek-logotyp-insta-scaled.jpg","width":2560,"height":2560,"caption":"Sn\u00eak"},"image":{"@id":"https:\/\/www.snek.se\/da\/#\/schema\/logo\/image\/"},"sameAs":["https:\/\/www.facebook.com\/snekkitchens\/","https:\/\/www.instagram.com\/snek.kok\/","https:\/\/www.linkedin.com\/company\/snek-kok\/","https:\/\/se.pinterest.com\/SnekKitchens\/","https:\/\/www.youtube.com\/channel\/UCT9DWn-4DMpKHHqbRXV4bZQ\/"]}]}},"_links":{"self":[{"href":"https:\/\/www.snek.se\/da\/wp-json\/wp\/v2\/pages\/154837","targetHints":{"allow":["GET"]}}],"collection":[{"href":"https:\/\/www.snek.se\/da\/wp-json\/wp\/v2\/pages"}],"about":[{"href":"https:\/\/www.snek.se\/da\/wp-json\/wp\/v2\/types\/page"}],"replies":[{"embeddable":true,"href":"https:\/\/www.snek.se\/da\/wp-json\/wp\/v2\/comments?post=154837"}],"version-history":[{"count":1,"href":"https:\/\/www.snek.se\/da\/wp-json\/wp\/v2\/pages\/154837\/revisions"}],"predecessor-version":[{"id":154838,"href":"https:\/\/www.snek.se\/da\/wp-json\/wp\/v2\/pages\/154837\/revisions\/154838"}],"wp:featuredmedia":[{"embeddable":true,"href":"https:\/\/www.snek.se\/da\/wp-json\/wp\/v2\/media\/143015"}],"wp:attachment":[{"href":"https:\/\/www.snek.se\/da\/wp-json\/wp\/v2\/media?parent=154837"}],"curies":[{"name":"wp","href":"https:\/\/api.w.org\/{rel}","templated":true}]}}