{"id":154692,"date":"2026-04-08T18:43:48","date_gmt":"2026-04-08T16:43:48","guid":{"rendered":"https:\/\/www.snek.se\/baeredygtighed\/"},"modified":"2026-04-09T07:00:47","modified_gmt":"2026-04-09T05:00:47","slug":"baeredygtighed","status":"publish","type":"page","link":"https:\/\/www.snek.se\/da\/baeredygtighed\/","title":{"rendered":"B\u00e6redygtighed"},"content":{"rendered":"\t\t<div data-elementor-type=\"wp-page\" data-elementor-id=\"154692\" class=\"elementor elementor-154692 elementor-145011\" data-elementor-post-type=\"page\">\n\t\t\t\t<div class=\"elementor-element elementor-element-3d2e43e1 e-flex e-con-boxed e-con e-parent\" data-id=\"3d2e43e1\" data-element_type=\"container\" data-e-type=\"container\">\n\t\t\t\t\t<div class=\"e-con-inner\">\n\t\t\t\t<div class=\"elementor-element elementor-element-5e8f1192 elementor-widget elementor-widget-heading\" data-id=\"5e8f1192\" data-element_type=\"widget\" data-e-type=\"widget\" data-widget_type=\"heading.default\">\n\t\t\t\t<div class=\"elementor-widget-container\">\n\t\t\t\t\t<h1 class=\"elementor-heading-title elementor-size-default\">B\u00e6redygtighed<\/h1>\t\t\t\t<\/div>\n\t\t\t\t<\/div>\n\t\t\t\t<div class=\"elementor-element elementor-element-741d373a elementor-widget__width-initial elementor-widget elementor-widget-text-editor\" data-id=\"741d373a\" data-element_type=\"widget\" data-e-type=\"widget\" data-widget_type=\"text-editor.default\">\n\t\t\t\t<div class=\"elementor-widget-container\">\n\t\t\t\t\t\t\t\t\t<p style=\"text-align: center;\"><span id=\"miro-copy-source--doc\"><\/span>Snedkerk\u00f8kkener fra Norrbotten siger vi, men hvad indeb\u00e6rer det ud fra et b\u00e6redygtighedsperspektiv, og hvad betyder det for vores kunder?<\/p>\t\t\t\t\t\t\t\t<\/div>\n\t\t\t\t<\/div>\n\t\t\t\t<div class=\"elementor-element elementor-element-b610010 elementor-widget__width-initial elementor-widget elementor-widget-text-editor\" data-id=\"b610010\" data-element_type=\"widget\" data-e-type=\"widget\" data-widget_type=\"text-editor.default\">\n\t\t\t\t<div class=\"elementor-widget-container\">\n\t\t\t\t\t\t\t\t\t<p style=\"text-align: center;\"><span id=\"miro-copy-source--doc\"><\/span>Med massivt tr\u00e6, tidl\u00f8se detaljer og materialer, der f\u00e5r lov at \u00e6ldes smukt, bygger vi k\u00f8kkener, der holder. For alvor.<\/p>\t\t\t\t\t\t\t\t<\/div>\n\t\t\t\t<\/div>\n\t\t\t\t\t<\/div>\n\t\t\t\t<\/div>\n\t\t<div class=\"elementor-element elementor-element-3479a6a8 e-flex e-con-boxed e-con e-parent\" data-id=\"3479a6a8\" data-element_type=\"container\" data-e-type=\"container\">\n\t\t\t\t\t<div class=\"e-con-inner\">\n\t\t<div class=\"elementor-element elementor-element-4afafec2 e-con-full e-flex e-con e-child\" data-id=\"4afafec2\" data-element_type=\"container\" data-e-type=\"container\" data-settings=\"{&quot;background_background&quot;:&quot;classic&quot;}\">\n\t\t\t\t<div class=\"elementor-element elementor-element-44f911c9 elementor-widget elementor-widget-heading\" data-id=\"44f911c9\" data-element_type=\"widget\" data-e-type=\"widget\" data-widget_type=\"heading.default\">\n\t\t\t\t<div class=\"elementor-widget-container\">\n\t\t\t\t\t<h2 class=\"elementor-heading-title elementor-size-default\">\u00c6gte b\u00e6redygtighed<\/h2>\t\t\t\t<\/div>\n\t\t\t\t<\/div>\n\t\t\t\t<div class=\"elementor-element elementor-element-67fe6fd3 elementor-widget elementor-widget-text-editor\" data-id=\"67fe6fd3\" data-element_type=\"widget\" data-e-type=\"widget\" data-widget_type=\"text-editor.default\">\n\t\t\t\t<div class=\"elementor-widget-container\">\n\t\t\t\t\t\t\t\t\t<p>Sn\u00eak leverer kundetilpassede k\u00f8kkener og indretninger af h\u00f8jeste kvalitet og lang holdbarhed, som g\u00f8r, at det f\u00f8les godt for b\u00e5de os og vores kunder.<br \/><br \/>Siden starten i 2019 bruger vi massivt tr\u00e6 i vores produktion i T\u00f6refors.<br \/><br \/>Sn\u00eaks arbejde for b\u00e6redygtighed omfatter hele vores virksomhed, alt fra valg af samarbejdspartnere, produktion til leverancer. Fra f\u00f8rste kundekontakt dokumenteres alt, og alle priser vises under designprocessen, helt transparent.<br \/><br \/>K\u00f8kkener og indretninger produceres af Sn\u00eak ved hj\u00e6lp af vores unikke digitale platform for design og dokumentation, der s\u00e6tter vores kunders behov og kvalitetssikring i f\u00f8rste r\u00e6kke. Platformen, som vi selv ejer, bruges til kommunikation, design og produktion og skaber uendelige muligheder for vores kunder samt minimerer spild og udledninger fra produktionen.<br \/><br \/>Alt vi producerer sker if\u00f8lge aftale i forbindelse med levering med kundens unikke m\u00e5l og design.<br \/><br \/>Hos Sn\u00eak produceres alt if\u00f8lge aftale og i forbindelse med levering, med kundens unikke m\u00e5l og design \u2013 intet pr\u00e6fabrikeres!<\/p>\t\t\t\t\t\t\t\t<\/div>\n\t\t\t\t<\/div>\n\t\t\t\t<\/div>\n\t\t<div class=\"elementor-element elementor-element-2bb7f3af e-con-full e-flex e-con e-child\" data-id=\"2bb7f3af\" data-element_type=\"container\" data-e-type=\"container\" data-settings=\"{&quot;background_background&quot;:&quot;classic&quot;}\">\n\t\t\t\t<div class=\"elementor-element elementor-element-72ab51ba elementor-widget elementor-widget-spacer\" data-id=\"72ab51ba\" data-element_type=\"widget\" data-e-type=\"widget\" data-widget_type=\"spacer.default\">\n\t\t\t\t<div class=\"elementor-widget-container\">\n\t\t\t\t\t\t\t<div class=\"elementor-spacer\">\n\t\t\t<div class=\"elementor-spacer-inner\"><\/div>\n\t\t<\/div>\n\t\t\t\t\t\t<\/div>\n\t\t\t\t<\/div>\n\t\t\t\t<\/div>\n\t\t\t\t\t<\/div>\n\t\t\t\t<\/div>\n\t\t<div class=\"elementor-element elementor-element-970f55a e-flex e-con-boxed e-con e-parent\" data-id=\"970f55a\" data-element_type=\"container\" data-e-type=\"container\">\n\t\t\t\t\t<div class=\"e-con-inner\">\n\t\t\t\t<div class=\"elementor-element elementor-element-f2d5e48 elementor-widget elementor-widget-heading\" data-id=\"f2d5e48\" data-element_type=\"widget\" data-e-type=\"widget\" data-widget_type=\"heading.default\">\n\t\t\t\t<div class=\"elementor-widget-container\">\n\t\t\t\t\t<h3 class=\"elementor-heading-title elementor-size-default\">Gennemt\u00e6nkte valg \u2013 hele veje<\/h3>\t\t\t\t<\/div>\n\t\t\t\t<\/div>\n\t\t\t\t<div class=\"elementor-element elementor-element-e547a73 elementor-widget__width-initial elementor-widget elementor-widget-text-editor\" data-id=\"e547a73\" data-element_type=\"widget\" data-e-type=\"widget\" data-widget_type=\"text-editor.default\">\n\t\t\t\t<div class=\"elementor-widget-container\">\n\t\t\t\t\t\t\t\t\t<p>Sn\u00eak k\u00f8ber varer fra samarbejdspartnere, der tager et aktivt ansvar for b\u00e6redygtighed og milj\u00f8. Tr\u00e6r\u00e5varerne, vi k\u00f8ber, produceres if\u00f8lge EU&#8217;s retningslinjer for b\u00e6redygtigt skovbrug.<br \/><br \/>Tr\u00e6affald bruges til produktion af tr\u00e6piller, som vi derefter k\u00f8ber tilbage for sammen med n\u00e6rvarme at bruges til at opvarme vores produktionsanl\u00e6g.<br \/><br \/>Vores arbejdsmetode reducerer behovet for rejser drastisk, da kundem\u00f8der i vid udstr\u00e6kning foreg\u00e5r digitalt. Rejser, der er n\u00f8dvendige, sker p\u00e5 en m\u00e5de, der minimerer udledninger. Levering til kunden sker i samarbejde med BDX, der tager ansvar for at mindske klimaaftrykket af sine transporter.<\/p>\t\t\t\t\t\t\t\t<\/div>\n\t\t\t\t<\/div>\n\t\t\t\t\t<\/div>\n\t\t\t\t<\/div>\n\t\t<div class=\"elementor-element elementor-element-ddc04ce e-flex e-con-boxed e-con e-parent\" data-id=\"ddc04ce\" data-element_type=\"container\" data-e-type=\"container\">\n\t\t\t\t\t<div class=\"e-con-inner\">\n\t\t<div class=\"elementor-element elementor-element-a163cb0 e-con-full e-flex e-con e-child\" data-id=\"a163cb0\" data-element_type=\"container\" data-e-type=\"container\" data-settings=\"{&quot;background_background&quot;:&quot;classic&quot;}\">\n\t\t\t\t<div class=\"elementor-element elementor-element-8e49bfe elementor-widget elementor-widget-heading\" data-id=\"8e49bfe\" data-element_type=\"widget\" data-e-type=\"widget\" data-widget_type=\"heading.default\">\n\t\t\t\t<div class=\"elementor-widget-container\">\n\t\t\t\t\t<h4 class=\"elementor-heading-title elementor-size-default\">Plockhugget<\/h4>\t\t\t\t<\/div>\n\t\t\t\t<\/div>\n\t\t\t\t<div class=\"elementor-element elementor-element-67e9d09 elementor-widget elementor-widget-text-editor\" data-id=\"67e9d09\" data-element_type=\"widget\" data-e-type=\"widget\" data-widget_type=\"text-editor.default\">\n\t\t\t\t<div class=\"elementor-widget-container\">\n\t\t\t\t\t\t\t\t\t<p>Vores samarbejde med Plockhugget er en m\u00e5de for os at tage aktivt ansvar for Sveriges skove \u2013 i dag og i morgen. Samarbejdet indeb\u00e6rer, at vi leverer alt med certifikat for hugstfri r\u00e5vare.<\/p>\t\t\t\t\t\t\t\t<\/div>\n\t\t\t\t<\/div>\n\t\t\t\t<div class=\"elementor-element elementor-element-b6666b6 elementor-widget elementor-widget-html\" data-id=\"b6666b6\" data-element_type=\"widget\" data-e-type=\"widget\" data-widget_type=\"html.default\">\n\t\t\t\t<div class=\"elementor-widget-container\">\n\t\t\t\t\t<a href=\"https:\/\/plockhugget.se\/\">    <button class=\"bracket-button-w\">    Plockhugget.se\n    <\/button><\/a>\t\t\t\t<\/div>\n\t\t\t\t<\/div>\n\t\t\t\t<div class=\"elementor-element elementor-element-a153227 elementor-widget elementor-widget-html\" data-id=\"a153227\" data-element_type=\"widget\" data-e-type=\"widget\" data-widget_type=\"html.default\">\n\t\t\t\t<div class=\"elementor-widget-container\">\n\t\t\t\t\t<a href=\"https:\/\/www.snek.se\/plockhugget\/\">    <button class=\"bracket-button-w\">        L\u00e4s mer\n    <\/button><\/a>\t\t\t\t<\/div>\n\t\t\t\t<\/div>\n\t\t\t\t<\/div>\n\t\t<div class=\"elementor-element elementor-element-55fb7b7 e-con-full e-flex e-con e-child\" data-id=\"55fb7b7\" data-element_type=\"container\" data-e-type=\"container\" data-settings=\"{&quot;background_background&quot;:&quot;classic&quot;}\">\n\t\t\t\t<div class=\"elementor-element elementor-element-db3bb3d elementor-widget elementor-widget-spacer\" data-id=\"db3bb3d\" data-element_type=\"widget\" data-e-type=\"widget\" data-widget_type=\"spacer.default\">\n\t\t\t\t<div class=\"elementor-widget-container\">\n\t\t\t\t\t\t\t<div class=\"elementor-spacer\">\n\t\t\t<div class=\"elementor-spacer-inner\"><\/div>\n\t\t<\/div>\n\t\t\t\t\t\t<\/div>\n\t\t\t\t<\/div>\n\t\t\t\t<\/div>\n\t\t\t\t\t<\/div>\n\t\t\t\t<\/div>\n\t\t\t\t<\/div>\n\t\t","protected":false},"excerpt":{"rendered":"<p>B\u00e6redygtighed Snedkererede k\u00f8kkener fra Norrbotten s\u00e4ger vi, men vad inneb\u00e4r d\u00e5 det utifr\u00e5n ett h\u00e5llbarhetsperspektiv och vad inneb\u00e4r det f\u00f6r v\u00e5ra kunder? Med massivt tr\u00e6, tidl\u00f8se detaljer og materialer, der f\u00e5r lov at \u00e6ldes smukt, bygger vi k\u00f8kkener, der holder. For alvor. B\u00e6redygtighed p\u00e5 riktigt Sn\u00eak levererar kundanpassade k\u00f6k och inredningar av h\u00f6gsta kvalitet och [&hellip;]<\/p>\n","protected":false},"author":0,"featured_media":145029,"parent":0,"menu_order":0,"comment_status":"closed","ping_status":"closed","template":"elementor_canvas","meta":{"_acf_changed":false,"footnotes":""},"class_list":["post-154692","page","type-page","status-publish","has-post-thumbnail","hentry"],"acf":[],"yoast_head":"<!-- This site is optimized with the Yoast SEO plugin v27.2 - https:\/\/yoast.com\/product\/yoast-seo-wordpress\/ -->\n<title>B\u00e6redygtighed | Sn\u00eak<\/title>\n<meta name=\"description\" content=\"Vi bygger k\u00f6k i massivt tr\u00e4 med h\u00e5llbara material och genomt\u00e4nkta val. Certifierad tr\u00e4vara genom Plockhugget.\" \/>\n<meta name=\"robots\" content=\"index, follow, max-snippet:-1, max-image-preview:large, max-video-preview:-1\" \/>\n<link rel=\"canonical\" href=\"https:\/\/www.snek.se\/da\/baeredygtighed\/\" \/>\n<meta property=\"og:locale\" content=\"da_DK\" \/>\n<meta property=\"og:type\" content=\"article\" \/>\n<meta property=\"og:title\" content=\"B\u00e6redygtighed | Sn\u00eak\" \/>\n<meta property=\"og:description\" content=\"Vi bygger k\u00f6k i massivt tr\u00e4 med h\u00e5llbara material och genomt\u00e4nkta val. Certifierad tr\u00e4vara genom Plockhugget.\" \/>\n<meta property=\"og:url\" content=\"https:\/\/www.snek.se\/da\/baeredygtighed\/\" \/>\n<meta property=\"og:site_name\" content=\"Sn\u00eak\" \/>\n<meta property=\"article:publisher\" content=\"https:\/\/www.facebook.com\/snekkitchens\/\" \/>\n<meta property=\"article:modified_time\" content=\"2026-04-09T05:00:47+00:00\" \/>\n<meta property=\"og:image\" content=\"https:\/\/www.snek.se\/wp-content\/uploads\/2025\/07\/DSC6018.jpg\" \/>\n\t<meta property=\"og:image:width\" content=\"1366\" \/>\n\t<meta property=\"og:image:height\" content=\"2048\" \/>\n\t<meta property=\"og:image:type\" content=\"image\/jpeg\" \/>\n<meta name=\"twitter:card\" content=\"summary_large_image\" \/>\n<meta name=\"twitter:label1\" content=\"Est. reading time\" \/>\n\t<meta name=\"twitter:data1\" content=\"2 minutes\" \/>\n<script type=\"application\/ld+json\" class=\"yoast-schema-graph\">{\"@context\":\"https:\/\/schema.org\",\"@graph\":[{\"@type\":\"WebPage\",\"@id\":\"https:\/\/www.snek.se\/da\/baeredygtighed\/\",\"url\":\"https:\/\/www.snek.se\/da\/baeredygtighed\/\",\"name\":\"B\u00e6redygtighed | Sn\u00eak\",\"isPartOf\":{\"@id\":\"https:\/\/www.snek.se\/da\/#website\"},\"primaryImageOfPage\":{\"@id\":\"https:\/\/www.snek.se\/da\/baeredygtighed\/#primaryimage\"},\"image\":{\"@id\":\"https:\/\/www.snek.se\/da\/baeredygtighed\/#primaryimage\"},\"thumbnailUrl\":\"https:\/\/www.snek.se\/wp-content\/uploads\/2025\/07\/DSC6018.jpg\",\"datePublished\":\"2026-04-08T16:43:48+00:00\",\"dateModified\":\"2026-04-09T05:00:47+00:00\",\"description\":\"Vi bygger k\u00f6k i massivt tr\u00e4 med h\u00e5llbara material och genomt\u00e4nkta val. Certifierad tr\u00e4vara genom Plockhugget.\",\"breadcrumb\":{\"@id\":\"https:\/\/www.snek.se\/da\/baeredygtighed\/#breadcrumb\"},\"inLanguage\":\"da-DK\",\"potentialAction\":[{\"@type\":\"ReadAction\",\"target\":[\"https:\/\/www.snek.se\/da\/baeredygtighed\/\"]}]},{\"@type\":\"ImageObject\",\"inLanguage\":\"da-DK\",\"@id\":\"https:\/\/www.snek.se\/da\/baeredygtighed\/#primaryimage\",\"url\":\"https:\/\/www.snek.se\/wp-content\/uploads\/2025\/07\/DSC6018.jpg\",\"contentUrl\":\"https:\/\/www.snek.se\/wp-content\/uploads\/2025\/07\/DSC6018.jpg\",\"width\":1366,\"height\":2048},{\"@type\":\"BreadcrumbList\",\"@id\":\"https:\/\/www.snek.se\/da\/baeredygtighed\/#breadcrumb\",\"itemListElement\":[{\"@type\":\"ListItem\",\"position\":1,\"name\":\"Hem\",\"item\":\"https:\/\/www.snek.se\/da\/\"},{\"@type\":\"ListItem\",\"position\":2,\"name\":\"B\u00e6redygtighed\"}]},{\"@type\":\"WebSite\",\"@id\":\"https:\/\/www.snek.se\/da\/#website\",\"url\":\"https:\/\/www.snek.se\/da\/\",\"name\":\"Sn\u00eak\",\"description\":\"H\u00e5ndlavede k\u00f8kkener fra Norrbotten\",\"publisher\":{\"@id\":\"https:\/\/www.snek.se\/da\/#organization\"},\"potentialAction\":[{\"@type\":\"SearchAction\",\"target\":{\"@type\":\"EntryPoint\",\"urlTemplate\":\"https:\/\/www.snek.se\/da\/?s={search_term_string}\"},\"query-input\":{\"@type\":\"PropertyValueSpecification\",\"valueRequired\":true,\"valueName\":\"search_term_string\"}}],\"inLanguage\":\"da-DK\"},{\"@type\":\"Organization\",\"@id\":\"https:\/\/www.snek.se\/da\/#organization\",\"name\":\"Sn\u00eak\",\"url\":\"https:\/\/www.snek.se\/da\/\",\"logo\":{\"@type\":\"ImageObject\",\"inLanguage\":\"da-DK\",\"@id\":\"https:\/\/www.snek.se\/da\/#\/schema\/logo\/image\/\",\"url\":\"https:\/\/www.snek.se\/wp-content\/uploads\/2026\/01\/snek-logotyp-insta-scaled.jpg\",\"contentUrl\":\"https:\/\/www.snek.se\/wp-content\/uploads\/2026\/01\/snek-logotyp-insta-scaled.jpg\",\"width\":2560,\"height\":2560,\"caption\":\"Sn\u00eak\"},\"image\":{\"@id\":\"https:\/\/www.snek.se\/da\/#\/schema\/logo\/image\/\"},\"sameAs\":[\"https:\/\/www.facebook.com\/snekkitchens\/\",\"https:\/\/www.instagram.com\/snek.kok\/\",\"https:\/\/www.linkedin.com\/company\/snek-kok\/\",\"https:\/\/se.pinterest.com\/SnekKitchens\/\",\"https:\/\/www.youtube.com\/channel\/UCT9DWn-4DMpKHHqbRXV4bZQ\/\"]}]}<\/script>\n<!-- \/ Yoast SEO plugin. -->","yoast_head_json":{"title":"B\u00e6redygtighed | Sn\u00eak","description":"Vi bygger k\u00f6k i massivt tr\u00e4 med h\u00e5llbara material och genomt\u00e4nkta val. Certifierad tr\u00e4vara genom Plockhugget.","robots":{"index":"index","follow":"follow","max-snippet":"max-snippet:-1","max-image-preview":"max-image-preview:large","max-video-preview":"max-video-preview:-1"},"canonical":"https:\/\/www.snek.se\/da\/baeredygtighed\/","og_locale":"da_DK","og_type":"article","og_title":"B\u00e6redygtighed | Sn\u00eak","og_description":"Vi bygger k\u00f6k i massivt tr\u00e4 med h\u00e5llbara material och genomt\u00e4nkta val. Certifierad tr\u00e4vara genom Plockhugget.","og_url":"https:\/\/www.snek.se\/da\/baeredygtighed\/","og_site_name":"Sn\u00eak","article_publisher":"https:\/\/www.facebook.com\/snekkitchens\/","article_modified_time":"2026-04-09T05:00:47+00:00","og_image":[{"width":1366,"height":2048,"url":"https:\/\/www.snek.se\/wp-content\/uploads\/2025\/07\/DSC6018.jpg","type":"image\/jpeg"}],"twitter_card":"summary_large_image","twitter_misc":{"Est. reading time":"2 minutes"},"schema":{"@context":"https:\/\/schema.org","@graph":[{"@type":"WebPage","@id":"https:\/\/www.snek.se\/da\/baeredygtighed\/","url":"https:\/\/www.snek.se\/da\/baeredygtighed\/","name":"B\u00e6redygtighed | Sn\u00eak","isPartOf":{"@id":"https:\/\/www.snek.se\/da\/#website"},"primaryImageOfPage":{"@id":"https:\/\/www.snek.se\/da\/baeredygtighed\/#primaryimage"},"image":{"@id":"https:\/\/www.snek.se\/da\/baeredygtighed\/#primaryimage"},"thumbnailUrl":"https:\/\/www.snek.se\/wp-content\/uploads\/2025\/07\/DSC6018.jpg","datePublished":"2026-04-08T16:43:48+00:00","dateModified":"2026-04-09T05:00:47+00:00","description":"Vi bygger k\u00f6k i massivt tr\u00e4 med h\u00e5llbara material och genomt\u00e4nkta val. Certifierad tr\u00e4vara genom Plockhugget.","breadcrumb":{"@id":"https:\/\/www.snek.se\/da\/baeredygtighed\/#breadcrumb"},"inLanguage":"da-DK","potentialAction":[{"@type":"ReadAction","target":["https:\/\/www.snek.se\/da\/baeredygtighed\/"]}]},{"@type":"ImageObject","inLanguage":"da-DK","@id":"https:\/\/www.snek.se\/da\/baeredygtighed\/#primaryimage","url":"https:\/\/www.snek.se\/wp-content\/uploads\/2025\/07\/DSC6018.jpg","contentUrl":"https:\/\/www.snek.se\/wp-content\/uploads\/2025\/07\/DSC6018.jpg","width":1366,"height":2048},{"@type":"BreadcrumbList","@id":"https:\/\/www.snek.se\/da\/baeredygtighed\/#breadcrumb","itemListElement":[{"@type":"ListItem","position":1,"name":"Hem","item":"https:\/\/www.snek.se\/da\/"},{"@type":"ListItem","position":2,"name":"B\u00e6redygtighed"}]},{"@type":"WebSite","@id":"https:\/\/www.snek.se\/da\/#website","url":"https:\/\/www.snek.se\/da\/","name":"Sn\u00eak","description":"H\u00e5ndlavede k\u00f8kkener fra Norrbotten","publisher":{"@id":"https:\/\/www.snek.se\/da\/#organization"},"potentialAction":[{"@type":"SearchAction","target":{"@type":"EntryPoint","urlTemplate":"https:\/\/www.snek.se\/da\/?s={search_term_string}"},"query-input":{"@type":"PropertyValueSpecification","valueRequired":true,"valueName":"search_term_string"}}],"inLanguage":"da-DK"},{"@type":"Organization","@id":"https:\/\/www.snek.se\/da\/#organization","name":"Sn\u00eak","url":"https:\/\/www.snek.se\/da\/","logo":{"@type":"ImageObject","inLanguage":"da-DK","@id":"https:\/\/www.snek.se\/da\/#\/schema\/logo\/image\/","url":"https:\/\/www.snek.se\/wp-content\/uploads\/2026\/01\/snek-logotyp-insta-scaled.jpg","contentUrl":"https:\/\/www.snek.se\/wp-content\/uploads\/2026\/01\/snek-logotyp-insta-scaled.jpg","width":2560,"height":2560,"caption":"Sn\u00eak"},"image":{"@id":"https:\/\/www.snek.se\/da\/#\/schema\/logo\/image\/"},"sameAs":["https:\/\/www.facebook.com\/snekkitchens\/","https:\/\/www.instagram.com\/snek.kok\/","https:\/\/www.linkedin.com\/company\/snek-kok\/","https:\/\/se.pinterest.com\/SnekKitchens\/","https:\/\/www.youtube.com\/channel\/UCT9DWn-4DMpKHHqbRXV4bZQ\/"]}]}},"_links":{"self":[{"href":"https:\/\/www.snek.se\/da\/wp-json\/wp\/v2\/pages\/154692","targetHints":{"allow":["GET"]}}],"collection":[{"href":"https:\/\/www.snek.se\/da\/wp-json\/wp\/v2\/pages"}],"about":[{"href":"https:\/\/www.snek.se\/da\/wp-json\/wp\/v2\/types\/page"}],"replies":[{"embeddable":true,"href":"https:\/\/www.snek.se\/da\/wp-json\/wp\/v2\/comments?post=154692"}],"version-history":[{"count":4,"href":"https:\/\/www.snek.se\/da\/wp-json\/wp\/v2\/pages\/154692\/revisions"}],"predecessor-version":[{"id":156259,"href":"https:\/\/www.snek.se\/da\/wp-json\/wp\/v2\/pages\/154692\/revisions\/156259"}],"wp:featuredmedia":[{"embeddable":true,"href":"https:\/\/www.snek.se\/da\/wp-json\/wp\/v2\/media\/145029"}],"wp:attachment":[{"href":"https:\/\/www.snek.se\/da\/wp-json\/wp\/v2\/media?parent=154692"}],"curies":[{"name":"wp","href":"https:\/\/api.w.org\/{rel}","templated":true}]}}