{"id":154672,"date":"2026-04-08T18:43:46","date_gmt":"2026-04-08T16:43:46","guid":{"rendered":"https:\/\/www.snek.se\/cookiepolitik\/"},"modified":"2026-04-09T07:00:44","modified_gmt":"2026-04-09T05:00:44","slug":"cookiepolitik","status":"publish","type":"page","link":"https:\/\/www.snek.se\/da\/cookiepolitik\/","title":{"rendered":"Cookiepolitik"},"content":{"rendered":"\t\t<div data-elementor-type=\"wp-page\" data-elementor-id=\"154672\" class=\"elementor elementor-154672 elementor-940\" data-elementor-post-type=\"page\">\n\t\t\t\t<div class=\"elementor-element elementor-element-3ae7bb29 e-flex e-con-boxed e-con e-parent\" data-id=\"3ae7bb29\" data-element_type=\"container\" data-e-type=\"container\">\n\t\t\t\t\t<div class=\"e-con-inner\">\n\t\t<div class=\"elementor-element elementor-element-2ba5174 e-con-full e-flex e-con e-child\" data-id=\"2ba5174\" data-element_type=\"container\" data-e-type=\"container\">\n\t\t\t\t<div class=\"elementor-element elementor-element-6e9cad9 elementor-widget elementor-widget-heading\" data-id=\"6e9cad9\" data-element_type=\"widget\" data-e-type=\"widget\" data-widget_type=\"heading.default\">\n\t\t\t\t<div class=\"elementor-widget-container\">\n\t\t\t\t\t<h1 class=\"elementor-heading-title elementor-size-default\">Cookiepolitik<\/h1>\t\t\t\t<\/div>\n\t\t\t\t<\/div>\n\t\t\t\t<div class=\"elementor-element elementor-element-a08cb9c elementor-widget__width-initial elementor-widget elementor-widget-text-editor\" data-id=\"a08cb9c\" data-element_type=\"widget\" data-e-type=\"widget\" data-widget_type=\"text-editor.default\">\n\t\t\t\t<div class=\"elementor-widget-container\">\n\t\t\t\t\t\t\t\t\t<h2 style=\"text-align: center;\">Que sont les cookies ?<\/h2><p style=\"text-align: center;\">Les cookies sont de petits fichiers texte enregistr\u00e9s par votre navigateur p\u00e5 din dator, mobiltelefon eller annan enhet n\u00e4r du bes\u00f6ker en webbplats. De anv\u00e4nds for at forb\u00e4ttra anv\u00e4ndarupplevelsen, anpassa inneh\u00e5ll og samla in statistik om bes\u00f6ket.<\/p><p style=\"text-align: left;\">\u00a0<\/p>\t\t\t\t\t\t\t\t<\/div>\n\t\t\t\t<\/div>\n\t\t\t\t<\/div>\n\t\t\t\t\t<\/div>\n\t\t\t\t<\/div>\n\t\t<div class=\"elementor-element elementor-element-f79cd59 e-flex e-con-boxed e-con e-parent\" data-id=\"f79cd59\" data-element_type=\"container\" data-e-type=\"container\" data-settings=\"{&quot;background_background&quot;:&quot;classic&quot;}\">\n\t\t\t\t\t<div class=\"e-con-inner\">\n\t\t\t\t<div class=\"elementor-element elementor-element-85613ea elementor-widget__width-initial elementor-widget elementor-widget-text-editor\" data-id=\"85613ea\" data-element_type=\"widget\" data-e-type=\"widget\" data-widget_type=\"text-editor.default\">\n\t\t\t\t<div class=\"elementor-widget-container\">\n\t\t\t\t\t\t\t\t\t<p><span id=\"miro-copy-source--doc\"><\/span>Types de cookies que nous utilisons<\/p>\t\t\t\t\t\t\t\t<\/div>\n\t\t\t\t<\/div>\n\t\t\t\t<div class=\"elementor-element elementor-element-4b1be62 elementor-widget__width-initial elementor-widget elementor-widget-text-editor\" data-id=\"4b1be62\" data-element_type=\"widget\" data-e-type=\"widget\" data-widget_type=\"text-editor.default\">\n\t\t\t\t<div class=\"elementor-widget-container\">\n\t\t\t\t\t\t\t\t\t<p>Hos Sn\u00eak Aktiebolag bruger vi cookies til at forbedre hjemmesidens ydeevne og brugervenlighed, g\u00f8re sider hurtigere at indl\u00e6se, vise relevant indhold og markedsf\u00f8ring samt indsamle anonym statistik om brugeradf\u00e6rd.<br data-start=\"321\" data-end=\"324\" \/>Hvis du ikke \u00f8nsker, at cookies bruges, kan du deaktivere dem i din browsers indstillinger og slette allerede gemte cookies.<\/p>\t\t\t\t\t\t\t\t<\/div>\n\t\t\t\t<\/div>\n\t\t\t\t\t<\/div>\n\t\t\t\t<\/div>\n\t\t<div class=\"elementor-element elementor-element-539f60e e-flex e-con-boxed e-con e-parent\" data-id=\"539f60e\" data-element_type=\"container\" data-e-type=\"container\">\n\t\t\t\t\t<div class=\"e-con-inner\">\n\t\t<div class=\"elementor-element elementor-element-ec682a3 e-con-full e-flex e-con e-child\" data-id=\"ec682a3\" data-element_type=\"container\" data-e-type=\"container\">\n\t\t\t\t<div class=\"elementor-element elementor-element-827ff75 elementor-widget elementor-widget-heading\" data-id=\"827ff75\" data-element_type=\"widget\" data-e-type=\"widget\" data-widget_type=\"heading.default\">\n\t\t\t\t<div class=\"elementor-widget-container\">\n\t\t\t\t\t<h2 class=\"elementor-heading-title elementor-size-default\">1. Strengt n\u00f8dvendige cookies<\/h2>\t\t\t\t<\/div>\n\t\t\t\t<\/div>\n\t\t\t\t<div class=\"elementor-element elementor-element-0893a58 elementor-widget elementor-widget-text-editor\" data-id=\"0893a58\" data-element_type=\"widget\" data-e-type=\"widget\" data-widget_type=\"text-editor.default\">\n\t\t\t\t<div class=\"elementor-widget-container\">\n\t\t\t\t\t\t\t\t\t<p>Ces cookies sont n\u00e9cessaires au bon fonctionnement du site og kan ikke st\u00e4ngas av i v\u00e5ra system. De anv\u00e4nds t.ex. for at spara inst\u00e4llningar og hantera formul\u00e4rinmatning.<\/p><p><strong>Exempel p\u00e5 cookies:<\/strong><br class=\"soft-break\" \/>\u2013 Cloudflare<br class=\"soft-break\" \/>\u2013 WordPressee<\/p><p>Om du blockerar dessa cookies kan vissa delar av webbplatsen sluta fungera.<\/p>\t\t\t\t\t\t\t\t<\/div>\n\t\t\t\t<\/div>\n\t\t\t\t<\/div>\n\t\t<div class=\"elementor-element elementor-element-7911658 e-con-full e-flex e-con e-child\" data-id=\"7911658\" data-element_type=\"container\" data-e-type=\"container\">\n\t\t\t\t<div class=\"elementor-element elementor-element-40e5d3a elementor-widget elementor-widget-heading\" data-id=\"40e5d3a\" data-element_type=\"widget\" data-e-type=\"widget\" data-widget_type=\"heading.default\">\n\t\t\t\t<div class=\"elementor-widget-container\">\n\t\t\t\t\t<h2 class=\"elementor-heading-title elementor-size-default\">2. Analysecookies<\/h2>\t\t\t\t<\/div>\n\t\t\t\t<\/div>\n\t\t\t\t<div class=\"elementor-element elementor-element-e3ee85b elementor-widget elementor-widget-text-editor\" data-id=\"e3ee85b\" data-element_type=\"widget\" data-e-type=\"widget\" data-widget_type=\"text-editor.default\">\n\t\t\t\t<div class=\"elementor-widget-container\">\n\t\t\t\t\t\t\t\t\t<p>Les cookies analytiques nous aident \u00e0 comprendre comment les visiteurs utilisent le site, s\u00e5 at vi kan forb\u00e4ttra struktur og inneh\u00e5ll. All information \u00e4r anonymiserad.<\/p><p><strong>Anv\u00e4nds via:<\/strong><br class=\"soft-break\" \/>\u2013 Google Analytics<\/p>\t\t\t\t\t\t\t\t<\/div>\n\t\t\t\t<\/div>\n\t\t\t\t<\/div>\n\t\t\t\t\t<\/div>\n\t\t\t\t<\/div>\n\t\t<div class=\"elementor-element elementor-element-a9cfff5 e-flex e-con-boxed e-con e-parent\" data-id=\"a9cfff5\" data-element_type=\"container\" data-e-type=\"container\">\n\t\t\t\t\t<div class=\"e-con-inner\">\n\t\t<div class=\"elementor-element elementor-element-fd01e7d e-con-full e-flex e-con e-child\" data-id=\"fd01e7d\" data-element_type=\"container\" data-e-type=\"container\">\n\t\t\t\t<div class=\"elementor-element elementor-element-5416800 elementor-widget elementor-widget-heading\" data-id=\"5416800\" data-element_type=\"widget\" data-e-type=\"widget\" data-widget_type=\"heading.default\">\n\t\t\t\t<div class=\"elementor-widget-container\">\n\t\t\t\t\t<h2 class=\"elementor-heading-title elementor-size-default\">3. Reklamecookies<\/h2>\t\t\t\t<\/div>\n\t\t\t\t<\/div>\n\t\t\t\t<div class=\"elementor-element elementor-element-b2df223 elementor-widget elementor-widget-text-editor\" data-id=\"b2df223\" data-element_type=\"widget\" data-e-type=\"widget\" data-widget_type=\"text-editor.default\">\n\t\t\t\t<div class=\"elementor-widget-container\">\n\t\t\t\t\t\t\t\t\t<p>Ces cookies sont utilis\u00e9s par nos partenaires pour afficher des publicit\u00e9s pertinentes p\u00e5 andra webbplatser. De bygger en profil utifra din aktivitet, men inneh\u00e5ller ikke identifierande information.<\/p><p><strong>Anv\u00e4nds via:<\/strong><br class=\"soft-break\" \/>\u2013 Meta bussines suit<\/p><p>Du kan n\u00e4r som helst v\u00e4lja at blockera dessa cookies via webbl\u00e4sarens inst\u00e4llningar.<\/p>\t\t\t\t\t\t\t\t<\/div>\n\t\t\t\t<\/div>\n\t\t\t\t<\/div>\n\t\t<div class=\"elementor-element elementor-element-67e5490 e-con-full elementor-hidden-mobile elementor-hidden-tablet e-flex e-con e-child\" data-id=\"67e5490\" data-element_type=\"container\" data-e-type=\"container\">\n\t\t\t\t<div class=\"elementor-element elementor-element-f0536a0 elementor-view-default elementor-widget elementor-widget-icon\" data-id=\"f0536a0\" data-element_type=\"widget\" data-e-type=\"widget\" data-widget_type=\"icon.default\">\n\t\t\t\t<div class=\"elementor-widget-container\">\n\t\t\t\t\t\t\t<div class=\"elementor-icon-wrapper\">\n\t\t\t<div class=\"elementor-icon\">\n\t\t\t<svg aria-hidden=\"true\" class=\"e-font-icon-svg e-fas-cookie-bite\" viewBox=\"0 0 512 512\" xmlns=\"http:\/\/www.w3.org\/2000\/svg\"><path d=\"M510.52 255.82c-69.97-.85-126.47-57.69-126.47-127.86-70.17 0-127-56.49-127.86-126.45-27.26-4.14-55.13.3-79.72 12.82l-69.13 35.22a132.221 132.221 0 0 0-57.79 57.81l-35.1 68.88a132.645 132.645 0 0 0-12.82 80.95l12.08 76.27a132.521 132.521 0 0 0 37.16 72.96l54.77 54.76a132.036 132.036 0 0 0 72.71 37.06l76.71 12.15c27.51 4.36 55.7-.11 80.53-12.76l69.13-35.21a132.273 132.273 0 0 0 57.79-57.81l35.1-68.88c12.56-24.64 17.01-52.58 12.91-79.91zM176 368c-17.67 0-32-14.33-32-32s14.33-32 32-32 32 14.33 32 32-14.33 32-32 32zm32-160c-17.67 0-32-14.33-32-32s14.33-32 32-32 32 14.33 32 32-14.33 32-32 32zm160 128c-17.67 0-32-14.33-32-32s14.33-32 32-32 32 14.33 32 32-14.33 32-32 32z\"><\/path><\/svg>\t\t\t<\/div>\n\t\t<\/div>\n\t\t\t\t\t\t<\/div>\n\t\t\t\t<\/div>\n\t\t\t\t<\/div>\n\t\t\t\t\t<\/div>\n\t\t\t\t<\/div>\n\t\t<div class=\"elementor-element elementor-element-3cb326e e-flex e-con-boxed e-con e-parent\" data-id=\"3cb326e\" data-element_type=\"container\" data-e-type=\"container\">\n\t\t\t\t\t<div class=\"e-con-inner\">\n\t\t<div class=\"elementor-element elementor-element-449016a e-con-full e-flex e-con e-child\" data-id=\"449016a\" data-element_type=\"container\" data-e-type=\"container\">\n\t\t\t\t<div class=\"elementor-element elementor-element-b40b0f9 elementor-widget elementor-widget-heading\" data-id=\"b40b0f9\" data-element_type=\"widget\" data-e-type=\"widget\" data-widget_type=\"heading.default\">\n\t\t\t\t<div class=\"elementor-widget-container\">\n\t\t\t\t\t<h2 class=\"elementor-heading-title elementor-size-default\">Teknisk information der indsamles<\/h2>\t\t\t\t<\/div>\n\t\t\t\t<\/div>\n\t\t\t\t<div class=\"elementor-element elementor-element-e59c6c2 elementor-widget elementor-widget-text-editor\" data-id=\"e59c6c2\" data-element_type=\"widget\" data-e-type=\"widget\" data-widget_type=\"text-editor.default\">\n\t\t\t\t<div class=\"elementor-widget-container\">\n\t\t\t\t\t\t\t\t\t<p>N\u00e5r du bes\u00f8ger vores hjemmeside, kan vi midlertidigt gemme teknisk information som:<\/p><ul><li>IP-adresse<\/li><li>Operativsystem og browsertype<\/li><li>Bes\u00f8gets tidspunkt og varighed<\/li><li>Hvilken side du kom fra<\/li><li>Klik- og bes\u00f8gshistorik<\/li><\/ul><p>Disse oplysninger bruges udelukkende i anonymiseret form til at forbedre hjemmesidens indhold og funktionalitet. Alle data sendes og gemmes via <strong>krypterede forbindelser<\/strong> og deles ikke med uvedkommende.<\/p>\t\t\t\t\t\t\t\t<\/div>\n\t\t\t\t<\/div>\n\t\t\t\t<\/div>\n\t\t<div class=\"elementor-element elementor-element-77ea984 e-con-full e-flex e-con e-child\" data-id=\"77ea984\" data-element_type=\"container\" data-e-type=\"container\">\n\t\t\t\t<div class=\"elementor-element elementor-element-396531e elementor-widget elementor-widget-heading\" data-id=\"396531e\" data-element_type=\"widget\" data-e-type=\"widget\" data-widget_type=\"heading.default\">\n\t\t\t\t<div class=\"elementor-widget-container\">\n\t\t\t\t\t<h2 class=\"elementor-heading-title elementor-size-default\">Samtykke og indstillinger<\/h2>\t\t\t\t<\/div>\n\t\t\t\t<\/div>\n\t\t\t\t<div class=\"elementor-element elementor-element-50cfb53 elementor-widget elementor-widget-text-editor\" data-id=\"50cfb53\" data-element_type=\"widget\" data-e-type=\"widget\" data-widget_type=\"text-editor.default\">\n\t\t\t\t<div class=\"elementor-widget-container\">\n\t\t\t\t\t\t\t\t\t<p>Ved at bruge vores hjemmeside og have cookies aktiveret i din browser, samtykker du til, at vi bruger cookies i henhold til denne politik.<\/p><p>Hvis du ikke accepterer brug af cookies, kan du:<\/p><ul><li>Justere indstillingerne i din browser for at afvise eller begr\u00e6nse cookies<\/li><li>Slette eksisterende cookies fra din enhed<\/li><li>Aktivere advarsler, f\u00f8r cookies gemmes<\/li><\/ul><p>Se din browsers hj\u00e6lpesektion eller leverand\u00f8rens instruktioner for mere information om, hvordan du h\u00e5ndterer cookies.<\/p>\t\t\t\t\t\t\t\t<\/div>\n\t\t\t\t<\/div>\n\t\t\t\t<\/div>\n\t\t\t\t\t<\/div>\n\t\t\t\t<\/div>\n\t\t<div class=\"elementor-element elementor-element-4554b0e e-flex e-con-boxed e-con e-parent\" data-id=\"4554b0e\" data-element_type=\"container\" data-e-type=\"container\" data-settings=\"{&quot;background_background&quot;:&quot;classic&quot;}\">\n\t\t\t\t\t<div class=\"e-con-inner\">\n\t\t\t\t<div class=\"elementor-element elementor-element-e0abea8 elementor-widget elementor-widget-heading\" data-id=\"e0abea8\" data-element_type=\"widget\" data-e-type=\"widget\" data-widget_type=\"heading.default\">\n\t\t\t\t<div class=\"elementor-widget-container\">\n\t\t\t\t\t<h2 class=\"elementor-heading-title elementor-size-default\">Sp\u00f8rgsm\u00e5l og kontakt<\/h2>\t\t\t\t<\/div>\n\t\t\t\t<\/div>\n\t\t\t\t<div class=\"elementor-element elementor-element-78dac5c elementor-widget elementor-widget-text-editor\" data-id=\"78dac5c\" data-element_type=\"widget\" data-e-type=\"widget\" data-widget_type=\"text-editor.default\">\n\t\t\t\t<div class=\"elementor-widget-container\">\n\t\t\t\t\t\t\t\t\t<p>Har du sp\u00f8rgsm\u00e5l om, hvordan vi bruger cookies eller behandler personoplysninger?<\/p>\t\t\t\t\t\t\t\t<\/div>\n\t\t\t\t<\/div>\n\t\t<div class=\"elementor-element elementor-element-6875ebd e-grid e-con-full e-con e-child\" data-id=\"6875ebd\" data-element_type=\"container\" data-e-type=\"container\">\n\t\t\t\t<div class=\"elementor-element elementor-element-a619cd1 elementor-widget elementor-widget-html\" data-id=\"a619cd1\" data-element_type=\"widget\" data-e-type=\"widget\" data-widget_type=\"html.default\">\n\t\t\t\t<div class=\"elementor-widget-container\">\n\t\t\t\t\t<a href=\"https:\/\/www.snek.se\/integritetspolicy\/\" style=\"text-decoration: none;\">\n    <button class=\"bracket-button-w\">\n    Privatlivspolitik\n    <\/button>\n<\/a>\t\t\t\t<\/div>\n\t\t\t\t<\/div>\n\t\t\t\t<div class=\"elementor-element elementor-element-cbf9524 elementor-widget elementor-widget-html\" data-id=\"cbf9524\" data-element_type=\"widget\" data-e-type=\"widget\" data-widget_type=\"html.default\">\n\t\t\t\t<div class=\"elementor-widget-container\">\n\t\t\t\t\t<a href=\"https:\/\/www.snek.se\/kontakt\/\" style=\"text-decoration: none;\">\n    <button class=\"bracket-button-w\">\n        Kontakt os\n    <\/button>\n<\/a>\t\t\t\t<\/div>\n\t\t\t\t<\/div>\n\t\t\t\t<\/div>\n\t\t\t\t\t<\/div>\n\t\t\t\t<\/div>\n\t\t\t\t<\/div>\n\t\t","protected":false},"excerpt":{"rendered":"<p>Cookiepolitik Hvad er cookies? Cookies \u00e4r sm\u00e5 textfiler som sparas av din webbl\u00e4sare p\u00e5 din dator, mobiltelefon eller annan enhet n\u00e4r du bes\u00f6ker en webbplats. De anv\u00e4nds f\u00f6r att f\u00f6rb\u00e4ttra anv\u00e4ndarupplevelsen, anpassa inneh\u00e5ll och samla in statistik om bes\u00f6ket. \u00a0 Typer av cookies vi anv\u00e4nder Hos Sn\u00eak Aktiebolag bruger vi cookies til at forbedre hjemmesidens [&hellip;]<\/p>\n","protected":false},"author":0,"featured_media":141723,"parent":0,"menu_order":0,"comment_status":"closed","ping_status":"closed","template":"elementor_canvas","meta":{"_acf_changed":false,"footnotes":""},"class_list":["post-154672","page","type-page","status-publish","has-post-thumbnail","hentry"],"acf":[],"yoast_head":"<!-- This site is optimized with the Yoast SEO plugin v27.2 - https:\/\/yoast.com\/product\/yoast-seo-wordpress\/ -->\n<title>Cookiepolitik | Sn\u00eak<\/title>\n<meta name=\"description\" content=\"Information om hvordan Sn\u00eak bruger cookies p\u00e5 hjemmesiden. Typer av cookies och dina valm\u00f6jligheter.\" \/>\n<meta name=\"robots\" content=\"index, follow, max-snippet:-1, max-image-preview:large, max-video-preview:-1\" \/>\n<link rel=\"canonical\" href=\"https:\/\/www.snek.se\/da\/cookiepolitik\/\" \/>\n<meta property=\"og:locale\" content=\"da_DK\" \/>\n<meta property=\"og:type\" content=\"article\" \/>\n<meta property=\"og:title\" content=\"Cookiepolitik | Sn\u00eak\" \/>\n<meta property=\"og:description\" content=\"Information om hvordan Sn\u00eak bruger cookies p\u00e5 hjemmesiden. Typer av cookies och dina valm\u00f6jligheter.\" \/>\n<meta property=\"og:url\" content=\"https:\/\/www.snek.se\/da\/cookiepolitik\/\" \/>\n<meta property=\"og:site_name\" content=\"Sn\u00eak\" \/>\n<meta property=\"article:publisher\" content=\"https:\/\/www.facebook.com\/snekkitchens\/\" \/>\n<meta property=\"article:modified_time\" content=\"2026-04-09T05:00:44+00:00\" \/>\n<meta property=\"og:image\" content=\"https:\/\/www.snek.se\/wp-content\/uploads\/2024\/12\/Erika_Aberg_web-05.jpg\" \/>\n\t<meta property=\"og:image:width\" content=\"768\" \/>\n\t<meta property=\"og:image:height\" content=\"1024\" \/>\n\t<meta property=\"og:image:type\" content=\"image\/jpeg\" \/>\n<meta name=\"twitter:card\" content=\"summary_large_image\" \/>\n<meta name=\"twitter:label1\" content=\"Est. reading time\" \/>\n\t<meta name=\"twitter:data1\" content=\"2 minutes\" \/>\n<script type=\"application\/ld+json\" class=\"yoast-schema-graph\">{\"@context\":\"https:\/\/schema.org\",\"@graph\":[{\"@type\":\"WebPage\",\"@id\":\"https:\/\/www.snek.se\/da\/cookiepolitik\/\",\"url\":\"https:\/\/www.snek.se\/da\/cookiepolitik\/\",\"name\":\"Cookiepolitik | Sn\u00eak\",\"isPartOf\":{\"@id\":\"https:\/\/www.snek.se\/da\/#website\"},\"primaryImageOfPage\":{\"@id\":\"https:\/\/www.snek.se\/da\/cookiepolitik\/#primaryimage\"},\"image\":{\"@id\":\"https:\/\/www.snek.se\/da\/cookiepolitik\/#primaryimage\"},\"thumbnailUrl\":\"https:\/\/www.snek.se\/wp-content\/uploads\/2024\/12\/Erika_Aberg_web-05.jpg\",\"datePublished\":\"2026-04-08T16:43:46+00:00\",\"dateModified\":\"2026-04-09T05:00:44+00:00\",\"description\":\"Information om hvordan Sn\u00eak bruger cookies p\u00e5 hjemmesiden. Typer av cookies och dina valm\u00f6jligheter.\",\"breadcrumb\":{\"@id\":\"https:\/\/www.snek.se\/da\/cookiepolitik\/#breadcrumb\"},\"inLanguage\":\"da-DK\",\"potentialAction\":[{\"@type\":\"ReadAction\",\"target\":[\"https:\/\/www.snek.se\/da\/cookiepolitik\/\"]}]},{\"@type\":\"ImageObject\",\"inLanguage\":\"da-DK\",\"@id\":\"https:\/\/www.snek.se\/da\/cookiepolitik\/#primaryimage\",\"url\":\"https:\/\/www.snek.se\/wp-content\/uploads\/2024\/12\/Erika_Aberg_web-05.jpg\",\"contentUrl\":\"https:\/\/www.snek.se\/wp-content\/uploads\/2024\/12\/Erika_Aberg_web-05.jpg\",\"width\":768,\"height\":1024,\"caption\":\"Praktisk f\u00f6rvaring ovanf\u00f6r arbetsytan.\"},{\"@type\":\"BreadcrumbList\",\"@id\":\"https:\/\/www.snek.se\/da\/cookiepolitik\/#breadcrumb\",\"itemListElement\":[{\"@type\":\"ListItem\",\"position\":1,\"name\":\"Hem\",\"item\":\"https:\/\/www.snek.se\/da\/\"},{\"@type\":\"ListItem\",\"position\":2,\"name\":\"Cookiepolitik\"}]},{\"@type\":\"WebSite\",\"@id\":\"https:\/\/www.snek.se\/da\/#website\",\"url\":\"https:\/\/www.snek.se\/da\/\",\"name\":\"Sn\u00eak\",\"description\":\"H\u00e5ndlavede k\u00f8kkener fra Norrbotten\",\"publisher\":{\"@id\":\"https:\/\/www.snek.se\/da\/#organization\"},\"potentialAction\":[{\"@type\":\"SearchAction\",\"target\":{\"@type\":\"EntryPoint\",\"urlTemplate\":\"https:\/\/www.snek.se\/da\/?s={search_term_string}\"},\"query-input\":{\"@type\":\"PropertyValueSpecification\",\"valueRequired\":true,\"valueName\":\"search_term_string\"}}],\"inLanguage\":\"da-DK\"},{\"@type\":\"Organization\",\"@id\":\"https:\/\/www.snek.se\/da\/#organization\",\"name\":\"Sn\u00eak\",\"url\":\"https:\/\/www.snek.se\/da\/\",\"logo\":{\"@type\":\"ImageObject\",\"inLanguage\":\"da-DK\",\"@id\":\"https:\/\/www.snek.se\/da\/#\/schema\/logo\/image\/\",\"url\":\"https:\/\/www.snek.se\/wp-content\/uploads\/2026\/01\/snek-logotyp-insta-scaled.jpg\",\"contentUrl\":\"https:\/\/www.snek.se\/wp-content\/uploads\/2026\/01\/snek-logotyp-insta-scaled.jpg\",\"width\":2560,\"height\":2560,\"caption\":\"Sn\u00eak\"},\"image\":{\"@id\":\"https:\/\/www.snek.se\/da\/#\/schema\/logo\/image\/\"},\"sameAs\":[\"https:\/\/www.facebook.com\/snekkitchens\/\",\"https:\/\/www.instagram.com\/snek.kok\/\",\"https:\/\/www.linkedin.com\/company\/snek-kok\/\",\"https:\/\/se.pinterest.com\/SnekKitchens\/\",\"https:\/\/www.youtube.com\/channel\/UCT9DWn-4DMpKHHqbRXV4bZQ\/\"]}]}<\/script>\n<!-- \/ Yoast SEO plugin. -->","yoast_head_json":{"title":"Cookiepolitik | Sn\u00eak","description":"Information om hvordan Sn\u00eak bruger cookies p\u00e5 hjemmesiden. Typer av cookies och dina valm\u00f6jligheter.","robots":{"index":"index","follow":"follow","max-snippet":"max-snippet:-1","max-image-preview":"max-image-preview:large","max-video-preview":"max-video-preview:-1"},"canonical":"https:\/\/www.snek.se\/da\/cookiepolitik\/","og_locale":"da_DK","og_type":"article","og_title":"Cookiepolitik | Sn\u00eak","og_description":"Information om hvordan Sn\u00eak bruger cookies p\u00e5 hjemmesiden. Typer av cookies och dina valm\u00f6jligheter.","og_url":"https:\/\/www.snek.se\/da\/cookiepolitik\/","og_site_name":"Sn\u00eak","article_publisher":"https:\/\/www.facebook.com\/snekkitchens\/","article_modified_time":"2026-04-09T05:00:44+00:00","og_image":[{"width":768,"height":1024,"url":"https:\/\/www.snek.se\/wp-content\/uploads\/2024\/12\/Erika_Aberg_web-05.jpg","type":"image\/jpeg"}],"twitter_card":"summary_large_image","twitter_misc":{"Est. reading time":"2 minutes"},"schema":{"@context":"https:\/\/schema.org","@graph":[{"@type":"WebPage","@id":"https:\/\/www.snek.se\/da\/cookiepolitik\/","url":"https:\/\/www.snek.se\/da\/cookiepolitik\/","name":"Cookiepolitik | Sn\u00eak","isPartOf":{"@id":"https:\/\/www.snek.se\/da\/#website"},"primaryImageOfPage":{"@id":"https:\/\/www.snek.se\/da\/cookiepolitik\/#primaryimage"},"image":{"@id":"https:\/\/www.snek.se\/da\/cookiepolitik\/#primaryimage"},"thumbnailUrl":"https:\/\/www.snek.se\/wp-content\/uploads\/2024\/12\/Erika_Aberg_web-05.jpg","datePublished":"2026-04-08T16:43:46+00:00","dateModified":"2026-04-09T05:00:44+00:00","description":"Information om hvordan Sn\u00eak bruger cookies p\u00e5 hjemmesiden. Typer av cookies och dina valm\u00f6jligheter.","breadcrumb":{"@id":"https:\/\/www.snek.se\/da\/cookiepolitik\/#breadcrumb"},"inLanguage":"da-DK","potentialAction":[{"@type":"ReadAction","target":["https:\/\/www.snek.se\/da\/cookiepolitik\/"]}]},{"@type":"ImageObject","inLanguage":"da-DK","@id":"https:\/\/www.snek.se\/da\/cookiepolitik\/#primaryimage","url":"https:\/\/www.snek.se\/wp-content\/uploads\/2024\/12\/Erika_Aberg_web-05.jpg","contentUrl":"https:\/\/www.snek.se\/wp-content\/uploads\/2024\/12\/Erika_Aberg_web-05.jpg","width":768,"height":1024,"caption":"Praktisk f\u00f6rvaring ovanf\u00f6r arbetsytan."},{"@type":"BreadcrumbList","@id":"https:\/\/www.snek.se\/da\/cookiepolitik\/#breadcrumb","itemListElement":[{"@type":"ListItem","position":1,"name":"Hem","item":"https:\/\/www.snek.se\/da\/"},{"@type":"ListItem","position":2,"name":"Cookiepolitik"}]},{"@type":"WebSite","@id":"https:\/\/www.snek.se\/da\/#website","url":"https:\/\/www.snek.se\/da\/","name":"Sn\u00eak","description":"H\u00e5ndlavede k\u00f8kkener fra Norrbotten","publisher":{"@id":"https:\/\/www.snek.se\/da\/#organization"},"potentialAction":[{"@type":"SearchAction","target":{"@type":"EntryPoint","urlTemplate":"https:\/\/www.snek.se\/da\/?s={search_term_string}"},"query-input":{"@type":"PropertyValueSpecification","valueRequired":true,"valueName":"search_term_string"}}],"inLanguage":"da-DK"},{"@type":"Organization","@id":"https:\/\/www.snek.se\/da\/#organization","name":"Sn\u00eak","url":"https:\/\/www.snek.se\/da\/","logo":{"@type":"ImageObject","inLanguage":"da-DK","@id":"https:\/\/www.snek.se\/da\/#\/schema\/logo\/image\/","url":"https:\/\/www.snek.se\/wp-content\/uploads\/2026\/01\/snek-logotyp-insta-scaled.jpg","contentUrl":"https:\/\/www.snek.se\/wp-content\/uploads\/2026\/01\/snek-logotyp-insta-scaled.jpg","width":2560,"height":2560,"caption":"Sn\u00eak"},"image":{"@id":"https:\/\/www.snek.se\/da\/#\/schema\/logo\/image\/"},"sameAs":["https:\/\/www.facebook.com\/snekkitchens\/","https:\/\/www.instagram.com\/snek.kok\/","https:\/\/www.linkedin.com\/company\/snek-kok\/","https:\/\/se.pinterest.com\/SnekKitchens\/","https:\/\/www.youtube.com\/channel\/UCT9DWn-4DMpKHHqbRXV4bZQ\/"]}]}},"_links":{"self":[{"href":"https:\/\/www.snek.se\/da\/wp-json\/wp\/v2\/pages\/154672","targetHints":{"allow":["GET"]}}],"collection":[{"href":"https:\/\/www.snek.se\/da\/wp-json\/wp\/v2\/pages"}],"about":[{"href":"https:\/\/www.snek.se\/da\/wp-json\/wp\/v2\/types\/page"}],"replies":[{"embeddable":true,"href":"https:\/\/www.snek.se\/da\/wp-json\/wp\/v2\/comments?post=154672"}],"version-history":[{"count":4,"href":"https:\/\/www.snek.se\/da\/wp-json\/wp\/v2\/pages\/154672\/revisions"}],"predecessor-version":[{"id":156251,"href":"https:\/\/www.snek.se\/da\/wp-json\/wp\/v2\/pages\/154672\/revisions\/156251"}],"wp:featuredmedia":[{"embeddable":true,"href":"https:\/\/www.snek.se\/da\/wp-json\/wp\/v2\/media\/141723"}],"wp:attachment":[{"href":"https:\/\/www.snek.se\/da\/wp-json\/wp\/v2\/media?parent=154672"}],"curies":[{"name":"wp","href":"https:\/\/api.w.org\/{rel}","templated":true}]}}