{"id":154660,"date":"2026-04-08T18:43:45","date_gmt":"2026-04-08T16:43:45","guid":{"rendered":"https:\/\/www.snek.se\/artikler\/"},"modified":"2026-04-08T18:43:45","modified_gmt":"2026-04-08T16:43:45","slug":"artikler","status":"publish","type":"page","link":"https:\/\/www.snek.se\/da\/artikler\/","title":{"rendered":"Artikler"},"content":{"rendered":"\t\t<div data-elementor-type=\"wp-page\" data-elementor-id=\"154660\" class=\"elementor elementor-154660 elementor-145649\" data-elementor-post-type=\"page\">\n\t\t\t\t<div class=\"elementor-element elementor-element-c9910cc e-flex e-con-boxed e-con e-parent\" data-id=\"c9910cc\" data-element_type=\"container\" data-e-type=\"container\">\n\t\t\t\t\t<div class=\"e-con-inner\">\n\t\t\t\t<div class=\"elementor-element elementor-element-35f681f elementor-widget elementor-widget-heading\" data-id=\"35f681f\" data-element_type=\"widget\" data-e-type=\"widget\" data-widget_type=\"heading.default\">\n\t\t\t\t<div class=\"elementor-widget-container\">\n\t\t\t\t\t<h1 class=\"elementor-heading-title elementor-size-default\">For dig der vil vide mere<\/h1>\t\t\t\t<\/div>\n\t\t\t\t<\/div>\n\t\t\t\t<div class=\"elementor-element elementor-element-1a81a1c elementor-widget__width-initial elementor-widget elementor-widget-text-editor\" data-id=\"1a81a1c\" data-element_type=\"widget\" data-e-type=\"widget\" data-widget_type=\"text-editor.default\">\n\t\t\t\t<div class=\"elementor-widget-container\">\n\t\t\t\t\t\t\t\t\t<div class=\"vc_custom_heading_wrap \"><div class=\"heading-text el-text\">At v\u00e6lge nyt k\u00f8kken er en stor beslutning. Her har vi samlet artikler, guider og inspiration til dig, der vil forst\u00e5 forskelle i materiale, kvalitet og h\u00e5ndv\u00e6rk \u2013 og f\u00e5 hj\u00e6lp til at tr\u00e6ffe et gennemt\u00e6nkt valg til dit k\u00f8kken.<\/div><\/div>\t\t\t\t\t\t\t\t<\/div>\n\t\t\t\t<\/div>\n\t\t\t\t\t<\/div>\n\t\t\t\t<\/div>\n\t\t<div class=\"elementor-element elementor-element-5c02888 e-flex e-con-boxed e-con e-parent\" data-id=\"5c02888\" data-element_type=\"container\" data-e-type=\"container\">\n\t\t\t\t\t<div class=\"e-con-inner\">\n\t\t\t\t<div class=\"elementor-element elementor-element-4825619 elementor-grid-3 elementor-grid-tablet-2 elementor-grid-mobile-1 elementor-widget elementor-widget-loop-grid\" data-id=\"4825619\" data-element_type=\"widget\" data-e-type=\"widget\" data-settings=\"{&quot;template_id&quot;:147587,&quot;pagination_type&quot;:&quot;load_more_infinite_scroll&quot;,&quot;_skin&quot;:&quot;post&quot;,&quot;columns&quot;:&quot;3&quot;,&quot;columns_tablet&quot;:&quot;2&quot;,&quot;columns_mobile&quot;:&quot;1&quot;,&quot;edit_handle_selector&quot;:&quot;[data-elementor-type=\\&quot;loop-item\\&quot;]&quot;,&quot;load_more_spinner&quot;:{&quot;value&quot;:&quot;fas fa-spinner&quot;,&quot;library&quot;:&quot;fa-solid&quot;},&quot;row_gap&quot;:{&quot;unit&quot;:&quot;px&quot;,&quot;size&quot;:&quot;&quot;,&quot;sizes&quot;:[]},&quot;row_gap_tablet&quot;:{&quot;unit&quot;:&quot;px&quot;,&quot;size&quot;:&quot;&quot;,&quot;sizes&quot;:[]},&quot;row_gap_mobile&quot;:{&quot;unit&quot;:&quot;px&quot;,&quot;size&quot;:&quot;&quot;,&quot;sizes&quot;:[]}}\" data-widget_type=\"loop-grid.post\">\n\t\t\t\t<div class=\"elementor-widget-container\">\n\t\t\t\t\t\t\t<div class=\"e-loop-nothing-found-message\">\n\t\t<\/div>\n\t\t\t\t\t\t<\/div>\n\t\t\t\t<\/div>\n\t\t\t\t\t<\/div>\n\t\t\t\t<\/div>\n\t\t\t\t<\/div>\n\t\t","protected":false},"excerpt":{"rendered":"<p>For dig der vil vide mere Att v\u00e4lja nytt k\u00f6k \u00e4r ett stort beslut. H\u00e4r har vi samlat artiklar, guider och inspiration f\u00f6r dig som vill f\u00f6rst\u00e5 skillnader i material, kvalitet och hantverk \u2013 och f\u00e5 hj\u00e4lp att g\u00f6ra ett genomt\u00e4nkt val inf\u00f6r ditt k\u00f6k.<\/p>\n","protected":false},"author":0,"featured_media":142288,"parent":0,"menu_order":0,"comment_status":"closed","ping_status":"closed","template":"elementor_canvas","meta":{"_acf_changed":false,"footnotes":""},"class_list":["post-154660","page","type-page","status-publish","has-post-thumbnail","hentry"],"acf":[],"yoast_head":"<!-- This site is optimized with the Yoast SEO plugin v27.2 - https:\/\/yoast.com\/product\/yoast-seo-wordpress\/ -->\n<title>Artikler | Sn\u00eak<\/title>\n<meta name=\"description\" content=\"Artiklar, guider och inspiration f\u00f6r dig som vill f\u00f6rst\u00e5 skillnader i material, kvalitet och hantverk.\" \/>\n<meta name=\"robots\" content=\"index, follow, max-snippet:-1, max-image-preview:large, max-video-preview:-1\" \/>\n<link rel=\"canonical\" href=\"https:\/\/www.snek.se\/da\/artikler\/\" \/>\n<meta property=\"og:locale\" content=\"da_DK\" \/>\n<meta property=\"og:type\" content=\"article\" \/>\n<meta property=\"og:title\" content=\"Artikler | Sn\u00eak\" \/>\n<meta property=\"og:description\" content=\"Artiklar, guider och inspiration f\u00f6r dig som vill f\u00f6rst\u00e5 skillnader i material, kvalitet och hantverk.\" \/>\n<meta property=\"og:url\" content=\"https:\/\/www.snek.se\/da\/artikler\/\" \/>\n<meta property=\"og:site_name\" content=\"Sn\u00eak\" \/>\n<meta property=\"article:publisher\" content=\"https:\/\/www.facebook.com\/snekkitchens\/\" \/>\n<meta property=\"og:image\" content=\"https:\/\/www.snek.se\/wp-content\/uploads\/2025\/03\/Kok-augusti-99-scaled-e1741945105432.jpg\" \/>\n\t<meta property=\"og:image:width\" content=\"1702\" \/>\n\t<meta property=\"og:image:height\" content=\"1506\" \/>\n\t<meta property=\"og:image:type\" content=\"image\/jpeg\" \/>\n<meta name=\"twitter:card\" content=\"summary_large_image\" \/>\n<meta name=\"twitter:label1\" content=\"Est. reading time\" \/>\n\t<meta name=\"twitter:data1\" content=\"13 minutes\" \/>\n<script type=\"application\/ld+json\" class=\"yoast-schema-graph\">{\"@context\":\"https:\/\/schema.org\",\"@graph\":[{\"@type\":\"WebPage\",\"@id\":\"https:\/\/www.snek.se\/da\/artikler\/\",\"url\":\"https:\/\/www.snek.se\/da\/artikler\/\",\"name\":\"Artikler | Sn\u00eak\",\"isPartOf\":{\"@id\":\"https:\/\/www.snek.se\/da\/#website\"},\"primaryImageOfPage\":{\"@id\":\"https:\/\/www.snek.se\/da\/artikler\/#primaryimage\"},\"image\":{\"@id\":\"https:\/\/www.snek.se\/da\/artikler\/#primaryimage\"},\"thumbnailUrl\":\"https:\/\/www.snek.se\/wp-content\/uploads\/2025\/03\/Kok-augusti-99-scaled-e1741945105432.jpg\",\"datePublished\":\"2026-04-08T16:43:45+00:00\",\"description\":\"Artiklar, guider och inspiration f\u00f6r dig som vill f\u00f6rst\u00e5 skillnader i material, kvalitet och hantverk.\",\"breadcrumb\":{\"@id\":\"https:\/\/www.snek.se\/da\/artikler\/#breadcrumb\"},\"inLanguage\":\"da-DK\",\"potentialAction\":[{\"@type\":\"ReadAction\",\"target\":[\"https:\/\/www.snek.se\/da\/artikler\/\"]}]},{\"@type\":\"ImageObject\",\"inLanguage\":\"da-DK\",\"@id\":\"https:\/\/www.snek.se\/da\/artikler\/#primaryimage\",\"url\":\"https:\/\/www.snek.se\/wp-content\/uploads\/2025\/03\/Kok-augusti-99-scaled-e1741945105432.jpg\",\"contentUrl\":\"https:\/\/www.snek.se\/wp-content\/uploads\/2025\/03\/Kok-augusti-99-scaled-e1741945105432.jpg\",\"width\":1702,\"height\":1506,\"caption\":\"Platsbyggt f\u00f6r passform och helhet.\"},{\"@type\":\"BreadcrumbList\",\"@id\":\"https:\/\/www.snek.se\/da\/artikler\/#breadcrumb\",\"itemListElement\":[{\"@type\":\"ListItem\",\"position\":1,\"name\":\"Hem\",\"item\":\"https:\/\/www.snek.se\/da\/\"},{\"@type\":\"ListItem\",\"position\":2,\"name\":\"Artikler\"}]},{\"@type\":\"WebSite\",\"@id\":\"https:\/\/www.snek.se\/da\/#website\",\"url\":\"https:\/\/www.snek.se\/da\/\",\"name\":\"Sn\u00eak\",\"description\":\"H\u00e5ndlavede k\u00f8kkener fra Norrbotten\",\"publisher\":{\"@id\":\"https:\/\/www.snek.se\/da\/#organization\"},\"potentialAction\":[{\"@type\":\"SearchAction\",\"target\":{\"@type\":\"EntryPoint\",\"urlTemplate\":\"https:\/\/www.snek.se\/da\/?s={search_term_string}\"},\"query-input\":{\"@type\":\"PropertyValueSpecification\",\"valueRequired\":true,\"valueName\":\"search_term_string\"}}],\"inLanguage\":\"da-DK\"},{\"@type\":\"Organization\",\"@id\":\"https:\/\/www.snek.se\/da\/#organization\",\"name\":\"Sn\u00eak\",\"url\":\"https:\/\/www.snek.se\/da\/\",\"logo\":{\"@type\":\"ImageObject\",\"inLanguage\":\"da-DK\",\"@id\":\"https:\/\/www.snek.se\/da\/#\/schema\/logo\/image\/\",\"url\":\"https:\/\/www.snek.se\/wp-content\/uploads\/2026\/01\/snek-logotyp-insta-scaled.jpg\",\"contentUrl\":\"https:\/\/www.snek.se\/wp-content\/uploads\/2026\/01\/snek-logotyp-insta-scaled.jpg\",\"width\":2560,\"height\":2560,\"caption\":\"Sn\u00eak\"},\"image\":{\"@id\":\"https:\/\/www.snek.se\/da\/#\/schema\/logo\/image\/\"},\"sameAs\":[\"https:\/\/www.facebook.com\/snekkitchens\/\",\"https:\/\/www.instagram.com\/snek.kok\/\",\"https:\/\/www.linkedin.com\/company\/snek-kok\/\",\"https:\/\/se.pinterest.com\/SnekKitchens\/\",\"https:\/\/www.youtube.com\/channel\/UCT9DWn-4DMpKHHqbRXV4bZQ\/\"]}]}<\/script>\n<!-- \/ Yoast SEO plugin. -->","yoast_head_json":{"title":"Artikler | Sn\u00eak","description":"Artiklar, guider och inspiration f\u00f6r dig som vill f\u00f6rst\u00e5 skillnader i material, kvalitet och hantverk.","robots":{"index":"index","follow":"follow","max-snippet":"max-snippet:-1","max-image-preview":"max-image-preview:large","max-video-preview":"max-video-preview:-1"},"canonical":"https:\/\/www.snek.se\/da\/artikler\/","og_locale":"da_DK","og_type":"article","og_title":"Artikler | Sn\u00eak","og_description":"Artiklar, guider och inspiration f\u00f6r dig som vill f\u00f6rst\u00e5 skillnader i material, kvalitet och hantverk.","og_url":"https:\/\/www.snek.se\/da\/artikler\/","og_site_name":"Sn\u00eak","article_publisher":"https:\/\/www.facebook.com\/snekkitchens\/","og_image":[{"width":1702,"height":1506,"url":"https:\/\/www.snek.se\/wp-content\/uploads\/2025\/03\/Kok-augusti-99-scaled-e1741945105432.jpg","type":"image\/jpeg"}],"twitter_card":"summary_large_image","twitter_misc":{"Est. reading time":"13 minutes"},"schema":{"@context":"https:\/\/schema.org","@graph":[{"@type":"WebPage","@id":"https:\/\/www.snek.se\/da\/artikler\/","url":"https:\/\/www.snek.se\/da\/artikler\/","name":"Artikler | Sn\u00eak","isPartOf":{"@id":"https:\/\/www.snek.se\/da\/#website"},"primaryImageOfPage":{"@id":"https:\/\/www.snek.se\/da\/artikler\/#primaryimage"},"image":{"@id":"https:\/\/www.snek.se\/da\/artikler\/#primaryimage"},"thumbnailUrl":"https:\/\/www.snek.se\/wp-content\/uploads\/2025\/03\/Kok-augusti-99-scaled-e1741945105432.jpg","datePublished":"2026-04-08T16:43:45+00:00","description":"Artiklar, guider och inspiration f\u00f6r dig som vill f\u00f6rst\u00e5 skillnader i material, kvalitet och hantverk.","breadcrumb":{"@id":"https:\/\/www.snek.se\/da\/artikler\/#breadcrumb"},"inLanguage":"da-DK","potentialAction":[{"@type":"ReadAction","target":["https:\/\/www.snek.se\/da\/artikler\/"]}]},{"@type":"ImageObject","inLanguage":"da-DK","@id":"https:\/\/www.snek.se\/da\/artikler\/#primaryimage","url":"https:\/\/www.snek.se\/wp-content\/uploads\/2025\/03\/Kok-augusti-99-scaled-e1741945105432.jpg","contentUrl":"https:\/\/www.snek.se\/wp-content\/uploads\/2025\/03\/Kok-augusti-99-scaled-e1741945105432.jpg","width":1702,"height":1506,"caption":"Platsbyggt f\u00f6r passform och helhet."},{"@type":"BreadcrumbList","@id":"https:\/\/www.snek.se\/da\/artikler\/#breadcrumb","itemListElement":[{"@type":"ListItem","position":1,"name":"Hem","item":"https:\/\/www.snek.se\/da\/"},{"@type":"ListItem","position":2,"name":"Artikler"}]},{"@type":"WebSite","@id":"https:\/\/www.snek.se\/da\/#website","url":"https:\/\/www.snek.se\/da\/","name":"Sn\u00eak","description":"H\u00e5ndlavede k\u00f8kkener fra Norrbotten","publisher":{"@id":"https:\/\/www.snek.se\/da\/#organization"},"potentialAction":[{"@type":"SearchAction","target":{"@type":"EntryPoint","urlTemplate":"https:\/\/www.snek.se\/da\/?s={search_term_string}"},"query-input":{"@type":"PropertyValueSpecification","valueRequired":true,"valueName":"search_term_string"}}],"inLanguage":"da-DK"},{"@type":"Organization","@id":"https:\/\/www.snek.se\/da\/#organization","name":"Sn\u00eak","url":"https:\/\/www.snek.se\/da\/","logo":{"@type":"ImageObject","inLanguage":"da-DK","@id":"https:\/\/www.snek.se\/da\/#\/schema\/logo\/image\/","url":"https:\/\/www.snek.se\/wp-content\/uploads\/2026\/01\/snek-logotyp-insta-scaled.jpg","contentUrl":"https:\/\/www.snek.se\/wp-content\/uploads\/2026\/01\/snek-logotyp-insta-scaled.jpg","width":2560,"height":2560,"caption":"Sn\u00eak"},"image":{"@id":"https:\/\/www.snek.se\/da\/#\/schema\/logo\/image\/"},"sameAs":["https:\/\/www.facebook.com\/snekkitchens\/","https:\/\/www.instagram.com\/snek.kok\/","https:\/\/www.linkedin.com\/company\/snek-kok\/","https:\/\/se.pinterest.com\/SnekKitchens\/","https:\/\/www.youtube.com\/channel\/UCT9DWn-4DMpKHHqbRXV4bZQ\/"]}]}},"_links":{"self":[{"href":"https:\/\/www.snek.se\/da\/wp-json\/wp\/v2\/pages\/154660","targetHints":{"allow":["GET"]}}],"collection":[{"href":"https:\/\/www.snek.se\/da\/wp-json\/wp\/v2\/pages"}],"about":[{"href":"https:\/\/www.snek.se\/da\/wp-json\/wp\/v2\/types\/page"}],"replies":[{"embeddable":true,"href":"https:\/\/www.snek.se\/da\/wp-json\/wp\/v2\/comments?post=154660"}],"version-history":[{"count":1,"href":"https:\/\/www.snek.se\/da\/wp-json\/wp\/v2\/pages\/154660\/revisions"}],"predecessor-version":[{"id":154661,"href":"https:\/\/www.snek.se\/da\/wp-json\/wp\/v2\/pages\/154660\/revisions\/154661"}],"wp:featuredmedia":[{"embeddable":true,"href":"https:\/\/www.snek.se\/da\/wp-json\/wp\/v2\/media\/142288"}],"wp:attachment":[{"href":"https:\/\/www.snek.se\/da\/wp-json\/wp\/v2\/media?parent=154660"}],"curies":[{"name":"wp","href":"https:\/\/api.w.org\/{rel}","templated":true}]}}